{"id":45249,"date":"2022-02-16T09:58:01","date_gmt":"2022-02-16T09:58:01","guid":{"rendered":"https:\/\/lifenatura.dev.agenciagetdigital.com\/?post_type=product&#038;p=45249"},"modified":"2026-03-20T00:46:09","modified_gmt":"2026-03-20T00:46:09","slug":"mega-d-3-mk-7-lleve-3-pago-2-now","status":"publish","type":"product","link":"https:\/\/www.lifenatura.com\/es\/produto\/mega-d-3-mk-7-lleve-3-pago-2-now\/","title":{"rendered":"Mega D-3 MK-7 Lleve 3 Pago 2 &#8211; Now"},"content":{"rendered":"<h2 style=\"text-align: left;\"><strong>Vitamina D3 y K2 para reforzar los huesos<\/strong><\/h2>\n<p>&nbsp;<\/p>\n<p>Mega D-3 y MK-7 combinan vitaminas D-3 y K-2, dos nutrientes ampliamente investigados por su papel en la salud \u00f3sea, dental y cardiovascular.<\/p>\n<p>La vitamina D-3 trabaja con el calcio para mantener la salud \u00f3sea, y estudios m\u00e1s recientes indican que tambi\u00e9n es importante para la salud del sistema inmunol\u00f3gico.<\/p>\n<p>La vitamina K-2 tambi\u00e9n es importante para una formaci\u00f3n \u00f3sea fuerte y saludable.<\/p>\n<p><strong>PRESENTACI\u00d3N<\/strong><br \/>\n60 c\u00e1psulas.<\/p>\n<p>&nbsp;<\/p>\n","protected":false},"excerpt":{"rendered":"<p>Mega D-3 y MK-7 combinan vitaminas D-3 y K-2, dos nutrientes ampliamente investigados por su papel en la salud \u00f3sea, dental y cardiovascular. [&#8230;]<\/p>\n<p><a class=\"btn btn-secondary understrap-read-more-link\" href=\"https:\/\/www.lifenatura.com\/es\/produto\/mega-d-3-mk-7-lleve-3-pago-2-now\/\">Leer m\u00e1s&#8230;<span class=\"screen-reader-text\"> from Mega D-3 MK-7 Lleve 3 Pago 2 &#8211; Now<\/span><\/a><\/p>\n","protected":false},"featured_media":43687,"template":"","meta":{"_acf_changed":false},"product_brand":[8428],"product_cat":[7276,7207,7883,8013],"product_tag":[],"class_list":{"0":"post-45249","1":"product","2":"type-product","3":"status-publish","4":"has-post-thumbnail","6":"product_brand-now","7":"product_cat-lleve-3-pago-2","8":"product_cat-osteoporosis","9":"product_cat-suplementos-alimenticios","10":"product_cat-vitamina-k-es","12":"first","13":"instock","14":"sale","15":"shipping-taxable","16":"purchasable","17":"product-type-woosb","18":"add-to-wishlist-before_image"},"acf":[],"yoast_head":"<!-- This site is optimized with the Yoast SEO Premium plugin v27.1 (Yoast SEO v27.3) - https:\/\/yoast.com\/product\/yoast-seo-premium-wordpress\/ -->\n<title>Mega D-3 &amp; MK-7 Lleve 3 Pago 2 Now - Lifenatura<\/title>\n<meta name=\"description\" content=\"Mega D-3 y MK-7 combinan vitaminas D-3 y K-2, dos nutrientes ampliamente investigados por su papel en la salud \u00f3sea, dental y cardiovascular.\" \/>\n<meta name=\"robots\" content=\"index, follow, max-snippet:-1, max-image-preview:large, max-video-preview:-1\" \/>\n<link rel=\"canonical\" href=\"https:\/\/www.lifenatura.com\/es\/produto\/mega-d-3-mk-7-lleve-3-pago-2-now\/\" \/>\n<meta property=\"og:locale\" content=\"es_ES\" \/>\n<meta property=\"og:type\" content=\"article\" \/>\n<meta property=\"og:title\" content=\"Mega D-3 MK-7 Lleve 3 Pago 2 - Now - Lifenatura\" \/>\n<meta property=\"og:description\" content=\"Compre aqui o seu Mega D-3 MK-7 Lleve 3 Pago 2 - Now e a Lifenatura Online envia em 48 H com Portes Gratis &gt;35\u20ac de Pedido.\" \/>\n<meta property=\"og:url\" content=\"https:\/\/www.lifenatura.com\/es\/produto\/mega-d-3-mk-7-lleve-3-pago-2-now\/\" \/>\n<meta property=\"og:site_name\" content=\"Lifenatura\" \/>\n<meta property=\"article:publisher\" content=\"https:\/\/www.facebook.com\/lifenatura\" \/>\n<meta property=\"article:modified_time\" content=\"2026-03-20T00:46:09+00:00\" \/>\n<meta property=\"og:image\" content=\"https:\/\/www.lifenatura.com\/wp-content\/uploads\/2022\/02\/mega-d3-mk7-packs-now.jpg\" \/>\n\t<meta property=\"og:image:width\" content=\"1000\" \/>\n\t<meta property=\"og:image:height\" content=\"1000\" \/>\n\t<meta property=\"og:image:type\" content=\"image\/jpeg\" \/>\n<meta name=\"twitter:card\" content=\"summary_large_image\" \/>\n<meta name=\"twitter:label1\" content=\"Precio\" \/>\n\t<meta name=\"twitter:data1\" content=\"0,00&nbsp;&euro;\" \/>\n\t<meta name=\"twitter:label2\" content=\"Disponibilidad\" \/>\n\t<meta name=\"twitter:data2\" content=\"Disponible\" \/>\n<meta property=\"product:price:amount\" content=\"0.00\" \/>\n<meta property=\"product:price:currency\" content=\"EUR\" \/>\n<meta property=\"og:availability\" content=\"instock\" \/>\n<meta property=\"product:availability\" content=\"instock\" \/>\n<meta property=\"product:retailer_item_id\" content=\"7337390038433\" \/>\n<meta property=\"product:condition\" content=\"new\" \/>\n<!-- \/ Yoast SEO Premium plugin. -->","yoast_head_json":{"title":"Mega D-3 & MK-7 Lleve 3 Pago 2 Now - Lifenatura","description":"Mega D-3 y MK-7 combinan vitaminas D-3 y K-2, dos nutrientes ampliamente investigados por su papel en la salud \u00f3sea, dental y cardiovascular.","robots":{"index":"index","follow":"follow","max-snippet":"max-snippet:-1","max-image-preview":"max-image-preview:large","max-video-preview":"max-video-preview:-1"},"canonical":"https:\/\/www.lifenatura.com\/es\/produto\/mega-d-3-mk-7-lleve-3-pago-2-now\/","og_locale":"es_ES","og_type":"article","og_title":"Mega D-3 MK-7 Lleve 3 Pago 2 - Now - Lifenatura","og_description":"Compre aqui o seu Mega D-3 MK-7 Lleve 3 Pago 2 - Now e a Lifenatura Online envia em 48 H com Portes Gratis >35\u20ac de Pedido.","og_url":"https:\/\/www.lifenatura.com\/es\/produto\/mega-d-3-mk-7-lleve-3-pago-2-now\/","og_site_name":"Lifenatura","article_publisher":"https:\/\/www.facebook.com\/lifenatura","article_modified_time":"2026-03-20T00:46:09+00:00","og_image":[{"width":1000,"height":1000,"url":"https:\/\/www.lifenatura.com\/wp-content\/uploads\/2022\/02\/mega-d3-mk7-packs-now.jpg","type":"image\/jpeg"}],"twitter_card":"summary_large_image","twitter_misc":{"Precio":"0,00&nbsp;&euro;","Disponibilidad":"Disponible"},"schema":{"@context":"https:\/\/schema.org","@graph":[{"@type":"WebPage","@id":"https:\/\/www.lifenatura.com\/es\/produto\/mega-d-3-mk-7-lleve-3-pago-2-now\/","url":"https:\/\/www.lifenatura.com\/es\/produto\/mega-d-3-mk-7-lleve-3-pago-2-now\/","name":"Mega D-3 & MK-7 Lleve 3 Pago 2 Now - Lifenatura","isPartOf":{"@id":"https:\/\/www.lifenatura.com\/es\/#website"},"primaryImageOfPage":{"@id":"https:\/\/www.lifenatura.com\/es\/produto\/mega-d-3-mk-7-lleve-3-pago-2-now\/#primaryimage"},"image":{"@id":"https:\/\/www.lifenatura.com\/es\/produto\/mega-d-3-mk-7-lleve-3-pago-2-now\/#primaryimage"},"thumbnailUrl":"https:\/\/www.lifenatura.com\/wp-content\/uploads\/2022\/02\/mega-d3-mk7-packs-now.jpg","datePublished":"2022-02-16T09:58:01+00:00","dateModified":"2026-03-20T00:46:09+00:00","description":"Mega D-3 y MK-7 combinan vitaminas D-3 y K-2, dos nutrientes ampliamente investigados por su papel en la salud \u00f3sea, dental y cardiovascular.","breadcrumb":{"@id":"https:\/\/www.lifenatura.com\/es\/produto\/mega-d-3-mk-7-lleve-3-pago-2-now\/#breadcrumb"},"inLanguage":"es","potentialAction":[{"@type":"ReadAction","target":["https:\/\/www.lifenatura.com\/es\/produto\/mega-d-3-mk-7-lleve-3-pago-2-now\/"]}]},{"@type":"ImageObject","inLanguage":"es","@id":"https:\/\/www.lifenatura.com\/es\/produto\/mega-d-3-mk-7-lleve-3-pago-2-now\/#primaryimage","url":"https:\/\/www.lifenatura.com\/wp-content\/uploads\/2022\/02\/mega-d3-mk7-packs-now.jpg","contentUrl":"https:\/\/www.lifenatura.com\/wp-content\/uploads\/2022\/02\/mega-d3-mk7-packs-now.jpg","width":1000,"height":1000},{"@type":"BreadcrumbList","@id":"https:\/\/www.lifenatura.com\/es\/produto\/mega-d-3-mk-7-lleve-3-pago-2-now\/#breadcrumb","itemListElement":[{"@type":"ListItem","position":1,"name":"In\u00edcio","item":"https:\/\/www.lifenatura.com\/es\/"},{"@type":"ListItem","position":2,"name":"Todos los Productos","item":"https:\/\/www.lifenatura.com\/es\/tienda\/"},{"@type":"ListItem","position":3,"name":"Mega D-3 MK-7 Lleve 3 Pago 2 &#8211; Now"}]},{"@type":"WebSite","@id":"https:\/\/www.lifenatura.com\/es\/#website","url":"https:\/\/www.lifenatura.com\/es\/","name":"Lifenatura","description":"A Lifenatura \u00e9 uma loja de produtos naturais, cosm\u00e9tica natural e alimenta\u00e7\u00e3o Biol\u00f3gica.","publisher":{"@id":"https:\/\/www.lifenatura.com\/es\/#organization"},"potentialAction":[{"@type":"SearchAction","target":{"@type":"EntryPoint","urlTemplate":"https:\/\/www.lifenatura.com\/es\/?s={search_term_string}"},"query-input":{"@type":"PropertyValueSpecification","valueRequired":true,"valueName":"search_term_string"}}],"inLanguage":"es"},{"@type":"Organization","@id":"https:\/\/www.lifenatura.com\/es\/#organization","name":"Lifenatura","url":"https:\/\/www.lifenatura.com\/es\/","logo":{"@type":"ImageObject","inLanguage":"es","@id":"https:\/\/www.lifenatura.com\/es\/#\/schema\/logo\/image\/","url":"https:\/\/www.lifenatura.com\/wp-content\/uploads\/2021\/11\/logo.png","contentUrl":"https:\/\/www.lifenatura.com\/wp-content\/uploads\/2021\/11\/logo.png","width":175,"height":55,"caption":"Lifenatura"},"image":{"@id":"https:\/\/www.lifenatura.com\/es\/#\/schema\/logo\/image\/"},"sameAs":["https:\/\/www.facebook.com\/lifenatura","https:\/\/www.instagram.com\/lifenaturapt\/"]}]},"product_price_amount":"0.00","product_price_currency":"EUR","og_availability":"instock","product_availability":"instock","product_retailer_item_id":"7337390038433","product_condition":"new"},"df_price":"","df_sale_price":89.43,"df_regular_price":131.52,"df_image_link":"https:\/\/www.lifenatura.com\/wp-content\/uploads\/2022\/02\/mega-d3-mk7-packs-now-300x300.jpg","_links":{"self":[{"href":"https:\/\/www.lifenatura.com\/es\/wp-json\/wp\/v2\/product\/45249","targetHints":{"allow":["GET"]}}],"collection":[{"href":"https:\/\/www.lifenatura.com\/es\/wp-json\/wp\/v2\/product"}],"about":[{"href":"https:\/\/www.lifenatura.com\/es\/wp-json\/wp\/v2\/types\/product"}],"wp:featuredmedia":[{"embeddable":true,"href":"https:\/\/www.lifenatura.com\/es\/wp-json\/wp\/v2\/media\/43687"}],"wp:attachment":[{"href":"https:\/\/www.lifenatura.com\/es\/wp-json\/wp\/v2\/media?parent=45249"}],"wp:term":[{"taxonomy":"product_brand","embeddable":true,"href":"https:\/\/www.lifenatura.com\/es\/wp-json\/wp\/v2\/product_brand?post=45249"},{"taxonomy":"product_cat","embeddable":true,"href":"https:\/\/www.lifenatura.com\/es\/wp-json\/wp\/v2\/product_cat?post=45249"},{"taxonomy":"product_tag","embeddable":true,"href":"https:\/\/www.lifenatura.com\/es\/wp-json\/wp\/v2\/product_tag?post=45249"}],"curies":[{"name":"wp","href":"https:\/\/api.w.org\/{rel}","templated":true}]}}