{"id":41550,"date":"2021-09-30T11:00:07","date_gmt":"2021-09-30T11:00:07","guid":{"rendered":"https:\/\/lifenatura.dev.agenciagetdigital.com\/produto\/serum-de-rosto-anti-edad-30-ml-zuccari\/"},"modified":"2022-08-21T15:28:39","modified_gmt":"2022-08-21T15:28:39","slug":"serum-de-rosto-anti-edad-30-ml-zuccari","status":"publish","type":"product","link":"https:\/\/www.lifenatura.com\/es\/produto\/serum-de-rosto-anti-edad-30-ml-zuccari\/","title":{"rendered":"S\u00e9rum de Rosto Anti-Edad 30 ml &#8211; Zuccari"},"content":{"rendered":"<p>Suero antienvejecimiento con aloe vera y \u00e1cido hialur\u00f3nico Anti Aging Serum es un dermocosm\u00e9tico vers\u00e1til que se puede usar solo o como un refuerzo para una hidrataci\u00f3n adicional, como la imprimaci\u00f3n perfecta o incluso como un pretratamiento para optimizar la absorci\u00f3n de los ingredientes activos de los tratamientos posteriores. Este suero es uno de los dermocosm\u00e9ticos de la l\u00ednea antienvejecimiento de Aloe Vera. Esta es la primera l\u00ednea de cuidado facial antienvejecimiento desarrollada sin agua agregada, completamente reemplazada por jugo de Aloe Vera sin pasteurizar, filtrado con carb\u00f3n y sin pasteurizar a trav\u00e9s del proceso ReversOsmose\u00ae. Este suero antiarrugas prepara la piel, suaviza, suaviza e ilumina la piel de la cara. Con aloe vera, \u00e1cido hialur\u00f3nico, coenzima Q10 y col\u00e1geno. PRESENTACI\u00d3N 30 ml.<\/p>\n","protected":false},"excerpt":{"rendered":"<p>Suero antienvejecimiento con aloe vera y \u00e1cido hialur\u00f3nico Anti Aging Serum es un dermocosm\u00e9tico vers\u00e1til que se puede usar solo o como un refuerzo para una hidrataci\u00f3n adicional, como la imprimaci\u00f3n perfecta o incluso como un pretratamiento para optimizar la absorci\u00f3n de los ingredientes activos de los tratamientos posteriores. Este suero es uno de los [&#8230;]<\/p>\n<p><a class=\"btn btn-secondary understrap-read-more-link\" href=\"https:\/\/www.lifenatura.com\/es\/produto\/serum-de-rosto-anti-edad-30-ml-zuccari\/\">Leer m\u00e1s&#8230;<span class=\"screen-reader-text\"> from S\u00e9rum de Rosto Anti-Edad 30 ml &#8211; Zuccari<\/span><\/a><\/p>\n","protected":false},"featured_media":22669,"template":"","meta":{"_acf_changed":false},"product_brand":[8398],"product_cat":[7665,7668,7116,7689,7653,7115,7659],"product_tag":[],"class_list":{"0":"post-41550","1":"product","2":"type-product","3":"status-publish","4":"has-post-thumbnail","6":"product_brand-zuccari","7":"product_cat-acido-hialuronico-bio","8":"product_cat-aloe-vera-bio","9":"product_cat-antiedad","10":"product_cat-colagenio-natural","11":"product_cat-cosmetica-natural-lifenatura","12":"product_cat-cuidado-de-la-cara","13":"product_cat-ingrediente-natural-bio","15":"first","16":"outofstock","17":"shipping-taxable","18":"purchasable","19":"product-type-simple","20":"add-to-wishlist-before_image"},"acf":[],"yoast_head":"<!-- This site is optimized with the Yoast SEO Premium plugin v27.1 (Yoast SEO v27.5) - https:\/\/yoast.com\/product\/yoast-seo-premium-wordpress\/ -->\n<title>S\u00e9rum de Rosto Anti-Edad 30 ml - Zuccari - Na Lifenatura ao Melhor Pre\u00e7o | Envio em 48h<\/title>\n<meta name=\"description\" content=\"Anti Aging Serum es un dermocosm\u00e9tico vers\u00e1til que se puede usar solo o como un refuerzo para una hidrataci\u00f3n adicional, como la imprimaci\u00f3n perfecta o incluso como un pretratamiento para optimizar la absorci\u00f3n de los ingredientes activos de los tratamientos posteriores.\" \/>\n<meta name=\"robots\" content=\"index, follow, max-snippet:-1, max-image-preview:large, max-video-preview:-1\" \/>\n<link rel=\"canonical\" href=\"https:\/\/www.lifenatura.com\/es\/produto\/serum-de-rosto-anti-edad-30-ml-zuccari\/\" \/>\n<meta property=\"og:locale\" content=\"es_ES\" \/>\n<meta property=\"og:type\" content=\"article\" \/>\n<meta property=\"og:title\" content=\"S\u00e9rum de Rosto Anti-Edad 30 ml - Zuccari - Na Lifenatura ao Melhor Pre\u00e7o | Envio 48h\" \/>\n<meta property=\"og:description\" content=\"Compre S\u00e9rum de Rosto Anti-Edad 30 ml - Zuccari com envio r\u00e1pido. Entrega em 48h e portes gr\u00e1tis em compras &gt;35\u20ac. Aproveite j\u00e1 na Lifenatura\" \/>\n<meta property=\"og:url\" content=\"https:\/\/www.lifenatura.com\/es\/produto\/serum-de-rosto-anti-edad-30-ml-zuccari\/\" \/>\n<meta property=\"og:site_name\" content=\"Lifenatura\" \/>\n<meta property=\"article:publisher\" content=\"https:\/\/www.facebook.com\/lifenatura\" \/>\n<meta property=\"article:modified_time\" content=\"2022-08-21T15:28:39+00:00\" \/>\n<meta property=\"og:image\" content=\"https:\/\/www.lifenatura.com\/wp-content\/uploads\/2021\/09\/gd_serum-anti-envelhecimento-30ml-zuccari-80207.jpg\" \/>\n\t<meta property=\"og:image:width\" content=\"1000\" \/>\n\t<meta property=\"og:image:height\" content=\"1000\" \/>\n\t<meta property=\"og:image:type\" content=\"image\/jpeg\" \/>\n<meta name=\"twitter:card\" content=\"summary_large_image\" \/>\n<meta name=\"twitter:label1\" content=\"Precio\" \/>\n\t<meta name=\"twitter:data1\" content=\"31,96&nbsp;&euro;\" \/>\n\t<meta name=\"twitter:label2\" content=\"Disponibilidad\" \/>\n\t<meta name=\"twitter:data2\" content=\"Sin existencias\" \/>\n<script type=\"application\/ld+json\" class=\"yoast-schema-graph\">{\"@context\":\"https:\\\/\\\/schema.org\",\"@graph\":[{\"@type\":\"WebPage\",\"@id\":\"https:\\\/\\\/www.lifenatura.com\\\/es\\\/produto\\\/serum-de-rosto-anti-edad-30-ml-zuccari\\\/\",\"url\":\"https:\\\/\\\/www.lifenatura.com\\\/es\\\/produto\\\/serum-de-rosto-anti-edad-30-ml-zuccari\\\/\",\"name\":\"S\u00e9rum de Rosto Anti-Edad 30 ml - Zuccari - Na Lifenatura ao Melhor Pre\u00e7o | Envio em 48h\",\"isPartOf\":{\"@id\":\"https:\\\/\\\/www.lifenatura.com\\\/es\\\/#website\"},\"primaryImageOfPage\":{\"@id\":\"https:\\\/\\\/www.lifenatura.com\\\/es\\\/produto\\\/serum-de-rosto-anti-edad-30-ml-zuccari\\\/#primaryimage\"},\"image\":{\"@id\":\"https:\\\/\\\/www.lifenatura.com\\\/es\\\/produto\\\/serum-de-rosto-anti-edad-30-ml-zuccari\\\/#primaryimage\"},\"thumbnailUrl\":\"https:\\\/\\\/www.lifenatura.com\\\/wp-content\\\/uploads\\\/2021\\\/09\\\/gd_serum-anti-envelhecimento-30ml-zuccari-80207.jpg\",\"datePublished\":\"2021-09-30T11:00:07+00:00\",\"dateModified\":\"2022-08-21T15:28:39+00:00\",\"description\":\"Anti Aging Serum es un dermocosm\u00e9tico vers\u00e1til que se puede usar solo o como un refuerzo para una hidrataci\u00f3n adicional, como la imprimaci\u00f3n perfecta o incluso como un pretratamiento para optimizar la absorci\u00f3n de los ingredientes activos de los tratamientos posteriores.\",\"breadcrumb\":{\"@id\":\"https:\\\/\\\/www.lifenatura.com\\\/es\\\/produto\\\/serum-de-rosto-anti-edad-30-ml-zuccari\\\/#breadcrumb\"},\"inLanguage\":\"es\",\"potentialAction\":[{\"@type\":\"ReadAction\",\"target\":[\"https:\\\/\\\/www.lifenatura.com\\\/es\\\/produto\\\/serum-de-rosto-anti-edad-30-ml-zuccari\\\/\"]}]},{\"@type\":\"ImageObject\",\"inLanguage\":\"es\",\"@id\":\"https:\\\/\\\/www.lifenatura.com\\\/es\\\/produto\\\/serum-de-rosto-anti-edad-30-ml-zuccari\\\/#primaryimage\",\"url\":\"https:\\\/\\\/www.lifenatura.com\\\/wp-content\\\/uploads\\\/2021\\\/09\\\/gd_serum-anti-envelhecimento-30ml-zuccari-80207.jpg\",\"contentUrl\":\"https:\\\/\\\/www.lifenatura.com\\\/wp-content\\\/uploads\\\/2021\\\/09\\\/gd_serum-anti-envelhecimento-30ml-zuccari-80207.jpg\",\"width\":1000,\"height\":1000,\"caption\":\"S\u00e9rum de Rosto Anti-Edad 30 ml - Zuccari\"},{\"@type\":\"BreadcrumbList\",\"@id\":\"https:\\\/\\\/www.lifenatura.com\\\/es\\\/produto\\\/serum-de-rosto-anti-edad-30-ml-zuccari\\\/#breadcrumb\",\"itemListElement\":[{\"@type\":\"ListItem\",\"position\":1,\"name\":\"In\u00edcio\",\"item\":\"https:\\\/\\\/www.lifenatura.com\\\/es\\\/\"},{\"@type\":\"ListItem\",\"position\":2,\"name\":\"Todos los Productos\",\"item\":\"https:\\\/\\\/www.lifenatura.com\\\/es\\\/tienda\\\/\"},{\"@type\":\"ListItem\",\"position\":3,\"name\":\"S\u00e9rum de Rosto Anti-Edad 30 ml &#8211; Zuccari\"}]},{\"@type\":\"WebSite\",\"@id\":\"https:\\\/\\\/www.lifenatura.com\\\/es\\\/#website\",\"url\":\"https:\\\/\\\/www.lifenatura.com\\\/es\\\/\",\"name\":\"Lifenatura\",\"description\":\"A Lifenatura \u00e9 uma loja de produtos naturais, cosm\u00e9tica natural e alimenta\u00e7\u00e3o Biol\u00f3gica.\",\"publisher\":{\"@id\":\"https:\\\/\\\/www.lifenatura.com\\\/es\\\/#organization\"},\"potentialAction\":[{\"@type\":\"SearchAction\",\"target\":{\"@type\":\"EntryPoint\",\"urlTemplate\":\"https:\\\/\\\/www.lifenatura.com\\\/es\\\/?s={search_term_string}\"},\"query-input\":{\"@type\":\"PropertyValueSpecification\",\"valueRequired\":true,\"valueName\":\"search_term_string\"}}],\"inLanguage\":\"es\"},{\"@type\":\"Organization\",\"@id\":\"https:\\\/\\\/www.lifenatura.com\\\/es\\\/#organization\",\"name\":\"Lifenatura\",\"url\":\"https:\\\/\\\/www.lifenatura.com\\\/es\\\/\",\"logo\":{\"@type\":\"ImageObject\",\"inLanguage\":\"es\",\"@id\":\"https:\\\/\\\/www.lifenatura.com\\\/es\\\/#\\\/schema\\\/logo\\\/image\\\/\",\"url\":\"https:\\\/\\\/www.lifenatura.com\\\/wp-content\\\/uploads\\\/2021\\\/07\\\/logo.png\",\"contentUrl\":\"https:\\\/\\\/www.lifenatura.com\\\/wp-content\\\/uploads\\\/2021\\\/07\\\/logo.png\",\"width\":175,\"height\":55,\"caption\":\"Lifenatura\"},\"image\":{\"@id\":\"https:\\\/\\\/www.lifenatura.com\\\/es\\\/#\\\/schema\\\/logo\\\/image\\\/\"},\"sameAs\":[\"https:\\\/\\\/www.facebook.com\\\/lifenatura\",\"https:\\\/\\\/www.instagram.com\\\/lifenaturapt\\\/\"],\"hasMerchantReturnPolicy\":{\"@type\":\"MerchantReturnPolicy\",\"merchantReturnLink\":\"https:\\\/\\\/www.lifenatura.com\\\/termos-condicoes-lifenatura\\\/\"}}]}<\/script>\n<meta property=\"product:price:amount\" content=\"31.96\" \/>\n<meta property=\"product:price:currency\" content=\"EUR\" \/>\n<meta property=\"og:availability\" content=\"out of stock\" \/>\n<meta property=\"product:availability\" content=\"out of stock\" \/>\n<meta property=\"product:retailer_item_id\" content=\"8026380802074\" \/>\n<meta property=\"product:condition\" content=\"new\" \/>\n<!-- \/ Yoast SEO Premium plugin. -->","yoast_head_json":{"title":"S\u00e9rum de Rosto Anti-Edad 30 ml - Zuccari - Na Lifenatura ao Melhor Pre\u00e7o | Envio em 48h","description":"Anti Aging Serum es un dermocosm\u00e9tico vers\u00e1til que se puede usar solo o como un refuerzo para una hidrataci\u00f3n adicional, como la imprimaci\u00f3n perfecta o incluso como un pretratamiento para optimizar la absorci\u00f3n de los ingredientes activos de los tratamientos posteriores.","robots":{"index":"index","follow":"follow","max-snippet":"max-snippet:-1","max-image-preview":"max-image-preview:large","max-video-preview":"max-video-preview:-1"},"canonical":"https:\/\/www.lifenatura.com\/es\/produto\/serum-de-rosto-anti-edad-30-ml-zuccari\/","og_locale":"es_ES","og_type":"article","og_title":"S\u00e9rum de Rosto Anti-Edad 30 ml - Zuccari - Na Lifenatura ao Melhor Pre\u00e7o | Envio 48h","og_description":"Compre S\u00e9rum de Rosto Anti-Edad 30 ml - Zuccari com envio r\u00e1pido. Entrega em 48h e portes gr\u00e1tis em compras >35\u20ac. Aproveite j\u00e1 na Lifenatura","og_url":"https:\/\/www.lifenatura.com\/es\/produto\/serum-de-rosto-anti-edad-30-ml-zuccari\/","og_site_name":"Lifenatura","article_publisher":"https:\/\/www.facebook.com\/lifenatura","article_modified_time":"2022-08-21T15:28:39+00:00","og_image":[{"width":1000,"height":1000,"url":"https:\/\/www.lifenatura.com\/wp-content\/uploads\/2021\/09\/gd_serum-anti-envelhecimento-30ml-zuccari-80207.jpg","type":"image\/jpeg"}],"twitter_card":"summary_large_image","twitter_misc":{"Precio":"31,96&nbsp;&euro;","Disponibilidad":"Sin existencias"},"schema":{"@context":"https:\/\/schema.org","@graph":[{"@type":"WebPage","@id":"https:\/\/www.lifenatura.com\/es\/produto\/serum-de-rosto-anti-edad-30-ml-zuccari\/","url":"https:\/\/www.lifenatura.com\/es\/produto\/serum-de-rosto-anti-edad-30-ml-zuccari\/","name":"S\u00e9rum de Rosto Anti-Edad 30 ml - Zuccari - Na Lifenatura ao Melhor Pre\u00e7o | Envio em 48h","isPartOf":{"@id":"https:\/\/www.lifenatura.com\/es\/#website"},"primaryImageOfPage":{"@id":"https:\/\/www.lifenatura.com\/es\/produto\/serum-de-rosto-anti-edad-30-ml-zuccari\/#primaryimage"},"image":{"@id":"https:\/\/www.lifenatura.com\/es\/produto\/serum-de-rosto-anti-edad-30-ml-zuccari\/#primaryimage"},"thumbnailUrl":"https:\/\/www.lifenatura.com\/wp-content\/uploads\/2021\/09\/gd_serum-anti-envelhecimento-30ml-zuccari-80207.jpg","datePublished":"2021-09-30T11:00:07+00:00","dateModified":"2022-08-21T15:28:39+00:00","description":"Anti Aging Serum es un dermocosm\u00e9tico vers\u00e1til que se puede usar solo o como un refuerzo para una hidrataci\u00f3n adicional, como la imprimaci\u00f3n perfecta o incluso como un pretratamiento para optimizar la absorci\u00f3n de los ingredientes activos de los tratamientos posteriores.","breadcrumb":{"@id":"https:\/\/www.lifenatura.com\/es\/produto\/serum-de-rosto-anti-edad-30-ml-zuccari\/#breadcrumb"},"inLanguage":"es","potentialAction":[{"@type":"ReadAction","target":["https:\/\/www.lifenatura.com\/es\/produto\/serum-de-rosto-anti-edad-30-ml-zuccari\/"]}]},{"@type":"ImageObject","inLanguage":"es","@id":"https:\/\/www.lifenatura.com\/es\/produto\/serum-de-rosto-anti-edad-30-ml-zuccari\/#primaryimage","url":"https:\/\/www.lifenatura.com\/wp-content\/uploads\/2021\/09\/gd_serum-anti-envelhecimento-30ml-zuccari-80207.jpg","contentUrl":"https:\/\/www.lifenatura.com\/wp-content\/uploads\/2021\/09\/gd_serum-anti-envelhecimento-30ml-zuccari-80207.jpg","width":1000,"height":1000,"caption":"S\u00e9rum de Rosto Anti-Edad 30 ml - Zuccari"},{"@type":"BreadcrumbList","@id":"https:\/\/www.lifenatura.com\/es\/produto\/serum-de-rosto-anti-edad-30-ml-zuccari\/#breadcrumb","itemListElement":[{"@type":"ListItem","position":1,"name":"In\u00edcio","item":"https:\/\/www.lifenatura.com\/es\/"},{"@type":"ListItem","position":2,"name":"Todos los Productos","item":"https:\/\/www.lifenatura.com\/es\/tienda\/"},{"@type":"ListItem","position":3,"name":"S\u00e9rum de Rosto Anti-Edad 30 ml &#8211; Zuccari"}]},{"@type":"WebSite","@id":"https:\/\/www.lifenatura.com\/es\/#website","url":"https:\/\/www.lifenatura.com\/es\/","name":"Lifenatura","description":"A Lifenatura \u00e9 uma loja de produtos naturais, cosm\u00e9tica natural e alimenta\u00e7\u00e3o Biol\u00f3gica.","publisher":{"@id":"https:\/\/www.lifenatura.com\/es\/#organization"},"potentialAction":[{"@type":"SearchAction","target":{"@type":"EntryPoint","urlTemplate":"https:\/\/www.lifenatura.com\/es\/?s={search_term_string}"},"query-input":{"@type":"PropertyValueSpecification","valueRequired":true,"valueName":"search_term_string"}}],"inLanguage":"es"},{"@type":"Organization","@id":"https:\/\/www.lifenatura.com\/es\/#organization","name":"Lifenatura","url":"https:\/\/www.lifenatura.com\/es\/","logo":{"@type":"ImageObject","inLanguage":"es","@id":"https:\/\/www.lifenatura.com\/es\/#\/schema\/logo\/image\/","url":"https:\/\/www.lifenatura.com\/wp-content\/uploads\/2021\/07\/logo.png","contentUrl":"https:\/\/www.lifenatura.com\/wp-content\/uploads\/2021\/07\/logo.png","width":175,"height":55,"caption":"Lifenatura"},"image":{"@id":"https:\/\/www.lifenatura.com\/es\/#\/schema\/logo\/image\/"},"sameAs":["https:\/\/www.facebook.com\/lifenatura","https:\/\/www.instagram.com\/lifenaturapt\/"],"hasMerchantReturnPolicy":{"@type":"MerchantReturnPolicy","merchantReturnLink":"https:\/\/www.lifenatura.com\/termos-condicoes-lifenatura\/"}}]},"product_price_amount":"31.96","product_price_currency":"EUR","og_availability":"out of stock","product_availability":"out of stock","product_retailer_item_id":"8026380802074","product_condition":"new"},"df_price":31.96,"df_sale_price":"","df_regular_price":31.96,"df_image_link":"https:\/\/www.lifenatura.com\/wp-content\/uploads\/2021\/09\/gd_serum-anti-envelhecimento-30ml-zuccari-80207-300x300.jpg","_links":{"self":[{"href":"https:\/\/www.lifenatura.com\/es\/wp-json\/wp\/v2\/product\/41550","targetHints":{"allow":["GET"]}}],"collection":[{"href":"https:\/\/www.lifenatura.com\/es\/wp-json\/wp\/v2\/product"}],"about":[{"href":"https:\/\/www.lifenatura.com\/es\/wp-json\/wp\/v2\/types\/product"}],"wp:featuredmedia":[{"embeddable":true,"href":"https:\/\/www.lifenatura.com\/es\/wp-json\/wp\/v2\/media\/22669"}],"wp:attachment":[{"href":"https:\/\/www.lifenatura.com\/es\/wp-json\/wp\/v2\/media?parent=41550"}],"wp:term":[{"taxonomy":"product_brand","embeddable":true,"href":"https:\/\/www.lifenatura.com\/es\/wp-json\/wp\/v2\/product_brand?post=41550"},{"taxonomy":"product_cat","embeddable":true,"href":"https:\/\/www.lifenatura.com\/es\/wp-json\/wp\/v2\/product_cat?post=41550"},{"taxonomy":"product_tag","embeddable":true,"href":"https:\/\/www.lifenatura.com\/es\/wp-json\/wp\/v2\/product_tag?post=41550"}],"curies":[{"name":"wp","href":"https:\/\/api.w.org\/{rel}","templated":true}]}}