{"id":41534,"date":"2021-09-30T10:59:46","date_gmt":"2021-09-30T10:59:46","guid":{"rendered":"https:\/\/lifenatura.dev.agenciagetdigital.com\/produto\/fordren-acion-depurativa-20-sticks-10-ml-zuccari\/"},"modified":"2022-08-21T15:28:24","modified_gmt":"2022-08-21T15:28:24","slug":"fordren-acion-depurativa-20-sticks-10-ml-zuccari","status":"publish","type":"product","link":"https:\/\/www.lifenatura.com\/es\/produto\/fordren-acion-depurativa-20-sticks-10-ml-zuccari\/","title":{"rendered":"Fordren Aci\u00f3n Depurativa 20 sticks 10 ml &#8211; Zuccari"},"content":{"rendered":"<p>Potente escurridor que define la zona abdominal La acci\u00f3n depurativa de Fordren es un suplemento diet\u00e9tico para la definici\u00f3n del per\u00edmetro abdominal. Su f\u00f3rmula sin agua agregada se basa en el concentrado de d\u00e1tiles, una rica fuente de fibras solubles e insolubles y minerales como el potasio y el cobre, vitaminas como la tiamina, la riboflavina, la niacina, el \u00e1cido f\u00f3lico, la vitamina A y la vitamina K. Tiene un sabor agradable y restaura el equilibrio electrol\u00edtico. PRESENTACI\u00d3N 20 palitos de 10 ml.<\/p>\n","protected":false},"excerpt":{"rendered":"<p>Potente escurridor que define la zona abdominal La acci\u00f3n depurativa de Fordren es un suplemento diet\u00e9tico para la definici\u00f3n del per\u00edmetro abdominal. Su f\u00f3rmula sin agua agregada se basa en el concentrado de d\u00e1tiles, una rica fuente de fibras solubles e insolubles y minerales como el potasio y el cobre, vitaminas como la tiamina, la [&#8230;]<\/p>\n<p><a class=\"btn btn-secondary understrap-read-more-link\" href=\"https:\/\/www.lifenatura.com\/es\/produto\/fordren-acion-depurativa-20-sticks-10-ml-zuccari\/\">Leer m\u00e1s&#8230;<span class=\"screen-reader-text\"> from Fordren Aci\u00f3n Depurativa 20 sticks 10 ml &#8211; Zuccari<\/span><\/a><\/p>\n","protected":false},"featured_media":22653,"template":"","meta":{"_acf_changed":false},"product_brand":[8398],"product_cat":[7190,7677,7156,7193,7659,7179],"product_tag":[],"class_list":{"0":"post-41534","1":"product","2":"type-product","3":"status-publish","4":"has-post-thumbnail","6":"product_brand-zuccari","7":"product_cat-adelgazar","8":"product_cat-cardo-mariano-bio","9":"product_cat-cola-de-caballo","10":"product_cat-drenante-y-detox","11":"product_cat-ingrediente-natural-bio","12":"product_cat-salud","14":"first","15":"instock","16":"shipping-taxable","17":"purchasable","18":"product-type-simple","19":"add-to-wishlist-before_image"},"acf":[],"yoast_head":"<!-- This site is optimized with the Yoast SEO Premium plugin v27.1 (Yoast SEO v27.5) - https:\/\/yoast.com\/product\/yoast-seo-premium-wordpress\/ -->\n<title>Fordren Aci\u00f3n Depurativa 20 sticks 10 ml - Zuccari<\/title>\n<meta name=\"description\" content=\"La acci\u00f3n depurativa de Fordren es un suplemento diet\u00e9tico para la definici\u00f3n del per\u00edmetro abdominal.\" \/>\n<meta name=\"robots\" content=\"index, follow, max-snippet:-1, max-image-preview:large, max-video-preview:-1\" \/>\n<link rel=\"canonical\" href=\"https:\/\/www.lifenatura.com\/es\/produto\/fordren-acion-depurativa-20-sticks-10-ml-zuccari\/\" \/>\n<meta property=\"og:locale\" content=\"es_ES\" \/>\n<meta property=\"og:type\" content=\"article\" \/>\n<meta property=\"og:title\" content=\"Fordren Aci\u00f3n Depurativa 20 sticks 10 ml - Zuccari - Na Lifenatura ao Melhor Pre\u00e7o | Envio 48h\" \/>\n<meta property=\"og:description\" content=\"Compre Fordren Aci\u00f3n Depurativa 20 sticks 10 ml - Zuccari com envio r\u00e1pido. Entrega em 48h e portes gr\u00e1tis em compras &gt;35\u20ac. Aproveite j\u00e1 na Lifenatura\" \/>\n<meta property=\"og:url\" content=\"https:\/\/www.lifenatura.com\/es\/produto\/fordren-acion-depurativa-20-sticks-10-ml-zuccari\/\" \/>\n<meta property=\"og:site_name\" content=\"Lifenatura\" \/>\n<meta property=\"article:publisher\" content=\"https:\/\/www.facebook.com\/lifenatura\" \/>\n<meta property=\"article:modified_time\" content=\"2022-08-21T15:28:24+00:00\" \/>\n<meta property=\"og:image\" content=\"https:\/\/www.lifenatura.com\/wp-content\/uploads\/2021\/09\/gd_fordren-acao-depurativa-saquetas-10ml-zuccari-90005.jpg\" \/>\n\t<meta property=\"og:image:width\" content=\"1000\" \/>\n\t<meta property=\"og:image:height\" content=\"1000\" \/>\n\t<meta property=\"og:image:type\" content=\"image\/jpeg\" \/>\n<meta name=\"twitter:card\" content=\"summary_large_image\" \/>\n<meta name=\"twitter:label1\" content=\"Precio\" \/>\n\t<meta name=\"twitter:data1\" content=\"18,90&nbsp;&euro;\" \/>\n\t<meta name=\"twitter:label2\" content=\"Disponibilidad\" \/>\n\t<meta name=\"twitter:data2\" content=\"Disponible\" \/>\n<script type=\"application\/ld+json\" class=\"yoast-schema-graph\">{\"@context\":\"https:\\\/\\\/schema.org\",\"@graph\":[{\"@type\":\"WebPage\",\"@id\":\"https:\\\/\\\/www.lifenatura.com\\\/es\\\/produto\\\/fordren-acion-depurativa-20-sticks-10-ml-zuccari\\\/\",\"url\":\"https:\\\/\\\/www.lifenatura.com\\\/es\\\/produto\\\/fordren-acion-depurativa-20-sticks-10-ml-zuccari\\\/\",\"name\":\"Fordren Aci\u00f3n Depurativa 20 sticks 10 ml - Zuccari\",\"isPartOf\":{\"@id\":\"https:\\\/\\\/www.lifenatura.com\\\/es\\\/#website\"},\"primaryImageOfPage\":{\"@id\":\"https:\\\/\\\/www.lifenatura.com\\\/es\\\/produto\\\/fordren-acion-depurativa-20-sticks-10-ml-zuccari\\\/#primaryimage\"},\"image\":{\"@id\":\"https:\\\/\\\/www.lifenatura.com\\\/es\\\/produto\\\/fordren-acion-depurativa-20-sticks-10-ml-zuccari\\\/#primaryimage\"},\"thumbnailUrl\":\"https:\\\/\\\/www.lifenatura.com\\\/wp-content\\\/uploads\\\/2021\\\/09\\\/gd_fordren-acao-depurativa-saquetas-10ml-zuccari-90005.jpg\",\"datePublished\":\"2021-09-30T10:59:46+00:00\",\"dateModified\":\"2022-08-21T15:28:24+00:00\",\"description\":\"La acci\u00f3n depurativa de Fordren es un suplemento diet\u00e9tico para la definici\u00f3n del per\u00edmetro abdominal.\",\"breadcrumb\":{\"@id\":\"https:\\\/\\\/www.lifenatura.com\\\/es\\\/produto\\\/fordren-acion-depurativa-20-sticks-10-ml-zuccari\\\/#breadcrumb\"},\"inLanguage\":\"es\",\"potentialAction\":[{\"@type\":\"ReadAction\",\"target\":[\"https:\\\/\\\/www.lifenatura.com\\\/es\\\/produto\\\/fordren-acion-depurativa-20-sticks-10-ml-zuccari\\\/\"]}]},{\"@type\":\"ImageObject\",\"inLanguage\":\"es\",\"@id\":\"https:\\\/\\\/www.lifenatura.com\\\/es\\\/produto\\\/fordren-acion-depurativa-20-sticks-10-ml-zuccari\\\/#primaryimage\",\"url\":\"https:\\\/\\\/www.lifenatura.com\\\/wp-content\\\/uploads\\\/2021\\\/09\\\/gd_fordren-acao-depurativa-saquetas-10ml-zuccari-90005.jpg\",\"contentUrl\":\"https:\\\/\\\/www.lifenatura.com\\\/wp-content\\\/uploads\\\/2021\\\/09\\\/gd_fordren-acao-depurativa-saquetas-10ml-zuccari-90005.jpg\",\"width\":1000,\"height\":1000,\"caption\":\"Fordren Aci\u00f3n Depurativa 20 sticks 10 ml - Zuccari\"},{\"@type\":\"BreadcrumbList\",\"@id\":\"https:\\\/\\\/www.lifenatura.com\\\/es\\\/produto\\\/fordren-acion-depurativa-20-sticks-10-ml-zuccari\\\/#breadcrumb\",\"itemListElement\":[{\"@type\":\"ListItem\",\"position\":1,\"name\":\"In\u00edcio\",\"item\":\"https:\\\/\\\/www.lifenatura.com\\\/es\\\/\"},{\"@type\":\"ListItem\",\"position\":2,\"name\":\"Todos los Productos\",\"item\":\"https:\\\/\\\/www.lifenatura.com\\\/es\\\/tienda\\\/\"},{\"@type\":\"ListItem\",\"position\":3,\"name\":\"Fordren Aci\u00f3n Depurativa 20 sticks 10 ml &#8211; Zuccari\"}]},{\"@type\":\"WebSite\",\"@id\":\"https:\\\/\\\/www.lifenatura.com\\\/es\\\/#website\",\"url\":\"https:\\\/\\\/www.lifenatura.com\\\/es\\\/\",\"name\":\"Lifenatura\",\"description\":\"A Lifenatura \u00e9 uma loja de produtos naturais, cosm\u00e9tica natural e alimenta\u00e7\u00e3o Biol\u00f3gica.\",\"publisher\":{\"@id\":\"https:\\\/\\\/www.lifenatura.com\\\/es\\\/#organization\"},\"potentialAction\":[{\"@type\":\"SearchAction\",\"target\":{\"@type\":\"EntryPoint\",\"urlTemplate\":\"https:\\\/\\\/www.lifenatura.com\\\/es\\\/?s={search_term_string}\"},\"query-input\":{\"@type\":\"PropertyValueSpecification\",\"valueRequired\":true,\"valueName\":\"search_term_string\"}}],\"inLanguage\":\"es\"},{\"@type\":\"Organization\",\"@id\":\"https:\\\/\\\/www.lifenatura.com\\\/es\\\/#organization\",\"name\":\"Lifenatura\",\"url\":\"https:\\\/\\\/www.lifenatura.com\\\/es\\\/\",\"logo\":{\"@type\":\"ImageObject\",\"inLanguage\":\"es\",\"@id\":\"https:\\\/\\\/www.lifenatura.com\\\/es\\\/#\\\/schema\\\/logo\\\/image\\\/\",\"url\":\"https:\\\/\\\/www.lifenatura.com\\\/wp-content\\\/uploads\\\/2021\\\/07\\\/logo.png\",\"contentUrl\":\"https:\\\/\\\/www.lifenatura.com\\\/wp-content\\\/uploads\\\/2021\\\/07\\\/logo.png\",\"width\":175,\"height\":55,\"caption\":\"Lifenatura\"},\"image\":{\"@id\":\"https:\\\/\\\/www.lifenatura.com\\\/es\\\/#\\\/schema\\\/logo\\\/image\\\/\"},\"sameAs\":[\"https:\\\/\\\/www.facebook.com\\\/lifenatura\",\"https:\\\/\\\/www.instagram.com\\\/lifenaturapt\\\/\"],\"hasMerchantReturnPolicy\":{\"@type\":\"MerchantReturnPolicy\",\"merchantReturnLink\":\"https:\\\/\\\/www.lifenatura.com\\\/termos-condicoes-lifenatura\\\/\"}}]}<\/script>\n<meta property=\"product:price:amount\" content=\"18.90\" \/>\n<meta property=\"product:price:currency\" content=\"EUR\" \/>\n<meta property=\"og:availability\" content=\"instock\" \/>\n<meta property=\"product:availability\" content=\"instock\" \/>\n<meta property=\"product:retailer_item_id\" content=\"8026380900053\" \/>\n<meta property=\"product:condition\" content=\"new\" \/>\n<!-- \/ Yoast SEO Premium plugin. -->","yoast_head_json":{"title":"Fordren Aci\u00f3n Depurativa 20 sticks 10 ml - Zuccari","description":"La acci\u00f3n depurativa de Fordren es un suplemento diet\u00e9tico para la definici\u00f3n del per\u00edmetro abdominal.","robots":{"index":"index","follow":"follow","max-snippet":"max-snippet:-1","max-image-preview":"max-image-preview:large","max-video-preview":"max-video-preview:-1"},"canonical":"https:\/\/www.lifenatura.com\/es\/produto\/fordren-acion-depurativa-20-sticks-10-ml-zuccari\/","og_locale":"es_ES","og_type":"article","og_title":"Fordren Aci\u00f3n Depurativa 20 sticks 10 ml - Zuccari - Na Lifenatura ao Melhor Pre\u00e7o | Envio 48h","og_description":"Compre Fordren Aci\u00f3n Depurativa 20 sticks 10 ml - Zuccari com envio r\u00e1pido. Entrega em 48h e portes gr\u00e1tis em compras >35\u20ac. Aproveite j\u00e1 na Lifenatura","og_url":"https:\/\/www.lifenatura.com\/es\/produto\/fordren-acion-depurativa-20-sticks-10-ml-zuccari\/","og_site_name":"Lifenatura","article_publisher":"https:\/\/www.facebook.com\/lifenatura","article_modified_time":"2022-08-21T15:28:24+00:00","og_image":[{"width":1000,"height":1000,"url":"https:\/\/www.lifenatura.com\/wp-content\/uploads\/2021\/09\/gd_fordren-acao-depurativa-saquetas-10ml-zuccari-90005.jpg","type":"image\/jpeg"}],"twitter_card":"summary_large_image","twitter_misc":{"Precio":"18,90&nbsp;&euro;","Disponibilidad":"Disponible"},"schema":{"@context":"https:\/\/schema.org","@graph":[{"@type":"WebPage","@id":"https:\/\/www.lifenatura.com\/es\/produto\/fordren-acion-depurativa-20-sticks-10-ml-zuccari\/","url":"https:\/\/www.lifenatura.com\/es\/produto\/fordren-acion-depurativa-20-sticks-10-ml-zuccari\/","name":"Fordren Aci\u00f3n Depurativa 20 sticks 10 ml - Zuccari","isPartOf":{"@id":"https:\/\/www.lifenatura.com\/es\/#website"},"primaryImageOfPage":{"@id":"https:\/\/www.lifenatura.com\/es\/produto\/fordren-acion-depurativa-20-sticks-10-ml-zuccari\/#primaryimage"},"image":{"@id":"https:\/\/www.lifenatura.com\/es\/produto\/fordren-acion-depurativa-20-sticks-10-ml-zuccari\/#primaryimage"},"thumbnailUrl":"https:\/\/www.lifenatura.com\/wp-content\/uploads\/2021\/09\/gd_fordren-acao-depurativa-saquetas-10ml-zuccari-90005.jpg","datePublished":"2021-09-30T10:59:46+00:00","dateModified":"2022-08-21T15:28:24+00:00","description":"La acci\u00f3n depurativa de Fordren es un suplemento diet\u00e9tico para la definici\u00f3n del per\u00edmetro abdominal.","breadcrumb":{"@id":"https:\/\/www.lifenatura.com\/es\/produto\/fordren-acion-depurativa-20-sticks-10-ml-zuccari\/#breadcrumb"},"inLanguage":"es","potentialAction":[{"@type":"ReadAction","target":["https:\/\/www.lifenatura.com\/es\/produto\/fordren-acion-depurativa-20-sticks-10-ml-zuccari\/"]}]},{"@type":"ImageObject","inLanguage":"es","@id":"https:\/\/www.lifenatura.com\/es\/produto\/fordren-acion-depurativa-20-sticks-10-ml-zuccari\/#primaryimage","url":"https:\/\/www.lifenatura.com\/wp-content\/uploads\/2021\/09\/gd_fordren-acao-depurativa-saquetas-10ml-zuccari-90005.jpg","contentUrl":"https:\/\/www.lifenatura.com\/wp-content\/uploads\/2021\/09\/gd_fordren-acao-depurativa-saquetas-10ml-zuccari-90005.jpg","width":1000,"height":1000,"caption":"Fordren Aci\u00f3n Depurativa 20 sticks 10 ml - Zuccari"},{"@type":"BreadcrumbList","@id":"https:\/\/www.lifenatura.com\/es\/produto\/fordren-acion-depurativa-20-sticks-10-ml-zuccari\/#breadcrumb","itemListElement":[{"@type":"ListItem","position":1,"name":"In\u00edcio","item":"https:\/\/www.lifenatura.com\/es\/"},{"@type":"ListItem","position":2,"name":"Todos los Productos","item":"https:\/\/www.lifenatura.com\/es\/tienda\/"},{"@type":"ListItem","position":3,"name":"Fordren Aci\u00f3n Depurativa 20 sticks 10 ml &#8211; Zuccari"}]},{"@type":"WebSite","@id":"https:\/\/www.lifenatura.com\/es\/#website","url":"https:\/\/www.lifenatura.com\/es\/","name":"Lifenatura","description":"A Lifenatura \u00e9 uma loja de produtos naturais, cosm\u00e9tica natural e alimenta\u00e7\u00e3o Biol\u00f3gica.","publisher":{"@id":"https:\/\/www.lifenatura.com\/es\/#organization"},"potentialAction":[{"@type":"SearchAction","target":{"@type":"EntryPoint","urlTemplate":"https:\/\/www.lifenatura.com\/es\/?s={search_term_string}"},"query-input":{"@type":"PropertyValueSpecification","valueRequired":true,"valueName":"search_term_string"}}],"inLanguage":"es"},{"@type":"Organization","@id":"https:\/\/www.lifenatura.com\/es\/#organization","name":"Lifenatura","url":"https:\/\/www.lifenatura.com\/es\/","logo":{"@type":"ImageObject","inLanguage":"es","@id":"https:\/\/www.lifenatura.com\/es\/#\/schema\/logo\/image\/","url":"https:\/\/www.lifenatura.com\/wp-content\/uploads\/2021\/07\/logo.png","contentUrl":"https:\/\/www.lifenatura.com\/wp-content\/uploads\/2021\/07\/logo.png","width":175,"height":55,"caption":"Lifenatura"},"image":{"@id":"https:\/\/www.lifenatura.com\/es\/#\/schema\/logo\/image\/"},"sameAs":["https:\/\/www.facebook.com\/lifenatura","https:\/\/www.instagram.com\/lifenaturapt\/"],"hasMerchantReturnPolicy":{"@type":"MerchantReturnPolicy","merchantReturnLink":"https:\/\/www.lifenatura.com\/termos-condicoes-lifenatura\/"}}]},"product_price_amount":"18.90","product_price_currency":"EUR","og_availability":"instock","product_availability":"instock","product_retailer_item_id":"8026380900053","product_condition":"new"},"df_price":18.9,"df_sale_price":"","df_regular_price":18.9,"df_image_link":"https:\/\/www.lifenatura.com\/wp-content\/uploads\/2021\/09\/gd_fordren-acao-depurativa-saquetas-10ml-zuccari-90005-300x300.jpg","_links":{"self":[{"href":"https:\/\/www.lifenatura.com\/es\/wp-json\/wp\/v2\/product\/41534","targetHints":{"allow":["GET"]}}],"collection":[{"href":"https:\/\/www.lifenatura.com\/es\/wp-json\/wp\/v2\/product"}],"about":[{"href":"https:\/\/www.lifenatura.com\/es\/wp-json\/wp\/v2\/types\/product"}],"wp:featuredmedia":[{"embeddable":true,"href":"https:\/\/www.lifenatura.com\/es\/wp-json\/wp\/v2\/media\/22653"}],"wp:attachment":[{"href":"https:\/\/www.lifenatura.com\/es\/wp-json\/wp\/v2\/media?parent=41534"}],"wp:term":[{"taxonomy":"product_brand","embeddable":true,"href":"https:\/\/www.lifenatura.com\/es\/wp-json\/wp\/v2\/product_brand?post=41534"},{"taxonomy":"product_cat","embeddable":true,"href":"https:\/\/www.lifenatura.com\/es\/wp-json\/wp\/v2\/product_cat?post=41534"},{"taxonomy":"product_tag","embeddable":true,"href":"https:\/\/www.lifenatura.com\/es\/wp-json\/wp\/v2\/product_tag?post=41534"}],"curies":[{"name":"wp","href":"https:\/\/api.w.org\/{rel}","templated":true}]}}