{"id":41530,"date":"2021-09-30T10:59:46","date_gmt":"2021-09-30T10:59:46","guid":{"rendered":"https:\/\/lifenatura.dev.agenciagetdigital.com\/produto\/desodorante-crema-con-piedra-de-aluminio-30-ml-zuccari\/"},"modified":"2022-08-21T15:28:21","modified_gmt":"2022-08-21T15:28:21","slug":"desodorante-crema-con-piedra-de-aluminio-30-ml-zuccari","status":"publish","type":"product","link":"https:\/\/www.lifenatura.com\/es\/produto\/desodorante-crema-con-piedra-de-aluminio-30-ml-zuccari\/","title":{"rendered":"Desodorante Crema con Piedra de Aluminio 30 ml &#8211; Zuccari"},"content":{"rendered":"<p>Alum Vera Alum Stone con desodorante El desodorante en crema con piedra de alumbre, extracto de bamb\u00fa, aceite de almendras dulces y manteca de karit\u00e9 ofrece una efectividad duradera para regular la transpiraci\u00f3n en caso de sudoraci\u00f3n excesiva. El primer desodorante del mundo con una f\u00f3rmula sin agua adicional, completamente reemplazado por jugo de Aloe Vera sin pasteurizar, sin filtrar, filtrado con carb\u00f3n vegetal, doblemente concentrado a trav\u00e9s del exclusivo proceso ReversOsmose\u00ae. Con el clorhidrato de aluminio, necesario para garantizar una protecci\u00f3n a largo plazo: su acci\u00f3n es extremadamente suave para la piel gracias a la suave y relajante mezcla de aceite de arroz, manteca de karit\u00e9 y aceite de almendras dulces. Con alumbre de potasio y extracto de bamb\u00fa estandarizado. PRESENTACI\u00d3N 30 ml.<\/p>\n","protected":false},"excerpt":{"rendered":"<p>Alum Vera Alum Stone con desodorante El desodorante en crema con piedra de alumbre, extracto de bamb\u00fa, aceite de almendras dulces y manteca de karit\u00e9 ofrece una efectividad duradera para regular la transpiraci\u00f3n en caso de sudoraci\u00f3n excesiva. El primer desodorante del mundo con una f\u00f3rmula sin agua adicional, completamente reemplazado por jugo de Aloe [&#8230;]<\/p>\n<p><a class=\"btn btn-secondary understrap-read-more-link\" href=\"https:\/\/www.lifenatura.com\/es\/produto\/desodorante-crema-con-piedra-de-aluminio-30-ml-zuccari\/\">Leer m\u00e1s&#8230;<span class=\"screen-reader-text\"> from Desodorante Crema con Piedra de Aluminio 30 ml &#8211; Zuccari<\/span><\/a><\/p>\n","protected":false},"featured_media":22649,"template":"","meta":{"_acf_changed":false},"product_brand":[8398],"product_cat":[7653,7102,7107],"product_tag":[],"class_list":{"0":"post-41530","1":"product","2":"type-product","3":"status-publish","4":"has-post-thumbnail","6":"product_brand-zuccari","7":"product_cat-cosmetica-natural-lifenatura","8":"product_cat-cuidado-del-cuerpo","9":"product_cat-desodorantes","11":"first","12":"outofstock","13":"shipping-taxable","14":"purchasable","15":"product-type-simple","16":"add-to-wishlist-before_image"},"acf":[],"yoast_head":"<!-- This site is optimized with the Yoast SEO Premium plugin v27.1 (Yoast SEO v27.5) - https:\/\/yoast.com\/product\/yoast-seo-premium-wordpress\/ -->\n<title>Desodorante Crema con Piedra de Aluminio 30 ml - Zuccari<\/title>\n<meta name=\"description\" content=\"El desodorante en crema con piedra de alumbre, extracto de bamb\u00fa, aceite de almendras dulces y manteca de karit\u00e9 ofrece una efectividad duradera para regular la transpiraci\u00f3n en caso de sudoraci\u00f3n excesiva.\" \/>\n<meta name=\"robots\" content=\"index, follow, max-snippet:-1, max-image-preview:large, max-video-preview:-1\" \/>\n<link rel=\"canonical\" href=\"https:\/\/www.lifenatura.com\/es\/produto\/desodorante-crema-con-piedra-de-aluminio-30-ml-zuccari\/\" \/>\n<meta property=\"og:locale\" content=\"es_ES\" \/>\n<meta property=\"og:type\" content=\"article\" \/>\n<meta property=\"og:title\" content=\"Desodorante Crema con Piedra de Aluminio 30 ml - Zuccari - Na Lifenatura ao Melhor Pre\u00e7o | Envio 48h\" \/>\n<meta property=\"og:description\" content=\"Compre Desodorante Crema con Piedra de Aluminio 30 ml - Zuccari com envio r\u00e1pido. Entrega em 48h e portes gr\u00e1tis em compras &gt;35\u20ac. Aproveite j\u00e1 na Lifenatura\" \/>\n<meta property=\"og:url\" content=\"https:\/\/www.lifenatura.com\/es\/produto\/desodorante-crema-con-piedra-de-aluminio-30-ml-zuccari\/\" \/>\n<meta property=\"og:site_name\" content=\"Lifenatura\" \/>\n<meta property=\"article:publisher\" content=\"https:\/\/www.facebook.com\/lifenatura\" \/>\n<meta property=\"article:modified_time\" content=\"2022-08-21T15:28:21+00:00\" \/>\n<meta property=\"og:image\" content=\"https:\/\/www.lifenatura.com\/wp-content\/uploads\/2021\/09\/gd_desodorizante-creme-30ml-zuccari-80216.jpg\" \/>\n\t<meta property=\"og:image:width\" content=\"1000\" \/>\n\t<meta property=\"og:image:height\" content=\"1000\" \/>\n\t<meta property=\"og:image:type\" content=\"image\/jpeg\" \/>\n<meta name=\"twitter:card\" content=\"summary_large_image\" \/>\n<meta name=\"twitter:label1\" content=\"Precio\" \/>\n\t<meta name=\"twitter:data1\" content=\"9,96&nbsp;&euro;\" \/>\n\t<meta name=\"twitter:label2\" content=\"Disponibilidad\" \/>\n\t<meta name=\"twitter:data2\" content=\"Sin existencias\" \/>\n<script type=\"application\/ld+json\" class=\"yoast-schema-graph\">{\"@context\":\"https:\\\/\\\/schema.org\",\"@graph\":[{\"@type\":\"WebPage\",\"@id\":\"https:\\\/\\\/www.lifenatura.com\\\/es\\\/produto\\\/desodorante-crema-con-piedra-de-aluminio-30-ml-zuccari\\\/\",\"url\":\"https:\\\/\\\/www.lifenatura.com\\\/es\\\/produto\\\/desodorante-crema-con-piedra-de-aluminio-30-ml-zuccari\\\/\",\"name\":\"Desodorante Crema con Piedra de Aluminio 30 ml - Zuccari\",\"isPartOf\":{\"@id\":\"https:\\\/\\\/www.lifenatura.com\\\/es\\\/#website\"},\"primaryImageOfPage\":{\"@id\":\"https:\\\/\\\/www.lifenatura.com\\\/es\\\/produto\\\/desodorante-crema-con-piedra-de-aluminio-30-ml-zuccari\\\/#primaryimage\"},\"image\":{\"@id\":\"https:\\\/\\\/www.lifenatura.com\\\/es\\\/produto\\\/desodorante-crema-con-piedra-de-aluminio-30-ml-zuccari\\\/#primaryimage\"},\"thumbnailUrl\":\"https:\\\/\\\/www.lifenatura.com\\\/wp-content\\\/uploads\\\/2021\\\/09\\\/gd_desodorizante-creme-30ml-zuccari-80216.jpg\",\"datePublished\":\"2021-09-30T10:59:46+00:00\",\"dateModified\":\"2022-08-21T15:28:21+00:00\",\"description\":\"El desodorante en crema con piedra de alumbre, extracto de bamb\u00fa, aceite de almendras dulces y manteca de karit\u00e9 ofrece una efectividad duradera para regular la transpiraci\u00f3n en caso de sudoraci\u00f3n excesiva.\",\"breadcrumb\":{\"@id\":\"https:\\\/\\\/www.lifenatura.com\\\/es\\\/produto\\\/desodorante-crema-con-piedra-de-aluminio-30-ml-zuccari\\\/#breadcrumb\"},\"inLanguage\":\"es\",\"potentialAction\":[{\"@type\":\"ReadAction\",\"target\":[\"https:\\\/\\\/www.lifenatura.com\\\/es\\\/produto\\\/desodorante-crema-con-piedra-de-aluminio-30-ml-zuccari\\\/\"]}]},{\"@type\":\"ImageObject\",\"inLanguage\":\"es\",\"@id\":\"https:\\\/\\\/www.lifenatura.com\\\/es\\\/produto\\\/desodorante-crema-con-piedra-de-aluminio-30-ml-zuccari\\\/#primaryimage\",\"url\":\"https:\\\/\\\/www.lifenatura.com\\\/wp-content\\\/uploads\\\/2021\\\/09\\\/gd_desodorizante-creme-30ml-zuccari-80216.jpg\",\"contentUrl\":\"https:\\\/\\\/www.lifenatura.com\\\/wp-content\\\/uploads\\\/2021\\\/09\\\/gd_desodorizante-creme-30ml-zuccari-80216.jpg\",\"width\":1000,\"height\":1000,\"caption\":\"Desodorante Crema con Piedra de Aluminio 30 ml - Zuccari\"},{\"@type\":\"BreadcrumbList\",\"@id\":\"https:\\\/\\\/www.lifenatura.com\\\/es\\\/produto\\\/desodorante-crema-con-piedra-de-aluminio-30-ml-zuccari\\\/#breadcrumb\",\"itemListElement\":[{\"@type\":\"ListItem\",\"position\":1,\"name\":\"In\u00edcio\",\"item\":\"https:\\\/\\\/www.lifenatura.com\\\/es\\\/\"},{\"@type\":\"ListItem\",\"position\":2,\"name\":\"Todos los Productos\",\"item\":\"https:\\\/\\\/www.lifenatura.com\\\/es\\\/tienda\\\/\"},{\"@type\":\"ListItem\",\"position\":3,\"name\":\"Desodorante Crema con Piedra de Aluminio 30 ml &#8211; Zuccari\"}]},{\"@type\":\"WebSite\",\"@id\":\"https:\\\/\\\/www.lifenatura.com\\\/es\\\/#website\",\"url\":\"https:\\\/\\\/www.lifenatura.com\\\/es\\\/\",\"name\":\"Lifenatura\",\"description\":\"A Lifenatura \u00e9 uma loja de produtos naturais, cosm\u00e9tica natural e alimenta\u00e7\u00e3o Biol\u00f3gica.\",\"publisher\":{\"@id\":\"https:\\\/\\\/www.lifenatura.com\\\/es\\\/#organization\"},\"potentialAction\":[{\"@type\":\"SearchAction\",\"target\":{\"@type\":\"EntryPoint\",\"urlTemplate\":\"https:\\\/\\\/www.lifenatura.com\\\/es\\\/?s={search_term_string}\"},\"query-input\":{\"@type\":\"PropertyValueSpecification\",\"valueRequired\":true,\"valueName\":\"search_term_string\"}}],\"inLanguage\":\"es\"},{\"@type\":\"Organization\",\"@id\":\"https:\\\/\\\/www.lifenatura.com\\\/es\\\/#organization\",\"name\":\"Lifenatura\",\"url\":\"https:\\\/\\\/www.lifenatura.com\\\/es\\\/\",\"logo\":{\"@type\":\"ImageObject\",\"inLanguage\":\"es\",\"@id\":\"https:\\\/\\\/www.lifenatura.com\\\/es\\\/#\\\/schema\\\/logo\\\/image\\\/\",\"url\":\"https:\\\/\\\/www.lifenatura.com\\\/wp-content\\\/uploads\\\/2021\\\/07\\\/logo.png\",\"contentUrl\":\"https:\\\/\\\/www.lifenatura.com\\\/wp-content\\\/uploads\\\/2021\\\/07\\\/logo.png\",\"width\":175,\"height\":55,\"caption\":\"Lifenatura\"},\"image\":{\"@id\":\"https:\\\/\\\/www.lifenatura.com\\\/es\\\/#\\\/schema\\\/logo\\\/image\\\/\"},\"sameAs\":[\"https:\\\/\\\/www.facebook.com\\\/lifenatura\",\"https:\\\/\\\/www.instagram.com\\\/lifenaturapt\\\/\"],\"hasMerchantReturnPolicy\":{\"@type\":\"MerchantReturnPolicy\",\"merchantReturnLink\":\"https:\\\/\\\/www.lifenatura.com\\\/termos-condicoes-lifenatura\\\/\"}}]}<\/script>\n<meta property=\"product:price:amount\" content=\"9.96\" \/>\n<meta property=\"product:price:currency\" content=\"EUR\" \/>\n<meta property=\"og:availability\" content=\"out of stock\" \/>\n<meta property=\"product:availability\" content=\"out of stock\" \/>\n<meta property=\"product:retailer_item_id\" content=\"8026380802135\" \/>\n<meta property=\"product:condition\" content=\"new\" \/>\n<!-- \/ Yoast SEO Premium plugin. -->","yoast_head_json":{"title":"Desodorante Crema con Piedra de Aluminio 30 ml - Zuccari","description":"El desodorante en crema con piedra de alumbre, extracto de bamb\u00fa, aceite de almendras dulces y manteca de karit\u00e9 ofrece una efectividad duradera para regular la transpiraci\u00f3n en caso de sudoraci\u00f3n excesiva.","robots":{"index":"index","follow":"follow","max-snippet":"max-snippet:-1","max-image-preview":"max-image-preview:large","max-video-preview":"max-video-preview:-1"},"canonical":"https:\/\/www.lifenatura.com\/es\/produto\/desodorante-crema-con-piedra-de-aluminio-30-ml-zuccari\/","og_locale":"es_ES","og_type":"article","og_title":"Desodorante Crema con Piedra de Aluminio 30 ml - Zuccari - Na Lifenatura ao Melhor Pre\u00e7o | Envio 48h","og_description":"Compre Desodorante Crema con Piedra de Aluminio 30 ml - Zuccari com envio r\u00e1pido. Entrega em 48h e portes gr\u00e1tis em compras >35\u20ac. Aproveite j\u00e1 na Lifenatura","og_url":"https:\/\/www.lifenatura.com\/es\/produto\/desodorante-crema-con-piedra-de-aluminio-30-ml-zuccari\/","og_site_name":"Lifenatura","article_publisher":"https:\/\/www.facebook.com\/lifenatura","article_modified_time":"2022-08-21T15:28:21+00:00","og_image":[{"width":1000,"height":1000,"url":"https:\/\/www.lifenatura.com\/wp-content\/uploads\/2021\/09\/gd_desodorizante-creme-30ml-zuccari-80216.jpg","type":"image\/jpeg"}],"twitter_card":"summary_large_image","twitter_misc":{"Precio":"9,96&nbsp;&euro;","Disponibilidad":"Sin existencias"},"schema":{"@context":"https:\/\/schema.org","@graph":[{"@type":"WebPage","@id":"https:\/\/www.lifenatura.com\/es\/produto\/desodorante-crema-con-piedra-de-aluminio-30-ml-zuccari\/","url":"https:\/\/www.lifenatura.com\/es\/produto\/desodorante-crema-con-piedra-de-aluminio-30-ml-zuccari\/","name":"Desodorante Crema con Piedra de Aluminio 30 ml - Zuccari","isPartOf":{"@id":"https:\/\/www.lifenatura.com\/es\/#website"},"primaryImageOfPage":{"@id":"https:\/\/www.lifenatura.com\/es\/produto\/desodorante-crema-con-piedra-de-aluminio-30-ml-zuccari\/#primaryimage"},"image":{"@id":"https:\/\/www.lifenatura.com\/es\/produto\/desodorante-crema-con-piedra-de-aluminio-30-ml-zuccari\/#primaryimage"},"thumbnailUrl":"https:\/\/www.lifenatura.com\/wp-content\/uploads\/2021\/09\/gd_desodorizante-creme-30ml-zuccari-80216.jpg","datePublished":"2021-09-30T10:59:46+00:00","dateModified":"2022-08-21T15:28:21+00:00","description":"El desodorante en crema con piedra de alumbre, extracto de bamb\u00fa, aceite de almendras dulces y manteca de karit\u00e9 ofrece una efectividad duradera para regular la transpiraci\u00f3n en caso de sudoraci\u00f3n excesiva.","breadcrumb":{"@id":"https:\/\/www.lifenatura.com\/es\/produto\/desodorante-crema-con-piedra-de-aluminio-30-ml-zuccari\/#breadcrumb"},"inLanguage":"es","potentialAction":[{"@type":"ReadAction","target":["https:\/\/www.lifenatura.com\/es\/produto\/desodorante-crema-con-piedra-de-aluminio-30-ml-zuccari\/"]}]},{"@type":"ImageObject","inLanguage":"es","@id":"https:\/\/www.lifenatura.com\/es\/produto\/desodorante-crema-con-piedra-de-aluminio-30-ml-zuccari\/#primaryimage","url":"https:\/\/www.lifenatura.com\/wp-content\/uploads\/2021\/09\/gd_desodorizante-creme-30ml-zuccari-80216.jpg","contentUrl":"https:\/\/www.lifenatura.com\/wp-content\/uploads\/2021\/09\/gd_desodorizante-creme-30ml-zuccari-80216.jpg","width":1000,"height":1000,"caption":"Desodorante Crema con Piedra de Aluminio 30 ml - Zuccari"},{"@type":"BreadcrumbList","@id":"https:\/\/www.lifenatura.com\/es\/produto\/desodorante-crema-con-piedra-de-aluminio-30-ml-zuccari\/#breadcrumb","itemListElement":[{"@type":"ListItem","position":1,"name":"In\u00edcio","item":"https:\/\/www.lifenatura.com\/es\/"},{"@type":"ListItem","position":2,"name":"Todos los Productos","item":"https:\/\/www.lifenatura.com\/es\/tienda\/"},{"@type":"ListItem","position":3,"name":"Desodorante Crema con Piedra de Aluminio 30 ml &#8211; Zuccari"}]},{"@type":"WebSite","@id":"https:\/\/www.lifenatura.com\/es\/#website","url":"https:\/\/www.lifenatura.com\/es\/","name":"Lifenatura","description":"A Lifenatura \u00e9 uma loja de produtos naturais, cosm\u00e9tica natural e alimenta\u00e7\u00e3o Biol\u00f3gica.","publisher":{"@id":"https:\/\/www.lifenatura.com\/es\/#organization"},"potentialAction":[{"@type":"SearchAction","target":{"@type":"EntryPoint","urlTemplate":"https:\/\/www.lifenatura.com\/es\/?s={search_term_string}"},"query-input":{"@type":"PropertyValueSpecification","valueRequired":true,"valueName":"search_term_string"}}],"inLanguage":"es"},{"@type":"Organization","@id":"https:\/\/www.lifenatura.com\/es\/#organization","name":"Lifenatura","url":"https:\/\/www.lifenatura.com\/es\/","logo":{"@type":"ImageObject","inLanguage":"es","@id":"https:\/\/www.lifenatura.com\/es\/#\/schema\/logo\/image\/","url":"https:\/\/www.lifenatura.com\/wp-content\/uploads\/2021\/07\/logo.png","contentUrl":"https:\/\/www.lifenatura.com\/wp-content\/uploads\/2021\/07\/logo.png","width":175,"height":55,"caption":"Lifenatura"},"image":{"@id":"https:\/\/www.lifenatura.com\/es\/#\/schema\/logo\/image\/"},"sameAs":["https:\/\/www.facebook.com\/lifenatura","https:\/\/www.instagram.com\/lifenaturapt\/"],"hasMerchantReturnPolicy":{"@type":"MerchantReturnPolicy","merchantReturnLink":"https:\/\/www.lifenatura.com\/termos-condicoes-lifenatura\/"}}]},"product_price_amount":"9.96","product_price_currency":"EUR","og_availability":"out of stock","product_availability":"out of stock","product_retailer_item_id":"8026380802135","product_condition":"new"},"df_price":9.96,"df_sale_price":"","df_regular_price":9.96,"df_image_link":"https:\/\/www.lifenatura.com\/wp-content\/uploads\/2021\/09\/gd_desodorizante-creme-30ml-zuccari-80216-300x300.jpg","_links":{"self":[{"href":"https:\/\/www.lifenatura.com\/es\/wp-json\/wp\/v2\/product\/41530","targetHints":{"allow":["GET"]}}],"collection":[{"href":"https:\/\/www.lifenatura.com\/es\/wp-json\/wp\/v2\/product"}],"about":[{"href":"https:\/\/www.lifenatura.com\/es\/wp-json\/wp\/v2\/types\/product"}],"wp:featuredmedia":[{"embeddable":true,"href":"https:\/\/www.lifenatura.com\/es\/wp-json\/wp\/v2\/media\/22649"}],"wp:attachment":[{"href":"https:\/\/www.lifenatura.com\/es\/wp-json\/wp\/v2\/media?parent=41530"}],"wp:term":[{"taxonomy":"product_brand","embeddable":true,"href":"https:\/\/www.lifenatura.com\/es\/wp-json\/wp\/v2\/product_brand?post=41530"},{"taxonomy":"product_cat","embeddable":true,"href":"https:\/\/www.lifenatura.com\/es\/wp-json\/wp\/v2\/product_cat?post=41530"},{"taxonomy":"product_tag","embeddable":true,"href":"https:\/\/www.lifenatura.com\/es\/wp-json\/wp\/v2\/product_tag?post=41530"}],"curies":[{"name":"wp","href":"https:\/\/api.w.org\/{rel}","templated":true}]}}