{"id":41529,"date":"2021-09-30T10:59:46","date_gmt":"2021-09-30T10:59:46","guid":{"rendered":"https:\/\/lifenatura.dev.agenciagetdigital.com\/produto\/desodorante-anti-transpirante-con-piedra-de-aluminio-100-ml-zuccari\/"},"modified":"2022-08-21T15:28:18","modified_gmt":"2022-08-21T15:28:18","slug":"desodorante-anti-transpirante-con-piedra-de-aluminio-100-ml-zuccari","status":"publish","type":"product","link":"https:\/\/www.lifenatura.com\/es\/produto\/desodorante-anti-transpirante-con-piedra-de-aluminio-100-ml-zuccari\/","title":{"rendered":"Desodorante Anti-Transpirante con Piedra de Aluminio 100 ml &#8211; Zuccari"},"content":{"rendered":"<p>Desodorante de piedra de alumbre antitranspirante El desodorante antitranspirante Almond Stone protege contra los malos olores durante 48 horas, gracias a su f\u00f3rmula no gaseosa enriquecida con cristales de alumbre de potasio. El primer antitranspirante del mundo con una f\u00f3rmula libre de agua agregada, completamente reemplazada por jugo de Aloe Vera sin pasteurizar, sin filtrar y filtrado de carb\u00f3n, doblemente concentrado a trav\u00e9s del exclusivo proceso ReversOsmose\u00ae. Sin clorhidrato de aluminio. PRESENTACI\u00d3N 100 ml.<\/p>\n","protected":false},"excerpt":{"rendered":"<p>Desodorante de piedra de alumbre antitranspirante El desodorante antitranspirante Almond Stone protege contra los malos olores durante 48 horas, gracias a su f\u00f3rmula no gaseosa enriquecida con cristales de alumbre de potasio. El primer antitranspirante del mundo con una f\u00f3rmula libre de agua agregada, completamente reemplazada por jugo de Aloe Vera sin pasteurizar, sin filtrar [&#8230;]<\/p>\n<p><a class=\"btn btn-secondary understrap-read-more-link\" href=\"https:\/\/www.lifenatura.com\/es\/produto\/desodorante-anti-transpirante-con-piedra-de-aluminio-100-ml-zuccari\/\">Leer m\u00e1s&#8230;<span class=\"screen-reader-text\"> from Desodorante Anti-Transpirante con Piedra de Aluminio 100 ml &#8211; Zuccari<\/span><\/a><\/p>\n","protected":false},"featured_media":22648,"template":"","meta":{"_acf_changed":false},"product_brand":[8398],"product_cat":[7653,7102,7107,7659,7159],"product_tag":[],"class_list":{"0":"post-41529","1":"product","2":"type-product","3":"status-publish","4":"has-post-thumbnail","6":"product_brand-zuccari","7":"product_cat-cosmetica-natural-lifenatura","8":"product_cat-cuidado-del-cuerpo","9":"product_cat-desodorantes","10":"product_cat-ingrediente-natural-bio","11":"product_cat-te-verde","13":"first","14":"outofstock","15":"shipping-taxable","16":"purchasable","17":"product-type-simple","18":"add-to-wishlist-before_image"},"acf":[],"yoast_head":"<!-- This site is optimized with the Yoast SEO Premium plugin v27.1 (Yoast SEO v27.5) - https:\/\/yoast.com\/product\/yoast-seo-premium-wordpress\/ -->\n<title>Desodorante Anti-Transpirante con Piedra de Aluminio 100 ml - Zuccari<\/title>\n<meta name=\"description\" content=\"El desodorante antitranspirante Almond Stone protege contra los malos olores durante 48 horas, gracias a su f\u00f3rmula no gaseosa enriquecida con cristales de alumbre de potasio.\" \/>\n<meta name=\"robots\" content=\"index, follow, max-snippet:-1, max-image-preview:large, max-video-preview:-1\" \/>\n<link rel=\"canonical\" href=\"https:\/\/www.lifenatura.com\/es\/produto\/desodorante-anti-transpirante-con-piedra-de-aluminio-100-ml-zuccari\/\" \/>\n<meta property=\"og:locale\" content=\"es_ES\" \/>\n<meta property=\"og:type\" content=\"article\" \/>\n<meta property=\"og:title\" content=\"Desodorante Anti-Transpirante con Piedra de Aluminio 100 ml - Zuccari - Na Lifenatura ao Melhor Pre\u00e7o | Envio 48h\" \/>\n<meta property=\"og:description\" content=\"Compre Desodorante Anti-Transpirante con Piedra de Aluminio 100 ml - Zuccari com envio r\u00e1pido. Entrega em 48h e portes gr\u00e1tis em compras &gt;35\u20ac. Aproveite j\u00e1 na Lifenatura\" \/>\n<meta property=\"og:url\" content=\"https:\/\/www.lifenatura.com\/es\/produto\/desodorante-anti-transpirante-con-piedra-de-aluminio-100-ml-zuccari\/\" \/>\n<meta property=\"og:site_name\" content=\"Lifenatura\" \/>\n<meta property=\"article:publisher\" content=\"https:\/\/www.facebook.com\/lifenatura\" \/>\n<meta property=\"article:modified_time\" content=\"2022-08-21T15:28:18+00:00\" \/>\n<meta property=\"og:image\" content=\"https:\/\/www.lifenatura.com\/wp-content\/uploads\/2021\/09\/gd_desodorizante-spray-100ml-zuccari-80213.jpg\" \/>\n\t<meta property=\"og:image:width\" content=\"1000\" \/>\n\t<meta property=\"og:image:height\" content=\"1000\" \/>\n\t<meta property=\"og:image:type\" content=\"image\/jpeg\" \/>\n<meta name=\"twitter:card\" content=\"summary_large_image\" \/>\n<meta name=\"twitter:label1\" content=\"Precio\" \/>\n\t<meta name=\"twitter:data1\" content=\"11,22&nbsp;&euro;\" \/>\n\t<meta name=\"twitter:label2\" content=\"Disponibilidad\" \/>\n\t<meta name=\"twitter:data2\" content=\"Sin existencias\" \/>\n<script type=\"application\/ld+json\" class=\"yoast-schema-graph\">{\"@context\":\"https:\\\/\\\/schema.org\",\"@graph\":[{\"@type\":\"WebPage\",\"@id\":\"https:\\\/\\\/www.lifenatura.com\\\/es\\\/produto\\\/desodorante-anti-transpirante-con-piedra-de-aluminio-100-ml-zuccari\\\/\",\"url\":\"https:\\\/\\\/www.lifenatura.com\\\/es\\\/produto\\\/desodorante-anti-transpirante-con-piedra-de-aluminio-100-ml-zuccari\\\/\",\"name\":\"Desodorante Anti-Transpirante con Piedra de Aluminio 100 ml - Zuccari\",\"isPartOf\":{\"@id\":\"https:\\\/\\\/www.lifenatura.com\\\/es\\\/#website\"},\"primaryImageOfPage\":{\"@id\":\"https:\\\/\\\/www.lifenatura.com\\\/es\\\/produto\\\/desodorante-anti-transpirante-con-piedra-de-aluminio-100-ml-zuccari\\\/#primaryimage\"},\"image\":{\"@id\":\"https:\\\/\\\/www.lifenatura.com\\\/es\\\/produto\\\/desodorante-anti-transpirante-con-piedra-de-aluminio-100-ml-zuccari\\\/#primaryimage\"},\"thumbnailUrl\":\"https:\\\/\\\/www.lifenatura.com\\\/wp-content\\\/uploads\\\/2021\\\/09\\\/gd_desodorizante-spray-100ml-zuccari-80213.jpg\",\"datePublished\":\"2021-09-30T10:59:46+00:00\",\"dateModified\":\"2022-08-21T15:28:18+00:00\",\"description\":\"El desodorante antitranspirante Almond Stone protege contra los malos olores durante 48 horas, gracias a su f\u00f3rmula no gaseosa enriquecida con cristales de alumbre de potasio.\",\"breadcrumb\":{\"@id\":\"https:\\\/\\\/www.lifenatura.com\\\/es\\\/produto\\\/desodorante-anti-transpirante-con-piedra-de-aluminio-100-ml-zuccari\\\/#breadcrumb\"},\"inLanguage\":\"es\",\"potentialAction\":[{\"@type\":\"ReadAction\",\"target\":[\"https:\\\/\\\/www.lifenatura.com\\\/es\\\/produto\\\/desodorante-anti-transpirante-con-piedra-de-aluminio-100-ml-zuccari\\\/\"]}]},{\"@type\":\"ImageObject\",\"inLanguage\":\"es\",\"@id\":\"https:\\\/\\\/www.lifenatura.com\\\/es\\\/produto\\\/desodorante-anti-transpirante-con-piedra-de-aluminio-100-ml-zuccari\\\/#primaryimage\",\"url\":\"https:\\\/\\\/www.lifenatura.com\\\/wp-content\\\/uploads\\\/2021\\\/09\\\/gd_desodorizante-spray-100ml-zuccari-80213.jpg\",\"contentUrl\":\"https:\\\/\\\/www.lifenatura.com\\\/wp-content\\\/uploads\\\/2021\\\/09\\\/gd_desodorizante-spray-100ml-zuccari-80213.jpg\",\"width\":1000,\"height\":1000,\"caption\":\"Desodorante Anti-Transpirante con Piedra de Aluminio 100 ml - Zuccari\"},{\"@type\":\"BreadcrumbList\",\"@id\":\"https:\\\/\\\/www.lifenatura.com\\\/es\\\/produto\\\/desodorante-anti-transpirante-con-piedra-de-aluminio-100-ml-zuccari\\\/#breadcrumb\",\"itemListElement\":[{\"@type\":\"ListItem\",\"position\":1,\"name\":\"In\u00edcio\",\"item\":\"https:\\\/\\\/www.lifenatura.com\\\/es\\\/\"},{\"@type\":\"ListItem\",\"position\":2,\"name\":\"Todos los Productos\",\"item\":\"https:\\\/\\\/www.lifenatura.com\\\/es\\\/tienda\\\/\"},{\"@type\":\"ListItem\",\"position\":3,\"name\":\"Desodorante Anti-Transpirante con Piedra de Aluminio 100 ml &#8211; Zuccari\"}]},{\"@type\":\"WebSite\",\"@id\":\"https:\\\/\\\/www.lifenatura.com\\\/es\\\/#website\",\"url\":\"https:\\\/\\\/www.lifenatura.com\\\/es\\\/\",\"name\":\"Lifenatura\",\"description\":\"A Lifenatura \u00e9 uma loja de produtos naturais, cosm\u00e9tica natural e alimenta\u00e7\u00e3o Biol\u00f3gica.\",\"publisher\":{\"@id\":\"https:\\\/\\\/www.lifenatura.com\\\/es\\\/#organization\"},\"potentialAction\":[{\"@type\":\"SearchAction\",\"target\":{\"@type\":\"EntryPoint\",\"urlTemplate\":\"https:\\\/\\\/www.lifenatura.com\\\/es\\\/?s={search_term_string}\"},\"query-input\":{\"@type\":\"PropertyValueSpecification\",\"valueRequired\":true,\"valueName\":\"search_term_string\"}}],\"inLanguage\":\"es\"},{\"@type\":\"Organization\",\"@id\":\"https:\\\/\\\/www.lifenatura.com\\\/es\\\/#organization\",\"name\":\"Lifenatura\",\"url\":\"https:\\\/\\\/www.lifenatura.com\\\/es\\\/\",\"logo\":{\"@type\":\"ImageObject\",\"inLanguage\":\"es\",\"@id\":\"https:\\\/\\\/www.lifenatura.com\\\/es\\\/#\\\/schema\\\/logo\\\/image\\\/\",\"url\":\"https:\\\/\\\/www.lifenatura.com\\\/wp-content\\\/uploads\\\/2021\\\/07\\\/logo.png\",\"contentUrl\":\"https:\\\/\\\/www.lifenatura.com\\\/wp-content\\\/uploads\\\/2021\\\/07\\\/logo.png\",\"width\":175,\"height\":55,\"caption\":\"Lifenatura\"},\"image\":{\"@id\":\"https:\\\/\\\/www.lifenatura.com\\\/es\\\/#\\\/schema\\\/logo\\\/image\\\/\"},\"sameAs\":[\"https:\\\/\\\/www.facebook.com\\\/lifenatura\",\"https:\\\/\\\/www.instagram.com\\\/lifenaturapt\\\/\"],\"hasMerchantReturnPolicy\":{\"@type\":\"MerchantReturnPolicy\",\"merchantReturnLink\":\"https:\\\/\\\/www.lifenatura.com\\\/termos-condicoes-lifenatura\\\/\"}}]}<\/script>\n<meta property=\"product:price:amount\" content=\"11.22\" \/>\n<meta property=\"product:price:currency\" content=\"EUR\" \/>\n<meta property=\"og:availability\" content=\"out of stock\" \/>\n<meta property=\"product:availability\" content=\"out of stock\" \/>\n<meta property=\"product:retailer_item_id\" content=\"8026380802166\" \/>\n<meta property=\"product:condition\" content=\"new\" \/>\n<!-- \/ Yoast SEO Premium plugin. -->","yoast_head_json":{"title":"Desodorante Anti-Transpirante con Piedra de Aluminio 100 ml - Zuccari","description":"El desodorante antitranspirante Almond Stone protege contra los malos olores durante 48 horas, gracias a su f\u00f3rmula no gaseosa enriquecida con cristales de alumbre de potasio.","robots":{"index":"index","follow":"follow","max-snippet":"max-snippet:-1","max-image-preview":"max-image-preview:large","max-video-preview":"max-video-preview:-1"},"canonical":"https:\/\/www.lifenatura.com\/es\/produto\/desodorante-anti-transpirante-con-piedra-de-aluminio-100-ml-zuccari\/","og_locale":"es_ES","og_type":"article","og_title":"Desodorante Anti-Transpirante con Piedra de Aluminio 100 ml - Zuccari - Na Lifenatura ao Melhor Pre\u00e7o | Envio 48h","og_description":"Compre Desodorante Anti-Transpirante con Piedra de Aluminio 100 ml - Zuccari com envio r\u00e1pido. Entrega em 48h e portes gr\u00e1tis em compras >35\u20ac. Aproveite j\u00e1 na Lifenatura","og_url":"https:\/\/www.lifenatura.com\/es\/produto\/desodorante-anti-transpirante-con-piedra-de-aluminio-100-ml-zuccari\/","og_site_name":"Lifenatura","article_publisher":"https:\/\/www.facebook.com\/lifenatura","article_modified_time":"2022-08-21T15:28:18+00:00","og_image":[{"width":1000,"height":1000,"url":"https:\/\/www.lifenatura.com\/wp-content\/uploads\/2021\/09\/gd_desodorizante-spray-100ml-zuccari-80213.jpg","type":"image\/jpeg"}],"twitter_card":"summary_large_image","twitter_misc":{"Precio":"11,22&nbsp;&euro;","Disponibilidad":"Sin existencias"},"schema":{"@context":"https:\/\/schema.org","@graph":[{"@type":"WebPage","@id":"https:\/\/www.lifenatura.com\/es\/produto\/desodorante-anti-transpirante-con-piedra-de-aluminio-100-ml-zuccari\/","url":"https:\/\/www.lifenatura.com\/es\/produto\/desodorante-anti-transpirante-con-piedra-de-aluminio-100-ml-zuccari\/","name":"Desodorante Anti-Transpirante con Piedra de Aluminio 100 ml - Zuccari","isPartOf":{"@id":"https:\/\/www.lifenatura.com\/es\/#website"},"primaryImageOfPage":{"@id":"https:\/\/www.lifenatura.com\/es\/produto\/desodorante-anti-transpirante-con-piedra-de-aluminio-100-ml-zuccari\/#primaryimage"},"image":{"@id":"https:\/\/www.lifenatura.com\/es\/produto\/desodorante-anti-transpirante-con-piedra-de-aluminio-100-ml-zuccari\/#primaryimage"},"thumbnailUrl":"https:\/\/www.lifenatura.com\/wp-content\/uploads\/2021\/09\/gd_desodorizante-spray-100ml-zuccari-80213.jpg","datePublished":"2021-09-30T10:59:46+00:00","dateModified":"2022-08-21T15:28:18+00:00","description":"El desodorante antitranspirante Almond Stone protege contra los malos olores durante 48 horas, gracias a su f\u00f3rmula no gaseosa enriquecida con cristales de alumbre de potasio.","breadcrumb":{"@id":"https:\/\/www.lifenatura.com\/es\/produto\/desodorante-anti-transpirante-con-piedra-de-aluminio-100-ml-zuccari\/#breadcrumb"},"inLanguage":"es","potentialAction":[{"@type":"ReadAction","target":["https:\/\/www.lifenatura.com\/es\/produto\/desodorante-anti-transpirante-con-piedra-de-aluminio-100-ml-zuccari\/"]}]},{"@type":"ImageObject","inLanguage":"es","@id":"https:\/\/www.lifenatura.com\/es\/produto\/desodorante-anti-transpirante-con-piedra-de-aluminio-100-ml-zuccari\/#primaryimage","url":"https:\/\/www.lifenatura.com\/wp-content\/uploads\/2021\/09\/gd_desodorizante-spray-100ml-zuccari-80213.jpg","contentUrl":"https:\/\/www.lifenatura.com\/wp-content\/uploads\/2021\/09\/gd_desodorizante-spray-100ml-zuccari-80213.jpg","width":1000,"height":1000,"caption":"Desodorante Anti-Transpirante con Piedra de Aluminio 100 ml - Zuccari"},{"@type":"BreadcrumbList","@id":"https:\/\/www.lifenatura.com\/es\/produto\/desodorante-anti-transpirante-con-piedra-de-aluminio-100-ml-zuccari\/#breadcrumb","itemListElement":[{"@type":"ListItem","position":1,"name":"In\u00edcio","item":"https:\/\/www.lifenatura.com\/es\/"},{"@type":"ListItem","position":2,"name":"Todos los Productos","item":"https:\/\/www.lifenatura.com\/es\/tienda\/"},{"@type":"ListItem","position":3,"name":"Desodorante Anti-Transpirante con Piedra de Aluminio 100 ml &#8211; Zuccari"}]},{"@type":"WebSite","@id":"https:\/\/www.lifenatura.com\/es\/#website","url":"https:\/\/www.lifenatura.com\/es\/","name":"Lifenatura","description":"A Lifenatura \u00e9 uma loja de produtos naturais, cosm\u00e9tica natural e alimenta\u00e7\u00e3o Biol\u00f3gica.","publisher":{"@id":"https:\/\/www.lifenatura.com\/es\/#organization"},"potentialAction":[{"@type":"SearchAction","target":{"@type":"EntryPoint","urlTemplate":"https:\/\/www.lifenatura.com\/es\/?s={search_term_string}"},"query-input":{"@type":"PropertyValueSpecification","valueRequired":true,"valueName":"search_term_string"}}],"inLanguage":"es"},{"@type":"Organization","@id":"https:\/\/www.lifenatura.com\/es\/#organization","name":"Lifenatura","url":"https:\/\/www.lifenatura.com\/es\/","logo":{"@type":"ImageObject","inLanguage":"es","@id":"https:\/\/www.lifenatura.com\/es\/#\/schema\/logo\/image\/","url":"https:\/\/www.lifenatura.com\/wp-content\/uploads\/2021\/07\/logo.png","contentUrl":"https:\/\/www.lifenatura.com\/wp-content\/uploads\/2021\/07\/logo.png","width":175,"height":55,"caption":"Lifenatura"},"image":{"@id":"https:\/\/www.lifenatura.com\/es\/#\/schema\/logo\/image\/"},"sameAs":["https:\/\/www.facebook.com\/lifenatura","https:\/\/www.instagram.com\/lifenaturapt\/"],"hasMerchantReturnPolicy":{"@type":"MerchantReturnPolicy","merchantReturnLink":"https:\/\/www.lifenatura.com\/termos-condicoes-lifenatura\/"}}]},"product_price_amount":"11.22","product_price_currency":"EUR","og_availability":"out of stock","product_availability":"out of stock","product_retailer_item_id":"8026380802166","product_condition":"new"},"df_price":11.22,"df_sale_price":"","df_regular_price":11.22,"df_image_link":"https:\/\/www.lifenatura.com\/wp-content\/uploads\/2021\/09\/gd_desodorizante-spray-100ml-zuccari-80213-300x300.jpg","_links":{"self":[{"href":"https:\/\/www.lifenatura.com\/es\/wp-json\/wp\/v2\/product\/41529","targetHints":{"allow":["GET"]}}],"collection":[{"href":"https:\/\/www.lifenatura.com\/es\/wp-json\/wp\/v2\/product"}],"about":[{"href":"https:\/\/www.lifenatura.com\/es\/wp-json\/wp\/v2\/types\/product"}],"wp:featuredmedia":[{"embeddable":true,"href":"https:\/\/www.lifenatura.com\/es\/wp-json\/wp\/v2\/media\/22648"}],"wp:attachment":[{"href":"https:\/\/www.lifenatura.com\/es\/wp-json\/wp\/v2\/media?parent=41529"}],"wp:term":[{"taxonomy":"product_brand","embeddable":true,"href":"https:\/\/www.lifenatura.com\/es\/wp-json\/wp\/v2\/product_brand?post=41529"},{"taxonomy":"product_cat","embeddable":true,"href":"https:\/\/www.lifenatura.com\/es\/wp-json\/wp\/v2\/product_cat?post=41529"},{"taxonomy":"product_tag","embeddable":true,"href":"https:\/\/www.lifenatura.com\/es\/wp-json\/wp\/v2\/product_tag?post=41529"}],"curies":[{"name":"wp","href":"https:\/\/api.w.org\/{rel}","templated":true}]}}