{"id":41523,"date":"2021-09-30T10:59:26","date_gmt":"2021-09-30T10:59:26","guid":{"rendered":"https:\/\/lifenatura.dev.agenciagetdigital.com\/produto\/colutorio-bucal-de-aloe-vera-250-ml-zuccari\/"},"modified":"2022-08-21T15:28:14","modified_gmt":"2022-08-21T15:28:14","slug":"colutorio-bucal-de-aloe-vera-250-ml-zuccari","status":"publish","type":"product","link":"https:\/\/www.lifenatura.com\/es\/produto\/colutorio-bucal-de-aloe-vera-250-ml-zuccari\/","title":{"rendered":"Colut\u00f3rio Bucal de Alo\u00e9 Vera 250 ml &#8211; Zuccari"},"content":{"rendered":"<p>El enjuague bucal con aloe vera protege la placa bacteriana El enjuague bucal con aloe vera combate naturalmente la placa, el sarro y la caries dental. Tiene un efecto blanqueador y refresca el aliento. Adem\u00e1s de ser el primer enjuague bucal del mundo sin agua agregada, se reemplaza completamente por jugo de Aloe Vera no pasteurizado, filtrado de carb\u00f3n y doble concentrado. Este enjuague bucal contiene un conjunto de ingredientes activos naturales sin\u00e9rgicos que garantizan una salud bucal \u00f3ptima. Con el sistema quantycup\u00ae que le permite entregar una dosis exacta de producto, haci\u00e9ndolo pr\u00e1ctico y evitando desperdicios. PRESENTACI\u00d3N 250 ml.<\/p>\n","protected":false},"excerpt":{"rendered":"<p>El enjuague bucal con aloe vera protege la placa bacteriana El enjuague bucal con aloe vera combate naturalmente la placa, el sarro y la caries dental. Tiene un efecto blanqueador y refresca el aliento. Adem\u00e1s de ser el primer enjuague bucal del mundo sin agua agregada, se reemplaza completamente por jugo de Aloe Vera no [&#8230;]<\/p>\n<p><a class=\"btn btn-secondary understrap-read-more-link\" href=\"https:\/\/www.lifenatura.com\/es\/produto\/colutorio-bucal-de-aloe-vera-250-ml-zuccari\/\">Leer m\u00e1s&#8230;<span class=\"screen-reader-text\"> from Colut\u00f3rio Bucal de Alo\u00e9 Vera 250 ml &#8211; Zuccari<\/span><\/a><\/p>\n","protected":false},"featured_media":22642,"template":"","meta":{"_acf_changed":false},"product_brand":[8398],"product_cat":[7668,7137,7653,7136,7659],"product_tag":[],"class_list":{"0":"post-41523","1":"product","2":"type-product","3":"status-publish","4":"has-post-thumbnail","6":"product_brand-zuccari","7":"product_cat-aloe-vera-bio","8":"product_cat-colutorio-higiene-bucodental","9":"product_cat-cosmetica-natural-lifenatura","10":"product_cat-higiene-bucodental","11":"product_cat-ingrediente-natural-bio","13":"first","14":"instock","15":"shipping-taxable","16":"purchasable","17":"product-type-simple","18":"add-to-wishlist-before_image"},"acf":[],"yoast_head":"<!-- This site is optimized with the Yoast SEO Premium plugin v27.1 (Yoast SEO v27.5) - https:\/\/yoast.com\/product\/yoast-seo-premium-wordpress\/ -->\n<title>Colut\u00f3rio Bucal de Alo\u00e9 Vera 250 ml - Zuccari<\/title>\n<meta name=\"description\" content=\"El enjuague bucal con aloe vera combate naturalmente la placa, el sarro y la caries dental.\" \/>\n<meta name=\"robots\" content=\"index, follow, max-snippet:-1, max-image-preview:large, max-video-preview:-1\" \/>\n<link rel=\"canonical\" href=\"https:\/\/www.lifenatura.com\/es\/produto\/colutorio-bucal-de-aloe-vera-250-ml-zuccari\/\" \/>\n<meta property=\"og:locale\" content=\"es_ES\" \/>\n<meta property=\"og:type\" content=\"article\" \/>\n<meta property=\"og:title\" content=\"Colut\u00f3rio Bucal de Alo\u00e9 Vera 250 ml - Zuccari - Na Lifenatura ao Melhor Pre\u00e7o | Envio 48h\" \/>\n<meta property=\"og:description\" content=\"Compre Colut\u00f3rio Bucal de Alo\u00e9 Vera 250 ml - Zuccari com envio r\u00e1pido. Entrega em 48h e portes gr\u00e1tis em compras &gt;35\u20ac. Aproveite j\u00e1 na Lifenatura\" \/>\n<meta property=\"og:url\" content=\"https:\/\/www.lifenatura.com\/es\/produto\/colutorio-bucal-de-aloe-vera-250-ml-zuccari\/\" \/>\n<meta property=\"og:site_name\" content=\"Lifenatura\" \/>\n<meta property=\"article:publisher\" content=\"https:\/\/www.facebook.com\/lifenatura\" \/>\n<meta property=\"article:modified_time\" content=\"2022-08-21T15:28:14+00:00\" \/>\n<meta property=\"og:image\" content=\"https:\/\/www.lifenatura.com\/wp-content\/uploads\/2021\/09\/gd_colutorio-aloe-vera-zuccari-80221.jpg\" \/>\n\t<meta property=\"og:image:width\" content=\"1000\" \/>\n\t<meta property=\"og:image:height\" content=\"1000\" \/>\n\t<meta property=\"og:image:type\" content=\"image\/jpeg\" \/>\n<meta name=\"twitter:card\" content=\"summary_large_image\" \/>\n<meta name=\"twitter:label1\" content=\"Precio\" \/>\n\t<meta name=\"twitter:data1\" content=\"8,07&nbsp;&euro;\" \/>\n\t<meta name=\"twitter:label2\" content=\"Disponibilidad\" \/>\n\t<meta name=\"twitter:data2\" content=\"Disponible\" \/>\n<script type=\"application\/ld+json\" class=\"yoast-schema-graph\">{\"@context\":\"https:\\\/\\\/schema.org\",\"@graph\":[{\"@type\":\"WebPage\",\"@id\":\"https:\\\/\\\/www.lifenatura.com\\\/es\\\/produto\\\/colutorio-bucal-de-aloe-vera-250-ml-zuccari\\\/\",\"url\":\"https:\\\/\\\/www.lifenatura.com\\\/es\\\/produto\\\/colutorio-bucal-de-aloe-vera-250-ml-zuccari\\\/\",\"name\":\"Colut\u00f3rio Bucal de Alo\u00e9 Vera 250 ml - Zuccari\",\"isPartOf\":{\"@id\":\"https:\\\/\\\/www.lifenatura.com\\\/es\\\/#website\"},\"primaryImageOfPage\":{\"@id\":\"https:\\\/\\\/www.lifenatura.com\\\/es\\\/produto\\\/colutorio-bucal-de-aloe-vera-250-ml-zuccari\\\/#primaryimage\"},\"image\":{\"@id\":\"https:\\\/\\\/www.lifenatura.com\\\/es\\\/produto\\\/colutorio-bucal-de-aloe-vera-250-ml-zuccari\\\/#primaryimage\"},\"thumbnailUrl\":\"https:\\\/\\\/www.lifenatura.com\\\/wp-content\\\/uploads\\\/2021\\\/09\\\/gd_colutorio-aloe-vera-zuccari-80221.jpg\",\"datePublished\":\"2021-09-30T10:59:26+00:00\",\"dateModified\":\"2022-08-21T15:28:14+00:00\",\"description\":\"El enjuague bucal con aloe vera combate naturalmente la placa, el sarro y la caries dental.\",\"breadcrumb\":{\"@id\":\"https:\\\/\\\/www.lifenatura.com\\\/es\\\/produto\\\/colutorio-bucal-de-aloe-vera-250-ml-zuccari\\\/#breadcrumb\"},\"inLanguage\":\"es\",\"potentialAction\":[{\"@type\":\"ReadAction\",\"target\":[\"https:\\\/\\\/www.lifenatura.com\\\/es\\\/produto\\\/colutorio-bucal-de-aloe-vera-250-ml-zuccari\\\/\"]}]},{\"@type\":\"ImageObject\",\"inLanguage\":\"es\",\"@id\":\"https:\\\/\\\/www.lifenatura.com\\\/es\\\/produto\\\/colutorio-bucal-de-aloe-vera-250-ml-zuccari\\\/#primaryimage\",\"url\":\"https:\\\/\\\/www.lifenatura.com\\\/wp-content\\\/uploads\\\/2021\\\/09\\\/gd_colutorio-aloe-vera-zuccari-80221.jpg\",\"contentUrl\":\"https:\\\/\\\/www.lifenatura.com\\\/wp-content\\\/uploads\\\/2021\\\/09\\\/gd_colutorio-aloe-vera-zuccari-80221.jpg\",\"width\":1000,\"height\":1000,\"caption\":\"Colut\u00f3rio Bucal de Alo\u00e9 Vera 250 ml - Zuccari\"},{\"@type\":\"BreadcrumbList\",\"@id\":\"https:\\\/\\\/www.lifenatura.com\\\/es\\\/produto\\\/colutorio-bucal-de-aloe-vera-250-ml-zuccari\\\/#breadcrumb\",\"itemListElement\":[{\"@type\":\"ListItem\",\"position\":1,\"name\":\"In\u00edcio\",\"item\":\"https:\\\/\\\/www.lifenatura.com\\\/es\\\/\"},{\"@type\":\"ListItem\",\"position\":2,\"name\":\"Todos los Productos\",\"item\":\"https:\\\/\\\/www.lifenatura.com\\\/es\\\/tienda\\\/\"},{\"@type\":\"ListItem\",\"position\":3,\"name\":\"Colut\u00f3rio Bucal de Alo\u00e9 Vera 250 ml &#8211; Zuccari\"}]},{\"@type\":\"WebSite\",\"@id\":\"https:\\\/\\\/www.lifenatura.com\\\/es\\\/#website\",\"url\":\"https:\\\/\\\/www.lifenatura.com\\\/es\\\/\",\"name\":\"Lifenatura\",\"description\":\"A Lifenatura \u00e9 uma loja de produtos naturais, cosm\u00e9tica natural e alimenta\u00e7\u00e3o Biol\u00f3gica.\",\"publisher\":{\"@id\":\"https:\\\/\\\/www.lifenatura.com\\\/es\\\/#organization\"},\"potentialAction\":[{\"@type\":\"SearchAction\",\"target\":{\"@type\":\"EntryPoint\",\"urlTemplate\":\"https:\\\/\\\/www.lifenatura.com\\\/es\\\/?s={search_term_string}\"},\"query-input\":{\"@type\":\"PropertyValueSpecification\",\"valueRequired\":true,\"valueName\":\"search_term_string\"}}],\"inLanguage\":\"es\"},{\"@type\":\"Organization\",\"@id\":\"https:\\\/\\\/www.lifenatura.com\\\/es\\\/#organization\",\"name\":\"Lifenatura\",\"url\":\"https:\\\/\\\/www.lifenatura.com\\\/es\\\/\",\"logo\":{\"@type\":\"ImageObject\",\"inLanguage\":\"es\",\"@id\":\"https:\\\/\\\/www.lifenatura.com\\\/es\\\/#\\\/schema\\\/logo\\\/image\\\/\",\"url\":\"https:\\\/\\\/www.lifenatura.com\\\/wp-content\\\/uploads\\\/2021\\\/07\\\/logo.png\",\"contentUrl\":\"https:\\\/\\\/www.lifenatura.com\\\/wp-content\\\/uploads\\\/2021\\\/07\\\/logo.png\",\"width\":175,\"height\":55,\"caption\":\"Lifenatura\"},\"image\":{\"@id\":\"https:\\\/\\\/www.lifenatura.com\\\/es\\\/#\\\/schema\\\/logo\\\/image\\\/\"},\"sameAs\":[\"https:\\\/\\\/www.facebook.com\\\/lifenatura\",\"https:\\\/\\\/www.instagram.com\\\/lifenaturapt\\\/\"],\"hasMerchantReturnPolicy\":{\"@type\":\"MerchantReturnPolicy\",\"merchantReturnLink\":\"https:\\\/\\\/www.lifenatura.com\\\/termos-condicoes-lifenatura\\\/\"}}]}<\/script>\n<meta property=\"product:price:amount\" content=\"8.07\" \/>\n<meta property=\"product:price:currency\" content=\"EUR\" \/>\n<meta property=\"og:availability\" content=\"instock\" \/>\n<meta property=\"product:availability\" content=\"instock\" \/>\n<meta property=\"product:retailer_item_id\" content=\"8026380802210\" \/>\n<meta property=\"product:condition\" content=\"new\" \/>\n<!-- \/ Yoast SEO Premium plugin. -->","yoast_head_json":{"title":"Colut\u00f3rio Bucal de Alo\u00e9 Vera 250 ml - Zuccari","description":"El enjuague bucal con aloe vera combate naturalmente la placa, el sarro y la caries dental.","robots":{"index":"index","follow":"follow","max-snippet":"max-snippet:-1","max-image-preview":"max-image-preview:large","max-video-preview":"max-video-preview:-1"},"canonical":"https:\/\/www.lifenatura.com\/es\/produto\/colutorio-bucal-de-aloe-vera-250-ml-zuccari\/","og_locale":"es_ES","og_type":"article","og_title":"Colut\u00f3rio Bucal de Alo\u00e9 Vera 250 ml - Zuccari - Na Lifenatura ao Melhor Pre\u00e7o | Envio 48h","og_description":"Compre Colut\u00f3rio Bucal de Alo\u00e9 Vera 250 ml - Zuccari com envio r\u00e1pido. Entrega em 48h e portes gr\u00e1tis em compras >35\u20ac. Aproveite j\u00e1 na Lifenatura","og_url":"https:\/\/www.lifenatura.com\/es\/produto\/colutorio-bucal-de-aloe-vera-250-ml-zuccari\/","og_site_name":"Lifenatura","article_publisher":"https:\/\/www.facebook.com\/lifenatura","article_modified_time":"2022-08-21T15:28:14+00:00","og_image":[{"width":1000,"height":1000,"url":"https:\/\/www.lifenatura.com\/wp-content\/uploads\/2021\/09\/gd_colutorio-aloe-vera-zuccari-80221.jpg","type":"image\/jpeg"}],"twitter_card":"summary_large_image","twitter_misc":{"Precio":"8,07&nbsp;&euro;","Disponibilidad":"Disponible"},"schema":{"@context":"https:\/\/schema.org","@graph":[{"@type":"WebPage","@id":"https:\/\/www.lifenatura.com\/es\/produto\/colutorio-bucal-de-aloe-vera-250-ml-zuccari\/","url":"https:\/\/www.lifenatura.com\/es\/produto\/colutorio-bucal-de-aloe-vera-250-ml-zuccari\/","name":"Colut\u00f3rio Bucal de Alo\u00e9 Vera 250 ml - Zuccari","isPartOf":{"@id":"https:\/\/www.lifenatura.com\/es\/#website"},"primaryImageOfPage":{"@id":"https:\/\/www.lifenatura.com\/es\/produto\/colutorio-bucal-de-aloe-vera-250-ml-zuccari\/#primaryimage"},"image":{"@id":"https:\/\/www.lifenatura.com\/es\/produto\/colutorio-bucal-de-aloe-vera-250-ml-zuccari\/#primaryimage"},"thumbnailUrl":"https:\/\/www.lifenatura.com\/wp-content\/uploads\/2021\/09\/gd_colutorio-aloe-vera-zuccari-80221.jpg","datePublished":"2021-09-30T10:59:26+00:00","dateModified":"2022-08-21T15:28:14+00:00","description":"El enjuague bucal con aloe vera combate naturalmente la placa, el sarro y la caries dental.","breadcrumb":{"@id":"https:\/\/www.lifenatura.com\/es\/produto\/colutorio-bucal-de-aloe-vera-250-ml-zuccari\/#breadcrumb"},"inLanguage":"es","potentialAction":[{"@type":"ReadAction","target":["https:\/\/www.lifenatura.com\/es\/produto\/colutorio-bucal-de-aloe-vera-250-ml-zuccari\/"]}]},{"@type":"ImageObject","inLanguage":"es","@id":"https:\/\/www.lifenatura.com\/es\/produto\/colutorio-bucal-de-aloe-vera-250-ml-zuccari\/#primaryimage","url":"https:\/\/www.lifenatura.com\/wp-content\/uploads\/2021\/09\/gd_colutorio-aloe-vera-zuccari-80221.jpg","contentUrl":"https:\/\/www.lifenatura.com\/wp-content\/uploads\/2021\/09\/gd_colutorio-aloe-vera-zuccari-80221.jpg","width":1000,"height":1000,"caption":"Colut\u00f3rio Bucal de Alo\u00e9 Vera 250 ml - Zuccari"},{"@type":"BreadcrumbList","@id":"https:\/\/www.lifenatura.com\/es\/produto\/colutorio-bucal-de-aloe-vera-250-ml-zuccari\/#breadcrumb","itemListElement":[{"@type":"ListItem","position":1,"name":"In\u00edcio","item":"https:\/\/www.lifenatura.com\/es\/"},{"@type":"ListItem","position":2,"name":"Todos los Productos","item":"https:\/\/www.lifenatura.com\/es\/tienda\/"},{"@type":"ListItem","position":3,"name":"Colut\u00f3rio Bucal de Alo\u00e9 Vera 250 ml &#8211; Zuccari"}]},{"@type":"WebSite","@id":"https:\/\/www.lifenatura.com\/es\/#website","url":"https:\/\/www.lifenatura.com\/es\/","name":"Lifenatura","description":"A Lifenatura \u00e9 uma loja de produtos naturais, cosm\u00e9tica natural e alimenta\u00e7\u00e3o Biol\u00f3gica.","publisher":{"@id":"https:\/\/www.lifenatura.com\/es\/#organization"},"potentialAction":[{"@type":"SearchAction","target":{"@type":"EntryPoint","urlTemplate":"https:\/\/www.lifenatura.com\/es\/?s={search_term_string}"},"query-input":{"@type":"PropertyValueSpecification","valueRequired":true,"valueName":"search_term_string"}}],"inLanguage":"es"},{"@type":"Organization","@id":"https:\/\/www.lifenatura.com\/es\/#organization","name":"Lifenatura","url":"https:\/\/www.lifenatura.com\/es\/","logo":{"@type":"ImageObject","inLanguage":"es","@id":"https:\/\/www.lifenatura.com\/es\/#\/schema\/logo\/image\/","url":"https:\/\/www.lifenatura.com\/wp-content\/uploads\/2021\/07\/logo.png","contentUrl":"https:\/\/www.lifenatura.com\/wp-content\/uploads\/2021\/07\/logo.png","width":175,"height":55,"caption":"Lifenatura"},"image":{"@id":"https:\/\/www.lifenatura.com\/es\/#\/schema\/logo\/image\/"},"sameAs":["https:\/\/www.facebook.com\/lifenatura","https:\/\/www.instagram.com\/lifenaturapt\/"],"hasMerchantReturnPolicy":{"@type":"MerchantReturnPolicy","merchantReturnLink":"https:\/\/www.lifenatura.com\/termos-condicoes-lifenatura\/"}}]},"product_price_amount":"8.07","product_price_currency":"EUR","og_availability":"instock","product_availability":"instock","product_retailer_item_id":"8026380802210","product_condition":"new"},"df_price":8.07,"df_sale_price":"","df_regular_price":8.07,"df_image_link":"https:\/\/www.lifenatura.com\/wp-content\/uploads\/2021\/09\/gd_colutorio-aloe-vera-zuccari-80221-300x300.jpg","_links":{"self":[{"href":"https:\/\/www.lifenatura.com\/es\/wp-json\/wp\/v2\/product\/41523","targetHints":{"allow":["GET"]}}],"collection":[{"href":"https:\/\/www.lifenatura.com\/es\/wp-json\/wp\/v2\/product"}],"about":[{"href":"https:\/\/www.lifenatura.com\/es\/wp-json\/wp\/v2\/types\/product"}],"wp:featuredmedia":[{"embeddable":true,"href":"https:\/\/www.lifenatura.com\/es\/wp-json\/wp\/v2\/media\/22642"}],"wp:attachment":[{"href":"https:\/\/www.lifenatura.com\/es\/wp-json\/wp\/v2\/media?parent=41523"}],"wp:term":[{"taxonomy":"product_brand","embeddable":true,"href":"https:\/\/www.lifenatura.com\/es\/wp-json\/wp\/v2\/product_brand?post=41523"},{"taxonomy":"product_cat","embeddable":true,"href":"https:\/\/www.lifenatura.com\/es\/wp-json\/wp\/v2\/product_cat?post=41523"},{"taxonomy":"product_tag","embeddable":true,"href":"https:\/\/www.lifenatura.com\/es\/wp-json\/wp\/v2\/product_tag?post=41523"}],"curies":[{"name":"wp","href":"https:\/\/api.w.org\/{rel}","templated":true}]}}