{"id":41515,"date":"2021-09-30T10:59:26","date_gmt":"2021-09-30T10:59:26","guid":{"rendered":"https:\/\/lifenatura.dev.agenciagetdigital.com\/produto\/pack-bebe-hidratacao-weleda-baby\/"},"modified":"2023-01-01T00:00:41","modified_gmt":"2023-01-01T00:00:41","slug":"pack-bebe-hidratacao-weleda-baby","status":"publish","type":"product","link":"https:\/\/www.lifenatura.com\/es\/produto\/pack-bebe-hidratacao-weleda-baby\/","title":{"rendered":"Pack Beb\u00e9 Hidrata\u00e7\u00e3o &#8211; Weleda Baby"},"content":{"rendered":"<p>Pack hidrataci\u00f3n de beb\u00e9 Weleda El Pack de hidrataci\u00f3n para el bebe es espec\u00edfico para el cuidado del ba\u00f1o y despu\u00e9s del ba\u00f1o, para que tu beb\u00e9 mantenga la piel hidratada y cuidada. Cuida y protege la piel de tu beb\u00e9 durante los primeros meses de vida, necesita cuidados especiales durante los primeros meses de vida. Dos tratamientos 100% naturales para cuidar la delicada piel de tu beb\u00e9. Su ingrediente principal, Calendula Bio, es fundamental para mantener la piel tersa e hidratada durante y despu\u00e9s del ba\u00f1o. Este paquete contiene: Champ\u00fa y gel de ducha Calendula Leche Hidratante de Cal\u00e9ndula<\/p>\n","protected":false},"excerpt":{"rendered":"<p>Pack hidrataci\u00f3n de beb\u00e9 Weleda El Pack de hidrataci\u00f3n para el bebe es espec\u00edfico para el cuidado del ba\u00f1o y despu\u00e9s del ba\u00f1o, para que tu beb\u00e9 mantenga la piel hidratada y cuidada. Cuida y protege la piel de tu beb\u00e9 durante los primeros meses de vida, necesita cuidados especiales durante los primeros meses de [&#8230;]<\/p>\n<p><a class=\"btn btn-secondary understrap-read-more-link\" href=\"https:\/\/www.lifenatura.com\/es\/produto\/pack-bebe-hidratacao-weleda-baby\/\">Leer m\u00e1s&#8230;<span class=\"screen-reader-text\"> from Pack Beb\u00e9 Hidrata\u00e7\u00e3o &#8211; Weleda Baby<\/span><\/a><\/p>\n","protected":false},"featured_media":22634,"template":"","meta":{"_acf_changed":false},"product_brand":[8381],"product_cat":[7653,7144,7105,7102],"product_tag":[],"class_list":{"0":"post-41515","1":"product","2":"type-product","3":"status-publish","4":"has-post-thumbnail","6":"product_brand-weleda","7":"product_cat-cosmetica-natural-lifenatura","8":"product_cat-cosmetica-natural-packs-cosmetica-natural-lifenatura","9":"product_cat-crema-hidratante","10":"product_cat-cuidado-del-cuerpo","12":"first","13":"outofstock","14":"shipping-taxable","15":"purchasable","16":"product-type-simple","17":"add-to-wishlist-before_image"},"acf":[],"yoast_head":"<!-- This site is optimized with the Yoast SEO Premium plugin v27.1 (Yoast SEO v27.3) - https:\/\/yoast.com\/product\/yoast-seo-premium-wordpress\/ -->\n<title>Pack Beb\u00e9 Hidrata\u00e7\u00e3o - Weleda Baby<\/title>\n<meta name=\"description\" content=\"El Pack de hidrataci\u00f3n para el bebe es espec\u00edfico para el cuidado del ba\u00f1o y despu\u00e9s del ba\u00f1o, para que tu beb\u00e9 mantenga la piel hidratada y cuidada.\" \/>\n<meta name=\"robots\" content=\"index, follow, max-snippet:-1, max-image-preview:large, max-video-preview:-1\" \/>\n<link rel=\"canonical\" href=\"https:\/\/www.lifenatura.com\/es\/produto\/pack-bebe-hidratacao-weleda-baby\/\" \/>\n<meta property=\"og:locale\" content=\"es_ES\" \/>\n<meta property=\"og:type\" content=\"article\" \/>\n<meta property=\"og:title\" content=\"Pack Beb\u00e9 Hidrata\u00e7\u00e3o - Weleda Baby - Lifenatura\" \/>\n<meta property=\"og:description\" content=\"Compre aqui o seu Pack Beb\u00e9 Hidrata\u00e7\u00e3o - Weleda Baby e a Lifenatura Online envia em 48 H com Portes Gratis &gt;35\u20ac de Pedido.\" \/>\n<meta property=\"og:url\" content=\"https:\/\/www.lifenatura.com\/es\/produto\/pack-bebe-hidratacao-weleda-baby\/\" \/>\n<meta property=\"og:site_name\" content=\"Lifenatura\" \/>\n<meta property=\"article:publisher\" content=\"https:\/\/www.facebook.com\/lifenatura\" \/>\n<meta property=\"article:modified_time\" content=\"2023-01-01T00:00:41+00:00\" \/>\n<meta property=\"og:image\" content=\"https:\/\/www.lifenatura.com\/wp-content\/uploads\/2021\/09\/gd_pack_bebe_hidratacao_weleda.jpg\" \/>\n\t<meta property=\"og:image:width\" content=\"1000\" \/>\n\t<meta property=\"og:image:height\" content=\"1000\" \/>\n\t<meta property=\"og:image:type\" content=\"image\/jpeg\" \/>\n<meta name=\"twitter:card\" content=\"summary_large_image\" \/>\n<meta name=\"twitter:label1\" content=\"Precio\" \/>\n\t<meta name=\"twitter:data1\" content=\"23,40&nbsp;&euro;\" \/>\n\t<meta name=\"twitter:label2\" content=\"Disponibilidad\" \/>\n\t<meta name=\"twitter:data2\" content=\"Sin existencias\" \/>\n<meta property=\"product:price:amount\" content=\"23.40\" \/>\n<meta property=\"product:price:currency\" content=\"EUR\" \/>\n<meta property=\"og:availability\" content=\"out of stock\" \/>\n<meta property=\"product:availability\" content=\"out of stock\" \/>\n<meta property=\"product:retailer_item_id\" content=\"8436541420465pack\" \/>\n<meta property=\"product:condition\" content=\"new\" \/>\n<!-- \/ Yoast SEO Premium plugin. -->","yoast_head_json":{"title":"Pack Beb\u00e9 Hidrata\u00e7\u00e3o - Weleda Baby","description":"El Pack de hidrataci\u00f3n para el bebe es espec\u00edfico para el cuidado del ba\u00f1o y despu\u00e9s del ba\u00f1o, para que tu beb\u00e9 mantenga la piel hidratada y cuidada.","robots":{"index":"index","follow":"follow","max-snippet":"max-snippet:-1","max-image-preview":"max-image-preview:large","max-video-preview":"max-video-preview:-1"},"canonical":"https:\/\/www.lifenatura.com\/es\/produto\/pack-bebe-hidratacao-weleda-baby\/","og_locale":"es_ES","og_type":"article","og_title":"Pack Beb\u00e9 Hidrata\u00e7\u00e3o - Weleda Baby - Lifenatura","og_description":"Compre aqui o seu Pack Beb\u00e9 Hidrata\u00e7\u00e3o - Weleda Baby e a Lifenatura Online envia em 48 H com Portes Gratis >35\u20ac de Pedido.","og_url":"https:\/\/www.lifenatura.com\/es\/produto\/pack-bebe-hidratacao-weleda-baby\/","og_site_name":"Lifenatura","article_publisher":"https:\/\/www.facebook.com\/lifenatura","article_modified_time":"2023-01-01T00:00:41+00:00","og_image":[{"width":1000,"height":1000,"url":"https:\/\/www.lifenatura.com\/wp-content\/uploads\/2021\/09\/gd_pack_bebe_hidratacao_weleda.jpg","type":"image\/jpeg"}],"twitter_card":"summary_large_image","twitter_misc":{"Precio":"23,40&nbsp;&euro;","Disponibilidad":"Sin existencias"},"schema":{"@context":"https:\/\/schema.org","@graph":[{"@type":"WebPage","@id":"https:\/\/www.lifenatura.com\/es\/produto\/pack-bebe-hidratacao-weleda-baby\/","url":"https:\/\/www.lifenatura.com\/es\/produto\/pack-bebe-hidratacao-weleda-baby\/","name":"Pack Beb\u00e9 Hidrata\u00e7\u00e3o - Weleda Baby","isPartOf":{"@id":"https:\/\/www.lifenatura.com\/es\/#website"},"primaryImageOfPage":{"@id":"https:\/\/www.lifenatura.com\/es\/produto\/pack-bebe-hidratacao-weleda-baby\/#primaryimage"},"image":{"@id":"https:\/\/www.lifenatura.com\/es\/produto\/pack-bebe-hidratacao-weleda-baby\/#primaryimage"},"thumbnailUrl":"https:\/\/www.lifenatura.com\/wp-content\/uploads\/2021\/09\/gd_pack_bebe_hidratacao_weleda.jpg","datePublished":"2021-09-30T10:59:26+00:00","dateModified":"2023-01-01T00:00:41+00:00","description":"El Pack de hidrataci\u00f3n para el bebe es espec\u00edfico para el cuidado del ba\u00f1o y despu\u00e9s del ba\u00f1o, para que tu beb\u00e9 mantenga la piel hidratada y cuidada.","breadcrumb":{"@id":"https:\/\/www.lifenatura.com\/es\/produto\/pack-bebe-hidratacao-weleda-baby\/#breadcrumb"},"inLanguage":"es","potentialAction":[{"@type":"ReadAction","target":["https:\/\/www.lifenatura.com\/es\/produto\/pack-bebe-hidratacao-weleda-baby\/"]}]},{"@type":"ImageObject","inLanguage":"es","@id":"https:\/\/www.lifenatura.com\/es\/produto\/pack-bebe-hidratacao-weleda-baby\/#primaryimage","url":"https:\/\/www.lifenatura.com\/wp-content\/uploads\/2021\/09\/gd_pack_bebe_hidratacao_weleda.jpg","contentUrl":"https:\/\/www.lifenatura.com\/wp-content\/uploads\/2021\/09\/gd_pack_bebe_hidratacao_weleda.jpg","width":1000,"height":1000,"caption":"Pack Beb\u00e9 Hidrata\u00e7\u00e3o - Weleda Baby"},{"@type":"BreadcrumbList","@id":"https:\/\/www.lifenatura.com\/es\/produto\/pack-bebe-hidratacao-weleda-baby\/#breadcrumb","itemListElement":[{"@type":"ListItem","position":1,"name":"In\u00edcio","item":"https:\/\/www.lifenatura.com\/es\/"},{"@type":"ListItem","position":2,"name":"Todos los Productos","item":"https:\/\/www.lifenatura.com\/es\/tienda\/"},{"@type":"ListItem","position":3,"name":"Pack Beb\u00e9 Hidrata\u00e7\u00e3o &#8211; Weleda Baby"}]},{"@type":"WebSite","@id":"https:\/\/www.lifenatura.com\/es\/#website","url":"https:\/\/www.lifenatura.com\/es\/","name":"Lifenatura","description":"A Lifenatura \u00e9 uma loja de produtos naturais, cosm\u00e9tica natural e alimenta\u00e7\u00e3o Biol\u00f3gica.","publisher":{"@id":"https:\/\/www.lifenatura.com\/es\/#organization"},"potentialAction":[{"@type":"SearchAction","target":{"@type":"EntryPoint","urlTemplate":"https:\/\/www.lifenatura.com\/es\/?s={search_term_string}"},"query-input":{"@type":"PropertyValueSpecification","valueRequired":true,"valueName":"search_term_string"}}],"inLanguage":"es"},{"@type":"Organization","@id":"https:\/\/www.lifenatura.com\/es\/#organization","name":"Lifenatura","url":"https:\/\/www.lifenatura.com\/es\/","logo":{"@type":"ImageObject","inLanguage":"es","@id":"https:\/\/www.lifenatura.com\/es\/#\/schema\/logo\/image\/","url":"https:\/\/www.lifenatura.com\/wp-content\/uploads\/2021\/11\/logo.png","contentUrl":"https:\/\/www.lifenatura.com\/wp-content\/uploads\/2021\/11\/logo.png","width":175,"height":55,"caption":"Lifenatura"},"image":{"@id":"https:\/\/www.lifenatura.com\/es\/#\/schema\/logo\/image\/"},"sameAs":["https:\/\/www.facebook.com\/lifenatura","https:\/\/www.instagram.com\/lifenaturapt\/"]}]},"product_price_amount":"23.40","product_price_currency":"EUR","og_availability":"out of stock","product_availability":"out of stock","product_retailer_item_id":"8436541420465pack","product_condition":"new"},"df_price":23.4,"df_sale_price":"","df_regular_price":23.4,"df_image_link":"https:\/\/www.lifenatura.com\/wp-content\/uploads\/2021\/09\/gd_pack_bebe_hidratacao_weleda-300x300.jpg","_links":{"self":[{"href":"https:\/\/www.lifenatura.com\/es\/wp-json\/wp\/v2\/product\/41515","targetHints":{"allow":["GET"]}}],"collection":[{"href":"https:\/\/www.lifenatura.com\/es\/wp-json\/wp\/v2\/product"}],"about":[{"href":"https:\/\/www.lifenatura.com\/es\/wp-json\/wp\/v2\/types\/product"}],"wp:featuredmedia":[{"embeddable":true,"href":"https:\/\/www.lifenatura.com\/es\/wp-json\/wp\/v2\/media\/22634"}],"wp:attachment":[{"href":"https:\/\/www.lifenatura.com\/es\/wp-json\/wp\/v2\/media?parent=41515"}],"wp:term":[{"taxonomy":"product_brand","embeddable":true,"href":"https:\/\/www.lifenatura.com\/es\/wp-json\/wp\/v2\/product_brand?post=41515"},{"taxonomy":"product_cat","embeddable":true,"href":"https:\/\/www.lifenatura.com\/es\/wp-json\/wp\/v2\/product_cat?post=41515"},{"taxonomy":"product_tag","embeddable":true,"href":"https:\/\/www.lifenatura.com\/es\/wp-json\/wp\/v2\/product_tag?post=41515"}],"curies":[{"name":"wp","href":"https:\/\/api.w.org\/{rel}","templated":true}]}}