{"id":41446,"date":"2021-09-30T10:58:21","date_gmt":"2021-09-30T10:58:21","guid":{"rendered":"https:\/\/lifenatura.dev.agenciagetdigital.com\/produto\/crema-facial-piel-atopica-malva-blanca-50-ml-weleda-baby\/"},"modified":"2022-08-21T15:27:19","modified_gmt":"2022-08-21T15:27:19","slug":"crema-facial-piel-atopica-malva-blanca-50-ml-weleda-baby","status":"publish","type":"product","link":"https:\/\/www.lifenatura.com\/es\/produto\/crema-facial-piel-atopica-malva-blanca-50-ml-weleda-baby\/","title":{"rendered":"Crema Facial Piel At\u00f3pica Malva Blanca 50 ml &#8211; Weleda Baby"},"content":{"rendered":"<p>Crema para la piel at\u00f3pica de tu beb\u00e9 La crema facial adecuada para la piel at\u00f3pica de tu beb\u00e9 tiene como ingrediente principal la malva blanca, es un cuidado facial calmante para beb\u00e9s con piel hipersensible y at\u00f3pica. Nutre y calma el enrojecimiento y la picaz\u00f3n. Los extractos org\u00e1nicos de malva blanca y pensamiento calman la piel at\u00f3pica, los aceites org\u00e1nicos de coco y s\u00e9samo brindan un cuidado intenso. El eccema at\u00f3pico es una reacci\u00f3n a la hipersensibilidad y aparece principalmente en los lados de la cara. La piel se irrita, se descama f\u00e1cilmente debido a la piel seca. Por eso Weleda desarroll\u00f3 esta crema facial sin aceites esenciales, y con ingredientes exclusivamente naturales que no solo nutren y suavizan la piel, sino que tambi\u00e9n la protegen. PRESENTACI\u00d3N 50 ml<\/p>\n","protected":false},"excerpt":{"rendered":"<p>Crema para la piel at\u00f3pica de tu beb\u00e9 La crema facial adecuada para la piel at\u00f3pica de tu beb\u00e9 tiene como ingrediente principal la malva blanca, es un cuidado facial calmante para beb\u00e9s con piel hipersensible y at\u00f3pica. Nutre y calma el enrojecimiento y la picaz\u00f3n. Los extractos org\u00e1nicos de malva blanca y pensamiento calman [&#8230;]<\/p>\n<p><a class=\"btn btn-secondary understrap-read-more-link\" href=\"https:\/\/www.lifenatura.com\/es\/produto\/crema-facial-piel-atopica-malva-blanca-50-ml-weleda-baby\/\">Leer m\u00e1s&#8230;<span class=\"screen-reader-text\"> from Crema Facial Piel At\u00f3pica Malva Blanca 50 ml &#8211; Weleda Baby<\/span><\/a><\/p>\n","protected":false},"featured_media":22565,"template":"","meta":{"_acf_changed":false},"product_brand":[8381],"product_cat":[7094,7064,7653,7105,7102,7074],"product_tag":[],"class_list":{"0":"post-41446","1":"product","2":"type-product","3":"status-publish","4":"has-post-thumbnail","6":"product_brand-weleda","7":"product_cat-aceite-de-coco","8":"product_cat-alimentacion-sana","9":"product_cat-cosmetica-natural-lifenatura","10":"product_cat-crema-hidratante","11":"product_cat-cuidado-del-cuerpo","12":"product_cat-productos-alimenticios","14":"first","15":"outofstock","16":"shipping-taxable","17":"purchasable","18":"product-type-simple","19":"add-to-wishlist-before_image"},"acf":[],"yoast_head":"<!-- This site is optimized with the Yoast SEO Premium plugin v27.1 (Yoast SEO v27.5) - https:\/\/yoast.com\/product\/yoast-seo-premium-wordpress\/ -->\n<title>Crema Facial Piel At\u00f3pica Malva Blanca 50 ml - Weleda Baby<\/title>\n<meta name=\"description\" content=\"La crema facial adecuada para la piel at\u00f3pica de tu beb\u00e9 tiene como ingrediente principal la malva blanca, es un cuidado facial calmante para beb\u00e9s con piel hipersensible y at\u00f3pica.\" \/>\n<meta name=\"robots\" content=\"index, follow, max-snippet:-1, max-image-preview:large, max-video-preview:-1\" \/>\n<link rel=\"canonical\" href=\"https:\/\/www.lifenatura.com\/es\/produto\/crema-facial-piel-atopica-malva-blanca-50-ml-weleda-baby\/\" \/>\n<meta property=\"og:locale\" content=\"es_ES\" \/>\n<meta property=\"og:type\" content=\"article\" \/>\n<meta property=\"og:title\" content=\"Crema Facial Piel At\u00f3pica Malva Blanca 50 ml - Weleda Baby - Na Lifenatura ao Melhor Pre\u00e7o | Envio 48h\" \/>\n<meta property=\"og:description\" content=\"Compre Crema Facial Piel At\u00f3pica Malva Blanca 50 ml - Weleda Baby com envio r\u00e1pido. Entrega em 48h e portes gr\u00e1tis em compras &gt;35\u20ac. Aproveite j\u00e1 na Lifenatura\" \/>\n<meta property=\"og:url\" content=\"https:\/\/www.lifenatura.com\/es\/produto\/crema-facial-piel-atopica-malva-blanca-50-ml-weleda-baby\/\" \/>\n<meta property=\"og:site_name\" content=\"Lifenatura\" \/>\n<meta property=\"article:publisher\" content=\"https:\/\/www.facebook.com\/lifenatura\" \/>\n<meta property=\"article:modified_time\" content=\"2022-08-21T15:27:19+00:00\" \/>\n<meta property=\"og:image\" content=\"https:\/\/www.lifenatura.com\/wp-content\/uploads\/2021\/09\/gd_creme_rosto_pele_atopica_weleda_baby.jpg\" \/>\n\t<meta property=\"og:image:width\" content=\"1000\" \/>\n\t<meta property=\"og:image:height\" content=\"1000\" \/>\n\t<meta property=\"og:image:type\" content=\"image\/jpeg\" \/>\n<meta name=\"twitter:card\" content=\"summary_large_image\" \/>\n<meta name=\"twitter:label1\" content=\"Precio\" \/>\n\t<meta name=\"twitter:data1\" content=\"10,17&nbsp;&euro;\" \/>\n\t<meta name=\"twitter:label2\" content=\"Disponibilidad\" \/>\n\t<meta name=\"twitter:data2\" content=\"Sin existencias\" \/>\n<script type=\"application\/ld+json\" class=\"yoast-schema-graph\">{\"@context\":\"https:\\\/\\\/schema.org\",\"@graph\":[{\"@type\":\"WebPage\",\"@id\":\"https:\\\/\\\/www.lifenatura.com\\\/es\\\/produto\\\/crema-facial-piel-atopica-malva-blanca-50-ml-weleda-baby\\\/\",\"url\":\"https:\\\/\\\/www.lifenatura.com\\\/es\\\/produto\\\/crema-facial-piel-atopica-malva-blanca-50-ml-weleda-baby\\\/\",\"name\":\"Crema Facial Piel At\u00f3pica Malva Blanca 50 ml - Weleda Baby\",\"isPartOf\":{\"@id\":\"https:\\\/\\\/www.lifenatura.com\\\/es\\\/#website\"},\"primaryImageOfPage\":{\"@id\":\"https:\\\/\\\/www.lifenatura.com\\\/es\\\/produto\\\/crema-facial-piel-atopica-malva-blanca-50-ml-weleda-baby\\\/#primaryimage\"},\"image\":{\"@id\":\"https:\\\/\\\/www.lifenatura.com\\\/es\\\/produto\\\/crema-facial-piel-atopica-malva-blanca-50-ml-weleda-baby\\\/#primaryimage\"},\"thumbnailUrl\":\"https:\\\/\\\/www.lifenatura.com\\\/wp-content\\\/uploads\\\/2021\\\/09\\\/gd_creme_rosto_pele_atopica_weleda_baby.jpg\",\"datePublished\":\"2021-09-30T10:58:21+00:00\",\"dateModified\":\"2022-08-21T15:27:19+00:00\",\"description\":\"La crema facial adecuada para la piel at\u00f3pica de tu beb\u00e9 tiene como ingrediente principal la malva blanca, es un cuidado facial calmante para beb\u00e9s con piel hipersensible y at\u00f3pica.\",\"breadcrumb\":{\"@id\":\"https:\\\/\\\/www.lifenatura.com\\\/es\\\/produto\\\/crema-facial-piel-atopica-malva-blanca-50-ml-weleda-baby\\\/#breadcrumb\"},\"inLanguage\":\"es\",\"potentialAction\":[{\"@type\":\"ReadAction\",\"target\":[\"https:\\\/\\\/www.lifenatura.com\\\/es\\\/produto\\\/crema-facial-piel-atopica-malva-blanca-50-ml-weleda-baby\\\/\"]}]},{\"@type\":\"ImageObject\",\"inLanguage\":\"es\",\"@id\":\"https:\\\/\\\/www.lifenatura.com\\\/es\\\/produto\\\/crema-facial-piel-atopica-malva-blanca-50-ml-weleda-baby\\\/#primaryimage\",\"url\":\"https:\\\/\\\/www.lifenatura.com\\\/wp-content\\\/uploads\\\/2021\\\/09\\\/gd_creme_rosto_pele_atopica_weleda_baby.jpg\",\"contentUrl\":\"https:\\\/\\\/www.lifenatura.com\\\/wp-content\\\/uploads\\\/2021\\\/09\\\/gd_creme_rosto_pele_atopica_weleda_baby.jpg\",\"width\":1000,\"height\":1000,\"caption\":\"Crema Facial Piel At\u00f3pica Malva Blanca 50 ml - Weleda Baby\"},{\"@type\":\"BreadcrumbList\",\"@id\":\"https:\\\/\\\/www.lifenatura.com\\\/es\\\/produto\\\/crema-facial-piel-atopica-malva-blanca-50-ml-weleda-baby\\\/#breadcrumb\",\"itemListElement\":[{\"@type\":\"ListItem\",\"position\":1,\"name\":\"In\u00edcio\",\"item\":\"https:\\\/\\\/www.lifenatura.com\\\/es\\\/\"},{\"@type\":\"ListItem\",\"position\":2,\"name\":\"Todos los Productos\",\"item\":\"https:\\\/\\\/www.lifenatura.com\\\/es\\\/tienda\\\/\"},{\"@type\":\"ListItem\",\"position\":3,\"name\":\"Crema Facial Piel At\u00f3pica Malva Blanca 50 ml &#8211; Weleda Baby\"}]},{\"@type\":\"WebSite\",\"@id\":\"https:\\\/\\\/www.lifenatura.com\\\/es\\\/#website\",\"url\":\"https:\\\/\\\/www.lifenatura.com\\\/es\\\/\",\"name\":\"Lifenatura\",\"description\":\"A Lifenatura \u00e9 uma loja de produtos naturais, cosm\u00e9tica natural e alimenta\u00e7\u00e3o Biol\u00f3gica.\",\"publisher\":{\"@id\":\"https:\\\/\\\/www.lifenatura.com\\\/es\\\/#organization\"},\"potentialAction\":[{\"@type\":\"SearchAction\",\"target\":{\"@type\":\"EntryPoint\",\"urlTemplate\":\"https:\\\/\\\/www.lifenatura.com\\\/es\\\/?s={search_term_string}\"},\"query-input\":{\"@type\":\"PropertyValueSpecification\",\"valueRequired\":true,\"valueName\":\"search_term_string\"}}],\"inLanguage\":\"es\"},{\"@type\":\"Organization\",\"@id\":\"https:\\\/\\\/www.lifenatura.com\\\/es\\\/#organization\",\"name\":\"Lifenatura\",\"url\":\"https:\\\/\\\/www.lifenatura.com\\\/es\\\/\",\"logo\":{\"@type\":\"ImageObject\",\"inLanguage\":\"es\",\"@id\":\"https:\\\/\\\/www.lifenatura.com\\\/es\\\/#\\\/schema\\\/logo\\\/image\\\/\",\"url\":\"https:\\\/\\\/www.lifenatura.com\\\/wp-content\\\/uploads\\\/2021\\\/07\\\/logo.png\",\"contentUrl\":\"https:\\\/\\\/www.lifenatura.com\\\/wp-content\\\/uploads\\\/2021\\\/07\\\/logo.png\",\"width\":175,\"height\":55,\"caption\":\"Lifenatura\"},\"image\":{\"@id\":\"https:\\\/\\\/www.lifenatura.com\\\/es\\\/#\\\/schema\\\/logo\\\/image\\\/\"},\"sameAs\":[\"https:\\\/\\\/www.facebook.com\\\/lifenatura\",\"https:\\\/\\\/www.instagram.com\\\/lifenaturapt\\\/\"],\"hasMerchantReturnPolicy\":{\"@type\":\"MerchantReturnPolicy\",\"merchantReturnLink\":\"https:\\\/\\\/www.lifenatura.com\\\/termos-condicoes-lifenatura\\\/\"}}]}<\/script>\n<meta property=\"product:price:amount\" content=\"10.17\" \/>\n<meta property=\"product:price:currency\" content=\"EUR\" \/>\n<meta property=\"og:availability\" content=\"out of stock\" \/>\n<meta property=\"product:availability\" content=\"out of stock\" \/>\n<meta property=\"product:retailer_item_id\" content=\"4001638096669\" \/>\n<meta property=\"product:condition\" content=\"new\" \/>\n<!-- \/ Yoast SEO Premium plugin. -->","yoast_head_json":{"title":"Crema Facial Piel At\u00f3pica Malva Blanca 50 ml - Weleda Baby","description":"La crema facial adecuada para la piel at\u00f3pica de tu beb\u00e9 tiene como ingrediente principal la malva blanca, es un cuidado facial calmante para beb\u00e9s con piel hipersensible y at\u00f3pica.","robots":{"index":"index","follow":"follow","max-snippet":"max-snippet:-1","max-image-preview":"max-image-preview:large","max-video-preview":"max-video-preview:-1"},"canonical":"https:\/\/www.lifenatura.com\/es\/produto\/crema-facial-piel-atopica-malva-blanca-50-ml-weleda-baby\/","og_locale":"es_ES","og_type":"article","og_title":"Crema Facial Piel At\u00f3pica Malva Blanca 50 ml - Weleda Baby - Na Lifenatura ao Melhor Pre\u00e7o | Envio 48h","og_description":"Compre Crema Facial Piel At\u00f3pica Malva Blanca 50 ml - Weleda Baby com envio r\u00e1pido. Entrega em 48h e portes gr\u00e1tis em compras >35\u20ac. Aproveite j\u00e1 na Lifenatura","og_url":"https:\/\/www.lifenatura.com\/es\/produto\/crema-facial-piel-atopica-malva-blanca-50-ml-weleda-baby\/","og_site_name":"Lifenatura","article_publisher":"https:\/\/www.facebook.com\/lifenatura","article_modified_time":"2022-08-21T15:27:19+00:00","og_image":[{"width":1000,"height":1000,"url":"https:\/\/www.lifenatura.com\/wp-content\/uploads\/2021\/09\/gd_creme_rosto_pele_atopica_weleda_baby.jpg","type":"image\/jpeg"}],"twitter_card":"summary_large_image","twitter_misc":{"Precio":"10,17&nbsp;&euro;","Disponibilidad":"Sin existencias"},"schema":{"@context":"https:\/\/schema.org","@graph":[{"@type":"WebPage","@id":"https:\/\/www.lifenatura.com\/es\/produto\/crema-facial-piel-atopica-malva-blanca-50-ml-weleda-baby\/","url":"https:\/\/www.lifenatura.com\/es\/produto\/crema-facial-piel-atopica-malva-blanca-50-ml-weleda-baby\/","name":"Crema Facial Piel At\u00f3pica Malva Blanca 50 ml - Weleda Baby","isPartOf":{"@id":"https:\/\/www.lifenatura.com\/es\/#website"},"primaryImageOfPage":{"@id":"https:\/\/www.lifenatura.com\/es\/produto\/crema-facial-piel-atopica-malva-blanca-50-ml-weleda-baby\/#primaryimage"},"image":{"@id":"https:\/\/www.lifenatura.com\/es\/produto\/crema-facial-piel-atopica-malva-blanca-50-ml-weleda-baby\/#primaryimage"},"thumbnailUrl":"https:\/\/www.lifenatura.com\/wp-content\/uploads\/2021\/09\/gd_creme_rosto_pele_atopica_weleda_baby.jpg","datePublished":"2021-09-30T10:58:21+00:00","dateModified":"2022-08-21T15:27:19+00:00","description":"La crema facial adecuada para la piel at\u00f3pica de tu beb\u00e9 tiene como ingrediente principal la malva blanca, es un cuidado facial calmante para beb\u00e9s con piel hipersensible y at\u00f3pica.","breadcrumb":{"@id":"https:\/\/www.lifenatura.com\/es\/produto\/crema-facial-piel-atopica-malva-blanca-50-ml-weleda-baby\/#breadcrumb"},"inLanguage":"es","potentialAction":[{"@type":"ReadAction","target":["https:\/\/www.lifenatura.com\/es\/produto\/crema-facial-piel-atopica-malva-blanca-50-ml-weleda-baby\/"]}]},{"@type":"ImageObject","inLanguage":"es","@id":"https:\/\/www.lifenatura.com\/es\/produto\/crema-facial-piel-atopica-malva-blanca-50-ml-weleda-baby\/#primaryimage","url":"https:\/\/www.lifenatura.com\/wp-content\/uploads\/2021\/09\/gd_creme_rosto_pele_atopica_weleda_baby.jpg","contentUrl":"https:\/\/www.lifenatura.com\/wp-content\/uploads\/2021\/09\/gd_creme_rosto_pele_atopica_weleda_baby.jpg","width":1000,"height":1000,"caption":"Crema Facial Piel At\u00f3pica Malva Blanca 50 ml - Weleda Baby"},{"@type":"BreadcrumbList","@id":"https:\/\/www.lifenatura.com\/es\/produto\/crema-facial-piel-atopica-malva-blanca-50-ml-weleda-baby\/#breadcrumb","itemListElement":[{"@type":"ListItem","position":1,"name":"In\u00edcio","item":"https:\/\/www.lifenatura.com\/es\/"},{"@type":"ListItem","position":2,"name":"Todos los Productos","item":"https:\/\/www.lifenatura.com\/es\/tienda\/"},{"@type":"ListItem","position":3,"name":"Crema Facial Piel At\u00f3pica Malva Blanca 50 ml &#8211; Weleda Baby"}]},{"@type":"WebSite","@id":"https:\/\/www.lifenatura.com\/es\/#website","url":"https:\/\/www.lifenatura.com\/es\/","name":"Lifenatura","description":"A Lifenatura \u00e9 uma loja de produtos naturais, cosm\u00e9tica natural e alimenta\u00e7\u00e3o Biol\u00f3gica.","publisher":{"@id":"https:\/\/www.lifenatura.com\/es\/#organization"},"potentialAction":[{"@type":"SearchAction","target":{"@type":"EntryPoint","urlTemplate":"https:\/\/www.lifenatura.com\/es\/?s={search_term_string}"},"query-input":{"@type":"PropertyValueSpecification","valueRequired":true,"valueName":"search_term_string"}}],"inLanguage":"es"},{"@type":"Organization","@id":"https:\/\/www.lifenatura.com\/es\/#organization","name":"Lifenatura","url":"https:\/\/www.lifenatura.com\/es\/","logo":{"@type":"ImageObject","inLanguage":"es","@id":"https:\/\/www.lifenatura.com\/es\/#\/schema\/logo\/image\/","url":"https:\/\/www.lifenatura.com\/wp-content\/uploads\/2021\/07\/logo.png","contentUrl":"https:\/\/www.lifenatura.com\/wp-content\/uploads\/2021\/07\/logo.png","width":175,"height":55,"caption":"Lifenatura"},"image":{"@id":"https:\/\/www.lifenatura.com\/es\/#\/schema\/logo\/image\/"},"sameAs":["https:\/\/www.facebook.com\/lifenatura","https:\/\/www.instagram.com\/lifenaturapt\/"],"hasMerchantReturnPolicy":{"@type":"MerchantReturnPolicy","merchantReturnLink":"https:\/\/www.lifenatura.com\/termos-condicoes-lifenatura\/"}}]},"product_price_amount":"10.17","product_price_currency":"EUR","og_availability":"out of stock","product_availability":"out of stock","product_retailer_item_id":"4001638096669","product_condition":"new"},"df_price":10.17,"df_sale_price":"","df_regular_price":10.17,"df_image_link":"https:\/\/www.lifenatura.com\/wp-content\/uploads\/2021\/09\/gd_creme_rosto_pele_atopica_weleda_baby-300x300.jpg","_links":{"self":[{"href":"https:\/\/www.lifenatura.com\/es\/wp-json\/wp\/v2\/product\/41446","targetHints":{"allow":["GET"]}}],"collection":[{"href":"https:\/\/www.lifenatura.com\/es\/wp-json\/wp\/v2\/product"}],"about":[{"href":"https:\/\/www.lifenatura.com\/es\/wp-json\/wp\/v2\/types\/product"}],"wp:featuredmedia":[{"embeddable":true,"href":"https:\/\/www.lifenatura.com\/es\/wp-json\/wp\/v2\/media\/22565"}],"wp:attachment":[{"href":"https:\/\/www.lifenatura.com\/es\/wp-json\/wp\/v2\/media?parent=41446"}],"wp:term":[{"taxonomy":"product_brand","embeddable":true,"href":"https:\/\/www.lifenatura.com\/es\/wp-json\/wp\/v2\/product_brand?post=41446"},{"taxonomy":"product_cat","embeddable":true,"href":"https:\/\/www.lifenatura.com\/es\/wp-json\/wp\/v2\/product_cat?post=41446"},{"taxonomy":"product_tag","embeddable":true,"href":"https:\/\/www.lifenatura.com\/es\/wp-json\/wp\/v2\/product_tag?post=41446"}],"curies":[{"name":"wp","href":"https:\/\/api.w.org\/{rel}","templated":true}]}}