{"id":41405,"date":"2021-09-30T10:57:38","date_gmt":"2021-09-30T10:57:38","guid":{"rendered":"https:\/\/lifenatura.dev.agenciagetdigital.com\/produto\/silicio-organico-1000-ml-vitasil\/"},"modified":"2022-08-21T15:26:48","modified_gmt":"2022-08-21T15:26:48","slug":"silicio-organico-1000-ml-vitasil","status":"publish","type":"product","link":"https:\/\/www.lifenatura.com\/es\/produto\/silicio-organico-1000-ml-vitasil\/","title":{"rendered":"Sil\u00edcio Org\u00e2nico 1000 ml &#8211; Vitasil"},"content":{"rendered":"<p>Adecuado para el sistema muscular Silicio org\u00e1nico bioactivado en soluci\u00f3n potable. El proceso \u00fanico de bioactivaci\u00f3n permite obtener un mon\u00f3mero absoluto, en forma de silicio con la m\u00e1xima biodisponibilidad perfectamente asimilable por el cuerpo, con un notorio efecto antioxidante. El silicio tiene una acci\u00f3n notable en todos los tejidos conectivos, responsables de la estructura y la elasticidad de nuestro cuerpo. PRESENTACI\u00d3N 1000 ml.<\/p>\n","protected":false},"excerpt":{"rendered":"<p>Adecuado para el sistema muscular Silicio org\u00e1nico bioactivado en soluci\u00f3n potable. El proceso \u00fanico de bioactivaci\u00f3n permite obtener un mon\u00f3mero absoluto, en forma de silicio con la m\u00e1xima biodisponibilidad perfectamente asimilable por el cuerpo, con un notorio efecto antioxidante. El silicio tiene una acci\u00f3n notable en todos los tejidos conectivos, responsables de la estructura y [&#8230;]<\/p>\n<p><a class=\"btn btn-secondary understrap-read-more-link\" href=\"https:\/\/www.lifenatura.com\/es\/produto\/silicio-organico-1000-ml-vitasil\/\">Leer m\u00e1s&#8230;<span class=\"screen-reader-text\"> from Sil\u00edcio Org\u00e2nico 1000 ml &#8211; Vitasil<\/span><\/a><\/p>\n","protected":false},"featured_media":139145,"template":"","meta":{"_acf_changed":false},"product_brand":[8380],"product_cat":[7205,7659,7179,7782],"product_tag":[],"class_list":{"0":"post-41405","1":"product","2":"type-product","3":"status-publish","4":"has-post-thumbnail","6":"product_brand-vitasil","7":"product_cat-articulaciones","8":"product_cat-ingrediente-natural-bio","9":"product_cat-salud","10":"product_cat-silicio-organico-es","12":"first","13":"instock","14":"sale","15":"featured","16":"shipping-taxable","17":"purchasable","18":"product-type-simple","19":"add-to-wishlist-before_image"},"acf":[],"yoast_head":"<!-- This site is optimized with the Yoast SEO Premium plugin v27.1 (Yoast SEO v27.5) - https:\/\/yoast.com\/product\/yoast-seo-premium-wordpress\/ -->\n<title>Sil\u00edcio Org\u00e2nico 1000 ml - Vitasil - Na Lifenatura ao Melhor Pre\u00e7o | Envio em 48h<\/title>\n<meta name=\"description\" content=\"El silicio org\u00e1nico es un suplemento indicado para la flexibilidad de las articulaciones, la belleza de la piel, el cabello y las u\u00f1as.\" \/>\n<meta name=\"robots\" content=\"index, follow, max-snippet:-1, max-image-preview:large, max-video-preview:-1\" \/>\n<link rel=\"canonical\" href=\"https:\/\/www.lifenatura.com\/es\/produto\/silicio-organico-1000-ml-vitasil\/\" \/>\n<meta property=\"og:locale\" content=\"es_ES\" \/>\n<meta property=\"og:type\" content=\"article\" \/>\n<meta property=\"og:title\" content=\"Sil\u00edcio Org\u00e2nico 1000 ml - Vitasil - Na Lifenatura ao Melhor Pre\u00e7o | Envio 48h\" \/>\n<meta property=\"og:description\" content=\"Compre Sil\u00edcio Org\u00e2nico 1000 ml - Vitasil com envio r\u00e1pido. Entrega em 48h e portes gr\u00e1tis em compras &gt;35\u20ac. Aproveite j\u00e1 na Lifenatura\" \/>\n<meta property=\"og:url\" content=\"https:\/\/www.lifenatura.com\/es\/produto\/silicio-organico-1000-ml-vitasil\/\" \/>\n<meta property=\"og:site_name\" content=\"Lifenatura\" \/>\n<meta property=\"article:publisher\" content=\"https:\/\/www.facebook.com\/lifenatura\" \/>\n<meta property=\"article:modified_time\" content=\"2022-08-21T15:26:48+00:00\" \/>\n<meta property=\"og:image\" content=\"https:\/\/www.lifenatura.com\/wp-content\/uploads\/2021\/09\/gd_silicio-organico-1000ml-vitasil.jpg\" \/>\n\t<meta property=\"og:image:width\" content=\"1000\" \/>\n\t<meta property=\"og:image:height\" content=\"1000\" \/>\n\t<meta property=\"og:image:type\" content=\"image\/jpeg\" \/>\n<meta name=\"twitter:card\" content=\"summary_large_image\" \/>\n<meta name=\"twitter:label1\" content=\"Precio\" \/>\n\t<meta name=\"twitter:data1\" content=\"36,72&nbsp;&euro;\" \/>\n\t<meta name=\"twitter:label2\" content=\"Disponibilidad\" \/>\n\t<meta name=\"twitter:data2\" content=\"Disponible\" \/>\n<script type=\"application\/ld+json\" class=\"yoast-schema-graph\">{\"@context\":\"https:\\\/\\\/schema.org\",\"@graph\":[{\"@type\":\"WebPage\",\"@id\":\"https:\\\/\\\/www.lifenatura.com\\\/es\\\/produto\\\/silicio-organico-1000-ml-vitasil\\\/\",\"url\":\"https:\\\/\\\/www.lifenatura.com\\\/es\\\/produto\\\/silicio-organico-1000-ml-vitasil\\\/\",\"name\":\"Sil\u00edcio Org\u00e2nico 1000 ml - Vitasil - Na Lifenatura ao Melhor Pre\u00e7o | Envio em 48h\",\"isPartOf\":{\"@id\":\"https:\\\/\\\/www.lifenatura.com\\\/es\\\/#website\"},\"primaryImageOfPage\":{\"@id\":\"https:\\\/\\\/www.lifenatura.com\\\/es\\\/produto\\\/silicio-organico-1000-ml-vitasil\\\/#primaryimage\"},\"image\":{\"@id\":\"https:\\\/\\\/www.lifenatura.com\\\/es\\\/produto\\\/silicio-organico-1000-ml-vitasil\\\/#primaryimage\"},\"thumbnailUrl\":\"https:\\\/\\\/www.lifenatura.com\\\/wp-content\\\/uploads\\\/2026\\\/05\\\/gd_041b17ca_36f4_4b51_af87_56e865ba62e1.png\",\"datePublished\":\"2021-09-30T10:57:38+00:00\",\"dateModified\":\"2022-08-21T15:26:48+00:00\",\"description\":\"El silicio org\u00e1nico es un suplemento indicado para la flexibilidad de las articulaciones, la belleza de la piel, el cabello y las u\u00f1as.\",\"breadcrumb\":{\"@id\":\"https:\\\/\\\/www.lifenatura.com\\\/es\\\/produto\\\/silicio-organico-1000-ml-vitasil\\\/#breadcrumb\"},\"inLanguage\":\"es\",\"potentialAction\":[{\"@type\":\"ReadAction\",\"target\":[\"https:\\\/\\\/www.lifenatura.com\\\/es\\\/produto\\\/silicio-organico-1000-ml-vitasil\\\/\"]}]},{\"@type\":\"ImageObject\",\"inLanguage\":\"es\",\"@id\":\"https:\\\/\\\/www.lifenatura.com\\\/es\\\/produto\\\/silicio-organico-1000-ml-vitasil\\\/#primaryimage\",\"url\":\"https:\\\/\\\/www.lifenatura.com\\\/wp-content\\\/uploads\\\/2026\\\/05\\\/gd_041b17ca_36f4_4b51_af87_56e865ba62e1.png\",\"contentUrl\":\"https:\\\/\\\/www.lifenatura.com\\\/wp-content\\\/uploads\\\/2026\\\/05\\\/gd_041b17ca_36f4_4b51_af87_56e865ba62e1.png\",\"width\":523,\"height\":1350},{\"@type\":\"BreadcrumbList\",\"@id\":\"https:\\\/\\\/www.lifenatura.com\\\/es\\\/produto\\\/silicio-organico-1000-ml-vitasil\\\/#breadcrumb\",\"itemListElement\":[{\"@type\":\"ListItem\",\"position\":1,\"name\":\"In\u00edcio\",\"item\":\"https:\\\/\\\/www.lifenatura.com\\\/es\\\/\"},{\"@type\":\"ListItem\",\"position\":2,\"name\":\"Todos los Productos\",\"item\":\"https:\\\/\\\/www.lifenatura.com\\\/es\\\/tienda\\\/\"},{\"@type\":\"ListItem\",\"position\":3,\"name\":\"Sil\u00edcio Org\u00e2nico 1000 ml &#8211; Vitasil\"}]},{\"@type\":\"WebSite\",\"@id\":\"https:\\\/\\\/www.lifenatura.com\\\/es\\\/#website\",\"url\":\"https:\\\/\\\/www.lifenatura.com\\\/es\\\/\",\"name\":\"Lifenatura\",\"description\":\"A Lifenatura \u00e9 uma loja de produtos naturais, cosm\u00e9tica natural e alimenta\u00e7\u00e3o Biol\u00f3gica.\",\"publisher\":{\"@id\":\"https:\\\/\\\/www.lifenatura.com\\\/es\\\/#organization\"},\"potentialAction\":[{\"@type\":\"SearchAction\",\"target\":{\"@type\":\"EntryPoint\",\"urlTemplate\":\"https:\\\/\\\/www.lifenatura.com\\\/es\\\/?s={search_term_string}\"},\"query-input\":{\"@type\":\"PropertyValueSpecification\",\"valueRequired\":true,\"valueName\":\"search_term_string\"}}],\"inLanguage\":\"es\"},{\"@type\":\"Organization\",\"@id\":\"https:\\\/\\\/www.lifenatura.com\\\/es\\\/#organization\",\"name\":\"Lifenatura\",\"url\":\"https:\\\/\\\/www.lifenatura.com\\\/es\\\/\",\"logo\":{\"@type\":\"ImageObject\",\"inLanguage\":\"es\",\"@id\":\"https:\\\/\\\/www.lifenatura.com\\\/es\\\/#\\\/schema\\\/logo\\\/image\\\/\",\"url\":\"https:\\\/\\\/www.lifenatura.com\\\/wp-content\\\/uploads\\\/2021\\\/07\\\/logo.png\",\"contentUrl\":\"https:\\\/\\\/www.lifenatura.com\\\/wp-content\\\/uploads\\\/2021\\\/07\\\/logo.png\",\"width\":175,\"height\":55,\"caption\":\"Lifenatura\"},\"image\":{\"@id\":\"https:\\\/\\\/www.lifenatura.com\\\/es\\\/#\\\/schema\\\/logo\\\/image\\\/\"},\"sameAs\":[\"https:\\\/\\\/www.facebook.com\\\/lifenatura\",\"https:\\\/\\\/www.instagram.com\\\/lifenaturapt\\\/\"],\"hasMerchantReturnPolicy\":{\"@type\":\"MerchantReturnPolicy\",\"merchantReturnLink\":\"https:\\\/\\\/www.lifenatura.com\\\/termos-condicoes-lifenatura\\\/\"}}]}<\/script>\n<meta property=\"product:price:amount\" content=\"36.72\" \/>\n<meta property=\"product:price:currency\" content=\"EUR\" \/>\n<meta property=\"og:availability\" content=\"instock\" \/>\n<meta property=\"product:availability\" content=\"instock\" \/>\n<meta property=\"product:retailer_item_id\" content=\"3440819975163\" \/>\n<meta property=\"product:condition\" content=\"new\" \/>\n<!-- \/ Yoast SEO Premium plugin. -->","yoast_head_json":{"title":"Sil\u00edcio Org\u00e2nico 1000 ml - Vitasil - Na Lifenatura ao Melhor Pre\u00e7o | Envio em 48h","description":"El silicio org\u00e1nico es un suplemento indicado para la flexibilidad de las articulaciones, la belleza de la piel, el cabello y las u\u00f1as.","robots":{"index":"index","follow":"follow","max-snippet":"max-snippet:-1","max-image-preview":"max-image-preview:large","max-video-preview":"max-video-preview:-1"},"canonical":"https:\/\/www.lifenatura.com\/es\/produto\/silicio-organico-1000-ml-vitasil\/","og_locale":"es_ES","og_type":"article","og_title":"Sil\u00edcio Org\u00e2nico 1000 ml - Vitasil - Na Lifenatura ao Melhor Pre\u00e7o | Envio 48h","og_description":"Compre Sil\u00edcio Org\u00e2nico 1000 ml - Vitasil com envio r\u00e1pido. Entrega em 48h e portes gr\u00e1tis em compras >35\u20ac. Aproveite j\u00e1 na Lifenatura","og_url":"https:\/\/www.lifenatura.com\/es\/produto\/silicio-organico-1000-ml-vitasil\/","og_site_name":"Lifenatura","article_publisher":"https:\/\/www.facebook.com\/lifenatura","article_modified_time":"2022-08-21T15:26:48+00:00","og_image":[{"width":1000,"height":1000,"url":"https:\/\/www.lifenatura.com\/wp-content\/uploads\/2021\/09\/gd_silicio-organico-1000ml-vitasil.jpg","type":"image\/jpeg"}],"twitter_card":"summary_large_image","twitter_misc":{"Precio":"36,72&nbsp;&euro;","Disponibilidad":"Disponible"},"schema":{"@context":"https:\/\/schema.org","@graph":[{"@type":"WebPage","@id":"https:\/\/www.lifenatura.com\/es\/produto\/silicio-organico-1000-ml-vitasil\/","url":"https:\/\/www.lifenatura.com\/es\/produto\/silicio-organico-1000-ml-vitasil\/","name":"Sil\u00edcio Org\u00e2nico 1000 ml - Vitasil - Na Lifenatura ao Melhor Pre\u00e7o | Envio em 48h","isPartOf":{"@id":"https:\/\/www.lifenatura.com\/es\/#website"},"primaryImageOfPage":{"@id":"https:\/\/www.lifenatura.com\/es\/produto\/silicio-organico-1000-ml-vitasil\/#primaryimage"},"image":{"@id":"https:\/\/www.lifenatura.com\/es\/produto\/silicio-organico-1000-ml-vitasil\/#primaryimage"},"thumbnailUrl":"https:\/\/www.lifenatura.com\/wp-content\/uploads\/2026\/05\/gd_041b17ca_36f4_4b51_af87_56e865ba62e1.png","datePublished":"2021-09-30T10:57:38+00:00","dateModified":"2022-08-21T15:26:48+00:00","description":"El silicio org\u00e1nico es un suplemento indicado para la flexibilidad de las articulaciones, la belleza de la piel, el cabello y las u\u00f1as.","breadcrumb":{"@id":"https:\/\/www.lifenatura.com\/es\/produto\/silicio-organico-1000-ml-vitasil\/#breadcrumb"},"inLanguage":"es","potentialAction":[{"@type":"ReadAction","target":["https:\/\/www.lifenatura.com\/es\/produto\/silicio-organico-1000-ml-vitasil\/"]}]},{"@type":"ImageObject","inLanguage":"es","@id":"https:\/\/www.lifenatura.com\/es\/produto\/silicio-organico-1000-ml-vitasil\/#primaryimage","url":"https:\/\/www.lifenatura.com\/wp-content\/uploads\/2026\/05\/gd_041b17ca_36f4_4b51_af87_56e865ba62e1.png","contentUrl":"https:\/\/www.lifenatura.com\/wp-content\/uploads\/2026\/05\/gd_041b17ca_36f4_4b51_af87_56e865ba62e1.png","width":523,"height":1350},{"@type":"BreadcrumbList","@id":"https:\/\/www.lifenatura.com\/es\/produto\/silicio-organico-1000-ml-vitasil\/#breadcrumb","itemListElement":[{"@type":"ListItem","position":1,"name":"In\u00edcio","item":"https:\/\/www.lifenatura.com\/es\/"},{"@type":"ListItem","position":2,"name":"Todos los Productos","item":"https:\/\/www.lifenatura.com\/es\/tienda\/"},{"@type":"ListItem","position":3,"name":"Sil\u00edcio Org\u00e2nico 1000 ml &#8211; Vitasil"}]},{"@type":"WebSite","@id":"https:\/\/www.lifenatura.com\/es\/#website","url":"https:\/\/www.lifenatura.com\/es\/","name":"Lifenatura","description":"A Lifenatura \u00e9 uma loja de produtos naturais, cosm\u00e9tica natural e alimenta\u00e7\u00e3o Biol\u00f3gica.","publisher":{"@id":"https:\/\/www.lifenatura.com\/es\/#organization"},"potentialAction":[{"@type":"SearchAction","target":{"@type":"EntryPoint","urlTemplate":"https:\/\/www.lifenatura.com\/es\/?s={search_term_string}"},"query-input":{"@type":"PropertyValueSpecification","valueRequired":true,"valueName":"search_term_string"}}],"inLanguage":"es"},{"@type":"Organization","@id":"https:\/\/www.lifenatura.com\/es\/#organization","name":"Lifenatura","url":"https:\/\/www.lifenatura.com\/es\/","logo":{"@type":"ImageObject","inLanguage":"es","@id":"https:\/\/www.lifenatura.com\/es\/#\/schema\/logo\/image\/","url":"https:\/\/www.lifenatura.com\/wp-content\/uploads\/2021\/07\/logo.png","contentUrl":"https:\/\/www.lifenatura.com\/wp-content\/uploads\/2021\/07\/logo.png","width":175,"height":55,"caption":"Lifenatura"},"image":{"@id":"https:\/\/www.lifenatura.com\/es\/#\/schema\/logo\/image\/"},"sameAs":["https:\/\/www.facebook.com\/lifenatura","https:\/\/www.instagram.com\/lifenaturapt\/"],"hasMerchantReturnPolicy":{"@type":"MerchantReturnPolicy","merchantReturnLink":"https:\/\/www.lifenatura.com\/termos-condicoes-lifenatura\/"}}]},"product_price_amount":"36.72","product_price_currency":"EUR","og_availability":"instock","product_availability":"instock","product_retailer_item_id":"3440819975163","product_condition":"new"},"df_price":36.72,"df_sale_price":36.72,"df_regular_price":43.2,"df_image_link":"https:\/\/www.lifenatura.com\/wp-content\/uploads\/2026\/05\/gd_041b17ca_36f4_4b51_af87_56e865ba62e1-116x300.png","_links":{"self":[{"href":"https:\/\/www.lifenatura.com\/es\/wp-json\/wp\/v2\/product\/41405","targetHints":{"allow":["GET"]}}],"collection":[{"href":"https:\/\/www.lifenatura.com\/es\/wp-json\/wp\/v2\/product"}],"about":[{"href":"https:\/\/www.lifenatura.com\/es\/wp-json\/wp\/v2\/types\/product"}],"wp:featuredmedia":[{"embeddable":true,"href":"https:\/\/www.lifenatura.com\/es\/wp-json\/wp\/v2\/media\/139145"}],"wp:attachment":[{"href":"https:\/\/www.lifenatura.com\/es\/wp-json\/wp\/v2\/media?parent=41405"}],"wp:term":[{"taxonomy":"product_brand","embeddable":true,"href":"https:\/\/www.lifenatura.com\/es\/wp-json\/wp\/v2\/product_brand?post=41405"},{"taxonomy":"product_cat","embeddable":true,"href":"https:\/\/www.lifenatura.com\/es\/wp-json\/wp\/v2\/product_cat?post=41405"},{"taxonomy":"product_tag","embeddable":true,"href":"https:\/\/www.lifenatura.com\/es\/wp-json\/wp\/v2\/product_tag?post=41405"}],"curies":[{"name":"wp","href":"https:\/\/api.w.org\/{rel}","templated":true}]}}