{"id":41387,"date":"2021-09-30T10:57:14","date_gmt":"2021-09-30T10:57:14","guid":{"rendered":"https:\/\/lifenatura.dev.agenciagetdigital.com\/produto\/vitalenzym-hepa-45-capsulas-vitalenzym-n\/"},"modified":"2022-08-21T15:26:36","modified_gmt":"2022-08-21T15:26:36","slug":"vitalenzym-hepa-45-capsulas-vitalenzym-n","status":"publish","type":"product","link":"https:\/\/www.lifenatura.com\/es\/produto\/vitalenzym-hepa-45-capsulas-vitalenzym-n\/","title":{"rendered":"Vitalenzym Hepa 45 c\u00e1psulas &#8211; Vitalenzym N"},"content":{"rendered":"<p>Indicado para el sistema hep\u00e1tico Vitalenzym es un producto indicado en situaciones en las que hay molestias a nivel del h\u00edgado o intestinos, normalmente asociados a una insuficiente producci\u00f3n o insuficiente drenaje de bilis al intestino. Siempre que haya conveniencia en desintoxicaci\u00f3n o alivio hep\u00e1tico (antibi\u00f3ticos, medicamentos t\u00f3xicos para el h\u00edgado, excesos alcoh\u00f3licos). PRESENTACI\u00d3N 45 c\u00e1psulas.<\/p>\n","protected":false},"excerpt":{"rendered":"<p>Indicado para el sistema hep\u00e1tico Vitalenzym es un producto indicado en situaciones en las que hay molestias a nivel del h\u00edgado o intestinos, normalmente asociados a una insuficiente producci\u00f3n o insuficiente drenaje de bilis al intestino. Siempre que haya conveniencia en desintoxicaci\u00f3n o alivio hep\u00e1tico (antibi\u00f3ticos, medicamentos t\u00f3xicos para el h\u00edgado, excesos alcoh\u00f3licos). PRESENTACI\u00d3N 45 [&#8230;]<\/p>\n<p><a class=\"btn btn-secondary understrap-read-more-link\" href=\"https:\/\/www.lifenatura.com\/es\/produto\/vitalenzym-hepa-45-capsulas-vitalenzym-n\/\">Leer m\u00e1s&#8230;<span class=\"screen-reader-text\"> from Vitalenzym Hepa 45 c\u00e1psulas &#8211; Vitalenzym N<\/span><\/a><\/p>\n","protected":false},"featured_media":22507,"template":"","meta":{"_acf_changed":false},"product_brand":[8385],"product_cat":[7254,7179],"product_tag":[],"class_list":{"0":"post-41387","1":"product","2":"type-product","3":"status-publish","4":"has-post-thumbnail","6":"product_brand-vitalenzym-n","7":"product_cat-higado-vesicula","8":"product_cat-salud","10":"first","11":"instock","12":"shipping-taxable","13":"purchasable","14":"product-type-simple","15":"add-to-wishlist-before_image"},"acf":[],"yoast_head":"<!-- This site is optimized with the Yoast SEO Premium plugin v27.1 (Yoast SEO v27.3) - https:\/\/yoast.com\/product\/yoast-seo-premium-wordpress\/ -->\n<title>Vitalenzym Hepa 45 c\u00e1psulas - Vitalenzym N<\/title>\n<meta name=\"description\" content=\"Vitalenzym Hepa 45 c\u00e1psulas es un producto indicado en situaciones en las que hay molestias a nivel del h\u00edgado o intestinos, normalmente asociados a una insuficiente producci\u00f3n de bilis.\" \/>\n<meta name=\"robots\" content=\"index, follow, max-snippet:-1, max-image-preview:large, max-video-preview:-1\" \/>\n<link rel=\"canonical\" href=\"https:\/\/www.lifenatura.com\/es\/produto\/vitalenzym-hepa-45-capsulas-vitalenzym-n\/\" \/>\n<meta property=\"og:locale\" content=\"es_ES\" \/>\n<meta property=\"og:type\" content=\"article\" \/>\n<meta property=\"og:title\" content=\"Vitalenzym Hepa 45 c\u00e1psulas - Vitalenzym N - Lifenatura\" \/>\n<meta property=\"og:description\" content=\"Compre aqui o seu Vitalenzym Hepa 45 c\u00e1psulas - Vitalenzym N e a Lifenatura Online envia em 48 H com Portes Gratis &gt;35\u20ac de Pedido.\" \/>\n<meta property=\"og:url\" content=\"https:\/\/www.lifenatura.com\/es\/produto\/vitalenzym-hepa-45-capsulas-vitalenzym-n\/\" \/>\n<meta property=\"og:site_name\" content=\"Lifenatura\" \/>\n<meta property=\"article:publisher\" content=\"https:\/\/www.facebook.com\/lifenatura\" \/>\n<meta property=\"article:modified_time\" content=\"2022-08-21T15:26:36+00:00\" \/>\n<meta property=\"og:image\" content=\"https:\/\/www.lifenatura.com\/wp-content\/uploads\/2021\/09\/gd_vitalenzym_hepa_45_comprimidos.jpg\" \/>\n\t<meta property=\"og:image:width\" content=\"1000\" \/>\n\t<meta property=\"og:image:height\" content=\"1000\" \/>\n\t<meta property=\"og:image:type\" content=\"image\/jpeg\" \/>\n<meta name=\"twitter:card\" content=\"summary_large_image\" \/>\n<meta name=\"twitter:label1\" content=\"Precio\" \/>\n\t<meta name=\"twitter:data1\" content=\"18,39&nbsp;&euro;\" \/>\n\t<meta name=\"twitter:label2\" content=\"Disponibilidad\" \/>\n\t<meta name=\"twitter:data2\" content=\"Disponible\" \/>\n<meta property=\"product:price:amount\" content=\"18.39\" \/>\n<meta property=\"product:price:currency\" content=\"EUR\" \/>\n<meta property=\"og:availability\" content=\"instock\" \/>\n<meta property=\"product:availability\" content=\"instock\" \/>\n<meta property=\"product:retailer_item_id\" content=\"5600304262774\" \/>\n<meta property=\"product:condition\" content=\"new\" \/>\n<!-- \/ Yoast SEO Premium plugin. -->","yoast_head_json":{"title":"Vitalenzym Hepa 45 c\u00e1psulas - Vitalenzym N","description":"Vitalenzym Hepa 45 c\u00e1psulas es un producto indicado en situaciones en las que hay molestias a nivel del h\u00edgado o intestinos, normalmente asociados a una insuficiente producci\u00f3n de bilis.","robots":{"index":"index","follow":"follow","max-snippet":"max-snippet:-1","max-image-preview":"max-image-preview:large","max-video-preview":"max-video-preview:-1"},"canonical":"https:\/\/www.lifenatura.com\/es\/produto\/vitalenzym-hepa-45-capsulas-vitalenzym-n\/","og_locale":"es_ES","og_type":"article","og_title":"Vitalenzym Hepa 45 c\u00e1psulas - Vitalenzym N - Lifenatura","og_description":"Compre aqui o seu Vitalenzym Hepa 45 c\u00e1psulas - Vitalenzym N e a Lifenatura Online envia em 48 H com Portes Gratis >35\u20ac de Pedido.","og_url":"https:\/\/www.lifenatura.com\/es\/produto\/vitalenzym-hepa-45-capsulas-vitalenzym-n\/","og_site_name":"Lifenatura","article_publisher":"https:\/\/www.facebook.com\/lifenatura","article_modified_time":"2022-08-21T15:26:36+00:00","og_image":[{"width":1000,"height":1000,"url":"https:\/\/www.lifenatura.com\/wp-content\/uploads\/2021\/09\/gd_vitalenzym_hepa_45_comprimidos.jpg","type":"image\/jpeg"}],"twitter_card":"summary_large_image","twitter_misc":{"Precio":"18,39&nbsp;&euro;","Disponibilidad":"Disponible"},"schema":{"@context":"https:\/\/schema.org","@graph":[{"@type":"WebPage","@id":"https:\/\/www.lifenatura.com\/es\/produto\/vitalenzym-hepa-45-capsulas-vitalenzym-n\/","url":"https:\/\/www.lifenatura.com\/es\/produto\/vitalenzym-hepa-45-capsulas-vitalenzym-n\/","name":"Vitalenzym Hepa 45 c\u00e1psulas - Vitalenzym N","isPartOf":{"@id":"https:\/\/www.lifenatura.com\/es\/#website"},"primaryImageOfPage":{"@id":"https:\/\/www.lifenatura.com\/es\/produto\/vitalenzym-hepa-45-capsulas-vitalenzym-n\/#primaryimage"},"image":{"@id":"https:\/\/www.lifenatura.com\/es\/produto\/vitalenzym-hepa-45-capsulas-vitalenzym-n\/#primaryimage"},"thumbnailUrl":"https:\/\/www.lifenatura.com\/wp-content\/uploads\/2021\/09\/gd_vitalenzym_hepa_45_comprimidos.jpg","datePublished":"2021-09-30T10:57:14+00:00","dateModified":"2022-08-21T15:26:36+00:00","description":"Vitalenzym Hepa 45 c\u00e1psulas es un producto indicado en situaciones en las que hay molestias a nivel del h\u00edgado o intestinos, normalmente asociados a una insuficiente producci\u00f3n de bilis.","breadcrumb":{"@id":"https:\/\/www.lifenatura.com\/es\/produto\/vitalenzym-hepa-45-capsulas-vitalenzym-n\/#breadcrumb"},"inLanguage":"es","potentialAction":[{"@type":"ReadAction","target":["https:\/\/www.lifenatura.com\/es\/produto\/vitalenzym-hepa-45-capsulas-vitalenzym-n\/"]}]},{"@type":"ImageObject","inLanguage":"es","@id":"https:\/\/www.lifenatura.com\/es\/produto\/vitalenzym-hepa-45-capsulas-vitalenzym-n\/#primaryimage","url":"https:\/\/www.lifenatura.com\/wp-content\/uploads\/2021\/09\/gd_vitalenzym_hepa_45_comprimidos.jpg","contentUrl":"https:\/\/www.lifenatura.com\/wp-content\/uploads\/2021\/09\/gd_vitalenzym_hepa_45_comprimidos.jpg","width":1000,"height":1000,"caption":"Vitalenzym Hepa 45 c\u00e1psulas - Vitalenzym N"},{"@type":"BreadcrumbList","@id":"https:\/\/www.lifenatura.com\/es\/produto\/vitalenzym-hepa-45-capsulas-vitalenzym-n\/#breadcrumb","itemListElement":[{"@type":"ListItem","position":1,"name":"In\u00edcio","item":"https:\/\/www.lifenatura.com\/es\/"},{"@type":"ListItem","position":2,"name":"Todos los Productos","item":"https:\/\/www.lifenatura.com\/es\/tienda\/"},{"@type":"ListItem","position":3,"name":"Vitalenzym Hepa 45 c\u00e1psulas &#8211; Vitalenzym N"}]},{"@type":"WebSite","@id":"https:\/\/www.lifenatura.com\/es\/#website","url":"https:\/\/www.lifenatura.com\/es\/","name":"Lifenatura","description":"A Lifenatura \u00e9 uma loja de produtos naturais, cosm\u00e9tica natural e alimenta\u00e7\u00e3o Biol\u00f3gica.","publisher":{"@id":"https:\/\/www.lifenatura.com\/es\/#organization"},"potentialAction":[{"@type":"SearchAction","target":{"@type":"EntryPoint","urlTemplate":"https:\/\/www.lifenatura.com\/es\/?s={search_term_string}"},"query-input":{"@type":"PropertyValueSpecification","valueRequired":true,"valueName":"search_term_string"}}],"inLanguage":"es"},{"@type":"Organization","@id":"https:\/\/www.lifenatura.com\/es\/#organization","name":"Lifenatura","url":"https:\/\/www.lifenatura.com\/es\/","logo":{"@type":"ImageObject","inLanguage":"es","@id":"https:\/\/www.lifenatura.com\/es\/#\/schema\/logo\/image\/","url":"https:\/\/www.lifenatura.com\/wp-content\/uploads\/2021\/11\/logo.png","contentUrl":"https:\/\/www.lifenatura.com\/wp-content\/uploads\/2021\/11\/logo.png","width":175,"height":55,"caption":"Lifenatura"},"image":{"@id":"https:\/\/www.lifenatura.com\/es\/#\/schema\/logo\/image\/"},"sameAs":["https:\/\/www.facebook.com\/lifenatura","https:\/\/www.instagram.com\/lifenaturapt\/"]}]},"product_price_amount":"18.39","product_price_currency":"EUR","og_availability":"instock","product_availability":"instock","product_retailer_item_id":"5600304262774","product_condition":"new"},"df_price":18.39,"df_sale_price":"","df_regular_price":18.39,"df_image_link":"https:\/\/www.lifenatura.com\/wp-content\/uploads\/2021\/09\/gd_vitalenzym_hepa_45_comprimidos-300x300.jpg","_links":{"self":[{"href":"https:\/\/www.lifenatura.com\/es\/wp-json\/wp\/v2\/product\/41387","targetHints":{"allow":["GET"]}}],"collection":[{"href":"https:\/\/www.lifenatura.com\/es\/wp-json\/wp\/v2\/product"}],"about":[{"href":"https:\/\/www.lifenatura.com\/es\/wp-json\/wp\/v2\/types\/product"}],"wp:featuredmedia":[{"embeddable":true,"href":"https:\/\/www.lifenatura.com\/es\/wp-json\/wp\/v2\/media\/22507"}],"wp:attachment":[{"href":"https:\/\/www.lifenatura.com\/es\/wp-json\/wp\/v2\/media?parent=41387"}],"wp:term":[{"taxonomy":"product_brand","embeddable":true,"href":"https:\/\/www.lifenatura.com\/es\/wp-json\/wp\/v2\/product_brand?post=41387"},{"taxonomy":"product_cat","embeddable":true,"href":"https:\/\/www.lifenatura.com\/es\/wp-json\/wp\/v2\/product_cat?post=41387"},{"taxonomy":"product_tag","embeddable":true,"href":"https:\/\/www.lifenatura.com\/es\/wp-json\/wp\/v2\/product_tag?post=41387"}],"curies":[{"name":"wp","href":"https:\/\/api.w.org\/{rel}","templated":true}]}}