{"id":41366,"date":"2021-09-30T10:56:54","date_gmt":"2021-09-30T10:56:54","guid":{"rendered":"https:\/\/lifenatura.dev.agenciagetdigital.com\/produto\/circulacion-60-comprimidos-vitalart\/"},"modified":"2025-02-02T00:04:30","modified_gmt":"2025-02-02T00:04:30","slug":"circulacion-60-comprimidos-vitalart","status":"publish","type":"product","link":"https:\/\/www.lifenatura.com\/es\/produto\/circulacion-60-comprimidos-vitalart\/","title":{"rendered":"Circulaci\u00f3n 60 Comprimidos &#8211; Vitalart"},"content":{"rendered":"<p>Indicado para reducir la sensaci\u00f3n de piernas pesadas y cansadas Vitalart Circulaci\u00f3n es un suplemento diet\u00e9tico a base de hierbas que ayuda a reducir la sensaci\u00f3n de pesadez en las piernas, y tambi\u00e9n a reducir la somnolencia de las piernas y las molestias asociadas con la insuficiencia venosa. Los problemas vasculares perif\u00e9ricos como la insuficiencia venosa son muy frecuentes en los pa\u00edses desarrollados (40% de la poblaci\u00f3n) debido a su estilo de vida (trabajo de pie o sentado y muchas horas de ocio sentado). Afecta m\u00e1s a la poblaci\u00f3n femenina, debido a la implicaci\u00f3n hormonal. Las piernas cansadas pueden ser el inicio de una insuficiencia venosa de los miembros inferiores. Para disminuir su progresi\u00f3n, la fitoterapia es un complemento importante en su tratamiento. B\u00e1sicamente se utilizan plantas con acci\u00f3n: venot\u00f3nica, antioxidante y antiinflamatoria. PRESENTACI\u00d3N 60 comprimidos.<\/p>\n","protected":false},"excerpt":{"rendered":"<p>Indicado para reducir la sensaci\u00f3n de piernas pesadas y cansadas Vitalart Circulaci\u00f3n es un suplemento diet\u00e9tico a base de hierbas que ayuda a reducir la sensaci\u00f3n de pesadez en las piernas, y tambi\u00e9n a reducir la somnolencia de las piernas y las molestias asociadas con la insuficiencia venosa. Los problemas vasculares perif\u00e9ricos como la insuficiencia [&#8230;]<\/p>\n<p><a class=\"btn btn-secondary understrap-read-more-link\" href=\"https:\/\/www.lifenatura.com\/es\/produto\/circulacion-60-comprimidos-vitalart\/\">Leer m\u00e1s&#8230;<span class=\"screen-reader-text\"> from Circulaci\u00f3n 60 Comprimidos &#8211; Vitalart<\/span><\/a><\/p>\n","protected":false},"featured_media":22486,"template":"","meta":{"_acf_changed":false},"product_brand":[8387],"product_cat":[7221,7179],"product_tag":[],"class_list":{"0":"post-41366","1":"product","2":"type-product","3":"status-publish","4":"has-post-thumbnail","6":"product_brand-vitalart","7":"product_cat-sistema-circulatorio","8":"product_cat-salud","10":"first","11":"instock","12":"sale","13":"shipping-taxable","14":"purchasable","15":"product-type-simple","16":"add-to-wishlist-before_image"},"acf":[],"yoast_head":"<!-- This site is optimized with the Yoast SEO Premium plugin v27.1 (Yoast SEO v27.5) - https:\/\/yoast.com\/product\/yoast-seo-premium-wordpress\/ -->\n<title>Circulaci\u00f3n 60 Comprimidos - Vitalart<\/title>\n<meta name=\"description\" content=\"Vitalart Circulaci\u00f3n es un complemento alimenticio a base de plantas que ayuda a reducir la sensaci\u00f3n de piernas pesadas y mejorar la circulaci\u00f3n sangu\u00ednea.\" \/>\n<meta name=\"robots\" content=\"index, follow, max-snippet:-1, max-image-preview:large, max-video-preview:-1\" \/>\n<link rel=\"canonical\" href=\"https:\/\/www.lifenatura.com\/es\/produto\/circulacion-60-comprimidos-vitalart\/\" \/>\n<meta property=\"og:locale\" content=\"es_ES\" \/>\n<meta property=\"og:type\" content=\"article\" \/>\n<meta property=\"og:title\" content=\"Circulaci\u00f3n 60 Comprimidos - Vitalart - Na Lifenatura ao Melhor Pre\u00e7o | Envio 48h\" \/>\n<meta property=\"og:description\" content=\"Compre Circulaci\u00f3n 60 Comprimidos - Vitalart com envio r\u00e1pido. Entrega em 48h e portes gr\u00e1tis em compras &gt;35\u20ac. Aproveite j\u00e1 na Lifenatura\" \/>\n<meta property=\"og:url\" content=\"https:\/\/www.lifenatura.com\/es\/produto\/circulacion-60-comprimidos-vitalart\/\" \/>\n<meta property=\"og:site_name\" content=\"Lifenatura\" \/>\n<meta property=\"article:publisher\" content=\"https:\/\/www.facebook.com\/lifenatura\" \/>\n<meta property=\"article:modified_time\" content=\"2025-02-02T00:04:30+00:00\" \/>\n<meta property=\"og:image\" content=\"https:\/\/www.lifenatura.com\/wp-content\/uploads\/2021\/09\/gd_circulac_a_o_vitalart_1.jpg\" \/>\n\t<meta property=\"og:image:width\" content=\"1000\" \/>\n\t<meta property=\"og:image:height\" content=\"1000\" \/>\n\t<meta property=\"og:image:type\" content=\"image\/jpeg\" \/>\n<meta name=\"twitter:card\" content=\"summary_large_image\" \/>\n<meta name=\"twitter:label1\" content=\"Precio\" \/>\n\t<meta name=\"twitter:data1\" content=\"16,50&nbsp;&euro;\" \/>\n\t<meta name=\"twitter:label2\" content=\"Disponibilidad\" \/>\n\t<meta name=\"twitter:data2\" content=\"Disponible\" \/>\n<script type=\"application\/ld+json\" class=\"yoast-schema-graph\">{\"@context\":\"https:\\\/\\\/schema.org\",\"@graph\":[{\"@type\":\"WebPage\",\"@id\":\"https:\\\/\\\/www.lifenatura.com\\\/es\\\/produto\\\/circulacion-60-comprimidos-vitalart\\\/\",\"url\":\"https:\\\/\\\/www.lifenatura.com\\\/es\\\/produto\\\/circulacion-60-comprimidos-vitalart\\\/\",\"name\":\"Circulaci\u00f3n 60 Comprimidos - Vitalart\",\"isPartOf\":{\"@id\":\"https:\\\/\\\/www.lifenatura.com\\\/es\\\/#website\"},\"primaryImageOfPage\":{\"@id\":\"https:\\\/\\\/www.lifenatura.com\\\/es\\\/produto\\\/circulacion-60-comprimidos-vitalart\\\/#primaryimage\"},\"image\":{\"@id\":\"https:\\\/\\\/www.lifenatura.com\\\/es\\\/produto\\\/circulacion-60-comprimidos-vitalart\\\/#primaryimage\"},\"thumbnailUrl\":\"https:\\\/\\\/www.lifenatura.com\\\/wp-content\\\/uploads\\\/2021\\\/09\\\/gd_circulac_a_o_vitalart_1.jpg\",\"datePublished\":\"2021-09-30T10:56:54+00:00\",\"dateModified\":\"2025-02-02T00:04:30+00:00\",\"description\":\"Vitalart Circulaci\u00f3n es un complemento alimenticio a base de plantas que ayuda a reducir la sensaci\u00f3n de piernas pesadas y mejorar la circulaci\u00f3n sangu\u00ednea.\",\"breadcrumb\":{\"@id\":\"https:\\\/\\\/www.lifenatura.com\\\/es\\\/produto\\\/circulacion-60-comprimidos-vitalart\\\/#breadcrumb\"},\"inLanguage\":\"es\",\"potentialAction\":[{\"@type\":\"ReadAction\",\"target\":[\"https:\\\/\\\/www.lifenatura.com\\\/es\\\/produto\\\/circulacion-60-comprimidos-vitalart\\\/\"]}]},{\"@type\":\"ImageObject\",\"inLanguage\":\"es\",\"@id\":\"https:\\\/\\\/www.lifenatura.com\\\/es\\\/produto\\\/circulacion-60-comprimidos-vitalart\\\/#primaryimage\",\"url\":\"https:\\\/\\\/www.lifenatura.com\\\/wp-content\\\/uploads\\\/2021\\\/09\\\/gd_circulac_a_o_vitalart_1.jpg\",\"contentUrl\":\"https:\\\/\\\/www.lifenatura.com\\\/wp-content\\\/uploads\\\/2021\\\/09\\\/gd_circulac_a_o_vitalart_1.jpg\",\"width\":1000,\"height\":1000,\"caption\":\"Circulaci\u00f3n 60 Comprimidos - Vitalart\"},{\"@type\":\"BreadcrumbList\",\"@id\":\"https:\\\/\\\/www.lifenatura.com\\\/es\\\/produto\\\/circulacion-60-comprimidos-vitalart\\\/#breadcrumb\",\"itemListElement\":[{\"@type\":\"ListItem\",\"position\":1,\"name\":\"In\u00edcio\",\"item\":\"https:\\\/\\\/www.lifenatura.com\\\/es\\\/\"},{\"@type\":\"ListItem\",\"position\":2,\"name\":\"Todos los Productos\",\"item\":\"https:\\\/\\\/www.lifenatura.com\\\/es\\\/tienda\\\/\"},{\"@type\":\"ListItem\",\"position\":3,\"name\":\"Circulaci\u00f3n 60 Comprimidos &#8211; Vitalart\"}]},{\"@type\":\"WebSite\",\"@id\":\"https:\\\/\\\/www.lifenatura.com\\\/es\\\/#website\",\"url\":\"https:\\\/\\\/www.lifenatura.com\\\/es\\\/\",\"name\":\"Lifenatura\",\"description\":\"A Lifenatura \u00e9 uma loja de produtos naturais, cosm\u00e9tica natural e alimenta\u00e7\u00e3o Biol\u00f3gica.\",\"publisher\":{\"@id\":\"https:\\\/\\\/www.lifenatura.com\\\/es\\\/#organization\"},\"potentialAction\":[{\"@type\":\"SearchAction\",\"target\":{\"@type\":\"EntryPoint\",\"urlTemplate\":\"https:\\\/\\\/www.lifenatura.com\\\/es\\\/?s={search_term_string}\"},\"query-input\":{\"@type\":\"PropertyValueSpecification\",\"valueRequired\":true,\"valueName\":\"search_term_string\"}}],\"inLanguage\":\"es\"},{\"@type\":\"Organization\",\"@id\":\"https:\\\/\\\/www.lifenatura.com\\\/es\\\/#organization\",\"name\":\"Lifenatura\",\"url\":\"https:\\\/\\\/www.lifenatura.com\\\/es\\\/\",\"logo\":{\"@type\":\"ImageObject\",\"inLanguage\":\"es\",\"@id\":\"https:\\\/\\\/www.lifenatura.com\\\/es\\\/#\\\/schema\\\/logo\\\/image\\\/\",\"url\":\"https:\\\/\\\/www.lifenatura.com\\\/wp-content\\\/uploads\\\/2021\\\/07\\\/logo.png\",\"contentUrl\":\"https:\\\/\\\/www.lifenatura.com\\\/wp-content\\\/uploads\\\/2021\\\/07\\\/logo.png\",\"width\":175,\"height\":55,\"caption\":\"Lifenatura\"},\"image\":{\"@id\":\"https:\\\/\\\/www.lifenatura.com\\\/es\\\/#\\\/schema\\\/logo\\\/image\\\/\"},\"sameAs\":[\"https:\\\/\\\/www.facebook.com\\\/lifenatura\",\"https:\\\/\\\/www.instagram.com\\\/lifenaturapt\\\/\"],\"hasMerchantReturnPolicy\":{\"@type\":\"MerchantReturnPolicy\",\"merchantReturnLink\":\"https:\\\/\\\/www.lifenatura.com\\\/termos-condicoes-lifenatura\\\/\"}}]}<\/script>\n<meta property=\"product:price:amount\" content=\"16.50\" \/>\n<meta property=\"product:price:currency\" content=\"EUR\" \/>\n<meta property=\"og:availability\" content=\"instock\" \/>\n<meta property=\"product:availability\" content=\"instock\" \/>\n<meta property=\"product:retailer_item_id\" content=\"8436037510243\" \/>\n<meta property=\"product:condition\" content=\"new\" \/>\n<!-- \/ Yoast SEO Premium plugin. -->","yoast_head_json":{"title":"Circulaci\u00f3n 60 Comprimidos - Vitalart","description":"Vitalart Circulaci\u00f3n es un complemento alimenticio a base de plantas que ayuda a reducir la sensaci\u00f3n de piernas pesadas y mejorar la circulaci\u00f3n sangu\u00ednea.","robots":{"index":"index","follow":"follow","max-snippet":"max-snippet:-1","max-image-preview":"max-image-preview:large","max-video-preview":"max-video-preview:-1"},"canonical":"https:\/\/www.lifenatura.com\/es\/produto\/circulacion-60-comprimidos-vitalart\/","og_locale":"es_ES","og_type":"article","og_title":"Circulaci\u00f3n 60 Comprimidos - Vitalart - Na Lifenatura ao Melhor Pre\u00e7o | Envio 48h","og_description":"Compre Circulaci\u00f3n 60 Comprimidos - Vitalart com envio r\u00e1pido. Entrega em 48h e portes gr\u00e1tis em compras >35\u20ac. Aproveite j\u00e1 na Lifenatura","og_url":"https:\/\/www.lifenatura.com\/es\/produto\/circulacion-60-comprimidos-vitalart\/","og_site_name":"Lifenatura","article_publisher":"https:\/\/www.facebook.com\/lifenatura","article_modified_time":"2025-02-02T00:04:30+00:00","og_image":[{"width":1000,"height":1000,"url":"https:\/\/www.lifenatura.com\/wp-content\/uploads\/2021\/09\/gd_circulac_a_o_vitalart_1.jpg","type":"image\/jpeg"}],"twitter_card":"summary_large_image","twitter_misc":{"Precio":"16,50&nbsp;&euro;","Disponibilidad":"Disponible"},"schema":{"@context":"https:\/\/schema.org","@graph":[{"@type":"WebPage","@id":"https:\/\/www.lifenatura.com\/es\/produto\/circulacion-60-comprimidos-vitalart\/","url":"https:\/\/www.lifenatura.com\/es\/produto\/circulacion-60-comprimidos-vitalart\/","name":"Circulaci\u00f3n 60 Comprimidos - Vitalart","isPartOf":{"@id":"https:\/\/www.lifenatura.com\/es\/#website"},"primaryImageOfPage":{"@id":"https:\/\/www.lifenatura.com\/es\/produto\/circulacion-60-comprimidos-vitalart\/#primaryimage"},"image":{"@id":"https:\/\/www.lifenatura.com\/es\/produto\/circulacion-60-comprimidos-vitalart\/#primaryimage"},"thumbnailUrl":"https:\/\/www.lifenatura.com\/wp-content\/uploads\/2021\/09\/gd_circulac_a_o_vitalart_1.jpg","datePublished":"2021-09-30T10:56:54+00:00","dateModified":"2025-02-02T00:04:30+00:00","description":"Vitalart Circulaci\u00f3n es un complemento alimenticio a base de plantas que ayuda a reducir la sensaci\u00f3n de piernas pesadas y mejorar la circulaci\u00f3n sangu\u00ednea.","breadcrumb":{"@id":"https:\/\/www.lifenatura.com\/es\/produto\/circulacion-60-comprimidos-vitalart\/#breadcrumb"},"inLanguage":"es","potentialAction":[{"@type":"ReadAction","target":["https:\/\/www.lifenatura.com\/es\/produto\/circulacion-60-comprimidos-vitalart\/"]}]},{"@type":"ImageObject","inLanguage":"es","@id":"https:\/\/www.lifenatura.com\/es\/produto\/circulacion-60-comprimidos-vitalart\/#primaryimage","url":"https:\/\/www.lifenatura.com\/wp-content\/uploads\/2021\/09\/gd_circulac_a_o_vitalart_1.jpg","contentUrl":"https:\/\/www.lifenatura.com\/wp-content\/uploads\/2021\/09\/gd_circulac_a_o_vitalart_1.jpg","width":1000,"height":1000,"caption":"Circulaci\u00f3n 60 Comprimidos - Vitalart"},{"@type":"BreadcrumbList","@id":"https:\/\/www.lifenatura.com\/es\/produto\/circulacion-60-comprimidos-vitalart\/#breadcrumb","itemListElement":[{"@type":"ListItem","position":1,"name":"In\u00edcio","item":"https:\/\/www.lifenatura.com\/es\/"},{"@type":"ListItem","position":2,"name":"Todos los Productos","item":"https:\/\/www.lifenatura.com\/es\/tienda\/"},{"@type":"ListItem","position":3,"name":"Circulaci\u00f3n 60 Comprimidos &#8211; Vitalart"}]},{"@type":"WebSite","@id":"https:\/\/www.lifenatura.com\/es\/#website","url":"https:\/\/www.lifenatura.com\/es\/","name":"Lifenatura","description":"A Lifenatura \u00e9 uma loja de produtos naturais, cosm\u00e9tica natural e alimenta\u00e7\u00e3o Biol\u00f3gica.","publisher":{"@id":"https:\/\/www.lifenatura.com\/es\/#organization"},"potentialAction":[{"@type":"SearchAction","target":{"@type":"EntryPoint","urlTemplate":"https:\/\/www.lifenatura.com\/es\/?s={search_term_string}"},"query-input":{"@type":"PropertyValueSpecification","valueRequired":true,"valueName":"search_term_string"}}],"inLanguage":"es"},{"@type":"Organization","@id":"https:\/\/www.lifenatura.com\/es\/#organization","name":"Lifenatura","url":"https:\/\/www.lifenatura.com\/es\/","logo":{"@type":"ImageObject","inLanguage":"es","@id":"https:\/\/www.lifenatura.com\/es\/#\/schema\/logo\/image\/","url":"https:\/\/www.lifenatura.com\/wp-content\/uploads\/2021\/07\/logo.png","contentUrl":"https:\/\/www.lifenatura.com\/wp-content\/uploads\/2021\/07\/logo.png","width":175,"height":55,"caption":"Lifenatura"},"image":{"@id":"https:\/\/www.lifenatura.com\/es\/#\/schema\/logo\/image\/"},"sameAs":["https:\/\/www.facebook.com\/lifenatura","https:\/\/www.instagram.com\/lifenaturapt\/"],"hasMerchantReturnPolicy":{"@type":"MerchantReturnPolicy","merchantReturnLink":"https:\/\/www.lifenatura.com\/termos-condicoes-lifenatura\/"}}]},"product_price_amount":"16.50","product_price_currency":"EUR","og_availability":"instock","product_availability":"instock","product_retailer_item_id":"8436037510243","product_condition":"new"},"df_price":16.5,"df_sale_price":16.5,"df_regular_price":19.65,"df_image_link":"https:\/\/www.lifenatura.com\/wp-content\/uploads\/2021\/09\/gd_circulac_a_o_vitalart_1-300x300.jpg","_links":{"self":[{"href":"https:\/\/www.lifenatura.com\/es\/wp-json\/wp\/v2\/product\/41366","targetHints":{"allow":["GET"]}}],"collection":[{"href":"https:\/\/www.lifenatura.com\/es\/wp-json\/wp\/v2\/product"}],"about":[{"href":"https:\/\/www.lifenatura.com\/es\/wp-json\/wp\/v2\/types\/product"}],"wp:featuredmedia":[{"embeddable":true,"href":"https:\/\/www.lifenatura.com\/es\/wp-json\/wp\/v2\/media\/22486"}],"wp:attachment":[{"href":"https:\/\/www.lifenatura.com\/es\/wp-json\/wp\/v2\/media?parent=41366"}],"wp:term":[{"taxonomy":"product_brand","embeddable":true,"href":"https:\/\/www.lifenatura.com\/es\/wp-json\/wp\/v2\/product_brand?post=41366"},{"taxonomy":"product_cat","embeddable":true,"href":"https:\/\/www.lifenatura.com\/es\/wp-json\/wp\/v2\/product_cat?post=41366"},{"taxonomy":"product_tag","embeddable":true,"href":"https:\/\/www.lifenatura.com\/es\/wp-json\/wp\/v2\/product_tag?post=41366"}],"curies":[{"name":"wp","href":"https:\/\/api.w.org\/{rel}","templated":true}]}}