{"id":41361,"date":"2021-09-30T10:56:33","date_gmt":"2021-09-30T10:56:33","guid":{"rendered":"https:\/\/lifenatura.dev.agenciagetdigital.com\/produto\/curcuma-complex-30-comprimidos-vitalart\/"},"modified":"2025-02-02T00:04:28","modified_gmt":"2025-02-02T00:04:28","slug":"curcuma-complex-30-comprimidos-vitalart","status":"publish","type":"product","link":"https:\/\/www.lifenatura.com\/es\/produto\/curcuma-complex-30-comprimidos-vitalart\/","title":{"rendered":"Curcuma Complex 30 Comprimidos &#8211; Vitalart"},"content":{"rendered":"<p>La c\u00farcuma es su antiinflamatorio natural. Vitalart Curcuma Complex est\u00e1 indicado para ayudar a modular la respuesta inflamatoria actuando sobre las diferentes v\u00edas metab\u00f3licas implicadas en el proceso inflamatorio, con la reducci\u00f3n del dolor como secuencia. Es un complemento de apoyo en casos de molestias y dolores musculares y articulares. Act\u00faa mediante una selecci\u00f3n de extractos vegetales que modulan la respuesta inflamatoria a diferentes niveles, tanto en procesos de inflamaci\u00f3n aguda como cr\u00f3nica. PRESENTACI\u00d3N 30 comprimidos.<\/p>\n","protected":false},"excerpt":{"rendered":"<p>La c\u00farcuma es su antiinflamatorio natural. Vitalart Curcuma Complex est\u00e1 indicado para ayudar a modular la respuesta inflamatoria actuando sobre las diferentes v\u00edas metab\u00f3licas implicadas en el proceso inflamatorio, con la reducci\u00f3n del dolor como secuencia. Es un complemento de apoyo en casos de molestias y dolores musculares y articulares. Act\u00faa mediante una selecci\u00f3n de [&#8230;]<\/p>\n<p><a class=\"btn btn-secondary understrap-read-more-link\" href=\"https:\/\/www.lifenatura.com\/es\/produto\/curcuma-complex-30-comprimidos-vitalart\/\">Leer m\u00e1s&#8230;<span class=\"screen-reader-text\"> from Curcuma Complex 30 Comprimidos &#8211; Vitalart<\/span><\/a><\/p>\n","protected":false},"featured_media":22481,"template":"","meta":{"_acf_changed":false},"product_brand":[8387],"product_cat":[7999,7695,7659,7179,7883],"product_tag":[],"class_list":{"0":"post-41361","1":"product","2":"type-product","3":"status-publish","4":"has-post-thumbnail","6":"product_brand-vitalart","7":"product_cat-antiinflamatorio-natural","8":"product_cat-curcuma-bio","9":"product_cat-ingrediente-natural-bio","10":"product_cat-salud","11":"product_cat-suplementos-alimenticios","13":"first","14":"instock","15":"sale","16":"shipping-taxable","17":"purchasable","18":"product-type-simple","19":"add-to-wishlist-before_image"},"acf":[],"yoast_head":"<!-- This site is optimized with the Yoast SEO Premium plugin v27.1 (Yoast SEO v27.6) - https:\/\/yoast.com\/product\/yoast-seo-premium-wordpress\/ -->\n<title>Curcuma Complex 30 Comprimidos - Vitalart<\/title>\n<meta name=\"description\" content=\"Vitalart Curcuma Complex est\u00e1 indicado para ayudar a modular la respuesta inflamatoria actuando sobre las diferentes v\u00edas metab\u00f3licas implicadas en el proceso inflamatorio.\" \/>\n<meta name=\"robots\" content=\"index, follow, max-snippet:-1, max-image-preview:large, max-video-preview:-1\" \/>\n<link rel=\"canonical\" href=\"https:\/\/www.lifenatura.com\/es\/produto\/curcuma-complex-30-comprimidos-vitalart\/\" \/>\n<meta property=\"og:locale\" content=\"es_ES\" \/>\n<meta property=\"og:type\" content=\"article\" \/>\n<meta property=\"og:title\" content=\"Curcuma Complex 30 Comprimidos - Vitalart - Na Lifenatura ao Melhor Pre\u00e7o | Envio 48h\" \/>\n<meta property=\"og:description\" content=\"Compre Curcuma Complex 30 Comprimidos - Vitalart com envio r\u00e1pido. Entrega em 48h e portes gr\u00e1tis em compras &gt;35\u20ac. Aproveite j\u00e1 na Lifenatura\" \/>\n<meta property=\"og:url\" content=\"https:\/\/www.lifenatura.com\/es\/produto\/curcuma-complex-30-comprimidos-vitalart\/\" \/>\n<meta property=\"og:site_name\" content=\"Lifenatura\" \/>\n<meta property=\"article:publisher\" content=\"https:\/\/www.facebook.com\/lifenatura\" \/>\n<meta property=\"article:modified_time\" content=\"2025-02-02T00:04:28+00:00\" \/>\n<meta property=\"og:image\" content=\"https:\/\/www.lifenatura.com\/wp-content\/uploads\/2021\/09\/gd_cucuma_vitalart.jpg\" \/>\n\t<meta property=\"og:image:width\" content=\"1000\" \/>\n\t<meta property=\"og:image:height\" content=\"1000\" \/>\n\t<meta property=\"og:image:type\" content=\"image\/jpeg\" \/>\n<meta name=\"twitter:card\" content=\"summary_large_image\" \/>\n<meta name=\"twitter:label1\" content=\"Precio\" \/>\n\t<meta name=\"twitter:data1\" content=\"18,50&nbsp;&euro;\" \/>\n\t<meta name=\"twitter:label2\" content=\"Disponibilidad\" \/>\n\t<meta name=\"twitter:data2\" content=\"Disponible\" \/>\n<script type=\"application\/ld+json\" class=\"yoast-schema-graph\">{\"@context\":\"https:\\\/\\\/schema.org\",\"@graph\":[{\"@type\":\"WebPage\",\"@id\":\"https:\\\/\\\/www.lifenatura.com\\\/es\\\/produto\\\/curcuma-complex-30-comprimidos-vitalart\\\/\",\"url\":\"https:\\\/\\\/www.lifenatura.com\\\/es\\\/produto\\\/curcuma-complex-30-comprimidos-vitalart\\\/\",\"name\":\"Curcuma Complex 30 Comprimidos - Vitalart\",\"isPartOf\":{\"@id\":\"https:\\\/\\\/www.lifenatura.com\\\/es\\\/#website\"},\"primaryImageOfPage\":{\"@id\":\"https:\\\/\\\/www.lifenatura.com\\\/es\\\/produto\\\/curcuma-complex-30-comprimidos-vitalart\\\/#primaryimage\"},\"image\":{\"@id\":\"https:\\\/\\\/www.lifenatura.com\\\/es\\\/produto\\\/curcuma-complex-30-comprimidos-vitalart\\\/#primaryimage\"},\"thumbnailUrl\":\"https:\\\/\\\/www.lifenatura.com\\\/wp-content\\\/uploads\\\/2021\\\/09\\\/gd_cucuma_vitalart.jpg\",\"datePublished\":\"2021-09-30T10:56:33+00:00\",\"dateModified\":\"2025-02-02T00:04:28+00:00\",\"description\":\"Vitalart Curcuma Complex est\u00e1 indicado para ayudar a modular la respuesta inflamatoria actuando sobre las diferentes v\u00edas metab\u00f3licas implicadas en el proceso inflamatorio.\",\"breadcrumb\":{\"@id\":\"https:\\\/\\\/www.lifenatura.com\\\/es\\\/produto\\\/curcuma-complex-30-comprimidos-vitalart\\\/#breadcrumb\"},\"inLanguage\":\"es\",\"potentialAction\":[{\"@type\":\"ReadAction\",\"target\":[\"https:\\\/\\\/www.lifenatura.com\\\/es\\\/produto\\\/curcuma-complex-30-comprimidos-vitalart\\\/\"]}]},{\"@type\":\"ImageObject\",\"inLanguage\":\"es\",\"@id\":\"https:\\\/\\\/www.lifenatura.com\\\/es\\\/produto\\\/curcuma-complex-30-comprimidos-vitalart\\\/#primaryimage\",\"url\":\"https:\\\/\\\/www.lifenatura.com\\\/wp-content\\\/uploads\\\/2021\\\/09\\\/gd_cucuma_vitalart.jpg\",\"contentUrl\":\"https:\\\/\\\/www.lifenatura.com\\\/wp-content\\\/uploads\\\/2021\\\/09\\\/gd_cucuma_vitalart.jpg\",\"width\":1000,\"height\":1000,\"caption\":\"Curcuma Complex 30 Comprimidos - Vitalart\"},{\"@type\":\"BreadcrumbList\",\"@id\":\"https:\\\/\\\/www.lifenatura.com\\\/es\\\/produto\\\/curcuma-complex-30-comprimidos-vitalart\\\/#breadcrumb\",\"itemListElement\":[{\"@type\":\"ListItem\",\"position\":1,\"name\":\"In\u00edcio\",\"item\":\"https:\\\/\\\/www.lifenatura.com\\\/es\\\/\"},{\"@type\":\"ListItem\",\"position\":2,\"name\":\"Todos los Productos\",\"item\":\"https:\\\/\\\/www.lifenatura.com\\\/es\\\/tienda\\\/\"},{\"@type\":\"ListItem\",\"position\":3,\"name\":\"Curcuma Complex 30 Comprimidos &#8211; Vitalart\"}]},{\"@type\":\"WebSite\",\"@id\":\"https:\\\/\\\/www.lifenatura.com\\\/es\\\/#website\",\"url\":\"https:\\\/\\\/www.lifenatura.com\\\/es\\\/\",\"name\":\"Lifenatura\",\"description\":\"A Lifenatura \u00e9 uma loja de produtos naturais, cosm\u00e9tica natural e alimenta\u00e7\u00e3o Biol\u00f3gica.\",\"publisher\":{\"@id\":\"https:\\\/\\\/www.lifenatura.com\\\/es\\\/#organization\"},\"potentialAction\":[{\"@type\":\"SearchAction\",\"target\":{\"@type\":\"EntryPoint\",\"urlTemplate\":\"https:\\\/\\\/www.lifenatura.com\\\/es\\\/?s={search_term_string}\"},\"query-input\":{\"@type\":\"PropertyValueSpecification\",\"valueRequired\":true,\"valueName\":\"search_term_string\"}}],\"inLanguage\":\"es\"},{\"@type\":\"Organization\",\"@id\":\"https:\\\/\\\/www.lifenatura.com\\\/es\\\/#organization\",\"name\":\"Lifenatura\",\"url\":\"https:\\\/\\\/www.lifenatura.com\\\/es\\\/\",\"logo\":{\"@type\":\"ImageObject\",\"inLanguage\":\"es\",\"@id\":\"https:\\\/\\\/www.lifenatura.com\\\/es\\\/#\\\/schema\\\/logo\\\/image\\\/\",\"url\":\"https:\\\/\\\/www.lifenatura.com\\\/wp-content\\\/uploads\\\/2021\\\/07\\\/logo.png\",\"contentUrl\":\"https:\\\/\\\/www.lifenatura.com\\\/wp-content\\\/uploads\\\/2021\\\/07\\\/logo.png\",\"width\":175,\"height\":55,\"caption\":\"Lifenatura\"},\"image\":{\"@id\":\"https:\\\/\\\/www.lifenatura.com\\\/es\\\/#\\\/schema\\\/logo\\\/image\\\/\"},\"sameAs\":[\"https:\\\/\\\/www.facebook.com\\\/lifenatura\",\"https:\\\/\\\/www.instagram.com\\\/lifenaturapt\\\/\"],\"hasMerchantReturnPolicy\":{\"@type\":\"MerchantReturnPolicy\",\"merchantReturnLink\":\"https:\\\/\\\/www.lifenatura.com\\\/termos-condicoes-lifenatura\\\/\"}}]}<\/script>\n<meta property=\"product:price:amount\" content=\"18.50\" \/>\n<meta property=\"product:price:currency\" content=\"EUR\" \/>\n<meta property=\"og:availability\" content=\"instock\" \/>\n<meta property=\"product:availability\" content=\"instock\" \/>\n<meta property=\"product:retailer_item_id\" content=\"8436037510199\" \/>\n<meta property=\"product:condition\" content=\"new\" \/>\n<!-- \/ Yoast SEO Premium plugin. -->","yoast_head_json":{"title":"Curcuma Complex 30 Comprimidos - Vitalart","description":"Vitalart Curcuma Complex est\u00e1 indicado para ayudar a modular la respuesta inflamatoria actuando sobre las diferentes v\u00edas metab\u00f3licas implicadas en el proceso inflamatorio.","robots":{"index":"index","follow":"follow","max-snippet":"max-snippet:-1","max-image-preview":"max-image-preview:large","max-video-preview":"max-video-preview:-1"},"canonical":"https:\/\/www.lifenatura.com\/es\/produto\/curcuma-complex-30-comprimidos-vitalart\/","og_locale":"es_ES","og_type":"article","og_title":"Curcuma Complex 30 Comprimidos - Vitalart - Na Lifenatura ao Melhor Pre\u00e7o | Envio 48h","og_description":"Compre Curcuma Complex 30 Comprimidos - Vitalart com envio r\u00e1pido. Entrega em 48h e portes gr\u00e1tis em compras >35\u20ac. Aproveite j\u00e1 na Lifenatura","og_url":"https:\/\/www.lifenatura.com\/es\/produto\/curcuma-complex-30-comprimidos-vitalart\/","og_site_name":"Lifenatura","article_publisher":"https:\/\/www.facebook.com\/lifenatura","article_modified_time":"2025-02-02T00:04:28+00:00","og_image":[{"width":1000,"height":1000,"url":"https:\/\/www.lifenatura.com\/wp-content\/uploads\/2021\/09\/gd_cucuma_vitalart.jpg","type":"image\/jpeg"}],"twitter_card":"summary_large_image","twitter_misc":{"Precio":"18,50&nbsp;&euro;","Disponibilidad":"Disponible"},"schema":{"@context":"https:\/\/schema.org","@graph":[{"@type":"WebPage","@id":"https:\/\/www.lifenatura.com\/es\/produto\/curcuma-complex-30-comprimidos-vitalart\/","url":"https:\/\/www.lifenatura.com\/es\/produto\/curcuma-complex-30-comprimidos-vitalart\/","name":"Curcuma Complex 30 Comprimidos - Vitalart","isPartOf":{"@id":"https:\/\/www.lifenatura.com\/es\/#website"},"primaryImageOfPage":{"@id":"https:\/\/www.lifenatura.com\/es\/produto\/curcuma-complex-30-comprimidos-vitalart\/#primaryimage"},"image":{"@id":"https:\/\/www.lifenatura.com\/es\/produto\/curcuma-complex-30-comprimidos-vitalart\/#primaryimage"},"thumbnailUrl":"https:\/\/www.lifenatura.com\/wp-content\/uploads\/2021\/09\/gd_cucuma_vitalart.jpg","datePublished":"2021-09-30T10:56:33+00:00","dateModified":"2025-02-02T00:04:28+00:00","description":"Vitalart Curcuma Complex est\u00e1 indicado para ayudar a modular la respuesta inflamatoria actuando sobre las diferentes v\u00edas metab\u00f3licas implicadas en el proceso inflamatorio.","breadcrumb":{"@id":"https:\/\/www.lifenatura.com\/es\/produto\/curcuma-complex-30-comprimidos-vitalart\/#breadcrumb"},"inLanguage":"es","potentialAction":[{"@type":"ReadAction","target":["https:\/\/www.lifenatura.com\/es\/produto\/curcuma-complex-30-comprimidos-vitalart\/"]}]},{"@type":"ImageObject","inLanguage":"es","@id":"https:\/\/www.lifenatura.com\/es\/produto\/curcuma-complex-30-comprimidos-vitalart\/#primaryimage","url":"https:\/\/www.lifenatura.com\/wp-content\/uploads\/2021\/09\/gd_cucuma_vitalart.jpg","contentUrl":"https:\/\/www.lifenatura.com\/wp-content\/uploads\/2021\/09\/gd_cucuma_vitalart.jpg","width":1000,"height":1000,"caption":"Curcuma Complex 30 Comprimidos - Vitalart"},{"@type":"BreadcrumbList","@id":"https:\/\/www.lifenatura.com\/es\/produto\/curcuma-complex-30-comprimidos-vitalart\/#breadcrumb","itemListElement":[{"@type":"ListItem","position":1,"name":"In\u00edcio","item":"https:\/\/www.lifenatura.com\/es\/"},{"@type":"ListItem","position":2,"name":"Todos los Productos","item":"https:\/\/www.lifenatura.com\/es\/tienda\/"},{"@type":"ListItem","position":3,"name":"Curcuma Complex 30 Comprimidos &#8211; Vitalart"}]},{"@type":"WebSite","@id":"https:\/\/www.lifenatura.com\/es\/#website","url":"https:\/\/www.lifenatura.com\/es\/","name":"Lifenatura","description":"A Lifenatura \u00e9 uma loja de produtos naturais, cosm\u00e9tica natural e alimenta\u00e7\u00e3o Biol\u00f3gica.","publisher":{"@id":"https:\/\/www.lifenatura.com\/es\/#organization"},"potentialAction":[{"@type":"SearchAction","target":{"@type":"EntryPoint","urlTemplate":"https:\/\/www.lifenatura.com\/es\/?s={search_term_string}"},"query-input":{"@type":"PropertyValueSpecification","valueRequired":true,"valueName":"search_term_string"}}],"inLanguage":"es"},{"@type":"Organization","@id":"https:\/\/www.lifenatura.com\/es\/#organization","name":"Lifenatura","url":"https:\/\/www.lifenatura.com\/es\/","logo":{"@type":"ImageObject","inLanguage":"es","@id":"https:\/\/www.lifenatura.com\/es\/#\/schema\/logo\/image\/","url":"https:\/\/www.lifenatura.com\/wp-content\/uploads\/2021\/07\/logo.png","contentUrl":"https:\/\/www.lifenatura.com\/wp-content\/uploads\/2021\/07\/logo.png","width":175,"height":55,"caption":"Lifenatura"},"image":{"@id":"https:\/\/www.lifenatura.com\/es\/#\/schema\/logo\/image\/"},"sameAs":["https:\/\/www.facebook.com\/lifenatura","https:\/\/www.instagram.com\/lifenaturapt\/"],"hasMerchantReturnPolicy":{"@type":"MerchantReturnPolicy","merchantReturnLink":"https:\/\/www.lifenatura.com\/termos-condicoes-lifenatura\/"}}]},"product_price_amount":"18.50","product_price_currency":"EUR","og_availability":"instock","product_availability":"instock","product_retailer_item_id":"8436037510199","product_condition":"new"},"df_price":18.5,"df_sale_price":18.5,"df_regular_price":19.75,"df_image_link":"https:\/\/www.lifenatura.com\/wp-content\/uploads\/2021\/09\/gd_cucuma_vitalart-300x300.jpg","_links":{"self":[{"href":"https:\/\/www.lifenatura.com\/es\/wp-json\/wp\/v2\/product\/41361","targetHints":{"allow":["GET"]}}],"collection":[{"href":"https:\/\/www.lifenatura.com\/es\/wp-json\/wp\/v2\/product"}],"about":[{"href":"https:\/\/www.lifenatura.com\/es\/wp-json\/wp\/v2\/types\/product"}],"wp:featuredmedia":[{"embeddable":true,"href":"https:\/\/www.lifenatura.com\/es\/wp-json\/wp\/v2\/media\/22481"}],"wp:attachment":[{"href":"https:\/\/www.lifenatura.com\/es\/wp-json\/wp\/v2\/media?parent=41361"}],"wp:term":[{"taxonomy":"product_brand","embeddable":true,"href":"https:\/\/www.lifenatura.com\/es\/wp-json\/wp\/v2\/product_brand?post=41361"},{"taxonomy":"product_cat","embeddable":true,"href":"https:\/\/www.lifenatura.com\/es\/wp-json\/wp\/v2\/product_cat?post=41361"},{"taxonomy":"product_tag","embeddable":true,"href":"https:\/\/www.lifenatura.com\/es\/wp-json\/wp\/v2\/product_tag?post=41361"}],"curies":[{"name":"wp","href":"https:\/\/api.w.org\/{rel}","templated":true}]}}