{"id":41359,"date":"2021-09-30T10:56:33","date_gmt":"2021-09-30T10:56:33","guid":{"rendered":"https:\/\/lifenatura.dev.agenciagetdigital.com\/produto\/arroz-rojo-con-coq10-60-tabletas-vitalart\/"},"modified":"2025-02-02T00:04:27","modified_gmt":"2025-02-02T00:04:27","slug":"arroz-rojo-con-coq10-60-tabletas-vitalart","status":"publish","type":"product","link":"https:\/\/www.lifenatura.com\/es\/produto\/arroz-rojo-con-coq10-60-tabletas-vitalart\/","title":{"rendered":"Arroz Rojo con COQ10 60 Tabletas &#8211; Vitalart"},"content":{"rendered":"<p>Arroz rojo Mantenimiento normal de los niveles de colesterol Vitalart Arroz Rojo con COQ10 es una f\u00f3rmula a base de extracto de arroz rojo (Monacolina K), con policosanoles que regulan los niveles de colesterol en sangre. Es un complemento que facilita el control de los niveles de colesterol en pacientes con riesgo cardiovascular bajo o moderado. Indicado para hipercolesterolemia e hiperlipidemia leve-moderada. Se ha demostrado que la Monacolina K del extracto de levadura inhibe la s\u00edntesis de colesterol hep\u00e1tico desde sus primeras etapas de s\u00edntesis end\u00f3gena. Los policosanoles ayudan a reducir los niveles de colesterol total y colesterol LDL y a proteger las lipoprote\u00ednas LDL contra la oxidaci\u00f3n. Con un amplio perfil de antioxidantes adicionales (CoQ10, Vitamina E, Vitamina C y Selenio) para una protecci\u00f3n celular \u00f3ptima. La vitamina D ayuda a mantener la funci\u00f3n muscular y, junto con la vitamina C, contribuye a la reducci\u00f3n del cansancio y la fatiga. PRESENTACI\u00d3N 60 comprimidos.<\/p>\n","protected":false},"excerpt":{"rendered":"<p>Arroz rojo Mantenimiento normal de los niveles de colesterol Vitalart Arroz Rojo con COQ10 es una f\u00f3rmula a base de extracto de arroz rojo (Monacolina K), con policosanoles que regulan los niveles de colesterol en sangre. Es un complemento que facilita el control de los niveles de colesterol en pacientes con riesgo cardiovascular bajo o [&#8230;]<\/p>\n<p><a class=\"btn btn-secondary understrap-read-more-link\" href=\"https:\/\/www.lifenatura.com\/es\/produto\/arroz-rojo-con-coq10-60-tabletas-vitalart\/\">Leer m\u00e1s&#8230;<span class=\"screen-reader-text\"> from Arroz Rojo con COQ10 60 Tabletas &#8211; Vitalart<\/span><\/a><\/p>\n","protected":false},"featured_media":58529,"template":"","meta":{"_acf_changed":false},"product_brand":[8387],"product_cat":[7222,7659,7148,7179],"product_tag":[],"class_list":{"0":"post-41359","1":"product","2":"type-product","3":"status-publish","4":"has-post-thumbnail","6":"product_brand-vitalart","7":"product_cat-colesterol-salud","8":"product_cat-ingrediente-natural-bio","9":"product_cat-levadura-de-arroz-rojo","10":"product_cat-salud","12":"first","13":"instock","14":"sale","15":"shipping-taxable","16":"purchasable","17":"product-type-simple","18":"add-to-wishlist-before_image"},"acf":[],"yoast_head":"<!-- This site is optimized with the Yoast SEO Premium plugin v27.1 (Yoast SEO v27.6) - https:\/\/yoast.com\/product\/yoast-seo-premium-wordpress\/ -->\n<title>Arroz Rojo con COQ10 60 Tabletas - Vitalart<\/title>\n<meta name=\"description\" content=\"Vitalart Arroz Rojo con COQ10 es una f\u00f3rmula a base de extracto de arroz rojo (Monacolina K), con policosanoles que regulan los niveles de colesterol en sangre.\" \/>\n<meta name=\"robots\" content=\"index, follow, max-snippet:-1, max-image-preview:large, max-video-preview:-1\" \/>\n<link rel=\"canonical\" href=\"https:\/\/www.lifenatura.com\/es\/produto\/arroz-rojo-con-coq10-60-tabletas-vitalart\/\" \/>\n<meta property=\"og:locale\" content=\"es_ES\" \/>\n<meta property=\"og:type\" content=\"article\" \/>\n<meta property=\"og:title\" content=\"Arroz Rojo con COQ10 60 Tabletas - Vitalart - Na Lifenatura ao Melhor Pre\u00e7o | Envio 48h\" \/>\n<meta property=\"og:description\" content=\"Compre Arroz Rojo con COQ10 60 Tabletas - Vitalart com envio r\u00e1pido. Entrega em 48h e portes gr\u00e1tis em compras &gt;35\u20ac. Aproveite j\u00e1 na Lifenatura\" \/>\n<meta property=\"og:url\" content=\"https:\/\/www.lifenatura.com\/es\/produto\/arroz-rojo-con-coq10-60-tabletas-vitalart\/\" \/>\n<meta property=\"og:site_name\" content=\"Lifenatura\" \/>\n<meta property=\"article:publisher\" content=\"https:\/\/www.facebook.com\/lifenatura\" \/>\n<meta property=\"article:modified_time\" content=\"2025-02-02T00:04:27+00:00\" \/>\n<meta property=\"og:image\" content=\"https:\/\/www.lifenatura.com\/wp-content\/uploads\/2021\/09\/Vitalart-Arroz-vermelho.jpg\" \/>\n\t<meta property=\"og:image:width\" content=\"1000\" \/>\n\t<meta property=\"og:image:height\" content=\"1000\" \/>\n\t<meta property=\"og:image:type\" content=\"image\/jpeg\" \/>\n<meta name=\"twitter:card\" content=\"summary_large_image\" \/>\n<meta name=\"twitter:label1\" content=\"Precio\" \/>\n\t<meta name=\"twitter:data1\" content=\"20,50&nbsp;&euro;\" \/>\n\t<meta name=\"twitter:label2\" content=\"Disponibilidad\" \/>\n\t<meta name=\"twitter:data2\" content=\"Disponible\" \/>\n<script type=\"application\/ld+json\" class=\"yoast-schema-graph\">{\"@context\":\"https:\\\/\\\/schema.org\",\"@graph\":[{\"@type\":\"WebPage\",\"@id\":\"https:\\\/\\\/www.lifenatura.com\\\/es\\\/produto\\\/arroz-rojo-con-coq10-60-tabletas-vitalart\\\/\",\"url\":\"https:\\\/\\\/www.lifenatura.com\\\/es\\\/produto\\\/arroz-rojo-con-coq10-60-tabletas-vitalart\\\/\",\"name\":\"Arroz Rojo con COQ10 60 Tabletas - Vitalart\",\"isPartOf\":{\"@id\":\"https:\\\/\\\/www.lifenatura.com\\\/es\\\/#website\"},\"primaryImageOfPage\":{\"@id\":\"https:\\\/\\\/www.lifenatura.com\\\/es\\\/produto\\\/arroz-rojo-con-coq10-60-tabletas-vitalart\\\/#primaryimage\"},\"image\":{\"@id\":\"https:\\\/\\\/www.lifenatura.com\\\/es\\\/produto\\\/arroz-rojo-con-coq10-60-tabletas-vitalart\\\/#primaryimage\"},\"thumbnailUrl\":\"https:\\\/\\\/www.lifenatura.com\\\/wp-content\\\/uploads\\\/2021\\\/09\\\/Vitalart-Arroz-vermelho.jpg\",\"datePublished\":\"2021-09-30T10:56:33+00:00\",\"dateModified\":\"2025-02-02T00:04:27+00:00\",\"description\":\"Vitalart Arroz Rojo con COQ10 es una f\u00f3rmula a base de extracto de arroz rojo (Monacolina K), con policosanoles que regulan los niveles de colesterol en sangre.\",\"breadcrumb\":{\"@id\":\"https:\\\/\\\/www.lifenatura.com\\\/es\\\/produto\\\/arroz-rojo-con-coq10-60-tabletas-vitalart\\\/#breadcrumb\"},\"inLanguage\":\"es\",\"potentialAction\":[{\"@type\":\"ReadAction\",\"target\":[\"https:\\\/\\\/www.lifenatura.com\\\/es\\\/produto\\\/arroz-rojo-con-coq10-60-tabletas-vitalart\\\/\"]}]},{\"@type\":\"ImageObject\",\"inLanguage\":\"es\",\"@id\":\"https:\\\/\\\/www.lifenatura.com\\\/es\\\/produto\\\/arroz-rojo-con-coq10-60-tabletas-vitalart\\\/#primaryimage\",\"url\":\"https:\\\/\\\/www.lifenatura.com\\\/wp-content\\\/uploads\\\/2021\\\/09\\\/Vitalart-Arroz-vermelho.jpg\",\"contentUrl\":\"https:\\\/\\\/www.lifenatura.com\\\/wp-content\\\/uploads\\\/2021\\\/09\\\/Vitalart-Arroz-vermelho.jpg\",\"width\":1000,\"height\":1000,\"caption\":\"arroz vermelho da vitalart\"},{\"@type\":\"BreadcrumbList\",\"@id\":\"https:\\\/\\\/www.lifenatura.com\\\/es\\\/produto\\\/arroz-rojo-con-coq10-60-tabletas-vitalart\\\/#breadcrumb\",\"itemListElement\":[{\"@type\":\"ListItem\",\"position\":1,\"name\":\"In\u00edcio\",\"item\":\"https:\\\/\\\/www.lifenatura.com\\\/es\\\/\"},{\"@type\":\"ListItem\",\"position\":2,\"name\":\"Todos los Productos\",\"item\":\"https:\\\/\\\/www.lifenatura.com\\\/es\\\/tienda\\\/\"},{\"@type\":\"ListItem\",\"position\":3,\"name\":\"Arroz Rojo con COQ10 60 Tabletas &#8211; Vitalart\"}]},{\"@type\":\"WebSite\",\"@id\":\"https:\\\/\\\/www.lifenatura.com\\\/es\\\/#website\",\"url\":\"https:\\\/\\\/www.lifenatura.com\\\/es\\\/\",\"name\":\"Lifenatura\",\"description\":\"A Lifenatura \u00e9 uma loja de produtos naturais, cosm\u00e9tica natural e alimenta\u00e7\u00e3o Biol\u00f3gica.\",\"publisher\":{\"@id\":\"https:\\\/\\\/www.lifenatura.com\\\/es\\\/#organization\"},\"potentialAction\":[{\"@type\":\"SearchAction\",\"target\":{\"@type\":\"EntryPoint\",\"urlTemplate\":\"https:\\\/\\\/www.lifenatura.com\\\/es\\\/?s={search_term_string}\"},\"query-input\":{\"@type\":\"PropertyValueSpecification\",\"valueRequired\":true,\"valueName\":\"search_term_string\"}}],\"inLanguage\":\"es\"},{\"@type\":\"Organization\",\"@id\":\"https:\\\/\\\/www.lifenatura.com\\\/es\\\/#organization\",\"name\":\"Lifenatura\",\"url\":\"https:\\\/\\\/www.lifenatura.com\\\/es\\\/\",\"logo\":{\"@type\":\"ImageObject\",\"inLanguage\":\"es\",\"@id\":\"https:\\\/\\\/www.lifenatura.com\\\/es\\\/#\\\/schema\\\/logo\\\/image\\\/\",\"url\":\"https:\\\/\\\/www.lifenatura.com\\\/wp-content\\\/uploads\\\/2021\\\/07\\\/logo.png\",\"contentUrl\":\"https:\\\/\\\/www.lifenatura.com\\\/wp-content\\\/uploads\\\/2021\\\/07\\\/logo.png\",\"width\":175,\"height\":55,\"caption\":\"Lifenatura\"},\"image\":{\"@id\":\"https:\\\/\\\/www.lifenatura.com\\\/es\\\/#\\\/schema\\\/logo\\\/image\\\/\"},\"sameAs\":[\"https:\\\/\\\/www.facebook.com\\\/lifenatura\",\"https:\\\/\\\/www.instagram.com\\\/lifenaturapt\\\/\"],\"hasMerchantReturnPolicy\":{\"@type\":\"MerchantReturnPolicy\",\"merchantReturnLink\":\"https:\\\/\\\/www.lifenatura.com\\\/termos-condicoes-lifenatura\\\/\"}}]}<\/script>\n<meta property=\"product:price:amount\" content=\"20.50\" \/>\n<meta property=\"product:price:currency\" content=\"EUR\" \/>\n<meta property=\"og:availability\" content=\"instock\" \/>\n<meta property=\"product:availability\" content=\"instock\" \/>\n<meta property=\"product:retailer_item_id\" content=\"8436037510366\" \/>\n<meta property=\"product:condition\" content=\"new\" \/>\n<!-- \/ Yoast SEO Premium plugin. -->","yoast_head_json":{"title":"Arroz Rojo con COQ10 60 Tabletas - Vitalart","description":"Vitalart Arroz Rojo con COQ10 es una f\u00f3rmula a base de extracto de arroz rojo (Monacolina K), con policosanoles que regulan los niveles de colesterol en sangre.","robots":{"index":"index","follow":"follow","max-snippet":"max-snippet:-1","max-image-preview":"max-image-preview:large","max-video-preview":"max-video-preview:-1"},"canonical":"https:\/\/www.lifenatura.com\/es\/produto\/arroz-rojo-con-coq10-60-tabletas-vitalart\/","og_locale":"es_ES","og_type":"article","og_title":"Arroz Rojo con COQ10 60 Tabletas - Vitalart - Na Lifenatura ao Melhor Pre\u00e7o | Envio 48h","og_description":"Compre Arroz Rojo con COQ10 60 Tabletas - Vitalart com envio r\u00e1pido. Entrega em 48h e portes gr\u00e1tis em compras >35\u20ac. Aproveite j\u00e1 na Lifenatura","og_url":"https:\/\/www.lifenatura.com\/es\/produto\/arroz-rojo-con-coq10-60-tabletas-vitalart\/","og_site_name":"Lifenatura","article_publisher":"https:\/\/www.facebook.com\/lifenatura","article_modified_time":"2025-02-02T00:04:27+00:00","og_image":[{"width":1000,"height":1000,"url":"https:\/\/www.lifenatura.com\/wp-content\/uploads\/2021\/09\/Vitalart-Arroz-vermelho.jpg","type":"image\/jpeg"}],"twitter_card":"summary_large_image","twitter_misc":{"Precio":"20,50&nbsp;&euro;","Disponibilidad":"Disponible"},"schema":{"@context":"https:\/\/schema.org","@graph":[{"@type":"WebPage","@id":"https:\/\/www.lifenatura.com\/es\/produto\/arroz-rojo-con-coq10-60-tabletas-vitalart\/","url":"https:\/\/www.lifenatura.com\/es\/produto\/arroz-rojo-con-coq10-60-tabletas-vitalart\/","name":"Arroz Rojo con COQ10 60 Tabletas - Vitalart","isPartOf":{"@id":"https:\/\/www.lifenatura.com\/es\/#website"},"primaryImageOfPage":{"@id":"https:\/\/www.lifenatura.com\/es\/produto\/arroz-rojo-con-coq10-60-tabletas-vitalart\/#primaryimage"},"image":{"@id":"https:\/\/www.lifenatura.com\/es\/produto\/arroz-rojo-con-coq10-60-tabletas-vitalart\/#primaryimage"},"thumbnailUrl":"https:\/\/www.lifenatura.com\/wp-content\/uploads\/2021\/09\/Vitalart-Arroz-vermelho.jpg","datePublished":"2021-09-30T10:56:33+00:00","dateModified":"2025-02-02T00:04:27+00:00","description":"Vitalart Arroz Rojo con COQ10 es una f\u00f3rmula a base de extracto de arroz rojo (Monacolina K), con policosanoles que regulan los niveles de colesterol en sangre.","breadcrumb":{"@id":"https:\/\/www.lifenatura.com\/es\/produto\/arroz-rojo-con-coq10-60-tabletas-vitalart\/#breadcrumb"},"inLanguage":"es","potentialAction":[{"@type":"ReadAction","target":["https:\/\/www.lifenatura.com\/es\/produto\/arroz-rojo-con-coq10-60-tabletas-vitalart\/"]}]},{"@type":"ImageObject","inLanguage":"es","@id":"https:\/\/www.lifenatura.com\/es\/produto\/arroz-rojo-con-coq10-60-tabletas-vitalart\/#primaryimage","url":"https:\/\/www.lifenatura.com\/wp-content\/uploads\/2021\/09\/Vitalart-Arroz-vermelho.jpg","contentUrl":"https:\/\/www.lifenatura.com\/wp-content\/uploads\/2021\/09\/Vitalart-Arroz-vermelho.jpg","width":1000,"height":1000,"caption":"arroz vermelho da vitalart"},{"@type":"BreadcrumbList","@id":"https:\/\/www.lifenatura.com\/es\/produto\/arroz-rojo-con-coq10-60-tabletas-vitalart\/#breadcrumb","itemListElement":[{"@type":"ListItem","position":1,"name":"In\u00edcio","item":"https:\/\/www.lifenatura.com\/es\/"},{"@type":"ListItem","position":2,"name":"Todos los Productos","item":"https:\/\/www.lifenatura.com\/es\/tienda\/"},{"@type":"ListItem","position":3,"name":"Arroz Rojo con COQ10 60 Tabletas &#8211; Vitalart"}]},{"@type":"WebSite","@id":"https:\/\/www.lifenatura.com\/es\/#website","url":"https:\/\/www.lifenatura.com\/es\/","name":"Lifenatura","description":"A Lifenatura \u00e9 uma loja de produtos naturais, cosm\u00e9tica natural e alimenta\u00e7\u00e3o Biol\u00f3gica.","publisher":{"@id":"https:\/\/www.lifenatura.com\/es\/#organization"},"potentialAction":[{"@type":"SearchAction","target":{"@type":"EntryPoint","urlTemplate":"https:\/\/www.lifenatura.com\/es\/?s={search_term_string}"},"query-input":{"@type":"PropertyValueSpecification","valueRequired":true,"valueName":"search_term_string"}}],"inLanguage":"es"},{"@type":"Organization","@id":"https:\/\/www.lifenatura.com\/es\/#organization","name":"Lifenatura","url":"https:\/\/www.lifenatura.com\/es\/","logo":{"@type":"ImageObject","inLanguage":"es","@id":"https:\/\/www.lifenatura.com\/es\/#\/schema\/logo\/image\/","url":"https:\/\/www.lifenatura.com\/wp-content\/uploads\/2021\/07\/logo.png","contentUrl":"https:\/\/www.lifenatura.com\/wp-content\/uploads\/2021\/07\/logo.png","width":175,"height":55,"caption":"Lifenatura"},"image":{"@id":"https:\/\/www.lifenatura.com\/es\/#\/schema\/logo\/image\/"},"sameAs":["https:\/\/www.facebook.com\/lifenatura","https:\/\/www.instagram.com\/lifenaturapt\/"],"hasMerchantReturnPolicy":{"@type":"MerchantReturnPolicy","merchantReturnLink":"https:\/\/www.lifenatura.com\/termos-condicoes-lifenatura\/"}}]},"product_price_amount":"20.50","product_price_currency":"EUR","og_availability":"instock","product_availability":"instock","product_retailer_item_id":"8436037510366","product_condition":"new"},"df_price":20.5,"df_sale_price":20.5,"df_regular_price":24.75,"df_image_link":"https:\/\/www.lifenatura.com\/wp-content\/uploads\/2021\/09\/Vitalart-Arroz-vermelho-300x300.jpg","_links":{"self":[{"href":"https:\/\/www.lifenatura.com\/es\/wp-json\/wp\/v2\/product\/41359","targetHints":{"allow":["GET"]}}],"collection":[{"href":"https:\/\/www.lifenatura.com\/es\/wp-json\/wp\/v2\/product"}],"about":[{"href":"https:\/\/www.lifenatura.com\/es\/wp-json\/wp\/v2\/types\/product"}],"wp:featuredmedia":[{"embeddable":true,"href":"https:\/\/www.lifenatura.com\/es\/wp-json\/wp\/v2\/media\/58529"}],"wp:attachment":[{"href":"https:\/\/www.lifenatura.com\/es\/wp-json\/wp\/v2\/media?parent=41359"}],"wp:term":[{"taxonomy":"product_brand","embeddable":true,"href":"https:\/\/www.lifenatura.com\/es\/wp-json\/wp\/v2\/product_brand?post=41359"},{"taxonomy":"product_cat","embeddable":true,"href":"https:\/\/www.lifenatura.com\/es\/wp-json\/wp\/v2\/product_cat?post=41359"},{"taxonomy":"product_tag","embeddable":true,"href":"https:\/\/www.lifenatura.com\/es\/wp-json\/wp\/v2\/product_tag?post=41359"}],"curies":[{"name":"wp","href":"https:\/\/api.w.org\/{rel}","templated":true}]}}