{"id":41351,"date":"2021-09-30T10:56:33","date_gmt":"2021-09-30T10:56:33","guid":{"rendered":"https:\/\/lifenatura.dev.agenciagetdigital.com\/produto\/superbluecell-450-60-capsulas-vegafarma\/"},"modified":"2025-02-02T00:04:25","modified_gmt":"2025-02-02T00:04:25","slug":"superbluecell-450-60-capsulas-vegafarma","status":"publish","type":"product","link":"https:\/\/www.lifenatura.com\/es\/produto\/superbluecell-450-60-capsulas-vegafarma\/","title":{"rendered":"SuperBlueCell 450 60 c\u00e1psulas &#8211; Vegafarma"},"content":{"rendered":"<h2 style=\"text-align: left;\"><strong>Super BlueCell 450 para el tratamiento de enfermedades cancerosas.<\/strong><\/h2>\n<p>&nbsp;<\/p>\n<p>SuperBlueCell 450 destaca por su alta concentraci\u00f3n en ficocianinas, que reducen el colesterol, los triglic\u00e9ridos y los malondialdeh\u00eddos, al tiempo que aumentan la capacidad antioxidante.<\/p>\n<p>Tiene propiedades hipolipemiantes, hipoglucemiantes y antihipertensivas, con indicios de potencial para aumentar la actividad de las lipasas y las secreciones de insulina pancre\u00e1tica.<\/p>\n<p>Super Bluecell 450 es un complemento alimenticio que contiene una alta concentraci\u00f3n de Ficocianina, extra\u00edda de una de las especies de microalgas m\u00e1s antiguas del planeta, la Espirulina. Su intenso color azul demuestra que este complemento alimenticio est\u00e1 compuesto por una alta concentraci\u00f3n de Ficocianina, de gran calidad y pureza.<\/p>\n<p>La nueva f\u00f3rmula Super Bluecell 450 es m\u00e1s potente, libre de aditivos, estabilizantes y edulcorantes, correspondiente a exactamente 500 mg de Espirulina en un extracto estandarizado a 150 mg de ficocianinas. La ficocianina es una mol\u00e9cula natural soluble, no t\u00f3xica, con reconocidas propiedades anticancer\u00edgenas, antioxidantes y antiinflamatorias. Las investigaciones tambi\u00e9n demuestran su fuerte capacidad citoprotectora, hepatoprotectora y neuroprotectora.<\/p>\n<p><strong>Los beneficios de las ficocianinas presentes:<\/strong><\/p>\n<p>Las ficocianinas tienen actividades antioxidantes, antiinflamatorias, hepato y neuroprotectoras. La actividad antioxidante, inmunomoduladora y antiinflamatoria de esta microalga juega un papel importante en la salud humana.<\/p>\n<p>La ficocianina aporta protecci\u00f3n y vitalidad al organismo, debido a sus propiedades antioxidantes, desintoxicantes y mecanismos de acci\u00f3n a nivel del sistema inmunol\u00f3gico, favoreciendo un equilibrio en el estado general de salud.<\/p>\n<p><strong>PRESENTACI\u00d3N<\/strong><\/p>\n<p>60 c\u00e1psulas<\/p>\n<p>&nbsp;<\/p>\n","protected":false},"excerpt":{"rendered":"<p>SuperBlueCell 450 destaca por su alta concentraci\u00f3n de ficocianinas, que reducen el colesterol, los triglic\u00e9ridos y fornece capacidad antioxidante. [&#8230;]<\/p>\n<p><a class=\"btn btn-secondary understrap-read-more-link\" href=\"https:\/\/www.lifenatura.com\/es\/produto\/superbluecell-450-60-capsulas-vegafarma\/\">Leer m\u00e1s&#8230;<span class=\"screen-reader-text\"> from SuperBlueCell 450 60 c\u00e1psulas &#8211; Vegafarma<\/span><\/a><\/p>\n","protected":false},"featured_media":112010,"template":"","meta":{"_acf_changed":false},"product_brand":[8389],"product_cat":[7211,7179],"product_tag":[],"class_list":{"0":"post-41351","1":"product","2":"type-product","3":"status-publish","4":"has-post-thumbnail","6":"product_brand-vegafarma","7":"product_cat-reforza-la-inmunidad-salud","8":"product_cat-salud","10":"first","11":"instock","12":"sale","13":"featured","14":"shipping-taxable","15":"purchasable","16":"product-type-simple","17":"add-to-wishlist-before_image"},"acf":[],"yoast_head":"<!-- This site is optimized with the Yoast SEO Premium plugin v27.1 (Yoast SEO v27.5) - https:\/\/yoast.com\/product\/yoast-seo-premium-wordpress\/ -->\n<title>SuperBlueCell 450 60 c\u00e1psulas - Vegafarma - Na Lifenatura ao Melhor Pre\u00e7o | Envio em 48h<\/title>\n<meta name=\"description\" content=\"Super BlueCell 450 destaca por su alta concentraci\u00f3n de ficocianinas, que reducen el colesterol, los triglic\u00e9ridos y fornece capacidad antioxidante.\" \/>\n<meta name=\"robots\" content=\"index, follow, max-snippet:-1, max-image-preview:large, max-video-preview:-1\" \/>\n<link rel=\"canonical\" href=\"https:\/\/www.lifenatura.com\/es\/produto\/superbluecell-450-60-capsulas-vegafarma\/\" \/>\n<meta property=\"og:locale\" content=\"es_ES\" \/>\n<meta property=\"og:type\" content=\"article\" \/>\n<meta property=\"og:title\" content=\"SuperBlueCell 450 60 c\u00e1psulas - Vegafarma - Na Lifenatura ao Melhor Pre\u00e7o | Envio 48h\" \/>\n<meta property=\"og:description\" content=\"Compre SuperBlueCell 450 60 c\u00e1psulas - Vegafarma com envio r\u00e1pido. Entrega em 48h e portes gr\u00e1tis em compras &gt;35\u20ac. Aproveite j\u00e1 na Lifenatura\" \/>\n<meta property=\"og:url\" content=\"https:\/\/www.lifenatura.com\/es\/produto\/superbluecell-450-60-capsulas-vegafarma\/\" \/>\n<meta property=\"og:site_name\" content=\"Lifenatura\" \/>\n<meta property=\"article:publisher\" content=\"https:\/\/www.facebook.com\/lifenatura\" \/>\n<meta property=\"article:modified_time\" content=\"2025-02-02T00:04:25+00:00\" \/>\n<meta property=\"og:image\" content=\"https:\/\/www.lifenatura.com\/wp-content\/uploads\/2025\/05\/super-bluecell-60-caps-vegafarma.jpg\" \/>\n\t<meta property=\"og:image:width\" content=\"1000\" \/>\n\t<meta property=\"og:image:height\" content=\"1000\" \/>\n\t<meta property=\"og:image:type\" content=\"image\/jpeg\" \/>\n<meta name=\"twitter:card\" content=\"summary_large_image\" \/>\n<meta name=\"twitter:label1\" content=\"Precio\" \/>\n\t<meta name=\"twitter:data1\" content=\"34,96&nbsp;&euro;\" \/>\n\t<meta name=\"twitter:label2\" content=\"Disponibilidad\" \/>\n\t<meta name=\"twitter:data2\" content=\"Disponible\" \/>\n<script type=\"application\/ld+json\" class=\"yoast-schema-graph\">{\"@context\":\"https:\\\/\\\/schema.org\",\"@graph\":[{\"@type\":\"WebPage\",\"@id\":\"https:\\\/\\\/www.lifenatura.com\\\/es\\\/produto\\\/superbluecell-450-60-capsulas-vegafarma\\\/\",\"url\":\"https:\\\/\\\/www.lifenatura.com\\\/es\\\/produto\\\/superbluecell-450-60-capsulas-vegafarma\\\/\",\"name\":\"SuperBlueCell 450 60 c\u00e1psulas - Vegafarma - Na Lifenatura ao Melhor Pre\u00e7o | Envio em 48h\",\"isPartOf\":{\"@id\":\"https:\\\/\\\/www.lifenatura.com\\\/es\\\/#website\"},\"primaryImageOfPage\":{\"@id\":\"https:\\\/\\\/www.lifenatura.com\\\/es\\\/produto\\\/superbluecell-450-60-capsulas-vegafarma\\\/#primaryimage\"},\"image\":{\"@id\":\"https:\\\/\\\/www.lifenatura.com\\\/es\\\/produto\\\/superbluecell-450-60-capsulas-vegafarma\\\/#primaryimage\"},\"thumbnailUrl\":\"https:\\\/\\\/www.lifenatura.com\\\/wp-content\\\/uploads\\\/2025\\\/05\\\/super-bluecell-60-caps-vegafarma.jpg\",\"datePublished\":\"2021-09-30T10:56:33+00:00\",\"dateModified\":\"2025-02-02T00:04:25+00:00\",\"description\":\"Super BlueCell 450 destaca por su alta concentraci\u00f3n de ficocianinas, que reducen el colesterol, los triglic\u00e9ridos y fornece capacidad antioxidante.\",\"breadcrumb\":{\"@id\":\"https:\\\/\\\/www.lifenatura.com\\\/es\\\/produto\\\/superbluecell-450-60-capsulas-vegafarma\\\/#breadcrumb\"},\"inLanguage\":\"es\",\"potentialAction\":[{\"@type\":\"ReadAction\",\"target\":[\"https:\\\/\\\/www.lifenatura.com\\\/es\\\/produto\\\/superbluecell-450-60-capsulas-vegafarma\\\/\"]}]},{\"@type\":\"ImageObject\",\"inLanguage\":\"es\",\"@id\":\"https:\\\/\\\/www.lifenatura.com\\\/es\\\/produto\\\/superbluecell-450-60-capsulas-vegafarma\\\/#primaryimage\",\"url\":\"https:\\\/\\\/www.lifenatura.com\\\/wp-content\\\/uploads\\\/2025\\\/05\\\/super-bluecell-60-caps-vegafarma.jpg\",\"contentUrl\":\"https:\\\/\\\/www.lifenatura.com\\\/wp-content\\\/uploads\\\/2025\\\/05\\\/super-bluecell-60-caps-vegafarma.jpg\",\"width\":1000,\"height\":1000,\"caption\":\"Bluecell 450 60 c\u00e1psulas da marca Vegafarma\"},{\"@type\":\"BreadcrumbList\",\"@id\":\"https:\\\/\\\/www.lifenatura.com\\\/es\\\/produto\\\/superbluecell-450-60-capsulas-vegafarma\\\/#breadcrumb\",\"itemListElement\":[{\"@type\":\"ListItem\",\"position\":1,\"name\":\"In\u00edcio\",\"item\":\"https:\\\/\\\/www.lifenatura.com\\\/es\\\/\"},{\"@type\":\"ListItem\",\"position\":2,\"name\":\"Todos los Productos\",\"item\":\"https:\\\/\\\/www.lifenatura.com\\\/es\\\/tienda\\\/\"},{\"@type\":\"ListItem\",\"position\":3,\"name\":\"SuperBlueCell 450 60 c\u00e1psulas &#8211; Vegafarma\"}]},{\"@type\":\"WebSite\",\"@id\":\"https:\\\/\\\/www.lifenatura.com\\\/es\\\/#website\",\"url\":\"https:\\\/\\\/www.lifenatura.com\\\/es\\\/\",\"name\":\"Lifenatura\",\"description\":\"A Lifenatura \u00e9 uma loja de produtos naturais, cosm\u00e9tica natural e alimenta\u00e7\u00e3o Biol\u00f3gica.\",\"publisher\":{\"@id\":\"https:\\\/\\\/www.lifenatura.com\\\/es\\\/#organization\"},\"potentialAction\":[{\"@type\":\"SearchAction\",\"target\":{\"@type\":\"EntryPoint\",\"urlTemplate\":\"https:\\\/\\\/www.lifenatura.com\\\/es\\\/?s={search_term_string}\"},\"query-input\":{\"@type\":\"PropertyValueSpecification\",\"valueRequired\":true,\"valueName\":\"search_term_string\"}}],\"inLanguage\":\"es\"},{\"@type\":\"Organization\",\"@id\":\"https:\\\/\\\/www.lifenatura.com\\\/es\\\/#organization\",\"name\":\"Lifenatura\",\"url\":\"https:\\\/\\\/www.lifenatura.com\\\/es\\\/\",\"logo\":{\"@type\":\"ImageObject\",\"inLanguage\":\"es\",\"@id\":\"https:\\\/\\\/www.lifenatura.com\\\/es\\\/#\\\/schema\\\/logo\\\/image\\\/\",\"url\":\"https:\\\/\\\/www.lifenatura.com\\\/wp-content\\\/uploads\\\/2021\\\/07\\\/logo.png\",\"contentUrl\":\"https:\\\/\\\/www.lifenatura.com\\\/wp-content\\\/uploads\\\/2021\\\/07\\\/logo.png\",\"width\":175,\"height\":55,\"caption\":\"Lifenatura\"},\"image\":{\"@id\":\"https:\\\/\\\/www.lifenatura.com\\\/es\\\/#\\\/schema\\\/logo\\\/image\\\/\"},\"sameAs\":[\"https:\\\/\\\/www.facebook.com\\\/lifenatura\",\"https:\\\/\\\/www.instagram.com\\\/lifenaturapt\\\/\"],\"hasMerchantReturnPolicy\":{\"@type\":\"MerchantReturnPolicy\",\"merchantReturnLink\":\"https:\\\/\\\/www.lifenatura.com\\\/termos-condicoes-lifenatura\\\/\"}}]}<\/script>\n<meta property=\"product:price:amount\" content=\"34.96\" \/>\n<meta property=\"product:price:currency\" content=\"EUR\" \/>\n<meta property=\"og:availability\" content=\"instock\" \/>\n<meta property=\"product:availability\" content=\"instock\" \/>\n<meta property=\"product:retailer_item_id\" content=\"5600493200502\" \/>\n<meta property=\"product:condition\" content=\"new\" \/>\n<!-- \/ Yoast SEO Premium plugin. -->","yoast_head_json":{"title":"SuperBlueCell 450 60 c\u00e1psulas - Vegafarma - Na Lifenatura ao Melhor Pre\u00e7o | Envio em 48h","description":"Super BlueCell 450 destaca por su alta concentraci\u00f3n de ficocianinas, que reducen el colesterol, los triglic\u00e9ridos y fornece capacidad antioxidante.","robots":{"index":"index","follow":"follow","max-snippet":"max-snippet:-1","max-image-preview":"max-image-preview:large","max-video-preview":"max-video-preview:-1"},"canonical":"https:\/\/www.lifenatura.com\/es\/produto\/superbluecell-450-60-capsulas-vegafarma\/","og_locale":"es_ES","og_type":"article","og_title":"SuperBlueCell 450 60 c\u00e1psulas - Vegafarma - Na Lifenatura ao Melhor Pre\u00e7o | Envio 48h","og_description":"Compre SuperBlueCell 450 60 c\u00e1psulas - Vegafarma com envio r\u00e1pido. Entrega em 48h e portes gr\u00e1tis em compras >35\u20ac. Aproveite j\u00e1 na Lifenatura","og_url":"https:\/\/www.lifenatura.com\/es\/produto\/superbluecell-450-60-capsulas-vegafarma\/","og_site_name":"Lifenatura","article_publisher":"https:\/\/www.facebook.com\/lifenatura","article_modified_time":"2025-02-02T00:04:25+00:00","og_image":[{"width":1000,"height":1000,"url":"https:\/\/www.lifenatura.com\/wp-content\/uploads\/2025\/05\/super-bluecell-60-caps-vegafarma.jpg","type":"image\/jpeg"}],"twitter_card":"summary_large_image","twitter_misc":{"Precio":"34,96&nbsp;&euro;","Disponibilidad":"Disponible"},"schema":{"@context":"https:\/\/schema.org","@graph":[{"@type":"WebPage","@id":"https:\/\/www.lifenatura.com\/es\/produto\/superbluecell-450-60-capsulas-vegafarma\/","url":"https:\/\/www.lifenatura.com\/es\/produto\/superbluecell-450-60-capsulas-vegafarma\/","name":"SuperBlueCell 450 60 c\u00e1psulas - Vegafarma - Na Lifenatura ao Melhor Pre\u00e7o | Envio em 48h","isPartOf":{"@id":"https:\/\/www.lifenatura.com\/es\/#website"},"primaryImageOfPage":{"@id":"https:\/\/www.lifenatura.com\/es\/produto\/superbluecell-450-60-capsulas-vegafarma\/#primaryimage"},"image":{"@id":"https:\/\/www.lifenatura.com\/es\/produto\/superbluecell-450-60-capsulas-vegafarma\/#primaryimage"},"thumbnailUrl":"https:\/\/www.lifenatura.com\/wp-content\/uploads\/2025\/05\/super-bluecell-60-caps-vegafarma.jpg","datePublished":"2021-09-30T10:56:33+00:00","dateModified":"2025-02-02T00:04:25+00:00","description":"Super BlueCell 450 destaca por su alta concentraci\u00f3n de ficocianinas, que reducen el colesterol, los triglic\u00e9ridos y fornece capacidad antioxidante.","breadcrumb":{"@id":"https:\/\/www.lifenatura.com\/es\/produto\/superbluecell-450-60-capsulas-vegafarma\/#breadcrumb"},"inLanguage":"es","potentialAction":[{"@type":"ReadAction","target":["https:\/\/www.lifenatura.com\/es\/produto\/superbluecell-450-60-capsulas-vegafarma\/"]}]},{"@type":"ImageObject","inLanguage":"es","@id":"https:\/\/www.lifenatura.com\/es\/produto\/superbluecell-450-60-capsulas-vegafarma\/#primaryimage","url":"https:\/\/www.lifenatura.com\/wp-content\/uploads\/2025\/05\/super-bluecell-60-caps-vegafarma.jpg","contentUrl":"https:\/\/www.lifenatura.com\/wp-content\/uploads\/2025\/05\/super-bluecell-60-caps-vegafarma.jpg","width":1000,"height":1000,"caption":"Bluecell 450 60 c\u00e1psulas da marca Vegafarma"},{"@type":"BreadcrumbList","@id":"https:\/\/www.lifenatura.com\/es\/produto\/superbluecell-450-60-capsulas-vegafarma\/#breadcrumb","itemListElement":[{"@type":"ListItem","position":1,"name":"In\u00edcio","item":"https:\/\/www.lifenatura.com\/es\/"},{"@type":"ListItem","position":2,"name":"Todos los Productos","item":"https:\/\/www.lifenatura.com\/es\/tienda\/"},{"@type":"ListItem","position":3,"name":"SuperBlueCell 450 60 c\u00e1psulas &#8211; Vegafarma"}]},{"@type":"WebSite","@id":"https:\/\/www.lifenatura.com\/es\/#website","url":"https:\/\/www.lifenatura.com\/es\/","name":"Lifenatura","description":"A Lifenatura \u00e9 uma loja de produtos naturais, cosm\u00e9tica natural e alimenta\u00e7\u00e3o Biol\u00f3gica.","publisher":{"@id":"https:\/\/www.lifenatura.com\/es\/#organization"},"potentialAction":[{"@type":"SearchAction","target":{"@type":"EntryPoint","urlTemplate":"https:\/\/www.lifenatura.com\/es\/?s={search_term_string}"},"query-input":{"@type":"PropertyValueSpecification","valueRequired":true,"valueName":"search_term_string"}}],"inLanguage":"es"},{"@type":"Organization","@id":"https:\/\/www.lifenatura.com\/es\/#organization","name":"Lifenatura","url":"https:\/\/www.lifenatura.com\/es\/","logo":{"@type":"ImageObject","inLanguage":"es","@id":"https:\/\/www.lifenatura.com\/es\/#\/schema\/logo\/image\/","url":"https:\/\/www.lifenatura.com\/wp-content\/uploads\/2021\/07\/logo.png","contentUrl":"https:\/\/www.lifenatura.com\/wp-content\/uploads\/2021\/07\/logo.png","width":175,"height":55,"caption":"Lifenatura"},"image":{"@id":"https:\/\/www.lifenatura.com\/es\/#\/schema\/logo\/image\/"},"sameAs":["https:\/\/www.facebook.com\/lifenatura","https:\/\/www.instagram.com\/lifenaturapt\/"],"hasMerchantReturnPolicy":{"@type":"MerchantReturnPolicy","merchantReturnLink":"https:\/\/www.lifenatura.com\/termos-condicoes-lifenatura\/"}}]},"product_price_amount":"34.96","product_price_currency":"EUR","og_availability":"instock","product_availability":"instock","product_retailer_item_id":"5600493200502","product_condition":"new"},"df_price":34.96,"df_sale_price":34.96,"df_regular_price":41.13,"df_image_link":"https:\/\/www.lifenatura.com\/wp-content\/uploads\/2025\/05\/super-bluecell-60-caps-vegafarma-300x300.jpg","_links":{"self":[{"href":"https:\/\/www.lifenatura.com\/es\/wp-json\/wp\/v2\/product\/41351","targetHints":{"allow":["GET"]}}],"collection":[{"href":"https:\/\/www.lifenatura.com\/es\/wp-json\/wp\/v2\/product"}],"about":[{"href":"https:\/\/www.lifenatura.com\/es\/wp-json\/wp\/v2\/types\/product"}],"wp:featuredmedia":[{"embeddable":true,"href":"https:\/\/www.lifenatura.com\/es\/wp-json\/wp\/v2\/media\/112010"}],"wp:attachment":[{"href":"https:\/\/www.lifenatura.com\/es\/wp-json\/wp\/v2\/media?parent=41351"}],"wp:term":[{"taxonomy":"product_brand","embeddable":true,"href":"https:\/\/www.lifenatura.com\/es\/wp-json\/wp\/v2\/product_brand?post=41351"},{"taxonomy":"product_cat","embeddable":true,"href":"https:\/\/www.lifenatura.com\/es\/wp-json\/wp\/v2\/product_cat?post=41351"},{"taxonomy":"product_tag","embeddable":true,"href":"https:\/\/www.lifenatura.com\/es\/wp-json\/wp\/v2\/product_tag?post=41351"}],"curies":[{"name":"wp","href":"https:\/\/api.w.org\/{rel}","templated":true}]}}