{"id":41331,"date":"2021-09-30T10:56:11","date_gmt":"2021-09-30T10:56:11","guid":{"rendered":"https:\/\/lifenatura.dev.agenciagetdigital.com\/produto\/cervell-30-ampollas-vegafarma\/"},"modified":"2024-03-15T14:45:05","modified_gmt":"2024-03-15T14:45:05","slug":"cervell-30-ampollas-vegafarma","status":"publish","type":"product","link":"https:\/\/www.lifenatura.com\/es\/produto\/cervell-30-ampollas-vegafarma\/","title":{"rendered":"Cervell 30 ampollas &#8211; Vegafarma"},"content":{"rendered":"<h2>Cervell es un estimulante de la actividad cerebral<\/h2>\n<p>&nbsp;<\/p>\n<p>Cervell en ampollas de vegafarma es un complemento alimenticio a base de ingredientes que normalizan y estimulan la actividad cerebral. Esta formulaci\u00f3n tambi\u00e9n incluye ingredientes que pueden suprimir las deficiencias nutricionales esenciales para el buen funcionamiento del cerebro, as\u00ed como ingredientes que aumentan la circulaci\u00f3n sangu\u00ednea perif\u00e9rica.<\/p>\n<p>De la combinaci\u00f3n de los conocimientos tradicionales, la medicina ayurv\u00e9dica y la medicina tradicional china, naci\u00f3 Cervell, que re\u00fane ingredientes destinados a suprimir las carencias nutricionales esenciales para el buen funcionamiento del cerebro (L-taurina, colina, glucuronolactona, L-teanina, citidina-5-fosfato y biotina) con diversos compuestos nootr\u00f3picos y adapt\u00f3genos (Brahmi, Rhodiola, Ginseng Siberiano, Yerba Mate, Romero y Avena) con reconocidas acciones neuroprotectoras, antioxidantes, tonificantes de la funci\u00f3n nerviosa, del rendimiento f\u00edsico y cognitivo para nutrir y estimular el cuerpo y la mente.<\/p>\n<p><strong>Los 3 beneficios principales de Cervell:<\/strong><\/p>\n<ul>\n<li><strong>Mejora la funci\u00f3n cerebral:<\/strong> Contiene una variedad de nutrientes esenciales, como vitaminas del grupo B, fosfatidilserina y \u00e1cidos grasos omega-3, conocidos por su capacidad para mejorar la funci\u00f3n cerebral y la cognici\u00f3n.<\/li>\n<li><strong>Apoyo al estado de \u00e1nimo y el bienestar:<\/strong> Este suplemento nutricional tambi\u00e9n puede ayudar a promover el equilibrio emocional y el bienestar mental. Ingredientes como la rhodiola rosea y la ashwagandha tienen propiedades adapt\u00f3genas que ayudan a reducir el estr\u00e9s, la ansiedad y la fatiga mental, promoviendo un estado de \u00e1nimo positivo y relajado.<\/li>\n<li><strong>Protecci\u00f3n cerebral frente al envejecimiento:<\/strong> Est\u00e1 formulado con potentes antioxidantes, como la vitamina E y el extracto de ar\u00e1ndano, que ayudan a proteger las c\u00e9lulas cerebrales frente a los da\u00f1os causados por el estr\u00e9s oxidativo y el envejecimiento.<\/li>\n<\/ul>\n<p><strong>PRESENTACI\u00d3N<\/strong><\/p>\n<p>30 ampollas<\/p>\n<p>&nbsp;<\/p>\n","protected":false},"excerpt":{"rendered":"<p>Cervell ofrece un apoyo nutricional esencial para un cerebro sano, ayudando a promover la claridad mental, la concentraci\u00f3n y el bienestar emocional. [&#8230;]<\/p>\n<p><a class=\"btn btn-secondary understrap-read-more-link\" href=\"https:\/\/www.lifenatura.com\/es\/produto\/cervell-30-ampollas-vegafarma\/\">Leer m\u00e1s&#8230;<span class=\"screen-reader-text\"> from Cervell 30 ampollas &#8211; Vegafarma<\/span><\/a><\/p>\n","protected":false},"featured_media":22451,"template":"","meta":{"_acf_changed":false},"product_brand":[8389],"product_cat":[7223,7179],"product_tag":[],"class_list":{"0":"post-41331","1":"product","2":"type-product","3":"status-publish","4":"has-post-thumbnail","6":"product_brand-vegafarma","7":"product_cat-concentracion-memoria-salud","8":"product_cat-salud","10":"first","11":"instock","12":"sale","13":"featured","14":"shipping-taxable","15":"purchasable","16":"product-type-simple","17":"add-to-wishlist-before_image"},"acf":[],"yoast_head":"<!-- This site is optimized with the Yoast SEO Premium plugin v27.1 (Yoast SEO v27.5) - https:\/\/yoast.com\/product\/yoast-seo-premium-wordpress\/ -->\n<title>Cervell 30 ampollas Vegafarma - Lifenatura<\/title>\n<meta name=\"description\" content=\"Cervell ofrece un apoyo nutricional esencial para un cerebro sano, ayudando a promover la claridad mental, la concentraci\u00f3n y el bienestar emocional.\" \/>\n<meta name=\"robots\" content=\"index, follow, max-snippet:-1, max-image-preview:large, max-video-preview:-1\" \/>\n<link rel=\"canonical\" href=\"https:\/\/www.lifenatura.com\/es\/produto\/cervell-30-ampollas-vegafarma\/\" \/>\n<meta property=\"og:locale\" content=\"es_ES\" \/>\n<meta property=\"og:type\" content=\"article\" \/>\n<meta property=\"og:title\" content=\"Cervell 30 ampollas - Vegafarma - Na Lifenatura ao Melhor Pre\u00e7o | Envio 48h\" \/>\n<meta property=\"og:description\" content=\"Compre Cervell 30 ampollas - Vegafarma com envio r\u00e1pido. Entrega em 48h e portes gr\u00e1tis em compras &gt;35\u20ac. Aproveite j\u00e1 na Lifenatura\" \/>\n<meta property=\"og:url\" content=\"https:\/\/www.lifenatura.com\/es\/produto\/cervell-30-ampollas-vegafarma\/\" \/>\n<meta property=\"og:site_name\" content=\"Lifenatura\" \/>\n<meta property=\"article:publisher\" content=\"https:\/\/www.facebook.com\/lifenatura\" \/>\n<meta property=\"article:modified_time\" content=\"2024-03-15T14:45:05+00:00\" \/>\n<meta property=\"og:image\" content=\"https:\/\/www.lifenatura.com\/wp-content\/uploads\/2021\/09\/gd_cervell-30-ampolas-vegafarma.jpg\" \/>\n\t<meta property=\"og:image:width\" content=\"1000\" \/>\n\t<meta property=\"og:image:height\" content=\"1000\" \/>\n\t<meta property=\"og:image:type\" content=\"image\/jpeg\" \/>\n<meta name=\"twitter:card\" content=\"summary_large_image\" \/>\n<meta name=\"twitter:label1\" content=\"Precio\" \/>\n\t<meta name=\"twitter:data1\" content=\"43,63&nbsp;&euro;\" \/>\n\t<meta name=\"twitter:label2\" content=\"Disponibilidad\" \/>\n\t<meta name=\"twitter:data2\" content=\"Disponible\" \/>\n<script type=\"application\/ld+json\" class=\"yoast-schema-graph\">{\"@context\":\"https:\\\/\\\/schema.org\",\"@graph\":[{\"@type\":\"WebPage\",\"@id\":\"https:\\\/\\\/www.lifenatura.com\\\/es\\\/produto\\\/cervell-30-ampollas-vegafarma\\\/\",\"url\":\"https:\\\/\\\/www.lifenatura.com\\\/es\\\/produto\\\/cervell-30-ampollas-vegafarma\\\/\",\"name\":\"Cervell 30 ampollas Vegafarma - Lifenatura\",\"isPartOf\":{\"@id\":\"https:\\\/\\\/www.lifenatura.com\\\/es\\\/#website\"},\"primaryImageOfPage\":{\"@id\":\"https:\\\/\\\/www.lifenatura.com\\\/es\\\/produto\\\/cervell-30-ampollas-vegafarma\\\/#primaryimage\"},\"image\":{\"@id\":\"https:\\\/\\\/www.lifenatura.com\\\/es\\\/produto\\\/cervell-30-ampollas-vegafarma\\\/#primaryimage\"},\"thumbnailUrl\":\"https:\\\/\\\/www.lifenatura.com\\\/wp-content\\\/uploads\\\/2021\\\/09\\\/gd_cervell-30-ampolas-vegafarma.jpg\",\"datePublished\":\"2021-09-30T10:56:11+00:00\",\"dateModified\":\"2024-03-15T14:45:05+00:00\",\"description\":\"Cervell ofrece un apoyo nutricional esencial para un cerebro sano, ayudando a promover la claridad mental, la concentraci\u00f3n y el bienestar emocional.\",\"breadcrumb\":{\"@id\":\"https:\\\/\\\/www.lifenatura.com\\\/es\\\/produto\\\/cervell-30-ampollas-vegafarma\\\/#breadcrumb\"},\"inLanguage\":\"es\",\"potentialAction\":[{\"@type\":\"ReadAction\",\"target\":[\"https:\\\/\\\/www.lifenatura.com\\\/es\\\/produto\\\/cervell-30-ampollas-vegafarma\\\/\"]}]},{\"@type\":\"ImageObject\",\"inLanguage\":\"es\",\"@id\":\"https:\\\/\\\/www.lifenatura.com\\\/es\\\/produto\\\/cervell-30-ampollas-vegafarma\\\/#primaryimage\",\"url\":\"https:\\\/\\\/www.lifenatura.com\\\/wp-content\\\/uploads\\\/2021\\\/09\\\/gd_cervell-30-ampolas-vegafarma.jpg\",\"contentUrl\":\"https:\\\/\\\/www.lifenatura.com\\\/wp-content\\\/uploads\\\/2021\\\/09\\\/gd_cervell-30-ampolas-vegafarma.jpg\",\"width\":1000,\"height\":1000,\"caption\":\"Cervell 30 ampollas - Vegafarma\"},{\"@type\":\"BreadcrumbList\",\"@id\":\"https:\\\/\\\/www.lifenatura.com\\\/es\\\/produto\\\/cervell-30-ampollas-vegafarma\\\/#breadcrumb\",\"itemListElement\":[{\"@type\":\"ListItem\",\"position\":1,\"name\":\"In\u00edcio\",\"item\":\"https:\\\/\\\/www.lifenatura.com\\\/es\\\/\"},{\"@type\":\"ListItem\",\"position\":2,\"name\":\"Todos los Productos\",\"item\":\"https:\\\/\\\/www.lifenatura.com\\\/es\\\/tienda\\\/\"},{\"@type\":\"ListItem\",\"position\":3,\"name\":\"Cervell 30 ampollas &#8211; Vegafarma\"}]},{\"@type\":\"WebSite\",\"@id\":\"https:\\\/\\\/www.lifenatura.com\\\/es\\\/#website\",\"url\":\"https:\\\/\\\/www.lifenatura.com\\\/es\\\/\",\"name\":\"Lifenatura\",\"description\":\"A Lifenatura \u00e9 uma loja de produtos naturais, cosm\u00e9tica natural e alimenta\u00e7\u00e3o Biol\u00f3gica.\",\"publisher\":{\"@id\":\"https:\\\/\\\/www.lifenatura.com\\\/es\\\/#organization\"},\"potentialAction\":[{\"@type\":\"SearchAction\",\"target\":{\"@type\":\"EntryPoint\",\"urlTemplate\":\"https:\\\/\\\/www.lifenatura.com\\\/es\\\/?s={search_term_string}\"},\"query-input\":{\"@type\":\"PropertyValueSpecification\",\"valueRequired\":true,\"valueName\":\"search_term_string\"}}],\"inLanguage\":\"es\"},{\"@type\":\"Organization\",\"@id\":\"https:\\\/\\\/www.lifenatura.com\\\/es\\\/#organization\",\"name\":\"Lifenatura\",\"url\":\"https:\\\/\\\/www.lifenatura.com\\\/es\\\/\",\"logo\":{\"@type\":\"ImageObject\",\"inLanguage\":\"es\",\"@id\":\"https:\\\/\\\/www.lifenatura.com\\\/es\\\/#\\\/schema\\\/logo\\\/image\\\/\",\"url\":\"https:\\\/\\\/www.lifenatura.com\\\/wp-content\\\/uploads\\\/2021\\\/07\\\/logo.png\",\"contentUrl\":\"https:\\\/\\\/www.lifenatura.com\\\/wp-content\\\/uploads\\\/2021\\\/07\\\/logo.png\",\"width\":175,\"height\":55,\"caption\":\"Lifenatura\"},\"image\":{\"@id\":\"https:\\\/\\\/www.lifenatura.com\\\/es\\\/#\\\/schema\\\/logo\\\/image\\\/\"},\"sameAs\":[\"https:\\\/\\\/www.facebook.com\\\/lifenatura\",\"https:\\\/\\\/www.instagram.com\\\/lifenaturapt\\\/\"],\"hasMerchantReturnPolicy\":{\"@type\":\"MerchantReturnPolicy\",\"merchantReturnLink\":\"https:\\\/\\\/www.lifenatura.com\\\/termos-condicoes-lifenatura\\\/\"}}]}<\/script>\n<meta property=\"product:price:amount\" content=\"43.63\" \/>\n<meta property=\"product:price:currency\" content=\"EUR\" \/>\n<meta property=\"og:availability\" content=\"instock\" \/>\n<meta property=\"product:availability\" content=\"instock\" \/>\n<meta property=\"product:retailer_item_id\" content=\"5600493200410\" \/>\n<meta property=\"product:condition\" content=\"new\" \/>\n<!-- \/ Yoast SEO Premium plugin. -->","yoast_head_json":{"title":"Cervell 30 ampollas Vegafarma - Lifenatura","description":"Cervell ofrece un apoyo nutricional esencial para un cerebro sano, ayudando a promover la claridad mental, la concentraci\u00f3n y el bienestar emocional.","robots":{"index":"index","follow":"follow","max-snippet":"max-snippet:-1","max-image-preview":"max-image-preview:large","max-video-preview":"max-video-preview:-1"},"canonical":"https:\/\/www.lifenatura.com\/es\/produto\/cervell-30-ampollas-vegafarma\/","og_locale":"es_ES","og_type":"article","og_title":"Cervell 30 ampollas - Vegafarma - Na Lifenatura ao Melhor Pre\u00e7o | Envio 48h","og_description":"Compre Cervell 30 ampollas - Vegafarma com envio r\u00e1pido. Entrega em 48h e portes gr\u00e1tis em compras >35\u20ac. Aproveite j\u00e1 na Lifenatura","og_url":"https:\/\/www.lifenatura.com\/es\/produto\/cervell-30-ampollas-vegafarma\/","og_site_name":"Lifenatura","article_publisher":"https:\/\/www.facebook.com\/lifenatura","article_modified_time":"2024-03-15T14:45:05+00:00","og_image":[{"width":1000,"height":1000,"url":"https:\/\/www.lifenatura.com\/wp-content\/uploads\/2021\/09\/gd_cervell-30-ampolas-vegafarma.jpg","type":"image\/jpeg"}],"twitter_card":"summary_large_image","twitter_misc":{"Precio":"43,63&nbsp;&euro;","Disponibilidad":"Disponible"},"schema":{"@context":"https:\/\/schema.org","@graph":[{"@type":"WebPage","@id":"https:\/\/www.lifenatura.com\/es\/produto\/cervell-30-ampollas-vegafarma\/","url":"https:\/\/www.lifenatura.com\/es\/produto\/cervell-30-ampollas-vegafarma\/","name":"Cervell 30 ampollas Vegafarma - Lifenatura","isPartOf":{"@id":"https:\/\/www.lifenatura.com\/es\/#website"},"primaryImageOfPage":{"@id":"https:\/\/www.lifenatura.com\/es\/produto\/cervell-30-ampollas-vegafarma\/#primaryimage"},"image":{"@id":"https:\/\/www.lifenatura.com\/es\/produto\/cervell-30-ampollas-vegafarma\/#primaryimage"},"thumbnailUrl":"https:\/\/www.lifenatura.com\/wp-content\/uploads\/2021\/09\/gd_cervell-30-ampolas-vegafarma.jpg","datePublished":"2021-09-30T10:56:11+00:00","dateModified":"2024-03-15T14:45:05+00:00","description":"Cervell ofrece un apoyo nutricional esencial para un cerebro sano, ayudando a promover la claridad mental, la concentraci\u00f3n y el bienestar emocional.","breadcrumb":{"@id":"https:\/\/www.lifenatura.com\/es\/produto\/cervell-30-ampollas-vegafarma\/#breadcrumb"},"inLanguage":"es","potentialAction":[{"@type":"ReadAction","target":["https:\/\/www.lifenatura.com\/es\/produto\/cervell-30-ampollas-vegafarma\/"]}]},{"@type":"ImageObject","inLanguage":"es","@id":"https:\/\/www.lifenatura.com\/es\/produto\/cervell-30-ampollas-vegafarma\/#primaryimage","url":"https:\/\/www.lifenatura.com\/wp-content\/uploads\/2021\/09\/gd_cervell-30-ampolas-vegafarma.jpg","contentUrl":"https:\/\/www.lifenatura.com\/wp-content\/uploads\/2021\/09\/gd_cervell-30-ampolas-vegafarma.jpg","width":1000,"height":1000,"caption":"Cervell 30 ampollas - Vegafarma"},{"@type":"BreadcrumbList","@id":"https:\/\/www.lifenatura.com\/es\/produto\/cervell-30-ampollas-vegafarma\/#breadcrumb","itemListElement":[{"@type":"ListItem","position":1,"name":"In\u00edcio","item":"https:\/\/www.lifenatura.com\/es\/"},{"@type":"ListItem","position":2,"name":"Todos los Productos","item":"https:\/\/www.lifenatura.com\/es\/tienda\/"},{"@type":"ListItem","position":3,"name":"Cervell 30 ampollas &#8211; Vegafarma"}]},{"@type":"WebSite","@id":"https:\/\/www.lifenatura.com\/es\/#website","url":"https:\/\/www.lifenatura.com\/es\/","name":"Lifenatura","description":"A Lifenatura \u00e9 uma loja de produtos naturais, cosm\u00e9tica natural e alimenta\u00e7\u00e3o Biol\u00f3gica.","publisher":{"@id":"https:\/\/www.lifenatura.com\/es\/#organization"},"potentialAction":[{"@type":"SearchAction","target":{"@type":"EntryPoint","urlTemplate":"https:\/\/www.lifenatura.com\/es\/?s={search_term_string}"},"query-input":{"@type":"PropertyValueSpecification","valueRequired":true,"valueName":"search_term_string"}}],"inLanguage":"es"},{"@type":"Organization","@id":"https:\/\/www.lifenatura.com\/es\/#organization","name":"Lifenatura","url":"https:\/\/www.lifenatura.com\/es\/","logo":{"@type":"ImageObject","inLanguage":"es","@id":"https:\/\/www.lifenatura.com\/es\/#\/schema\/logo\/image\/","url":"https:\/\/www.lifenatura.com\/wp-content\/uploads\/2021\/07\/logo.png","contentUrl":"https:\/\/www.lifenatura.com\/wp-content\/uploads\/2021\/07\/logo.png","width":175,"height":55,"caption":"Lifenatura"},"image":{"@id":"https:\/\/www.lifenatura.com\/es\/#\/schema\/logo\/image\/"},"sameAs":["https:\/\/www.facebook.com\/lifenatura","https:\/\/www.instagram.com\/lifenaturapt\/"],"hasMerchantReturnPolicy":{"@type":"MerchantReturnPolicy","merchantReturnLink":"https:\/\/www.lifenatura.com\/termos-condicoes-lifenatura\/"}}]},"product_price_amount":"43.63","product_price_currency":"EUR","og_availability":"instock","product_availability":"instock","product_retailer_item_id":"5600493200410","product_condition":"new"},"df_price":43.63,"df_sale_price":43.63,"df_regular_price":51.33,"df_image_link":"https:\/\/www.lifenatura.com\/wp-content\/uploads\/2021\/09\/gd_cervell-30-ampolas-vegafarma-300x300.jpg","_links":{"self":[{"href":"https:\/\/www.lifenatura.com\/es\/wp-json\/wp\/v2\/product\/41331","targetHints":{"allow":["GET"]}}],"collection":[{"href":"https:\/\/www.lifenatura.com\/es\/wp-json\/wp\/v2\/product"}],"about":[{"href":"https:\/\/www.lifenatura.com\/es\/wp-json\/wp\/v2\/types\/product"}],"wp:featuredmedia":[{"embeddable":true,"href":"https:\/\/www.lifenatura.com\/es\/wp-json\/wp\/v2\/media\/22451"}],"wp:attachment":[{"href":"https:\/\/www.lifenatura.com\/es\/wp-json\/wp\/v2\/media?parent=41331"}],"wp:term":[{"taxonomy":"product_brand","embeddable":true,"href":"https:\/\/www.lifenatura.com\/es\/wp-json\/wp\/v2\/product_brand?post=41331"},{"taxonomy":"product_cat","embeddable":true,"href":"https:\/\/www.lifenatura.com\/es\/wp-json\/wp\/v2\/product_cat?post=41331"},{"taxonomy":"product_tag","embeddable":true,"href":"https:\/\/www.lifenatura.com\/es\/wp-json\/wp\/v2\/product_tag?post=41331"}],"curies":[{"name":"wp","href":"https:\/\/api.w.org\/{rel}","templated":true}]}}