{"id":41327,"date":"2021-09-30T10:56:11","date_gmt":"2021-09-30T10:56:11","guid":{"rendered":"https:\/\/lifenatura.dev.agenciagetdigital.com\/produto\/ansiodep-30-ampollas-vegafarma\/"},"modified":"2025-02-02T00:04:20","modified_gmt":"2025-02-02T00:04:20","slug":"ansiodep-30-ampollas-vegafarma","status":"publish","type":"product","link":"https:\/\/www.lifenatura.com\/es\/produto\/ansiodep-30-ampollas-vegafarma\/","title":{"rendered":"Ansiodep 30 ampollas &#8211; Vegafarma"},"content":{"rendered":"<h2>Ansiodep ampollas ayuda a combatir la depresi\u00f3n y la ansiedad<\/h2>\n<p>&nbsp;<\/p>\n<p>Ansiodep ampollas es un complemento alimenticio de vegafarma con 5-http, radiola y el mismo que combate los s\u00edntomas de la depresi\u00f3n y reduce la ansiedad.<\/p>\n<p>Las ampollas Ansiodep de Vegafarma son una f\u00f3rmula innovadora desarrollada para ayudar a promover el equilibrio emocional, reducir la ansiedad y restaurar la calma mental. Creado por la respetada marca Vegafarma, este complemento nutricional ofrece un enfoque natural y eficaz para hacer frente al estr\u00e9s cotidiano y a las presiones de la vida moderna.<\/p>\n<p>Cada ampolla est\u00e1 cuidadosamente formulada con una mezcla \u00fanica de ingredientes naturales conocidos por sus propiedades calmantes y relajantes.<\/p>\n<p>Ansiodep est\u00e1 dise\u00f1ado para ayudar a promover la producci\u00f3n de neurotransmisores y aumentar su actividad inhibiendo su destrucci\u00f3n enzim\u00e1tica. Al restablecer la producci\u00f3n y el mantenimiento de los neurotransmisores, favorecemos las condiciones que equilibran los sistemas nerviosos central y vegetativo, regulando mejor la respuesta del organismo al estr\u00e9s, la ansiedad y los estados depresivos.<\/p>\n<p><strong>Los 3 principales beneficios de las ampollas de Ansiodep:<\/strong><\/p>\n<ul>\n<li><strong>Reducci\u00f3n de la ansiedad y el estr\u00e9s:<\/strong> Las ampollas Ansiodep de Vegafarma son una excelente opci\u00f3n para aquellos que buscan un alivio natural de la ansiedad y el estr\u00e9s. Su formulaci\u00f3n especial combina extractos de plantas, que tienen propiedades relajantes y calmantes, ayudando a calmar la mente y el cuerpo.<\/li>\n<li><strong>Promoci\u00f3n de la relajaci\u00f3n:<\/strong> Estas ampollas son una forma c\u00f3moda de promover la relajaci\u00f3n y reducir la tensi\u00f3n muscular despu\u00e9s de un d\u00eda ajetreado.<\/li>\n<li><strong>Equilibrio emocional<\/strong>: Con el tiempo, el uso regular de Vegafarma Ansiodep Ampollas puede ayudar a restaurar el equilibrio emocional y promover una sensaci\u00f3n general de bienestar. Al reducir la ansiedad y el estr\u00e9s, estas ampollas ayudan a mejorar el estado de \u00e1nimo y a afrontar mejor los retos cotidianos.<\/li>\n<\/ul>\n<p><strong>PRESENTACI\u00d3N<\/strong><\/p>\n<p>30 ampollas<\/p>\n<p>&nbsp;<\/p>\n","protected":false},"excerpt":{"rendered":"<p>Ansiodep en ampollas es un suplemento de 5-http, radiola y el mismo vegafarma que combate los s\u00edntomas de la depresi\u00f3n y reduce el estado de ansiedad. [&#8230;]<\/p>\n<p><a class=\"btn btn-secondary understrap-read-more-link\" href=\"https:\/\/www.lifenatura.com\/es\/produto\/ansiodep-30-ampollas-vegafarma\/\">Leer m\u00e1s&#8230;<span class=\"screen-reader-text\"> from Ansiodep 30 ampollas &#8211; Vegafarma<\/span><\/a><\/p>\n","protected":false},"featured_media":140950,"template":"","meta":{"_acf_changed":false},"product_brand":[8389],"product_cat":[7213,7179],"product_tag":[],"class_list":{"0":"post-41327","1":"product","2":"type-product","3":"status-publish","4":"has-post-thumbnail","6":"product_brand-vegafarma","7":"product_cat-ansiedad-y-depresion","8":"product_cat-salud","10":"first","11":"instock","12":"sale","13":"featured","14":"shipping-taxable","15":"purchasable","16":"product-type-simple","17":"add-to-wishlist-before_image"},"acf":[],"yoast_head":"<!-- This site is optimized with the Yoast SEO Premium plugin v27.1 (Yoast SEO v27.5) - https:\/\/yoast.com\/product\/yoast-seo-premium-wordpress\/ -->\n<title>Ansiodep 30 ampollas Vegafarma - Lifenatura<\/title>\n<meta name=\"description\" content=\"Ansiodep en ampollas es un suplemento de 5-http, radiola y el mismo vegafarma que combate los s\u00edntomas de la depresi\u00f3n y reduce el estado de ansiedad.\" \/>\n<meta name=\"robots\" content=\"index, follow, max-snippet:-1, max-image-preview:large, max-video-preview:-1\" \/>\n<link rel=\"canonical\" href=\"https:\/\/www.lifenatura.com\/es\/produto\/ansiodep-30-ampollas-vegafarma\/\" \/>\n<meta property=\"og:locale\" content=\"es_ES\" \/>\n<meta property=\"og:type\" content=\"article\" \/>\n<meta property=\"og:title\" content=\"Ansiodep 30 ampollas - Vegafarma - Na Lifenatura ao Melhor Pre\u00e7o | Envio 48h\" \/>\n<meta property=\"og:description\" content=\"Compre Ansiodep 30 ampollas - Vegafarma com envio r\u00e1pido. Entrega em 48h e portes gr\u00e1tis em compras &gt;35\u20ac. Aproveite j\u00e1 na Lifenatura\" \/>\n<meta property=\"og:url\" content=\"https:\/\/www.lifenatura.com\/es\/produto\/ansiodep-30-ampollas-vegafarma\/\" \/>\n<meta property=\"og:site_name\" content=\"Lifenatura\" \/>\n<meta property=\"article:publisher\" content=\"https:\/\/www.facebook.com\/lifenatura\" \/>\n<meta property=\"article:modified_time\" content=\"2025-02-02T00:04:20+00:00\" \/>\n<meta property=\"og:image\" content=\"https:\/\/www.lifenatura.com\/wp-content\/uploads\/2021\/09\/ansiodep-ampolas-vegafarma.jpg\" \/>\n\t<meta property=\"og:image:width\" content=\"1000\" \/>\n\t<meta property=\"og:image:height\" content=\"1000\" \/>\n\t<meta property=\"og:image:type\" content=\"image\/jpeg\" \/>\n<meta name=\"twitter:card\" content=\"summary_large_image\" \/>\n<meta name=\"twitter:label1\" content=\"Precio\" \/>\n\t<meta name=\"twitter:data1\" content=\"42,38&nbsp;&euro;\" \/>\n\t<meta name=\"twitter:label2\" content=\"Disponibilidad\" \/>\n\t<meta name=\"twitter:data2\" content=\"Disponible\" \/>\n<script type=\"application\/ld+json\" class=\"yoast-schema-graph\">{\"@context\":\"https:\\\/\\\/schema.org\",\"@graph\":[{\"@type\":\"WebPage\",\"@id\":\"https:\\\/\\\/www.lifenatura.com\\\/es\\\/produto\\\/ansiodep-30-ampollas-vegafarma\\\/\",\"url\":\"https:\\\/\\\/www.lifenatura.com\\\/es\\\/produto\\\/ansiodep-30-ampollas-vegafarma\\\/\",\"name\":\"Ansiodep 30 ampollas Vegafarma - Lifenatura\",\"isPartOf\":{\"@id\":\"https:\\\/\\\/www.lifenatura.com\\\/es\\\/#website\"},\"primaryImageOfPage\":{\"@id\":\"https:\\\/\\\/www.lifenatura.com\\\/es\\\/produto\\\/ansiodep-30-ampollas-vegafarma\\\/#primaryimage\"},\"image\":{\"@id\":\"https:\\\/\\\/www.lifenatura.com\\\/es\\\/produto\\\/ansiodep-30-ampollas-vegafarma\\\/#primaryimage\"},\"thumbnailUrl\":\"https:\\\/\\\/www.lifenatura.com\\\/wp-content\\\/uploads\\\/2026\\\/05\\\/ansiodep-vegafarma-300x300.jpg.webp\",\"datePublished\":\"2021-09-30T10:56:11+00:00\",\"dateModified\":\"2025-02-02T00:04:20+00:00\",\"description\":\"Ansiodep en ampollas es un suplemento de 5-http, radiola y el mismo vegafarma que combate los s\u00edntomas de la depresi\u00f3n y reduce el estado de ansiedad.\",\"breadcrumb\":{\"@id\":\"https:\\\/\\\/www.lifenatura.com\\\/es\\\/produto\\\/ansiodep-30-ampollas-vegafarma\\\/#breadcrumb\"},\"inLanguage\":\"es\",\"potentialAction\":[{\"@type\":\"ReadAction\",\"target\":[\"https:\\\/\\\/www.lifenatura.com\\\/es\\\/produto\\\/ansiodep-30-ampollas-vegafarma\\\/\"]}]},{\"@type\":\"ImageObject\",\"inLanguage\":\"es\",\"@id\":\"https:\\\/\\\/www.lifenatura.com\\\/es\\\/produto\\\/ansiodep-30-ampollas-vegafarma\\\/#primaryimage\",\"url\":\"https:\\\/\\\/www.lifenatura.com\\\/wp-content\\\/uploads\\\/2026\\\/05\\\/ansiodep-vegafarma-300x300.jpg.webp\",\"contentUrl\":\"https:\\\/\\\/www.lifenatura.com\\\/wp-content\\\/uploads\\\/2026\\\/05\\\/ansiodep-vegafarma-300x300.jpg.webp\",\"width\":300,\"height\":300},{\"@type\":\"BreadcrumbList\",\"@id\":\"https:\\\/\\\/www.lifenatura.com\\\/es\\\/produto\\\/ansiodep-30-ampollas-vegafarma\\\/#breadcrumb\",\"itemListElement\":[{\"@type\":\"ListItem\",\"position\":1,\"name\":\"In\u00edcio\",\"item\":\"https:\\\/\\\/www.lifenatura.com\\\/es\\\/\"},{\"@type\":\"ListItem\",\"position\":2,\"name\":\"Todos los Productos\",\"item\":\"https:\\\/\\\/www.lifenatura.com\\\/es\\\/tienda\\\/\"},{\"@type\":\"ListItem\",\"position\":3,\"name\":\"Ansiodep 30 ampollas &#8211; Vegafarma\"}]},{\"@type\":\"WebSite\",\"@id\":\"https:\\\/\\\/www.lifenatura.com\\\/es\\\/#website\",\"url\":\"https:\\\/\\\/www.lifenatura.com\\\/es\\\/\",\"name\":\"Lifenatura\",\"description\":\"A Lifenatura \u00e9 uma loja de produtos naturais, cosm\u00e9tica natural e alimenta\u00e7\u00e3o Biol\u00f3gica.\",\"publisher\":{\"@id\":\"https:\\\/\\\/www.lifenatura.com\\\/es\\\/#organization\"},\"potentialAction\":[{\"@type\":\"SearchAction\",\"target\":{\"@type\":\"EntryPoint\",\"urlTemplate\":\"https:\\\/\\\/www.lifenatura.com\\\/es\\\/?s={search_term_string}\"},\"query-input\":{\"@type\":\"PropertyValueSpecification\",\"valueRequired\":true,\"valueName\":\"search_term_string\"}}],\"inLanguage\":\"es\"},{\"@type\":\"Organization\",\"@id\":\"https:\\\/\\\/www.lifenatura.com\\\/es\\\/#organization\",\"name\":\"Lifenatura\",\"url\":\"https:\\\/\\\/www.lifenatura.com\\\/es\\\/\",\"logo\":{\"@type\":\"ImageObject\",\"inLanguage\":\"es\",\"@id\":\"https:\\\/\\\/www.lifenatura.com\\\/es\\\/#\\\/schema\\\/logo\\\/image\\\/\",\"url\":\"https:\\\/\\\/www.lifenatura.com\\\/wp-content\\\/uploads\\\/2021\\\/07\\\/logo.png\",\"contentUrl\":\"https:\\\/\\\/www.lifenatura.com\\\/wp-content\\\/uploads\\\/2021\\\/07\\\/logo.png\",\"width\":175,\"height\":55,\"caption\":\"Lifenatura\"},\"image\":{\"@id\":\"https:\\\/\\\/www.lifenatura.com\\\/es\\\/#\\\/schema\\\/logo\\\/image\\\/\"},\"sameAs\":[\"https:\\\/\\\/www.facebook.com\\\/lifenatura\",\"https:\\\/\\\/www.instagram.com\\\/lifenaturapt\\\/\"],\"hasMerchantReturnPolicy\":{\"@type\":\"MerchantReturnPolicy\",\"merchantReturnLink\":\"https:\\\/\\\/www.lifenatura.com\\\/termos-condicoes-lifenatura\\\/\"}}]}<\/script>\n<meta property=\"product:price:amount\" content=\"42.38\" \/>\n<meta property=\"product:price:currency\" content=\"EUR\" \/>\n<meta property=\"og:availability\" content=\"instock\" \/>\n<meta property=\"product:availability\" content=\"instock\" \/>\n<meta property=\"product:retailer_item_id\" content=\"5600493200403\" \/>\n<meta property=\"product:condition\" content=\"new\" \/>\n<!-- \/ Yoast SEO Premium plugin. -->","yoast_head_json":{"title":"Ansiodep 30 ampollas Vegafarma - Lifenatura","description":"Ansiodep en ampollas es un suplemento de 5-http, radiola y el mismo vegafarma que combate los s\u00edntomas de la depresi\u00f3n y reduce el estado de ansiedad.","robots":{"index":"index","follow":"follow","max-snippet":"max-snippet:-1","max-image-preview":"max-image-preview:large","max-video-preview":"max-video-preview:-1"},"canonical":"https:\/\/www.lifenatura.com\/es\/produto\/ansiodep-30-ampollas-vegafarma\/","og_locale":"es_ES","og_type":"article","og_title":"Ansiodep 30 ampollas - Vegafarma - Na Lifenatura ao Melhor Pre\u00e7o | Envio 48h","og_description":"Compre Ansiodep 30 ampollas - Vegafarma com envio r\u00e1pido. Entrega em 48h e portes gr\u00e1tis em compras >35\u20ac. Aproveite j\u00e1 na Lifenatura","og_url":"https:\/\/www.lifenatura.com\/es\/produto\/ansiodep-30-ampollas-vegafarma\/","og_site_name":"Lifenatura","article_publisher":"https:\/\/www.facebook.com\/lifenatura","article_modified_time":"2025-02-02T00:04:20+00:00","og_image":[{"width":1000,"height":1000,"url":"https:\/\/www.lifenatura.com\/wp-content\/uploads\/2021\/09\/ansiodep-ampolas-vegafarma.jpg","type":"image\/jpeg"}],"twitter_card":"summary_large_image","twitter_misc":{"Precio":"42,38&nbsp;&euro;","Disponibilidad":"Disponible"},"schema":{"@context":"https:\/\/schema.org","@graph":[{"@type":"WebPage","@id":"https:\/\/www.lifenatura.com\/es\/produto\/ansiodep-30-ampollas-vegafarma\/","url":"https:\/\/www.lifenatura.com\/es\/produto\/ansiodep-30-ampollas-vegafarma\/","name":"Ansiodep 30 ampollas Vegafarma - Lifenatura","isPartOf":{"@id":"https:\/\/www.lifenatura.com\/es\/#website"},"primaryImageOfPage":{"@id":"https:\/\/www.lifenatura.com\/es\/produto\/ansiodep-30-ampollas-vegafarma\/#primaryimage"},"image":{"@id":"https:\/\/www.lifenatura.com\/es\/produto\/ansiodep-30-ampollas-vegafarma\/#primaryimage"},"thumbnailUrl":"https:\/\/www.lifenatura.com\/wp-content\/uploads\/2026\/05\/ansiodep-vegafarma-300x300.jpg.webp","datePublished":"2021-09-30T10:56:11+00:00","dateModified":"2025-02-02T00:04:20+00:00","description":"Ansiodep en ampollas es un suplemento de 5-http, radiola y el mismo vegafarma que combate los s\u00edntomas de la depresi\u00f3n y reduce el estado de ansiedad.","breadcrumb":{"@id":"https:\/\/www.lifenatura.com\/es\/produto\/ansiodep-30-ampollas-vegafarma\/#breadcrumb"},"inLanguage":"es","potentialAction":[{"@type":"ReadAction","target":["https:\/\/www.lifenatura.com\/es\/produto\/ansiodep-30-ampollas-vegafarma\/"]}]},{"@type":"ImageObject","inLanguage":"es","@id":"https:\/\/www.lifenatura.com\/es\/produto\/ansiodep-30-ampollas-vegafarma\/#primaryimage","url":"https:\/\/www.lifenatura.com\/wp-content\/uploads\/2026\/05\/ansiodep-vegafarma-300x300.jpg.webp","contentUrl":"https:\/\/www.lifenatura.com\/wp-content\/uploads\/2026\/05\/ansiodep-vegafarma-300x300.jpg.webp","width":300,"height":300},{"@type":"BreadcrumbList","@id":"https:\/\/www.lifenatura.com\/es\/produto\/ansiodep-30-ampollas-vegafarma\/#breadcrumb","itemListElement":[{"@type":"ListItem","position":1,"name":"In\u00edcio","item":"https:\/\/www.lifenatura.com\/es\/"},{"@type":"ListItem","position":2,"name":"Todos los Productos","item":"https:\/\/www.lifenatura.com\/es\/tienda\/"},{"@type":"ListItem","position":3,"name":"Ansiodep 30 ampollas &#8211; Vegafarma"}]},{"@type":"WebSite","@id":"https:\/\/www.lifenatura.com\/es\/#website","url":"https:\/\/www.lifenatura.com\/es\/","name":"Lifenatura","description":"A Lifenatura \u00e9 uma loja de produtos naturais, cosm\u00e9tica natural e alimenta\u00e7\u00e3o Biol\u00f3gica.","publisher":{"@id":"https:\/\/www.lifenatura.com\/es\/#organization"},"potentialAction":[{"@type":"SearchAction","target":{"@type":"EntryPoint","urlTemplate":"https:\/\/www.lifenatura.com\/es\/?s={search_term_string}"},"query-input":{"@type":"PropertyValueSpecification","valueRequired":true,"valueName":"search_term_string"}}],"inLanguage":"es"},{"@type":"Organization","@id":"https:\/\/www.lifenatura.com\/es\/#organization","name":"Lifenatura","url":"https:\/\/www.lifenatura.com\/es\/","logo":{"@type":"ImageObject","inLanguage":"es","@id":"https:\/\/www.lifenatura.com\/es\/#\/schema\/logo\/image\/","url":"https:\/\/www.lifenatura.com\/wp-content\/uploads\/2021\/07\/logo.png","contentUrl":"https:\/\/www.lifenatura.com\/wp-content\/uploads\/2021\/07\/logo.png","width":175,"height":55,"caption":"Lifenatura"},"image":{"@id":"https:\/\/www.lifenatura.com\/es\/#\/schema\/logo\/image\/"},"sameAs":["https:\/\/www.facebook.com\/lifenatura","https:\/\/www.instagram.com\/lifenaturapt\/"],"hasMerchantReturnPolicy":{"@type":"MerchantReturnPolicy","merchantReturnLink":"https:\/\/www.lifenatura.com\/termos-condicoes-lifenatura\/"}}]},"product_price_amount":"42.38","product_price_currency":"EUR","og_availability":"instock","product_availability":"instock","product_retailer_item_id":"5600493200403","product_condition":"new"},"df_price":42.38,"df_sale_price":42.38,"df_regular_price":49.86,"df_image_link":"https:\/\/www.lifenatura.com\/wp-content\/uploads\/2026\/05\/ansiodep-vegafarma-300x300.jpg.webp","_links":{"self":[{"href":"https:\/\/www.lifenatura.com\/es\/wp-json\/wp\/v2\/product\/41327","targetHints":{"allow":["GET"]}}],"collection":[{"href":"https:\/\/www.lifenatura.com\/es\/wp-json\/wp\/v2\/product"}],"about":[{"href":"https:\/\/www.lifenatura.com\/es\/wp-json\/wp\/v2\/types\/product"}],"wp:featuredmedia":[{"embeddable":true,"href":"https:\/\/www.lifenatura.com\/es\/wp-json\/wp\/v2\/media\/140950"}],"wp:attachment":[{"href":"https:\/\/www.lifenatura.com\/es\/wp-json\/wp\/v2\/media?parent=41327"}],"wp:term":[{"taxonomy":"product_brand","embeddable":true,"href":"https:\/\/www.lifenatura.com\/es\/wp-json\/wp\/v2\/product_brand?post=41327"},{"taxonomy":"product_cat","embeddable":true,"href":"https:\/\/www.lifenatura.com\/es\/wp-json\/wp\/v2\/product_cat?post=41327"},{"taxonomy":"product_tag","embeddable":true,"href":"https:\/\/www.lifenatura.com\/es\/wp-json\/wp\/v2\/product_tag?post=41327"}],"curies":[{"name":"wp","href":"https:\/\/api.w.org\/{rel}","templated":true}]}}