{"id":41324,"date":"2021-09-30T10:56:11","date_gmt":"2021-09-30T10:56:11","guid":{"rendered":"https:\/\/lifenatura.dev.agenciagetdigital.com\/produto\/granola-cacau-e-framboesa-trinca\/"},"modified":"2024-11-30T23:35:45","modified_gmt":"2024-11-30T23:35:45","slug":"granola-cacau-e-framboesa-trinca","status":"publish","type":"product","link":"https:\/\/www.lifenatura.com\/es\/produto\/granola-cacau-e-framboesa-trinca\/","title":{"rendered":"Granola Cacau e Framboesa &#8211; Trinca"},"content":{"rendered":"<h2 style=\"text-align: left;\"><strong>Granola de Cacao y Frambuesa Trinca &#8211; Un toque dulce y saludable a tu d\u00eda<\/strong><\/h2>\n<p>&nbsp;<\/p>\n<p>La Granola de Cacao y Frambuesa Trinca es una deliciosa combinaci\u00f3n de ingredientes naturales, pensada para quienes valoran un estilo de vida saludable sin renunciar al sabor. Elaborada con copos de avena integral, cacao puro, trocitos de frambuesa deshidratada y otros superalimentos, esta granola es una explosi\u00f3n de sabor y nutrici\u00f3n, perfecta para tu desayuno o merienda.<\/p>\n<p>Con el cacao como protagonista, esta granola ofrece un sabor rico e intenso, complementado con el toque fresco y ligeramente \u00e1cido de las frambuesas. Adem\u00e1s, es rica en fibra y nutrientes esenciales, ayudando a equilibrar tu dieta de forma pr\u00e1ctica y deliciosa.<\/p>\n<p><strong>Principales beneficios:<\/strong><\/p>\n<ul>\n<li><strong>Fuente de antioxidantes:<\/strong> El cacao puro y las frambuesas son ricos en antioxidantes, que ayudan a combatir los radicales libres, protegiendo las c\u00e9lulas del organismo.<\/li>\n<li><strong>Favorece la saciedad:<\/strong> Su alto contenido en fibra contribuye a prolongar la sensaci\u00f3n de saciedad, ayudando a controlar el peso.<\/li>\n<li><strong>Energ\u00eda sostenida:<\/strong> Ideal para empezar el d\u00eda con vitalidad o recuperar energ\u00eda despu\u00e9s del ejercicio.<\/li>\n<\/ul>\n<p><strong>Adecuado para:<\/strong><\/p>\n<p>Perfecta para vegetarianos y amantes de los snacks naturales, esta granola es adecuada para cualquiera que busque una alternativa nutritiva y deliciosa al desayuno, como tentempi\u00e9 o incluso como cobertura de postres.<\/p>\n<p>La Granola de Cacao y Frambuesa contiene un sabor verdaderamente voluptuoso, con un gusto envolvente y un ligero amargor procedente de las pepitas de cacao suavizado por el az\u00facar de coco que las envuelve.<\/p>\n<p>En esta adicci\u00f3n chocolatosa, el sabor afrutado de las frambuesas no pasa desapercibido y la completa como ninguna otra fruta podr\u00eda hacerlo.<\/p>\n<p><strong>PRESENTACI\u00d3N<\/strong><\/p>\n<p>400g<\/p>\n<p>&nbsp;<\/p>\n","protected":false},"excerpt":{"rendered":"<p>Granola Trinca Cacao y Frambuesa: una saludable mezcla de avena, cacao y frambuesas. Rica en antioxidantes y fibra, perfecta para los desayunos. [&#8230;]<\/p>\n<p><a class=\"btn btn-secondary understrap-read-more-link\" href=\"https:\/\/www.lifenatura.com\/es\/produto\/granola-cacau-e-framboesa-trinca\/\">Leer m\u00e1s&#8230;<span class=\"screen-reader-text\"> from Granola Cacau e Framboesa &#8211; Trinca<\/span><\/a><\/p>\n","protected":false},"featured_media":103598,"template":"","meta":{"_acf_changed":false},"product_brand":[8391],"product_cat":[7064,7152,7088,7659,7074],"product_tag":[],"class_list":{"0":"post-41324","1":"product","2":"type-product","3":"status-publish","4":"has-post-thumbnail","6":"product_brand-trinca","7":"product_cat-alimentacion-sana","8":"product_cat-cacao","9":"product_cat-granola-y-muesli","10":"product_cat-ingrediente-natural-bio","11":"product_cat-productos-alimenticios","12":"pa_caracteristicas-biologico","13":"pa_caracteristicas-sin-azucares-anadidos","14":"pa_caracteristicas-sin-conservantes","15":"pa_caracteristicas-sin-gluten","17":"first","18":"instock","19":"sale","20":"shipping-taxable","21":"purchasable","22":"product-type-simple","23":"add-to-wishlist-before_image"},"acf":[],"yoast_head":"<!-- This site is optimized with the Yoast SEO Premium plugin v27.1 (Yoast SEO v27.4) - https:\/\/yoast.com\/product\/yoast-seo-premium-wordpress\/ -->\n<title>Granola Cacau e Framboesa - Trinca<\/title>\n<meta name=\"description\" content=\"Granola Trinca Cacao y Frambuesa: una saludable mezcla de avena, cacao y frambuesas. Rica en antioxidantes y fibra, perfecta para los desayunos.\" \/>\n<meta name=\"robots\" content=\"index, follow, max-snippet:-1, max-image-preview:large, max-video-preview:-1\" \/>\n<link rel=\"canonical\" href=\"https:\/\/www.lifenatura.com\/es\/produto\/granola-cacau-e-framboesa-trinca\/\" \/>\n<meta property=\"og:locale\" content=\"es_ES\" \/>\n<meta property=\"og:type\" content=\"article\" \/>\n<meta property=\"og:title\" content=\"Granola Cacau e Framboesa - Trinca - Na Lifenatura ao Melhor Pre\u00e7o | Envio 48h\" \/>\n<meta property=\"og:description\" content=\"Compre Granola Cacau e Framboesa - Trinca com envio r\u00e1pido. Entrega em 48h e portes gr\u00e1tis em compras &gt;35\u20ac. Aproveite j\u00e1 na Lifenatura\" \/>\n<meta property=\"og:url\" content=\"https:\/\/www.lifenatura.com\/es\/produto\/granola-cacau-e-framboesa-trinca\/\" \/>\n<meta property=\"og:site_name\" content=\"Lifenatura\" \/>\n<meta property=\"article:publisher\" content=\"https:\/\/www.facebook.com\/lifenatura\" \/>\n<meta property=\"article:modified_time\" content=\"2024-11-30T23:35:45+00:00\" \/>\n<meta property=\"og:image\" content=\"https:\/\/www.lifenatura.com\/wp-content\/uploads\/2021\/09\/granola-cacau-framboesa-trinca.jpg\" \/>\n\t<meta property=\"og:image:width\" content=\"1000\" \/>\n\t<meta property=\"og:image:height\" content=\"1000\" \/>\n\t<meta property=\"og:image:type\" content=\"image\/jpeg\" \/>\n<meta name=\"twitter:card\" content=\"summary_large_image\" \/>\n<meta name=\"twitter:label1\" content=\"Precio\" \/>\n\t<meta name=\"twitter:data1\" content=\"8,91&nbsp;&euro;\" \/>\n\t<meta name=\"twitter:label2\" content=\"Disponibilidad\" \/>\n\t<meta name=\"twitter:data2\" content=\"Disponible\" \/>\n<script type=\"application\/ld+json\" class=\"yoast-schema-graph\">{\"@context\":\"https:\\\/\\\/schema.org\",\"@graph\":[{\"@type\":\"WebPage\",\"@id\":\"https:\\\/\\\/www.lifenatura.com\\\/es\\\/produto\\\/granola-cacau-e-framboesa-trinca\\\/\",\"url\":\"https:\\\/\\\/www.lifenatura.com\\\/es\\\/produto\\\/granola-cacau-e-framboesa-trinca\\\/\",\"name\":\"Granola Cacau e Framboesa - Trinca\",\"isPartOf\":{\"@id\":\"https:\\\/\\\/www.lifenatura.com\\\/es\\\/#website\"},\"primaryImageOfPage\":{\"@id\":\"https:\\\/\\\/www.lifenatura.com\\\/es\\\/produto\\\/granola-cacau-e-framboesa-trinca\\\/#primaryimage\"},\"image\":{\"@id\":\"https:\\\/\\\/www.lifenatura.com\\\/es\\\/produto\\\/granola-cacau-e-framboesa-trinca\\\/#primaryimage\"},\"thumbnailUrl\":\"https:\\\/\\\/www.lifenatura.com\\\/wp-content\\\/uploads\\\/2021\\\/09\\\/granola-cacau-framboesa-trinca.jpg\",\"datePublished\":\"2021-09-30T10:56:11+00:00\",\"dateModified\":\"2024-11-30T23:35:45+00:00\",\"description\":\"Granola Trinca Cacao y Frambuesa: una saludable mezcla de avena, cacao y frambuesas. Rica en antioxidantes y fibra, perfecta para los desayunos.\",\"breadcrumb\":{\"@id\":\"https:\\\/\\\/www.lifenatura.com\\\/es\\\/produto\\\/granola-cacau-e-framboesa-trinca\\\/#breadcrumb\"},\"inLanguage\":\"es\",\"potentialAction\":[{\"@type\":\"ReadAction\",\"target\":[\"https:\\\/\\\/www.lifenatura.com\\\/es\\\/produto\\\/granola-cacau-e-framboesa-trinca\\\/\"]}]},{\"@type\":\"ImageObject\",\"inLanguage\":\"es\",\"@id\":\"https:\\\/\\\/www.lifenatura.com\\\/es\\\/produto\\\/granola-cacau-e-framboesa-trinca\\\/#primaryimage\",\"url\":\"https:\\\/\\\/www.lifenatura.com\\\/wp-content\\\/uploads\\\/2021\\\/09\\\/granola-cacau-framboesa-trinca.jpg\",\"contentUrl\":\"https:\\\/\\\/www.lifenatura.com\\\/wp-content\\\/uploads\\\/2021\\\/09\\\/granola-cacau-framboesa-trinca.jpg\",\"width\":1000,\"height\":1000,\"caption\":\"GRanola de cacau e framboesa da marca Trinca\"},{\"@type\":\"BreadcrumbList\",\"@id\":\"https:\\\/\\\/www.lifenatura.com\\\/es\\\/produto\\\/granola-cacau-e-framboesa-trinca\\\/#breadcrumb\",\"itemListElement\":[{\"@type\":\"ListItem\",\"position\":1,\"name\":\"In\u00edcio\",\"item\":\"https:\\\/\\\/www.lifenatura.com\\\/es\\\/\"},{\"@type\":\"ListItem\",\"position\":2,\"name\":\"Todos los Productos\",\"item\":\"https:\\\/\\\/www.lifenatura.com\\\/es\\\/tienda\\\/\"},{\"@type\":\"ListItem\",\"position\":3,\"name\":\"Granola Cacau e Framboesa &#8211; Trinca\"}]},{\"@type\":\"WebSite\",\"@id\":\"https:\\\/\\\/www.lifenatura.com\\\/es\\\/#website\",\"url\":\"https:\\\/\\\/www.lifenatura.com\\\/es\\\/\",\"name\":\"Lifenatura\",\"description\":\"A Lifenatura \u00e9 uma loja de produtos naturais, cosm\u00e9tica natural e alimenta\u00e7\u00e3o Biol\u00f3gica.\",\"publisher\":{\"@id\":\"https:\\\/\\\/www.lifenatura.com\\\/es\\\/#organization\"},\"potentialAction\":[{\"@type\":\"SearchAction\",\"target\":{\"@type\":\"EntryPoint\",\"urlTemplate\":\"https:\\\/\\\/www.lifenatura.com\\\/es\\\/?s={search_term_string}\"},\"query-input\":{\"@type\":\"PropertyValueSpecification\",\"valueRequired\":true,\"valueName\":\"search_term_string\"}}],\"inLanguage\":\"es\"},{\"@type\":\"Organization\",\"@id\":\"https:\\\/\\\/www.lifenatura.com\\\/es\\\/#organization\",\"name\":\"Lifenatura\",\"url\":\"https:\\\/\\\/www.lifenatura.com\\\/es\\\/\",\"logo\":{\"@type\":\"ImageObject\",\"inLanguage\":\"es\",\"@id\":\"https:\\\/\\\/www.lifenatura.com\\\/es\\\/#\\\/schema\\\/logo\\\/image\\\/\",\"url\":\"https:\\\/\\\/www.lifenatura.com\\\/wp-content\\\/uploads\\\/2021\\\/07\\\/logo.png\",\"contentUrl\":\"https:\\\/\\\/www.lifenatura.com\\\/wp-content\\\/uploads\\\/2021\\\/07\\\/logo.png\",\"width\":175,\"height\":55,\"caption\":\"Lifenatura\"},\"image\":{\"@id\":\"https:\\\/\\\/www.lifenatura.com\\\/es\\\/#\\\/schema\\\/logo\\\/image\\\/\"},\"sameAs\":[\"https:\\\/\\\/www.facebook.com\\\/lifenatura\",\"https:\\\/\\\/www.instagram.com\\\/lifenaturapt\\\/\"],\"hasMerchantReturnPolicy\":{\"@type\":\"MerchantReturnPolicy\",\"merchantReturnLink\":\"https:\\\/\\\/www.lifenatura.com\\\/termos-condicoes-lifenatura\\\/\"}}]}<\/script>\n<meta property=\"product:price:amount\" content=\"8.91\" \/>\n<meta property=\"product:price:currency\" content=\"EUR\" \/>\n<meta property=\"og:availability\" content=\"instock\" \/>\n<meta property=\"product:availability\" content=\"instock\" \/>\n<meta property=\"product:retailer_item_id\" content=\"5600746709172\" \/>\n<meta property=\"product:condition\" content=\"new\" \/>\n<!-- \/ Yoast SEO Premium plugin. -->","yoast_head_json":{"title":"Granola Cacau e Framboesa - Trinca","description":"Granola Trinca Cacao y Frambuesa: una saludable mezcla de avena, cacao y frambuesas. Rica en antioxidantes y fibra, perfecta para los desayunos.","robots":{"index":"index","follow":"follow","max-snippet":"max-snippet:-1","max-image-preview":"max-image-preview:large","max-video-preview":"max-video-preview:-1"},"canonical":"https:\/\/www.lifenatura.com\/es\/produto\/granola-cacau-e-framboesa-trinca\/","og_locale":"es_ES","og_type":"article","og_title":"Granola Cacau e Framboesa - Trinca - Na Lifenatura ao Melhor Pre\u00e7o | Envio 48h","og_description":"Compre Granola Cacau e Framboesa - Trinca com envio r\u00e1pido. Entrega em 48h e portes gr\u00e1tis em compras >35\u20ac. Aproveite j\u00e1 na Lifenatura","og_url":"https:\/\/www.lifenatura.com\/es\/produto\/granola-cacau-e-framboesa-trinca\/","og_site_name":"Lifenatura","article_publisher":"https:\/\/www.facebook.com\/lifenatura","article_modified_time":"2024-11-30T23:35:45+00:00","og_image":[{"width":1000,"height":1000,"url":"https:\/\/www.lifenatura.com\/wp-content\/uploads\/2021\/09\/granola-cacau-framboesa-trinca.jpg","type":"image\/jpeg"}],"twitter_card":"summary_large_image","twitter_misc":{"Precio":"8,91&nbsp;&euro;","Disponibilidad":"Disponible"},"schema":{"@context":"https:\/\/schema.org","@graph":[{"@type":"WebPage","@id":"https:\/\/www.lifenatura.com\/es\/produto\/granola-cacau-e-framboesa-trinca\/","url":"https:\/\/www.lifenatura.com\/es\/produto\/granola-cacau-e-framboesa-trinca\/","name":"Granola Cacau e Framboesa - Trinca","isPartOf":{"@id":"https:\/\/www.lifenatura.com\/es\/#website"},"primaryImageOfPage":{"@id":"https:\/\/www.lifenatura.com\/es\/produto\/granola-cacau-e-framboesa-trinca\/#primaryimage"},"image":{"@id":"https:\/\/www.lifenatura.com\/es\/produto\/granola-cacau-e-framboesa-trinca\/#primaryimage"},"thumbnailUrl":"https:\/\/www.lifenatura.com\/wp-content\/uploads\/2021\/09\/granola-cacau-framboesa-trinca.jpg","datePublished":"2021-09-30T10:56:11+00:00","dateModified":"2024-11-30T23:35:45+00:00","description":"Granola Trinca Cacao y Frambuesa: una saludable mezcla de avena, cacao y frambuesas. Rica en antioxidantes y fibra, perfecta para los desayunos.","breadcrumb":{"@id":"https:\/\/www.lifenatura.com\/es\/produto\/granola-cacau-e-framboesa-trinca\/#breadcrumb"},"inLanguage":"es","potentialAction":[{"@type":"ReadAction","target":["https:\/\/www.lifenatura.com\/es\/produto\/granola-cacau-e-framboesa-trinca\/"]}]},{"@type":"ImageObject","inLanguage":"es","@id":"https:\/\/www.lifenatura.com\/es\/produto\/granola-cacau-e-framboesa-trinca\/#primaryimage","url":"https:\/\/www.lifenatura.com\/wp-content\/uploads\/2021\/09\/granola-cacau-framboesa-trinca.jpg","contentUrl":"https:\/\/www.lifenatura.com\/wp-content\/uploads\/2021\/09\/granola-cacau-framboesa-trinca.jpg","width":1000,"height":1000,"caption":"GRanola de cacau e framboesa da marca Trinca"},{"@type":"BreadcrumbList","@id":"https:\/\/www.lifenatura.com\/es\/produto\/granola-cacau-e-framboesa-trinca\/#breadcrumb","itemListElement":[{"@type":"ListItem","position":1,"name":"In\u00edcio","item":"https:\/\/www.lifenatura.com\/es\/"},{"@type":"ListItem","position":2,"name":"Todos los Productos","item":"https:\/\/www.lifenatura.com\/es\/tienda\/"},{"@type":"ListItem","position":3,"name":"Granola Cacau e Framboesa &#8211; Trinca"}]},{"@type":"WebSite","@id":"https:\/\/www.lifenatura.com\/es\/#website","url":"https:\/\/www.lifenatura.com\/es\/","name":"Lifenatura","description":"A Lifenatura \u00e9 uma loja de produtos naturais, cosm\u00e9tica natural e alimenta\u00e7\u00e3o Biol\u00f3gica.","publisher":{"@id":"https:\/\/www.lifenatura.com\/es\/#organization"},"potentialAction":[{"@type":"SearchAction","target":{"@type":"EntryPoint","urlTemplate":"https:\/\/www.lifenatura.com\/es\/?s={search_term_string}"},"query-input":{"@type":"PropertyValueSpecification","valueRequired":true,"valueName":"search_term_string"}}],"inLanguage":"es"},{"@type":"Organization","@id":"https:\/\/www.lifenatura.com\/es\/#organization","name":"Lifenatura","url":"https:\/\/www.lifenatura.com\/es\/","logo":{"@type":"ImageObject","inLanguage":"es","@id":"https:\/\/www.lifenatura.com\/es\/#\/schema\/logo\/image\/","url":"https:\/\/www.lifenatura.com\/wp-content\/uploads\/2021\/07\/logo.png","contentUrl":"https:\/\/www.lifenatura.com\/wp-content\/uploads\/2021\/07\/logo.png","width":175,"height":55,"caption":"Lifenatura"},"image":{"@id":"https:\/\/www.lifenatura.com\/es\/#\/schema\/logo\/image\/"},"sameAs":["https:\/\/www.facebook.com\/lifenatura","https:\/\/www.instagram.com\/lifenaturapt\/"],"hasMerchantReturnPolicy":{"@type":"MerchantReturnPolicy","merchantReturnLink":"https:\/\/www.lifenatura.com\/termos-condicoes-lifenatura\/"}}]},"product_price_amount":"8.91","product_price_currency":"EUR","og_availability":"instock","product_availability":"instock","product_retailer_item_id":"5600746709172","product_condition":"new"},"df_price":8.91,"df_sale_price":8.91,"df_regular_price":9.9,"df_image_link":"https:\/\/www.lifenatura.com\/wp-content\/uploads\/2021\/09\/granola-cacau-framboesa-trinca-300x300.jpg","_links":{"self":[{"href":"https:\/\/www.lifenatura.com\/es\/wp-json\/wp\/v2\/product\/41324","targetHints":{"allow":["GET"]}}],"collection":[{"href":"https:\/\/www.lifenatura.com\/es\/wp-json\/wp\/v2\/product"}],"about":[{"href":"https:\/\/www.lifenatura.com\/es\/wp-json\/wp\/v2\/types\/product"}],"wp:featuredmedia":[{"embeddable":true,"href":"https:\/\/www.lifenatura.com\/es\/wp-json\/wp\/v2\/media\/103598"}],"wp:attachment":[{"href":"https:\/\/www.lifenatura.com\/es\/wp-json\/wp\/v2\/media?parent=41324"}],"wp:term":[{"taxonomy":"product_brand","embeddable":true,"href":"https:\/\/www.lifenatura.com\/es\/wp-json\/wp\/v2\/product_brand?post=41324"},{"taxonomy":"product_cat","embeddable":true,"href":"https:\/\/www.lifenatura.com\/es\/wp-json\/wp\/v2\/product_cat?post=41324"},{"taxonomy":"product_tag","embeddable":true,"href":"https:\/\/www.lifenatura.com\/es\/wp-json\/wp\/v2\/product_tag?post=41324"}],"curies":[{"name":"wp","href":"https:\/\/api.w.org\/{rel}","templated":true}]}}