{"id":41323,"date":"2021-09-30T10:56:11","date_gmt":"2021-09-30T10:56:11","guid":{"rendered":"https:\/\/lifenatura.dev.agenciagetdigital.com\/produto\/granola-manzana-pasas-y-especias-trinca\/"},"modified":"2024-12-02T18:36:03","modified_gmt":"2024-12-02T18:36:03","slug":"granola-manzana-pasas-y-especias-trinca","status":"publish","type":"product","link":"https:\/\/www.lifenatura.com\/es\/produto\/granola-manzana-pasas-y-especias-trinca\/","title":{"rendered":"Granola Manzana, Pasas y Especias &#8211; Trinca"},"content":{"rendered":"<h2 style=\"text-align: left;\"><strong>Granola Trinca de Manzana, Pasas y Especias &#8211; Sabor Reconfortante y Nutrici\u00f3n Completa<\/strong><\/h2>\n<p>&nbsp;<\/p>\n<p>La Granola de Manzana, Pasas y Especias Trinca combina el cl\u00e1sico y reconfortante sabor de la manzana con el dulzor de las pasas sultanas y el toque arom\u00e1tico de especias cuidadosamente seleccionadas. Esta granola est\u00e1 elaborada con ingredientes naturales como copos de avena integrales y trozos de manzana deshidratada, dando como resultado una mezcla sana y deliciosa, perfecta para empezar el d\u00eda con energ\u00eda.<\/p>\n<p>Adem\u00e1s de deliciosa, esta granola es una excelente fuente de fibra, antioxidantes y energ\u00eda natural. Las pasas sultanas aportan un dulzor natural y ofrecen vitaminas y minerales esenciales, mientras que especias como la canela tienen propiedades antiinflamatorias y ayudan a equilibrar los niveles de az\u00facar en sangre.<\/p>\n<p>La manzana, rica en pectina, facilita la digesti\u00f3n y contribuye a la saciedad.<\/p>\n<p><strong>Principales beneficios:<\/strong><\/p>\n<ul>\n<li><strong>Fuente natural de energ\u00eda:<\/strong> Ideal para el desayuno o un tentempi\u00e9 saludable.<\/li>\n<li><strong>Rica en fibra:<\/strong> Favorece la salud digestiva y la sensaci\u00f3n de saciedad.<\/li>\n<li><strong>Antioxidantes naturales:<\/strong> Ayuda a combatir los radicales libres y contribuye al bienestar general.<\/li>\n<li><strong>Sin az\u00facares refinados:<\/strong> Una opci\u00f3n sana y nutritiva.<\/li>\n<\/ul>\n<p><strong>Adecuado para:<\/strong><\/p>\n<p>La Granola de Manzana, Pasas y Especias es adecuada para cualquier persona que busque una dieta equilibrada y nutritiva. Apta para vegetarianos y veganos, es perfecta para complementar yogures, bebidas vegetales o como cobertura de postres saludables.<\/p>\n<p>Una mezcla cl\u00e1sica de sabores que nos transporta a la temporada festiva. Esta granola tiene el poder de convertir tu aburrido yogur del desayuno en un aut\u00e9ntico, delicioso e indulgente crumble de manzana. Y por si fuera poco, \u00a1est\u00e1 endulzada con az\u00facar de coco!<\/p>\n<p><strong>PRESENTACI\u00d3N<\/strong><\/p>\n<p>400g<\/p>\n<p>&nbsp;<\/p>\n","protected":false},"excerpt":{"rendered":"<p>Granola Trinca de Manzana, Pasas y Especias, un sabor cl\u00e1sico con beneficios nutricionales. Rica en fibra y antioxidantes, ideal para el desayuno. [&#8230;]<\/p>\n<p><a class=\"btn btn-secondary understrap-read-more-link\" href=\"https:\/\/www.lifenatura.com\/es\/produto\/granola-manzana-pasas-y-especias-trinca\/\">Leer m\u00e1s&#8230;<span class=\"screen-reader-text\"> from Granola Manzana, Pasas y Especias &#8211; Trinca<\/span><\/a><\/p>\n","protected":false},"featured_media":103709,"template":"","meta":{"_acf_changed":false},"product_brand":[8391],"product_cat":[7064,7088,7074],"product_tag":[],"class_list":{"0":"post-41323","1":"product","2":"type-product","3":"status-publish","4":"has-post-thumbnail","6":"product_brand-trinca","7":"product_cat-alimentacion-sana","8":"product_cat-granola-y-muesli","9":"product_cat-productos-alimenticios","10":"pa_caracteristicas-biologico","11":"pa_caracteristicas-sin-azucares-anadidos","12":"pa_caracteristicas-sin-conservantes","13":"pa_caracteristicas-sin-gluten","15":"first","16":"instock","17":"sale","18":"shipping-taxable","19":"purchasable","20":"product-type-simple","21":"add-to-wishlist-before_image"},"acf":[],"yoast_head":"<!-- This site is optimized with the Yoast SEO Premium plugin v27.1 (Yoast SEO v27.4) - https:\/\/yoast.com\/product\/yoast-seo-premium-wordpress\/ -->\n<title>Granola Trinca Manzana, Pasas y Especias - Lifenatura<\/title>\n<meta name=\"description\" content=\"Granola Trinca de Manzana, Pasas y Especias, un sabor cl\u00e1sico con beneficios nutricionales. Rica en fibra y antioxidantes, ideal para el desayuno.\" \/>\n<meta name=\"robots\" content=\"index, follow, max-snippet:-1, max-image-preview:large, max-video-preview:-1\" \/>\n<link rel=\"canonical\" href=\"https:\/\/www.lifenatura.com\/es\/produto\/granola-manzana-pasas-y-especias-trinca\/\" \/>\n<meta property=\"og:locale\" content=\"es_ES\" \/>\n<meta property=\"og:type\" content=\"article\" \/>\n<meta property=\"og:title\" content=\"Granola Manzana, Pasas y Especias - Trinca - Na Lifenatura ao Melhor Pre\u00e7o | Envio 48h\" \/>\n<meta property=\"og:description\" content=\"Compre Granola Manzana, Pasas y Especias - Trinca com envio r\u00e1pido. Entrega em 48h e portes gr\u00e1tis em compras &gt;35\u20ac. Aproveite j\u00e1 na Lifenatura\" \/>\n<meta property=\"og:url\" content=\"https:\/\/www.lifenatura.com\/es\/produto\/granola-manzana-pasas-y-especias-trinca\/\" \/>\n<meta property=\"og:site_name\" content=\"Lifenatura\" \/>\n<meta property=\"article:publisher\" content=\"https:\/\/www.facebook.com\/lifenatura\" \/>\n<meta property=\"article:modified_time\" content=\"2024-12-02T18:36:03+00:00\" \/>\n<meta property=\"og:image\" content=\"https:\/\/www.lifenatura.com\/wp-content\/uploads\/2021\/09\/granola-maca-passas-especiarias-trinca.jpg\" \/>\n\t<meta property=\"og:image:width\" content=\"1000\" \/>\n\t<meta property=\"og:image:height\" content=\"1000\" \/>\n\t<meta property=\"og:image:type\" content=\"image\/jpeg\" \/>\n<meta name=\"twitter:card\" content=\"summary_large_image\" \/>\n<meta name=\"twitter:label1\" content=\"Precio\" \/>\n\t<meta name=\"twitter:data1\" content=\"7,72&nbsp;&euro;\" \/>\n\t<meta name=\"twitter:label2\" content=\"Disponibilidad\" \/>\n\t<meta name=\"twitter:data2\" content=\"Disponible\" \/>\n<script type=\"application\/ld+json\" class=\"yoast-schema-graph\">{\"@context\":\"https:\\\/\\\/schema.org\",\"@graph\":[{\"@type\":\"WebPage\",\"@id\":\"https:\\\/\\\/www.lifenatura.com\\\/es\\\/produto\\\/granola-manzana-pasas-y-especias-trinca\\\/\",\"url\":\"https:\\\/\\\/www.lifenatura.com\\\/es\\\/produto\\\/granola-manzana-pasas-y-especias-trinca\\\/\",\"name\":\"Granola Trinca Manzana, Pasas y Especias - Lifenatura\",\"isPartOf\":{\"@id\":\"https:\\\/\\\/www.lifenatura.com\\\/es\\\/#website\"},\"primaryImageOfPage\":{\"@id\":\"https:\\\/\\\/www.lifenatura.com\\\/es\\\/produto\\\/granola-manzana-pasas-y-especias-trinca\\\/#primaryimage\"},\"image\":{\"@id\":\"https:\\\/\\\/www.lifenatura.com\\\/es\\\/produto\\\/granola-manzana-pasas-y-especias-trinca\\\/#primaryimage\"},\"thumbnailUrl\":\"https:\\\/\\\/www.lifenatura.com\\\/wp-content\\\/uploads\\\/2021\\\/09\\\/granola-maca-passas-especiarias-trinca.jpg\",\"datePublished\":\"2021-09-30T10:56:11+00:00\",\"dateModified\":\"2024-12-02T18:36:03+00:00\",\"description\":\"Granola Trinca de Manzana, Pasas y Especias, un sabor cl\u00e1sico con beneficios nutricionales. Rica en fibra y antioxidantes, ideal para el desayuno.\",\"breadcrumb\":{\"@id\":\"https:\\\/\\\/www.lifenatura.com\\\/es\\\/produto\\\/granola-manzana-pasas-y-especias-trinca\\\/#breadcrumb\"},\"inLanguage\":\"es\",\"potentialAction\":[{\"@type\":\"ReadAction\",\"target\":[\"https:\\\/\\\/www.lifenatura.com\\\/es\\\/produto\\\/granola-manzana-pasas-y-especias-trinca\\\/\"]}]},{\"@type\":\"ImageObject\",\"inLanguage\":\"es\",\"@id\":\"https:\\\/\\\/www.lifenatura.com\\\/es\\\/produto\\\/granola-manzana-pasas-y-especias-trinca\\\/#primaryimage\",\"url\":\"https:\\\/\\\/www.lifenatura.com\\\/wp-content\\\/uploads\\\/2021\\\/09\\\/granola-maca-passas-especiarias-trinca.jpg\",\"contentUrl\":\"https:\\\/\\\/www.lifenatura.com\\\/wp-content\\\/uploads\\\/2021\\\/09\\\/granola-maca-passas-especiarias-trinca.jpg\",\"width\":1000,\"height\":1000,\"caption\":\"Granola de Ma\u00e7\u00e3 e Passar da marca Trinca\"},{\"@type\":\"BreadcrumbList\",\"@id\":\"https:\\\/\\\/www.lifenatura.com\\\/es\\\/produto\\\/granola-manzana-pasas-y-especias-trinca\\\/#breadcrumb\",\"itemListElement\":[{\"@type\":\"ListItem\",\"position\":1,\"name\":\"In\u00edcio\",\"item\":\"https:\\\/\\\/www.lifenatura.com\\\/es\\\/\"},{\"@type\":\"ListItem\",\"position\":2,\"name\":\"Todos los Productos\",\"item\":\"https:\\\/\\\/www.lifenatura.com\\\/es\\\/tienda\\\/\"},{\"@type\":\"ListItem\",\"position\":3,\"name\":\"Granola Manzana, Pasas y Especias &#8211; Trinca\"}]},{\"@type\":\"WebSite\",\"@id\":\"https:\\\/\\\/www.lifenatura.com\\\/es\\\/#website\",\"url\":\"https:\\\/\\\/www.lifenatura.com\\\/es\\\/\",\"name\":\"Lifenatura\",\"description\":\"A Lifenatura \u00e9 uma loja de produtos naturais, cosm\u00e9tica natural e alimenta\u00e7\u00e3o Biol\u00f3gica.\",\"publisher\":{\"@id\":\"https:\\\/\\\/www.lifenatura.com\\\/es\\\/#organization\"},\"potentialAction\":[{\"@type\":\"SearchAction\",\"target\":{\"@type\":\"EntryPoint\",\"urlTemplate\":\"https:\\\/\\\/www.lifenatura.com\\\/es\\\/?s={search_term_string}\"},\"query-input\":{\"@type\":\"PropertyValueSpecification\",\"valueRequired\":true,\"valueName\":\"search_term_string\"}}],\"inLanguage\":\"es\"},{\"@type\":\"Organization\",\"@id\":\"https:\\\/\\\/www.lifenatura.com\\\/es\\\/#organization\",\"name\":\"Lifenatura\",\"url\":\"https:\\\/\\\/www.lifenatura.com\\\/es\\\/\",\"logo\":{\"@type\":\"ImageObject\",\"inLanguage\":\"es\",\"@id\":\"https:\\\/\\\/www.lifenatura.com\\\/es\\\/#\\\/schema\\\/logo\\\/image\\\/\",\"url\":\"https:\\\/\\\/www.lifenatura.com\\\/wp-content\\\/uploads\\\/2021\\\/07\\\/logo.png\",\"contentUrl\":\"https:\\\/\\\/www.lifenatura.com\\\/wp-content\\\/uploads\\\/2021\\\/07\\\/logo.png\",\"width\":175,\"height\":55,\"caption\":\"Lifenatura\"},\"image\":{\"@id\":\"https:\\\/\\\/www.lifenatura.com\\\/es\\\/#\\\/schema\\\/logo\\\/image\\\/\"},\"sameAs\":[\"https:\\\/\\\/www.facebook.com\\\/lifenatura\",\"https:\\\/\\\/www.instagram.com\\\/lifenaturapt\\\/\"],\"hasMerchantReturnPolicy\":{\"@type\":\"MerchantReturnPolicy\",\"merchantReturnLink\":\"https:\\\/\\\/www.lifenatura.com\\\/termos-condicoes-lifenatura\\\/\"}}]}<\/script>\n<meta property=\"product:price:amount\" content=\"7.72\" \/>\n<meta property=\"product:price:currency\" content=\"EUR\" \/>\n<meta property=\"og:availability\" content=\"instock\" \/>\n<meta property=\"product:availability\" content=\"instock\" \/>\n<meta property=\"product:retailer_item_id\" content=\"5600746709073\" \/>\n<meta property=\"product:condition\" content=\"new\" \/>\n<!-- \/ Yoast SEO Premium plugin. -->","yoast_head_json":{"title":"Granola Trinca Manzana, Pasas y Especias - Lifenatura","description":"Granola Trinca de Manzana, Pasas y Especias, un sabor cl\u00e1sico con beneficios nutricionales. Rica en fibra y antioxidantes, ideal para el desayuno.","robots":{"index":"index","follow":"follow","max-snippet":"max-snippet:-1","max-image-preview":"max-image-preview:large","max-video-preview":"max-video-preview:-1"},"canonical":"https:\/\/www.lifenatura.com\/es\/produto\/granola-manzana-pasas-y-especias-trinca\/","og_locale":"es_ES","og_type":"article","og_title":"Granola Manzana, Pasas y Especias - Trinca - Na Lifenatura ao Melhor Pre\u00e7o | Envio 48h","og_description":"Compre Granola Manzana, Pasas y Especias - Trinca com envio r\u00e1pido. Entrega em 48h e portes gr\u00e1tis em compras >35\u20ac. Aproveite j\u00e1 na Lifenatura","og_url":"https:\/\/www.lifenatura.com\/es\/produto\/granola-manzana-pasas-y-especias-trinca\/","og_site_name":"Lifenatura","article_publisher":"https:\/\/www.facebook.com\/lifenatura","article_modified_time":"2024-12-02T18:36:03+00:00","og_image":[{"width":1000,"height":1000,"url":"https:\/\/www.lifenatura.com\/wp-content\/uploads\/2021\/09\/granola-maca-passas-especiarias-trinca.jpg","type":"image\/jpeg"}],"twitter_card":"summary_large_image","twitter_misc":{"Precio":"7,72&nbsp;&euro;","Disponibilidad":"Disponible"},"schema":{"@context":"https:\/\/schema.org","@graph":[{"@type":"WebPage","@id":"https:\/\/www.lifenatura.com\/es\/produto\/granola-manzana-pasas-y-especias-trinca\/","url":"https:\/\/www.lifenatura.com\/es\/produto\/granola-manzana-pasas-y-especias-trinca\/","name":"Granola Trinca Manzana, Pasas y Especias - Lifenatura","isPartOf":{"@id":"https:\/\/www.lifenatura.com\/es\/#website"},"primaryImageOfPage":{"@id":"https:\/\/www.lifenatura.com\/es\/produto\/granola-manzana-pasas-y-especias-trinca\/#primaryimage"},"image":{"@id":"https:\/\/www.lifenatura.com\/es\/produto\/granola-manzana-pasas-y-especias-trinca\/#primaryimage"},"thumbnailUrl":"https:\/\/www.lifenatura.com\/wp-content\/uploads\/2021\/09\/granola-maca-passas-especiarias-trinca.jpg","datePublished":"2021-09-30T10:56:11+00:00","dateModified":"2024-12-02T18:36:03+00:00","description":"Granola Trinca de Manzana, Pasas y Especias, un sabor cl\u00e1sico con beneficios nutricionales. Rica en fibra y antioxidantes, ideal para el desayuno.","breadcrumb":{"@id":"https:\/\/www.lifenatura.com\/es\/produto\/granola-manzana-pasas-y-especias-trinca\/#breadcrumb"},"inLanguage":"es","potentialAction":[{"@type":"ReadAction","target":["https:\/\/www.lifenatura.com\/es\/produto\/granola-manzana-pasas-y-especias-trinca\/"]}]},{"@type":"ImageObject","inLanguage":"es","@id":"https:\/\/www.lifenatura.com\/es\/produto\/granola-manzana-pasas-y-especias-trinca\/#primaryimage","url":"https:\/\/www.lifenatura.com\/wp-content\/uploads\/2021\/09\/granola-maca-passas-especiarias-trinca.jpg","contentUrl":"https:\/\/www.lifenatura.com\/wp-content\/uploads\/2021\/09\/granola-maca-passas-especiarias-trinca.jpg","width":1000,"height":1000,"caption":"Granola de Ma\u00e7\u00e3 e Passar da marca Trinca"},{"@type":"BreadcrumbList","@id":"https:\/\/www.lifenatura.com\/es\/produto\/granola-manzana-pasas-y-especias-trinca\/#breadcrumb","itemListElement":[{"@type":"ListItem","position":1,"name":"In\u00edcio","item":"https:\/\/www.lifenatura.com\/es\/"},{"@type":"ListItem","position":2,"name":"Todos los Productos","item":"https:\/\/www.lifenatura.com\/es\/tienda\/"},{"@type":"ListItem","position":3,"name":"Granola Manzana, Pasas y Especias &#8211; Trinca"}]},{"@type":"WebSite","@id":"https:\/\/www.lifenatura.com\/es\/#website","url":"https:\/\/www.lifenatura.com\/es\/","name":"Lifenatura","description":"A Lifenatura \u00e9 uma loja de produtos naturais, cosm\u00e9tica natural e alimenta\u00e7\u00e3o Biol\u00f3gica.","publisher":{"@id":"https:\/\/www.lifenatura.com\/es\/#organization"},"potentialAction":[{"@type":"SearchAction","target":{"@type":"EntryPoint","urlTemplate":"https:\/\/www.lifenatura.com\/es\/?s={search_term_string}"},"query-input":{"@type":"PropertyValueSpecification","valueRequired":true,"valueName":"search_term_string"}}],"inLanguage":"es"},{"@type":"Organization","@id":"https:\/\/www.lifenatura.com\/es\/#organization","name":"Lifenatura","url":"https:\/\/www.lifenatura.com\/es\/","logo":{"@type":"ImageObject","inLanguage":"es","@id":"https:\/\/www.lifenatura.com\/es\/#\/schema\/logo\/image\/","url":"https:\/\/www.lifenatura.com\/wp-content\/uploads\/2021\/07\/logo.png","contentUrl":"https:\/\/www.lifenatura.com\/wp-content\/uploads\/2021\/07\/logo.png","width":175,"height":55,"caption":"Lifenatura"},"image":{"@id":"https:\/\/www.lifenatura.com\/es\/#\/schema\/logo\/image\/"},"sameAs":["https:\/\/www.facebook.com\/lifenatura","https:\/\/www.instagram.com\/lifenaturapt\/"],"hasMerchantReturnPolicy":{"@type":"MerchantReturnPolicy","merchantReturnLink":"https:\/\/www.lifenatura.com\/termos-condicoes-lifenatura\/"}}]},"product_price_amount":"7.72","product_price_currency":"EUR","og_availability":"instock","product_availability":"instock","product_retailer_item_id":"5600746709073","product_condition":"new"},"df_price":7.72,"df_sale_price":7.72,"df_regular_price":8.58,"df_image_link":"https:\/\/www.lifenatura.com\/wp-content\/uploads\/2021\/09\/granola-maca-passas-especiarias-trinca-300x300.jpg","_links":{"self":[{"href":"https:\/\/www.lifenatura.com\/es\/wp-json\/wp\/v2\/product\/41323","targetHints":{"allow":["GET"]}}],"collection":[{"href":"https:\/\/www.lifenatura.com\/es\/wp-json\/wp\/v2\/product"}],"about":[{"href":"https:\/\/www.lifenatura.com\/es\/wp-json\/wp\/v2\/types\/product"}],"wp:featuredmedia":[{"embeddable":true,"href":"https:\/\/www.lifenatura.com\/es\/wp-json\/wp\/v2\/media\/103709"}],"wp:attachment":[{"href":"https:\/\/www.lifenatura.com\/es\/wp-json\/wp\/v2\/media?parent=41323"}],"wp:term":[{"taxonomy":"product_brand","embeddable":true,"href":"https:\/\/www.lifenatura.com\/es\/wp-json\/wp\/v2\/product_brand?post=41323"},{"taxonomy":"product_cat","embeddable":true,"href":"https:\/\/www.lifenatura.com\/es\/wp-json\/wp\/v2\/product_cat?post=41323"},{"taxonomy":"product_tag","embeddable":true,"href":"https:\/\/www.lifenatura.com\/es\/wp-json\/wp\/v2\/product_tag?post=41323"}],"curies":[{"name":"wp","href":"https:\/\/api.w.org\/{rel}","templated":true}]}}