{"id":41321,"date":"2021-09-30T10:55:53","date_gmt":"2021-09-30T10:55:53","guid":{"rendered":"https:\/\/lifenatura.dev.agenciagetdigital.com\/produto\/granola-higos-y-nueces-trinca\/"},"modified":"2024-12-02T18:20:29","modified_gmt":"2024-12-02T18:20:29","slug":"granola-higos-y-nueces-trinca","status":"publish","type":"product","link":"https:\/\/www.lifenatura.com\/es\/produto\/granola-higos-y-nueces-trinca\/","title":{"rendered":"Granola Higos y Nueces &#8211; Trinca"},"content":{"rendered":"<h2 style=\"text-align: left;\"><strong>Granola de higos y nueces Trinca &#8211; Sabor tradicional con nutrici\u00f3n equilibrada<\/strong><\/h2>\n<p>&nbsp;<\/p>\n<p>La granola de higos y nueces Trinca es una deliciosa combinaci\u00f3n de ingredientes naturales cuidadosamente seleccionados para ofrecer una experiencia \u00fanica para el desayuno o como tentempi\u00e9 saludable. Elaborada con copos de avena integrales, jugosos trozos de higo seco y crujientes nueces, esta granola ofrece una fusi\u00f3n perfecta entre la dulzura natural de los higos y la rica textura de las nueces.<\/p>\n<p>Esta granola es rica en fibra, vitaminas esenciales y minerales que contribuyen a una dieta equilibrada. Los higos secos son conocidos por su alto contenido en antioxidantes y fibra, que favorecen la salud digestiva y ayudan a mantener la saciedad a lo largo del d\u00eda.<\/p>\n<p>Las nueces, por su parte, son una excelente fuente de \u00e1cidos grasos omega-3, beneficiosos para la salud cardiovascular y la funci\u00f3n cerebral. Sin az\u00facares refinados a\u00f1adidos, esta granola est\u00e1 endulzada de forma natural, lo que la convierte en una opci\u00f3n sana y sabrosa para toda la familia.<\/p>\n<p><strong>Principales beneficios:<\/strong><\/p>\n<ul>\n<li><strong>Fuente de energ\u00eda sostenida:<\/strong> Ideal para empezar el d\u00eda con vitalidad o para reponer fuerzas entre comidas.<\/li>\n<li><strong>Rico en fibra:<\/strong> Favorece una digesti\u00f3n saludable y ayuda a mantener la sensaci\u00f3n de saciedad.<\/li>\n<li><strong>Grasas saludables:<\/strong> Las nueces aportan omega-3, contribuyendo a la salud del coraz\u00f3n y el cerebro.<\/li>\n<li><strong>Antioxidantes naturales:<\/strong> Los higos secos ayudan a combatir los radicales libres, protegiendo las c\u00e9lulas del organismo.<\/li>\n<\/ul>\n<p><strong>Adecuado para:<\/strong><\/p>\n<p>Perfecta para adultos y ni\u00f1os, la Granola Trinca de Higos y Nueces es adecuada para quienes buscan una opci\u00f3n nutritiva sin renunciar al sabor. Ideal para vegetarianos, deportistas o cualquier persona que desee enriquecer su dieta con ingredientes naturales y saludables. Puede consumirse con leche, bebidas vegetales, yogur o simplemente como un crujiente tentempi\u00e9.<\/p>\n<p>Una irresistible fusi\u00f3n de sabores mediterr\u00e1neos se re\u00fane en esta granola, espolvoreada con higos, nueces y nuestro familiar aceite de oliva virgen extra. Si no puedes resistirte a la canela, esto es para ti.<\/p>\n<p><strong>PRESENTACI\u00d3N<\/strong><\/p>\n<p>400g<\/p>\n<p>&nbsp;<\/p>\n","protected":false},"excerpt":{"rendered":"<p>Granola Trinca Higos y Nueces &#8211; Date un capricho con esta nutritiva mezcla rica en fibra y omega 3. El desayuno ideal para un d\u00eda lleno de energ\u00eda. [&#8230;]<\/p>\n<p><a class=\"btn btn-secondary understrap-read-more-link\" href=\"https:\/\/www.lifenatura.com\/es\/produto\/granola-higos-y-nueces-trinca\/\">Leer m\u00e1s&#8230;<span class=\"screen-reader-text\"> from Granola Higos y Nueces &#8211; Trinca<\/span><\/a><\/p>\n","protected":false},"featured_media":103704,"template":"","meta":{"_acf_changed":false},"product_brand":[8391],"product_cat":[7064,7088,7074],"product_tag":[],"class_list":{"0":"post-41321","1":"product","2":"type-product","3":"status-publish","4":"has-post-thumbnail","6":"product_brand-trinca","7":"product_cat-alimentacion-sana","8":"product_cat-granola-y-muesli","9":"product_cat-productos-alimenticios","10":"pa_caracteristicas-biologico","11":"pa_caracteristicas-sin-azucares-anadidos","12":"pa_caracteristicas-sin-conservantes","13":"pa_caracteristicas-sin-gluten","15":"first","16":"instock","17":"sale","18":"shipping-taxable","19":"purchasable","20":"product-type-simple","21":"add-to-wishlist-before_image"},"acf":[],"yoast_head":"<!-- This site is optimized with the Yoast SEO Premium plugin v27.1 (Yoast SEO v27.5) - https:\/\/yoast.com\/product\/yoast-seo-premium-wordpress\/ -->\n<title>Granola Trinca de Higo y Nueces - Lifenatura<\/title>\n<meta name=\"description\" content=\"Granola Trinca Higos y Nueces - Date un capricho con esta nutritiva mezcla rica en fibra y omega 3. El desayuno ideal para un d\u00eda lleno de energ\u00eda.\" \/>\n<meta name=\"robots\" content=\"index, follow, max-snippet:-1, max-image-preview:large, max-video-preview:-1\" \/>\n<link rel=\"canonical\" href=\"https:\/\/www.lifenatura.com\/es\/produto\/granola-higos-y-nueces-trinca\/\" \/>\n<meta property=\"og:locale\" content=\"es_ES\" \/>\n<meta property=\"og:type\" content=\"article\" \/>\n<meta property=\"og:title\" content=\"Granola Higos y Nueces - Trinca - Na Lifenatura ao Melhor Pre\u00e7o | Envio 48h\" \/>\n<meta property=\"og:description\" content=\"Compre Granola Higos y Nueces - Trinca com envio r\u00e1pido. Entrega em 48h e portes gr\u00e1tis em compras &gt;35\u20ac. Aproveite j\u00e1 na Lifenatura\" \/>\n<meta property=\"og:url\" content=\"https:\/\/www.lifenatura.com\/es\/produto\/granola-higos-y-nueces-trinca\/\" \/>\n<meta property=\"og:site_name\" content=\"Lifenatura\" \/>\n<meta property=\"article:publisher\" content=\"https:\/\/www.facebook.com\/lifenatura\" \/>\n<meta property=\"article:modified_time\" content=\"2024-12-02T18:20:29+00:00\" \/>\n<meta property=\"og:image\" content=\"https:\/\/www.lifenatura.com\/wp-content\/uploads\/2021\/09\/granola-figo-noz-trinca.jpg\" \/>\n\t<meta property=\"og:image:width\" content=\"1000\" \/>\n\t<meta property=\"og:image:height\" content=\"1000\" \/>\n\t<meta property=\"og:image:type\" content=\"image\/jpeg\" \/>\n<meta name=\"twitter:card\" content=\"summary_large_image\" \/>\n<meta name=\"twitter:label1\" content=\"Precio\" \/>\n\t<meta name=\"twitter:data1\" content=\"7,38&nbsp;&euro;\" \/>\n\t<meta name=\"twitter:label2\" content=\"Disponibilidad\" \/>\n\t<meta name=\"twitter:data2\" content=\"Disponible\" \/>\n<script type=\"application\/ld+json\" class=\"yoast-schema-graph\">{\"@context\":\"https:\\\/\\\/schema.org\",\"@graph\":[{\"@type\":\"WebPage\",\"@id\":\"https:\\\/\\\/www.lifenatura.com\\\/es\\\/produto\\\/granola-higos-y-nueces-trinca\\\/\",\"url\":\"https:\\\/\\\/www.lifenatura.com\\\/es\\\/produto\\\/granola-higos-y-nueces-trinca\\\/\",\"name\":\"Granola Trinca de Higo y Nueces - Lifenatura\",\"isPartOf\":{\"@id\":\"https:\\\/\\\/www.lifenatura.com\\\/es\\\/#website\"},\"primaryImageOfPage\":{\"@id\":\"https:\\\/\\\/www.lifenatura.com\\\/es\\\/produto\\\/granola-higos-y-nueces-trinca\\\/#primaryimage\"},\"image\":{\"@id\":\"https:\\\/\\\/www.lifenatura.com\\\/es\\\/produto\\\/granola-higos-y-nueces-trinca\\\/#primaryimage\"},\"thumbnailUrl\":\"https:\\\/\\\/www.lifenatura.com\\\/wp-content\\\/uploads\\\/2021\\\/09\\\/granola-figo-noz-trinca.jpg\",\"datePublished\":\"2021-09-30T10:55:53+00:00\",\"dateModified\":\"2024-12-02T18:20:29+00:00\",\"description\":\"Granola Trinca Higos y Nueces - Date un capricho con esta nutritiva mezcla rica en fibra y omega 3. El desayuno ideal para un d\u00eda lleno de energ\u00eda.\",\"breadcrumb\":{\"@id\":\"https:\\\/\\\/www.lifenatura.com\\\/es\\\/produto\\\/granola-higos-y-nueces-trinca\\\/#breadcrumb\"},\"inLanguage\":\"es\",\"potentialAction\":[{\"@type\":\"ReadAction\",\"target\":[\"https:\\\/\\\/www.lifenatura.com\\\/es\\\/produto\\\/granola-higos-y-nueces-trinca\\\/\"]}]},{\"@type\":\"ImageObject\",\"inLanguage\":\"es\",\"@id\":\"https:\\\/\\\/www.lifenatura.com\\\/es\\\/produto\\\/granola-higos-y-nueces-trinca\\\/#primaryimage\",\"url\":\"https:\\\/\\\/www.lifenatura.com\\\/wp-content\\\/uploads\\\/2021\\\/09\\\/granola-figo-noz-trinca.jpg\",\"contentUrl\":\"https:\\\/\\\/www.lifenatura.com\\\/wp-content\\\/uploads\\\/2021\\\/09\\\/granola-figo-noz-trinca.jpg\",\"width\":1000,\"height\":1000,\"caption\":\"Granola da Trinca de figo e noz\"},{\"@type\":\"BreadcrumbList\",\"@id\":\"https:\\\/\\\/www.lifenatura.com\\\/es\\\/produto\\\/granola-higos-y-nueces-trinca\\\/#breadcrumb\",\"itemListElement\":[{\"@type\":\"ListItem\",\"position\":1,\"name\":\"In\u00edcio\",\"item\":\"https:\\\/\\\/www.lifenatura.com\\\/es\\\/\"},{\"@type\":\"ListItem\",\"position\":2,\"name\":\"Todos los Productos\",\"item\":\"https:\\\/\\\/www.lifenatura.com\\\/es\\\/tienda\\\/\"},{\"@type\":\"ListItem\",\"position\":3,\"name\":\"Granola Higos y Nueces &#8211; Trinca\"}]},{\"@type\":\"WebSite\",\"@id\":\"https:\\\/\\\/www.lifenatura.com\\\/es\\\/#website\",\"url\":\"https:\\\/\\\/www.lifenatura.com\\\/es\\\/\",\"name\":\"Lifenatura\",\"description\":\"A Lifenatura \u00e9 uma loja de produtos naturais, cosm\u00e9tica natural e alimenta\u00e7\u00e3o Biol\u00f3gica.\",\"publisher\":{\"@id\":\"https:\\\/\\\/www.lifenatura.com\\\/es\\\/#organization\"},\"potentialAction\":[{\"@type\":\"SearchAction\",\"target\":{\"@type\":\"EntryPoint\",\"urlTemplate\":\"https:\\\/\\\/www.lifenatura.com\\\/es\\\/?s={search_term_string}\"},\"query-input\":{\"@type\":\"PropertyValueSpecification\",\"valueRequired\":true,\"valueName\":\"search_term_string\"}}],\"inLanguage\":\"es\"},{\"@type\":\"Organization\",\"@id\":\"https:\\\/\\\/www.lifenatura.com\\\/es\\\/#organization\",\"name\":\"Lifenatura\",\"url\":\"https:\\\/\\\/www.lifenatura.com\\\/es\\\/\",\"logo\":{\"@type\":\"ImageObject\",\"inLanguage\":\"es\",\"@id\":\"https:\\\/\\\/www.lifenatura.com\\\/es\\\/#\\\/schema\\\/logo\\\/image\\\/\",\"url\":\"https:\\\/\\\/www.lifenatura.com\\\/wp-content\\\/uploads\\\/2021\\\/07\\\/logo.png\",\"contentUrl\":\"https:\\\/\\\/www.lifenatura.com\\\/wp-content\\\/uploads\\\/2021\\\/07\\\/logo.png\",\"width\":175,\"height\":55,\"caption\":\"Lifenatura\"},\"image\":{\"@id\":\"https:\\\/\\\/www.lifenatura.com\\\/es\\\/#\\\/schema\\\/logo\\\/image\\\/\"},\"sameAs\":[\"https:\\\/\\\/www.facebook.com\\\/lifenatura\",\"https:\\\/\\\/www.instagram.com\\\/lifenaturapt\\\/\"],\"hasMerchantReturnPolicy\":{\"@type\":\"MerchantReturnPolicy\",\"merchantReturnLink\":\"https:\\\/\\\/www.lifenatura.com\\\/termos-condicoes-lifenatura\\\/\"}}]}<\/script>\n<meta property=\"product:price:amount\" content=\"7.38\" \/>\n<meta property=\"product:price:currency\" content=\"EUR\" \/>\n<meta property=\"og:availability\" content=\"instock\" \/>\n<meta property=\"product:availability\" content=\"instock\" \/>\n<meta property=\"product:retailer_item_id\" content=\"5600746709028\" \/>\n<meta property=\"product:condition\" content=\"new\" \/>\n<!-- \/ Yoast SEO Premium plugin. -->","yoast_head_json":{"title":"Granola Trinca de Higo y Nueces - Lifenatura","description":"Granola Trinca Higos y Nueces - Date un capricho con esta nutritiva mezcla rica en fibra y omega 3. El desayuno ideal para un d\u00eda lleno de energ\u00eda.","robots":{"index":"index","follow":"follow","max-snippet":"max-snippet:-1","max-image-preview":"max-image-preview:large","max-video-preview":"max-video-preview:-1"},"canonical":"https:\/\/www.lifenatura.com\/es\/produto\/granola-higos-y-nueces-trinca\/","og_locale":"es_ES","og_type":"article","og_title":"Granola Higos y Nueces - Trinca - Na Lifenatura ao Melhor Pre\u00e7o | Envio 48h","og_description":"Compre Granola Higos y Nueces - Trinca com envio r\u00e1pido. Entrega em 48h e portes gr\u00e1tis em compras >35\u20ac. Aproveite j\u00e1 na Lifenatura","og_url":"https:\/\/www.lifenatura.com\/es\/produto\/granola-higos-y-nueces-trinca\/","og_site_name":"Lifenatura","article_publisher":"https:\/\/www.facebook.com\/lifenatura","article_modified_time":"2024-12-02T18:20:29+00:00","og_image":[{"width":1000,"height":1000,"url":"https:\/\/www.lifenatura.com\/wp-content\/uploads\/2021\/09\/granola-figo-noz-trinca.jpg","type":"image\/jpeg"}],"twitter_card":"summary_large_image","twitter_misc":{"Precio":"7,38&nbsp;&euro;","Disponibilidad":"Disponible"},"schema":{"@context":"https:\/\/schema.org","@graph":[{"@type":"WebPage","@id":"https:\/\/www.lifenatura.com\/es\/produto\/granola-higos-y-nueces-trinca\/","url":"https:\/\/www.lifenatura.com\/es\/produto\/granola-higos-y-nueces-trinca\/","name":"Granola Trinca de Higo y Nueces - Lifenatura","isPartOf":{"@id":"https:\/\/www.lifenatura.com\/es\/#website"},"primaryImageOfPage":{"@id":"https:\/\/www.lifenatura.com\/es\/produto\/granola-higos-y-nueces-trinca\/#primaryimage"},"image":{"@id":"https:\/\/www.lifenatura.com\/es\/produto\/granola-higos-y-nueces-trinca\/#primaryimage"},"thumbnailUrl":"https:\/\/www.lifenatura.com\/wp-content\/uploads\/2021\/09\/granola-figo-noz-trinca.jpg","datePublished":"2021-09-30T10:55:53+00:00","dateModified":"2024-12-02T18:20:29+00:00","description":"Granola Trinca Higos y Nueces - Date un capricho con esta nutritiva mezcla rica en fibra y omega 3. El desayuno ideal para un d\u00eda lleno de energ\u00eda.","breadcrumb":{"@id":"https:\/\/www.lifenatura.com\/es\/produto\/granola-higos-y-nueces-trinca\/#breadcrumb"},"inLanguage":"es","potentialAction":[{"@type":"ReadAction","target":["https:\/\/www.lifenatura.com\/es\/produto\/granola-higos-y-nueces-trinca\/"]}]},{"@type":"ImageObject","inLanguage":"es","@id":"https:\/\/www.lifenatura.com\/es\/produto\/granola-higos-y-nueces-trinca\/#primaryimage","url":"https:\/\/www.lifenatura.com\/wp-content\/uploads\/2021\/09\/granola-figo-noz-trinca.jpg","contentUrl":"https:\/\/www.lifenatura.com\/wp-content\/uploads\/2021\/09\/granola-figo-noz-trinca.jpg","width":1000,"height":1000,"caption":"Granola da Trinca de figo e noz"},{"@type":"BreadcrumbList","@id":"https:\/\/www.lifenatura.com\/es\/produto\/granola-higos-y-nueces-trinca\/#breadcrumb","itemListElement":[{"@type":"ListItem","position":1,"name":"In\u00edcio","item":"https:\/\/www.lifenatura.com\/es\/"},{"@type":"ListItem","position":2,"name":"Todos los Productos","item":"https:\/\/www.lifenatura.com\/es\/tienda\/"},{"@type":"ListItem","position":3,"name":"Granola Higos y Nueces &#8211; Trinca"}]},{"@type":"WebSite","@id":"https:\/\/www.lifenatura.com\/es\/#website","url":"https:\/\/www.lifenatura.com\/es\/","name":"Lifenatura","description":"A Lifenatura \u00e9 uma loja de produtos naturais, cosm\u00e9tica natural e alimenta\u00e7\u00e3o Biol\u00f3gica.","publisher":{"@id":"https:\/\/www.lifenatura.com\/es\/#organization"},"potentialAction":[{"@type":"SearchAction","target":{"@type":"EntryPoint","urlTemplate":"https:\/\/www.lifenatura.com\/es\/?s={search_term_string}"},"query-input":{"@type":"PropertyValueSpecification","valueRequired":true,"valueName":"search_term_string"}}],"inLanguage":"es"},{"@type":"Organization","@id":"https:\/\/www.lifenatura.com\/es\/#organization","name":"Lifenatura","url":"https:\/\/www.lifenatura.com\/es\/","logo":{"@type":"ImageObject","inLanguage":"es","@id":"https:\/\/www.lifenatura.com\/es\/#\/schema\/logo\/image\/","url":"https:\/\/www.lifenatura.com\/wp-content\/uploads\/2021\/07\/logo.png","contentUrl":"https:\/\/www.lifenatura.com\/wp-content\/uploads\/2021\/07\/logo.png","width":175,"height":55,"caption":"Lifenatura"},"image":{"@id":"https:\/\/www.lifenatura.com\/es\/#\/schema\/logo\/image\/"},"sameAs":["https:\/\/www.facebook.com\/lifenatura","https:\/\/www.instagram.com\/lifenaturapt\/"],"hasMerchantReturnPolicy":{"@type":"MerchantReturnPolicy","merchantReturnLink":"https:\/\/www.lifenatura.com\/termos-condicoes-lifenatura\/"}}]},"product_price_amount":"7.38","product_price_currency":"EUR","og_availability":"instock","product_availability":"instock","product_retailer_item_id":"5600746709028","product_condition":"new"},"df_price":7.38,"df_sale_price":7.38,"df_regular_price":8.2,"df_image_link":"https:\/\/www.lifenatura.com\/wp-content\/uploads\/2021\/09\/granola-figo-noz-trinca-300x300.jpg","_links":{"self":[{"href":"https:\/\/www.lifenatura.com\/es\/wp-json\/wp\/v2\/product\/41321","targetHints":{"allow":["GET"]}}],"collection":[{"href":"https:\/\/www.lifenatura.com\/es\/wp-json\/wp\/v2\/product"}],"about":[{"href":"https:\/\/www.lifenatura.com\/es\/wp-json\/wp\/v2\/types\/product"}],"wp:featuredmedia":[{"embeddable":true,"href":"https:\/\/www.lifenatura.com\/es\/wp-json\/wp\/v2\/media\/103704"}],"wp:attachment":[{"href":"https:\/\/www.lifenatura.com\/es\/wp-json\/wp\/v2\/media?parent=41321"}],"wp:term":[{"taxonomy":"product_brand","embeddable":true,"href":"https:\/\/www.lifenatura.com\/es\/wp-json\/wp\/v2\/product_brand?post=41321"},{"taxonomy":"product_cat","embeddable":true,"href":"https:\/\/www.lifenatura.com\/es\/wp-json\/wp\/v2\/product_cat?post=41321"},{"taxonomy":"product_tag","embeddable":true,"href":"https:\/\/www.lifenatura.com\/es\/wp-json\/wp\/v2\/product_tag?post=41321"}],"curies":[{"name":"wp","href":"https:\/\/api.w.org\/{rel}","templated":true}]}}