{"id":41296,"date":"2021-09-30T10:55:32","date_gmt":"2021-09-30T10:55:32","guid":{"rendered":"https:\/\/lifenatura.dev.agenciagetdigital.com\/produto\/curcuma-300-mg-60-capsulas-thompson\/"},"modified":"2026-01-17T14:00:17","modified_gmt":"2026-01-17T14:00:17","slug":"curcuma-300-mg-60-capsulas-thompson","status":"publish","type":"product","link":"https:\/\/www.lifenatura.com\/es\/produto\/curcuma-300-mg-60-capsulas-thompson\/","title":{"rendered":"Curcuma 300 mg 60 c\u00e1psulas &#8211; Thompson"},"content":{"rendered":"<h2 style=\"text-align: left;\"><strong>La c\u00farcuma, un antioxidante natural que es un superalimento<\/strong><\/h2>\n<p>&nbsp;<\/p>\n<p>La c\u00farcuma contiene propiedades antiinflamatorias, antiartr\u00edticas y antimicrobianas. Su acci\u00f3n antial\u00e9rgica, antiinflamatoria y antimicrobiana se recomienda para aliviar las alergias cut\u00e1neas y otros problemas de la piel.<\/p>\n<p>La curcumina, principio activo de la Curcuma longa, tiene una acci\u00f3n anticancer\u00edgena, con potencial para inducir la apoptosis en las c\u00e9lulas malignas.<\/p>\n<p>La c\u00farcuma, azafr\u00e1n de la India o azafr\u00e1n, posee propiedades antiinflamatorias, antiartr\u00edticas y antimicrobianas. Su acci\u00f3n antial\u00e9rgica, antiinflamatoria y antimicrobiana (en particular contra Helicobacter pylori) se recomienda para aliviar las alergias cut\u00e1neas y otros problemas de la piel. Se recomienda en casos de eccema, acn\u00e9 y pros\u00eda.<\/p>\n<p>Tambi\u00e9n favorece la funci\u00f3n hep\u00e1tica y digestiva, as\u00ed como la reducci\u00f3n de los niveles de colesterol. En la colitis ulcerosa, evita las recidivas. En estudios con animales, consigue revertir la hipertrofia card\u00edaca y las cataratas.<\/p>\n<p>Otros estudios con animales indican que puede aumentar la longevidad. La curcumina, principio activo de la Curcuma longa, tiene una acci\u00f3n anticancer\u00edgena, con potencial de inducir la apoptosis en las c\u00e9lulas malignas.<\/p>\n<p>La c\u00farcuma tambi\u00e9n puede inhibir la formaci\u00f3n de nitrosaminas y aflatoxinas y reducir el riesgo de c\u00e1ncer. Tambi\u00e9n puede aliviar los s\u00edntomas del asma bronquial. Previene la formaci\u00f3n de placas de beta-amiloide, lo que contribuye a retrasar la enfermedad de Alzheimer.<\/p>\n<p><strong>PRESENTACI\u00d3N<\/strong><\/p>\n<p>60 c\u00e1psulas.<\/p>\n<p>&nbsp;<\/p>\n","protected":false},"excerpt":{"rendered":"<p>La c\u00farcuma contiene propiedades antiinflamatorias, antiartr\u00edticas y antimicrobianas, se recomienda para el alivio de las alergias cut\u00e1neas. [&#8230;]<\/p>\n<p><a class=\"btn btn-secondary understrap-read-more-link\" href=\"https:\/\/www.lifenatura.com\/es\/produto\/curcuma-300-mg-60-capsulas-thompson\/\">Leer m\u00e1s&#8230;<span class=\"screen-reader-text\"> from Curcuma 300 mg 60 c\u00e1psulas &#8211; Thompson<\/span><\/a><\/p>\n","protected":false},"featured_media":22429,"template":"","meta":{"_acf_changed":false},"product_brand":[8394],"product_cat":[7999,7236,7695,7659,7179,7883],"product_tag":[],"class_list":{"0":"post-41296","1":"product","2":"type-product","3":"status-publish","4":"has-post-thumbnail","6":"product_brand-thompson","7":"product_cat-antiinflamatorio-natural","8":"product_cat-antioxidantes-salud","9":"product_cat-curcuma-bio","10":"product_cat-ingrediente-natural-bio","11":"product_cat-salud","12":"product_cat-suplementos-alimenticios","14":"first","15":"instock","16":"shipping-taxable","17":"purchasable","18":"product-type-simple","19":"add-to-wishlist-before_image"},"acf":[],"yoast_head":"<!-- This site is optimized with the Yoast SEO Premium plugin v27.1 (Yoast SEO v27.6) - https:\/\/yoast.com\/product\/yoast-seo-premium-wordpress\/ -->\n<title>Curcuma 300 mg Thompson - Lifenatura<\/title>\n<meta name=\"description\" content=\"La c\u00farcuma contiene propiedades antiinflamatorias, antiartr\u00edticas y antimicrobianas, se recomienda para el alivio de las alergias cut\u00e1neas.\" \/>\n<meta name=\"robots\" content=\"index, follow, max-snippet:-1, max-image-preview:large, max-video-preview:-1\" \/>\n<link rel=\"canonical\" href=\"https:\/\/www.lifenatura.com\/es\/produto\/curcuma-300-mg-60-capsulas-thompson\/\" \/>\n<meta property=\"og:locale\" content=\"es_ES\" \/>\n<meta property=\"og:type\" content=\"article\" \/>\n<meta property=\"og:title\" content=\"Curcuma 300 mg 60 c\u00e1psulas - Thompson - Na Lifenatura ao Melhor Pre\u00e7o | Envio 48h\" \/>\n<meta property=\"og:description\" content=\"Compre Curcuma 300 mg 60 c\u00e1psulas - Thompson com envio r\u00e1pido. Entrega em 48h e portes gr\u00e1tis em compras &gt;35\u20ac. Aproveite j\u00e1 na Lifenatura\" \/>\n<meta property=\"og:url\" content=\"https:\/\/www.lifenatura.com\/es\/produto\/curcuma-300-mg-60-capsulas-thompson\/\" \/>\n<meta property=\"og:site_name\" content=\"Lifenatura\" \/>\n<meta property=\"article:publisher\" content=\"https:\/\/www.facebook.com\/lifenatura\" \/>\n<meta property=\"article:modified_time\" content=\"2026-01-17T14:00:17+00:00\" \/>\n<meta property=\"og:image\" content=\"https:\/\/www.lifenatura.com\/wp-content\/uploads\/2021\/09\/gd_curcuma-300mg-60-capsulas-thompson.jpg\" \/>\n\t<meta property=\"og:image:width\" content=\"1000\" \/>\n\t<meta property=\"og:image:height\" content=\"1000\" \/>\n\t<meta property=\"og:image:type\" content=\"image\/jpeg\" \/>\n<meta name=\"twitter:card\" content=\"summary_large_image\" \/>\n<meta name=\"twitter:label1\" content=\"Precio\" \/>\n\t<meta name=\"twitter:data1\" content=\"28,50&nbsp;&euro;\" \/>\n\t<meta name=\"twitter:label2\" content=\"Disponibilidad\" \/>\n\t<meta name=\"twitter:data2\" content=\"Disponible\" \/>\n<script type=\"application\/ld+json\" class=\"yoast-schema-graph\">{\"@context\":\"https:\\\/\\\/schema.org\",\"@graph\":[{\"@type\":\"WebPage\",\"@id\":\"https:\\\/\\\/www.lifenatura.com\\\/es\\\/produto\\\/curcuma-300-mg-60-capsulas-thompson\\\/\",\"url\":\"https:\\\/\\\/www.lifenatura.com\\\/es\\\/produto\\\/curcuma-300-mg-60-capsulas-thompson\\\/\",\"name\":\"Curcuma 300 mg Thompson - Lifenatura\",\"isPartOf\":{\"@id\":\"https:\\\/\\\/www.lifenatura.com\\\/es\\\/#website\"},\"primaryImageOfPage\":{\"@id\":\"https:\\\/\\\/www.lifenatura.com\\\/es\\\/produto\\\/curcuma-300-mg-60-capsulas-thompson\\\/#primaryimage\"},\"image\":{\"@id\":\"https:\\\/\\\/www.lifenatura.com\\\/es\\\/produto\\\/curcuma-300-mg-60-capsulas-thompson\\\/#primaryimage\"},\"thumbnailUrl\":\"https:\\\/\\\/www.lifenatura.com\\\/wp-content\\\/uploads\\\/2021\\\/09\\\/gd_curcuma-300mg-60-capsulas-thompson.jpg\",\"datePublished\":\"2021-09-30T10:55:32+00:00\",\"dateModified\":\"2026-01-17T14:00:17+00:00\",\"description\":\"La c\u00farcuma contiene propiedades antiinflamatorias, antiartr\u00edticas y antimicrobianas, se recomienda para el alivio de las alergias cut\u00e1neas.\",\"breadcrumb\":{\"@id\":\"https:\\\/\\\/www.lifenatura.com\\\/es\\\/produto\\\/curcuma-300-mg-60-capsulas-thompson\\\/#breadcrumb\"},\"inLanguage\":\"es\",\"potentialAction\":[{\"@type\":\"ReadAction\",\"target\":[\"https:\\\/\\\/www.lifenatura.com\\\/es\\\/produto\\\/curcuma-300-mg-60-capsulas-thompson\\\/\"]}]},{\"@type\":\"ImageObject\",\"inLanguage\":\"es\",\"@id\":\"https:\\\/\\\/www.lifenatura.com\\\/es\\\/produto\\\/curcuma-300-mg-60-capsulas-thompson\\\/#primaryimage\",\"url\":\"https:\\\/\\\/www.lifenatura.com\\\/wp-content\\\/uploads\\\/2021\\\/09\\\/gd_curcuma-300mg-60-capsulas-thompson.jpg\",\"contentUrl\":\"https:\\\/\\\/www.lifenatura.com\\\/wp-content\\\/uploads\\\/2021\\\/09\\\/gd_curcuma-300mg-60-capsulas-thompson.jpg\",\"width\":1000,\"height\":1000,\"caption\":\"Curcuma 300 mg 60 c\u00e1psulas - Thompson\"},{\"@type\":\"BreadcrumbList\",\"@id\":\"https:\\\/\\\/www.lifenatura.com\\\/es\\\/produto\\\/curcuma-300-mg-60-capsulas-thompson\\\/#breadcrumb\",\"itemListElement\":[{\"@type\":\"ListItem\",\"position\":1,\"name\":\"In\u00edcio\",\"item\":\"https:\\\/\\\/www.lifenatura.com\\\/es\\\/\"},{\"@type\":\"ListItem\",\"position\":2,\"name\":\"Todos los Productos\",\"item\":\"https:\\\/\\\/www.lifenatura.com\\\/es\\\/tienda\\\/\"},{\"@type\":\"ListItem\",\"position\":3,\"name\":\"Curcuma 300 mg 60 c\u00e1psulas &#8211; Thompson\"}]},{\"@type\":\"WebSite\",\"@id\":\"https:\\\/\\\/www.lifenatura.com\\\/es\\\/#website\",\"url\":\"https:\\\/\\\/www.lifenatura.com\\\/es\\\/\",\"name\":\"Lifenatura\",\"description\":\"A Lifenatura \u00e9 uma loja de produtos naturais, cosm\u00e9tica natural e alimenta\u00e7\u00e3o Biol\u00f3gica.\",\"publisher\":{\"@id\":\"https:\\\/\\\/www.lifenatura.com\\\/es\\\/#organization\"},\"potentialAction\":[{\"@type\":\"SearchAction\",\"target\":{\"@type\":\"EntryPoint\",\"urlTemplate\":\"https:\\\/\\\/www.lifenatura.com\\\/es\\\/?s={search_term_string}\"},\"query-input\":{\"@type\":\"PropertyValueSpecification\",\"valueRequired\":true,\"valueName\":\"search_term_string\"}}],\"inLanguage\":\"es\"},{\"@type\":\"Organization\",\"@id\":\"https:\\\/\\\/www.lifenatura.com\\\/es\\\/#organization\",\"name\":\"Lifenatura\",\"url\":\"https:\\\/\\\/www.lifenatura.com\\\/es\\\/\",\"logo\":{\"@type\":\"ImageObject\",\"inLanguage\":\"es\",\"@id\":\"https:\\\/\\\/www.lifenatura.com\\\/es\\\/#\\\/schema\\\/logo\\\/image\\\/\",\"url\":\"https:\\\/\\\/www.lifenatura.com\\\/wp-content\\\/uploads\\\/2021\\\/07\\\/logo.png\",\"contentUrl\":\"https:\\\/\\\/www.lifenatura.com\\\/wp-content\\\/uploads\\\/2021\\\/07\\\/logo.png\",\"width\":175,\"height\":55,\"caption\":\"Lifenatura\"},\"image\":{\"@id\":\"https:\\\/\\\/www.lifenatura.com\\\/es\\\/#\\\/schema\\\/logo\\\/image\\\/\"},\"sameAs\":[\"https:\\\/\\\/www.facebook.com\\\/lifenatura\",\"https:\\\/\\\/www.instagram.com\\\/lifenaturapt\\\/\"],\"hasMerchantReturnPolicy\":{\"@type\":\"MerchantReturnPolicy\",\"merchantReturnLink\":\"https:\\\/\\\/www.lifenatura.com\\\/termos-condicoes-lifenatura\\\/\"}}]}<\/script>\n<meta property=\"product:price:amount\" content=\"28.50\" \/>\n<meta property=\"product:price:currency\" content=\"EUR\" \/>\n<meta property=\"og:availability\" content=\"instock\" \/>\n<meta property=\"product:availability\" content=\"instock\" \/>\n<meta property=\"product:retailer_item_id\" content=\"0031315196669\" \/>\n<meta property=\"product:condition\" content=\"new\" \/>\n<!-- \/ Yoast SEO Premium plugin. -->","yoast_head_json":{"title":"Curcuma 300 mg Thompson - Lifenatura","description":"La c\u00farcuma contiene propiedades antiinflamatorias, antiartr\u00edticas y antimicrobianas, se recomienda para el alivio de las alergias cut\u00e1neas.","robots":{"index":"index","follow":"follow","max-snippet":"max-snippet:-1","max-image-preview":"max-image-preview:large","max-video-preview":"max-video-preview:-1"},"canonical":"https:\/\/www.lifenatura.com\/es\/produto\/curcuma-300-mg-60-capsulas-thompson\/","og_locale":"es_ES","og_type":"article","og_title":"Curcuma 300 mg 60 c\u00e1psulas - Thompson - Na Lifenatura ao Melhor Pre\u00e7o | Envio 48h","og_description":"Compre Curcuma 300 mg 60 c\u00e1psulas - Thompson com envio r\u00e1pido. Entrega em 48h e portes gr\u00e1tis em compras >35\u20ac. Aproveite j\u00e1 na Lifenatura","og_url":"https:\/\/www.lifenatura.com\/es\/produto\/curcuma-300-mg-60-capsulas-thompson\/","og_site_name":"Lifenatura","article_publisher":"https:\/\/www.facebook.com\/lifenatura","article_modified_time":"2026-01-17T14:00:17+00:00","og_image":[{"width":1000,"height":1000,"url":"https:\/\/www.lifenatura.com\/wp-content\/uploads\/2021\/09\/gd_curcuma-300mg-60-capsulas-thompson.jpg","type":"image\/jpeg"}],"twitter_card":"summary_large_image","twitter_misc":{"Precio":"28,50&nbsp;&euro;","Disponibilidad":"Disponible"},"schema":{"@context":"https:\/\/schema.org","@graph":[{"@type":"WebPage","@id":"https:\/\/www.lifenatura.com\/es\/produto\/curcuma-300-mg-60-capsulas-thompson\/","url":"https:\/\/www.lifenatura.com\/es\/produto\/curcuma-300-mg-60-capsulas-thompson\/","name":"Curcuma 300 mg Thompson - Lifenatura","isPartOf":{"@id":"https:\/\/www.lifenatura.com\/es\/#website"},"primaryImageOfPage":{"@id":"https:\/\/www.lifenatura.com\/es\/produto\/curcuma-300-mg-60-capsulas-thompson\/#primaryimage"},"image":{"@id":"https:\/\/www.lifenatura.com\/es\/produto\/curcuma-300-mg-60-capsulas-thompson\/#primaryimage"},"thumbnailUrl":"https:\/\/www.lifenatura.com\/wp-content\/uploads\/2021\/09\/gd_curcuma-300mg-60-capsulas-thompson.jpg","datePublished":"2021-09-30T10:55:32+00:00","dateModified":"2026-01-17T14:00:17+00:00","description":"La c\u00farcuma contiene propiedades antiinflamatorias, antiartr\u00edticas y antimicrobianas, se recomienda para el alivio de las alergias cut\u00e1neas.","breadcrumb":{"@id":"https:\/\/www.lifenatura.com\/es\/produto\/curcuma-300-mg-60-capsulas-thompson\/#breadcrumb"},"inLanguage":"es","potentialAction":[{"@type":"ReadAction","target":["https:\/\/www.lifenatura.com\/es\/produto\/curcuma-300-mg-60-capsulas-thompson\/"]}]},{"@type":"ImageObject","inLanguage":"es","@id":"https:\/\/www.lifenatura.com\/es\/produto\/curcuma-300-mg-60-capsulas-thompson\/#primaryimage","url":"https:\/\/www.lifenatura.com\/wp-content\/uploads\/2021\/09\/gd_curcuma-300mg-60-capsulas-thompson.jpg","contentUrl":"https:\/\/www.lifenatura.com\/wp-content\/uploads\/2021\/09\/gd_curcuma-300mg-60-capsulas-thompson.jpg","width":1000,"height":1000,"caption":"Curcuma 300 mg 60 c\u00e1psulas - Thompson"},{"@type":"BreadcrumbList","@id":"https:\/\/www.lifenatura.com\/es\/produto\/curcuma-300-mg-60-capsulas-thompson\/#breadcrumb","itemListElement":[{"@type":"ListItem","position":1,"name":"In\u00edcio","item":"https:\/\/www.lifenatura.com\/es\/"},{"@type":"ListItem","position":2,"name":"Todos los Productos","item":"https:\/\/www.lifenatura.com\/es\/tienda\/"},{"@type":"ListItem","position":3,"name":"Curcuma 300 mg 60 c\u00e1psulas &#8211; Thompson"}]},{"@type":"WebSite","@id":"https:\/\/www.lifenatura.com\/es\/#website","url":"https:\/\/www.lifenatura.com\/es\/","name":"Lifenatura","description":"A Lifenatura \u00e9 uma loja de produtos naturais, cosm\u00e9tica natural e alimenta\u00e7\u00e3o Biol\u00f3gica.","publisher":{"@id":"https:\/\/www.lifenatura.com\/es\/#organization"},"potentialAction":[{"@type":"SearchAction","target":{"@type":"EntryPoint","urlTemplate":"https:\/\/www.lifenatura.com\/es\/?s={search_term_string}"},"query-input":{"@type":"PropertyValueSpecification","valueRequired":true,"valueName":"search_term_string"}}],"inLanguage":"es"},{"@type":"Organization","@id":"https:\/\/www.lifenatura.com\/es\/#organization","name":"Lifenatura","url":"https:\/\/www.lifenatura.com\/es\/","logo":{"@type":"ImageObject","inLanguage":"es","@id":"https:\/\/www.lifenatura.com\/es\/#\/schema\/logo\/image\/","url":"https:\/\/www.lifenatura.com\/wp-content\/uploads\/2021\/07\/logo.png","contentUrl":"https:\/\/www.lifenatura.com\/wp-content\/uploads\/2021\/07\/logo.png","width":175,"height":55,"caption":"Lifenatura"},"image":{"@id":"https:\/\/www.lifenatura.com\/es\/#\/schema\/logo\/image\/"},"sameAs":["https:\/\/www.facebook.com\/lifenatura","https:\/\/www.instagram.com\/lifenaturapt\/"],"hasMerchantReturnPolicy":{"@type":"MerchantReturnPolicy","merchantReturnLink":"https:\/\/www.lifenatura.com\/termos-condicoes-lifenatura\/"}}]},"product_price_amount":"28.50","product_price_currency":"EUR","og_availability":"instock","product_availability":"instock","product_retailer_item_id":"0031315196669","product_condition":"new"},"df_price":28.5,"df_sale_price":"","df_regular_price":28.5,"df_image_link":"https:\/\/www.lifenatura.com\/wp-content\/uploads\/2021\/09\/gd_curcuma-300mg-60-capsulas-thompson-300x300.jpg","_links":{"self":[{"href":"https:\/\/www.lifenatura.com\/es\/wp-json\/wp\/v2\/product\/41296","targetHints":{"allow":["GET"]}}],"collection":[{"href":"https:\/\/www.lifenatura.com\/es\/wp-json\/wp\/v2\/product"}],"about":[{"href":"https:\/\/www.lifenatura.com\/es\/wp-json\/wp\/v2\/types\/product"}],"wp:featuredmedia":[{"embeddable":true,"href":"https:\/\/www.lifenatura.com\/es\/wp-json\/wp\/v2\/media\/22429"}],"wp:attachment":[{"href":"https:\/\/www.lifenatura.com\/es\/wp-json\/wp\/v2\/media?parent=41296"}],"wp:term":[{"taxonomy":"product_brand","embeddable":true,"href":"https:\/\/www.lifenatura.com\/es\/wp-json\/wp\/v2\/product_brand?post=41296"},{"taxonomy":"product_cat","embeddable":true,"href":"https:\/\/www.lifenatura.com\/es\/wp-json\/wp\/v2\/product_cat?post=41296"},{"taxonomy":"product_tag","embeddable":true,"href":"https:\/\/www.lifenatura.com\/es\/wp-json\/wp\/v2\/product_tag?post=41296"}],"curies":[{"name":"wp","href":"https:\/\/api.w.org\/{rel}","templated":true}]}}