{"id":41276,"date":"2021-09-30T10:55:11","date_gmt":"2021-09-30T10:55:11","guid":{"rendered":"https:\/\/lifenatura.dev.agenciagetdigital.com\/produto\/maca-525-mg-60-capsulas-thompson\/"},"modified":"2026-01-19T06:24:19","modified_gmt":"2026-01-19T06:24:19","slug":"maca-525-mg-60-capsulas-thompson","status":"publish","type":"product","link":"https:\/\/www.lifenatura.com\/es\/produto\/maca-525-mg-60-capsulas-thompson\/","title":{"rendered":"Maca 525 mg 60 c\u00e1psulas &#8211; Thompson"},"content":{"rendered":"<h2 style=\"text-align: left;\"><strong>Maca, un superalimento energ\u00e9tico rico en vitaminas y minerales<\/strong><\/h2>\n<p>&nbsp;<\/p>\n<p>La maca es un complemento alimenticio fortificante que aumenta la energ\u00eda en situaciones de astenia f\u00edsica, mental y sexual, combatiendo la fatiga cr\u00f3nica. Tambi\u00e9n est\u00e1 indicada como afrodis\u00edaco para hombres.<\/p>\n<p>La maca es una ra\u00edz que crece en las monta\u00f1as del Per\u00fa, por lo que tambi\u00e9n se la denomina \u00abginseng peruano\u00bb. Es rica en vitaminas del grupo B, vitaminas C y E, calcio, zinc, hierro, magnesio, f\u00f3sforo y amino\u00e1cidos, por lo que es un excelente nutriente y una fuente saludable de 18 amino\u00e1cidos, m\u00faltiples vitaminas y minerales esenciales.<\/p>\n<p>La maca es un suplemento alimenticio fortificante que aumenta la energ\u00eda en situaciones de astenia f\u00edsica, mental y sexual, combatiendo la fatiga cr\u00f3nica. Equilibra el sistema hormonal femenino, regularizando la menstruaci\u00f3n y evitando los dolores menstruales, atenuando los s\u00edntomas asociados a la menopausia, como los sofocos y los cambios de humor.<\/p>\n<p>Contribuye a la resoluci\u00f3n de problemas circulatorios. Mejora la funci\u00f3n secretora digestiva, favoreciendo el metabolismo. Tradicionalmente considerada como una planta afrodis\u00edaca, la maca se ha utilizado mucho para promover la funci\u00f3n sexual masculina y femenina, equilibrando las hormonas, mejorando la libido y aumentando la fertilidad.<\/p>\n<p>Promueve la salud general, previniendo la anemia y las enfermedades cardiovasculares. Contribuye a la salud de los huesos y los dientes, acelera la cicatrizaci\u00f3n de las heridas y aumenta la masa muscular.<\/p>\n<p><strong>PRESENTACI\u00d3N<\/strong><\/p>\n<p>60 c\u00e1psulas.<\/p>\n<p>&nbsp;<\/p>\n","protected":false},"excerpt":{"rendered":"<p>La maca es un suplemento diet\u00e9tico fortificante para aumentar la energ\u00eda en situaciones de astenia f\u00edsica, mental y sexual, combatiendo la fatiga cr\u00f3nica. [&#8230;]<\/p>\n<p><a class=\"btn btn-secondary understrap-read-more-link\" href=\"https:\/\/www.lifenatura.com\/es\/produto\/maca-525-mg-60-capsulas-thompson\/\">Leer m\u00e1s&#8230;<span class=\"screen-reader-text\"> from Maca 525 mg 60 c\u00e1psulas &#8211; Thompson<\/span><\/a><\/p>\n","protected":false},"featured_media":22409,"template":"","meta":{"_acf_changed":false},"product_brand":[8394],"product_cat":[7659,7737,7179,7245],"product_tag":[],"class_list":{"0":"post-41276","1":"product","2":"type-product","3":"status-publish","4":"has-post-thumbnail","6":"product_brand-thompson","7":"product_cat-ingrediente-natural-bio","8":"product_cat-maca-es","9":"product_cat-salud","10":"product_cat-salud-sexual","12":"first","13":"instock","14":"shipping-taxable","15":"purchasable","16":"product-type-simple","17":"add-to-wishlist-before_image"},"acf":[],"yoast_head":"<!-- This site is optimized with the Yoast SEO Premium plugin v27.1 (Yoast SEO v27.4) - https:\/\/yoast.com\/product\/yoast-seo-premium-wordpress\/ -->\n<title>Maca 525 mg Thompson - Lifenatura<\/title>\n<meta name=\"description\" content=\"La maca es un suplemento diet\u00e9tico fortificante para aumentar la energ\u00eda en situaciones de astenia f\u00edsica, mental y sexual, combatiendo la fatiga cr\u00f3nica.\" \/>\n<meta name=\"robots\" content=\"index, follow, max-snippet:-1, max-image-preview:large, max-video-preview:-1\" \/>\n<link rel=\"canonical\" href=\"https:\/\/www.lifenatura.com\/es\/produto\/maca-525-mg-60-capsulas-thompson\/\" \/>\n<meta property=\"og:locale\" content=\"es_ES\" \/>\n<meta property=\"og:type\" content=\"article\" \/>\n<meta property=\"og:title\" content=\"Maca 525 mg 60 c\u00e1psulas - Thompson - Lifenatura\" \/>\n<meta property=\"og:description\" content=\"Compre aqui o seu Maca 525 mg 60 c\u00e1psulas - Thompson e a Lifenatura Online envia em 48 H com Portes Gratis &gt;35\u20ac de Pedido.\" \/>\n<meta property=\"og:url\" content=\"https:\/\/www.lifenatura.com\/es\/produto\/maca-525-mg-60-capsulas-thompson\/\" \/>\n<meta property=\"og:site_name\" content=\"Lifenatura\" \/>\n<meta property=\"article:publisher\" content=\"https:\/\/www.facebook.com\/lifenatura\" \/>\n<meta property=\"article:modified_time\" content=\"2026-01-19T06:24:19+00:00\" \/>\n<meta property=\"og:image\" content=\"https:\/\/www.lifenatura.com\/wp-content\/uploads\/2021\/09\/gd_maca-525mg-60-capsulas-thompson.jpg\" \/>\n\t<meta property=\"og:image:width\" content=\"1000\" \/>\n\t<meta property=\"og:image:height\" content=\"1000\" \/>\n\t<meta property=\"og:image:type\" content=\"image\/jpeg\" \/>\n<meta name=\"twitter:card\" content=\"summary_large_image\" \/>\n<meta name=\"twitter:label1\" content=\"Precio\" \/>\n\t<meta name=\"twitter:data1\" content=\"11,30&nbsp;&euro;\" \/>\n\t<meta name=\"twitter:label2\" content=\"Disponibilidad\" \/>\n\t<meta name=\"twitter:data2\" content=\"Disponible\" \/>\n<meta property=\"product:price:amount\" content=\"11.30\" \/>\n<meta property=\"product:price:currency\" content=\"EUR\" \/>\n<meta property=\"og:availability\" content=\"instock\" \/>\n<meta property=\"product:availability\" content=\"instock\" \/>\n<meta property=\"product:retailer_item_id\" content=\"0031315191121\" \/>\n<meta property=\"product:condition\" content=\"new\" \/>\n<!-- \/ Yoast SEO Premium plugin. -->","yoast_head_json":{"title":"Maca 525 mg Thompson - Lifenatura","description":"La maca es un suplemento diet\u00e9tico fortificante para aumentar la energ\u00eda en situaciones de astenia f\u00edsica, mental y sexual, combatiendo la fatiga cr\u00f3nica.","robots":{"index":"index","follow":"follow","max-snippet":"max-snippet:-1","max-image-preview":"max-image-preview:large","max-video-preview":"max-video-preview:-1"},"canonical":"https:\/\/www.lifenatura.com\/es\/produto\/maca-525-mg-60-capsulas-thompson\/","og_locale":"es_ES","og_type":"article","og_title":"Maca 525 mg 60 c\u00e1psulas - Thompson - Lifenatura","og_description":"Compre aqui o seu Maca 525 mg 60 c\u00e1psulas - Thompson e a Lifenatura Online envia em 48 H com Portes Gratis >35\u20ac de Pedido.","og_url":"https:\/\/www.lifenatura.com\/es\/produto\/maca-525-mg-60-capsulas-thompson\/","og_site_name":"Lifenatura","article_publisher":"https:\/\/www.facebook.com\/lifenatura","article_modified_time":"2026-01-19T06:24:19+00:00","og_image":[{"width":1000,"height":1000,"url":"https:\/\/www.lifenatura.com\/wp-content\/uploads\/2021\/09\/gd_maca-525mg-60-capsulas-thompson.jpg","type":"image\/jpeg"}],"twitter_card":"summary_large_image","twitter_misc":{"Precio":"11,30&nbsp;&euro;","Disponibilidad":"Disponible"},"schema":{"@context":"https:\/\/schema.org","@graph":[{"@type":"WebPage","@id":"https:\/\/www.lifenatura.com\/es\/produto\/maca-525-mg-60-capsulas-thompson\/","url":"https:\/\/www.lifenatura.com\/es\/produto\/maca-525-mg-60-capsulas-thompson\/","name":"Maca 525 mg Thompson - Lifenatura","isPartOf":{"@id":"https:\/\/www.lifenatura.com\/es\/#website"},"primaryImageOfPage":{"@id":"https:\/\/www.lifenatura.com\/es\/produto\/maca-525-mg-60-capsulas-thompson\/#primaryimage"},"image":{"@id":"https:\/\/www.lifenatura.com\/es\/produto\/maca-525-mg-60-capsulas-thompson\/#primaryimage"},"thumbnailUrl":"https:\/\/www.lifenatura.com\/wp-content\/uploads\/2021\/09\/gd_maca-525mg-60-capsulas-thompson.jpg","datePublished":"2021-09-30T10:55:11+00:00","dateModified":"2026-01-19T06:24:19+00:00","description":"La maca es un suplemento diet\u00e9tico fortificante para aumentar la energ\u00eda en situaciones de astenia f\u00edsica, mental y sexual, combatiendo la fatiga cr\u00f3nica.","breadcrumb":{"@id":"https:\/\/www.lifenatura.com\/es\/produto\/maca-525-mg-60-capsulas-thompson\/#breadcrumb"},"inLanguage":"es","potentialAction":[{"@type":"ReadAction","target":["https:\/\/www.lifenatura.com\/es\/produto\/maca-525-mg-60-capsulas-thompson\/"]}]},{"@type":"ImageObject","inLanguage":"es","@id":"https:\/\/www.lifenatura.com\/es\/produto\/maca-525-mg-60-capsulas-thompson\/#primaryimage","url":"https:\/\/www.lifenatura.com\/wp-content\/uploads\/2021\/09\/gd_maca-525mg-60-capsulas-thompson.jpg","contentUrl":"https:\/\/www.lifenatura.com\/wp-content\/uploads\/2021\/09\/gd_maca-525mg-60-capsulas-thompson.jpg","width":1000,"height":1000,"caption":"Maca 525 mg 60 c\u00e1psulas - Thompson"},{"@type":"BreadcrumbList","@id":"https:\/\/www.lifenatura.com\/es\/produto\/maca-525-mg-60-capsulas-thompson\/#breadcrumb","itemListElement":[{"@type":"ListItem","position":1,"name":"In\u00edcio","item":"https:\/\/www.lifenatura.com\/es\/"},{"@type":"ListItem","position":2,"name":"Todos los Productos","item":"https:\/\/www.lifenatura.com\/es\/tienda\/"},{"@type":"ListItem","position":3,"name":"Maca 525 mg 60 c\u00e1psulas &#8211; Thompson"}]},{"@type":"WebSite","@id":"https:\/\/www.lifenatura.com\/es\/#website","url":"https:\/\/www.lifenatura.com\/es\/","name":"Lifenatura","description":"A Lifenatura \u00e9 uma loja de produtos naturais, cosm\u00e9tica natural e alimenta\u00e7\u00e3o Biol\u00f3gica.","publisher":{"@id":"https:\/\/www.lifenatura.com\/es\/#organization"},"potentialAction":[{"@type":"SearchAction","target":{"@type":"EntryPoint","urlTemplate":"https:\/\/www.lifenatura.com\/es\/?s={search_term_string}"},"query-input":{"@type":"PropertyValueSpecification","valueRequired":true,"valueName":"search_term_string"}}],"inLanguage":"es"},{"@type":"Organization","@id":"https:\/\/www.lifenatura.com\/es\/#organization","name":"Lifenatura","url":"https:\/\/www.lifenatura.com\/es\/","logo":{"@type":"ImageObject","inLanguage":"es","@id":"https:\/\/www.lifenatura.com\/es\/#\/schema\/logo\/image\/","url":"https:\/\/www.lifenatura.com\/wp-content\/uploads\/2021\/11\/logo.png","contentUrl":"https:\/\/www.lifenatura.com\/wp-content\/uploads\/2021\/11\/logo.png","width":175,"height":55,"caption":"Lifenatura"},"image":{"@id":"https:\/\/www.lifenatura.com\/es\/#\/schema\/logo\/image\/"},"sameAs":["https:\/\/www.facebook.com\/lifenatura","https:\/\/www.instagram.com\/lifenaturapt\/"]}]},"product_price_amount":"11.30","product_price_currency":"EUR","og_availability":"instock","product_availability":"instock","product_retailer_item_id":"0031315191121","product_condition":"new"},"df_price":11.3,"df_sale_price":"","df_regular_price":11.3,"df_image_link":"https:\/\/www.lifenatura.com\/wp-content\/uploads\/2021\/09\/gd_maca-525mg-60-capsulas-thompson-300x300.jpg","_links":{"self":[{"href":"https:\/\/www.lifenatura.com\/es\/wp-json\/wp\/v2\/product\/41276","targetHints":{"allow":["GET"]}}],"collection":[{"href":"https:\/\/www.lifenatura.com\/es\/wp-json\/wp\/v2\/product"}],"about":[{"href":"https:\/\/www.lifenatura.com\/es\/wp-json\/wp\/v2\/types\/product"}],"wp:featuredmedia":[{"embeddable":true,"href":"https:\/\/www.lifenatura.com\/es\/wp-json\/wp\/v2\/media\/22409"}],"wp:attachment":[{"href":"https:\/\/www.lifenatura.com\/es\/wp-json\/wp\/v2\/media?parent=41276"}],"wp:term":[{"taxonomy":"product_brand","embeddable":true,"href":"https:\/\/www.lifenatura.com\/es\/wp-json\/wp\/v2\/product_brand?post=41276"},{"taxonomy":"product_cat","embeddable":true,"href":"https:\/\/www.lifenatura.com\/es\/wp-json\/wp\/v2\/product_cat?post=41276"},{"taxonomy":"product_tag","embeddable":true,"href":"https:\/\/www.lifenatura.com\/es\/wp-json\/wp\/v2\/product_tag?post=41276"}],"curies":[{"name":"wp","href":"https:\/\/api.w.org\/{rel}","templated":true}]}}