{"id":41268,"date":"2021-09-30T10:55:11","date_gmt":"2021-09-30T10:55:11","guid":{"rendered":"https:\/\/lifenatura.dev.agenciagetdigital.com\/produto\/jalea-real-2000-mg-60-capsulas-thompson\/"},"modified":"2026-01-17T14:13:27","modified_gmt":"2026-01-17T14:13:27","slug":"jalea-real-2000-mg-60-capsulas-thompson","status":"publish","type":"product","link":"https:\/\/www.lifenatura.com\/es\/produto\/jalea-real-2000-mg-60-capsulas-thompson\/","title":{"rendered":"Jalea Real 2000 mg 60 c\u00e1psulas &#8211; Thompson"},"content":{"rendered":"<h2 style=\"text-align: left;\"><strong>La jalea real est\u00e1 indicada para reforzar el sistema inmunitario<\/strong><\/h2>\n<p>&nbsp;<\/p>\n<p>La jalea real es un suplemento a base de prote\u00ednas, reconocido como fuente natural de numerosas vitaminas y minerales. Es rica en diversos componentes activos, como amino\u00e1cidos y prote\u00ednas, minerales y esteroides, siendo el \u00e1cido 10-hidroxi-2-decenoico el componente m\u00e1s importante de la fracci\u00f3n lip\u00eddica de la jalea real.<\/p>\n<p>Un potente \u00e1cido graso esencial, presente \u00fanicamente en la jalea real, y responsable de sus innumerables beneficios para la salud, confirmados por d\u00e9cadas de investigaci\u00f3n.<\/p>\n<p>La jalea real, una sustancia natural secretada por las gl\u00e1ndulas de las abejas, es rica en diversos componentes activos, como amino\u00e1cidos y prote\u00ednas, minerales y esteroides, siendo el \u00e1cido 10-hidroxi-2-decenoico el componente m\u00e1s importante de la fracci\u00f3n lip\u00eddica de la jalea real.<\/p>\n<p>Refuerza directamente el sistema inmunitario. Las investigaciones han demostrado que el 10-HDA y la lactina real (ambos presentes en la jalea real fresca) destruyen bacterias como el Streptococcus y el Staphylococcus, que pueden provocar enfermedades como infecciones de garganta, problemas de piel, de las v\u00edas respiratorias, como la bronquitis, entre muchas otras enfermedades.<\/p>\n<p>Adem\u00e1s de antiinfecciosa, act\u00faa como antian\u00e9mica. Recomendada en casos de tendencia a las infecciones, cansancio, anorexia, en per\u00edodos de intensa actividad intelectual y de convalecencia, mejorando el rendimiento f\u00edsico e intelectual y ayudando a superar situaciones de estr\u00e9s.<\/p>\n<p>Muy beneficioso para j\u00f3venes con una vida activa, personas mayores y deportistas.<\/p>\n<p><strong>PRESENTACI\u00d3N<\/strong><\/p>\n<p>60 c\u00e1psulas.<\/p>\n<p>&nbsp;<\/p>\n","protected":false},"excerpt":{"rendered":"<p>La jalea real es un suplemento a base de prote\u00ednas reconocido como una fuente natural de muchas vitaminas y minerales para el sistema inmunol\u00f3gico. [&#8230;]<\/p>\n<p><a class=\"btn btn-secondary understrap-read-more-link\" href=\"https:\/\/www.lifenatura.com\/es\/produto\/jalea-real-2000-mg-60-capsulas-thompson\/\">Leer m\u00e1s&#8230;<span class=\"screen-reader-text\"> from Jalea Real 2000 mg 60 c\u00e1psulas &#8211; Thompson<\/span><\/a><\/p>\n","protected":false},"featured_media":124497,"template":"","meta":{"_acf_changed":false},"product_brand":[8394],"product_cat":[7659,7164,7211,7179],"product_tag":[],"class_list":{"0":"post-41268","1":"product","2":"type-product","3":"status-publish","4":"has-post-thumbnail","6":"product_brand-thompson","7":"product_cat-ingrediente-natural-bio","8":"product_cat-jalea-real","9":"product_cat-reforza-la-inmunidad-salud","10":"product_cat-salud","12":"first","13":"instock","14":"shipping-taxable","15":"purchasable","16":"product-type-simple","17":"add-to-wishlist-before_image"},"acf":[],"yoast_head":"<!-- This site is optimized with the Yoast SEO Premium plugin v27.1 (Yoast SEO v27.6) - https:\/\/yoast.com\/product\/yoast-seo-premium-wordpress\/ -->\n<title>Jalea Real 2000 mg Thompson - Lifenatura<\/title>\n<meta name=\"description\" content=\"La jalea real es un suplemento a base de prote\u00ednas reconocido como una fuente natural de muchas vitaminas y minerales para el sistema inmunol\u00f3gico.\" \/>\n<meta name=\"robots\" content=\"index, follow, max-snippet:-1, max-image-preview:large, max-video-preview:-1\" \/>\n<link rel=\"canonical\" href=\"https:\/\/www.lifenatura.com\/es\/produto\/jalea-real-2000-mg-60-capsulas-thompson\/\" \/>\n<meta property=\"og:locale\" content=\"es_ES\" \/>\n<meta property=\"og:type\" content=\"article\" \/>\n<meta property=\"og:title\" content=\"Jalea Real 2000 mg 60 c\u00e1psulas - Thompson - Na Lifenatura ao Melhor Pre\u00e7o | Envio 48h\" \/>\n<meta property=\"og:description\" content=\"Compre Jalea Real 2000 mg 60 c\u00e1psulas - Thompson com envio r\u00e1pido. Entrega em 48h e portes gr\u00e1tis em compras &gt;35\u20ac. Aproveite j\u00e1 na Lifenatura\" \/>\n<meta property=\"og:url\" content=\"https:\/\/www.lifenatura.com\/es\/produto\/jalea-real-2000-mg-60-capsulas-thompson\/\" \/>\n<meta property=\"og:site_name\" content=\"Lifenatura\" \/>\n<meta property=\"article:publisher\" content=\"https:\/\/www.facebook.com\/lifenatura\" \/>\n<meta property=\"article:modified_time\" content=\"2026-01-17T14:13:27+00:00\" \/>\n<meta property=\"og:image\" content=\"https:\/\/www.lifenatura.com\/wp-content\/uploads\/2021\/09\/geleia-real-2000mg-thompson.jpg\" \/>\n\t<meta property=\"og:image:width\" content=\"1000\" \/>\n\t<meta property=\"og:image:height\" content=\"1000\" \/>\n\t<meta property=\"og:image:type\" content=\"image\/jpeg\" \/>\n<meta name=\"twitter:card\" content=\"summary_large_image\" \/>\n<meta name=\"twitter:label1\" content=\"Precio\" \/>\n\t<meta name=\"twitter:data1\" content=\"49,90&nbsp;&euro;\" \/>\n\t<meta name=\"twitter:label2\" content=\"Disponibilidad\" \/>\n\t<meta name=\"twitter:data2\" content=\"Disponible\" \/>\n<script type=\"application\/ld+json\" class=\"yoast-schema-graph\">{\"@context\":\"https:\\\/\\\/schema.org\",\"@graph\":[{\"@type\":\"WebPage\",\"@id\":\"https:\\\/\\\/www.lifenatura.com\\\/es\\\/produto\\\/jalea-real-2000-mg-60-capsulas-thompson\\\/\",\"url\":\"https:\\\/\\\/www.lifenatura.com\\\/es\\\/produto\\\/jalea-real-2000-mg-60-capsulas-thompson\\\/\",\"name\":\"Jalea Real 2000 mg Thompson - Lifenatura\",\"isPartOf\":{\"@id\":\"https:\\\/\\\/www.lifenatura.com\\\/es\\\/#website\"},\"primaryImageOfPage\":{\"@id\":\"https:\\\/\\\/www.lifenatura.com\\\/es\\\/produto\\\/jalea-real-2000-mg-60-capsulas-thompson\\\/#primaryimage\"},\"image\":{\"@id\":\"https:\\\/\\\/www.lifenatura.com\\\/es\\\/produto\\\/jalea-real-2000-mg-60-capsulas-thompson\\\/#primaryimage\"},\"thumbnailUrl\":\"https:\\\/\\\/www.lifenatura.com\\\/wp-content\\\/uploads\\\/2021\\\/09\\\/geleia-real-2000mg-thompson.jpg\",\"datePublished\":\"2021-09-30T10:55:11+00:00\",\"dateModified\":\"2026-01-17T14:13:27+00:00\",\"description\":\"La jalea real es un suplemento a base de prote\u00ednas reconocido como una fuente natural de muchas vitaminas y minerales para el sistema inmunol\u00f3gico.\",\"breadcrumb\":{\"@id\":\"https:\\\/\\\/www.lifenatura.com\\\/es\\\/produto\\\/jalea-real-2000-mg-60-capsulas-thompson\\\/#breadcrumb\"},\"inLanguage\":\"es\",\"potentialAction\":[{\"@type\":\"ReadAction\",\"target\":[\"https:\\\/\\\/www.lifenatura.com\\\/es\\\/produto\\\/jalea-real-2000-mg-60-capsulas-thompson\\\/\"]}]},{\"@type\":\"ImageObject\",\"inLanguage\":\"es\",\"@id\":\"https:\\\/\\\/www.lifenatura.com\\\/es\\\/produto\\\/jalea-real-2000-mg-60-capsulas-thompson\\\/#primaryimage\",\"url\":\"https:\\\/\\\/www.lifenatura.com\\\/wp-content\\\/uploads\\\/2021\\\/09\\\/geleia-real-2000mg-thompson.jpg\",\"contentUrl\":\"https:\\\/\\\/www.lifenatura.com\\\/wp-content\\\/uploads\\\/2021\\\/09\\\/geleia-real-2000mg-thompson.jpg\",\"width\":1000,\"height\":1000,\"caption\":\"Geleia Real da marca Thompson\"},{\"@type\":\"BreadcrumbList\",\"@id\":\"https:\\\/\\\/www.lifenatura.com\\\/es\\\/produto\\\/jalea-real-2000-mg-60-capsulas-thompson\\\/#breadcrumb\",\"itemListElement\":[{\"@type\":\"ListItem\",\"position\":1,\"name\":\"In\u00edcio\",\"item\":\"https:\\\/\\\/www.lifenatura.com\\\/es\\\/\"},{\"@type\":\"ListItem\",\"position\":2,\"name\":\"Todos los Productos\",\"item\":\"https:\\\/\\\/www.lifenatura.com\\\/es\\\/tienda\\\/\"},{\"@type\":\"ListItem\",\"position\":3,\"name\":\"Jalea Real 2000 mg 60 c\u00e1psulas &#8211; Thompson\"}]},{\"@type\":\"WebSite\",\"@id\":\"https:\\\/\\\/www.lifenatura.com\\\/es\\\/#website\",\"url\":\"https:\\\/\\\/www.lifenatura.com\\\/es\\\/\",\"name\":\"Lifenatura\",\"description\":\"A Lifenatura \u00e9 uma loja de produtos naturais, cosm\u00e9tica natural e alimenta\u00e7\u00e3o Biol\u00f3gica.\",\"publisher\":{\"@id\":\"https:\\\/\\\/www.lifenatura.com\\\/es\\\/#organization\"},\"potentialAction\":[{\"@type\":\"SearchAction\",\"target\":{\"@type\":\"EntryPoint\",\"urlTemplate\":\"https:\\\/\\\/www.lifenatura.com\\\/es\\\/?s={search_term_string}\"},\"query-input\":{\"@type\":\"PropertyValueSpecification\",\"valueRequired\":true,\"valueName\":\"search_term_string\"}}],\"inLanguage\":\"es\"},{\"@type\":\"Organization\",\"@id\":\"https:\\\/\\\/www.lifenatura.com\\\/es\\\/#organization\",\"name\":\"Lifenatura\",\"url\":\"https:\\\/\\\/www.lifenatura.com\\\/es\\\/\",\"logo\":{\"@type\":\"ImageObject\",\"inLanguage\":\"es\",\"@id\":\"https:\\\/\\\/www.lifenatura.com\\\/es\\\/#\\\/schema\\\/logo\\\/image\\\/\",\"url\":\"https:\\\/\\\/www.lifenatura.com\\\/wp-content\\\/uploads\\\/2021\\\/07\\\/logo.png\",\"contentUrl\":\"https:\\\/\\\/www.lifenatura.com\\\/wp-content\\\/uploads\\\/2021\\\/07\\\/logo.png\",\"width\":175,\"height\":55,\"caption\":\"Lifenatura\"},\"image\":{\"@id\":\"https:\\\/\\\/www.lifenatura.com\\\/es\\\/#\\\/schema\\\/logo\\\/image\\\/\"},\"sameAs\":[\"https:\\\/\\\/www.facebook.com\\\/lifenatura\",\"https:\\\/\\\/www.instagram.com\\\/lifenaturapt\\\/\"],\"hasMerchantReturnPolicy\":{\"@type\":\"MerchantReturnPolicy\",\"merchantReturnLink\":\"https:\\\/\\\/www.lifenatura.com\\\/termos-condicoes-lifenatura\\\/\"}}]}<\/script>\n<meta property=\"product:price:amount\" content=\"49.90\" \/>\n<meta property=\"product:price:currency\" content=\"EUR\" \/>\n<meta property=\"og:availability\" content=\"instock\" \/>\n<meta property=\"product:availability\" content=\"instock\" \/>\n<meta property=\"product:retailer_item_id\" content=\"0031315193507\" \/>\n<meta property=\"product:condition\" content=\"new\" \/>\n<!-- \/ Yoast SEO Premium plugin. -->","yoast_head_json":{"title":"Jalea Real 2000 mg Thompson - Lifenatura","description":"La jalea real es un suplemento a base de prote\u00ednas reconocido como una fuente natural de muchas vitaminas y minerales para el sistema inmunol\u00f3gico.","robots":{"index":"index","follow":"follow","max-snippet":"max-snippet:-1","max-image-preview":"max-image-preview:large","max-video-preview":"max-video-preview:-1"},"canonical":"https:\/\/www.lifenatura.com\/es\/produto\/jalea-real-2000-mg-60-capsulas-thompson\/","og_locale":"es_ES","og_type":"article","og_title":"Jalea Real 2000 mg 60 c\u00e1psulas - Thompson - Na Lifenatura ao Melhor Pre\u00e7o | Envio 48h","og_description":"Compre Jalea Real 2000 mg 60 c\u00e1psulas - Thompson com envio r\u00e1pido. Entrega em 48h e portes gr\u00e1tis em compras >35\u20ac. Aproveite j\u00e1 na Lifenatura","og_url":"https:\/\/www.lifenatura.com\/es\/produto\/jalea-real-2000-mg-60-capsulas-thompson\/","og_site_name":"Lifenatura","article_publisher":"https:\/\/www.facebook.com\/lifenatura","article_modified_time":"2026-01-17T14:13:27+00:00","og_image":[{"width":1000,"height":1000,"url":"https:\/\/www.lifenatura.com\/wp-content\/uploads\/2021\/09\/geleia-real-2000mg-thompson.jpg","type":"image\/jpeg"}],"twitter_card":"summary_large_image","twitter_misc":{"Precio":"49,90&nbsp;&euro;","Disponibilidad":"Disponible"},"schema":{"@context":"https:\/\/schema.org","@graph":[{"@type":"WebPage","@id":"https:\/\/www.lifenatura.com\/es\/produto\/jalea-real-2000-mg-60-capsulas-thompson\/","url":"https:\/\/www.lifenatura.com\/es\/produto\/jalea-real-2000-mg-60-capsulas-thompson\/","name":"Jalea Real 2000 mg Thompson - Lifenatura","isPartOf":{"@id":"https:\/\/www.lifenatura.com\/es\/#website"},"primaryImageOfPage":{"@id":"https:\/\/www.lifenatura.com\/es\/produto\/jalea-real-2000-mg-60-capsulas-thompson\/#primaryimage"},"image":{"@id":"https:\/\/www.lifenatura.com\/es\/produto\/jalea-real-2000-mg-60-capsulas-thompson\/#primaryimage"},"thumbnailUrl":"https:\/\/www.lifenatura.com\/wp-content\/uploads\/2021\/09\/geleia-real-2000mg-thompson.jpg","datePublished":"2021-09-30T10:55:11+00:00","dateModified":"2026-01-17T14:13:27+00:00","description":"La jalea real es un suplemento a base de prote\u00ednas reconocido como una fuente natural de muchas vitaminas y minerales para el sistema inmunol\u00f3gico.","breadcrumb":{"@id":"https:\/\/www.lifenatura.com\/es\/produto\/jalea-real-2000-mg-60-capsulas-thompson\/#breadcrumb"},"inLanguage":"es","potentialAction":[{"@type":"ReadAction","target":["https:\/\/www.lifenatura.com\/es\/produto\/jalea-real-2000-mg-60-capsulas-thompson\/"]}]},{"@type":"ImageObject","inLanguage":"es","@id":"https:\/\/www.lifenatura.com\/es\/produto\/jalea-real-2000-mg-60-capsulas-thompson\/#primaryimage","url":"https:\/\/www.lifenatura.com\/wp-content\/uploads\/2021\/09\/geleia-real-2000mg-thompson.jpg","contentUrl":"https:\/\/www.lifenatura.com\/wp-content\/uploads\/2021\/09\/geleia-real-2000mg-thompson.jpg","width":1000,"height":1000,"caption":"Geleia Real da marca Thompson"},{"@type":"BreadcrumbList","@id":"https:\/\/www.lifenatura.com\/es\/produto\/jalea-real-2000-mg-60-capsulas-thompson\/#breadcrumb","itemListElement":[{"@type":"ListItem","position":1,"name":"In\u00edcio","item":"https:\/\/www.lifenatura.com\/es\/"},{"@type":"ListItem","position":2,"name":"Todos los Productos","item":"https:\/\/www.lifenatura.com\/es\/tienda\/"},{"@type":"ListItem","position":3,"name":"Jalea Real 2000 mg 60 c\u00e1psulas &#8211; Thompson"}]},{"@type":"WebSite","@id":"https:\/\/www.lifenatura.com\/es\/#website","url":"https:\/\/www.lifenatura.com\/es\/","name":"Lifenatura","description":"A Lifenatura \u00e9 uma loja de produtos naturais, cosm\u00e9tica natural e alimenta\u00e7\u00e3o Biol\u00f3gica.","publisher":{"@id":"https:\/\/www.lifenatura.com\/es\/#organization"},"potentialAction":[{"@type":"SearchAction","target":{"@type":"EntryPoint","urlTemplate":"https:\/\/www.lifenatura.com\/es\/?s={search_term_string}"},"query-input":{"@type":"PropertyValueSpecification","valueRequired":true,"valueName":"search_term_string"}}],"inLanguage":"es"},{"@type":"Organization","@id":"https:\/\/www.lifenatura.com\/es\/#organization","name":"Lifenatura","url":"https:\/\/www.lifenatura.com\/es\/","logo":{"@type":"ImageObject","inLanguage":"es","@id":"https:\/\/www.lifenatura.com\/es\/#\/schema\/logo\/image\/","url":"https:\/\/www.lifenatura.com\/wp-content\/uploads\/2021\/07\/logo.png","contentUrl":"https:\/\/www.lifenatura.com\/wp-content\/uploads\/2021\/07\/logo.png","width":175,"height":55,"caption":"Lifenatura"},"image":{"@id":"https:\/\/www.lifenatura.com\/es\/#\/schema\/logo\/image\/"},"sameAs":["https:\/\/www.facebook.com\/lifenatura","https:\/\/www.instagram.com\/lifenaturapt\/"],"hasMerchantReturnPolicy":{"@type":"MerchantReturnPolicy","merchantReturnLink":"https:\/\/www.lifenatura.com\/termos-condicoes-lifenatura\/"}}]},"product_price_amount":"49.90","product_price_currency":"EUR","og_availability":"instock","product_availability":"instock","product_retailer_item_id":"0031315193507","product_condition":"new"},"df_price":49.9,"df_sale_price":"","df_regular_price":49.9,"df_image_link":"https:\/\/www.lifenatura.com\/wp-content\/uploads\/2021\/09\/geleia-real-2000mg-thompson-300x300.jpg","_links":{"self":[{"href":"https:\/\/www.lifenatura.com\/es\/wp-json\/wp\/v2\/product\/41268","targetHints":{"allow":["GET"]}}],"collection":[{"href":"https:\/\/www.lifenatura.com\/es\/wp-json\/wp\/v2\/product"}],"about":[{"href":"https:\/\/www.lifenatura.com\/es\/wp-json\/wp\/v2\/types\/product"}],"wp:featuredmedia":[{"embeddable":true,"href":"https:\/\/www.lifenatura.com\/es\/wp-json\/wp\/v2\/media\/124497"}],"wp:attachment":[{"href":"https:\/\/www.lifenatura.com\/es\/wp-json\/wp\/v2\/media?parent=41268"}],"wp:term":[{"taxonomy":"product_brand","embeddable":true,"href":"https:\/\/www.lifenatura.com\/es\/wp-json\/wp\/v2\/product_brand?post=41268"},{"taxonomy":"product_cat","embeddable":true,"href":"https:\/\/www.lifenatura.com\/es\/wp-json\/wp\/v2\/product_cat?post=41268"},{"taxonomy":"product_tag","embeddable":true,"href":"https:\/\/www.lifenatura.com\/es\/wp-json\/wp\/v2\/product_tag?post=41268"}],"curies":[{"name":"wp","href":"https:\/\/api.w.org\/{rel}","templated":true}]}}