{"id":41241,"date":"2021-09-30T10:54:29","date_gmt":"2021-09-30T10:54:29","guid":{"rendered":"https:\/\/lifenatura.dev.agenciagetdigital.com\/produto\/zinc-15-mg-50-capsulas-terra-nova\/"},"modified":"2022-08-21T15:24:28","modified_gmt":"2022-08-21T15:24:28","slug":"zinc-15-mg-50-capsulas-terra-nova","status":"publish","type":"product","link":"https:\/\/www.lifenatura.com\/es\/produto\/zinc-15-mg-50-capsulas-terra-nova\/","title":{"rendered":"Zinc 15 mg 50 c\u00e1psulas &#8211; Terra Nova"},"content":{"rendered":"<p>Vitaminas y minerales El zinc es un mineral esencial para el funcionamiento de nuestro cuerpo. En el cuerpo humano, el zinc se encuentra principalmente en el h\u00edgado, el p\u00e1ncreas, los ri\u00f1ones, los huesos y los m\u00fasculos, pero tambi\u00e9n en los ojos, la piel, el cabello y las u\u00f1as. En los hombres, el zinc tambi\u00e9n se encuentra en grandes cantidades en la pr\u00f3stata y los espermatozoides. El zinc tiene muchas funciones, participar en el funcionamiento de unas 300 reacciones enzim\u00e1ticas en nuestro cuerpo: el funcionamiento del sistema inmunitario, la curaci\u00f3n, el mantenimiento de una piel sana y la funci\u00f3n adecuada de los espermatozoides son solo algunas de sus funciones. PRESENTACI\u00d3N 50 c\u00e1psulas.<\/p>\n","protected":false},"excerpt":{"rendered":"<p>Vitaminas y minerales El zinc es un mineral esencial para el funcionamiento de nuestro cuerpo. En el cuerpo humano, el zinc se encuentra principalmente en el h\u00edgado, el p\u00e1ncreas, los ri\u00f1ones, los huesos y los m\u00fasculos, pero tambi\u00e9n en los ojos, la piel, el cabello y las u\u00f1as. En los hombres, el zinc tambi\u00e9n se [&#8230;]<\/p>\n<p><a class=\"btn btn-secondary understrap-read-more-link\" href=\"https:\/\/www.lifenatura.com\/es\/produto\/zinc-15-mg-50-capsulas-terra-nova\/\">Leer m\u00e1s&#8230;<span class=\"screen-reader-text\"> from Zinc 15 mg 50 c\u00e1psulas &#8211; Terra Nova<\/span><\/a><\/p>\n","protected":false},"featured_media":118358,"template":"","meta":{"_acf_changed":false},"product_brand":[8581],"product_cat":[7259,7179],"product_tag":[],"class_list":{"0":"post-41241","1":"product","2":"type-product","3":"status-publish","4":"has-post-thumbnail","6":"product_brand-terranova","7":"product_cat-vitaminas-y-minerales","8":"product_cat-salud","10":"first","11":"instock","12":"shipping-taxable","13":"purchasable","14":"product-type-simple","15":"add-to-wishlist-before_image"},"acf":[],"yoast_head":"<!-- This site is optimized with the Yoast SEO Premium plugin v27.1 (Yoast SEO v27.3) - https:\/\/yoast.com\/product\/yoast-seo-premium-wordpress\/ -->\n<title>Zinc 15 mg 50 c\u00e1psulas - Terra Nova<\/title>\n<meta name=\"description\" content=\"El zinc es un mineral esencial para el funcionamiento de nuestro cuerpo.\" \/>\n<meta name=\"robots\" content=\"index, follow, max-snippet:-1, max-image-preview:large, max-video-preview:-1\" \/>\n<link rel=\"canonical\" href=\"https:\/\/www.lifenatura.com\/es\/produto\/zinc-15-mg-50-capsulas-terra-nova\/\" \/>\n<meta property=\"og:locale\" content=\"es_ES\" \/>\n<meta property=\"og:type\" content=\"article\" \/>\n<meta property=\"og:title\" content=\"Zinc 15 mg 50 c\u00e1psulas - Terra Nova - Lifenatura\" \/>\n<meta property=\"og:description\" content=\"Compre aqui o seu Zinc 15 mg 50 c\u00e1psulas - Terra Nova e a Lifenatura Online envia em 48 H com Portes Gratis &gt;35\u20ac de Pedido.\" \/>\n<meta property=\"og:url\" content=\"https:\/\/www.lifenatura.com\/es\/produto\/zinc-15-mg-50-capsulas-terra-nova\/\" \/>\n<meta property=\"og:site_name\" content=\"Lifenatura\" \/>\n<meta property=\"article:publisher\" content=\"https:\/\/www.facebook.com\/lifenatura\" \/>\n<meta property=\"article:modified_time\" content=\"2022-08-21T15:24:28+00:00\" \/>\n<meta property=\"og:image\" content=\"https:\/\/www.lifenatura.com\/wp-content\/uploads\/2021\/09\/zinco-15mg-terranova.jpg\" \/>\n\t<meta property=\"og:image:width\" content=\"1000\" \/>\n\t<meta property=\"og:image:height\" content=\"1000\" \/>\n\t<meta property=\"og:image:type\" content=\"image\/jpeg\" \/>\n<meta name=\"twitter:card\" content=\"summary_large_image\" \/>\n<meta name=\"twitter:label1\" content=\"Precio\" \/>\n\t<meta name=\"twitter:data1\" content=\"16,45&nbsp;&euro;\" \/>\n\t<meta name=\"twitter:label2\" content=\"Disponibilidad\" \/>\n\t<meta name=\"twitter:data2\" content=\"Disponible\" \/>\n<meta property=\"product:price:amount\" content=\"16.45\" \/>\n<meta property=\"product:price:currency\" content=\"EUR\" \/>\n<meta property=\"og:availability\" content=\"instock\" \/>\n<meta property=\"product:availability\" content=\"instock\" \/>\n<meta property=\"product:retailer_item_id\" content=\"5060203791155\" \/>\n<meta property=\"product:condition\" content=\"new\" \/>\n<!-- \/ Yoast SEO Premium plugin. -->","yoast_head_json":{"title":"Zinc 15 mg 50 c\u00e1psulas - Terra Nova","description":"El zinc es un mineral esencial para el funcionamiento de nuestro cuerpo.","robots":{"index":"index","follow":"follow","max-snippet":"max-snippet:-1","max-image-preview":"max-image-preview:large","max-video-preview":"max-video-preview:-1"},"canonical":"https:\/\/www.lifenatura.com\/es\/produto\/zinc-15-mg-50-capsulas-terra-nova\/","og_locale":"es_ES","og_type":"article","og_title":"Zinc 15 mg 50 c\u00e1psulas - Terra Nova - Lifenatura","og_description":"Compre aqui o seu Zinc 15 mg 50 c\u00e1psulas - Terra Nova e a Lifenatura Online envia em 48 H com Portes Gratis >35\u20ac de Pedido.","og_url":"https:\/\/www.lifenatura.com\/es\/produto\/zinc-15-mg-50-capsulas-terra-nova\/","og_site_name":"Lifenatura","article_publisher":"https:\/\/www.facebook.com\/lifenatura","article_modified_time":"2022-08-21T15:24:28+00:00","og_image":[{"width":1000,"height":1000,"url":"https:\/\/www.lifenatura.com\/wp-content\/uploads\/2021\/09\/zinco-15mg-terranova.jpg","type":"image\/jpeg"}],"twitter_card":"summary_large_image","twitter_misc":{"Precio":"16,45&nbsp;&euro;","Disponibilidad":"Disponible"},"schema":{"@context":"https:\/\/schema.org","@graph":[{"@type":"WebPage","@id":"https:\/\/www.lifenatura.com\/es\/produto\/zinc-15-mg-50-capsulas-terra-nova\/","url":"https:\/\/www.lifenatura.com\/es\/produto\/zinc-15-mg-50-capsulas-terra-nova\/","name":"Zinc 15 mg 50 c\u00e1psulas - Terra Nova","isPartOf":{"@id":"https:\/\/www.lifenatura.com\/es\/#website"},"primaryImageOfPage":{"@id":"https:\/\/www.lifenatura.com\/es\/produto\/zinc-15-mg-50-capsulas-terra-nova\/#primaryimage"},"image":{"@id":"https:\/\/www.lifenatura.com\/es\/produto\/zinc-15-mg-50-capsulas-terra-nova\/#primaryimage"},"thumbnailUrl":"https:\/\/www.lifenatura.com\/wp-content\/uploads\/2021\/09\/zinco-15mg-terranova.jpg","datePublished":"2021-09-30T10:54:29+00:00","dateModified":"2022-08-21T15:24:28+00:00","description":"El zinc es un mineral esencial para el funcionamiento de nuestro cuerpo.","breadcrumb":{"@id":"https:\/\/www.lifenatura.com\/es\/produto\/zinc-15-mg-50-capsulas-terra-nova\/#breadcrumb"},"inLanguage":"es","potentialAction":[{"@type":"ReadAction","target":["https:\/\/www.lifenatura.com\/es\/produto\/zinc-15-mg-50-capsulas-terra-nova\/"]}]},{"@type":"ImageObject","inLanguage":"es","@id":"https:\/\/www.lifenatura.com\/es\/produto\/zinc-15-mg-50-capsulas-terra-nova\/#primaryimage","url":"https:\/\/www.lifenatura.com\/wp-content\/uploads\/2021\/09\/zinco-15mg-terranova.jpg","contentUrl":"https:\/\/www.lifenatura.com\/wp-content\/uploads\/2021\/09\/zinco-15mg-terranova.jpg","width":1000,"height":1000,"caption":"Zinco 15mg da marca Terranova"},{"@type":"BreadcrumbList","@id":"https:\/\/www.lifenatura.com\/es\/produto\/zinc-15-mg-50-capsulas-terra-nova\/#breadcrumb","itemListElement":[{"@type":"ListItem","position":1,"name":"In\u00edcio","item":"https:\/\/www.lifenatura.com\/es\/"},{"@type":"ListItem","position":2,"name":"Todos los Productos","item":"https:\/\/www.lifenatura.com\/es\/tienda\/"},{"@type":"ListItem","position":3,"name":"Zinc 15 mg 50 c\u00e1psulas &#8211; Terra Nova"}]},{"@type":"WebSite","@id":"https:\/\/www.lifenatura.com\/es\/#website","url":"https:\/\/www.lifenatura.com\/es\/","name":"Lifenatura","description":"A Lifenatura \u00e9 uma loja de produtos naturais, cosm\u00e9tica natural e alimenta\u00e7\u00e3o Biol\u00f3gica.","publisher":{"@id":"https:\/\/www.lifenatura.com\/es\/#organization"},"potentialAction":[{"@type":"SearchAction","target":{"@type":"EntryPoint","urlTemplate":"https:\/\/www.lifenatura.com\/es\/?s={search_term_string}"},"query-input":{"@type":"PropertyValueSpecification","valueRequired":true,"valueName":"search_term_string"}}],"inLanguage":"es"},{"@type":"Organization","@id":"https:\/\/www.lifenatura.com\/es\/#organization","name":"Lifenatura","url":"https:\/\/www.lifenatura.com\/es\/","logo":{"@type":"ImageObject","inLanguage":"es","@id":"https:\/\/www.lifenatura.com\/es\/#\/schema\/logo\/image\/","url":"https:\/\/www.lifenatura.com\/wp-content\/uploads\/2021\/11\/logo.png","contentUrl":"https:\/\/www.lifenatura.com\/wp-content\/uploads\/2021\/11\/logo.png","width":175,"height":55,"caption":"Lifenatura"},"image":{"@id":"https:\/\/www.lifenatura.com\/es\/#\/schema\/logo\/image\/"},"sameAs":["https:\/\/www.facebook.com\/lifenatura","https:\/\/www.instagram.com\/lifenaturapt\/"]}]},"product_price_amount":"16.45","product_price_currency":"EUR","og_availability":"instock","product_availability":"instock","product_retailer_item_id":"5060203791155","product_condition":"new"},"df_price":16.45,"df_sale_price":"","df_regular_price":16.45,"df_image_link":"https:\/\/www.lifenatura.com\/wp-content\/uploads\/2021\/09\/zinco-15mg-terranova-300x300.jpg","_links":{"self":[{"href":"https:\/\/www.lifenatura.com\/es\/wp-json\/wp\/v2\/product\/41241","targetHints":{"allow":["GET"]}}],"collection":[{"href":"https:\/\/www.lifenatura.com\/es\/wp-json\/wp\/v2\/product"}],"about":[{"href":"https:\/\/www.lifenatura.com\/es\/wp-json\/wp\/v2\/types\/product"}],"wp:featuredmedia":[{"embeddable":true,"href":"https:\/\/www.lifenatura.com\/es\/wp-json\/wp\/v2\/media\/118358"}],"wp:attachment":[{"href":"https:\/\/www.lifenatura.com\/es\/wp-json\/wp\/v2\/media?parent=41241"}],"wp:term":[{"taxonomy":"product_brand","embeddable":true,"href":"https:\/\/www.lifenatura.com\/es\/wp-json\/wp\/v2\/product_brand?post=41241"},{"taxonomy":"product_cat","embeddable":true,"href":"https:\/\/www.lifenatura.com\/es\/wp-json\/wp\/v2\/product_cat?post=41241"},{"taxonomy":"product_tag","embeddable":true,"href":"https:\/\/www.lifenatura.com\/es\/wp-json\/wp\/v2\/product_tag?post=41241"}],"curies":[{"name":"wp","href":"https:\/\/api.w.org\/{rel}","templated":true}]}}