{"id":41235,"date":"2021-09-30T10:54:29","date_gmt":"2021-09-30T10:54:29","guid":{"rendered":"https:\/\/lifenatura.dev.agenciagetdigital.com\/produto\/rodiola-300-mg-50-capsulas-terra-nova\/"},"modified":"2022-08-21T15:24:21","modified_gmt":"2022-08-21T15:24:21","slug":"rodiola-300-mg-50-capsulas-terra-nova","status":"publish","type":"product","link":"https:\/\/www.lifenatura.com\/es\/produto\/rodiola-300-mg-50-capsulas-terra-nova\/","title":{"rendered":"Rodiola 300 mg 50 c\u00e1psulas &#8211; Terra Nova"},"content":{"rendered":"<p>Nominado para mejorar el rendimiento mental Rodiola tiene efectos psicoestimuladores que contribuyen a disminuir el alivio de los s\u00edntomas depresivos. Varios estudios muestran que con la rodiola estos efectos pueden aumentar en aproximadamente un 30%. Esta planta aumenta a\u00fan m\u00e1s el transporte de precursores de serotonina (tript\u00f3fano y 5-hidroxitript\u00f3fano) en el cerebro. Rodiola mejora significativamente el rendimiento cognitivo (memoria, c\u00e1lculo mental, concentraci\u00f3n, percepci\u00f3n visual y auditiva), ayuda a aliviar el estr\u00e9s y la fatiga, y mejora significativamente las habilidades de trabajo intelectual, al tiempo que ayuda a preservar la funci\u00f3n. trastornos cerebrales a largo plazo. PRESENTACI\u00d3N 50 c\u00e1psulas<\/p>\n","protected":false},"excerpt":{"rendered":"<p>Nominado para mejorar el rendimiento mental Rodiola tiene efectos psicoestimuladores que contribuyen a disminuir el alivio de los s\u00edntomas depresivos. Varios estudios muestran que con la rodiola estos efectos pueden aumentar en aproximadamente un 30%. Esta planta aumenta a\u00fan m\u00e1s el transporte de precursores de serotonina (tript\u00f3fano y 5-hidroxitript\u00f3fano) en el cerebro. Rodiola mejora significativamente [&#8230;]<\/p>\n<p><a class=\"btn btn-secondary understrap-read-more-link\" href=\"https:\/\/www.lifenatura.com\/es\/produto\/rodiola-300-mg-50-capsulas-terra-nova\/\">Leer m\u00e1s&#8230;<span class=\"screen-reader-text\"> from Rodiola 300 mg 50 c\u00e1psulas &#8211; Terra Nova<\/span><\/a><\/p>\n","protected":false},"featured_media":118287,"template":"","meta":{"_acf_changed":false},"product_brand":[8581],"product_cat":[7223,7179],"product_tag":[],"class_list":{"0":"post-41235","1":"product","2":"type-product","3":"status-publish","4":"has-post-thumbnail","6":"product_brand-terranova","7":"product_cat-concentracion-memoria-salud","8":"product_cat-salud","10":"first","11":"instock","12":"shipping-taxable","13":"purchasable","14":"product-type-simple","15":"add-to-wishlist-before_image"},"acf":[],"yoast_head":"<!-- This site is optimized with the Yoast SEO Premium plugin v27.1 (Yoast SEO v27.5) - https:\/\/yoast.com\/product\/yoast-seo-premium-wordpress\/ -->\n<title>Rodiola 300 mg 50 c\u00e1psulas - Terra Nova - Na Lifenatura ao Melhor Pre\u00e7o | Envio em 48h<\/title>\n<meta name=\"description\" content=\"Rodiola mejora significativamente el rendimiento cognitivo, la memoria, el c\u00e1lculo mental, la concentraci\u00f3n, la percepci\u00f3n visual y auditiva.\" \/>\n<meta name=\"robots\" content=\"index, follow, max-snippet:-1, max-image-preview:large, max-video-preview:-1\" \/>\n<link rel=\"canonical\" href=\"https:\/\/www.lifenatura.com\/es\/produto\/rodiola-300-mg-50-capsulas-terra-nova\/\" \/>\n<meta property=\"og:locale\" content=\"es_ES\" \/>\n<meta property=\"og:type\" content=\"article\" \/>\n<meta property=\"og:title\" content=\"Rodiola 300 mg 50 c\u00e1psulas - Terra Nova - Na Lifenatura ao Melhor Pre\u00e7o | Envio 48h\" \/>\n<meta property=\"og:description\" content=\"Compre Rodiola 300 mg 50 c\u00e1psulas - Terra Nova com envio r\u00e1pido. Entrega em 48h e portes gr\u00e1tis em compras &gt;35\u20ac. Aproveite j\u00e1 na Lifenatura\" \/>\n<meta property=\"og:url\" content=\"https:\/\/www.lifenatura.com\/es\/produto\/rodiola-300-mg-50-capsulas-terra-nova\/\" \/>\n<meta property=\"og:site_name\" content=\"Lifenatura\" \/>\n<meta property=\"article:publisher\" content=\"https:\/\/www.facebook.com\/lifenatura\" \/>\n<meta property=\"article:modified_time\" content=\"2022-08-21T15:24:21+00:00\" \/>\n<meta property=\"og:image\" content=\"https:\/\/www.lifenatura.com\/wp-content\/uploads\/2025\/10\/rodiola-300mg-50caps-terranova.jpg\" \/>\n\t<meta property=\"og:image:width\" content=\"1000\" \/>\n\t<meta property=\"og:image:height\" content=\"1000\" \/>\n\t<meta property=\"og:image:type\" content=\"image\/jpeg\" \/>\n<meta name=\"twitter:card\" content=\"summary_large_image\" \/>\n<meta name=\"twitter:label1\" content=\"Precio\" \/>\n\t<meta name=\"twitter:data1\" content=\"32,38&nbsp;&euro;\" \/>\n\t<meta name=\"twitter:label2\" content=\"Disponibilidad\" \/>\n\t<meta name=\"twitter:data2\" content=\"Disponible\" \/>\n<script type=\"application\/ld+json\" class=\"yoast-schema-graph\">{\"@context\":\"https:\\\/\\\/schema.org\",\"@graph\":[{\"@type\":\"WebPage\",\"@id\":\"https:\\\/\\\/www.lifenatura.com\\\/es\\\/produto\\\/rodiola-300-mg-50-capsulas-terra-nova\\\/\",\"url\":\"https:\\\/\\\/www.lifenatura.com\\\/es\\\/produto\\\/rodiola-300-mg-50-capsulas-terra-nova\\\/\",\"name\":\"Rodiola 300 mg 50 c\u00e1psulas - Terra Nova - Na Lifenatura ao Melhor Pre\u00e7o | Envio em 48h\",\"isPartOf\":{\"@id\":\"https:\\\/\\\/www.lifenatura.com\\\/es\\\/#website\"},\"primaryImageOfPage\":{\"@id\":\"https:\\\/\\\/www.lifenatura.com\\\/es\\\/produto\\\/rodiola-300-mg-50-capsulas-terra-nova\\\/#primaryimage\"},\"image\":{\"@id\":\"https:\\\/\\\/www.lifenatura.com\\\/es\\\/produto\\\/rodiola-300-mg-50-capsulas-terra-nova\\\/#primaryimage\"},\"thumbnailUrl\":\"https:\\\/\\\/www.lifenatura.com\\\/wp-content\\\/uploads\\\/2025\\\/10\\\/rodiola-300mg-50caps-terranova.jpg\",\"datePublished\":\"2021-09-30T10:54:29+00:00\",\"dateModified\":\"2022-08-21T15:24:21+00:00\",\"description\":\"Rodiola mejora significativamente el rendimiento cognitivo, la memoria, el c\u00e1lculo mental, la concentraci\u00f3n, la percepci\u00f3n visual y auditiva.\",\"breadcrumb\":{\"@id\":\"https:\\\/\\\/www.lifenatura.com\\\/es\\\/produto\\\/rodiola-300-mg-50-capsulas-terra-nova\\\/#breadcrumb\"},\"inLanguage\":\"es\",\"potentialAction\":[{\"@type\":\"ReadAction\",\"target\":[\"https:\\\/\\\/www.lifenatura.com\\\/es\\\/produto\\\/rodiola-300-mg-50-capsulas-terra-nova\\\/\"]}]},{\"@type\":\"ImageObject\",\"inLanguage\":\"es\",\"@id\":\"https:\\\/\\\/www.lifenatura.com\\\/es\\\/produto\\\/rodiola-300-mg-50-capsulas-terra-nova\\\/#primaryimage\",\"url\":\"https:\\\/\\\/www.lifenatura.com\\\/wp-content\\\/uploads\\\/2025\\\/10\\\/rodiola-300mg-50caps-terranova.jpg\",\"contentUrl\":\"https:\\\/\\\/www.lifenatura.com\\\/wp-content\\\/uploads\\\/2025\\\/10\\\/rodiola-300mg-50caps-terranova.jpg\",\"width\":1000,\"height\":1000,\"caption\":\"rodiola 300mg da marca terranova\"},{\"@type\":\"BreadcrumbList\",\"@id\":\"https:\\\/\\\/www.lifenatura.com\\\/es\\\/produto\\\/rodiola-300-mg-50-capsulas-terra-nova\\\/#breadcrumb\",\"itemListElement\":[{\"@type\":\"ListItem\",\"position\":1,\"name\":\"In\u00edcio\",\"item\":\"https:\\\/\\\/www.lifenatura.com\\\/es\\\/\"},{\"@type\":\"ListItem\",\"position\":2,\"name\":\"Todos los Productos\",\"item\":\"https:\\\/\\\/www.lifenatura.com\\\/es\\\/tienda\\\/\"},{\"@type\":\"ListItem\",\"position\":3,\"name\":\"Rodiola 300 mg 50 c\u00e1psulas &#8211; Terra Nova\"}]},{\"@type\":\"WebSite\",\"@id\":\"https:\\\/\\\/www.lifenatura.com\\\/es\\\/#website\",\"url\":\"https:\\\/\\\/www.lifenatura.com\\\/es\\\/\",\"name\":\"Lifenatura\",\"description\":\"A Lifenatura \u00e9 uma loja de produtos naturais, cosm\u00e9tica natural e alimenta\u00e7\u00e3o Biol\u00f3gica.\",\"publisher\":{\"@id\":\"https:\\\/\\\/www.lifenatura.com\\\/es\\\/#organization\"},\"potentialAction\":[{\"@type\":\"SearchAction\",\"target\":{\"@type\":\"EntryPoint\",\"urlTemplate\":\"https:\\\/\\\/www.lifenatura.com\\\/es\\\/?s={search_term_string}\"},\"query-input\":{\"@type\":\"PropertyValueSpecification\",\"valueRequired\":true,\"valueName\":\"search_term_string\"}}],\"inLanguage\":\"es\"},{\"@type\":\"Organization\",\"@id\":\"https:\\\/\\\/www.lifenatura.com\\\/es\\\/#organization\",\"name\":\"Lifenatura\",\"url\":\"https:\\\/\\\/www.lifenatura.com\\\/es\\\/\",\"logo\":{\"@type\":\"ImageObject\",\"inLanguage\":\"es\",\"@id\":\"https:\\\/\\\/www.lifenatura.com\\\/es\\\/#\\\/schema\\\/logo\\\/image\\\/\",\"url\":\"https:\\\/\\\/www.lifenatura.com\\\/wp-content\\\/uploads\\\/2021\\\/07\\\/logo.png\",\"contentUrl\":\"https:\\\/\\\/www.lifenatura.com\\\/wp-content\\\/uploads\\\/2021\\\/07\\\/logo.png\",\"width\":175,\"height\":55,\"caption\":\"Lifenatura\"},\"image\":{\"@id\":\"https:\\\/\\\/www.lifenatura.com\\\/es\\\/#\\\/schema\\\/logo\\\/image\\\/\"},\"sameAs\":[\"https:\\\/\\\/www.facebook.com\\\/lifenatura\",\"https:\\\/\\\/www.instagram.com\\\/lifenaturapt\\\/\"],\"hasMerchantReturnPolicy\":{\"@type\":\"MerchantReturnPolicy\",\"merchantReturnLink\":\"https:\\\/\\\/www.lifenatura.com\\\/termos-condicoes-lifenatura\\\/\"}}]}<\/script>\n<meta property=\"product:price:amount\" content=\"32.38\" \/>\n<meta property=\"product:price:currency\" content=\"EUR\" \/>\n<meta property=\"og:availability\" content=\"instock\" \/>\n<meta property=\"product:availability\" content=\"instock\" \/>\n<meta property=\"product:retailer_item_id\" content=\"5060203793500\" \/>\n<meta property=\"product:condition\" content=\"new\" \/>\n<!-- \/ Yoast SEO Premium plugin. -->","yoast_head_json":{"title":"Rodiola 300 mg 50 c\u00e1psulas - Terra Nova - Na Lifenatura ao Melhor Pre\u00e7o | Envio em 48h","description":"Rodiola mejora significativamente el rendimiento cognitivo, la memoria, el c\u00e1lculo mental, la concentraci\u00f3n, la percepci\u00f3n visual y auditiva.","robots":{"index":"index","follow":"follow","max-snippet":"max-snippet:-1","max-image-preview":"max-image-preview:large","max-video-preview":"max-video-preview:-1"},"canonical":"https:\/\/www.lifenatura.com\/es\/produto\/rodiola-300-mg-50-capsulas-terra-nova\/","og_locale":"es_ES","og_type":"article","og_title":"Rodiola 300 mg 50 c\u00e1psulas - Terra Nova - Na Lifenatura ao Melhor Pre\u00e7o | Envio 48h","og_description":"Compre Rodiola 300 mg 50 c\u00e1psulas - Terra Nova com envio r\u00e1pido. Entrega em 48h e portes gr\u00e1tis em compras >35\u20ac. Aproveite j\u00e1 na Lifenatura","og_url":"https:\/\/www.lifenatura.com\/es\/produto\/rodiola-300-mg-50-capsulas-terra-nova\/","og_site_name":"Lifenatura","article_publisher":"https:\/\/www.facebook.com\/lifenatura","article_modified_time":"2022-08-21T15:24:21+00:00","og_image":[{"width":1000,"height":1000,"url":"https:\/\/www.lifenatura.com\/wp-content\/uploads\/2025\/10\/rodiola-300mg-50caps-terranova.jpg","type":"image\/jpeg"}],"twitter_card":"summary_large_image","twitter_misc":{"Precio":"32,38&nbsp;&euro;","Disponibilidad":"Disponible"},"schema":{"@context":"https:\/\/schema.org","@graph":[{"@type":"WebPage","@id":"https:\/\/www.lifenatura.com\/es\/produto\/rodiola-300-mg-50-capsulas-terra-nova\/","url":"https:\/\/www.lifenatura.com\/es\/produto\/rodiola-300-mg-50-capsulas-terra-nova\/","name":"Rodiola 300 mg 50 c\u00e1psulas - Terra Nova - Na Lifenatura ao Melhor Pre\u00e7o | Envio em 48h","isPartOf":{"@id":"https:\/\/www.lifenatura.com\/es\/#website"},"primaryImageOfPage":{"@id":"https:\/\/www.lifenatura.com\/es\/produto\/rodiola-300-mg-50-capsulas-terra-nova\/#primaryimage"},"image":{"@id":"https:\/\/www.lifenatura.com\/es\/produto\/rodiola-300-mg-50-capsulas-terra-nova\/#primaryimage"},"thumbnailUrl":"https:\/\/www.lifenatura.com\/wp-content\/uploads\/2025\/10\/rodiola-300mg-50caps-terranova.jpg","datePublished":"2021-09-30T10:54:29+00:00","dateModified":"2022-08-21T15:24:21+00:00","description":"Rodiola mejora significativamente el rendimiento cognitivo, la memoria, el c\u00e1lculo mental, la concentraci\u00f3n, la percepci\u00f3n visual y auditiva.","breadcrumb":{"@id":"https:\/\/www.lifenatura.com\/es\/produto\/rodiola-300-mg-50-capsulas-terra-nova\/#breadcrumb"},"inLanguage":"es","potentialAction":[{"@type":"ReadAction","target":["https:\/\/www.lifenatura.com\/es\/produto\/rodiola-300-mg-50-capsulas-terra-nova\/"]}]},{"@type":"ImageObject","inLanguage":"es","@id":"https:\/\/www.lifenatura.com\/es\/produto\/rodiola-300-mg-50-capsulas-terra-nova\/#primaryimage","url":"https:\/\/www.lifenatura.com\/wp-content\/uploads\/2025\/10\/rodiola-300mg-50caps-terranova.jpg","contentUrl":"https:\/\/www.lifenatura.com\/wp-content\/uploads\/2025\/10\/rodiola-300mg-50caps-terranova.jpg","width":1000,"height":1000,"caption":"rodiola 300mg da marca terranova"},{"@type":"BreadcrumbList","@id":"https:\/\/www.lifenatura.com\/es\/produto\/rodiola-300-mg-50-capsulas-terra-nova\/#breadcrumb","itemListElement":[{"@type":"ListItem","position":1,"name":"In\u00edcio","item":"https:\/\/www.lifenatura.com\/es\/"},{"@type":"ListItem","position":2,"name":"Todos los Productos","item":"https:\/\/www.lifenatura.com\/es\/tienda\/"},{"@type":"ListItem","position":3,"name":"Rodiola 300 mg 50 c\u00e1psulas &#8211; Terra Nova"}]},{"@type":"WebSite","@id":"https:\/\/www.lifenatura.com\/es\/#website","url":"https:\/\/www.lifenatura.com\/es\/","name":"Lifenatura","description":"A Lifenatura \u00e9 uma loja de produtos naturais, cosm\u00e9tica natural e alimenta\u00e7\u00e3o Biol\u00f3gica.","publisher":{"@id":"https:\/\/www.lifenatura.com\/es\/#organization"},"potentialAction":[{"@type":"SearchAction","target":{"@type":"EntryPoint","urlTemplate":"https:\/\/www.lifenatura.com\/es\/?s={search_term_string}"},"query-input":{"@type":"PropertyValueSpecification","valueRequired":true,"valueName":"search_term_string"}}],"inLanguage":"es"},{"@type":"Organization","@id":"https:\/\/www.lifenatura.com\/es\/#organization","name":"Lifenatura","url":"https:\/\/www.lifenatura.com\/es\/","logo":{"@type":"ImageObject","inLanguage":"es","@id":"https:\/\/www.lifenatura.com\/es\/#\/schema\/logo\/image\/","url":"https:\/\/www.lifenatura.com\/wp-content\/uploads\/2021\/07\/logo.png","contentUrl":"https:\/\/www.lifenatura.com\/wp-content\/uploads\/2021\/07\/logo.png","width":175,"height":55,"caption":"Lifenatura"},"image":{"@id":"https:\/\/www.lifenatura.com\/es\/#\/schema\/logo\/image\/"},"sameAs":["https:\/\/www.facebook.com\/lifenatura","https:\/\/www.instagram.com\/lifenaturapt\/"],"hasMerchantReturnPolicy":{"@type":"MerchantReturnPolicy","merchantReturnLink":"https:\/\/www.lifenatura.com\/termos-condicoes-lifenatura\/"}}]},"product_price_amount":"32.38","product_price_currency":"EUR","og_availability":"instock","product_availability":"instock","product_retailer_item_id":"5060203793500","product_condition":"new"},"df_price":32.38,"df_sale_price":"","df_regular_price":32.38,"df_image_link":"https:\/\/www.lifenatura.com\/wp-content\/uploads\/2025\/10\/rodiola-300mg-50caps-terranova-300x300.jpg","_links":{"self":[{"href":"https:\/\/www.lifenatura.com\/es\/wp-json\/wp\/v2\/product\/41235","targetHints":{"allow":["GET"]}}],"collection":[{"href":"https:\/\/www.lifenatura.com\/es\/wp-json\/wp\/v2\/product"}],"about":[{"href":"https:\/\/www.lifenatura.com\/es\/wp-json\/wp\/v2\/types\/product"}],"wp:featuredmedia":[{"embeddable":true,"href":"https:\/\/www.lifenatura.com\/es\/wp-json\/wp\/v2\/media\/118287"}],"wp:attachment":[{"href":"https:\/\/www.lifenatura.com\/es\/wp-json\/wp\/v2\/media?parent=41235"}],"wp:term":[{"taxonomy":"product_brand","embeddable":true,"href":"https:\/\/www.lifenatura.com\/es\/wp-json\/wp\/v2\/product_brand?post=41235"},{"taxonomy":"product_cat","embeddable":true,"href":"https:\/\/www.lifenatura.com\/es\/wp-json\/wp\/v2\/product_cat?post=41235"},{"taxonomy":"product_tag","embeddable":true,"href":"https:\/\/www.lifenatura.com\/es\/wp-json\/wp\/v2\/product_tag?post=41235"}],"curies":[{"name":"wp","href":"https:\/\/api.w.org\/{rel}","templated":true}]}}