{"id":41219,"date":"2021-09-30T10:54:10","date_gmt":"2021-09-30T10:54:10","guid":{"rendered":"https:\/\/lifenatura.dev.agenciagetdigital.com\/produto\/coq10-30-mg-50-capsulas-terra-nova\/"},"modified":"2022-08-21T15:24:09","modified_gmt":"2022-08-21T15:24:09","slug":"coq10-30-mg-50-capsulas-terra-nova","status":"publish","type":"product","link":"https:\/\/www.lifenatura.com\/es\/produto\/coq10-30-mg-50-capsulas-terra-nova\/","title":{"rendered":"COQ10 30 mg 50 c\u00e1psulas &#8211; Terra Nova"},"content":{"rendered":"<p>Coenzima Q10 El Antioxidante Natural COQ10 es un complemento alimenticio que funciona como antioxidante. El estr\u00e9s, la contaminaci\u00f3n, el tabaco, las dietas con exceso de grasa y el funcionamiento del cuerpo en condiciones adversas conducen a la producci\u00f3n de radicales libres. Estas mol\u00e9culas son muy da\u00f1inas para la salud y causan cambios en las c\u00e9lulas (oxidaci\u00f3n) que eventualmente aceleran su envejecimiento, lo que a veces se traduce en enfermedades graves. Los antioxidantes tienen la capacidad de neutralizar estos radicales libres, protegiendo al cuerpo de su efecto, es decir, ralentizando el proceso de envejecimiento de las c\u00e9lulas, ayudando a prevenir la aparici\u00f3n de diversas enfermedades cr\u00f3nicas y protegiendo el cuerpo en general. PRESENTACI\u00d3N 50 c\u00e1psulas.<\/p>\n","protected":false},"excerpt":{"rendered":"<p>Coenzima Q10 El Antioxidante Natural COQ10 es un complemento alimenticio que funciona como antioxidante. El estr\u00e9s, la contaminaci\u00f3n, el tabaco, las dietas con exceso de grasa y el funcionamiento del cuerpo en condiciones adversas conducen a la producci\u00f3n de radicales libres. Estas mol\u00e9culas son muy da\u00f1inas para la salud y causan cambios en las c\u00e9lulas [&#8230;]<\/p>\n<p><a class=\"btn btn-secondary understrap-read-more-link\" href=\"https:\/\/www.lifenatura.com\/es\/produto\/coq10-30-mg-50-capsulas-terra-nova\/\">Leer m\u00e1s&#8230;<span class=\"screen-reader-text\"> from COQ10 30 mg 50 c\u00e1psulas &#8211; Terra Nova<\/span><\/a><\/p>\n","protected":false},"featured_media":118142,"template":"","meta":{"_acf_changed":false},"product_brand":[8581],"product_cat":[7145,7236,7659,7179],"product_tag":[],"class_list":{"0":"post-41219","1":"product","2":"type-product","3":"status-publish","4":"has-post-thumbnail","6":"product_brand-terranova","7":"product_cat-alcachofa","8":"product_cat-antioxidantes-salud","9":"product_cat-ingrediente-natural-bio","10":"product_cat-salud","12":"first","13":"instock","14":"shipping-taxable","15":"purchasable","16":"product-type-simple","17":"add-to-wishlist-before_image"},"acf":[],"yoast_head":"<!-- This site is optimized with the Yoast SEO Premium plugin v27.1 (Yoast SEO v27.5) - https:\/\/yoast.com\/product\/yoast-seo-premium-wordpress\/ -->\n<title>COQ10 30 mg 50 c\u00e1psulas - Terra Nova<\/title>\n<meta name=\"description\" content=\"COQ10 es un complemento alimenticio que funciona como antioxidante.\" \/>\n<meta name=\"robots\" content=\"index, follow, max-snippet:-1, max-image-preview:large, max-video-preview:-1\" \/>\n<link rel=\"canonical\" href=\"https:\/\/www.lifenatura.com\/es\/produto\/coq10-30-mg-50-capsulas-terra-nova\/\" \/>\n<meta property=\"og:locale\" content=\"es_ES\" \/>\n<meta property=\"og:type\" content=\"article\" \/>\n<meta property=\"og:title\" content=\"COQ10 30 mg 50 c\u00e1psulas - Terra Nova - Na Lifenatura ao Melhor Pre\u00e7o | Envio 48h\" \/>\n<meta property=\"og:description\" content=\"Compre COQ10 30 mg 50 c\u00e1psulas - Terra Nova com envio r\u00e1pido. Entrega em 48h e portes gr\u00e1tis em compras &gt;35\u20ac. Aproveite j\u00e1 na Lifenatura\" \/>\n<meta property=\"og:url\" content=\"https:\/\/www.lifenatura.com\/es\/produto\/coq10-30-mg-50-capsulas-terra-nova\/\" \/>\n<meta property=\"og:site_name\" content=\"Lifenatura\" \/>\n<meta property=\"article:publisher\" content=\"https:\/\/www.facebook.com\/lifenatura\" \/>\n<meta property=\"article:modified_time\" content=\"2022-08-21T15:24:09+00:00\" \/>\n<meta property=\"og:image\" content=\"https:\/\/www.lifenatura.com\/wp-content\/uploads\/2021\/09\/Coq10-30mg-terranova.jpg\" \/>\n\t<meta property=\"og:image:width\" content=\"1000\" \/>\n\t<meta property=\"og:image:height\" content=\"1000\" \/>\n\t<meta property=\"og:image:type\" content=\"image\/jpeg\" \/>\n<meta name=\"twitter:card\" content=\"summary_large_image\" \/>\n<meta name=\"twitter:label1\" content=\"Precio\" \/>\n\t<meta name=\"twitter:data1\" content=\"29,93&nbsp;&euro;\" \/>\n\t<meta name=\"twitter:label2\" content=\"Disponibilidad\" \/>\n\t<meta name=\"twitter:data2\" content=\"Disponible\" \/>\n<script type=\"application\/ld+json\" class=\"yoast-schema-graph\">{\"@context\":\"https:\\\/\\\/schema.org\",\"@graph\":[{\"@type\":\"WebPage\",\"@id\":\"https:\\\/\\\/www.lifenatura.com\\\/es\\\/produto\\\/coq10-30-mg-50-capsulas-terra-nova\\\/\",\"url\":\"https:\\\/\\\/www.lifenatura.com\\\/es\\\/produto\\\/coq10-30-mg-50-capsulas-terra-nova\\\/\",\"name\":\"COQ10 30 mg 50 c\u00e1psulas - Terra Nova\",\"isPartOf\":{\"@id\":\"https:\\\/\\\/www.lifenatura.com\\\/es\\\/#website\"},\"primaryImageOfPage\":{\"@id\":\"https:\\\/\\\/www.lifenatura.com\\\/es\\\/produto\\\/coq10-30-mg-50-capsulas-terra-nova\\\/#primaryimage\"},\"image\":{\"@id\":\"https:\\\/\\\/www.lifenatura.com\\\/es\\\/produto\\\/coq10-30-mg-50-capsulas-terra-nova\\\/#primaryimage\"},\"thumbnailUrl\":\"https:\\\/\\\/www.lifenatura.com\\\/wp-content\\\/uploads\\\/2021\\\/09\\\/Coq10-30mg-terranova.jpg\",\"datePublished\":\"2021-09-30T10:54:10+00:00\",\"dateModified\":\"2022-08-21T15:24:09+00:00\",\"description\":\"COQ10 es un complemento alimenticio que funciona como antioxidante.\",\"breadcrumb\":{\"@id\":\"https:\\\/\\\/www.lifenatura.com\\\/es\\\/produto\\\/coq10-30-mg-50-capsulas-terra-nova\\\/#breadcrumb\"},\"inLanguage\":\"es\",\"potentialAction\":[{\"@type\":\"ReadAction\",\"target\":[\"https:\\\/\\\/www.lifenatura.com\\\/es\\\/produto\\\/coq10-30-mg-50-capsulas-terra-nova\\\/\"]}]},{\"@type\":\"ImageObject\",\"inLanguage\":\"es\",\"@id\":\"https:\\\/\\\/www.lifenatura.com\\\/es\\\/produto\\\/coq10-30-mg-50-capsulas-terra-nova\\\/#primaryimage\",\"url\":\"https:\\\/\\\/www.lifenatura.com\\\/wp-content\\\/uploads\\\/2021\\\/09\\\/Coq10-30mg-terranova.jpg\",\"contentUrl\":\"https:\\\/\\\/www.lifenatura.com\\\/wp-content\\\/uploads\\\/2021\\\/09\\\/Coq10-30mg-terranova.jpg\",\"width\":1000,\"height\":1000,\"caption\":\"Co Q10 de 30mg da marca Terranova\"},{\"@type\":\"BreadcrumbList\",\"@id\":\"https:\\\/\\\/www.lifenatura.com\\\/es\\\/produto\\\/coq10-30-mg-50-capsulas-terra-nova\\\/#breadcrumb\",\"itemListElement\":[{\"@type\":\"ListItem\",\"position\":1,\"name\":\"In\u00edcio\",\"item\":\"https:\\\/\\\/www.lifenatura.com\\\/es\\\/\"},{\"@type\":\"ListItem\",\"position\":2,\"name\":\"Todos los Productos\",\"item\":\"https:\\\/\\\/www.lifenatura.com\\\/es\\\/tienda\\\/\"},{\"@type\":\"ListItem\",\"position\":3,\"name\":\"COQ10 30 mg 50 c\u00e1psulas &#8211; Terra Nova\"}]},{\"@type\":\"WebSite\",\"@id\":\"https:\\\/\\\/www.lifenatura.com\\\/es\\\/#website\",\"url\":\"https:\\\/\\\/www.lifenatura.com\\\/es\\\/\",\"name\":\"Lifenatura\",\"description\":\"A Lifenatura \u00e9 uma loja de produtos naturais, cosm\u00e9tica natural e alimenta\u00e7\u00e3o Biol\u00f3gica.\",\"publisher\":{\"@id\":\"https:\\\/\\\/www.lifenatura.com\\\/es\\\/#organization\"},\"potentialAction\":[{\"@type\":\"SearchAction\",\"target\":{\"@type\":\"EntryPoint\",\"urlTemplate\":\"https:\\\/\\\/www.lifenatura.com\\\/es\\\/?s={search_term_string}\"},\"query-input\":{\"@type\":\"PropertyValueSpecification\",\"valueRequired\":true,\"valueName\":\"search_term_string\"}}],\"inLanguage\":\"es\"},{\"@type\":\"Organization\",\"@id\":\"https:\\\/\\\/www.lifenatura.com\\\/es\\\/#organization\",\"name\":\"Lifenatura\",\"url\":\"https:\\\/\\\/www.lifenatura.com\\\/es\\\/\",\"logo\":{\"@type\":\"ImageObject\",\"inLanguage\":\"es\",\"@id\":\"https:\\\/\\\/www.lifenatura.com\\\/es\\\/#\\\/schema\\\/logo\\\/image\\\/\",\"url\":\"https:\\\/\\\/www.lifenatura.com\\\/wp-content\\\/uploads\\\/2021\\\/07\\\/logo.png\",\"contentUrl\":\"https:\\\/\\\/www.lifenatura.com\\\/wp-content\\\/uploads\\\/2021\\\/07\\\/logo.png\",\"width\":175,\"height\":55,\"caption\":\"Lifenatura\"},\"image\":{\"@id\":\"https:\\\/\\\/www.lifenatura.com\\\/es\\\/#\\\/schema\\\/logo\\\/image\\\/\"},\"sameAs\":[\"https:\\\/\\\/www.facebook.com\\\/lifenatura\",\"https:\\\/\\\/www.instagram.com\\\/lifenaturapt\\\/\"],\"hasMerchantReturnPolicy\":{\"@type\":\"MerchantReturnPolicy\",\"merchantReturnLink\":\"https:\\\/\\\/www.lifenatura.com\\\/termos-condicoes-lifenatura\\\/\"}}]}<\/script>\n<meta property=\"product:price:amount\" content=\"29.93\" \/>\n<meta property=\"product:price:currency\" content=\"EUR\" \/>\n<meta property=\"og:availability\" content=\"instock\" \/>\n<meta property=\"product:availability\" content=\"instock\" \/>\n<meta property=\"product:retailer_item_id\" content=\"5060203790042\" \/>\n<meta property=\"product:condition\" content=\"new\" \/>\n<!-- \/ Yoast SEO Premium plugin. -->","yoast_head_json":{"title":"COQ10 30 mg 50 c\u00e1psulas - Terra Nova","description":"COQ10 es un complemento alimenticio que funciona como antioxidante.","robots":{"index":"index","follow":"follow","max-snippet":"max-snippet:-1","max-image-preview":"max-image-preview:large","max-video-preview":"max-video-preview:-1"},"canonical":"https:\/\/www.lifenatura.com\/es\/produto\/coq10-30-mg-50-capsulas-terra-nova\/","og_locale":"es_ES","og_type":"article","og_title":"COQ10 30 mg 50 c\u00e1psulas - Terra Nova - Na Lifenatura ao Melhor Pre\u00e7o | Envio 48h","og_description":"Compre COQ10 30 mg 50 c\u00e1psulas - Terra Nova com envio r\u00e1pido. Entrega em 48h e portes gr\u00e1tis em compras >35\u20ac. Aproveite j\u00e1 na Lifenatura","og_url":"https:\/\/www.lifenatura.com\/es\/produto\/coq10-30-mg-50-capsulas-terra-nova\/","og_site_name":"Lifenatura","article_publisher":"https:\/\/www.facebook.com\/lifenatura","article_modified_time":"2022-08-21T15:24:09+00:00","og_image":[{"width":1000,"height":1000,"url":"https:\/\/www.lifenatura.com\/wp-content\/uploads\/2021\/09\/Coq10-30mg-terranova.jpg","type":"image\/jpeg"}],"twitter_card":"summary_large_image","twitter_misc":{"Precio":"29,93&nbsp;&euro;","Disponibilidad":"Disponible"},"schema":{"@context":"https:\/\/schema.org","@graph":[{"@type":"WebPage","@id":"https:\/\/www.lifenatura.com\/es\/produto\/coq10-30-mg-50-capsulas-terra-nova\/","url":"https:\/\/www.lifenatura.com\/es\/produto\/coq10-30-mg-50-capsulas-terra-nova\/","name":"COQ10 30 mg 50 c\u00e1psulas - Terra Nova","isPartOf":{"@id":"https:\/\/www.lifenatura.com\/es\/#website"},"primaryImageOfPage":{"@id":"https:\/\/www.lifenatura.com\/es\/produto\/coq10-30-mg-50-capsulas-terra-nova\/#primaryimage"},"image":{"@id":"https:\/\/www.lifenatura.com\/es\/produto\/coq10-30-mg-50-capsulas-terra-nova\/#primaryimage"},"thumbnailUrl":"https:\/\/www.lifenatura.com\/wp-content\/uploads\/2021\/09\/Coq10-30mg-terranova.jpg","datePublished":"2021-09-30T10:54:10+00:00","dateModified":"2022-08-21T15:24:09+00:00","description":"COQ10 es un complemento alimenticio que funciona como antioxidante.","breadcrumb":{"@id":"https:\/\/www.lifenatura.com\/es\/produto\/coq10-30-mg-50-capsulas-terra-nova\/#breadcrumb"},"inLanguage":"es","potentialAction":[{"@type":"ReadAction","target":["https:\/\/www.lifenatura.com\/es\/produto\/coq10-30-mg-50-capsulas-terra-nova\/"]}]},{"@type":"ImageObject","inLanguage":"es","@id":"https:\/\/www.lifenatura.com\/es\/produto\/coq10-30-mg-50-capsulas-terra-nova\/#primaryimage","url":"https:\/\/www.lifenatura.com\/wp-content\/uploads\/2021\/09\/Coq10-30mg-terranova.jpg","contentUrl":"https:\/\/www.lifenatura.com\/wp-content\/uploads\/2021\/09\/Coq10-30mg-terranova.jpg","width":1000,"height":1000,"caption":"Co Q10 de 30mg da marca Terranova"},{"@type":"BreadcrumbList","@id":"https:\/\/www.lifenatura.com\/es\/produto\/coq10-30-mg-50-capsulas-terra-nova\/#breadcrumb","itemListElement":[{"@type":"ListItem","position":1,"name":"In\u00edcio","item":"https:\/\/www.lifenatura.com\/es\/"},{"@type":"ListItem","position":2,"name":"Todos los Productos","item":"https:\/\/www.lifenatura.com\/es\/tienda\/"},{"@type":"ListItem","position":3,"name":"COQ10 30 mg 50 c\u00e1psulas &#8211; Terra Nova"}]},{"@type":"WebSite","@id":"https:\/\/www.lifenatura.com\/es\/#website","url":"https:\/\/www.lifenatura.com\/es\/","name":"Lifenatura","description":"A Lifenatura \u00e9 uma loja de produtos naturais, cosm\u00e9tica natural e alimenta\u00e7\u00e3o Biol\u00f3gica.","publisher":{"@id":"https:\/\/www.lifenatura.com\/es\/#organization"},"potentialAction":[{"@type":"SearchAction","target":{"@type":"EntryPoint","urlTemplate":"https:\/\/www.lifenatura.com\/es\/?s={search_term_string}"},"query-input":{"@type":"PropertyValueSpecification","valueRequired":true,"valueName":"search_term_string"}}],"inLanguage":"es"},{"@type":"Organization","@id":"https:\/\/www.lifenatura.com\/es\/#organization","name":"Lifenatura","url":"https:\/\/www.lifenatura.com\/es\/","logo":{"@type":"ImageObject","inLanguage":"es","@id":"https:\/\/www.lifenatura.com\/es\/#\/schema\/logo\/image\/","url":"https:\/\/www.lifenatura.com\/wp-content\/uploads\/2021\/07\/logo.png","contentUrl":"https:\/\/www.lifenatura.com\/wp-content\/uploads\/2021\/07\/logo.png","width":175,"height":55,"caption":"Lifenatura"},"image":{"@id":"https:\/\/www.lifenatura.com\/es\/#\/schema\/logo\/image\/"},"sameAs":["https:\/\/www.facebook.com\/lifenatura","https:\/\/www.instagram.com\/lifenaturapt\/"],"hasMerchantReturnPolicy":{"@type":"MerchantReturnPolicy","merchantReturnLink":"https:\/\/www.lifenatura.com\/termos-condicoes-lifenatura\/"}}]},"product_price_amount":"29.93","product_price_currency":"EUR","og_availability":"instock","product_availability":"instock","product_retailer_item_id":"5060203790042","product_condition":"new"},"df_price":29.93,"df_sale_price":"","df_regular_price":29.93,"df_image_link":"https:\/\/www.lifenatura.com\/wp-content\/uploads\/2021\/09\/Coq10-30mg-terranova-300x300.jpg","_links":{"self":[{"href":"https:\/\/www.lifenatura.com\/es\/wp-json\/wp\/v2\/product\/41219","targetHints":{"allow":["GET"]}}],"collection":[{"href":"https:\/\/www.lifenatura.com\/es\/wp-json\/wp\/v2\/product"}],"about":[{"href":"https:\/\/www.lifenatura.com\/es\/wp-json\/wp\/v2\/types\/product"}],"wp:featuredmedia":[{"embeddable":true,"href":"https:\/\/www.lifenatura.com\/es\/wp-json\/wp\/v2\/media\/118142"}],"wp:attachment":[{"href":"https:\/\/www.lifenatura.com\/es\/wp-json\/wp\/v2\/media?parent=41219"}],"wp:term":[{"taxonomy":"product_brand","embeddable":true,"href":"https:\/\/www.lifenatura.com\/es\/wp-json\/wp\/v2\/product_brand?post=41219"},{"taxonomy":"product_cat","embeddable":true,"href":"https:\/\/www.lifenatura.com\/es\/wp-json\/wp\/v2\/product_cat?post=41219"},{"taxonomy":"product_tag","embeddable":true,"href":"https:\/\/www.lifenatura.com\/es\/wp-json\/wp\/v2\/product_tag?post=41219"}],"curies":[{"name":"wp","href":"https:\/\/api.w.org\/{rel}","templated":true}]}}