{"id":41208,"date":"2021-09-30T10:54:10","date_gmt":"2021-09-30T10:54:10","guid":{"rendered":"https:\/\/lifenatura.dev.agenciagetdigital.com\/produto\/bi-osteo-30-capsulas-synergia\/"},"modified":"2022-08-21T15:23:59","modified_gmt":"2022-08-21T15:23:59","slug":"bi-osteo-30-capsulas-synergia","status":"publish","type":"product","link":"https:\/\/www.lifenatura.com\/es\/produto\/bi-osteo-30-capsulas-synergia\/","title":{"rendered":"Bi-Osteo 30 c\u00e1psulas &#8211; Synergia"},"content":{"rendered":"<p>Combinaci\u00f3n de ingredientes para el fortalecimiento de los huesos La Synergia Bi-Osteo es una combinaci\u00f3n sin\u00e9rgica de plantas, omega-3 (ALA) y marine (EPA y DHA), zinc y s\u00edlice coloidal, reservas de vitaminas (vitamina C, vitamina E, vitamina K, betacaroteno) que mejoran la absorci\u00f3n intestinal de calcio para preservar y mantener el hueso, consolidar el trama del col\u00e1geno, optimizar la fijaci\u00f3n del calcio, disminuir la inflamaci\u00f3n, hidratar la piel y las mucosas. PRESENTACI\u00d3N 30 c\u00e1psulas.<\/p>\n","protected":false},"excerpt":{"rendered":"<p>Combinaci\u00f3n de ingredientes para el fortalecimiento de los huesos La Synergia Bi-Osteo es una combinaci\u00f3n sin\u00e9rgica de plantas, omega-3 (ALA) y marine (EPA y DHA), zinc y s\u00edlice coloidal, reservas de vitaminas (vitamina C, vitamina E, vitamina K, betacaroteno) que mejoran la absorci\u00f3n intestinal de calcio para preservar y mantener el hueso, consolidar el trama [&#8230;]<\/p>\n<p><a class=\"btn btn-secondary understrap-read-more-link\" href=\"https:\/\/www.lifenatura.com\/es\/produto\/bi-osteo-30-capsulas-synergia\/\">Leer m\u00e1s&#8230;<span class=\"screen-reader-text\"> from Bi-Osteo 30 c\u00e1psulas &#8211; Synergia<\/span><\/a><\/p>\n","protected":false},"featured_media":22341,"template":"","meta":{"_acf_changed":false},"product_brand":[8396],"product_cat":[7207,7179],"product_tag":[],"class_list":{"0":"post-41208","1":"product","2":"type-product","3":"status-publish","4":"has-post-thumbnail","6":"product_brand-synergia","7":"product_cat-osteoporosis","8":"product_cat-salud","10":"first","11":"instock","12":"sale","13":"shipping-taxable","14":"purchasable","15":"product-type-simple","16":"add-to-wishlist-before_image"},"acf":[],"yoast_head":"<!-- This site is optimized with the Yoast SEO Premium plugin v27.1 (Yoast SEO v27.3) - https:\/\/yoast.com\/product\/yoast-seo-premium-wordpress\/ -->\n<title>Bi-Osteo 30 c\u00e1psulas - Synergia<\/title>\n<meta name=\"description\" content=\"Synergia Bi-Osteo est\u00e1 indicado para favorecer la fijaci\u00f3n del calcio en el hueso, promueve la mineralizaci\u00f3n del tejido conectivo que rodea la matriz \u00f3sea.\" \/>\n<meta name=\"robots\" content=\"index, follow, max-snippet:-1, max-image-preview:large, max-video-preview:-1\" \/>\n<link rel=\"canonical\" href=\"https:\/\/www.lifenatura.com\/es\/produto\/bi-osteo-30-capsulas-synergia\/\" \/>\n<meta property=\"og:locale\" content=\"es_ES\" \/>\n<meta property=\"og:type\" content=\"article\" \/>\n<meta property=\"og:title\" content=\"Bi-Osteo 30 c\u00e1psulas - Synergia - Lifenatura\" \/>\n<meta property=\"og:description\" content=\"Compre aqui o seu Bi-Osteo 30 c\u00e1psulas - Synergia e a Lifenatura Online envia em 48 H com Portes Gratis &gt;35\u20ac de Pedido.\" \/>\n<meta property=\"og:url\" content=\"https:\/\/www.lifenatura.com\/es\/produto\/bi-osteo-30-capsulas-synergia\/\" \/>\n<meta property=\"og:site_name\" content=\"Lifenatura\" \/>\n<meta property=\"article:publisher\" content=\"https:\/\/www.facebook.com\/lifenatura\" \/>\n<meta property=\"article:modified_time\" content=\"2022-08-21T15:23:59+00:00\" \/>\n<meta property=\"og:image\" content=\"https:\/\/www.lifenatura.com\/wp-content\/uploads\/2021\/09\/gd_bi-osteo-synergia-30-caps.jpg\" \/>\n\t<meta property=\"og:image:width\" content=\"1000\" \/>\n\t<meta property=\"og:image:height\" content=\"1000\" \/>\n\t<meta property=\"og:image:type\" content=\"image\/jpeg\" \/>\n<meta name=\"twitter:card\" content=\"summary_large_image\" \/>\n<meta name=\"twitter:label1\" content=\"Precio\" \/>\n\t<meta name=\"twitter:data1\" content=\"13,68&nbsp;&euro;\" \/>\n\t<meta name=\"twitter:label2\" content=\"Disponibilidad\" \/>\n\t<meta name=\"twitter:data2\" content=\"Disponible\" \/>\n<meta property=\"product:price:amount\" content=\"13.68\" \/>\n<meta property=\"product:price:currency\" content=\"EUR\" \/>\n<meta property=\"og:availability\" content=\"instock\" \/>\n<meta property=\"product:availability\" content=\"instock\" \/>\n<meta property=\"product:retailer_item_id\" content=\"7353961\" \/>\n<meta property=\"product:condition\" content=\"new\" \/>\n<!-- \/ Yoast SEO Premium plugin. -->","yoast_head_json":{"title":"Bi-Osteo 30 c\u00e1psulas - Synergia","description":"Synergia Bi-Osteo est\u00e1 indicado para favorecer la fijaci\u00f3n del calcio en el hueso, promueve la mineralizaci\u00f3n del tejido conectivo que rodea la matriz \u00f3sea.","robots":{"index":"index","follow":"follow","max-snippet":"max-snippet:-1","max-image-preview":"max-image-preview:large","max-video-preview":"max-video-preview:-1"},"canonical":"https:\/\/www.lifenatura.com\/es\/produto\/bi-osteo-30-capsulas-synergia\/","og_locale":"es_ES","og_type":"article","og_title":"Bi-Osteo 30 c\u00e1psulas - Synergia - Lifenatura","og_description":"Compre aqui o seu Bi-Osteo 30 c\u00e1psulas - Synergia e a Lifenatura Online envia em 48 H com Portes Gratis >35\u20ac de Pedido.","og_url":"https:\/\/www.lifenatura.com\/es\/produto\/bi-osteo-30-capsulas-synergia\/","og_site_name":"Lifenatura","article_publisher":"https:\/\/www.facebook.com\/lifenatura","article_modified_time":"2022-08-21T15:23:59+00:00","og_image":[{"width":1000,"height":1000,"url":"https:\/\/www.lifenatura.com\/wp-content\/uploads\/2021\/09\/gd_bi-osteo-synergia-30-caps.jpg","type":"image\/jpeg"}],"twitter_card":"summary_large_image","twitter_misc":{"Precio":"13,68&nbsp;&euro;","Disponibilidad":"Disponible"},"schema":{"@context":"https:\/\/schema.org","@graph":[{"@type":"WebPage","@id":"https:\/\/www.lifenatura.com\/es\/produto\/bi-osteo-30-capsulas-synergia\/","url":"https:\/\/www.lifenatura.com\/es\/produto\/bi-osteo-30-capsulas-synergia\/","name":"Bi-Osteo 30 c\u00e1psulas - Synergia","isPartOf":{"@id":"https:\/\/www.lifenatura.com\/es\/#website"},"primaryImageOfPage":{"@id":"https:\/\/www.lifenatura.com\/es\/produto\/bi-osteo-30-capsulas-synergia\/#primaryimage"},"image":{"@id":"https:\/\/www.lifenatura.com\/es\/produto\/bi-osteo-30-capsulas-synergia\/#primaryimage"},"thumbnailUrl":"https:\/\/www.lifenatura.com\/wp-content\/uploads\/2021\/09\/gd_bi-osteo-synergia-30-caps.jpg","datePublished":"2021-09-30T10:54:10+00:00","dateModified":"2022-08-21T15:23:59+00:00","description":"Synergia Bi-Osteo est\u00e1 indicado para favorecer la fijaci\u00f3n del calcio en el hueso, promueve la mineralizaci\u00f3n del tejido conectivo que rodea la matriz \u00f3sea.","breadcrumb":{"@id":"https:\/\/www.lifenatura.com\/es\/produto\/bi-osteo-30-capsulas-synergia\/#breadcrumb"},"inLanguage":"es","potentialAction":[{"@type":"ReadAction","target":["https:\/\/www.lifenatura.com\/es\/produto\/bi-osteo-30-capsulas-synergia\/"]}]},{"@type":"ImageObject","inLanguage":"es","@id":"https:\/\/www.lifenatura.com\/es\/produto\/bi-osteo-30-capsulas-synergia\/#primaryimage","url":"https:\/\/www.lifenatura.com\/wp-content\/uploads\/2021\/09\/gd_bi-osteo-synergia-30-caps.jpg","contentUrl":"https:\/\/www.lifenatura.com\/wp-content\/uploads\/2021\/09\/gd_bi-osteo-synergia-30-caps.jpg","width":1000,"height":1000,"caption":"Bi-Osteo 30 c\u00e1psulas - Synergia"},{"@type":"BreadcrumbList","@id":"https:\/\/www.lifenatura.com\/es\/produto\/bi-osteo-30-capsulas-synergia\/#breadcrumb","itemListElement":[{"@type":"ListItem","position":1,"name":"In\u00edcio","item":"https:\/\/www.lifenatura.com\/es\/"},{"@type":"ListItem","position":2,"name":"Todos los Productos","item":"https:\/\/www.lifenatura.com\/es\/tienda\/"},{"@type":"ListItem","position":3,"name":"Bi-Osteo 30 c\u00e1psulas &#8211; Synergia"}]},{"@type":"WebSite","@id":"https:\/\/www.lifenatura.com\/es\/#website","url":"https:\/\/www.lifenatura.com\/es\/","name":"Lifenatura","description":"A Lifenatura \u00e9 uma loja de produtos naturais, cosm\u00e9tica natural e alimenta\u00e7\u00e3o Biol\u00f3gica.","publisher":{"@id":"https:\/\/www.lifenatura.com\/es\/#organization"},"potentialAction":[{"@type":"SearchAction","target":{"@type":"EntryPoint","urlTemplate":"https:\/\/www.lifenatura.com\/es\/?s={search_term_string}"},"query-input":{"@type":"PropertyValueSpecification","valueRequired":true,"valueName":"search_term_string"}}],"inLanguage":"es"},{"@type":"Organization","@id":"https:\/\/www.lifenatura.com\/es\/#organization","name":"Lifenatura","url":"https:\/\/www.lifenatura.com\/es\/","logo":{"@type":"ImageObject","inLanguage":"es","@id":"https:\/\/www.lifenatura.com\/es\/#\/schema\/logo\/image\/","url":"https:\/\/www.lifenatura.com\/wp-content\/uploads\/2021\/11\/logo.png","contentUrl":"https:\/\/www.lifenatura.com\/wp-content\/uploads\/2021\/11\/logo.png","width":175,"height":55,"caption":"Lifenatura"},"image":{"@id":"https:\/\/www.lifenatura.com\/es\/#\/schema\/logo\/image\/"},"sameAs":["https:\/\/www.facebook.com\/lifenatura","https:\/\/www.instagram.com\/lifenaturapt\/"]}]},"product_price_amount":"13.68","product_price_currency":"EUR","og_availability":"instock","product_availability":"instock","product_retailer_item_id":"7353961","product_condition":"new"},"df_price":13.68,"df_sale_price":13.68,"df_regular_price":15.2,"df_image_link":"https:\/\/www.lifenatura.com\/wp-content\/uploads\/2021\/09\/gd_bi-osteo-synergia-30-caps-300x300.jpg","_links":{"self":[{"href":"https:\/\/www.lifenatura.com\/es\/wp-json\/wp\/v2\/product\/41208","targetHints":{"allow":["GET"]}}],"collection":[{"href":"https:\/\/www.lifenatura.com\/es\/wp-json\/wp\/v2\/product"}],"about":[{"href":"https:\/\/www.lifenatura.com\/es\/wp-json\/wp\/v2\/types\/product"}],"wp:featuredmedia":[{"embeddable":true,"href":"https:\/\/www.lifenatura.com\/es\/wp-json\/wp\/v2\/media\/22341"}],"wp:attachment":[{"href":"https:\/\/www.lifenatura.com\/es\/wp-json\/wp\/v2\/media?parent=41208"}],"wp:term":[{"taxonomy":"product_brand","embeddable":true,"href":"https:\/\/www.lifenatura.com\/es\/wp-json\/wp\/v2\/product_brand?post=41208"},{"taxonomy":"product_cat","embeddable":true,"href":"https:\/\/www.lifenatura.com\/es\/wp-json\/wp\/v2\/product_cat?post=41208"},{"taxonomy":"product_tag","embeddable":true,"href":"https:\/\/www.lifenatura.com\/es\/wp-json\/wp\/v2\/product_tag?post=41208"}],"curies":[{"name":"wp","href":"https:\/\/api.w.org\/{rel}","templated":true}]}}