{"id":41206,"date":"2021-09-30T10:54:10","date_gmt":"2021-09-30T10:54:10","guid":{"rendered":"https:\/\/lifenatura.dev.agenciagetdigital.com\/produto\/alflorex-pack-symbiosys\/"},"modified":"2025-02-02T00:04:19","modified_gmt":"2025-02-02T00:04:19","slug":"alflorex-pack-symbiosys","status":"publish","type":"product","link":"https:\/\/www.lifenatura.com\/es\/produto\/alflorex-pack-symbiosys\/","title":{"rendered":"Alflorex Pack &#8211; Symbiosys"},"content":{"rendered":"<h2 style=\"text-align: left;\"><strong>Alflorex reduce los s\u00edntomas del S\u00edndrome del Intestino Irritable<\/strong><\/h2>\n<p>&nbsp;<\/p>\n<p>Alflorex\u00ae Pack de 3 est\u00e1 indicado para el S\u00edndrome del Intestino Irritable y contiene la cepa B. longum 35624\u00ae. Esta cepa forma parte de una familia de bacterias transmitidas de madre a hijo al nacer, que viven de forma natural en el intestino humano.<\/p>\n<p><strong>Ahora disponible en envase de 3 unidades.<\/strong><\/p>\n<p><strong>\u00bfCu\u00e1les son los principales beneficios de Alflorex para la salud?<\/strong><\/p>\n<ul>\n<li><strong>Mejora de la salud digestiva:<\/strong><\/li>\n<\/ul>\n<p><strong>Alivio de los s\u00edntomas del s\u00edndrome del intestino irritable (SII):<\/strong> Alflorex es especialmente eficaz para aliviar los s\u00edntomas del SII, como la hinchaz\u00f3n, los gases, el dolor abdominal y los cambios en los h\u00e1bitos intestinales. La cepa Bifidobacterium longum 35624 ha sido ampliamente estudiada y ha demostrado reducir la gravedad de los s\u00edntomas del SII.<\/p>\n<p><strong>Regulaci\u00f3n del tr\u00e1nsito intestinal<\/strong>: El uso regular de Alflorex puede ayudar a regular el tr\u00e1nsito intestinal, favoreciendo movimientos intestinales m\u00e1s consistentes y reduciendo los episodios de diarrea y estre\u00f1imiento.<\/p>\n<ul>\n<li><strong>Refuerzo del sistema inmunitario:<\/strong><\/li>\n<\/ul>\n<p><strong>Aumento de las defensas naturales:<\/strong> Los probi\u00f3ticos, incluido el Bifidobacterium longum 35624 presente en Alflorex, pueden ayudar a reforzar el sistema inmunitario mejorando la funci\u00f3n de la barrera intestinal y estimulando la producci\u00f3n de c\u00e9lulas inmunitarias.<\/p>\n<p><strong>Reducci\u00f3n de las infecciones:<\/strong> El uso regular de Alflorex puede contribuir a una menor incidencia de infecciones gastrointestinales y respiratorias al ayudar al organismo a combatir los pat\u00f3genos de forma m\u00e1s eficaz.<\/p>\n<ul>\n<li><strong>Equilibrio de la Microbiota Intestinal:<\/strong><\/li>\n<\/ul>\n<p><strong>Restauraci\u00f3n del microbioma:<\/strong> Alflorex ayuda a restaurar y mantener un equilibrio saludable de bacterias en el intestino, lo cual es crucial para la salud digestiva y general. Un microbioma equilibrado puede influir positivamente en la digesti\u00f3n, la absorci\u00f3n de nutrientes y la protecci\u00f3n frente a agentes pat\u00f3genos.<\/p>\n<p><strong>Apoyo a la salud metab\u00f3lica:<\/strong> Un microbioma intestinal equilibrado se asocia con una mejor salud metab\u00f3lica, incluyendo un mejor control del peso y la regulaci\u00f3n de los niveles de az\u00facar en la sangre.<\/p>\n<ul>\n<li><strong>Reduce la Inflamaci\u00f3n:<\/strong><\/li>\n<\/ul>\n<p><strong>Efecto antiinflamatorio:<\/strong> La cepa Bifidobacterium longum 35624 presente en Alflorex tiene propiedades antiinflamatorias que pueden ayudar a reducir la inflamaci\u00f3n en el intestino, contribuyendo a la salud intestinal y a la reducci\u00f3n de las molestias asociadas a las afecciones inflamatorias intestinales.<\/p>\n<ul>\n<li><strong>Bienestar general:<\/strong><\/li>\n<\/ul>\n<p><strong>Mejora del estado de \u00e1nimo y del bienestar mental:<\/strong> Los estudios sugieren que la salud intestinal est\u00e1 estrechamente relacionada con el bienestar mental. Al promover un intestino sano, Alflorex puede contribuir a mejorar el estado de \u00e1nimo y reducir los s\u00edntomas de ansiedad y depresi\u00f3n.<\/p>\n<p><strong>Aumento de la energ\u00eda:<\/strong> Un intestino sano mejora la absorci\u00f3n de nutrientes, lo que puede traducirse en mayores niveles de energ\u00eda y una sensaci\u00f3n general de bienestar.<\/p>\n<p><strong>PRESENTACI\u00d3N<\/strong><\/p>\n<p>30 c\u00e1psulas x 3<\/p>\n<p>&nbsp;<\/p>\n","protected":false},"excerpt":{"rendered":"<p>El pack promoci\u00f3n Alflorex Reduce los s\u00edntomas del s\u00edndrome del intestino irritable, que incluyen dolor abdominal, distensi\u00f3n abdominal y gases. [&#8230;]<\/p>\n<p><a class=\"btn btn-secondary understrap-read-more-link\" href=\"https:\/\/www.lifenatura.com\/es\/produto\/alflorex-pack-symbiosys\/\">Leer m\u00e1s&#8230;<span class=\"screen-reader-text\"> from Alflorex Pack &#8211; Symbiosys<\/span><\/a><\/p>\n","protected":false},"featured_media":22339,"template":"","meta":{"_acf_changed":false},"product_brand":[8371],"product_cat":[7256,7659,7263,7770,7179,7273],"product_tag":[],"class_list":{"0":"post-41206","1":"product","2":"type-product","3":"status-publish","4":"has-post-thumbnail","6":"product_brand-symbiosys","7":"product_cat-flora-intestinal-salud","8":"product_cat-ingrediente-natural-bio","9":"product_cat-packs-de-salud","10":"product_cat-probioticos-es","11":"product_cat-salud","12":"product_cat-top-10-ventas","14":"first","15":"instock","16":"sale","17":"shipping-taxable","18":"purchasable","19":"product-type-simple","20":"add-to-wishlist-before_image"},"acf":[],"yoast_head":"<!-- This site is optimized with the Yoast SEO Premium plugin v27.1 (Yoast SEO v27.5) - https:\/\/yoast.com\/product\/yoast-seo-premium-wordpress\/ -->\n<title>Alflorex Pack Promoci\u00f3n Symbiosys - Lifenatura<\/title>\n<meta name=\"description\" content=\"El pack promoci\u00f3n Alflorex Reduce los s\u00edntomas del s\u00edndrome del intestino irritable, que incluyen dolor abdominal, distensi\u00f3n abdominal y gases.\" \/>\n<meta name=\"robots\" content=\"index, follow, max-snippet:-1, max-image-preview:large, max-video-preview:-1\" \/>\n<link rel=\"canonical\" href=\"https:\/\/www.lifenatura.com\/es\/produto\/alflorex-pack-symbiosys\/\" \/>\n<meta property=\"og:locale\" content=\"es_ES\" \/>\n<meta property=\"og:type\" content=\"article\" \/>\n<meta property=\"og:title\" content=\"Alflorex Pack - Symbiosys - Na Lifenatura ao Melhor Pre\u00e7o | Envio 48h\" \/>\n<meta property=\"og:description\" content=\"Compre Alflorex Pack - Symbiosys com envio r\u00e1pido. Entrega em 48h e portes gr\u00e1tis em compras &gt;35\u20ac. Aproveite j\u00e1 na Lifenatura\" \/>\n<meta property=\"og:url\" content=\"https:\/\/www.lifenatura.com\/es\/produto\/alflorex-pack-symbiosys\/\" \/>\n<meta property=\"og:site_name\" content=\"Lifenatura\" \/>\n<meta property=\"article:publisher\" content=\"https:\/\/www.facebook.com\/lifenatura\" \/>\n<meta property=\"article:modified_time\" content=\"2025-02-02T00:04:19+00:00\" \/>\n<meta property=\"og:image\" content=\"https:\/\/www.lifenatura.com\/wp-content\/uploads\/2021\/09\/gd_alflorex_pack3_symbiosys.jpg\" \/>\n\t<meta property=\"og:image:width\" content=\"1000\" \/>\n\t<meta property=\"og:image:height\" content=\"1000\" \/>\n\t<meta property=\"og:image:type\" content=\"image\/jpeg\" \/>\n<meta name=\"twitter:card\" content=\"summary_large_image\" \/>\n<meta name=\"twitter:label1\" content=\"Precio\" \/>\n\t<meta name=\"twitter:data1\" content=\"73,96&nbsp;&euro;\" \/>\n\t<meta name=\"twitter:label2\" content=\"Disponibilidad\" \/>\n\t<meta name=\"twitter:data2\" content=\"Disponible\" \/>\n<script type=\"application\/ld+json\" class=\"yoast-schema-graph\">{\"@context\":\"https:\\\/\\\/schema.org\",\"@graph\":[{\"@type\":\"WebPage\",\"@id\":\"https:\\\/\\\/www.lifenatura.com\\\/es\\\/produto\\\/alflorex-pack-symbiosys\\\/\",\"url\":\"https:\\\/\\\/www.lifenatura.com\\\/es\\\/produto\\\/alflorex-pack-symbiosys\\\/\",\"name\":\"Alflorex Pack Promoci\u00f3n Symbiosys - Lifenatura\",\"isPartOf\":{\"@id\":\"https:\\\/\\\/www.lifenatura.com\\\/es\\\/#website\"},\"primaryImageOfPage\":{\"@id\":\"https:\\\/\\\/www.lifenatura.com\\\/es\\\/produto\\\/alflorex-pack-symbiosys\\\/#primaryimage\"},\"image\":{\"@id\":\"https:\\\/\\\/www.lifenatura.com\\\/es\\\/produto\\\/alflorex-pack-symbiosys\\\/#primaryimage\"},\"thumbnailUrl\":\"https:\\\/\\\/www.lifenatura.com\\\/wp-content\\\/uploads\\\/2021\\\/09\\\/gd_alflorex_pack3_symbiosys.jpg\",\"datePublished\":\"2021-09-30T10:54:10+00:00\",\"dateModified\":\"2025-02-02T00:04:19+00:00\",\"description\":\"El pack promoci\u00f3n Alflorex Reduce los s\u00edntomas del s\u00edndrome del intestino irritable, que incluyen dolor abdominal, distensi\u00f3n abdominal y gases.\",\"breadcrumb\":{\"@id\":\"https:\\\/\\\/www.lifenatura.com\\\/es\\\/produto\\\/alflorex-pack-symbiosys\\\/#breadcrumb\"},\"inLanguage\":\"es\",\"potentialAction\":[{\"@type\":\"ReadAction\",\"target\":[\"https:\\\/\\\/www.lifenatura.com\\\/es\\\/produto\\\/alflorex-pack-symbiosys\\\/\"]}]},{\"@type\":\"ImageObject\",\"inLanguage\":\"es\",\"@id\":\"https:\\\/\\\/www.lifenatura.com\\\/es\\\/produto\\\/alflorex-pack-symbiosys\\\/#primaryimage\",\"url\":\"https:\\\/\\\/www.lifenatura.com\\\/wp-content\\\/uploads\\\/2021\\\/09\\\/gd_alflorex_pack3_symbiosys.jpg\",\"contentUrl\":\"https:\\\/\\\/www.lifenatura.com\\\/wp-content\\\/uploads\\\/2021\\\/09\\\/gd_alflorex_pack3_symbiosys.jpg\",\"width\":1000,\"height\":1000,\"caption\":\"Alflorex Pack - Symbiosys\"},{\"@type\":\"BreadcrumbList\",\"@id\":\"https:\\\/\\\/www.lifenatura.com\\\/es\\\/produto\\\/alflorex-pack-symbiosys\\\/#breadcrumb\",\"itemListElement\":[{\"@type\":\"ListItem\",\"position\":1,\"name\":\"In\u00edcio\",\"item\":\"https:\\\/\\\/www.lifenatura.com\\\/es\\\/\"},{\"@type\":\"ListItem\",\"position\":2,\"name\":\"Todos los Productos\",\"item\":\"https:\\\/\\\/www.lifenatura.com\\\/es\\\/tienda\\\/\"},{\"@type\":\"ListItem\",\"position\":3,\"name\":\"Alflorex Pack &#8211; Symbiosys\"}]},{\"@type\":\"WebSite\",\"@id\":\"https:\\\/\\\/www.lifenatura.com\\\/es\\\/#website\",\"url\":\"https:\\\/\\\/www.lifenatura.com\\\/es\\\/\",\"name\":\"Lifenatura\",\"description\":\"A Lifenatura \u00e9 uma loja de produtos naturais, cosm\u00e9tica natural e alimenta\u00e7\u00e3o Biol\u00f3gica.\",\"publisher\":{\"@id\":\"https:\\\/\\\/www.lifenatura.com\\\/es\\\/#organization\"},\"potentialAction\":[{\"@type\":\"SearchAction\",\"target\":{\"@type\":\"EntryPoint\",\"urlTemplate\":\"https:\\\/\\\/www.lifenatura.com\\\/es\\\/?s={search_term_string}\"},\"query-input\":{\"@type\":\"PropertyValueSpecification\",\"valueRequired\":true,\"valueName\":\"search_term_string\"}}],\"inLanguage\":\"es\"},{\"@type\":\"Organization\",\"@id\":\"https:\\\/\\\/www.lifenatura.com\\\/es\\\/#organization\",\"name\":\"Lifenatura\",\"url\":\"https:\\\/\\\/www.lifenatura.com\\\/es\\\/\",\"logo\":{\"@type\":\"ImageObject\",\"inLanguage\":\"es\",\"@id\":\"https:\\\/\\\/www.lifenatura.com\\\/es\\\/#\\\/schema\\\/logo\\\/image\\\/\",\"url\":\"https:\\\/\\\/www.lifenatura.com\\\/wp-content\\\/uploads\\\/2021\\\/07\\\/logo.png\",\"contentUrl\":\"https:\\\/\\\/www.lifenatura.com\\\/wp-content\\\/uploads\\\/2021\\\/07\\\/logo.png\",\"width\":175,\"height\":55,\"caption\":\"Lifenatura\"},\"image\":{\"@id\":\"https:\\\/\\\/www.lifenatura.com\\\/es\\\/#\\\/schema\\\/logo\\\/image\\\/\"},\"sameAs\":[\"https:\\\/\\\/www.facebook.com\\\/lifenatura\",\"https:\\\/\\\/www.instagram.com\\\/lifenaturapt\\\/\"],\"hasMerchantReturnPolicy\":{\"@type\":\"MerchantReturnPolicy\",\"merchantReturnLink\":\"https:\\\/\\\/www.lifenatura.com\\\/termos-condicoes-lifenatura\\\/\"}}]}<\/script>\n<meta property=\"product:price:amount\" content=\"73.96\" \/>\n<meta property=\"product:price:currency\" content=\"EUR\" \/>\n<meta property=\"og:availability\" content=\"instock\" \/>\n<meta property=\"product:availability\" content=\"instock\" \/>\n<meta property=\"product:retailer_item_id\" content=\"6349068pack\" \/>\n<meta property=\"product:condition\" content=\"new\" \/>\n<!-- \/ Yoast SEO Premium plugin. -->","yoast_head_json":{"title":"Alflorex Pack Promoci\u00f3n Symbiosys - Lifenatura","description":"El pack promoci\u00f3n Alflorex Reduce los s\u00edntomas del s\u00edndrome del intestino irritable, que incluyen dolor abdominal, distensi\u00f3n abdominal y gases.","robots":{"index":"index","follow":"follow","max-snippet":"max-snippet:-1","max-image-preview":"max-image-preview:large","max-video-preview":"max-video-preview:-1"},"canonical":"https:\/\/www.lifenatura.com\/es\/produto\/alflorex-pack-symbiosys\/","og_locale":"es_ES","og_type":"article","og_title":"Alflorex Pack - Symbiosys - Na Lifenatura ao Melhor Pre\u00e7o | Envio 48h","og_description":"Compre Alflorex Pack - Symbiosys com envio r\u00e1pido. Entrega em 48h e portes gr\u00e1tis em compras >35\u20ac. Aproveite j\u00e1 na Lifenatura","og_url":"https:\/\/www.lifenatura.com\/es\/produto\/alflorex-pack-symbiosys\/","og_site_name":"Lifenatura","article_publisher":"https:\/\/www.facebook.com\/lifenatura","article_modified_time":"2025-02-02T00:04:19+00:00","og_image":[{"width":1000,"height":1000,"url":"https:\/\/www.lifenatura.com\/wp-content\/uploads\/2021\/09\/gd_alflorex_pack3_symbiosys.jpg","type":"image\/jpeg"}],"twitter_card":"summary_large_image","twitter_misc":{"Precio":"73,96&nbsp;&euro;","Disponibilidad":"Disponible"},"schema":{"@context":"https:\/\/schema.org","@graph":[{"@type":"WebPage","@id":"https:\/\/www.lifenatura.com\/es\/produto\/alflorex-pack-symbiosys\/","url":"https:\/\/www.lifenatura.com\/es\/produto\/alflorex-pack-symbiosys\/","name":"Alflorex Pack Promoci\u00f3n Symbiosys - Lifenatura","isPartOf":{"@id":"https:\/\/www.lifenatura.com\/es\/#website"},"primaryImageOfPage":{"@id":"https:\/\/www.lifenatura.com\/es\/produto\/alflorex-pack-symbiosys\/#primaryimage"},"image":{"@id":"https:\/\/www.lifenatura.com\/es\/produto\/alflorex-pack-symbiosys\/#primaryimage"},"thumbnailUrl":"https:\/\/www.lifenatura.com\/wp-content\/uploads\/2021\/09\/gd_alflorex_pack3_symbiosys.jpg","datePublished":"2021-09-30T10:54:10+00:00","dateModified":"2025-02-02T00:04:19+00:00","description":"El pack promoci\u00f3n Alflorex Reduce los s\u00edntomas del s\u00edndrome del intestino irritable, que incluyen dolor abdominal, distensi\u00f3n abdominal y gases.","breadcrumb":{"@id":"https:\/\/www.lifenatura.com\/es\/produto\/alflorex-pack-symbiosys\/#breadcrumb"},"inLanguage":"es","potentialAction":[{"@type":"ReadAction","target":["https:\/\/www.lifenatura.com\/es\/produto\/alflorex-pack-symbiosys\/"]}]},{"@type":"ImageObject","inLanguage":"es","@id":"https:\/\/www.lifenatura.com\/es\/produto\/alflorex-pack-symbiosys\/#primaryimage","url":"https:\/\/www.lifenatura.com\/wp-content\/uploads\/2021\/09\/gd_alflorex_pack3_symbiosys.jpg","contentUrl":"https:\/\/www.lifenatura.com\/wp-content\/uploads\/2021\/09\/gd_alflorex_pack3_symbiosys.jpg","width":1000,"height":1000,"caption":"Alflorex Pack - Symbiosys"},{"@type":"BreadcrumbList","@id":"https:\/\/www.lifenatura.com\/es\/produto\/alflorex-pack-symbiosys\/#breadcrumb","itemListElement":[{"@type":"ListItem","position":1,"name":"In\u00edcio","item":"https:\/\/www.lifenatura.com\/es\/"},{"@type":"ListItem","position":2,"name":"Todos los Productos","item":"https:\/\/www.lifenatura.com\/es\/tienda\/"},{"@type":"ListItem","position":3,"name":"Alflorex Pack &#8211; Symbiosys"}]},{"@type":"WebSite","@id":"https:\/\/www.lifenatura.com\/es\/#website","url":"https:\/\/www.lifenatura.com\/es\/","name":"Lifenatura","description":"A Lifenatura \u00e9 uma loja de produtos naturais, cosm\u00e9tica natural e alimenta\u00e7\u00e3o Biol\u00f3gica.","publisher":{"@id":"https:\/\/www.lifenatura.com\/es\/#organization"},"potentialAction":[{"@type":"SearchAction","target":{"@type":"EntryPoint","urlTemplate":"https:\/\/www.lifenatura.com\/es\/?s={search_term_string}"},"query-input":{"@type":"PropertyValueSpecification","valueRequired":true,"valueName":"search_term_string"}}],"inLanguage":"es"},{"@type":"Organization","@id":"https:\/\/www.lifenatura.com\/es\/#organization","name":"Lifenatura","url":"https:\/\/www.lifenatura.com\/es\/","logo":{"@type":"ImageObject","inLanguage":"es","@id":"https:\/\/www.lifenatura.com\/es\/#\/schema\/logo\/image\/","url":"https:\/\/www.lifenatura.com\/wp-content\/uploads\/2021\/07\/logo.png","contentUrl":"https:\/\/www.lifenatura.com\/wp-content\/uploads\/2021\/07\/logo.png","width":175,"height":55,"caption":"Lifenatura"},"image":{"@id":"https:\/\/www.lifenatura.com\/es\/#\/schema\/logo\/image\/"},"sameAs":["https:\/\/www.facebook.com\/lifenatura","https:\/\/www.instagram.com\/lifenaturapt\/"],"hasMerchantReturnPolicy":{"@type":"MerchantReturnPolicy","merchantReturnLink":"https:\/\/www.lifenatura.com\/termos-condicoes-lifenatura\/"}}]},"product_price_amount":"73.96","product_price_currency":"EUR","og_availability":"instock","product_availability":"instock","product_retailer_item_id":"6349068pack","product_condition":"new"},"df_price":73.96,"df_sale_price":73.96,"df_regular_price":100.17,"df_image_link":"https:\/\/www.lifenatura.com\/wp-content\/uploads\/2021\/09\/gd_alflorex_pack3_symbiosys-300x300.jpg","_links":{"self":[{"href":"https:\/\/www.lifenatura.com\/es\/wp-json\/wp\/v2\/product\/41206","targetHints":{"allow":["GET"]}}],"collection":[{"href":"https:\/\/www.lifenatura.com\/es\/wp-json\/wp\/v2\/product"}],"about":[{"href":"https:\/\/www.lifenatura.com\/es\/wp-json\/wp\/v2\/types\/product"}],"wp:featuredmedia":[{"embeddable":true,"href":"https:\/\/www.lifenatura.com\/es\/wp-json\/wp\/v2\/media\/22339"}],"wp:attachment":[{"href":"https:\/\/www.lifenatura.com\/es\/wp-json\/wp\/v2\/media?parent=41206"}],"wp:term":[{"taxonomy":"product_brand","embeddable":true,"href":"https:\/\/www.lifenatura.com\/es\/wp-json\/wp\/v2\/product_brand?post=41206"},{"taxonomy":"product_cat","embeddable":true,"href":"https:\/\/www.lifenatura.com\/es\/wp-json\/wp\/v2\/product_cat?post=41206"},{"taxonomy":"product_tag","embeddable":true,"href":"https:\/\/www.lifenatura.com\/es\/wp-json\/wp\/v2\/product_tag?post=41206"}],"curies":[{"name":"wp","href":"https:\/\/api.w.org\/{rel}","templated":true}]}}