{"id":41202,"date":"2021-09-30T10:53:49","date_gmt":"2021-09-30T10:53:49","guid":{"rendered":"https:\/\/lifenatura.dev.agenciagetdigital.com\/produto\/defencia-kids-30-saquetas-symbiosys\/"},"modified":"2025-02-02T00:04:18","modified_gmt":"2025-02-02T00:04:18","slug":"defencia-kids-30-saquetas-symbiosys","status":"publish","type":"product","link":"https:\/\/www.lifenatura.com\/es\/produto\/defencia-kids-30-saquetas-symbiosys\/","title":{"rendered":"Defencia Kids 30 saquetas &#8211; Symbiosys"},"content":{"rendered":"<h2 style=\"text-align: left;\"><strong>Defencia Kids Probi\u00f3tico para reforzar el sistema inmunitario de los ni\u00f1os<\/strong><\/h2>\n<p>&nbsp;<\/p>\n<p>Symbiosys Defencia Kids es un complemento alimenticio probi\u00f3tico para ni\u00f1os a partir de 3 a\u00f1os. Contiene las cepas bacterianas Bifidobacterium lactis BS01 y Lactobacillus rhamnosus GG, as\u00ed como vitamina D3, que contribuye al funcionamiento normal del sistema inmunitario de los ni\u00f1os, especialmente durante los meses de invierno.<\/p>\n<p>Se trata de un suplemento \u00fanico que mezcla cepas bacterianas que han sido cuidadosamente seleccionadas para aprovechar el potencial sin explotar de la microbiota intestinal de los ni\u00f1os, y Vitamina D3 que refuerza la inmunidad en las cantidades esenciales para los ni\u00f1os.<\/p>\n<p><strong>Principales beneficios para la salud de Defencia Kids:<\/strong><\/p>\n<ul>\n<li><strong>Refuerzo del sistema inmunitario:<\/strong><\/li>\n<\/ul>\n<p>Defencia Kids est\u00e1 formulado para reforzar las defensas naturales de los ni\u00f1os, ayudando a protegerles frente a infecciones comunes como los resfriados y la gripe.<\/p>\n<ul>\n<li><strong>Mantenimiento de la salud intestinal:<\/strong><\/li>\n<\/ul>\n<p>El suplemento contiene probi\u00f3ticos que ayudan a mantener un equilibrio saludable de la microbiota intestinal, esencial para una buena digesti\u00f3n y un sistema inmunol\u00f3gico robusto.<\/p>\n<ul>\n<li><strong>Apoyo nutricional:<\/strong><\/li>\n<\/ul>\n<p>Proporciona nutrientes esenciales que contribuyen al desarrollo y crecimiento saludables de los ni\u00f1os.<\/p>\n<p><strong>PRESENTACI\u00d3N<\/strong><\/p>\n<p>30 sobres.<\/p>\n<p>&nbsp;<\/p>\n","protected":false},"excerpt":{"rendered":"<p>Defencia Kids es un complemento probi\u00f3tico de uso diario que contribuye a mantener y refuerzar la salud y el bienestar de los ni\u00f1os. [&#8230;]<\/p>\n<p><a class=\"btn btn-secondary understrap-read-more-link\" href=\"https:\/\/www.lifenatura.com\/es\/produto\/defencia-kids-30-saquetas-symbiosys\/\">Leer m\u00e1s&#8230;<span class=\"screen-reader-text\"> from Defencia Kids 30 saquetas &#8211; Symbiosys<\/span><\/a><\/p>\n","protected":false},"featured_media":22335,"template":"","meta":{"_acf_changed":false},"product_brand":[8371],"product_cat":[7659,7180,7770,7183,7179],"product_tag":[],"class_list":{"0":"post-41202","1":"product","2":"type-product","3":"status-publish","4":"has-post-thumbnail","6":"product_brand-symbiosys","7":"product_cat-ingrediente-natural-bio","8":"product_cat-para-los-ninos","9":"product_cat-probioticos-es","10":"product_cat-reforza-la-inmunidad","11":"product_cat-salud","13":"first","14":"instock","15":"sale","16":"shipping-taxable","17":"purchasable","18":"product-type-simple","19":"add-to-wishlist-before_image"},"acf":[],"yoast_head":"<!-- This site is optimized with the Yoast SEO Premium plugin v27.1 (Yoast SEO v27.5) - https:\/\/yoast.com\/product\/yoast-seo-premium-wordpress\/ -->\n<title>Defencia Kids 30 saquetas Symbiosys - Lifenatura<\/title>\n<meta name=\"description\" content=\"Defencia Kids es un complemento probi\u00f3tico de uso diario que contribuye a mantener y refuerzar la salud y el bienestar de los ni\u00f1os.\" \/>\n<meta name=\"robots\" content=\"index, follow, max-snippet:-1, max-image-preview:large, max-video-preview:-1\" \/>\n<link rel=\"canonical\" href=\"https:\/\/www.lifenatura.com\/es\/produto\/defencia-kids-30-saquetas-symbiosys\/\" \/>\n<meta property=\"og:locale\" content=\"es_ES\" \/>\n<meta property=\"og:type\" content=\"article\" \/>\n<meta property=\"og:title\" content=\"Defencia Kids 30 saquetas - Symbiosys - Na Lifenatura ao Melhor Pre\u00e7o | Envio 48h\" \/>\n<meta property=\"og:description\" content=\"Compre Defencia Kids 30 saquetas - Symbiosys com envio r\u00e1pido. Entrega em 48h e portes gr\u00e1tis em compras &gt;35\u20ac. Aproveite j\u00e1 na Lifenatura\" \/>\n<meta property=\"og:url\" content=\"https:\/\/www.lifenatura.com\/es\/produto\/defencia-kids-30-saquetas-symbiosys\/\" \/>\n<meta property=\"og:site_name\" content=\"Lifenatura\" \/>\n<meta property=\"article:publisher\" content=\"https:\/\/www.facebook.com\/lifenatura\" \/>\n<meta property=\"article:modified_time\" content=\"2025-02-02T00:04:18+00:00\" \/>\n<meta property=\"og:image\" content=\"https:\/\/www.lifenatura.com\/wp-content\/uploads\/2021\/09\/gd_symbiosys_defencia_kids_30_saquetas.jpg\" \/>\n\t<meta property=\"og:image:width\" content=\"1000\" \/>\n\t<meta property=\"og:image:height\" content=\"1000\" \/>\n\t<meta property=\"og:image:type\" content=\"image\/jpeg\" \/>\n<meta name=\"twitter:card\" content=\"summary_large_image\" \/>\n<meta name=\"twitter:label1\" content=\"Precio\" \/>\n\t<meta name=\"twitter:data1\" content=\"14,50&nbsp;&euro;\" \/>\n\t<meta name=\"twitter:label2\" content=\"Disponibilidad\" \/>\n\t<meta name=\"twitter:data2\" content=\"Disponible\" \/>\n<script type=\"application\/ld+json\" class=\"yoast-schema-graph\">{\"@context\":\"https:\\\/\\\/schema.org\",\"@graph\":[{\"@type\":\"WebPage\",\"@id\":\"https:\\\/\\\/www.lifenatura.com\\\/es\\\/produto\\\/defencia-kids-30-saquetas-symbiosys\\\/\",\"url\":\"https:\\\/\\\/www.lifenatura.com\\\/es\\\/produto\\\/defencia-kids-30-saquetas-symbiosys\\\/\",\"name\":\"Defencia Kids 30 saquetas Symbiosys - Lifenatura\",\"isPartOf\":{\"@id\":\"https:\\\/\\\/www.lifenatura.com\\\/es\\\/#website\"},\"primaryImageOfPage\":{\"@id\":\"https:\\\/\\\/www.lifenatura.com\\\/es\\\/produto\\\/defencia-kids-30-saquetas-symbiosys\\\/#primaryimage\"},\"image\":{\"@id\":\"https:\\\/\\\/www.lifenatura.com\\\/es\\\/produto\\\/defencia-kids-30-saquetas-symbiosys\\\/#primaryimage\"},\"thumbnailUrl\":\"https:\\\/\\\/www.lifenatura.com\\\/wp-content\\\/uploads\\\/2021\\\/09\\\/gd_symbiosys_defencia_kids_30_saquetas.jpg\",\"datePublished\":\"2021-09-30T10:53:49+00:00\",\"dateModified\":\"2025-02-02T00:04:18+00:00\",\"description\":\"Defencia Kids es un complemento probi\u00f3tico de uso diario que contribuye a mantener y refuerzar la salud y el bienestar de los ni\u00f1os.\",\"breadcrumb\":{\"@id\":\"https:\\\/\\\/www.lifenatura.com\\\/es\\\/produto\\\/defencia-kids-30-saquetas-symbiosys\\\/#breadcrumb\"},\"inLanguage\":\"es\",\"potentialAction\":[{\"@type\":\"ReadAction\",\"target\":[\"https:\\\/\\\/www.lifenatura.com\\\/es\\\/produto\\\/defencia-kids-30-saquetas-symbiosys\\\/\"]}]},{\"@type\":\"ImageObject\",\"inLanguage\":\"es\",\"@id\":\"https:\\\/\\\/www.lifenatura.com\\\/es\\\/produto\\\/defencia-kids-30-saquetas-symbiosys\\\/#primaryimage\",\"url\":\"https:\\\/\\\/www.lifenatura.com\\\/wp-content\\\/uploads\\\/2021\\\/09\\\/gd_symbiosys_defencia_kids_30_saquetas.jpg\",\"contentUrl\":\"https:\\\/\\\/www.lifenatura.com\\\/wp-content\\\/uploads\\\/2021\\\/09\\\/gd_symbiosys_defencia_kids_30_saquetas.jpg\",\"width\":1000,\"height\":1000,\"caption\":\"Defencia Kids 30 saquetas - Symbiosys\"},{\"@type\":\"BreadcrumbList\",\"@id\":\"https:\\\/\\\/www.lifenatura.com\\\/es\\\/produto\\\/defencia-kids-30-saquetas-symbiosys\\\/#breadcrumb\",\"itemListElement\":[{\"@type\":\"ListItem\",\"position\":1,\"name\":\"In\u00edcio\",\"item\":\"https:\\\/\\\/www.lifenatura.com\\\/es\\\/\"},{\"@type\":\"ListItem\",\"position\":2,\"name\":\"Todos los Productos\",\"item\":\"https:\\\/\\\/www.lifenatura.com\\\/es\\\/tienda\\\/\"},{\"@type\":\"ListItem\",\"position\":3,\"name\":\"Defencia Kids 30 saquetas &#8211; Symbiosys\"}]},{\"@type\":\"WebSite\",\"@id\":\"https:\\\/\\\/www.lifenatura.com\\\/es\\\/#website\",\"url\":\"https:\\\/\\\/www.lifenatura.com\\\/es\\\/\",\"name\":\"Lifenatura\",\"description\":\"A Lifenatura \u00e9 uma loja de produtos naturais, cosm\u00e9tica natural e alimenta\u00e7\u00e3o Biol\u00f3gica.\",\"publisher\":{\"@id\":\"https:\\\/\\\/www.lifenatura.com\\\/es\\\/#organization\"},\"potentialAction\":[{\"@type\":\"SearchAction\",\"target\":{\"@type\":\"EntryPoint\",\"urlTemplate\":\"https:\\\/\\\/www.lifenatura.com\\\/es\\\/?s={search_term_string}\"},\"query-input\":{\"@type\":\"PropertyValueSpecification\",\"valueRequired\":true,\"valueName\":\"search_term_string\"}}],\"inLanguage\":\"es\"},{\"@type\":\"Organization\",\"@id\":\"https:\\\/\\\/www.lifenatura.com\\\/es\\\/#organization\",\"name\":\"Lifenatura\",\"url\":\"https:\\\/\\\/www.lifenatura.com\\\/es\\\/\",\"logo\":{\"@type\":\"ImageObject\",\"inLanguage\":\"es\",\"@id\":\"https:\\\/\\\/www.lifenatura.com\\\/es\\\/#\\\/schema\\\/logo\\\/image\\\/\",\"url\":\"https:\\\/\\\/www.lifenatura.com\\\/wp-content\\\/uploads\\\/2021\\\/07\\\/logo.png\",\"contentUrl\":\"https:\\\/\\\/www.lifenatura.com\\\/wp-content\\\/uploads\\\/2021\\\/07\\\/logo.png\",\"width\":175,\"height\":55,\"caption\":\"Lifenatura\"},\"image\":{\"@id\":\"https:\\\/\\\/www.lifenatura.com\\\/es\\\/#\\\/schema\\\/logo\\\/image\\\/\"},\"sameAs\":[\"https:\\\/\\\/www.facebook.com\\\/lifenatura\",\"https:\\\/\\\/www.instagram.com\\\/lifenaturapt\\\/\"],\"hasMerchantReturnPolicy\":{\"@type\":\"MerchantReturnPolicy\",\"merchantReturnLink\":\"https:\\\/\\\/www.lifenatura.com\\\/termos-condicoes-lifenatura\\\/\"}}]}<\/script>\n<meta property=\"product:price:amount\" content=\"14.50\" \/>\n<meta property=\"product:price:currency\" content=\"EUR\" \/>\n<meta property=\"og:availability\" content=\"instock\" \/>\n<meta property=\"product:availability\" content=\"instock\" \/>\n<meta property=\"product:retailer_item_id\" content=\"6364075\" \/>\n<meta property=\"product:condition\" content=\"new\" \/>\n<!-- \/ Yoast SEO Premium plugin. -->","yoast_head_json":{"title":"Defencia Kids 30 saquetas Symbiosys - Lifenatura","description":"Defencia Kids es un complemento probi\u00f3tico de uso diario que contribuye a mantener y refuerzar la salud y el bienestar de los ni\u00f1os.","robots":{"index":"index","follow":"follow","max-snippet":"max-snippet:-1","max-image-preview":"max-image-preview:large","max-video-preview":"max-video-preview:-1"},"canonical":"https:\/\/www.lifenatura.com\/es\/produto\/defencia-kids-30-saquetas-symbiosys\/","og_locale":"es_ES","og_type":"article","og_title":"Defencia Kids 30 saquetas - Symbiosys - Na Lifenatura ao Melhor Pre\u00e7o | Envio 48h","og_description":"Compre Defencia Kids 30 saquetas - Symbiosys com envio r\u00e1pido. Entrega em 48h e portes gr\u00e1tis em compras >35\u20ac. Aproveite j\u00e1 na Lifenatura","og_url":"https:\/\/www.lifenatura.com\/es\/produto\/defencia-kids-30-saquetas-symbiosys\/","og_site_name":"Lifenatura","article_publisher":"https:\/\/www.facebook.com\/lifenatura","article_modified_time":"2025-02-02T00:04:18+00:00","og_image":[{"width":1000,"height":1000,"url":"https:\/\/www.lifenatura.com\/wp-content\/uploads\/2021\/09\/gd_symbiosys_defencia_kids_30_saquetas.jpg","type":"image\/jpeg"}],"twitter_card":"summary_large_image","twitter_misc":{"Precio":"14,50&nbsp;&euro;","Disponibilidad":"Disponible"},"schema":{"@context":"https:\/\/schema.org","@graph":[{"@type":"WebPage","@id":"https:\/\/www.lifenatura.com\/es\/produto\/defencia-kids-30-saquetas-symbiosys\/","url":"https:\/\/www.lifenatura.com\/es\/produto\/defencia-kids-30-saquetas-symbiosys\/","name":"Defencia Kids 30 saquetas Symbiosys - Lifenatura","isPartOf":{"@id":"https:\/\/www.lifenatura.com\/es\/#website"},"primaryImageOfPage":{"@id":"https:\/\/www.lifenatura.com\/es\/produto\/defencia-kids-30-saquetas-symbiosys\/#primaryimage"},"image":{"@id":"https:\/\/www.lifenatura.com\/es\/produto\/defencia-kids-30-saquetas-symbiosys\/#primaryimage"},"thumbnailUrl":"https:\/\/www.lifenatura.com\/wp-content\/uploads\/2021\/09\/gd_symbiosys_defencia_kids_30_saquetas.jpg","datePublished":"2021-09-30T10:53:49+00:00","dateModified":"2025-02-02T00:04:18+00:00","description":"Defencia Kids es un complemento probi\u00f3tico de uso diario que contribuye a mantener y refuerzar la salud y el bienestar de los ni\u00f1os.","breadcrumb":{"@id":"https:\/\/www.lifenatura.com\/es\/produto\/defencia-kids-30-saquetas-symbiosys\/#breadcrumb"},"inLanguage":"es","potentialAction":[{"@type":"ReadAction","target":["https:\/\/www.lifenatura.com\/es\/produto\/defencia-kids-30-saquetas-symbiosys\/"]}]},{"@type":"ImageObject","inLanguage":"es","@id":"https:\/\/www.lifenatura.com\/es\/produto\/defencia-kids-30-saquetas-symbiosys\/#primaryimage","url":"https:\/\/www.lifenatura.com\/wp-content\/uploads\/2021\/09\/gd_symbiosys_defencia_kids_30_saquetas.jpg","contentUrl":"https:\/\/www.lifenatura.com\/wp-content\/uploads\/2021\/09\/gd_symbiosys_defencia_kids_30_saquetas.jpg","width":1000,"height":1000,"caption":"Defencia Kids 30 saquetas - Symbiosys"},{"@type":"BreadcrumbList","@id":"https:\/\/www.lifenatura.com\/es\/produto\/defencia-kids-30-saquetas-symbiosys\/#breadcrumb","itemListElement":[{"@type":"ListItem","position":1,"name":"In\u00edcio","item":"https:\/\/www.lifenatura.com\/es\/"},{"@type":"ListItem","position":2,"name":"Todos los Productos","item":"https:\/\/www.lifenatura.com\/es\/tienda\/"},{"@type":"ListItem","position":3,"name":"Defencia Kids 30 saquetas &#8211; Symbiosys"}]},{"@type":"WebSite","@id":"https:\/\/www.lifenatura.com\/es\/#website","url":"https:\/\/www.lifenatura.com\/es\/","name":"Lifenatura","description":"A Lifenatura \u00e9 uma loja de produtos naturais, cosm\u00e9tica natural e alimenta\u00e7\u00e3o Biol\u00f3gica.","publisher":{"@id":"https:\/\/www.lifenatura.com\/es\/#organization"},"potentialAction":[{"@type":"SearchAction","target":{"@type":"EntryPoint","urlTemplate":"https:\/\/www.lifenatura.com\/es\/?s={search_term_string}"},"query-input":{"@type":"PropertyValueSpecification","valueRequired":true,"valueName":"search_term_string"}}],"inLanguage":"es"},{"@type":"Organization","@id":"https:\/\/www.lifenatura.com\/es\/#organization","name":"Lifenatura","url":"https:\/\/www.lifenatura.com\/es\/","logo":{"@type":"ImageObject","inLanguage":"es","@id":"https:\/\/www.lifenatura.com\/es\/#\/schema\/logo\/image\/","url":"https:\/\/www.lifenatura.com\/wp-content\/uploads\/2021\/07\/logo.png","contentUrl":"https:\/\/www.lifenatura.com\/wp-content\/uploads\/2021\/07\/logo.png","width":175,"height":55,"caption":"Lifenatura"},"image":{"@id":"https:\/\/www.lifenatura.com\/es\/#\/schema\/logo\/image\/"},"sameAs":["https:\/\/www.facebook.com\/lifenatura","https:\/\/www.instagram.com\/lifenaturapt\/"],"hasMerchantReturnPolicy":{"@type":"MerchantReturnPolicy","merchantReturnLink":"https:\/\/www.lifenatura.com\/termos-condicoes-lifenatura\/"}}]},"product_price_amount":"14.50","product_price_currency":"EUR","og_availability":"instock","product_availability":"instock","product_retailer_item_id":"6364075","product_condition":"new"},"df_price":14.5,"df_sale_price":14.5,"df_regular_price":16.9,"df_image_link":"https:\/\/www.lifenatura.com\/wp-content\/uploads\/2021\/09\/gd_symbiosys_defencia_kids_30_saquetas-300x300.jpg","_links":{"self":[{"href":"https:\/\/www.lifenatura.com\/es\/wp-json\/wp\/v2\/product\/41202","targetHints":{"allow":["GET"]}}],"collection":[{"href":"https:\/\/www.lifenatura.com\/es\/wp-json\/wp\/v2\/product"}],"about":[{"href":"https:\/\/www.lifenatura.com\/es\/wp-json\/wp\/v2\/types\/product"}],"wp:featuredmedia":[{"embeddable":true,"href":"https:\/\/www.lifenatura.com\/es\/wp-json\/wp\/v2\/media\/22335"}],"wp:attachment":[{"href":"https:\/\/www.lifenatura.com\/es\/wp-json\/wp\/v2\/media?parent=41202"}],"wp:term":[{"taxonomy":"product_brand","embeddable":true,"href":"https:\/\/www.lifenatura.com\/es\/wp-json\/wp\/v2\/product_brand?post=41202"},{"taxonomy":"product_cat","embeddable":true,"href":"https:\/\/www.lifenatura.com\/es\/wp-json\/wp\/v2\/product_cat?post=41202"},{"taxonomy":"product_tag","embeddable":true,"href":"https:\/\/www.lifenatura.com\/es\/wp-json\/wp\/v2\/product_tag?post=41202"}],"curies":[{"name":"wp","href":"https:\/\/api.w.org\/{rel}","templated":true}]}}