{"id":41201,"date":"2021-09-30T10:53:49","date_gmt":"2021-09-30T10:53:49","guid":{"rendered":"https:\/\/lifenatura.dev.agenciagetdigital.com\/produto\/cystalia-30-saquetas-symbiosys\/"},"modified":"2025-02-02T00:04:17","modified_gmt":"2025-02-02T00:04:17","slug":"cystalia-30-saquetas-symbiosys","status":"publish","type":"product","link":"https:\/\/www.lifenatura.com\/es\/produto\/cystalia-30-saquetas-symbiosys\/","title":{"rendered":"Cystalia 30 saquetas &#8211; Symbiosys"},"content":{"rendered":"<h2 style=\"text-align: left;\"><strong>Cystalia equilibra el tracto urinario de la mujer con probi\u00f3ticos<\/strong><\/h2>\n<p>&nbsp;<\/p>\n<p>Cystalia es un probi\u00f3tico, desarrollado para ayudar a mantener el equilibrio del tracto urinario en casos de molestias urinarias persistentes. Formulado con las cepas bacterianas seleccionadas Lactobacillus rhamnosus LR06 y Lactobacillus plantarum LP02 asociadas al ar\u00e1ndano rojo.<\/p>\n<p>Cystalia contiene las cepas bacterianas Lactobacillus rhamnosus LR06 y Lactobacillus plantarum LP02, avaladas por varios estudios cient\u00edficos. Estas cepas est\u00e1n protegidas de la acidez g\u00e1strica por un m\u00e9todo patentado de microencapsulaci\u00f3n.<\/p>\n<p><strong>Principales beneficios de Cystalia para la salud:<\/strong><\/p>\n<ul>\n<li><strong>Apoyo a la salud urinaria:<\/strong><\/li>\n<\/ul>\n<p>Cystalia est\u00e1 formulado para promover la salud del tracto urinario, ayudando a prevenir infecciones recurrentes del tracto urinario y manteniendo un equilibrio saludable de la microbiota urinaria.<\/p>\n<ul>\n<li><strong>Alivia los S\u00edntomas de las Infecciones del Tracto Urinario:<\/strong><\/li>\n<\/ul>\n<p>Ayuda a aliviar los s\u00edntomas comunes de las infecciones del tracto urinario, como dolor, ardor y ganas frecuentes de orinar, proporcionando un alivio r\u00e1pido y eficaz.<\/p>\n<ul>\n<li><strong>Refuerza la Inmunidad:<\/strong><\/li>\n<\/ul>\n<p>Las cepas probi\u00f3ticas presentes en Cystalia ayudan a fortalecer el sistema inmunol\u00f3gico, mejorando la capacidad del cuerpo para combatir pat\u00f3genos e infecciones.<\/p>\n<p>Tambi\u00e9n contiene ar\u00e1ndano rojo, una conocida planta tradicionalmente nativa de Am\u00e9rica del Norte.<\/p>\n<p><strong>PRESENTACI\u00d3N<\/strong><\/p>\n<p>30 sobres<\/p>\n<p>&nbsp;<\/p>\n","protected":false},"excerpt":{"rendered":"<p>Cystalia es un probi\u00f3tico, desarrollado para ayudar a mantener el equilibrio del tracto urinario en casos de molestias urinarias persistentes. [&#8230;]<\/p>\n<p><a class=\"btn btn-secondary understrap-read-more-link\" href=\"https:\/\/www.lifenatura.com\/es\/produto\/cystalia-30-saquetas-symbiosys\/\">Leer m\u00e1s&#8230;<span class=\"screen-reader-text\"> from Cystalia 30 saquetas &#8211; Symbiosys<\/span><\/a><\/p>\n","protected":false},"featured_media":22334,"template":"","meta":{"_acf_changed":false},"product_brand":[8371],"product_cat":[7249,7659,7770,7179],"product_tag":[],"class_list":{"0":"post-41201","1":"product","2":"type-product","3":"status-publish","4":"has-post-thumbnail","6":"product_brand-symbiosys","7":"product_cat-infecciones-urinarias","8":"product_cat-ingrediente-natural-bio","9":"product_cat-probioticos-es","10":"product_cat-salud","12":"first","13":"instock","14":"sale","15":"shipping-taxable","16":"purchasable","17":"product-type-simple","18":"add-to-wishlist-before_image"},"acf":[],"yoast_head":"<!-- This site is optimized with the Yoast SEO Premium plugin v27.1 (Yoast SEO v27.5) - https:\/\/yoast.com\/product\/yoast-seo-premium-wordpress\/ -->\n<title>Cystalia 30 saquetas Symbiosys - Lifenatura<\/title>\n<meta name=\"description\" content=\"Cystalia es un probi\u00f3tico, desarrollado para ayudar a mantener el equilibrio del tracto urinario en casos de molestias urinarias persistentes.\" \/>\n<meta name=\"robots\" content=\"index, follow, max-snippet:-1, max-image-preview:large, max-video-preview:-1\" \/>\n<link rel=\"canonical\" href=\"https:\/\/www.lifenatura.com\/es\/produto\/cystalia-30-saquetas-symbiosys\/\" \/>\n<meta property=\"og:locale\" content=\"es_ES\" \/>\n<meta property=\"og:type\" content=\"article\" \/>\n<meta property=\"og:title\" content=\"Cystalia 30 saquetas - Symbiosys - Na Lifenatura ao Melhor Pre\u00e7o | Envio 48h\" \/>\n<meta property=\"og:description\" content=\"Compre Cystalia 30 saquetas - Symbiosys com envio r\u00e1pido. Entrega em 48h e portes gr\u00e1tis em compras &gt;35\u20ac. Aproveite j\u00e1 na Lifenatura\" \/>\n<meta property=\"og:url\" content=\"https:\/\/www.lifenatura.com\/es\/produto\/cystalia-30-saquetas-symbiosys\/\" \/>\n<meta property=\"og:site_name\" content=\"Lifenatura\" \/>\n<meta property=\"article:publisher\" content=\"https:\/\/www.facebook.com\/lifenatura\" \/>\n<meta property=\"article:modified_time\" content=\"2025-02-02T00:04:17+00:00\" \/>\n<meta property=\"og:image\" content=\"https:\/\/www.lifenatura.com\/wp-content\/uploads\/2021\/09\/gd_symbiosys_cystalia_30_saquetas.jpg\" \/>\n\t<meta property=\"og:image:width\" content=\"1000\" \/>\n\t<meta property=\"og:image:height\" content=\"1000\" \/>\n\t<meta property=\"og:image:type\" content=\"image\/jpeg\" \/>\n<meta name=\"twitter:card\" content=\"summary_large_image\" \/>\n<meta name=\"twitter:label1\" content=\"Precio\" \/>\n\t<meta name=\"twitter:data1\" content=\"14,50&nbsp;&euro;\" \/>\n\t<meta name=\"twitter:label2\" content=\"Disponibilidad\" \/>\n\t<meta name=\"twitter:data2\" content=\"Disponible\" \/>\n<script type=\"application\/ld+json\" class=\"yoast-schema-graph\">{\"@context\":\"https:\\\/\\\/schema.org\",\"@graph\":[{\"@type\":\"WebPage\",\"@id\":\"https:\\\/\\\/www.lifenatura.com\\\/es\\\/produto\\\/cystalia-30-saquetas-symbiosys\\\/\",\"url\":\"https:\\\/\\\/www.lifenatura.com\\\/es\\\/produto\\\/cystalia-30-saquetas-symbiosys\\\/\",\"name\":\"Cystalia 30 saquetas Symbiosys - Lifenatura\",\"isPartOf\":{\"@id\":\"https:\\\/\\\/www.lifenatura.com\\\/es\\\/#website\"},\"primaryImageOfPage\":{\"@id\":\"https:\\\/\\\/www.lifenatura.com\\\/es\\\/produto\\\/cystalia-30-saquetas-symbiosys\\\/#primaryimage\"},\"image\":{\"@id\":\"https:\\\/\\\/www.lifenatura.com\\\/es\\\/produto\\\/cystalia-30-saquetas-symbiosys\\\/#primaryimage\"},\"thumbnailUrl\":\"https:\\\/\\\/www.lifenatura.com\\\/wp-content\\\/uploads\\\/2021\\\/09\\\/gd_symbiosys_cystalia_30_saquetas.jpg\",\"datePublished\":\"2021-09-30T10:53:49+00:00\",\"dateModified\":\"2025-02-02T00:04:17+00:00\",\"description\":\"Cystalia es un probi\u00f3tico, desarrollado para ayudar a mantener el equilibrio del tracto urinario en casos de molestias urinarias persistentes.\",\"breadcrumb\":{\"@id\":\"https:\\\/\\\/www.lifenatura.com\\\/es\\\/produto\\\/cystalia-30-saquetas-symbiosys\\\/#breadcrumb\"},\"inLanguage\":\"es\",\"potentialAction\":[{\"@type\":\"ReadAction\",\"target\":[\"https:\\\/\\\/www.lifenatura.com\\\/es\\\/produto\\\/cystalia-30-saquetas-symbiosys\\\/\"]}]},{\"@type\":\"ImageObject\",\"inLanguage\":\"es\",\"@id\":\"https:\\\/\\\/www.lifenatura.com\\\/es\\\/produto\\\/cystalia-30-saquetas-symbiosys\\\/#primaryimage\",\"url\":\"https:\\\/\\\/www.lifenatura.com\\\/wp-content\\\/uploads\\\/2021\\\/09\\\/gd_symbiosys_cystalia_30_saquetas.jpg\",\"contentUrl\":\"https:\\\/\\\/www.lifenatura.com\\\/wp-content\\\/uploads\\\/2021\\\/09\\\/gd_symbiosys_cystalia_30_saquetas.jpg\",\"width\":1000,\"height\":1000,\"caption\":\"Cystalia 30 saquetas - Symbiosys\"},{\"@type\":\"BreadcrumbList\",\"@id\":\"https:\\\/\\\/www.lifenatura.com\\\/es\\\/produto\\\/cystalia-30-saquetas-symbiosys\\\/#breadcrumb\",\"itemListElement\":[{\"@type\":\"ListItem\",\"position\":1,\"name\":\"In\u00edcio\",\"item\":\"https:\\\/\\\/www.lifenatura.com\\\/es\\\/\"},{\"@type\":\"ListItem\",\"position\":2,\"name\":\"Todos los Productos\",\"item\":\"https:\\\/\\\/www.lifenatura.com\\\/es\\\/tienda\\\/\"},{\"@type\":\"ListItem\",\"position\":3,\"name\":\"Cystalia 30 saquetas &#8211; Symbiosys\"}]},{\"@type\":\"WebSite\",\"@id\":\"https:\\\/\\\/www.lifenatura.com\\\/es\\\/#website\",\"url\":\"https:\\\/\\\/www.lifenatura.com\\\/es\\\/\",\"name\":\"Lifenatura\",\"description\":\"A Lifenatura \u00e9 uma loja de produtos naturais, cosm\u00e9tica natural e alimenta\u00e7\u00e3o Biol\u00f3gica.\",\"publisher\":{\"@id\":\"https:\\\/\\\/www.lifenatura.com\\\/es\\\/#organization\"},\"potentialAction\":[{\"@type\":\"SearchAction\",\"target\":{\"@type\":\"EntryPoint\",\"urlTemplate\":\"https:\\\/\\\/www.lifenatura.com\\\/es\\\/?s={search_term_string}\"},\"query-input\":{\"@type\":\"PropertyValueSpecification\",\"valueRequired\":true,\"valueName\":\"search_term_string\"}}],\"inLanguage\":\"es\"},{\"@type\":\"Organization\",\"@id\":\"https:\\\/\\\/www.lifenatura.com\\\/es\\\/#organization\",\"name\":\"Lifenatura\",\"url\":\"https:\\\/\\\/www.lifenatura.com\\\/es\\\/\",\"logo\":{\"@type\":\"ImageObject\",\"inLanguage\":\"es\",\"@id\":\"https:\\\/\\\/www.lifenatura.com\\\/es\\\/#\\\/schema\\\/logo\\\/image\\\/\",\"url\":\"https:\\\/\\\/www.lifenatura.com\\\/wp-content\\\/uploads\\\/2021\\\/07\\\/logo.png\",\"contentUrl\":\"https:\\\/\\\/www.lifenatura.com\\\/wp-content\\\/uploads\\\/2021\\\/07\\\/logo.png\",\"width\":175,\"height\":55,\"caption\":\"Lifenatura\"},\"image\":{\"@id\":\"https:\\\/\\\/www.lifenatura.com\\\/es\\\/#\\\/schema\\\/logo\\\/image\\\/\"},\"sameAs\":[\"https:\\\/\\\/www.facebook.com\\\/lifenatura\",\"https:\\\/\\\/www.instagram.com\\\/lifenaturapt\\\/\"],\"hasMerchantReturnPolicy\":{\"@type\":\"MerchantReturnPolicy\",\"merchantReturnLink\":\"https:\\\/\\\/www.lifenatura.com\\\/termos-condicoes-lifenatura\\\/\"}}]}<\/script>\n<meta property=\"product:price:amount\" content=\"14.50\" \/>\n<meta property=\"product:price:currency\" content=\"EUR\" \/>\n<meta property=\"og:availability\" content=\"instock\" \/>\n<meta property=\"product:availability\" content=\"instock\" \/>\n<meta property=\"product:retailer_item_id\" content=\"6364059\" \/>\n<meta property=\"product:condition\" content=\"new\" \/>\n<!-- \/ Yoast SEO Premium plugin. -->","yoast_head_json":{"title":"Cystalia 30 saquetas Symbiosys - Lifenatura","description":"Cystalia es un probi\u00f3tico, desarrollado para ayudar a mantener el equilibrio del tracto urinario en casos de molestias urinarias persistentes.","robots":{"index":"index","follow":"follow","max-snippet":"max-snippet:-1","max-image-preview":"max-image-preview:large","max-video-preview":"max-video-preview:-1"},"canonical":"https:\/\/www.lifenatura.com\/es\/produto\/cystalia-30-saquetas-symbiosys\/","og_locale":"es_ES","og_type":"article","og_title":"Cystalia 30 saquetas - Symbiosys - Na Lifenatura ao Melhor Pre\u00e7o | Envio 48h","og_description":"Compre Cystalia 30 saquetas - Symbiosys com envio r\u00e1pido. Entrega em 48h e portes gr\u00e1tis em compras >35\u20ac. Aproveite j\u00e1 na Lifenatura","og_url":"https:\/\/www.lifenatura.com\/es\/produto\/cystalia-30-saquetas-symbiosys\/","og_site_name":"Lifenatura","article_publisher":"https:\/\/www.facebook.com\/lifenatura","article_modified_time":"2025-02-02T00:04:17+00:00","og_image":[{"width":1000,"height":1000,"url":"https:\/\/www.lifenatura.com\/wp-content\/uploads\/2021\/09\/gd_symbiosys_cystalia_30_saquetas.jpg","type":"image\/jpeg"}],"twitter_card":"summary_large_image","twitter_misc":{"Precio":"14,50&nbsp;&euro;","Disponibilidad":"Disponible"},"schema":{"@context":"https:\/\/schema.org","@graph":[{"@type":"WebPage","@id":"https:\/\/www.lifenatura.com\/es\/produto\/cystalia-30-saquetas-symbiosys\/","url":"https:\/\/www.lifenatura.com\/es\/produto\/cystalia-30-saquetas-symbiosys\/","name":"Cystalia 30 saquetas Symbiosys - Lifenatura","isPartOf":{"@id":"https:\/\/www.lifenatura.com\/es\/#website"},"primaryImageOfPage":{"@id":"https:\/\/www.lifenatura.com\/es\/produto\/cystalia-30-saquetas-symbiosys\/#primaryimage"},"image":{"@id":"https:\/\/www.lifenatura.com\/es\/produto\/cystalia-30-saquetas-symbiosys\/#primaryimage"},"thumbnailUrl":"https:\/\/www.lifenatura.com\/wp-content\/uploads\/2021\/09\/gd_symbiosys_cystalia_30_saquetas.jpg","datePublished":"2021-09-30T10:53:49+00:00","dateModified":"2025-02-02T00:04:17+00:00","description":"Cystalia es un probi\u00f3tico, desarrollado para ayudar a mantener el equilibrio del tracto urinario en casos de molestias urinarias persistentes.","breadcrumb":{"@id":"https:\/\/www.lifenatura.com\/es\/produto\/cystalia-30-saquetas-symbiosys\/#breadcrumb"},"inLanguage":"es","potentialAction":[{"@type":"ReadAction","target":["https:\/\/www.lifenatura.com\/es\/produto\/cystalia-30-saquetas-symbiosys\/"]}]},{"@type":"ImageObject","inLanguage":"es","@id":"https:\/\/www.lifenatura.com\/es\/produto\/cystalia-30-saquetas-symbiosys\/#primaryimage","url":"https:\/\/www.lifenatura.com\/wp-content\/uploads\/2021\/09\/gd_symbiosys_cystalia_30_saquetas.jpg","contentUrl":"https:\/\/www.lifenatura.com\/wp-content\/uploads\/2021\/09\/gd_symbiosys_cystalia_30_saquetas.jpg","width":1000,"height":1000,"caption":"Cystalia 30 saquetas - Symbiosys"},{"@type":"BreadcrumbList","@id":"https:\/\/www.lifenatura.com\/es\/produto\/cystalia-30-saquetas-symbiosys\/#breadcrumb","itemListElement":[{"@type":"ListItem","position":1,"name":"In\u00edcio","item":"https:\/\/www.lifenatura.com\/es\/"},{"@type":"ListItem","position":2,"name":"Todos los Productos","item":"https:\/\/www.lifenatura.com\/es\/tienda\/"},{"@type":"ListItem","position":3,"name":"Cystalia 30 saquetas &#8211; Symbiosys"}]},{"@type":"WebSite","@id":"https:\/\/www.lifenatura.com\/es\/#website","url":"https:\/\/www.lifenatura.com\/es\/","name":"Lifenatura","description":"A Lifenatura \u00e9 uma loja de produtos naturais, cosm\u00e9tica natural e alimenta\u00e7\u00e3o Biol\u00f3gica.","publisher":{"@id":"https:\/\/www.lifenatura.com\/es\/#organization"},"potentialAction":[{"@type":"SearchAction","target":{"@type":"EntryPoint","urlTemplate":"https:\/\/www.lifenatura.com\/es\/?s={search_term_string}"},"query-input":{"@type":"PropertyValueSpecification","valueRequired":true,"valueName":"search_term_string"}}],"inLanguage":"es"},{"@type":"Organization","@id":"https:\/\/www.lifenatura.com\/es\/#organization","name":"Lifenatura","url":"https:\/\/www.lifenatura.com\/es\/","logo":{"@type":"ImageObject","inLanguage":"es","@id":"https:\/\/www.lifenatura.com\/es\/#\/schema\/logo\/image\/","url":"https:\/\/www.lifenatura.com\/wp-content\/uploads\/2021\/07\/logo.png","contentUrl":"https:\/\/www.lifenatura.com\/wp-content\/uploads\/2021\/07\/logo.png","width":175,"height":55,"caption":"Lifenatura"},"image":{"@id":"https:\/\/www.lifenatura.com\/es\/#\/schema\/logo\/image\/"},"sameAs":["https:\/\/www.facebook.com\/lifenatura","https:\/\/www.instagram.com\/lifenaturapt\/"],"hasMerchantReturnPolicy":{"@type":"MerchantReturnPolicy","merchantReturnLink":"https:\/\/www.lifenatura.com\/termos-condicoes-lifenatura\/"}}]},"product_price_amount":"14.50","product_price_currency":"EUR","og_availability":"instock","product_availability":"instock","product_retailer_item_id":"6364059","product_condition":"new"},"df_price":14.5,"df_sale_price":14.5,"df_regular_price":16.9,"df_image_link":"https:\/\/www.lifenatura.com\/wp-content\/uploads\/2021\/09\/gd_symbiosys_cystalia_30_saquetas-300x300.jpg","_links":{"self":[{"href":"https:\/\/www.lifenatura.com\/es\/wp-json\/wp\/v2\/product\/41201","targetHints":{"allow":["GET"]}}],"collection":[{"href":"https:\/\/www.lifenatura.com\/es\/wp-json\/wp\/v2\/product"}],"about":[{"href":"https:\/\/www.lifenatura.com\/es\/wp-json\/wp\/v2\/types\/product"}],"wp:featuredmedia":[{"embeddable":true,"href":"https:\/\/www.lifenatura.com\/es\/wp-json\/wp\/v2\/media\/22334"}],"wp:attachment":[{"href":"https:\/\/www.lifenatura.com\/es\/wp-json\/wp\/v2\/media?parent=41201"}],"wp:term":[{"taxonomy":"product_brand","embeddable":true,"href":"https:\/\/www.lifenatura.com\/es\/wp-json\/wp\/v2\/product_brand?post=41201"},{"taxonomy":"product_cat","embeddable":true,"href":"https:\/\/www.lifenatura.com\/es\/wp-json\/wp\/v2\/product_cat?post=41201"},{"taxonomy":"product_tag","embeddable":true,"href":"https:\/\/www.lifenatura.com\/es\/wp-json\/wp\/v2\/product_tag?post=41201"}],"curies":[{"name":"wp","href":"https:\/\/api.w.org\/{rel}","templated":true}]}}