{"id":41199,"date":"2021-09-30T10:53:49","date_gmt":"2021-09-30T10:53:49","guid":{"rendered":"https:\/\/lifenatura.dev.agenciagetdigital.com\/produto\/symbioflor-2-50-ml-symbiopharm\/"},"modified":"2025-02-02T00:04:16","modified_gmt":"2025-02-02T00:04:16","slug":"symbioflor-2-50-ml-symbiopharm","status":"publish","type":"product","link":"https:\/\/www.lifenatura.com\/es\/produto\/symbioflor-2-50-ml-symbiopharm\/","title":{"rendered":"Symbioflor 2 50 ml &#8211; Symbiopharm"},"content":{"rendered":"<h2><strong>Symbioflor 2 indicado contra el s\u00edndrome del intestino irritable<\/strong><\/h2>\n<p>&nbsp;<\/p>\n<p>Symbioflor 2 es un probi\u00f3tico que influye positivamente en la flora intestinal. El intestino es el mayor \u00f3rgano inmunitario interno del cuerpo, que est\u00e1 en contacto constante con el mundo exterior, y las bacterias E. coli son muy importantes para mantener la flora intestinal restablecida y sana.<\/p>\n<p>Seg\u00fan las estimaciones, alrededor de 11 millones de adultos padecen el s\u00edndrome del intestino irritable (SII). El s\u00edndrome del intestino irritable es un trastorno funcional del intestino. Las personas que padecen esta enfermedad experimentan s\u00edntomas como hinchaz\u00f3n, dolor abdominal, diarrea y estre\u00f1imiento.<\/p>\n<p>Symbioflor\u00ae 2 es un suplemento probi\u00f3tico con bacterias Escherichia coli vivas para el tratamiento del s\u00edndrome del intestino irritable.<\/p>\n<p>Este probi\u00f3tico act\u00faa beneficiosamente en el organismo, ayudando a restablecer y reforzar una flora intestinal sana. La flora intestinal desempe\u00f1a un papel crucial en la salud digestiva, la absorci\u00f3n de nutrientes y la funci\u00f3n inmunitaria, y Symbioflor 2 ayuda a mantener este equilibrio.<\/p>\n<p><strong>PRESENTACI\u00d3N<\/strong><\/p>\n<p>50 ml<\/p>\n<p>&nbsp;<\/p>\n","protected":false},"excerpt":{"rendered":"<p>Symbioflor 2 probi\u00f3tico con bacterias E. Coli, ayuda a promover el equilibrio de la flora intestinal y reforzar la ayuda contra el s\u00edndrome del intestino irritable. [&#8230;]<\/p>\n<p><a class=\"btn btn-secondary understrap-read-more-link\" href=\"https:\/\/www.lifenatura.com\/es\/produto\/symbioflor-2-50-ml-symbiopharm\/\">Leer m\u00e1s&#8230;<span class=\"screen-reader-text\"> from Symbioflor 2 50 ml &#8211; Symbiopharm<\/span><\/a><\/p>\n","protected":false},"featured_media":67297,"template":"","meta":{"_acf_changed":false},"product_brand":[8370],"product_cat":[7256,7659,7770,7179],"product_tag":[],"class_list":{"0":"post-41199","1":"product","2":"type-product","3":"status-publish","4":"has-post-thumbnail","6":"product_brand-symbio-pharm","7":"product_cat-flora-intestinal-salud","8":"product_cat-ingrediente-natural-bio","9":"product_cat-probioticos-es","10":"product_cat-salud","12":"first","13":"instock","14":"shipping-taxable","15":"purchasable","16":"product-type-simple","17":"add-to-wishlist-before_image"},"acf":[],"yoast_head":"<!-- This site is optimized with the Yoast SEO Premium plugin v27.1 (Yoast SEO v27.5) - https:\/\/yoast.com\/product\/yoast-seo-premium-wordpress\/ -->\n<title>Symbioflor 2 50 ml - Symbiopharm - Na Lifenatura ao Melhor Pre\u00e7o | Envio em 48h<\/title>\n<meta name=\"description\" content=\"Symbioflor 2 probi\u00f3tico con bacterias E. Coli, ayuda el equilibrio de la flora intestinal y reforzar la ayuda contra el s\u00edndrome del intestino irritable\" \/>\n<meta name=\"robots\" content=\"index, follow, max-snippet:-1, max-image-preview:large, max-video-preview:-1\" \/>\n<link rel=\"canonical\" href=\"https:\/\/www.lifenatura.com\/es\/produto\/symbioflor-2-50-ml-symbiopharm\/\" \/>\n<meta property=\"og:locale\" content=\"es_ES\" \/>\n<meta property=\"og:type\" content=\"article\" \/>\n<meta property=\"og:title\" content=\"Symbioflor 2 50 ml - Symbiopharm - Na Lifenatura ao Melhor Pre\u00e7o | Envio 48h\" \/>\n<meta property=\"og:description\" content=\"Compre Symbioflor 2 50 ml - Symbiopharm com envio r\u00e1pido. Entrega em 48h e portes gr\u00e1tis em compras &gt;35\u20ac. Aproveite j\u00e1 na Lifenatura\" \/>\n<meta property=\"og:url\" content=\"https:\/\/www.lifenatura.com\/es\/produto\/symbioflor-2-50-ml-symbiopharm\/\" \/>\n<meta property=\"og:site_name\" content=\"Lifenatura\" \/>\n<meta property=\"article:publisher\" content=\"https:\/\/www.facebook.com\/lifenatura\" \/>\n<meta property=\"article:modified_time\" content=\"2025-02-02T00:04:16+00:00\" \/>\n<meta property=\"og:image\" content=\"https:\/\/www.lifenatura.com\/wp-content\/uploads\/2021\/09\/symbioflor-2-50ml-symbiopharm.jpg\" \/>\n\t<meta property=\"og:image:width\" content=\"1000\" \/>\n\t<meta property=\"og:image:height\" content=\"1000\" \/>\n\t<meta property=\"og:image:type\" content=\"image\/jpeg\" \/>\n<meta name=\"twitter:card\" content=\"summary_large_image\" \/>\n<meta name=\"twitter:label1\" content=\"Precio\" \/>\n\t<meta name=\"twitter:data1\" content=\"24,80&nbsp;&euro;\" \/>\n\t<meta name=\"twitter:label2\" content=\"Disponibilidad\" \/>\n\t<meta name=\"twitter:data2\" content=\"Disponible\" \/>\n<script type=\"application\/ld+json\" class=\"yoast-schema-graph\">{\"@context\":\"https:\\\/\\\/schema.org\",\"@graph\":[{\"@type\":\"WebPage\",\"@id\":\"https:\\\/\\\/www.lifenatura.com\\\/es\\\/produto\\\/symbioflor-2-50-ml-symbiopharm\\\/\",\"url\":\"https:\\\/\\\/www.lifenatura.com\\\/es\\\/produto\\\/symbioflor-2-50-ml-symbiopharm\\\/\",\"name\":\"Symbioflor 2 50 ml - Symbiopharm - Na Lifenatura ao Melhor Pre\u00e7o | Envio em 48h\",\"isPartOf\":{\"@id\":\"https:\\\/\\\/www.lifenatura.com\\\/es\\\/#website\"},\"primaryImageOfPage\":{\"@id\":\"https:\\\/\\\/www.lifenatura.com\\\/es\\\/produto\\\/symbioflor-2-50-ml-symbiopharm\\\/#primaryimage\"},\"image\":{\"@id\":\"https:\\\/\\\/www.lifenatura.com\\\/es\\\/produto\\\/symbioflor-2-50-ml-symbiopharm\\\/#primaryimage\"},\"thumbnailUrl\":\"https:\\\/\\\/www.lifenatura.com\\\/wp-content\\\/uploads\\\/2021\\\/09\\\/symbioflor-2-50ml-symbiopharm.jpg\",\"datePublished\":\"2021-09-30T10:53:49+00:00\",\"dateModified\":\"2025-02-02T00:04:16+00:00\",\"description\":\"Symbioflor 2 probi\u00f3tico con bacterias E. Coli, ayuda el equilibrio de la flora intestinal y reforzar la ayuda contra el s\u00edndrome del intestino irritable\",\"breadcrumb\":{\"@id\":\"https:\\\/\\\/www.lifenatura.com\\\/es\\\/produto\\\/symbioflor-2-50-ml-symbiopharm\\\/#breadcrumb\"},\"inLanguage\":\"es\",\"potentialAction\":[{\"@type\":\"ReadAction\",\"target\":[\"https:\\\/\\\/www.lifenatura.com\\\/es\\\/produto\\\/symbioflor-2-50-ml-symbiopharm\\\/\"]}]},{\"@type\":\"ImageObject\",\"inLanguage\":\"es\",\"@id\":\"https:\\\/\\\/www.lifenatura.com\\\/es\\\/produto\\\/symbioflor-2-50-ml-symbiopharm\\\/#primaryimage\",\"url\":\"https:\\\/\\\/www.lifenatura.com\\\/wp-content\\\/uploads\\\/2021\\\/09\\\/symbioflor-2-50ml-symbiopharm.jpg\",\"contentUrl\":\"https:\\\/\\\/www.lifenatura.com\\\/wp-content\\\/uploads\\\/2021\\\/09\\\/symbioflor-2-50ml-symbiopharm.jpg\",\"width\":1000,\"height\":1000,\"caption\":\"Symbioflor 2 da marca Symbio pharma\"},{\"@type\":\"BreadcrumbList\",\"@id\":\"https:\\\/\\\/www.lifenatura.com\\\/es\\\/produto\\\/symbioflor-2-50-ml-symbiopharm\\\/#breadcrumb\",\"itemListElement\":[{\"@type\":\"ListItem\",\"position\":1,\"name\":\"In\u00edcio\",\"item\":\"https:\\\/\\\/www.lifenatura.com\\\/es\\\/\"},{\"@type\":\"ListItem\",\"position\":2,\"name\":\"Todos los Productos\",\"item\":\"https:\\\/\\\/www.lifenatura.com\\\/es\\\/tienda\\\/\"},{\"@type\":\"ListItem\",\"position\":3,\"name\":\"Symbioflor 2 50 ml &#8211; Symbiopharm\"}]},{\"@type\":\"WebSite\",\"@id\":\"https:\\\/\\\/www.lifenatura.com\\\/es\\\/#website\",\"url\":\"https:\\\/\\\/www.lifenatura.com\\\/es\\\/\",\"name\":\"Lifenatura\",\"description\":\"A Lifenatura \u00e9 uma loja de produtos naturais, cosm\u00e9tica natural e alimenta\u00e7\u00e3o Biol\u00f3gica.\",\"publisher\":{\"@id\":\"https:\\\/\\\/www.lifenatura.com\\\/es\\\/#organization\"},\"potentialAction\":[{\"@type\":\"SearchAction\",\"target\":{\"@type\":\"EntryPoint\",\"urlTemplate\":\"https:\\\/\\\/www.lifenatura.com\\\/es\\\/?s={search_term_string}\"},\"query-input\":{\"@type\":\"PropertyValueSpecification\",\"valueRequired\":true,\"valueName\":\"search_term_string\"}}],\"inLanguage\":\"es\"},{\"@type\":\"Organization\",\"@id\":\"https:\\\/\\\/www.lifenatura.com\\\/es\\\/#organization\",\"name\":\"Lifenatura\",\"url\":\"https:\\\/\\\/www.lifenatura.com\\\/es\\\/\",\"logo\":{\"@type\":\"ImageObject\",\"inLanguage\":\"es\",\"@id\":\"https:\\\/\\\/www.lifenatura.com\\\/es\\\/#\\\/schema\\\/logo\\\/image\\\/\",\"url\":\"https:\\\/\\\/www.lifenatura.com\\\/wp-content\\\/uploads\\\/2021\\\/07\\\/logo.png\",\"contentUrl\":\"https:\\\/\\\/www.lifenatura.com\\\/wp-content\\\/uploads\\\/2021\\\/07\\\/logo.png\",\"width\":175,\"height\":55,\"caption\":\"Lifenatura\"},\"image\":{\"@id\":\"https:\\\/\\\/www.lifenatura.com\\\/es\\\/#\\\/schema\\\/logo\\\/image\\\/\"},\"sameAs\":[\"https:\\\/\\\/www.facebook.com\\\/lifenatura\",\"https:\\\/\\\/www.instagram.com\\\/lifenaturapt\\\/\"],\"hasMerchantReturnPolicy\":{\"@type\":\"MerchantReturnPolicy\",\"merchantReturnLink\":\"https:\\\/\\\/www.lifenatura.com\\\/termos-condicoes-lifenatura\\\/\"}}]}<\/script>\n<meta property=\"product:price:amount\" content=\"24.80\" \/>\n<meta property=\"product:price:currency\" content=\"EUR\" \/>\n<meta property=\"og:availability\" content=\"instock\" \/>\n<meta property=\"product:availability\" content=\"instock\" \/>\n<meta property=\"product:retailer_item_id\" content=\"8425402099803\" \/>\n<meta property=\"product:condition\" content=\"new\" \/>\n<!-- \/ Yoast SEO Premium plugin. -->","yoast_head_json":{"title":"Symbioflor 2 50 ml - Symbiopharm - Na Lifenatura ao Melhor Pre\u00e7o | Envio em 48h","description":"Symbioflor 2 probi\u00f3tico con bacterias E. Coli, ayuda el equilibrio de la flora intestinal y reforzar la ayuda contra el s\u00edndrome del intestino irritable","robots":{"index":"index","follow":"follow","max-snippet":"max-snippet:-1","max-image-preview":"max-image-preview:large","max-video-preview":"max-video-preview:-1"},"canonical":"https:\/\/www.lifenatura.com\/es\/produto\/symbioflor-2-50-ml-symbiopharm\/","og_locale":"es_ES","og_type":"article","og_title":"Symbioflor 2 50 ml - Symbiopharm - Na Lifenatura ao Melhor Pre\u00e7o | Envio 48h","og_description":"Compre Symbioflor 2 50 ml - Symbiopharm com envio r\u00e1pido. Entrega em 48h e portes gr\u00e1tis em compras >35\u20ac. Aproveite j\u00e1 na Lifenatura","og_url":"https:\/\/www.lifenatura.com\/es\/produto\/symbioflor-2-50-ml-symbiopharm\/","og_site_name":"Lifenatura","article_publisher":"https:\/\/www.facebook.com\/lifenatura","article_modified_time":"2025-02-02T00:04:16+00:00","og_image":[{"width":1000,"height":1000,"url":"https:\/\/www.lifenatura.com\/wp-content\/uploads\/2021\/09\/symbioflor-2-50ml-symbiopharm.jpg","type":"image\/jpeg"}],"twitter_card":"summary_large_image","twitter_misc":{"Precio":"24,80&nbsp;&euro;","Disponibilidad":"Disponible"},"schema":{"@context":"https:\/\/schema.org","@graph":[{"@type":"WebPage","@id":"https:\/\/www.lifenatura.com\/es\/produto\/symbioflor-2-50-ml-symbiopharm\/","url":"https:\/\/www.lifenatura.com\/es\/produto\/symbioflor-2-50-ml-symbiopharm\/","name":"Symbioflor 2 50 ml - Symbiopharm - Na Lifenatura ao Melhor Pre\u00e7o | Envio em 48h","isPartOf":{"@id":"https:\/\/www.lifenatura.com\/es\/#website"},"primaryImageOfPage":{"@id":"https:\/\/www.lifenatura.com\/es\/produto\/symbioflor-2-50-ml-symbiopharm\/#primaryimage"},"image":{"@id":"https:\/\/www.lifenatura.com\/es\/produto\/symbioflor-2-50-ml-symbiopharm\/#primaryimage"},"thumbnailUrl":"https:\/\/www.lifenatura.com\/wp-content\/uploads\/2021\/09\/symbioflor-2-50ml-symbiopharm.jpg","datePublished":"2021-09-30T10:53:49+00:00","dateModified":"2025-02-02T00:04:16+00:00","description":"Symbioflor 2 probi\u00f3tico con bacterias E. Coli, ayuda el equilibrio de la flora intestinal y reforzar la ayuda contra el s\u00edndrome del intestino irritable","breadcrumb":{"@id":"https:\/\/www.lifenatura.com\/es\/produto\/symbioflor-2-50-ml-symbiopharm\/#breadcrumb"},"inLanguage":"es","potentialAction":[{"@type":"ReadAction","target":["https:\/\/www.lifenatura.com\/es\/produto\/symbioflor-2-50-ml-symbiopharm\/"]}]},{"@type":"ImageObject","inLanguage":"es","@id":"https:\/\/www.lifenatura.com\/es\/produto\/symbioflor-2-50-ml-symbiopharm\/#primaryimage","url":"https:\/\/www.lifenatura.com\/wp-content\/uploads\/2021\/09\/symbioflor-2-50ml-symbiopharm.jpg","contentUrl":"https:\/\/www.lifenatura.com\/wp-content\/uploads\/2021\/09\/symbioflor-2-50ml-symbiopharm.jpg","width":1000,"height":1000,"caption":"Symbioflor 2 da marca Symbio pharma"},{"@type":"BreadcrumbList","@id":"https:\/\/www.lifenatura.com\/es\/produto\/symbioflor-2-50-ml-symbiopharm\/#breadcrumb","itemListElement":[{"@type":"ListItem","position":1,"name":"In\u00edcio","item":"https:\/\/www.lifenatura.com\/es\/"},{"@type":"ListItem","position":2,"name":"Todos los Productos","item":"https:\/\/www.lifenatura.com\/es\/tienda\/"},{"@type":"ListItem","position":3,"name":"Symbioflor 2 50 ml &#8211; Symbiopharm"}]},{"@type":"WebSite","@id":"https:\/\/www.lifenatura.com\/es\/#website","url":"https:\/\/www.lifenatura.com\/es\/","name":"Lifenatura","description":"A Lifenatura \u00e9 uma loja de produtos naturais, cosm\u00e9tica natural e alimenta\u00e7\u00e3o Biol\u00f3gica.","publisher":{"@id":"https:\/\/www.lifenatura.com\/es\/#organization"},"potentialAction":[{"@type":"SearchAction","target":{"@type":"EntryPoint","urlTemplate":"https:\/\/www.lifenatura.com\/es\/?s={search_term_string}"},"query-input":{"@type":"PropertyValueSpecification","valueRequired":true,"valueName":"search_term_string"}}],"inLanguage":"es"},{"@type":"Organization","@id":"https:\/\/www.lifenatura.com\/es\/#organization","name":"Lifenatura","url":"https:\/\/www.lifenatura.com\/es\/","logo":{"@type":"ImageObject","inLanguage":"es","@id":"https:\/\/www.lifenatura.com\/es\/#\/schema\/logo\/image\/","url":"https:\/\/www.lifenatura.com\/wp-content\/uploads\/2021\/07\/logo.png","contentUrl":"https:\/\/www.lifenatura.com\/wp-content\/uploads\/2021\/07\/logo.png","width":175,"height":55,"caption":"Lifenatura"},"image":{"@id":"https:\/\/www.lifenatura.com\/es\/#\/schema\/logo\/image\/"},"sameAs":["https:\/\/www.facebook.com\/lifenatura","https:\/\/www.instagram.com\/lifenaturapt\/"],"hasMerchantReturnPolicy":{"@type":"MerchantReturnPolicy","merchantReturnLink":"https:\/\/www.lifenatura.com\/termos-condicoes-lifenatura\/"}}]},"product_price_amount":"24.80","product_price_currency":"EUR","og_availability":"instock","product_availability":"instock","product_retailer_item_id":"8425402099803","product_condition":"new"},"df_price":24.8,"df_sale_price":"","df_regular_price":24.8,"df_image_link":"https:\/\/www.lifenatura.com\/wp-content\/uploads\/2021\/09\/symbioflor-2-50ml-symbiopharm-300x300.jpg","_links":{"self":[{"href":"https:\/\/www.lifenatura.com\/es\/wp-json\/wp\/v2\/product\/41199","targetHints":{"allow":["GET"]}}],"collection":[{"href":"https:\/\/www.lifenatura.com\/es\/wp-json\/wp\/v2\/product"}],"about":[{"href":"https:\/\/www.lifenatura.com\/es\/wp-json\/wp\/v2\/types\/product"}],"wp:featuredmedia":[{"embeddable":true,"href":"https:\/\/www.lifenatura.com\/es\/wp-json\/wp\/v2\/media\/67297"}],"wp:attachment":[{"href":"https:\/\/www.lifenatura.com\/es\/wp-json\/wp\/v2\/media?parent=41199"}],"wp:term":[{"taxonomy":"product_brand","embeddable":true,"href":"https:\/\/www.lifenatura.com\/es\/wp-json\/wp\/v2\/product_brand?post=41199"},{"taxonomy":"product_cat","embeddable":true,"href":"https:\/\/www.lifenatura.com\/es\/wp-json\/wp\/v2\/product_cat?post=41199"},{"taxonomy":"product_tag","embeddable":true,"href":"https:\/\/www.lifenatura.com\/es\/wp-json\/wp\/v2\/product_tag?post=41199"}],"curies":[{"name":"wp","href":"https:\/\/api.w.org\/{rel}","templated":true}]}}