{"id":41162,"date":"2021-09-30T10:53:07","date_gmt":"2021-09-30T10:53:07","guid":{"rendered":"https:\/\/lifenatura.dev.agenciagetdigital.com\/produto\/mini-drink-primum-sabor-naranja-15-sobres-x-10-ml-specchiasol\/"},"modified":"2022-08-21T15:23:30","modified_gmt":"2022-08-21T15:23:30","slug":"mini-drink-primum-sabor-naranja-15-sobres-x-10-ml-specchiasol","status":"publish","type":"product","link":"https:\/\/www.lifenatura.com\/es\/produto\/mini-drink-primum-sabor-naranja-15-sobres-x-10-ml-specchiasol\/","title":{"rendered":"Mini Drink Primum Sabor Naranja 15 sobres x 10 ml &#8211; Specchiasol"},"content":{"rendered":"<p>Super Drain Drink y Detox Mini Drink Primum Orange Sabor es un suplemento diet\u00e9tico espec\u00edficamente formulado para promover los procesos de drenaje fisiol\u00f3gico del cuerpo. Adem\u00e1s, la adici\u00f3n de extracto de t\u00e9 verde favorece las funciones de drenaje y ejerce una acci\u00f3n antioxidante. PRESENTACI\u00d3N 15 sobres x 10 ml.<\/p>\n","protected":false},"excerpt":{"rendered":"<p>Super Drain Drink y Detox Mini Drink Primum Orange Sabor es un suplemento diet\u00e9tico espec\u00edficamente formulado para promover los procesos de drenaje fisiol\u00f3gico del cuerpo. Adem\u00e1s, la adici\u00f3n de extracto de t\u00e9 verde favorece las funciones de drenaje y ejerce una acci\u00f3n antioxidante. PRESENTACI\u00d3N 15 sobres x 10 ml. [&#8230;]<\/p>\n<p><a class=\"btn btn-secondary understrap-read-more-link\" href=\"https:\/\/www.lifenatura.com\/es\/produto\/mini-drink-primum-sabor-naranja-15-sobres-x-10-ml-specchiasol\/\">Leer m\u00e1s&#8230;<span class=\"screen-reader-text\"> from Mini Drink Primum Sabor Naranja 15 sobres x 10 ml &#8211; Specchiasol<\/span><\/a><\/p>\n","protected":false},"featured_media":22299,"template":"","meta":{"_acf_changed":false},"product_brand":[8373],"product_cat":[7190,7193,7179],"product_tag":[],"class_list":{"0":"post-41162","1":"product","2":"type-product","3":"status-publish","4":"has-post-thumbnail","6":"product_brand-specchiasol","7":"product_cat-adelgazar","8":"product_cat-drenante-y-detox","9":"product_cat-salud","11":"first","12":"outofstock","13":"shipping-taxable","14":"purchasable","15":"product-type-simple","16":"add-to-wishlist-before_image"},"acf":[],"yoast_head":"<!-- This site is optimized with the Yoast SEO Premium plugin v27.1 (Yoast SEO v27.5) - https:\/\/yoast.com\/product\/yoast-seo-premium-wordpress\/ -->\n<title>Mini Drink Primum Sabor Naranja 15 sobres x 10 ml - Specchiasol<\/title>\n<meta name=\"description\" content=\"Mini drink primum purifying es un suplemento diet\u00e9tico indicado para favorecer los procesos fisiol\u00f3gicos de limpieza corporal.\" \/>\n<meta name=\"robots\" content=\"index, follow, max-snippet:-1, max-image-preview:large, max-video-preview:-1\" \/>\n<link rel=\"canonical\" href=\"https:\/\/www.lifenatura.com\/es\/produto\/mini-drink-primum-sabor-naranja-15-sobres-x-10-ml-specchiasol\/\" \/>\n<meta property=\"og:locale\" content=\"es_ES\" \/>\n<meta property=\"og:type\" content=\"article\" \/>\n<meta property=\"og:title\" content=\"Mini Drink Primum Sabor Naranja 15 sobres x 10 ml - Specchiasol - Na Lifenatura ao Melhor Pre\u00e7o | Envio 48h\" \/>\n<meta property=\"og:description\" content=\"Compre Mini Drink Primum Sabor Naranja 15 sobres x 10 ml - Specchiasol com envio r\u00e1pido. Entrega em 48h e portes gr\u00e1tis em compras &gt;35\u20ac. Aproveite j\u00e1 na Lifenatura\" \/>\n<meta property=\"og:url\" content=\"https:\/\/www.lifenatura.com\/es\/produto\/mini-drink-primum-sabor-naranja-15-sobres-x-10-ml-specchiasol\/\" \/>\n<meta property=\"og:site_name\" content=\"Lifenatura\" \/>\n<meta property=\"article:publisher\" content=\"https:\/\/www.facebook.com\/lifenatura\" \/>\n<meta property=\"article:modified_time\" content=\"2022-08-21T15:23:30+00:00\" \/>\n<meta property=\"og:image\" content=\"https:\/\/www.lifenatura.com\/wp-content\/uploads\/2021\/09\/gd_mini-drink-primum-sabor-a-laranja-15-saquetas-x-10-ml-specchiasol.jpg\" \/>\n\t<meta property=\"og:image:width\" content=\"1000\" \/>\n\t<meta property=\"og:image:height\" content=\"1000\" \/>\n\t<meta property=\"og:image:type\" content=\"image\/jpeg\" \/>\n<meta name=\"twitter:card\" content=\"summary_large_image\" \/>\n<meta name=\"twitter:label1\" content=\"Precio\" \/>\n\t<meta name=\"twitter:data1\" content=\"20,13&nbsp;&euro;\" \/>\n\t<meta name=\"twitter:label2\" content=\"Disponibilidad\" \/>\n\t<meta name=\"twitter:data2\" content=\"Sin existencias\" \/>\n<script type=\"application\/ld+json\" class=\"yoast-schema-graph\">{\"@context\":\"https:\\\/\\\/schema.org\",\"@graph\":[{\"@type\":\"WebPage\",\"@id\":\"https:\\\/\\\/www.lifenatura.com\\\/es\\\/produto\\\/mini-drink-primum-sabor-naranja-15-sobres-x-10-ml-specchiasol\\\/\",\"url\":\"https:\\\/\\\/www.lifenatura.com\\\/es\\\/produto\\\/mini-drink-primum-sabor-naranja-15-sobres-x-10-ml-specchiasol\\\/\",\"name\":\"Mini Drink Primum Sabor Naranja 15 sobres x 10 ml - Specchiasol\",\"isPartOf\":{\"@id\":\"https:\\\/\\\/www.lifenatura.com\\\/es\\\/#website\"},\"primaryImageOfPage\":{\"@id\":\"https:\\\/\\\/www.lifenatura.com\\\/es\\\/produto\\\/mini-drink-primum-sabor-naranja-15-sobres-x-10-ml-specchiasol\\\/#primaryimage\"},\"image\":{\"@id\":\"https:\\\/\\\/www.lifenatura.com\\\/es\\\/produto\\\/mini-drink-primum-sabor-naranja-15-sobres-x-10-ml-specchiasol\\\/#primaryimage\"},\"thumbnailUrl\":\"https:\\\/\\\/www.lifenatura.com\\\/wp-content\\\/uploads\\\/2021\\\/09\\\/gd_mini-drink-primum-sabor-a-laranja-15-saquetas-x-10-ml-specchiasol.jpg\",\"datePublished\":\"2021-09-30T10:53:07+00:00\",\"dateModified\":\"2022-08-21T15:23:30+00:00\",\"description\":\"Mini drink primum purifying es un suplemento diet\u00e9tico indicado para favorecer los procesos fisiol\u00f3gicos de limpieza corporal.\",\"breadcrumb\":{\"@id\":\"https:\\\/\\\/www.lifenatura.com\\\/es\\\/produto\\\/mini-drink-primum-sabor-naranja-15-sobres-x-10-ml-specchiasol\\\/#breadcrumb\"},\"inLanguage\":\"es\",\"potentialAction\":[{\"@type\":\"ReadAction\",\"target\":[\"https:\\\/\\\/www.lifenatura.com\\\/es\\\/produto\\\/mini-drink-primum-sabor-naranja-15-sobres-x-10-ml-specchiasol\\\/\"]}]},{\"@type\":\"ImageObject\",\"inLanguage\":\"es\",\"@id\":\"https:\\\/\\\/www.lifenatura.com\\\/es\\\/produto\\\/mini-drink-primum-sabor-naranja-15-sobres-x-10-ml-specchiasol\\\/#primaryimage\",\"url\":\"https:\\\/\\\/www.lifenatura.com\\\/wp-content\\\/uploads\\\/2021\\\/09\\\/gd_mini-drink-primum-sabor-a-laranja-15-saquetas-x-10-ml-specchiasol.jpg\",\"contentUrl\":\"https:\\\/\\\/www.lifenatura.com\\\/wp-content\\\/uploads\\\/2021\\\/09\\\/gd_mini-drink-primum-sabor-a-laranja-15-saquetas-x-10-ml-specchiasol.jpg\",\"width\":1000,\"height\":1000,\"caption\":\"Mini Drink Primum Sabor Naranja 15 sobres x 10 ml - Specchiasol\"},{\"@type\":\"BreadcrumbList\",\"@id\":\"https:\\\/\\\/www.lifenatura.com\\\/es\\\/produto\\\/mini-drink-primum-sabor-naranja-15-sobres-x-10-ml-specchiasol\\\/#breadcrumb\",\"itemListElement\":[{\"@type\":\"ListItem\",\"position\":1,\"name\":\"In\u00edcio\",\"item\":\"https:\\\/\\\/www.lifenatura.com\\\/es\\\/\"},{\"@type\":\"ListItem\",\"position\":2,\"name\":\"Todos los Productos\",\"item\":\"https:\\\/\\\/www.lifenatura.com\\\/es\\\/tienda\\\/\"},{\"@type\":\"ListItem\",\"position\":3,\"name\":\"Mini Drink Primum Sabor Naranja 15 sobres x 10 ml &#8211; Specchiasol\"}]},{\"@type\":\"WebSite\",\"@id\":\"https:\\\/\\\/www.lifenatura.com\\\/es\\\/#website\",\"url\":\"https:\\\/\\\/www.lifenatura.com\\\/es\\\/\",\"name\":\"Lifenatura\",\"description\":\"A Lifenatura \u00e9 uma loja de produtos naturais, cosm\u00e9tica natural e alimenta\u00e7\u00e3o Biol\u00f3gica.\",\"publisher\":{\"@id\":\"https:\\\/\\\/www.lifenatura.com\\\/es\\\/#organization\"},\"potentialAction\":[{\"@type\":\"SearchAction\",\"target\":{\"@type\":\"EntryPoint\",\"urlTemplate\":\"https:\\\/\\\/www.lifenatura.com\\\/es\\\/?s={search_term_string}\"},\"query-input\":{\"@type\":\"PropertyValueSpecification\",\"valueRequired\":true,\"valueName\":\"search_term_string\"}}],\"inLanguage\":\"es\"},{\"@type\":\"Organization\",\"@id\":\"https:\\\/\\\/www.lifenatura.com\\\/es\\\/#organization\",\"name\":\"Lifenatura\",\"url\":\"https:\\\/\\\/www.lifenatura.com\\\/es\\\/\",\"logo\":{\"@type\":\"ImageObject\",\"inLanguage\":\"es\",\"@id\":\"https:\\\/\\\/www.lifenatura.com\\\/es\\\/#\\\/schema\\\/logo\\\/image\\\/\",\"url\":\"https:\\\/\\\/www.lifenatura.com\\\/wp-content\\\/uploads\\\/2021\\\/07\\\/logo.png\",\"contentUrl\":\"https:\\\/\\\/www.lifenatura.com\\\/wp-content\\\/uploads\\\/2021\\\/07\\\/logo.png\",\"width\":175,\"height\":55,\"caption\":\"Lifenatura\"},\"image\":{\"@id\":\"https:\\\/\\\/www.lifenatura.com\\\/es\\\/#\\\/schema\\\/logo\\\/image\\\/\"},\"sameAs\":[\"https:\\\/\\\/www.facebook.com\\\/lifenatura\",\"https:\\\/\\\/www.instagram.com\\\/lifenaturapt\\\/\"],\"hasMerchantReturnPolicy\":{\"@type\":\"MerchantReturnPolicy\",\"merchantReturnLink\":\"https:\\\/\\\/www.lifenatura.com\\\/termos-condicoes-lifenatura\\\/\"}}]}<\/script>\n<meta property=\"product:price:amount\" content=\"20.13\" \/>\n<meta property=\"product:price:currency\" content=\"EUR\" \/>\n<meta property=\"og:availability\" content=\"out of stock\" \/>\n<meta property=\"product:availability\" content=\"out of stock\" \/>\n<meta property=\"product:retailer_item_id\" content=\"8002738902030\" \/>\n<meta property=\"product:condition\" content=\"new\" \/>\n<!-- \/ Yoast SEO Premium plugin. -->","yoast_head_json":{"title":"Mini Drink Primum Sabor Naranja 15 sobres x 10 ml - Specchiasol","description":"Mini drink primum purifying es un suplemento diet\u00e9tico indicado para favorecer los procesos fisiol\u00f3gicos de limpieza corporal.","robots":{"index":"index","follow":"follow","max-snippet":"max-snippet:-1","max-image-preview":"max-image-preview:large","max-video-preview":"max-video-preview:-1"},"canonical":"https:\/\/www.lifenatura.com\/es\/produto\/mini-drink-primum-sabor-naranja-15-sobres-x-10-ml-specchiasol\/","og_locale":"es_ES","og_type":"article","og_title":"Mini Drink Primum Sabor Naranja 15 sobres x 10 ml - Specchiasol - Na Lifenatura ao Melhor Pre\u00e7o | Envio 48h","og_description":"Compre Mini Drink Primum Sabor Naranja 15 sobres x 10 ml - Specchiasol com envio r\u00e1pido. Entrega em 48h e portes gr\u00e1tis em compras >35\u20ac. Aproveite j\u00e1 na Lifenatura","og_url":"https:\/\/www.lifenatura.com\/es\/produto\/mini-drink-primum-sabor-naranja-15-sobres-x-10-ml-specchiasol\/","og_site_name":"Lifenatura","article_publisher":"https:\/\/www.facebook.com\/lifenatura","article_modified_time":"2022-08-21T15:23:30+00:00","og_image":[{"width":1000,"height":1000,"url":"https:\/\/www.lifenatura.com\/wp-content\/uploads\/2021\/09\/gd_mini-drink-primum-sabor-a-laranja-15-saquetas-x-10-ml-specchiasol.jpg","type":"image\/jpeg"}],"twitter_card":"summary_large_image","twitter_misc":{"Precio":"20,13&nbsp;&euro;","Disponibilidad":"Sin existencias"},"schema":{"@context":"https:\/\/schema.org","@graph":[{"@type":"WebPage","@id":"https:\/\/www.lifenatura.com\/es\/produto\/mini-drink-primum-sabor-naranja-15-sobres-x-10-ml-specchiasol\/","url":"https:\/\/www.lifenatura.com\/es\/produto\/mini-drink-primum-sabor-naranja-15-sobres-x-10-ml-specchiasol\/","name":"Mini Drink Primum Sabor Naranja 15 sobres x 10 ml - Specchiasol","isPartOf":{"@id":"https:\/\/www.lifenatura.com\/es\/#website"},"primaryImageOfPage":{"@id":"https:\/\/www.lifenatura.com\/es\/produto\/mini-drink-primum-sabor-naranja-15-sobres-x-10-ml-specchiasol\/#primaryimage"},"image":{"@id":"https:\/\/www.lifenatura.com\/es\/produto\/mini-drink-primum-sabor-naranja-15-sobres-x-10-ml-specchiasol\/#primaryimage"},"thumbnailUrl":"https:\/\/www.lifenatura.com\/wp-content\/uploads\/2021\/09\/gd_mini-drink-primum-sabor-a-laranja-15-saquetas-x-10-ml-specchiasol.jpg","datePublished":"2021-09-30T10:53:07+00:00","dateModified":"2022-08-21T15:23:30+00:00","description":"Mini drink primum purifying es un suplemento diet\u00e9tico indicado para favorecer los procesos fisiol\u00f3gicos de limpieza corporal.","breadcrumb":{"@id":"https:\/\/www.lifenatura.com\/es\/produto\/mini-drink-primum-sabor-naranja-15-sobres-x-10-ml-specchiasol\/#breadcrumb"},"inLanguage":"es","potentialAction":[{"@type":"ReadAction","target":["https:\/\/www.lifenatura.com\/es\/produto\/mini-drink-primum-sabor-naranja-15-sobres-x-10-ml-specchiasol\/"]}]},{"@type":"ImageObject","inLanguage":"es","@id":"https:\/\/www.lifenatura.com\/es\/produto\/mini-drink-primum-sabor-naranja-15-sobres-x-10-ml-specchiasol\/#primaryimage","url":"https:\/\/www.lifenatura.com\/wp-content\/uploads\/2021\/09\/gd_mini-drink-primum-sabor-a-laranja-15-saquetas-x-10-ml-specchiasol.jpg","contentUrl":"https:\/\/www.lifenatura.com\/wp-content\/uploads\/2021\/09\/gd_mini-drink-primum-sabor-a-laranja-15-saquetas-x-10-ml-specchiasol.jpg","width":1000,"height":1000,"caption":"Mini Drink Primum Sabor Naranja 15 sobres x 10 ml - Specchiasol"},{"@type":"BreadcrumbList","@id":"https:\/\/www.lifenatura.com\/es\/produto\/mini-drink-primum-sabor-naranja-15-sobres-x-10-ml-specchiasol\/#breadcrumb","itemListElement":[{"@type":"ListItem","position":1,"name":"In\u00edcio","item":"https:\/\/www.lifenatura.com\/es\/"},{"@type":"ListItem","position":2,"name":"Todos los Productos","item":"https:\/\/www.lifenatura.com\/es\/tienda\/"},{"@type":"ListItem","position":3,"name":"Mini Drink Primum Sabor Naranja 15 sobres x 10 ml &#8211; Specchiasol"}]},{"@type":"WebSite","@id":"https:\/\/www.lifenatura.com\/es\/#website","url":"https:\/\/www.lifenatura.com\/es\/","name":"Lifenatura","description":"A Lifenatura \u00e9 uma loja de produtos naturais, cosm\u00e9tica natural e alimenta\u00e7\u00e3o Biol\u00f3gica.","publisher":{"@id":"https:\/\/www.lifenatura.com\/es\/#organization"},"potentialAction":[{"@type":"SearchAction","target":{"@type":"EntryPoint","urlTemplate":"https:\/\/www.lifenatura.com\/es\/?s={search_term_string}"},"query-input":{"@type":"PropertyValueSpecification","valueRequired":true,"valueName":"search_term_string"}}],"inLanguage":"es"},{"@type":"Organization","@id":"https:\/\/www.lifenatura.com\/es\/#organization","name":"Lifenatura","url":"https:\/\/www.lifenatura.com\/es\/","logo":{"@type":"ImageObject","inLanguage":"es","@id":"https:\/\/www.lifenatura.com\/es\/#\/schema\/logo\/image\/","url":"https:\/\/www.lifenatura.com\/wp-content\/uploads\/2021\/07\/logo.png","contentUrl":"https:\/\/www.lifenatura.com\/wp-content\/uploads\/2021\/07\/logo.png","width":175,"height":55,"caption":"Lifenatura"},"image":{"@id":"https:\/\/www.lifenatura.com\/es\/#\/schema\/logo\/image\/"},"sameAs":["https:\/\/www.facebook.com\/lifenatura","https:\/\/www.instagram.com\/lifenaturapt\/"],"hasMerchantReturnPolicy":{"@type":"MerchantReturnPolicy","merchantReturnLink":"https:\/\/www.lifenatura.com\/termos-condicoes-lifenatura\/"}}]},"product_price_amount":"20.13","product_price_currency":"EUR","og_availability":"out of stock","product_availability":"out of stock","product_retailer_item_id":"8002738902030","product_condition":"new"},"df_price":20.13,"df_sale_price":"","df_regular_price":20.13,"df_image_link":"https:\/\/www.lifenatura.com\/wp-content\/uploads\/2021\/09\/gd_mini-drink-primum-sabor-a-laranja-15-saquetas-x-10-ml-specchiasol-300x300.jpg","_links":{"self":[{"href":"https:\/\/www.lifenatura.com\/es\/wp-json\/wp\/v2\/product\/41162","targetHints":{"allow":["GET"]}}],"collection":[{"href":"https:\/\/www.lifenatura.com\/es\/wp-json\/wp\/v2\/product"}],"about":[{"href":"https:\/\/www.lifenatura.com\/es\/wp-json\/wp\/v2\/types\/product"}],"wp:featuredmedia":[{"embeddable":true,"href":"https:\/\/www.lifenatura.com\/es\/wp-json\/wp\/v2\/media\/22299"}],"wp:attachment":[{"href":"https:\/\/www.lifenatura.com\/es\/wp-json\/wp\/v2\/media?parent=41162"}],"wp:term":[{"taxonomy":"product_brand","embeddable":true,"href":"https:\/\/www.lifenatura.com\/es\/wp-json\/wp\/v2\/product_brand?post=41162"},{"taxonomy":"product_cat","embeddable":true,"href":"https:\/\/www.lifenatura.com\/es\/wp-json\/wp\/v2\/product_cat?post=41162"},{"taxonomy":"product_tag","embeddable":true,"href":"https:\/\/www.lifenatura.com\/es\/wp-json\/wp\/v2\/product_tag?post=41162"}],"curies":[{"name":"wp","href":"https:\/\/api.w.org\/{rel}","templated":true}]}}