{"id":41132,"date":"2021-09-30T10:52:46","date_gmt":"2021-09-30T10:52:46","guid":{"rendered":"https:\/\/lifenatura.dev.agenciagetdigital.com\/produto\/folate-metafolin-1000-%c2%b5g-60-comprimidos-solgar\/"},"modified":"2022-08-21T15:23:05","modified_gmt":"2022-08-21T15:23:05","slug":"folate-metafolin-1000-%c2%b5g-60-comprimidos-solgar","status":"publish","type":"product","link":"https:\/\/www.lifenatura.com\/es\/produto\/folate-metafolin-1000-%c2%b5g-60-comprimidos-solgar\/","title":{"rendered":"Folate Metafolin 1000 \u00b5g 60 comprimidos &#8211; Solgar"},"content":{"rendered":"<p>\u00c1cido f\u00f3lico: promueve el bienestar durante el embarazo Folgar Metafolin de Solgar contiene \u00e1cido f\u00f3lico que es una de las vitaminas del grupo B. El \u00e1cido f\u00f3lico es una de las vitaminas del grupo B, involucrada en la s\u00edntesis de \u00e1cidos nucleicos (ADN, ARN), en el metabolismo de las grasas y en la transformaci\u00f3n de algunos amino\u00e1cidos otros. El \u00e1cido f\u00f3lico, como el L-metilfolato c\u00e1lcico, es la forma cristalina pura y estable, la forma predominante de folato natural. Por lo tanto, es la forma con mayor biodisponibilidad, ya que no requiere ninguna conversi\u00f3n y, por lo tanto, es directamente utilizable por el cuerpo. Libre de az\u00facar, sal, almid\u00f3n, gluten, trigo, productos l\u00e1cteos, soja, levadura, conservantes, aromas y colorantes artificiales. PRESENTACI\u00d3N 60 comprimidos.<\/p>\n","protected":false},"excerpt":{"rendered":"<p>\u00c1cido f\u00f3lico: promueve el bienestar durante el embarazo Folgar Metafolin de Solgar contiene \u00e1cido f\u00f3lico que es una de las vitaminas del grupo B. El \u00e1cido f\u00f3lico es una de las vitaminas del grupo B, involucrada en la s\u00edntesis de \u00e1cidos nucleicos (ADN, ARN), en el metabolismo de las grasas y en la transformaci\u00f3n de [&#8230;]<\/p>\n<p><a class=\"btn btn-secondary understrap-read-more-link\" href=\"https:\/\/www.lifenatura.com\/es\/produto\/folate-metafolin-1000-%c2%b5g-60-comprimidos-solgar\/\">Leer m\u00e1s&#8230;<span class=\"screen-reader-text\"> from Folate Metafolin 1000 \u00b5g 60 comprimidos &#8211; Solgar<\/span><\/a><\/p>\n","protected":false},"featured_media":129053,"template":"","meta":{"_acf_changed":false},"product_brand":[8365],"product_cat":[7242,7179],"product_tag":[8682],"class_list":{"0":"post-41132","1":"product","2":"type-product","3":"status-publish","4":"has-post-thumbnail","6":"product_brand-solgar","7":"product_cat-embarazo","8":"product_cat-salud","9":"product_tag-dietimport","11":"first","12":"instock","13":"sale","14":"featured","15":"shipping-taxable","16":"purchasable","17":"product-type-simple","18":"add-to-wishlist-before_image"},"acf":[],"yoast_head":"<!-- This site is optimized with the Yoast SEO Premium plugin v27.1 (Yoast SEO v27.4) - https:\/\/yoast.com\/product\/yoast-seo-premium-wordpress\/ -->\n<title>Folate Metafolin 1000 \u00b5g 60 comprimidos - Solgar<\/title>\n<meta name=\"description\" content=\"Folgar Metafolin de Solgar contiene \u00e1cido f\u00f3lico que es una de las vitaminas del grupo B. El \u00e1cido f\u00f3lico es una de las vitaminas del grupo B.\" \/>\n<meta name=\"robots\" content=\"index, follow, max-snippet:-1, max-image-preview:large, max-video-preview:-1\" \/>\n<link rel=\"canonical\" href=\"https:\/\/www.lifenatura.com\/es\/produto\/folate-metafolin-1000-\u00b5g-60-comprimidos-solgar\/\" \/>\n<meta property=\"og:locale\" content=\"es_ES\" \/>\n<meta property=\"og:type\" content=\"article\" \/>\n<meta property=\"og:title\" content=\"Folate Metafolin 1000 \u00b5g 60 comprimidos - Solgar - Lifenatura\" \/>\n<meta property=\"og:description\" content=\"Compre aqui o seu Folate Metafolin 1000 \u00b5g 60 comprimidos - Solgar e a Lifenatura Online envia em 48 H com Portes Gratis &gt;35\u20ac de Pedido.\" \/>\n<meta property=\"og:url\" content=\"https:\/\/www.lifenatura.com\/es\/produto\/folate-metafolin-1000-\u00b5g-60-comprimidos-solgar\/\" \/>\n<meta property=\"og:site_name\" content=\"Lifenatura\" \/>\n<meta property=\"article:publisher\" content=\"https:\/\/www.facebook.com\/lifenatura\" \/>\n<meta property=\"article:modified_time\" content=\"2022-08-21T15:23:05+00:00\" \/>\n<meta property=\"og:image\" content=\"https:\/\/www.lifenatura.com\/wp-content\/uploads\/2021\/09\/gd_acido_folico_1000ug_60_comprimidos_solgar.jpg\" \/>\n\t<meta property=\"og:image:width\" content=\"1000\" \/>\n\t<meta property=\"og:image:height\" content=\"1000\" \/>\n\t<meta property=\"og:image:type\" content=\"image\/jpeg\" \/>\n<meta name=\"twitter:card\" content=\"summary_large_image\" \/>\n<meta name=\"twitter:label1\" content=\"Precio\" \/>\n\t<meta name=\"twitter:data1\" content=\"25,86&nbsp;&euro;\" \/>\n\t<meta name=\"twitter:label2\" content=\"Disponibilidad\" \/>\n\t<meta name=\"twitter:data2\" content=\"Disponible\" \/>\n<meta property=\"product:price:amount\" content=\"25.86\" \/>\n<meta property=\"product:price:currency\" content=\"EUR\" \/>\n<meta property=\"og:availability\" content=\"instock\" \/>\n<meta property=\"product:availability\" content=\"instock\" \/>\n<meta property=\"product:retailer_item_id\" content=\"33984535954\" \/>\n<meta property=\"product:condition\" content=\"new\" \/>\n<!-- \/ Yoast SEO Premium plugin. -->","yoast_head_json":{"title":"Folate Metafolin 1000 \u00b5g 60 comprimidos - Solgar","description":"Folgar Metafolin de Solgar contiene \u00e1cido f\u00f3lico que es una de las vitaminas del grupo B. El \u00e1cido f\u00f3lico es una de las vitaminas del grupo B.","robots":{"index":"index","follow":"follow","max-snippet":"max-snippet:-1","max-image-preview":"max-image-preview:large","max-video-preview":"max-video-preview:-1"},"canonical":"https:\/\/www.lifenatura.com\/es\/produto\/folate-metafolin-1000-\u00b5g-60-comprimidos-solgar\/","og_locale":"es_ES","og_type":"article","og_title":"Folate Metafolin 1000 \u00b5g 60 comprimidos - Solgar - Lifenatura","og_description":"Compre aqui o seu Folate Metafolin 1000 \u00b5g 60 comprimidos - Solgar e a Lifenatura Online envia em 48 H com Portes Gratis >35\u20ac de Pedido.","og_url":"https:\/\/www.lifenatura.com\/es\/produto\/folate-metafolin-1000-\u00b5g-60-comprimidos-solgar\/","og_site_name":"Lifenatura","article_publisher":"https:\/\/www.facebook.com\/lifenatura","article_modified_time":"2022-08-21T15:23:05+00:00","og_image":[{"width":1000,"height":1000,"url":"https:\/\/www.lifenatura.com\/wp-content\/uploads\/2021\/09\/gd_acido_folico_1000ug_60_comprimidos_solgar.jpg","type":"image\/jpeg"}],"twitter_card":"summary_large_image","twitter_misc":{"Precio":"25,86&nbsp;&euro;","Disponibilidad":"Disponible"},"schema":{"@context":"https:\/\/schema.org","@graph":[{"@type":"WebPage","@id":"https:\/\/www.lifenatura.com\/es\/produto\/folate-metafolin-1000-%c2%b5g-60-comprimidos-solgar\/","url":"https:\/\/www.lifenatura.com\/es\/produto\/folate-metafolin-1000-%c2%b5g-60-comprimidos-solgar\/","name":"Folate Metafolin 1000 \u00b5g 60 comprimidos - Solgar","isPartOf":{"@id":"https:\/\/www.lifenatura.com\/#website"},"primaryImageOfPage":{"@id":"https:\/\/www.lifenatura.com\/es\/produto\/folate-metafolin-1000-%c2%b5g-60-comprimidos-solgar\/#primaryimage"},"image":{"@id":"https:\/\/www.lifenatura.com\/es\/produto\/folate-metafolin-1000-%c2%b5g-60-comprimidos-solgar\/#primaryimage"},"thumbnailUrl":"https:\/\/www.lifenatura.com\/wp-content\/uploads\/2026\/03\/gd_acido_folico_1000ug_60_comprimidos_solgar.jpg.webp","datePublished":"2021-09-30T10:52:46+00:00","dateModified":"2022-08-21T15:23:05+00:00","description":"Folgar Metafolin de Solgar contiene \u00e1cido f\u00f3lico que es una de las vitaminas del grupo B. El \u00e1cido f\u00f3lico es una de las vitaminas del grupo B.","breadcrumb":{"@id":"https:\/\/www.lifenatura.com\/es\/produto\/folate-metafolin-1000-%c2%b5g-60-comprimidos-solgar\/#breadcrumb"},"inLanguage":"es","potentialAction":[{"@type":"ReadAction","target":["https:\/\/www.lifenatura.com\/es\/produto\/folate-metafolin-1000-%c2%b5g-60-comprimidos-solgar\/"]}]},{"@type":"ImageObject","inLanguage":"es","@id":"https:\/\/www.lifenatura.com\/es\/produto\/folate-metafolin-1000-%c2%b5g-60-comprimidos-solgar\/#primaryimage","url":"https:\/\/www.lifenatura.com\/wp-content\/uploads\/2026\/03\/gd_acido_folico_1000ug_60_comprimidos_solgar.jpg.webp","contentUrl":"https:\/\/www.lifenatura.com\/wp-content\/uploads\/2026\/03\/gd_acido_folico_1000ug_60_comprimidos_solgar.jpg.webp","width":1000,"height":1000},{"@type":"BreadcrumbList","@id":"https:\/\/www.lifenatura.com\/es\/produto\/folate-metafolin-1000-%c2%b5g-60-comprimidos-solgar\/#breadcrumb","itemListElement":[{"@type":"ListItem","position":1,"name":"In\u00edcio","item":"https:\/\/www.lifenatura.com\/es\/"},{"@type":"ListItem","position":2,"name":"Todos los Productos","item":"https:\/\/www.lifenatura.com\/es\/tienda\/"},{"@type":"ListItem","position":3,"name":"Folate Metafolin 1000 \u00b5g 60 comprimidos &#8211; Solgar"}]},{"@type":"WebSite","@id":"https:\/\/www.lifenatura.com\/#website","url":"https:\/\/www.lifenatura.com\/","name":"Lifenatura","description":"A Lifenatura \u00e9 uma loja de produtos naturais, cosm\u00e9tica natural e alimenta\u00e7\u00e3o Biol\u00f3gica.","publisher":{"@id":"https:\/\/www.lifenatura.com\/#organization"},"potentialAction":[{"@type":"SearchAction","target":{"@type":"EntryPoint","urlTemplate":"https:\/\/www.lifenatura.com\/?s={search_term_string}"},"query-input":{"@type":"PropertyValueSpecification","valueRequired":true,"valueName":"search_term_string"}}],"inLanguage":"es"},{"@type":"Organization","@id":"https:\/\/www.lifenatura.com\/#organization","name":"Lifenatura","url":"https:\/\/www.lifenatura.com\/","logo":{"@type":"ImageObject","inLanguage":"es","@id":"https:\/\/www.lifenatura.com\/#\/schema\/logo\/image\/","url":"https:\/\/www.lifenatura.com\/wp-content\/uploads\/2021\/11\/logo.png","contentUrl":"https:\/\/www.lifenatura.com\/wp-content\/uploads\/2021\/11\/logo.png","width":175,"height":55,"caption":"Lifenatura"},"image":{"@id":"https:\/\/www.lifenatura.com\/#\/schema\/logo\/image\/"},"sameAs":["https:\/\/www.facebook.com\/lifenatura","https:\/\/www.instagram.com\/lifenaturapt\/"]}]},"product_price_amount":"25.86","product_price_currency":"EUR","og_availability":"instock","product_availability":"instock","product_retailer_item_id":"33984535954","product_condition":"new"},"df_price":25.86,"df_sale_price":25.86,"df_regular_price":34.48,"df_image_link":"https:\/\/www.lifenatura.com\/wp-content\/uploads\/2026\/03\/gd_acido_folico_1000ug_60_comprimidos_solgar.jpg-300x300.webp","_links":{"self":[{"href":"https:\/\/www.lifenatura.com\/es\/wp-json\/wp\/v2\/product\/41132","targetHints":{"allow":["GET"]}}],"collection":[{"href":"https:\/\/www.lifenatura.com\/es\/wp-json\/wp\/v2\/product"}],"about":[{"href":"https:\/\/www.lifenatura.com\/es\/wp-json\/wp\/v2\/types\/product"}],"wp:featuredmedia":[{"embeddable":true,"href":"https:\/\/www.lifenatura.com\/es\/wp-json\/wp\/v2\/media\/129053"}],"wp:attachment":[{"href":"https:\/\/www.lifenatura.com\/es\/wp-json\/wp\/v2\/media?parent=41132"}],"wp:term":[{"taxonomy":"product_brand","embeddable":true,"href":"https:\/\/www.lifenatura.com\/es\/wp-json\/wp\/v2\/product_brand?post=41132"},{"taxonomy":"product_cat","embeddable":true,"href":"https:\/\/www.lifenatura.com\/es\/wp-json\/wp\/v2\/product_cat?post=41132"},{"taxonomy":"product_tag","embeddable":true,"href":"https:\/\/www.lifenatura.com\/es\/wp-json\/wp\/v2\/product_tag?post=41132"}],"curies":[{"name":"wp","href":"https:\/\/api.w.org\/{rel}","templated":true}]}}