{"id":41126,"date":"2021-09-30T10:52:46","date_gmt":"2021-09-30T10:52:46","guid":{"rendered":"https:\/\/lifenatura.dev.agenciagetdigital.com\/produto\/carbon-vegetal-ativado-100-capsulas-solgar\/"},"modified":"2022-08-21T15:23:02","modified_gmt":"2022-08-21T15:23:02","slug":"carbon-vegetal-ativado-100-capsulas-solgar","status":"publish","type":"product","link":"https:\/\/www.lifenatura.com\/es\/produto\/carbon-vegetal-ativado-100-capsulas-solgar\/","title":{"rendered":"Carb\u00f3n Vegetal Ativado 100 c\u00e1psulas &#8211; Solgar"},"content":{"rendered":"<p>Carb\u00f3n vegetal para la salud intestinal El carb\u00f3n activado de Solgar consiste en un polvo fino de carb\u00f3n negro, cuya estructura, mediante el uso de ox\u00edgeno, forma millones de peque\u00f1os poros entre los \u00e1tomos de carbono. Est\u00e1 libre de az\u00facar, sal, almid\u00f3n, ma\u00edz, levadura, trigo, soja, gluten y productos l\u00e1cteos, conservantes, edulcorantes, saborizantes y colorantes artificiales. Apto para veganos. PRESENTACI\u00d3N 100 c\u00e1psulas.<\/p>\n","protected":false},"excerpt":{"rendered":"<p>Carb\u00f3n vegetal para la salud intestinal El carb\u00f3n activado de Solgar consiste en un polvo fino de carb\u00f3n negro, cuya estructura, mediante el uso de ox\u00edgeno, forma millones de peque\u00f1os poros entre los \u00e1tomos de carbono. Est\u00e1 libre de az\u00facar, sal, almid\u00f3n, ma\u00edz, levadura, trigo, soja, gluten y productos l\u00e1cteos, conservantes, edulcorantes, saborizantes y colorantes [&#8230;]<\/p>\n<p><a class=\"btn btn-secondary understrap-read-more-link\" href=\"https:\/\/www.lifenatura.com\/es\/produto\/carbon-vegetal-ativado-100-capsulas-solgar\/\">Leer m\u00e1s&#8230;<span class=\"screen-reader-text\"> from Carb\u00f3n Vegetal Ativado 100 c\u00e1psulas &#8211; Solgar<\/span><\/a><\/p>\n","protected":false},"featured_media":129007,"template":"","meta":{"_acf_changed":false},"product_brand":[8365],"product_cat":[7155,7255,7659,7179],"product_tag":[8682],"class_list":{"0":"post-41126","1":"product","2":"type-product","3":"status-publish","4":"has-post-thumbnail","6":"product_brand-solgar","7":"product_cat-carbon-vegetal","8":"product_cat-gases","9":"product_cat-ingrediente-natural-bio","10":"product_cat-salud","11":"product_tag-dietimport","13":"first","14":"instock","15":"sale","16":"featured","17":"shipping-taxable","18":"purchasable","19":"product-type-simple","20":"add-to-wishlist-before_image"},"acf":[],"yoast_head":"<!-- This site is optimized with the Yoast SEO Premium plugin v27.1 (Yoast SEO v27.5) - https:\/\/yoast.com\/product\/yoast-seo-premium-wordpress\/ -->\n<title>Carb\u00f3n Vegetal Ativado 100 c\u00e1psulas - Solgar<\/title>\n<meta name=\"description\" content=\"El carb\u00f3n activado de Solgar consiste en un polvo fino de carb\u00f3n negro, cuya estructura, mediante el uso de ox\u00edgeno, forma millones de peque\u00f1os poros entre los \u00e1tomos de carbono.\" \/>\n<meta name=\"robots\" content=\"index, follow, max-snippet:-1, max-image-preview:large, max-video-preview:-1\" \/>\n<link rel=\"canonical\" href=\"https:\/\/www.lifenatura.com\/es\/produto\/carbon-vegetal-ativado-100-capsulas-solgar\/\" \/>\n<meta property=\"og:locale\" content=\"es_ES\" \/>\n<meta property=\"og:type\" content=\"article\" \/>\n<meta property=\"og:title\" content=\"Carb\u00f3n Vegetal Ativado 100 c\u00e1psulas - Solgar - Na Lifenatura ao Melhor Pre\u00e7o | Envio 48h\" \/>\n<meta property=\"og:description\" content=\"Compre Carb\u00f3n Vegetal Ativado 100 c\u00e1psulas - Solgar com envio r\u00e1pido. Entrega em 48h e portes gr\u00e1tis em compras &gt;35\u20ac. Aproveite j\u00e1 na Lifenatura\" \/>\n<meta property=\"og:url\" content=\"https:\/\/www.lifenatura.com\/es\/produto\/carbon-vegetal-ativado-100-capsulas-solgar\/\" \/>\n<meta property=\"og:site_name\" content=\"Lifenatura\" \/>\n<meta property=\"article:publisher\" content=\"https:\/\/www.facebook.com\/lifenatura\" \/>\n<meta property=\"article:modified_time\" content=\"2022-08-21T15:23:02+00:00\" \/>\n<meta property=\"og:image\" content=\"https:\/\/www.lifenatura.com\/wp-content\/uploads\/2021\/09\/gd_carva_o_vegetal_activado_solgar.jpg\" \/>\n\t<meta property=\"og:image:width\" content=\"1000\" \/>\n\t<meta property=\"og:image:height\" content=\"1000\" \/>\n\t<meta property=\"og:image:type\" content=\"image\/jpeg\" \/>\n<meta name=\"twitter:card\" content=\"summary_large_image\" \/>\n<meta name=\"twitter:label1\" content=\"Precio\" \/>\n\t<meta name=\"twitter:data1\" content=\"17,54&nbsp;&euro;\" \/>\n\t<meta name=\"twitter:label2\" content=\"Disponibilidad\" \/>\n\t<meta name=\"twitter:data2\" content=\"Disponible\" \/>\n<script type=\"application\/ld+json\" class=\"yoast-schema-graph\">{\"@context\":\"https:\\\/\\\/schema.org\",\"@graph\":[{\"@type\":\"WebPage\",\"@id\":\"https:\\\/\\\/www.lifenatura.com\\\/es\\\/produto\\\/carbon-vegetal-ativado-100-capsulas-solgar\\\/\",\"url\":\"https:\\\/\\\/www.lifenatura.com\\\/es\\\/produto\\\/carbon-vegetal-ativado-100-capsulas-solgar\\\/\",\"name\":\"Carb\u00f3n Vegetal Ativado 100 c\u00e1psulas - Solgar\",\"isPartOf\":{\"@id\":\"https:\\\/\\\/www.lifenatura.com\\\/es\\\/#website\"},\"primaryImageOfPage\":{\"@id\":\"https:\\\/\\\/www.lifenatura.com\\\/es\\\/produto\\\/carbon-vegetal-ativado-100-capsulas-solgar\\\/#primaryimage\"},\"image\":{\"@id\":\"https:\\\/\\\/www.lifenatura.com\\\/es\\\/produto\\\/carbon-vegetal-ativado-100-capsulas-solgar\\\/#primaryimage\"},\"thumbnailUrl\":\"https:\\\/\\\/www.lifenatura.com\\\/wp-content\\\/uploads\\\/2026\\\/03\\\/gd_carva_o_vegetal_activado_solgar.jpg.webp\",\"datePublished\":\"2021-09-30T10:52:46+00:00\",\"dateModified\":\"2022-08-21T15:23:02+00:00\",\"description\":\"El carb\u00f3n activado de Solgar consiste en un polvo fino de carb\u00f3n negro, cuya estructura, mediante el uso de ox\u00edgeno, forma millones de peque\u00f1os poros entre los \u00e1tomos de carbono.\",\"breadcrumb\":{\"@id\":\"https:\\\/\\\/www.lifenatura.com\\\/es\\\/produto\\\/carbon-vegetal-ativado-100-capsulas-solgar\\\/#breadcrumb\"},\"inLanguage\":\"es\",\"potentialAction\":[{\"@type\":\"ReadAction\",\"target\":[\"https:\\\/\\\/www.lifenatura.com\\\/es\\\/produto\\\/carbon-vegetal-ativado-100-capsulas-solgar\\\/\"]}]},{\"@type\":\"ImageObject\",\"inLanguage\":\"es\",\"@id\":\"https:\\\/\\\/www.lifenatura.com\\\/es\\\/produto\\\/carbon-vegetal-ativado-100-capsulas-solgar\\\/#primaryimage\",\"url\":\"https:\\\/\\\/www.lifenatura.com\\\/wp-content\\\/uploads\\\/2026\\\/03\\\/gd_carva_o_vegetal_activado_solgar.jpg.webp\",\"contentUrl\":\"https:\\\/\\\/www.lifenatura.com\\\/wp-content\\\/uploads\\\/2026\\\/03\\\/gd_carva_o_vegetal_activado_solgar.jpg.webp\",\"width\":1000,\"height\":1000},{\"@type\":\"BreadcrumbList\",\"@id\":\"https:\\\/\\\/www.lifenatura.com\\\/es\\\/produto\\\/carbon-vegetal-ativado-100-capsulas-solgar\\\/#breadcrumb\",\"itemListElement\":[{\"@type\":\"ListItem\",\"position\":1,\"name\":\"In\u00edcio\",\"item\":\"https:\\\/\\\/www.lifenatura.com\\\/es\\\/\"},{\"@type\":\"ListItem\",\"position\":2,\"name\":\"Todos los Productos\",\"item\":\"https:\\\/\\\/www.lifenatura.com\\\/es\\\/tienda\\\/\"},{\"@type\":\"ListItem\",\"position\":3,\"name\":\"Carb\u00f3n Vegetal Ativado 100 c\u00e1psulas &#8211; Solgar\"}]},{\"@type\":\"WebSite\",\"@id\":\"https:\\\/\\\/www.lifenatura.com\\\/es\\\/#website\",\"url\":\"https:\\\/\\\/www.lifenatura.com\\\/es\\\/\",\"name\":\"Lifenatura\",\"description\":\"A Lifenatura \u00e9 uma loja de produtos naturais, cosm\u00e9tica natural e alimenta\u00e7\u00e3o Biol\u00f3gica.\",\"publisher\":{\"@id\":\"https:\\\/\\\/www.lifenatura.com\\\/es\\\/#organization\"},\"potentialAction\":[{\"@type\":\"SearchAction\",\"target\":{\"@type\":\"EntryPoint\",\"urlTemplate\":\"https:\\\/\\\/www.lifenatura.com\\\/es\\\/?s={search_term_string}\"},\"query-input\":{\"@type\":\"PropertyValueSpecification\",\"valueRequired\":true,\"valueName\":\"search_term_string\"}}],\"inLanguage\":\"es\"},{\"@type\":\"Organization\",\"@id\":\"https:\\\/\\\/www.lifenatura.com\\\/es\\\/#organization\",\"name\":\"Lifenatura\",\"url\":\"https:\\\/\\\/www.lifenatura.com\\\/es\\\/\",\"logo\":{\"@type\":\"ImageObject\",\"inLanguage\":\"es\",\"@id\":\"https:\\\/\\\/www.lifenatura.com\\\/es\\\/#\\\/schema\\\/logo\\\/image\\\/\",\"url\":\"https:\\\/\\\/www.lifenatura.com\\\/wp-content\\\/uploads\\\/2021\\\/07\\\/logo.png\",\"contentUrl\":\"https:\\\/\\\/www.lifenatura.com\\\/wp-content\\\/uploads\\\/2021\\\/07\\\/logo.png\",\"width\":175,\"height\":55,\"caption\":\"Lifenatura\"},\"image\":{\"@id\":\"https:\\\/\\\/www.lifenatura.com\\\/es\\\/#\\\/schema\\\/logo\\\/image\\\/\"},\"sameAs\":[\"https:\\\/\\\/www.facebook.com\\\/lifenatura\",\"https:\\\/\\\/www.instagram.com\\\/lifenaturapt\\\/\"],\"hasMerchantReturnPolicy\":{\"@type\":\"MerchantReturnPolicy\",\"merchantReturnLink\":\"https:\\\/\\\/www.lifenatura.com\\\/termos-condicoes-lifenatura\\\/\"}}]}<\/script>\n<meta property=\"product:price:amount\" content=\"17.54\" \/>\n<meta property=\"product:price:currency\" content=\"EUR\" \/>\n<meta property=\"og:availability\" content=\"instock\" \/>\n<meta property=\"product:availability\" content=\"instock\" \/>\n<meta property=\"product:retailer_item_id\" content=\"33984314665\" \/>\n<meta property=\"product:condition\" content=\"new\" \/>\n<!-- \/ Yoast SEO Premium plugin. -->","yoast_head_json":{"title":"Carb\u00f3n Vegetal Ativado 100 c\u00e1psulas - Solgar","description":"El carb\u00f3n activado de Solgar consiste en un polvo fino de carb\u00f3n negro, cuya estructura, mediante el uso de ox\u00edgeno, forma millones de peque\u00f1os poros entre los \u00e1tomos de carbono.","robots":{"index":"index","follow":"follow","max-snippet":"max-snippet:-1","max-image-preview":"max-image-preview:large","max-video-preview":"max-video-preview:-1"},"canonical":"https:\/\/www.lifenatura.com\/es\/produto\/carbon-vegetal-ativado-100-capsulas-solgar\/","og_locale":"es_ES","og_type":"article","og_title":"Carb\u00f3n Vegetal Ativado 100 c\u00e1psulas - Solgar - Na Lifenatura ao Melhor Pre\u00e7o | Envio 48h","og_description":"Compre Carb\u00f3n Vegetal Ativado 100 c\u00e1psulas - Solgar com envio r\u00e1pido. Entrega em 48h e portes gr\u00e1tis em compras >35\u20ac. Aproveite j\u00e1 na Lifenatura","og_url":"https:\/\/www.lifenatura.com\/es\/produto\/carbon-vegetal-ativado-100-capsulas-solgar\/","og_site_name":"Lifenatura","article_publisher":"https:\/\/www.facebook.com\/lifenatura","article_modified_time":"2022-08-21T15:23:02+00:00","og_image":[{"width":1000,"height":1000,"url":"https:\/\/www.lifenatura.com\/wp-content\/uploads\/2021\/09\/gd_carva_o_vegetal_activado_solgar.jpg","type":"image\/jpeg"}],"twitter_card":"summary_large_image","twitter_misc":{"Precio":"17,54&nbsp;&euro;","Disponibilidad":"Disponible"},"schema":{"@context":"https:\/\/schema.org","@graph":[{"@type":"WebPage","@id":"https:\/\/www.lifenatura.com\/es\/produto\/carbon-vegetal-ativado-100-capsulas-solgar\/","url":"https:\/\/www.lifenatura.com\/es\/produto\/carbon-vegetal-ativado-100-capsulas-solgar\/","name":"Carb\u00f3n Vegetal Ativado 100 c\u00e1psulas - Solgar","isPartOf":{"@id":"https:\/\/www.lifenatura.com\/es\/#website"},"primaryImageOfPage":{"@id":"https:\/\/www.lifenatura.com\/es\/produto\/carbon-vegetal-ativado-100-capsulas-solgar\/#primaryimage"},"image":{"@id":"https:\/\/www.lifenatura.com\/es\/produto\/carbon-vegetal-ativado-100-capsulas-solgar\/#primaryimage"},"thumbnailUrl":"https:\/\/www.lifenatura.com\/wp-content\/uploads\/2026\/03\/gd_carva_o_vegetal_activado_solgar.jpg.webp","datePublished":"2021-09-30T10:52:46+00:00","dateModified":"2022-08-21T15:23:02+00:00","description":"El carb\u00f3n activado de Solgar consiste en un polvo fino de carb\u00f3n negro, cuya estructura, mediante el uso de ox\u00edgeno, forma millones de peque\u00f1os poros entre los \u00e1tomos de carbono.","breadcrumb":{"@id":"https:\/\/www.lifenatura.com\/es\/produto\/carbon-vegetal-ativado-100-capsulas-solgar\/#breadcrumb"},"inLanguage":"es","potentialAction":[{"@type":"ReadAction","target":["https:\/\/www.lifenatura.com\/es\/produto\/carbon-vegetal-ativado-100-capsulas-solgar\/"]}]},{"@type":"ImageObject","inLanguage":"es","@id":"https:\/\/www.lifenatura.com\/es\/produto\/carbon-vegetal-ativado-100-capsulas-solgar\/#primaryimage","url":"https:\/\/www.lifenatura.com\/wp-content\/uploads\/2026\/03\/gd_carva_o_vegetal_activado_solgar.jpg.webp","contentUrl":"https:\/\/www.lifenatura.com\/wp-content\/uploads\/2026\/03\/gd_carva_o_vegetal_activado_solgar.jpg.webp","width":1000,"height":1000},{"@type":"BreadcrumbList","@id":"https:\/\/www.lifenatura.com\/es\/produto\/carbon-vegetal-ativado-100-capsulas-solgar\/#breadcrumb","itemListElement":[{"@type":"ListItem","position":1,"name":"In\u00edcio","item":"https:\/\/www.lifenatura.com\/es\/"},{"@type":"ListItem","position":2,"name":"Todos los Productos","item":"https:\/\/www.lifenatura.com\/es\/tienda\/"},{"@type":"ListItem","position":3,"name":"Carb\u00f3n Vegetal Ativado 100 c\u00e1psulas &#8211; Solgar"}]},{"@type":"WebSite","@id":"https:\/\/www.lifenatura.com\/es\/#website","url":"https:\/\/www.lifenatura.com\/es\/","name":"Lifenatura","description":"A Lifenatura \u00e9 uma loja de produtos naturais, cosm\u00e9tica natural e alimenta\u00e7\u00e3o Biol\u00f3gica.","publisher":{"@id":"https:\/\/www.lifenatura.com\/es\/#organization"},"potentialAction":[{"@type":"SearchAction","target":{"@type":"EntryPoint","urlTemplate":"https:\/\/www.lifenatura.com\/es\/?s={search_term_string}"},"query-input":{"@type":"PropertyValueSpecification","valueRequired":true,"valueName":"search_term_string"}}],"inLanguage":"es"},{"@type":"Organization","@id":"https:\/\/www.lifenatura.com\/es\/#organization","name":"Lifenatura","url":"https:\/\/www.lifenatura.com\/es\/","logo":{"@type":"ImageObject","inLanguage":"es","@id":"https:\/\/www.lifenatura.com\/es\/#\/schema\/logo\/image\/","url":"https:\/\/www.lifenatura.com\/wp-content\/uploads\/2021\/07\/logo.png","contentUrl":"https:\/\/www.lifenatura.com\/wp-content\/uploads\/2021\/07\/logo.png","width":175,"height":55,"caption":"Lifenatura"},"image":{"@id":"https:\/\/www.lifenatura.com\/es\/#\/schema\/logo\/image\/"},"sameAs":["https:\/\/www.facebook.com\/lifenatura","https:\/\/www.instagram.com\/lifenaturapt\/"],"hasMerchantReturnPolicy":{"@type":"MerchantReturnPolicy","merchantReturnLink":"https:\/\/www.lifenatura.com\/termos-condicoes-lifenatura\/"}}]},"product_price_amount":"17.54","product_price_currency":"EUR","og_availability":"instock","product_availability":"instock","product_retailer_item_id":"33984314665","product_condition":"new"},"df_price":17.54,"df_sale_price":17.54,"df_regular_price":23.39,"df_image_link":"https:\/\/www.lifenatura.com\/wp-content\/uploads\/2026\/03\/gd_carva_o_vegetal_activado_solgar.jpg-300x300.webp","_links":{"self":[{"href":"https:\/\/www.lifenatura.com\/es\/wp-json\/wp\/v2\/product\/41126","targetHints":{"allow":["GET"]}}],"collection":[{"href":"https:\/\/www.lifenatura.com\/es\/wp-json\/wp\/v2\/product"}],"about":[{"href":"https:\/\/www.lifenatura.com\/es\/wp-json\/wp\/v2\/types\/product"}],"wp:featuredmedia":[{"embeddable":true,"href":"https:\/\/www.lifenatura.com\/es\/wp-json\/wp\/v2\/media\/129007"}],"wp:attachment":[{"href":"https:\/\/www.lifenatura.com\/es\/wp-json\/wp\/v2\/media?parent=41126"}],"wp:term":[{"taxonomy":"product_brand","embeddable":true,"href":"https:\/\/www.lifenatura.com\/es\/wp-json\/wp\/v2\/product_brand?post=41126"},{"taxonomy":"product_cat","embeddable":true,"href":"https:\/\/www.lifenatura.com\/es\/wp-json\/wp\/v2\/product_cat?post=41126"},{"taxonomy":"product_tag","embeddable":true,"href":"https:\/\/www.lifenatura.com\/es\/wp-json\/wp\/v2\/product_tag?post=41126"}],"curies":[{"name":"wp","href":"https:\/\/api.w.org\/{rel}","templated":true}]}}