{"id":41116,"date":"2021-09-30T10:52:25","date_gmt":"2021-09-30T10:52:25","guid":{"rendered":"https:\/\/lifenatura.dev.agenciagetdigital.com\/produto\/l-cisteina-500-mg-30-capsulas-solgar\/"},"modified":"2022-08-21T15:22:53","modified_gmt":"2022-08-21T15:22:53","slug":"l-cisteina-500-mg-30-capsulas-solgar","status":"publish","type":"product","link":"https:\/\/www.lifenatura.com\/es\/produto\/l-cisteina-500-mg-30-capsulas-solgar\/","title":{"rendered":"L-Cisteina 500 mg 30 c\u00e1psulas &#8211; Solgar"},"content":{"rendered":"<p>Adecuado para cabello, piel y u\u00f1as. La L-ciste\u00edna de Solgar proporciona el amino\u00e1cido sulfurado L-ciste\u00edna en su forma libre, predigerido para una m\u00e1xima absorci\u00f3n, este amino\u00e1cido es esencial para fortalecer la estructura de la piel, las u\u00f1as y el cabello. Este amino\u00e1cido tiene un alto poder antioxidante, potenciando la actividad del glutati\u00f3n, un antioxidante que protege el h\u00edgado, los pulmones y el sistema vascular de la actividad t\u00f3xica de los radicales libres de ox\u00edgeno. Adem\u00e1s, es importante en la s\u00edntesis de queratina, que est\u00e1 presente en la piel y el cabello. Est\u00e1 libre de az\u00facar, sal, almid\u00f3n, levadura, trigo, soja, gluten y productos l\u00e1cteos. Formulado sin el uso de conservantes, aromatizantes o colorantes artificiales. Apto para veganos. PRESENTACI\u00d3N 30 c\u00e1psulas.<\/p>\n","protected":false},"excerpt":{"rendered":"<p>Adecuado para cabello, piel y u\u00f1as. La L-ciste\u00edna de Solgar proporciona el amino\u00e1cido sulfurado L-ciste\u00edna en su forma libre, predigerido para una m\u00e1xima absorci\u00f3n, este amino\u00e1cido es esencial para fortalecer la estructura de la piel, las u\u00f1as y el cabello. Este amino\u00e1cido tiene un alto poder antioxidante, potenciando la actividad del glutati\u00f3n, un antioxidante que [&#8230;]<\/p>\n<p><a class=\"btn btn-secondary understrap-read-more-link\" href=\"https:\/\/www.lifenatura.com\/es\/produto\/l-cisteina-500-mg-30-capsulas-solgar\/\">Leer m\u00e1s&#8230;<span class=\"screen-reader-text\"> from L-Cisteina 500 mg 30 c\u00e1psulas &#8211; Solgar<\/span><\/a><\/p>\n","protected":false},"featured_media":22253,"template":"","meta":{"_acf_changed":false},"product_brand":[8365],"product_cat":[7237,7239,7179],"product_tag":[],"class_list":{"0":"post-41116","1":"product","2":"type-product","3":"status-publish","4":"has-post-thumbnail","6":"product_brand-solgar","7":"product_cat-pelo-unas","8":"product_cat-cuidado-de-la-piel","9":"product_cat-salud","11":"first","12":"outofstock","13":"shipping-taxable","14":"purchasable","15":"product-type-simple","16":"add-to-wishlist-before_image"},"acf":[],"yoast_head":"<!-- This site is optimized with the Yoast SEO Premium plugin v27.1 (Yoast SEO v27.3) - https:\/\/yoast.com\/product\/yoast-seo-premium-wordpress\/ -->\n<title>L-Cisteina 500 mg 30 c\u00e1psulas - Solgar<\/title>\n<meta name=\"description\" content=\"Este amino\u00e1cido tiene un alto poder antioxidante, potenciando la actividad del glutati\u00f3n, un antioxidante que protege el h\u00edgado, los pulmones y el sistema vascular.\" \/>\n<meta name=\"robots\" content=\"index, follow, max-snippet:-1, max-image-preview:large, max-video-preview:-1\" \/>\n<link rel=\"canonical\" href=\"https:\/\/www.lifenatura.com\/es\/produto\/l-cisteina-500-mg-30-capsulas-solgar\/\" \/>\n<meta property=\"og:locale\" content=\"es_ES\" \/>\n<meta property=\"og:type\" content=\"article\" \/>\n<meta property=\"og:title\" content=\"L-Cisteina 500 mg 30 c\u00e1psulas - Solgar - Lifenatura\" \/>\n<meta property=\"og:description\" content=\"Compre aqui o seu L-Cisteina 500 mg 30 c\u00e1psulas - Solgar e a Lifenatura Online envia em 48 H com Portes Gratis &gt;35\u20ac de Pedido.\" \/>\n<meta property=\"og:url\" content=\"https:\/\/www.lifenatura.com\/es\/produto\/l-cisteina-500-mg-30-capsulas-solgar\/\" \/>\n<meta property=\"og:site_name\" content=\"Lifenatura\" \/>\n<meta property=\"article:publisher\" content=\"https:\/\/www.facebook.com\/lifenatura\" \/>\n<meta property=\"article:modified_time\" content=\"2022-08-21T15:22:53+00:00\" \/>\n<meta property=\"og:image\" content=\"https:\/\/www.lifenatura.com\/wp-content\/uploads\/2021\/09\/gd_l_cisteina_500_mg_30_capsulas_solgar.jpg\" \/>\n\t<meta property=\"og:image:width\" content=\"1000\" \/>\n\t<meta property=\"og:image:height\" content=\"1000\" \/>\n\t<meta property=\"og:image:type\" content=\"image\/jpeg\" \/>\n<meta name=\"twitter:card\" content=\"summary_large_image\" \/>\n<meta name=\"twitter:label1\" content=\"Precio\" \/>\n\t<meta name=\"twitter:data1\" content=\"10,82&nbsp;&euro;\" \/>\n\t<meta name=\"twitter:label2\" content=\"Disponibilidad\" \/>\n\t<meta name=\"twitter:data2\" content=\"Sin existencias\" \/>\n<meta property=\"product:price:amount\" content=\"10.82\" \/>\n<meta property=\"product:price:currency\" content=\"EUR\" \/>\n<meta property=\"og:availability\" content=\"out of stock\" \/>\n<meta property=\"product:availability\" content=\"out of stock\" \/>\n<meta property=\"product:retailer_item_id\" content=\"33984009608\" \/>\n<meta property=\"product:condition\" content=\"new\" \/>\n<!-- \/ Yoast SEO Premium plugin. -->","yoast_head_json":{"title":"L-Cisteina 500 mg 30 c\u00e1psulas - Solgar","description":"Este amino\u00e1cido tiene un alto poder antioxidante, potenciando la actividad del glutati\u00f3n, un antioxidante que protege el h\u00edgado, los pulmones y el sistema vascular.","robots":{"index":"index","follow":"follow","max-snippet":"max-snippet:-1","max-image-preview":"max-image-preview:large","max-video-preview":"max-video-preview:-1"},"canonical":"https:\/\/www.lifenatura.com\/es\/produto\/l-cisteina-500-mg-30-capsulas-solgar\/","og_locale":"es_ES","og_type":"article","og_title":"L-Cisteina 500 mg 30 c\u00e1psulas - Solgar - Lifenatura","og_description":"Compre aqui o seu L-Cisteina 500 mg 30 c\u00e1psulas - Solgar e a Lifenatura Online envia em 48 H com Portes Gratis >35\u20ac de Pedido.","og_url":"https:\/\/www.lifenatura.com\/es\/produto\/l-cisteina-500-mg-30-capsulas-solgar\/","og_site_name":"Lifenatura","article_publisher":"https:\/\/www.facebook.com\/lifenatura","article_modified_time":"2022-08-21T15:22:53+00:00","og_image":[{"width":1000,"height":1000,"url":"https:\/\/www.lifenatura.com\/wp-content\/uploads\/2021\/09\/gd_l_cisteina_500_mg_30_capsulas_solgar.jpg","type":"image\/jpeg"}],"twitter_card":"summary_large_image","twitter_misc":{"Precio":"10,82&nbsp;&euro;","Disponibilidad":"Sin existencias"},"schema":{"@context":"https:\/\/schema.org","@graph":[{"@type":"WebPage","@id":"https:\/\/www.lifenatura.com\/es\/produto\/l-cisteina-500-mg-30-capsulas-solgar\/","url":"https:\/\/www.lifenatura.com\/es\/produto\/l-cisteina-500-mg-30-capsulas-solgar\/","name":"L-Cisteina 500 mg 30 c\u00e1psulas - Solgar","isPartOf":{"@id":"https:\/\/www.lifenatura.com\/es\/#website"},"primaryImageOfPage":{"@id":"https:\/\/www.lifenatura.com\/es\/produto\/l-cisteina-500-mg-30-capsulas-solgar\/#primaryimage"},"image":{"@id":"https:\/\/www.lifenatura.com\/es\/produto\/l-cisteina-500-mg-30-capsulas-solgar\/#primaryimage"},"thumbnailUrl":"https:\/\/www.lifenatura.com\/wp-content\/uploads\/2021\/09\/gd_l_cisteina_500_mg_30_capsulas_solgar.jpg","datePublished":"2021-09-30T10:52:25+00:00","dateModified":"2022-08-21T15:22:53+00:00","description":"Este amino\u00e1cido tiene un alto poder antioxidante, potenciando la actividad del glutati\u00f3n, un antioxidante que protege el h\u00edgado, los pulmones y el sistema vascular.","breadcrumb":{"@id":"https:\/\/www.lifenatura.com\/es\/produto\/l-cisteina-500-mg-30-capsulas-solgar\/#breadcrumb"},"inLanguage":"es","potentialAction":[{"@type":"ReadAction","target":["https:\/\/www.lifenatura.com\/es\/produto\/l-cisteina-500-mg-30-capsulas-solgar\/"]}]},{"@type":"ImageObject","inLanguage":"es","@id":"https:\/\/www.lifenatura.com\/es\/produto\/l-cisteina-500-mg-30-capsulas-solgar\/#primaryimage","url":"https:\/\/www.lifenatura.com\/wp-content\/uploads\/2021\/09\/gd_l_cisteina_500_mg_30_capsulas_solgar.jpg","contentUrl":"https:\/\/www.lifenatura.com\/wp-content\/uploads\/2021\/09\/gd_l_cisteina_500_mg_30_capsulas_solgar.jpg","width":1000,"height":1000,"caption":"L-Cisteina 500 mg 30 c\u00e1psulas - Solgar"},{"@type":"BreadcrumbList","@id":"https:\/\/www.lifenatura.com\/es\/produto\/l-cisteina-500-mg-30-capsulas-solgar\/#breadcrumb","itemListElement":[{"@type":"ListItem","position":1,"name":"In\u00edcio","item":"https:\/\/www.lifenatura.com\/es\/"},{"@type":"ListItem","position":2,"name":"Todos los Productos","item":"https:\/\/www.lifenatura.com\/es\/tienda\/"},{"@type":"ListItem","position":3,"name":"L-Cisteina 500 mg 30 c\u00e1psulas &#8211; Solgar"}]},{"@type":"WebSite","@id":"https:\/\/www.lifenatura.com\/es\/#website","url":"https:\/\/www.lifenatura.com\/es\/","name":"Lifenatura","description":"A Lifenatura \u00e9 uma loja de produtos naturais, cosm\u00e9tica natural e alimenta\u00e7\u00e3o Biol\u00f3gica.","publisher":{"@id":"https:\/\/www.lifenatura.com\/es\/#organization"},"potentialAction":[{"@type":"SearchAction","target":{"@type":"EntryPoint","urlTemplate":"https:\/\/www.lifenatura.com\/es\/?s={search_term_string}"},"query-input":{"@type":"PropertyValueSpecification","valueRequired":true,"valueName":"search_term_string"}}],"inLanguage":"es"},{"@type":"Organization","@id":"https:\/\/www.lifenatura.com\/es\/#organization","name":"Lifenatura","url":"https:\/\/www.lifenatura.com\/es\/","logo":{"@type":"ImageObject","inLanguage":"es","@id":"https:\/\/www.lifenatura.com\/es\/#\/schema\/logo\/image\/","url":"https:\/\/www.lifenatura.com\/wp-content\/uploads\/2021\/11\/logo.png","contentUrl":"https:\/\/www.lifenatura.com\/wp-content\/uploads\/2021\/11\/logo.png","width":175,"height":55,"caption":"Lifenatura"},"image":{"@id":"https:\/\/www.lifenatura.com\/es\/#\/schema\/logo\/image\/"},"sameAs":["https:\/\/www.facebook.com\/lifenatura","https:\/\/www.instagram.com\/lifenaturapt\/"]}]},"product_price_amount":"10.82","product_price_currency":"EUR","og_availability":"out of stock","product_availability":"out of stock","product_retailer_item_id":"33984009608","product_condition":"new"},"df_price":10.82,"df_sale_price":"","df_regular_price":10.82,"df_image_link":"https:\/\/www.lifenatura.com\/wp-content\/uploads\/2021\/09\/gd_l_cisteina_500_mg_30_capsulas_solgar-300x300.jpg","_links":{"self":[{"href":"https:\/\/www.lifenatura.com\/es\/wp-json\/wp\/v2\/product\/41116","targetHints":{"allow":["GET"]}}],"collection":[{"href":"https:\/\/www.lifenatura.com\/es\/wp-json\/wp\/v2\/product"}],"about":[{"href":"https:\/\/www.lifenatura.com\/es\/wp-json\/wp\/v2\/types\/product"}],"wp:featuredmedia":[{"embeddable":true,"href":"https:\/\/www.lifenatura.com\/es\/wp-json\/wp\/v2\/media\/22253"}],"wp:attachment":[{"href":"https:\/\/www.lifenatura.com\/es\/wp-json\/wp\/v2\/media?parent=41116"}],"wp:term":[{"taxonomy":"product_brand","embeddable":true,"href":"https:\/\/www.lifenatura.com\/es\/wp-json\/wp\/v2\/product_brand?post=41116"},{"taxonomy":"product_cat","embeddable":true,"href":"https:\/\/www.lifenatura.com\/es\/wp-json\/wp\/v2\/product_cat?post=41116"},{"taxonomy":"product_tag","embeddable":true,"href":"https:\/\/www.lifenatura.com\/es\/wp-json\/wp\/v2\/product_tag?post=41116"}],"curies":[{"name":"wp","href":"https:\/\/api.w.org\/{rel}","templated":true}]}}