{"id":41111,"date":"2021-09-30T10:52:25","date_gmt":"2021-09-30T10:52:25","guid":{"rendered":"https:\/\/lifenatura.dev.agenciagetdigital.com\/produto\/selenio-200ug-50-comprimidos-solgar\/"},"modified":"2022-08-21T15:22:48","modified_gmt":"2022-08-21T15:22:48","slug":"selenio-200ug-50-comprimidos-solgar","status":"publish","type":"product","link":"https:\/\/www.lifenatura.com\/es\/produto\/selenio-200ug-50-comprimidos-solgar\/","title":{"rendered":"Sel\u00e9nio 200ug 50 comprimidos &#8211; Solgar"},"content":{"rendered":"<p>El selenio es un antioxidante fuerte El selenio es un mineral que contribuye a la espermatog\u00e9nesis normal, el mantenimiento del cabello y las u\u00f1as normales, el funcionamiento normal del sistema inmunitario y la protecci\u00f3n de las c\u00e9lulas contra la oxidaci\u00f3n indeseable. La funci\u00f3n principal del selenio es capturar los radicales libres, protegiendo las c\u00e9lulas de la oxidaci\u00f3n. Este antioxidante es un mecanismo que puede prevenir la aparici\u00f3n de ciertas enfermedades, por ejemplo, c\u00e1ncer o enfermedades cardiovasculares. Presentaci\u00f3n 50 tabletas<\/p>\n","protected":false},"excerpt":{"rendered":"<p>El selenio es un antioxidante fuerte El selenio es un mineral que contribuye a la espermatog\u00e9nesis normal, el mantenimiento del cabello y las u\u00f1as normales, el funcionamiento normal del sistema inmunitario y la protecci\u00f3n de las c\u00e9lulas contra la oxidaci\u00f3n indeseable. La funci\u00f3n principal del selenio es capturar los radicales libres, protegiendo las c\u00e9lulas de [&#8230;]<\/p>\n<p><a class=\"btn btn-secondary understrap-read-more-link\" href=\"https:\/\/www.lifenatura.com\/es\/produto\/selenio-200ug-50-comprimidos-solgar\/\">Leer m\u00e1s&#8230;<span class=\"screen-reader-text\"> from Sel\u00e9nio 200ug 50 comprimidos &#8211; Solgar<\/span><\/a><\/p>\n","protected":false},"featured_media":129021,"template":"","meta":{"_acf_changed":false},"product_brand":[8365],"product_cat":[7236,7179],"product_tag":[8682],"class_list":{"0":"post-41111","1":"product","2":"type-product","3":"status-publish","4":"has-post-thumbnail","6":"product_brand-solgar","7":"product_cat-antioxidantes-salud","8":"product_cat-salud","9":"product_tag-dietimport","11":"first","12":"instock","13":"sale","14":"featured","15":"shipping-taxable","16":"purchasable","17":"product-type-simple","18":"add-to-wishlist-before_image"},"acf":[],"yoast_head":"<!-- This site is optimized with the Yoast SEO Premium plugin v27.1 (Yoast SEO v27.3) - https:\/\/yoast.com\/product\/yoast-seo-premium-wordpress\/ -->\n<title>Sel\u00e9nio 200ug 50 comprimidos - Solgar<\/title>\n<meta name=\"description\" content=\"El selenio es un mineral que contribuye el mantenimiento del cabello y las u\u00f1as normales, el funcionamiento normal del sistema inmunitario.\" \/>\n<meta name=\"robots\" content=\"index, follow, max-snippet:-1, max-image-preview:large, max-video-preview:-1\" \/>\n<link rel=\"canonical\" href=\"https:\/\/www.lifenatura.com\/es\/produto\/selenio-200ug-50-comprimidos-solgar\/\" \/>\n<meta property=\"og:locale\" content=\"es_ES\" \/>\n<meta property=\"og:type\" content=\"article\" \/>\n<meta property=\"og:title\" content=\"Sel\u00e9nio 200ug 50 comprimidos - Solgar - Lifenatura\" \/>\n<meta property=\"og:description\" content=\"Compre aqui o seu Sel\u00e9nio 200ug 50 comprimidos - Solgar e a Lifenatura Online envia em 48 H com Portes Gratis &gt;35\u20ac de Pedido.\" \/>\n<meta property=\"og:url\" content=\"https:\/\/www.lifenatura.com\/es\/produto\/selenio-200ug-50-comprimidos-solgar\/\" \/>\n<meta property=\"og:site_name\" content=\"Lifenatura\" \/>\n<meta property=\"article:publisher\" content=\"https:\/\/www.facebook.com\/lifenatura\" \/>\n<meta property=\"article:modified_time\" content=\"2022-08-21T15:22:48+00:00\" \/>\n<meta property=\"og:image\" content=\"https:\/\/www.lifenatura.com\/wp-content\/uploads\/2021\/09\/gd_selenio_200ug_50_comprimidos_solgar.jpg\" \/>\n\t<meta property=\"og:image:width\" content=\"1000\" \/>\n\t<meta property=\"og:image:height\" content=\"1000\" \/>\n\t<meta property=\"og:image:type\" content=\"image\/jpeg\" \/>\n<meta name=\"twitter:card\" content=\"summary_large_image\" \/>\n<meta name=\"twitter:label1\" content=\"Precio\" \/>\n\t<meta name=\"twitter:data1\" content=\"20,71&nbsp;&euro;\" \/>\n\t<meta name=\"twitter:label2\" content=\"Disponibilidad\" \/>\n\t<meta name=\"twitter:data2\" content=\"Disponible\" \/>\n<meta property=\"product:price:amount\" content=\"20.71\" \/>\n<meta property=\"product:price:currency\" content=\"EUR\" \/>\n<meta property=\"og:availability\" content=\"instock\" \/>\n<meta property=\"product:availability\" content=\"instock\" \/>\n<meta property=\"product:retailer_item_id\" content=\"33984025400\" \/>\n<meta property=\"product:condition\" content=\"new\" \/>\n<!-- \/ Yoast SEO Premium plugin. -->","yoast_head_json":{"title":"Sel\u00e9nio 200ug 50 comprimidos - Solgar","description":"El selenio es un mineral que contribuye el mantenimiento del cabello y las u\u00f1as normales, el funcionamiento normal del sistema inmunitario.","robots":{"index":"index","follow":"follow","max-snippet":"max-snippet:-1","max-image-preview":"max-image-preview:large","max-video-preview":"max-video-preview:-1"},"canonical":"https:\/\/www.lifenatura.com\/es\/produto\/selenio-200ug-50-comprimidos-solgar\/","og_locale":"es_ES","og_type":"article","og_title":"Sel\u00e9nio 200ug 50 comprimidos - Solgar - Lifenatura","og_description":"Compre aqui o seu Sel\u00e9nio 200ug 50 comprimidos - Solgar e a Lifenatura Online envia em 48 H com Portes Gratis >35\u20ac de Pedido.","og_url":"https:\/\/www.lifenatura.com\/es\/produto\/selenio-200ug-50-comprimidos-solgar\/","og_site_name":"Lifenatura","article_publisher":"https:\/\/www.facebook.com\/lifenatura","article_modified_time":"2022-08-21T15:22:48+00:00","og_image":[{"width":1000,"height":1000,"url":"https:\/\/www.lifenatura.com\/wp-content\/uploads\/2021\/09\/gd_selenio_200ug_50_comprimidos_solgar.jpg","type":"image\/jpeg"}],"twitter_card":"summary_large_image","twitter_misc":{"Precio":"20,71&nbsp;&euro;","Disponibilidad":"Disponible"},"schema":{"@context":"https:\/\/schema.org","@graph":[{"@type":"WebPage","@id":"https:\/\/www.lifenatura.com\/es\/produto\/selenio-200ug-50-comprimidos-solgar\/","url":"https:\/\/www.lifenatura.com\/es\/produto\/selenio-200ug-50-comprimidos-solgar\/","name":"Sel\u00e9nio 200ug 50 comprimidos - Solgar","isPartOf":{"@id":"https:\/\/www.lifenatura.com\/es\/#website"},"primaryImageOfPage":{"@id":"https:\/\/www.lifenatura.com\/es\/produto\/selenio-200ug-50-comprimidos-solgar\/#primaryimage"},"image":{"@id":"https:\/\/www.lifenatura.com\/es\/produto\/selenio-200ug-50-comprimidos-solgar\/#primaryimage"},"thumbnailUrl":"https:\/\/www.lifenatura.com\/wp-content\/uploads\/2026\/03\/gd_selenio_200ug_50_comprimidos_solgar.jpg.webp","datePublished":"2021-09-30T10:52:25+00:00","dateModified":"2022-08-21T15:22:48+00:00","description":"El selenio es un mineral que contribuye el mantenimiento del cabello y las u\u00f1as normales, el funcionamiento normal del sistema inmunitario.","breadcrumb":{"@id":"https:\/\/www.lifenatura.com\/es\/produto\/selenio-200ug-50-comprimidos-solgar\/#breadcrumb"},"inLanguage":"es","potentialAction":[{"@type":"ReadAction","target":["https:\/\/www.lifenatura.com\/es\/produto\/selenio-200ug-50-comprimidos-solgar\/"]}]},{"@type":"ImageObject","inLanguage":"es","@id":"https:\/\/www.lifenatura.com\/es\/produto\/selenio-200ug-50-comprimidos-solgar\/#primaryimage","url":"https:\/\/www.lifenatura.com\/wp-content\/uploads\/2026\/03\/gd_selenio_200ug_50_comprimidos_solgar.jpg.webp","contentUrl":"https:\/\/www.lifenatura.com\/wp-content\/uploads\/2026\/03\/gd_selenio_200ug_50_comprimidos_solgar.jpg.webp","width":1000,"height":1000},{"@type":"BreadcrumbList","@id":"https:\/\/www.lifenatura.com\/es\/produto\/selenio-200ug-50-comprimidos-solgar\/#breadcrumb","itemListElement":[{"@type":"ListItem","position":1,"name":"In\u00edcio","item":"https:\/\/www.lifenatura.com\/es\/"},{"@type":"ListItem","position":2,"name":"Todos los Productos","item":"https:\/\/www.lifenatura.com\/es\/tienda\/"},{"@type":"ListItem","position":3,"name":"Sel\u00e9nio 200ug 50 comprimidos &#8211; Solgar"}]},{"@type":"WebSite","@id":"https:\/\/www.lifenatura.com\/es\/#website","url":"https:\/\/www.lifenatura.com\/es\/","name":"Lifenatura","description":"A Lifenatura \u00e9 uma loja de produtos naturais, cosm\u00e9tica natural e alimenta\u00e7\u00e3o Biol\u00f3gica.","publisher":{"@id":"https:\/\/www.lifenatura.com\/es\/#organization"},"potentialAction":[{"@type":"SearchAction","target":{"@type":"EntryPoint","urlTemplate":"https:\/\/www.lifenatura.com\/es\/?s={search_term_string}"},"query-input":{"@type":"PropertyValueSpecification","valueRequired":true,"valueName":"search_term_string"}}],"inLanguage":"es"},{"@type":"Organization","@id":"https:\/\/www.lifenatura.com\/es\/#organization","name":"Lifenatura","url":"https:\/\/www.lifenatura.com\/es\/","logo":{"@type":"ImageObject","inLanguage":"es","@id":"https:\/\/www.lifenatura.com\/es\/#\/schema\/logo\/image\/","url":"https:\/\/www.lifenatura.com\/wp-content\/uploads\/2021\/11\/logo.png","contentUrl":"https:\/\/www.lifenatura.com\/wp-content\/uploads\/2021\/11\/logo.png","width":175,"height":55,"caption":"Lifenatura"},"image":{"@id":"https:\/\/www.lifenatura.com\/es\/#\/schema\/logo\/image\/"},"sameAs":["https:\/\/www.facebook.com\/lifenatura","https:\/\/www.instagram.com\/lifenaturapt\/"]}]},"product_price_amount":"20.71","product_price_currency":"EUR","og_availability":"instock","product_availability":"instock","product_retailer_item_id":"33984025400","product_condition":"new"},"df_price":20.71,"df_sale_price":20.71,"df_regular_price":27.61,"df_image_link":"https:\/\/www.lifenatura.com\/wp-content\/uploads\/2026\/03\/gd_selenio_200ug_50_comprimidos_solgar.jpg-300x300.webp","_links":{"self":[{"href":"https:\/\/www.lifenatura.com\/es\/wp-json\/wp\/v2\/product\/41111","targetHints":{"allow":["GET"]}}],"collection":[{"href":"https:\/\/www.lifenatura.com\/es\/wp-json\/wp\/v2\/product"}],"about":[{"href":"https:\/\/www.lifenatura.com\/es\/wp-json\/wp\/v2\/types\/product"}],"wp:featuredmedia":[{"embeddable":true,"href":"https:\/\/www.lifenatura.com\/es\/wp-json\/wp\/v2\/media\/129021"}],"wp:attachment":[{"href":"https:\/\/www.lifenatura.com\/es\/wp-json\/wp\/v2\/media?parent=41111"}],"wp:term":[{"taxonomy":"product_brand","embeddable":true,"href":"https:\/\/www.lifenatura.com\/es\/wp-json\/wp\/v2\/product_brand?post=41111"},{"taxonomy":"product_cat","embeddable":true,"href":"https:\/\/www.lifenatura.com\/es\/wp-json\/wp\/v2\/product_cat?post=41111"},{"taxonomy":"product_tag","embeddable":true,"href":"https:\/\/www.lifenatura.com\/es\/wp-json\/wp\/v2\/product_tag?post=41111"}],"curies":[{"name":"wp","href":"https:\/\/api.w.org\/{rel}","templated":true}]}}