{"id":41110,"date":"2021-09-30T10:52:25","date_gmt":"2021-09-30T10:52:25","guid":{"rendered":"https:\/\/lifenatura.dev.agenciagetdigital.com\/produto\/enzimas-digestivas-250-capsulas-solgar\/"},"modified":"2022-08-21T15:22:47","modified_gmt":"2022-08-21T15:22:47","slug":"enzimas-digestivas-250-capsulas-solgar","status":"publish","type":"product","link":"https:\/\/www.lifenatura.com\/es\/produto\/enzimas-digestivas-250-capsulas-solgar\/","title":{"rendered":"Enzimas Digestivas 250 c\u00e1psulas &#8211; Solgar"},"content":{"rendered":"<p>Proporciona enzimas digestivas esenciales. Las Enzimas Digestivas de Solgar est\u00e1n indicadas para el Sistema Digestivo, este es un suplemento con un complejo equilibrado de enzimas digestivas que act\u00faan en la digesti\u00f3n de prote\u00ednas, carbohidratos y l\u00edpidos. Cuenta con un extracto de menta PRESENTACI\u00d3N 250 tabletas<\/p>\n","protected":false},"excerpt":{"rendered":"<p>Proporciona enzimas digestivas esenciales. Las Enzimas Digestivas de Solgar est\u00e1n indicadas para el Sistema Digestivo, este es un suplemento con un complejo equilibrado de enzimas digestivas que act\u00faan en la digesti\u00f3n de prote\u00ednas, carbohidratos y l\u00edpidos. Cuenta con un extracto de menta PRESENTACI\u00d3N 250 tabletas [&#8230;]<\/p>\n<p><a class=\"btn btn-secondary understrap-read-more-link\" href=\"https:\/\/www.lifenatura.com\/es\/produto\/enzimas-digestivas-250-capsulas-solgar\/\">Leer m\u00e1s&#8230;<span class=\"screen-reader-text\"> from Enzimas Digestivas 250 c\u00e1psulas &#8211; Solgar<\/span><\/a><\/p>\n","protected":false},"featured_media":22247,"template":"","meta":{"_acf_changed":false},"product_brand":[8365],"product_cat":[7253,7179],"product_tag":[],"class_list":{"0":"post-41110","1":"product","2":"type-product","3":"status-publish","4":"has-post-thumbnail","6":"product_brand-solgar","7":"product_cat-digestion","8":"product_cat-salud","10":"first","11":"outofstock","12":"shipping-taxable","13":"purchasable","14":"product-type-simple","15":"add-to-wishlist-before_image"},"acf":[],"yoast_head":"<!-- This site is optimized with the Yoast SEO Premium plugin v27.1 (Yoast SEO v27.3) - https:\/\/yoast.com\/product\/yoast-seo-premium-wordpress\/ -->\n<title>Enzimas Digestivas 250 c\u00e1psulas - Solgar<\/title>\n<meta name=\"description\" content=\"Las Enzimas Digestivas de Solgar est\u00e1n indicadas para el Sistema Digestivo, un complejo equilibrado de enzimas digestivas que act\u00faan en la digesti\u00f3n de prote\u00ednas.\" \/>\n<meta name=\"robots\" content=\"index, follow, max-snippet:-1, max-image-preview:large, max-video-preview:-1\" \/>\n<link rel=\"canonical\" href=\"https:\/\/www.lifenatura.com\/es\/produto\/enzimas-digestivas-250-capsulas-solgar\/\" \/>\n<meta property=\"og:locale\" content=\"es_ES\" \/>\n<meta property=\"og:type\" content=\"article\" \/>\n<meta property=\"og:title\" content=\"Enzimas Digestivas 250 c\u00e1psulas - Solgar - Lifenatura\" \/>\n<meta property=\"og:description\" content=\"Compre aqui o seu Enzimas Digestivas 250 c\u00e1psulas - Solgar e a Lifenatura Online envia em 48 H com Portes Gratis &gt;35\u20ac de Pedido.\" \/>\n<meta property=\"og:url\" content=\"https:\/\/www.lifenatura.com\/es\/produto\/enzimas-digestivas-250-capsulas-solgar\/\" \/>\n<meta property=\"og:site_name\" content=\"Lifenatura\" \/>\n<meta property=\"article:publisher\" content=\"https:\/\/www.facebook.com\/lifenatura\" \/>\n<meta property=\"article:modified_time\" content=\"2022-08-21T15:22:47+00:00\" \/>\n<meta property=\"og:image\" content=\"https:\/\/www.lifenatura.com\/wp-content\/uploads\/2021\/09\/gd_enzimas_digestivas_250_comprimdos_solgar.jpg\" \/>\n\t<meta property=\"og:image:width\" content=\"1000\" \/>\n\t<meta property=\"og:image:height\" content=\"1000\" \/>\n\t<meta property=\"og:image:type\" content=\"image\/jpeg\" \/>\n<meta name=\"twitter:card\" content=\"summary_large_image\" \/>\n<meta name=\"twitter:label1\" content=\"Precio\" \/>\n\t<meta name=\"twitter:data1\" content=\"32,99&nbsp;&euro;\" \/>\n\t<meta name=\"twitter:label2\" content=\"Disponibilidad\" \/>\n\t<meta name=\"twitter:data2\" content=\"Sin existencias\" \/>\n<meta property=\"product:price:amount\" content=\"32.99\" \/>\n<meta property=\"product:price:currency\" content=\"EUR\" \/>\n<meta property=\"og:availability\" content=\"out of stock\" \/>\n<meta property=\"product:availability\" content=\"out of stock\" \/>\n<meta property=\"product:retailer_item_id\" content=\"33984010017\" \/>\n<meta property=\"product:condition\" content=\"new\" \/>\n<!-- \/ Yoast SEO Premium plugin. -->","yoast_head_json":{"title":"Enzimas Digestivas 250 c\u00e1psulas - Solgar","description":"Las Enzimas Digestivas de Solgar est\u00e1n indicadas para el Sistema Digestivo, un complejo equilibrado de enzimas digestivas que act\u00faan en la digesti\u00f3n de prote\u00ednas.","robots":{"index":"index","follow":"follow","max-snippet":"max-snippet:-1","max-image-preview":"max-image-preview:large","max-video-preview":"max-video-preview:-1"},"canonical":"https:\/\/www.lifenatura.com\/es\/produto\/enzimas-digestivas-250-capsulas-solgar\/","og_locale":"es_ES","og_type":"article","og_title":"Enzimas Digestivas 250 c\u00e1psulas - Solgar - Lifenatura","og_description":"Compre aqui o seu Enzimas Digestivas 250 c\u00e1psulas - Solgar e a Lifenatura Online envia em 48 H com Portes Gratis >35\u20ac de Pedido.","og_url":"https:\/\/www.lifenatura.com\/es\/produto\/enzimas-digestivas-250-capsulas-solgar\/","og_site_name":"Lifenatura","article_publisher":"https:\/\/www.facebook.com\/lifenatura","article_modified_time":"2022-08-21T15:22:47+00:00","og_image":[{"width":1000,"height":1000,"url":"https:\/\/www.lifenatura.com\/wp-content\/uploads\/2021\/09\/gd_enzimas_digestivas_250_comprimdos_solgar.jpg","type":"image\/jpeg"}],"twitter_card":"summary_large_image","twitter_misc":{"Precio":"32,99&nbsp;&euro;","Disponibilidad":"Sin existencias"},"schema":{"@context":"https:\/\/schema.org","@graph":[{"@type":"WebPage","@id":"https:\/\/www.lifenatura.com\/es\/produto\/enzimas-digestivas-250-capsulas-solgar\/","url":"https:\/\/www.lifenatura.com\/es\/produto\/enzimas-digestivas-250-capsulas-solgar\/","name":"Enzimas Digestivas 250 c\u00e1psulas - Solgar","isPartOf":{"@id":"https:\/\/www.lifenatura.com\/es\/#website"},"primaryImageOfPage":{"@id":"https:\/\/www.lifenatura.com\/es\/produto\/enzimas-digestivas-250-capsulas-solgar\/#primaryimage"},"image":{"@id":"https:\/\/www.lifenatura.com\/es\/produto\/enzimas-digestivas-250-capsulas-solgar\/#primaryimage"},"thumbnailUrl":"https:\/\/www.lifenatura.com\/wp-content\/uploads\/2021\/09\/gd_enzimas_digestivas_250_comprimdos_solgar.jpg","datePublished":"2021-09-30T10:52:25+00:00","dateModified":"2022-08-21T15:22:47+00:00","description":"Las Enzimas Digestivas de Solgar est\u00e1n indicadas para el Sistema Digestivo, un complejo equilibrado de enzimas digestivas que act\u00faan en la digesti\u00f3n de prote\u00ednas.","breadcrumb":{"@id":"https:\/\/www.lifenatura.com\/es\/produto\/enzimas-digestivas-250-capsulas-solgar\/#breadcrumb"},"inLanguage":"es","potentialAction":[{"@type":"ReadAction","target":["https:\/\/www.lifenatura.com\/es\/produto\/enzimas-digestivas-250-capsulas-solgar\/"]}]},{"@type":"ImageObject","inLanguage":"es","@id":"https:\/\/www.lifenatura.com\/es\/produto\/enzimas-digestivas-250-capsulas-solgar\/#primaryimage","url":"https:\/\/www.lifenatura.com\/wp-content\/uploads\/2021\/09\/gd_enzimas_digestivas_250_comprimdos_solgar.jpg","contentUrl":"https:\/\/www.lifenatura.com\/wp-content\/uploads\/2021\/09\/gd_enzimas_digestivas_250_comprimdos_solgar.jpg","width":1000,"height":1000,"caption":"Enzimas Digestivas 250 c\u00e1psulas - Solgar"},{"@type":"BreadcrumbList","@id":"https:\/\/www.lifenatura.com\/es\/produto\/enzimas-digestivas-250-capsulas-solgar\/#breadcrumb","itemListElement":[{"@type":"ListItem","position":1,"name":"In\u00edcio","item":"https:\/\/www.lifenatura.com\/es\/"},{"@type":"ListItem","position":2,"name":"Todos los Productos","item":"https:\/\/www.lifenatura.com\/es\/tienda\/"},{"@type":"ListItem","position":3,"name":"Enzimas Digestivas 250 c\u00e1psulas &#8211; Solgar"}]},{"@type":"WebSite","@id":"https:\/\/www.lifenatura.com\/es\/#website","url":"https:\/\/www.lifenatura.com\/es\/","name":"Lifenatura","description":"A Lifenatura \u00e9 uma loja de produtos naturais, cosm\u00e9tica natural e alimenta\u00e7\u00e3o Biol\u00f3gica.","publisher":{"@id":"https:\/\/www.lifenatura.com\/es\/#organization"},"potentialAction":[{"@type":"SearchAction","target":{"@type":"EntryPoint","urlTemplate":"https:\/\/www.lifenatura.com\/es\/?s={search_term_string}"},"query-input":{"@type":"PropertyValueSpecification","valueRequired":true,"valueName":"search_term_string"}}],"inLanguage":"es"},{"@type":"Organization","@id":"https:\/\/www.lifenatura.com\/es\/#organization","name":"Lifenatura","url":"https:\/\/www.lifenatura.com\/es\/","logo":{"@type":"ImageObject","inLanguage":"es","@id":"https:\/\/www.lifenatura.com\/es\/#\/schema\/logo\/image\/","url":"https:\/\/www.lifenatura.com\/wp-content\/uploads\/2021\/11\/logo.png","contentUrl":"https:\/\/www.lifenatura.com\/wp-content\/uploads\/2021\/11\/logo.png","width":175,"height":55,"caption":"Lifenatura"},"image":{"@id":"https:\/\/www.lifenatura.com\/es\/#\/schema\/logo\/image\/"},"sameAs":["https:\/\/www.facebook.com\/lifenatura","https:\/\/www.instagram.com\/lifenaturapt\/"]}]},"product_price_amount":"32.99","product_price_currency":"EUR","og_availability":"out of stock","product_availability":"out of stock","product_retailer_item_id":"33984010017","product_condition":"new"},"df_price":32.99,"df_sale_price":"","df_regular_price":32.99,"df_image_link":"https:\/\/www.lifenatura.com\/wp-content\/uploads\/2021\/09\/gd_enzimas_digestivas_250_comprimdos_solgar-300x300.jpg","_links":{"self":[{"href":"https:\/\/www.lifenatura.com\/es\/wp-json\/wp\/v2\/product\/41110","targetHints":{"allow":["GET"]}}],"collection":[{"href":"https:\/\/www.lifenatura.com\/es\/wp-json\/wp\/v2\/product"}],"about":[{"href":"https:\/\/www.lifenatura.com\/es\/wp-json\/wp\/v2\/types\/product"}],"wp:featuredmedia":[{"embeddable":true,"href":"https:\/\/www.lifenatura.com\/es\/wp-json\/wp\/v2\/media\/22247"}],"wp:attachment":[{"href":"https:\/\/www.lifenatura.com\/es\/wp-json\/wp\/v2\/media?parent=41110"}],"wp:term":[{"taxonomy":"product_brand","embeddable":true,"href":"https:\/\/www.lifenatura.com\/es\/wp-json\/wp\/v2\/product_brand?post=41110"},{"taxonomy":"product_cat","embeddable":true,"href":"https:\/\/www.lifenatura.com\/es\/wp-json\/wp\/v2\/product_cat?post=41110"},{"taxonomy":"product_tag","embeddable":true,"href":"https:\/\/www.lifenatura.com\/es\/wp-json\/wp\/v2\/product_tag?post=41110"}],"curies":[{"name":"wp","href":"https:\/\/api.w.org\/{rel}","templated":true}]}}