{"id":41104,"date":"2021-09-30T10:52:25","date_gmt":"2021-09-30T10:52:25","guid":{"rendered":"https:\/\/lifenatura.dev.agenciagetdigital.com\/produto\/vm-prime-para-mujeres-90-comprimidos-solgar\/"},"modified":"2022-08-21T15:22:44","modified_gmt":"2022-08-21T15:22:44","slug":"vm-prime-para-mujeres-90-comprimidos-solgar","status":"publish","type":"product","link":"https:\/\/www.lifenatura.com\/es\/produto\/vm-prime-para-mujeres-90-comprimidos-solgar\/","title":{"rendered":"VM Prime para Mujeres 90 comprimidos &#8211; Solgar"},"content":{"rendered":"<p>Proporciona las vitaminas esenciales para las mujeres Vm-Prime para mujeres es un suplemento que proporciona una f\u00f3rmula equilibrada de vitaminas y minerales. Proporciona calcio y magnesio en forma de citratos para ser utilizados por personas con digesti\u00f3n comprometida, as\u00ed como vitamina D3 y K2, esenciales para la salud \u00f3sea. Tambi\u00e9n tiene vitaminas B6, B12 y \u00e1cido f\u00f3lico que apoyan la salud cardiovascular y mental, y vitamina D, C, selenio y zinc para promover el sistema inmunol\u00f3gico. Esta f\u00f3rmula tambi\u00e9n contiene isoflavonas de soja. PRESENTACI\u00d3N 90 tabletas.<\/p>\n","protected":false},"excerpt":{"rendered":"<p>Proporciona las vitaminas esenciales para las mujeres Vm-Prime para mujeres es un suplemento que proporciona una f\u00f3rmula equilibrada de vitaminas y minerales. Proporciona calcio y magnesio en forma de citratos para ser utilizados por personas con digesti\u00f3n comprometida, as\u00ed como vitamina D3 y K2, esenciales para la salud \u00f3sea. Tambi\u00e9n tiene vitaminas B6, B12 y [&#8230;]<\/p>\n<p><a class=\"btn btn-secondary understrap-read-more-link\" href=\"https:\/\/www.lifenatura.com\/es\/produto\/vm-prime-para-mujeres-90-comprimidos-solgar\/\">Leer m\u00e1s&#8230;<span class=\"screen-reader-text\"> from VM Prime para Mujeres 90 comprimidos &#8211; Solgar<\/span><\/a><\/p>\n","protected":false},"featured_media":22241,"template":"","meta":{"_acf_changed":false},"product_brand":[8365],"product_cat":[7179,7244],"product_tag":[],"class_list":{"0":"post-41104","1":"product","2":"type-product","3":"status-publish","4":"has-post-thumbnail","6":"product_brand-solgar","7":"product_cat-salud","8":"product_cat-salud-de-la-mujer","10":"first","11":"outofstock","12":"shipping-taxable","13":"purchasable","14":"product-type-simple","15":"add-to-wishlist-before_image"},"acf":[],"yoast_head":"<!-- This site is optimized with the Yoast SEO Premium plugin v27.1 (Yoast SEO v27.4) - https:\/\/yoast.com\/product\/yoast-seo-premium-wordpress\/ -->\n<title>VM Prime para Mujeres 90 comprimidos - Solgar<\/title>\n<meta name=\"description\" content=\"Vm-Prime para mujeres es un suplemento que proporciona una f\u00f3rmula equilibrada de vitaminas y minerales.\" \/>\n<meta name=\"robots\" content=\"index, follow, max-snippet:-1, max-image-preview:large, max-video-preview:-1\" \/>\n<link rel=\"canonical\" href=\"https:\/\/www.lifenatura.com\/es\/produto\/vm-prime-para-mujeres-90-comprimidos-solgar\/\" \/>\n<meta property=\"og:locale\" content=\"es_ES\" \/>\n<meta property=\"og:type\" content=\"article\" \/>\n<meta property=\"og:title\" content=\"VM Prime para Mujeres 90 comprimidos - Solgar - Lifenatura\" \/>\n<meta property=\"og:description\" content=\"Compre aqui o seu VM Prime para Mujeres 90 comprimidos - Solgar e a Lifenatura Online envia em 48 H com Portes Gratis &gt;35\u20ac de Pedido.\" \/>\n<meta property=\"og:url\" content=\"https:\/\/www.lifenatura.com\/es\/produto\/vm-prime-para-mujeres-90-comprimidos-solgar\/\" \/>\n<meta property=\"og:site_name\" content=\"Lifenatura\" \/>\n<meta property=\"article:publisher\" content=\"https:\/\/www.facebook.com\/lifenatura\" \/>\n<meta property=\"article:modified_time\" content=\"2022-08-21T15:22:44+00:00\" \/>\n<meta property=\"og:image\" content=\"https:\/\/www.lifenatura.com\/wp-content\/uploads\/2021\/09\/gd_vm-prime-for-women-90-comprimidos-solgar.jpg\" \/>\n\t<meta property=\"og:image:width\" content=\"1000\" \/>\n\t<meta property=\"og:image:height\" content=\"1000\" \/>\n\t<meta property=\"og:image:type\" content=\"image\/jpeg\" \/>\n<meta name=\"twitter:card\" content=\"summary_large_image\" \/>\n<meta name=\"twitter:label1\" content=\"Precio\" \/>\n\t<meta name=\"twitter:data1\" content=\"37,30&nbsp;&euro;\" \/>\n\t<meta name=\"twitter:label2\" content=\"Disponibilidad\" \/>\n\t<meta name=\"twitter:data2\" content=\"Sin existencias\" \/>\n<meta property=\"product:price:amount\" content=\"37.30\" \/>\n<meta property=\"product:price:currency\" content=\"EUR\" \/>\n<meta property=\"og:availability\" content=\"out of stock\" \/>\n<meta property=\"product:availability\" content=\"out of stock\" \/>\n<meta property=\"product:retailer_item_id\" content=\"33984329546\" \/>\n<meta property=\"product:condition\" content=\"new\" \/>\n<!-- \/ Yoast SEO Premium plugin. -->","yoast_head_json":{"title":"VM Prime para Mujeres 90 comprimidos - Solgar","description":"Vm-Prime para mujeres es un suplemento que proporciona una f\u00f3rmula equilibrada de vitaminas y minerales.","robots":{"index":"index","follow":"follow","max-snippet":"max-snippet:-1","max-image-preview":"max-image-preview:large","max-video-preview":"max-video-preview:-1"},"canonical":"https:\/\/www.lifenatura.com\/es\/produto\/vm-prime-para-mujeres-90-comprimidos-solgar\/","og_locale":"es_ES","og_type":"article","og_title":"VM Prime para Mujeres 90 comprimidos - Solgar - Lifenatura","og_description":"Compre aqui o seu VM Prime para Mujeres 90 comprimidos - Solgar e a Lifenatura Online envia em 48 H com Portes Gratis >35\u20ac de Pedido.","og_url":"https:\/\/www.lifenatura.com\/es\/produto\/vm-prime-para-mujeres-90-comprimidos-solgar\/","og_site_name":"Lifenatura","article_publisher":"https:\/\/www.facebook.com\/lifenatura","article_modified_time":"2022-08-21T15:22:44+00:00","og_image":[{"width":1000,"height":1000,"url":"https:\/\/www.lifenatura.com\/wp-content\/uploads\/2021\/09\/gd_vm-prime-for-women-90-comprimidos-solgar.jpg","type":"image\/jpeg"}],"twitter_card":"summary_large_image","twitter_misc":{"Precio":"37,30&nbsp;&euro;","Disponibilidad":"Sin existencias"},"schema":{"@context":"https:\/\/schema.org","@graph":[{"@type":"WebPage","@id":"https:\/\/www.lifenatura.com\/es\/produto\/vm-prime-para-mujeres-90-comprimidos-solgar\/","url":"https:\/\/www.lifenatura.com\/es\/produto\/vm-prime-para-mujeres-90-comprimidos-solgar\/","name":"VM Prime para Mujeres 90 comprimidos - Solgar","isPartOf":{"@id":"https:\/\/www.lifenatura.com\/es\/#website"},"primaryImageOfPage":{"@id":"https:\/\/www.lifenatura.com\/es\/produto\/vm-prime-para-mujeres-90-comprimidos-solgar\/#primaryimage"},"image":{"@id":"https:\/\/www.lifenatura.com\/es\/produto\/vm-prime-para-mujeres-90-comprimidos-solgar\/#primaryimage"},"thumbnailUrl":"https:\/\/www.lifenatura.com\/wp-content\/uploads\/2021\/09\/gd_vm-prime-for-women-90-comprimidos-solgar.jpg","datePublished":"2021-09-30T10:52:25+00:00","dateModified":"2022-08-21T15:22:44+00:00","description":"Vm-Prime para mujeres es un suplemento que proporciona una f\u00f3rmula equilibrada de vitaminas y minerales.","breadcrumb":{"@id":"https:\/\/www.lifenatura.com\/es\/produto\/vm-prime-para-mujeres-90-comprimidos-solgar\/#breadcrumb"},"inLanguage":"es","potentialAction":[{"@type":"ReadAction","target":["https:\/\/www.lifenatura.com\/es\/produto\/vm-prime-para-mujeres-90-comprimidos-solgar\/"]}]},{"@type":"ImageObject","inLanguage":"es","@id":"https:\/\/www.lifenatura.com\/es\/produto\/vm-prime-para-mujeres-90-comprimidos-solgar\/#primaryimage","url":"https:\/\/www.lifenatura.com\/wp-content\/uploads\/2021\/09\/gd_vm-prime-for-women-90-comprimidos-solgar.jpg","contentUrl":"https:\/\/www.lifenatura.com\/wp-content\/uploads\/2021\/09\/gd_vm-prime-for-women-90-comprimidos-solgar.jpg","width":1000,"height":1000,"caption":"VM Prime para Mujeres 90 comprimidos - Solgar"},{"@type":"BreadcrumbList","@id":"https:\/\/www.lifenatura.com\/es\/produto\/vm-prime-para-mujeres-90-comprimidos-solgar\/#breadcrumb","itemListElement":[{"@type":"ListItem","position":1,"name":"In\u00edcio","item":"https:\/\/www.lifenatura.com\/es\/"},{"@type":"ListItem","position":2,"name":"Todos los Productos","item":"https:\/\/www.lifenatura.com\/es\/tienda\/"},{"@type":"ListItem","position":3,"name":"VM Prime para Mujeres 90 comprimidos &#8211; Solgar"}]},{"@type":"WebSite","@id":"https:\/\/www.lifenatura.com\/es\/#website","url":"https:\/\/www.lifenatura.com\/es\/","name":"Lifenatura","description":"A Lifenatura \u00e9 uma loja de produtos naturais, cosm\u00e9tica natural e alimenta\u00e7\u00e3o Biol\u00f3gica.","publisher":{"@id":"https:\/\/www.lifenatura.com\/es\/#organization"},"potentialAction":[{"@type":"SearchAction","target":{"@type":"EntryPoint","urlTemplate":"https:\/\/www.lifenatura.com\/es\/?s={search_term_string}"},"query-input":{"@type":"PropertyValueSpecification","valueRequired":true,"valueName":"search_term_string"}}],"inLanguage":"es"},{"@type":"Organization","@id":"https:\/\/www.lifenatura.com\/es\/#organization","name":"Lifenatura","url":"https:\/\/www.lifenatura.com\/es\/","logo":{"@type":"ImageObject","inLanguage":"es","@id":"https:\/\/www.lifenatura.com\/es\/#\/schema\/logo\/image\/","url":"https:\/\/www.lifenatura.com\/wp-content\/uploads\/2021\/11\/logo.png","contentUrl":"https:\/\/www.lifenatura.com\/wp-content\/uploads\/2021\/11\/logo.png","width":175,"height":55,"caption":"Lifenatura"},"image":{"@id":"https:\/\/www.lifenatura.com\/es\/#\/schema\/logo\/image\/"},"sameAs":["https:\/\/www.facebook.com\/lifenatura","https:\/\/www.instagram.com\/lifenaturapt\/"]}]},"product_price_amount":"37.30","product_price_currency":"EUR","og_availability":"out of stock","product_availability":"out of stock","product_retailer_item_id":"33984329546","product_condition":"new"},"df_price":37.3,"df_sale_price":"","df_regular_price":37.3,"df_image_link":"https:\/\/www.lifenatura.com\/wp-content\/uploads\/2021\/09\/gd_vm-prime-for-women-90-comprimidos-solgar-300x300.jpg","_links":{"self":[{"href":"https:\/\/www.lifenatura.com\/es\/wp-json\/wp\/v2\/product\/41104","targetHints":{"allow":["GET"]}}],"collection":[{"href":"https:\/\/www.lifenatura.com\/es\/wp-json\/wp\/v2\/product"}],"about":[{"href":"https:\/\/www.lifenatura.com\/es\/wp-json\/wp\/v2\/types\/product"}],"wp:featuredmedia":[{"embeddable":true,"href":"https:\/\/www.lifenatura.com\/es\/wp-json\/wp\/v2\/media\/22241"}],"wp:attachment":[{"href":"https:\/\/www.lifenatura.com\/es\/wp-json\/wp\/v2\/media?parent=41104"}],"wp:term":[{"taxonomy":"product_brand","embeddable":true,"href":"https:\/\/www.lifenatura.com\/es\/wp-json\/wp\/v2\/product_brand?post=41104"},{"taxonomy":"product_cat","embeddable":true,"href":"https:\/\/www.lifenatura.com\/es\/wp-json\/wp\/v2\/product_cat?post=41104"},{"taxonomy":"product_tag","embeddable":true,"href":"https:\/\/www.lifenatura.com\/es\/wp-json\/wp\/v2\/product_tag?post=41104"}],"curies":[{"name":"wp","href":"https:\/\/api.w.org\/{rel}","templated":true}]}}