{"id":41056,"date":"2021-09-30T10:51:19","date_gmt":"2021-09-30T10:51:19","guid":{"rendered":"https:\/\/lifenatura.dev.agenciagetdigital.com\/produto\/hierro-20-mg-90-capsulas-solgar\/"},"modified":"2022-08-21T15:22:03","modified_gmt":"2022-08-21T15:22:03","slug":"hierro-20-mg-90-capsulas-solgar","status":"publish","type":"product","link":"https:\/\/www.lifenatura.com\/es\/produto\/hierro-20-mg-90-capsulas-solgar\/","title":{"rendered":"Hierro 20 mg 90 c\u00e1psulas &#8211; Solgar"},"content":{"rendered":"<p>Indicado para anemia El hierro suave contiene hierro que est\u00e1 indicado para contribuir a la formaci\u00f3n normal de gl\u00f3bulos rojos y hemoglobina y al transporte normal de ox\u00edgeno en el cuerpo. Est\u00e1 en una forma que no causa los s\u00edntomas desagradables que generalmente se asocian con las formas cl\u00e1sicas de hierro (irritaci\u00f3n gastrointestinal, estre\u00f1imiento). Este hierro est\u00e1 en forma de bisglicinato, lo que permite que el hierro sea absorbido por nuestro cuerpo sin estre\u00f1imiento. PRESENTACI\u00d3N 90 c\u00e1psulas.<\/p>\n","protected":false},"excerpt":{"rendered":"<p>Indicado para anemia El hierro suave contiene hierro que est\u00e1 indicado para contribuir a la formaci\u00f3n normal de gl\u00f3bulos rojos y hemoglobina y al transporte normal de ox\u00edgeno en el cuerpo. Est\u00e1 en una forma que no causa los s\u00edntomas desagradables que generalmente se asocian con las formas cl\u00e1sicas de hierro (irritaci\u00f3n gastrointestinal, estre\u00f1imiento). Este [&#8230;]<\/p>\n<p><a class=\"btn btn-secondary understrap-read-more-link\" href=\"https:\/\/www.lifenatura.com\/es\/produto\/hierro-20-mg-90-capsulas-solgar\/\">Leer m\u00e1s&#8230;<span class=\"screen-reader-text\"> from Hierro 20 mg 90 c\u00e1psulas &#8211; Solgar<\/span><\/a><\/p>\n","protected":false},"featured_media":22193,"template":"","meta":{"_acf_changed":false},"product_brand":[8365],"product_cat":[7220,7179],"product_tag":[8682],"class_list":{"0":"post-41056","1":"product","2":"type-product","3":"status-publish","4":"has-post-thumbnail","6":"product_brand-solgar","7":"product_cat-anemia-salud","8":"product_cat-salud","9":"product_tag-dietimport","11":"first","12":"instock","13":"sale","14":"featured","15":"shipping-taxable","16":"purchasable","17":"product-type-simple","18":"add-to-wishlist-before_image"},"acf":[],"yoast_head":"<!-- This site is optimized with the Yoast SEO Premium plugin v27.1 (Yoast SEO v27.3) - https:\/\/yoast.com\/product\/yoast-seo-premium-wordpress\/ -->\n<title>Hierro 20 mg 90 c\u00e1psulas - Solgar<\/title>\n<meta name=\"description\" content=\"El hierro suave contiene hierro que est\u00e1 indicado para contribuir a la formaci\u00f3n normal de gl\u00f3bulos rojos y hemoglobina y al transporte normal de ox\u00edgeno en el cuerpo.\" \/>\n<meta name=\"robots\" content=\"index, follow, max-snippet:-1, max-image-preview:large, max-video-preview:-1\" \/>\n<link rel=\"canonical\" href=\"https:\/\/www.lifenatura.com\/es\/produto\/hierro-20-mg-90-capsulas-solgar\/\" \/>\n<meta property=\"og:locale\" content=\"es_ES\" \/>\n<meta property=\"og:type\" content=\"article\" \/>\n<meta property=\"og:title\" content=\"Hierro 20 mg 90 c\u00e1psulas - Solgar - Lifenatura\" \/>\n<meta property=\"og:description\" content=\"Compre aqui o seu Hierro 20 mg 90 c\u00e1psulas - Solgar e a Lifenatura Online envia em 48 H com Portes Gratis &gt;35\u20ac de Pedido.\" \/>\n<meta property=\"og:url\" content=\"https:\/\/www.lifenatura.com\/es\/produto\/hierro-20-mg-90-capsulas-solgar\/\" \/>\n<meta property=\"og:site_name\" content=\"Lifenatura\" \/>\n<meta property=\"article:publisher\" content=\"https:\/\/www.facebook.com\/lifenatura\" \/>\n<meta property=\"article:modified_time\" content=\"2022-08-21T15:22:03+00:00\" \/>\n<meta property=\"og:image\" content=\"https:\/\/www.lifenatura.com\/wp-content\/uploads\/2021\/09\/gd_ferro-20mg-90-capsulas-solgar.jpg\" \/>\n\t<meta property=\"og:image:width\" content=\"1000\" \/>\n\t<meta property=\"og:image:height\" content=\"1000\" \/>\n\t<meta property=\"og:image:type\" content=\"image\/jpeg\" \/>\n<meta name=\"twitter:card\" content=\"summary_large_image\" \/>\n<meta name=\"twitter:label1\" content=\"Precio\" \/>\n\t<meta name=\"twitter:data1\" content=\"12,38&nbsp;&euro;\" \/>\n\t<meta name=\"twitter:label2\" content=\"Disponibilidad\" \/>\n\t<meta name=\"twitter:data2\" content=\"Disponible\" \/>\n<meta property=\"product:price:amount\" content=\"12.38\" \/>\n<meta property=\"product:price:currency\" content=\"EUR\" \/>\n<meta property=\"og:availability\" content=\"instock\" \/>\n<meta property=\"product:availability\" content=\"instock\" \/>\n<meta property=\"product:retailer_item_id\" content=\"33984012493\" \/>\n<meta property=\"product:condition\" content=\"new\" \/>\n<!-- \/ Yoast SEO Premium plugin. -->","yoast_head_json":{"title":"Hierro 20 mg 90 c\u00e1psulas - Solgar","description":"El hierro suave contiene hierro que est\u00e1 indicado para contribuir a la formaci\u00f3n normal de gl\u00f3bulos rojos y hemoglobina y al transporte normal de ox\u00edgeno en el cuerpo.","robots":{"index":"index","follow":"follow","max-snippet":"max-snippet:-1","max-image-preview":"max-image-preview:large","max-video-preview":"max-video-preview:-1"},"canonical":"https:\/\/www.lifenatura.com\/es\/produto\/hierro-20-mg-90-capsulas-solgar\/","og_locale":"es_ES","og_type":"article","og_title":"Hierro 20 mg 90 c\u00e1psulas - Solgar - Lifenatura","og_description":"Compre aqui o seu Hierro 20 mg 90 c\u00e1psulas - Solgar e a Lifenatura Online envia em 48 H com Portes Gratis >35\u20ac de Pedido.","og_url":"https:\/\/www.lifenatura.com\/es\/produto\/hierro-20-mg-90-capsulas-solgar\/","og_site_name":"Lifenatura","article_publisher":"https:\/\/www.facebook.com\/lifenatura","article_modified_time":"2022-08-21T15:22:03+00:00","og_image":[{"width":1000,"height":1000,"url":"https:\/\/www.lifenatura.com\/wp-content\/uploads\/2021\/09\/gd_ferro-20mg-90-capsulas-solgar.jpg","type":"image\/jpeg"}],"twitter_card":"summary_large_image","twitter_misc":{"Precio":"12,38&nbsp;&euro;","Disponibilidad":"Disponible"},"schema":{"@context":"https:\/\/schema.org","@graph":[{"@type":"WebPage","@id":"https:\/\/www.lifenatura.com\/es\/produto\/hierro-20-mg-90-capsulas-solgar\/","url":"https:\/\/www.lifenatura.com\/es\/produto\/hierro-20-mg-90-capsulas-solgar\/","name":"Hierro 20 mg 90 c\u00e1psulas - Solgar","isPartOf":{"@id":"https:\/\/www.lifenatura.com\/es\/#website"},"primaryImageOfPage":{"@id":"https:\/\/www.lifenatura.com\/es\/produto\/hierro-20-mg-90-capsulas-solgar\/#primaryimage"},"image":{"@id":"https:\/\/www.lifenatura.com\/es\/produto\/hierro-20-mg-90-capsulas-solgar\/#primaryimage"},"thumbnailUrl":"https:\/\/www.lifenatura.com\/wp-content\/uploads\/2021\/09\/gd_ferro-20mg-90-capsulas-solgar.jpg","datePublished":"2021-09-30T10:51:19+00:00","dateModified":"2022-08-21T15:22:03+00:00","description":"El hierro suave contiene hierro que est\u00e1 indicado para contribuir a la formaci\u00f3n normal de gl\u00f3bulos rojos y hemoglobina y al transporte normal de ox\u00edgeno en el cuerpo.","breadcrumb":{"@id":"https:\/\/www.lifenatura.com\/es\/produto\/hierro-20-mg-90-capsulas-solgar\/#breadcrumb"},"inLanguage":"es","potentialAction":[{"@type":"ReadAction","target":["https:\/\/www.lifenatura.com\/es\/produto\/hierro-20-mg-90-capsulas-solgar\/"]}]},{"@type":"ImageObject","inLanguage":"es","@id":"https:\/\/www.lifenatura.com\/es\/produto\/hierro-20-mg-90-capsulas-solgar\/#primaryimage","url":"https:\/\/www.lifenatura.com\/wp-content\/uploads\/2021\/09\/gd_ferro-20mg-90-capsulas-solgar.jpg","contentUrl":"https:\/\/www.lifenatura.com\/wp-content\/uploads\/2021\/09\/gd_ferro-20mg-90-capsulas-solgar.jpg","width":1000,"height":1000,"caption":"Hierro 20 mg 90 c\u00e1psulas - Solgar"},{"@type":"BreadcrumbList","@id":"https:\/\/www.lifenatura.com\/es\/produto\/hierro-20-mg-90-capsulas-solgar\/#breadcrumb","itemListElement":[{"@type":"ListItem","position":1,"name":"In\u00edcio","item":"https:\/\/www.lifenatura.com\/es\/"},{"@type":"ListItem","position":2,"name":"Todos los Productos","item":"https:\/\/www.lifenatura.com\/es\/tienda\/"},{"@type":"ListItem","position":3,"name":"Hierro 20 mg 90 c\u00e1psulas &#8211; Solgar"}]},{"@type":"WebSite","@id":"https:\/\/www.lifenatura.com\/es\/#website","url":"https:\/\/www.lifenatura.com\/es\/","name":"Lifenatura","description":"A Lifenatura \u00e9 uma loja de produtos naturais, cosm\u00e9tica natural e alimenta\u00e7\u00e3o Biol\u00f3gica.","publisher":{"@id":"https:\/\/www.lifenatura.com\/es\/#organization"},"potentialAction":[{"@type":"SearchAction","target":{"@type":"EntryPoint","urlTemplate":"https:\/\/www.lifenatura.com\/es\/?s={search_term_string}"},"query-input":{"@type":"PropertyValueSpecification","valueRequired":true,"valueName":"search_term_string"}}],"inLanguage":"es"},{"@type":"Organization","@id":"https:\/\/www.lifenatura.com\/es\/#organization","name":"Lifenatura","url":"https:\/\/www.lifenatura.com\/es\/","logo":{"@type":"ImageObject","inLanguage":"es","@id":"https:\/\/www.lifenatura.com\/es\/#\/schema\/logo\/image\/","url":"https:\/\/www.lifenatura.com\/wp-content\/uploads\/2021\/11\/logo.png","contentUrl":"https:\/\/www.lifenatura.com\/wp-content\/uploads\/2021\/11\/logo.png","width":175,"height":55,"caption":"Lifenatura"},"image":{"@id":"https:\/\/www.lifenatura.com\/es\/#\/schema\/logo\/image\/"},"sameAs":["https:\/\/www.facebook.com\/lifenatura","https:\/\/www.instagram.com\/lifenaturapt\/"]}]},"product_price_amount":"12.38","product_price_currency":"EUR","og_availability":"instock","product_availability":"instock","product_retailer_item_id":"33984012493","product_condition":"new"},"df_price":12.38,"df_sale_price":12.38,"df_regular_price":16.51,"df_image_link":"https:\/\/www.lifenatura.com\/wp-content\/uploads\/2021\/09\/gd_ferro-20mg-90-capsulas-solgar-300x300.jpg","_links":{"self":[{"href":"https:\/\/www.lifenatura.com\/es\/wp-json\/wp\/v2\/product\/41056","targetHints":{"allow":["GET"]}}],"collection":[{"href":"https:\/\/www.lifenatura.com\/es\/wp-json\/wp\/v2\/product"}],"about":[{"href":"https:\/\/www.lifenatura.com\/es\/wp-json\/wp\/v2\/types\/product"}],"wp:featuredmedia":[{"embeddable":true,"href":"https:\/\/www.lifenatura.com\/es\/wp-json\/wp\/v2\/media\/22193"}],"wp:attachment":[{"href":"https:\/\/www.lifenatura.com\/es\/wp-json\/wp\/v2\/media?parent=41056"}],"wp:term":[{"taxonomy":"product_brand","embeddable":true,"href":"https:\/\/www.lifenatura.com\/es\/wp-json\/wp\/v2\/product_brand?post=41056"},{"taxonomy":"product_cat","embeddable":true,"href":"https:\/\/www.lifenatura.com\/es\/wp-json\/wp\/v2\/product_cat?post=41056"},{"taxonomy":"product_tag","embeddable":true,"href":"https:\/\/www.lifenatura.com\/es\/wp-json\/wp\/v2\/product_tag?post=41056"}],"curies":[{"name":"wp","href":"https:\/\/api.w.org\/{rel}","templated":true}]}}