{"id":40993,"date":"2021-09-30T10:50:13","date_gmt":"2021-09-30T10:50:13","guid":{"rendered":"https:\/\/lifenatura.dev.agenciagetdigital.com\/produto\/seca-barriga-edicao-especial-500-ml\/"},"modified":"2026-05-03T00:09:20","modified_gmt":"2026-05-03T00:09:20","slug":"seca-barriga-edicao-especial-500-ml","status":"publish","type":"product","link":"https:\/\/www.lifenatura.com\/es\/produto\/seca-barriga-edicao-especial-500-ml\/","title":{"rendered":"Seca Barriga Edi\u00e7\u00e3o Especial 500 ml"},"content":{"rendered":"<p>Nuevo drenante que quema grasa de forma natural Seca Barriga Edici\u00f3n Especial es una f\u00f3rmula desarrollada para combatir las grasas acumuladas, es un verdadero drenante que contiene un complejo de plantas de acci\u00f3n termog\u00e9nicas, que aceleran el metabolismo y gastan la grasa acumulada. Con los ingredientes seleccionados por su acci\u00f3n purificadora, eliminan las toxinas del cuerpo que provienen de las grasas, los az\u00facares y los malos h\u00e1bitos alimenticios. Un suplemento complementario para tomar durante todo el d\u00eda, entre comidas. Para diluir y beber durante todo el d\u00eda, contiene ingredientes con un efecto desintoxicante y diur\u00e9tico para eliminar las toxinas acumuladas. PRESENTACI\u00d3N 500 ml.<\/p>\n","protected":false},"excerpt":{"rendered":"<p>Nuevo drenante que quema grasa de forma natural Seca Barriga Edici\u00f3n Especial es una f\u00f3rmula desarrollada para combatir las grasas acumuladas, es un verdadero drenante que contiene un complejo de plantas de acci\u00f3n termog\u00e9nicas, que aceleran el metabolismo y gastan la grasa acumulada. Con los ingredientes seleccionados por su acci\u00f3n purificadora, eliminan las toxinas del [&#8230;]<\/p>\n<p><a class=\"btn btn-secondary understrap-read-more-link\" href=\"https:\/\/www.lifenatura.com\/es\/produto\/seca-barriga-edicao-especial-500-ml\/\">Leer m\u00e1s&#8230;<span class=\"screen-reader-text\"> from Seca Barriga Edi\u00e7\u00e3o Especial 500 ml<\/span><\/a><\/p>\n","protected":false},"featured_media":22130,"template":"","meta":{"_acf_changed":false},"product_brand":[8579],"product_cat":[7190,7145,7193,7722,7163,7659,7728,7179,7159],"product_tag":[8705],"class_list":{"0":"post-40993","1":"product","2":"type-product","3":"status-publish","4":"has-post-thumbnail","6":"product_brand-seca-barriga","7":"product_cat-adelgazar","8":"product_cat-alcachofa","9":"product_cat-drenante-y-detox","10":"product_cat-guarana-es","11":"product_cat-hinojo","12":"product_cat-ingrediente-natural-bio","13":"product_cat-l-carnitina-es","14":"product_cat-salud","15":"product_cat-te-verde","16":"product_tag-fharmonat","18":"first","19":"instock","20":"sale","21":"shipping-taxable","22":"purchasable","23":"product-type-simple","24":"add-to-wishlist-before_image"},"acf":[],"yoast_head":"<!-- This site is optimized with the Yoast SEO Premium plugin v27.1 (Yoast SEO v27.5) - https:\/\/yoast.com\/product\/yoast-seo-premium-wordpress\/ -->\n<title>Seca Barriga Edi\u00e7\u00e3o Especial 500 ml - Na Lifenatura ao Melhor Pre\u00e7o | Envio em 48h<\/title>\n<meta name=\"description\" content=\"Seca Barriga es una f\u00f3rmula desarrollada para combatir las grasas acumuladas, es un verdadero drenante que contiene un complejo de plantas de acci\u00f3n termog\u00e9nicas.\" \/>\n<meta name=\"robots\" content=\"index, follow, max-snippet:-1, max-image-preview:large, max-video-preview:-1\" \/>\n<link rel=\"canonical\" href=\"https:\/\/www.lifenatura.com\/es\/produto\/seca-barriga-edicao-especial-500-ml\/\" \/>\n<meta property=\"og:locale\" content=\"es_ES\" \/>\n<meta property=\"og:type\" content=\"article\" \/>\n<meta property=\"og:title\" content=\"Seca Barriga Edi\u00e7\u00e3o Especial 500 ml - Na Lifenatura ao Melhor Pre\u00e7o | Envio 48h\" \/>\n<meta property=\"og:description\" content=\"Compre Seca Barriga Edi\u00e7\u00e3o Especial 500 ml com envio r\u00e1pido. Entrega em 48h e portes gr\u00e1tis em compras &gt;35\u20ac. Aproveite j\u00e1 na Lifenatura\" \/>\n<meta property=\"og:url\" content=\"https:\/\/www.lifenatura.com\/es\/produto\/seca-barriga-edicao-especial-500-ml\/\" \/>\n<meta property=\"og:site_name\" content=\"Lifenatura\" \/>\n<meta property=\"article:publisher\" content=\"https:\/\/www.facebook.com\/lifenatura\" \/>\n<meta property=\"article:modified_time\" content=\"2026-05-03T00:09:20+00:00\" \/>\n<meta property=\"og:image\" content=\"https:\/\/www.lifenatura.com\/wp-content\/uploads\/2021\/09\/gd_seca_Barriga_edic_a_o_especial_500ml.jpg\" \/>\n\t<meta property=\"og:image:width\" content=\"1000\" \/>\n\t<meta property=\"og:image:height\" content=\"1000\" \/>\n\t<meta property=\"og:image:type\" content=\"image\/jpeg\" \/>\n<meta name=\"twitter:card\" content=\"summary_large_image\" \/>\n<meta name=\"twitter:label1\" content=\"Precio\" \/>\n\t<meta name=\"twitter:data1\" content=\"18,29&nbsp;&euro;\" \/>\n\t<meta name=\"twitter:label2\" content=\"Disponibilidad\" \/>\n\t<meta name=\"twitter:data2\" content=\"Disponible\" \/>\n<script type=\"application\/ld+json\" class=\"yoast-schema-graph\">{\"@context\":\"https:\\\/\\\/schema.org\",\"@graph\":[{\"@type\":\"WebPage\",\"@id\":\"https:\\\/\\\/www.lifenatura.com\\\/es\\\/produto\\\/seca-barriga-edicao-especial-500-ml\\\/\",\"url\":\"https:\\\/\\\/www.lifenatura.com\\\/es\\\/produto\\\/seca-barriga-edicao-especial-500-ml\\\/\",\"name\":\"Seca Barriga Edi\u00e7\u00e3o Especial 500 ml - Na Lifenatura ao Melhor Pre\u00e7o | Envio em 48h\",\"isPartOf\":{\"@id\":\"https:\\\/\\\/www.lifenatura.com\\\/es\\\/#website\"},\"primaryImageOfPage\":{\"@id\":\"https:\\\/\\\/www.lifenatura.com\\\/es\\\/produto\\\/seca-barriga-edicao-especial-500-ml\\\/#primaryimage\"},\"image\":{\"@id\":\"https:\\\/\\\/www.lifenatura.com\\\/es\\\/produto\\\/seca-barriga-edicao-especial-500-ml\\\/#primaryimage\"},\"thumbnailUrl\":\"https:\\\/\\\/www.lifenatura.com\\\/wp-content\\\/uploads\\\/2021\\\/09\\\/gd_seca_Barriga_edic_a_o_especial_500ml.jpg\",\"datePublished\":\"2021-09-30T10:50:13+00:00\",\"dateModified\":\"2026-05-03T00:09:20+00:00\",\"description\":\"Seca Barriga es una f\u00f3rmula desarrollada para combatir las grasas acumuladas, es un verdadero drenante que contiene un complejo de plantas de acci\u00f3n termog\u00e9nicas.\",\"breadcrumb\":{\"@id\":\"https:\\\/\\\/www.lifenatura.com\\\/es\\\/produto\\\/seca-barriga-edicao-especial-500-ml\\\/#breadcrumb\"},\"inLanguage\":\"es\",\"potentialAction\":[{\"@type\":\"ReadAction\",\"target\":[\"https:\\\/\\\/www.lifenatura.com\\\/es\\\/produto\\\/seca-barriga-edicao-especial-500-ml\\\/\"]}]},{\"@type\":\"ImageObject\",\"inLanguage\":\"es\",\"@id\":\"https:\\\/\\\/www.lifenatura.com\\\/es\\\/produto\\\/seca-barriga-edicao-especial-500-ml\\\/#primaryimage\",\"url\":\"https:\\\/\\\/www.lifenatura.com\\\/wp-content\\\/uploads\\\/2021\\\/09\\\/gd_seca_Barriga_edic_a_o_especial_500ml.jpg\",\"contentUrl\":\"https:\\\/\\\/www.lifenatura.com\\\/wp-content\\\/uploads\\\/2021\\\/09\\\/gd_seca_Barriga_edic_a_o_especial_500ml.jpg\",\"width\":1000,\"height\":1000,\"caption\":\"Seca Barriga Edi\u00e7\u00e3o Especial 500 ml\"},{\"@type\":\"BreadcrumbList\",\"@id\":\"https:\\\/\\\/www.lifenatura.com\\\/es\\\/produto\\\/seca-barriga-edicao-especial-500-ml\\\/#breadcrumb\",\"itemListElement\":[{\"@type\":\"ListItem\",\"position\":1,\"name\":\"In\u00edcio\",\"item\":\"https:\\\/\\\/www.lifenatura.com\\\/es\\\/\"},{\"@type\":\"ListItem\",\"position\":2,\"name\":\"Todos los Productos\",\"item\":\"https:\\\/\\\/www.lifenatura.com\\\/es\\\/tienda\\\/\"},{\"@type\":\"ListItem\",\"position\":3,\"name\":\"Seca Barriga Edi\u00e7\u00e3o Especial 500 ml\"}]},{\"@type\":\"WebSite\",\"@id\":\"https:\\\/\\\/www.lifenatura.com\\\/es\\\/#website\",\"url\":\"https:\\\/\\\/www.lifenatura.com\\\/es\\\/\",\"name\":\"Lifenatura\",\"description\":\"A Lifenatura \u00e9 uma loja de produtos naturais, cosm\u00e9tica natural e alimenta\u00e7\u00e3o Biol\u00f3gica.\",\"publisher\":{\"@id\":\"https:\\\/\\\/www.lifenatura.com\\\/es\\\/#organization\"},\"potentialAction\":[{\"@type\":\"SearchAction\",\"target\":{\"@type\":\"EntryPoint\",\"urlTemplate\":\"https:\\\/\\\/www.lifenatura.com\\\/es\\\/?s={search_term_string}\"},\"query-input\":{\"@type\":\"PropertyValueSpecification\",\"valueRequired\":true,\"valueName\":\"search_term_string\"}}],\"inLanguage\":\"es\"},{\"@type\":\"Organization\",\"@id\":\"https:\\\/\\\/www.lifenatura.com\\\/es\\\/#organization\",\"name\":\"Lifenatura\",\"url\":\"https:\\\/\\\/www.lifenatura.com\\\/es\\\/\",\"logo\":{\"@type\":\"ImageObject\",\"inLanguage\":\"es\",\"@id\":\"https:\\\/\\\/www.lifenatura.com\\\/es\\\/#\\\/schema\\\/logo\\\/image\\\/\",\"url\":\"https:\\\/\\\/www.lifenatura.com\\\/wp-content\\\/uploads\\\/2021\\\/07\\\/logo.png\",\"contentUrl\":\"https:\\\/\\\/www.lifenatura.com\\\/wp-content\\\/uploads\\\/2021\\\/07\\\/logo.png\",\"width\":175,\"height\":55,\"caption\":\"Lifenatura\"},\"image\":{\"@id\":\"https:\\\/\\\/www.lifenatura.com\\\/es\\\/#\\\/schema\\\/logo\\\/image\\\/\"},\"sameAs\":[\"https:\\\/\\\/www.facebook.com\\\/lifenatura\",\"https:\\\/\\\/www.instagram.com\\\/lifenaturapt\\\/\"],\"hasMerchantReturnPolicy\":{\"@type\":\"MerchantReturnPolicy\",\"merchantReturnLink\":\"https:\\\/\\\/www.lifenatura.com\\\/termos-condicoes-lifenatura\\\/\"}}]}<\/script>\n<meta property=\"product:price:amount\" content=\"18.29\" \/>\n<meta property=\"product:price:currency\" content=\"EUR\" \/>\n<meta property=\"og:availability\" content=\"instock\" \/>\n<meta property=\"product:availability\" content=\"instock\" \/>\n<meta property=\"product:retailer_item_id\" content=\"5600315097969\" \/>\n<meta property=\"product:condition\" content=\"new\" \/>\n<!-- \/ Yoast SEO Premium plugin. -->","yoast_head_json":{"title":"Seca Barriga Edi\u00e7\u00e3o Especial 500 ml - Na Lifenatura ao Melhor Pre\u00e7o | Envio em 48h","description":"Seca Barriga es una f\u00f3rmula desarrollada para combatir las grasas acumuladas, es un verdadero drenante que contiene un complejo de plantas de acci\u00f3n termog\u00e9nicas.","robots":{"index":"index","follow":"follow","max-snippet":"max-snippet:-1","max-image-preview":"max-image-preview:large","max-video-preview":"max-video-preview:-1"},"canonical":"https:\/\/www.lifenatura.com\/es\/produto\/seca-barriga-edicao-especial-500-ml\/","og_locale":"es_ES","og_type":"article","og_title":"Seca Barriga Edi\u00e7\u00e3o Especial 500 ml - Na Lifenatura ao Melhor Pre\u00e7o | Envio 48h","og_description":"Compre Seca Barriga Edi\u00e7\u00e3o Especial 500 ml com envio r\u00e1pido. Entrega em 48h e portes gr\u00e1tis em compras >35\u20ac. Aproveite j\u00e1 na Lifenatura","og_url":"https:\/\/www.lifenatura.com\/es\/produto\/seca-barriga-edicao-especial-500-ml\/","og_site_name":"Lifenatura","article_publisher":"https:\/\/www.facebook.com\/lifenatura","article_modified_time":"2026-05-03T00:09:20+00:00","og_image":[{"width":1000,"height":1000,"url":"https:\/\/www.lifenatura.com\/wp-content\/uploads\/2021\/09\/gd_seca_Barriga_edic_a_o_especial_500ml.jpg","type":"image\/jpeg"}],"twitter_card":"summary_large_image","twitter_misc":{"Precio":"18,29&nbsp;&euro;","Disponibilidad":"Disponible"},"schema":{"@context":"https:\/\/schema.org","@graph":[{"@type":"WebPage","@id":"https:\/\/www.lifenatura.com\/es\/produto\/seca-barriga-edicao-especial-500-ml\/","url":"https:\/\/www.lifenatura.com\/es\/produto\/seca-barriga-edicao-especial-500-ml\/","name":"Seca Barriga Edi\u00e7\u00e3o Especial 500 ml - Na Lifenatura ao Melhor Pre\u00e7o | Envio em 48h","isPartOf":{"@id":"https:\/\/www.lifenatura.com\/es\/#website"},"primaryImageOfPage":{"@id":"https:\/\/www.lifenatura.com\/es\/produto\/seca-barriga-edicao-especial-500-ml\/#primaryimage"},"image":{"@id":"https:\/\/www.lifenatura.com\/es\/produto\/seca-barriga-edicao-especial-500-ml\/#primaryimage"},"thumbnailUrl":"https:\/\/www.lifenatura.com\/wp-content\/uploads\/2021\/09\/gd_seca_Barriga_edic_a_o_especial_500ml.jpg","datePublished":"2021-09-30T10:50:13+00:00","dateModified":"2026-05-03T00:09:20+00:00","description":"Seca Barriga es una f\u00f3rmula desarrollada para combatir las grasas acumuladas, es un verdadero drenante que contiene un complejo de plantas de acci\u00f3n termog\u00e9nicas.","breadcrumb":{"@id":"https:\/\/www.lifenatura.com\/es\/produto\/seca-barriga-edicao-especial-500-ml\/#breadcrumb"},"inLanguage":"es","potentialAction":[{"@type":"ReadAction","target":["https:\/\/www.lifenatura.com\/es\/produto\/seca-barriga-edicao-especial-500-ml\/"]}]},{"@type":"ImageObject","inLanguage":"es","@id":"https:\/\/www.lifenatura.com\/es\/produto\/seca-barriga-edicao-especial-500-ml\/#primaryimage","url":"https:\/\/www.lifenatura.com\/wp-content\/uploads\/2021\/09\/gd_seca_Barriga_edic_a_o_especial_500ml.jpg","contentUrl":"https:\/\/www.lifenatura.com\/wp-content\/uploads\/2021\/09\/gd_seca_Barriga_edic_a_o_especial_500ml.jpg","width":1000,"height":1000,"caption":"Seca Barriga Edi\u00e7\u00e3o Especial 500 ml"},{"@type":"BreadcrumbList","@id":"https:\/\/www.lifenatura.com\/es\/produto\/seca-barriga-edicao-especial-500-ml\/#breadcrumb","itemListElement":[{"@type":"ListItem","position":1,"name":"In\u00edcio","item":"https:\/\/www.lifenatura.com\/es\/"},{"@type":"ListItem","position":2,"name":"Todos los Productos","item":"https:\/\/www.lifenatura.com\/es\/tienda\/"},{"@type":"ListItem","position":3,"name":"Seca Barriga Edi\u00e7\u00e3o Especial 500 ml"}]},{"@type":"WebSite","@id":"https:\/\/www.lifenatura.com\/es\/#website","url":"https:\/\/www.lifenatura.com\/es\/","name":"Lifenatura","description":"A Lifenatura \u00e9 uma loja de produtos naturais, cosm\u00e9tica natural e alimenta\u00e7\u00e3o Biol\u00f3gica.","publisher":{"@id":"https:\/\/www.lifenatura.com\/es\/#organization"},"potentialAction":[{"@type":"SearchAction","target":{"@type":"EntryPoint","urlTemplate":"https:\/\/www.lifenatura.com\/es\/?s={search_term_string}"},"query-input":{"@type":"PropertyValueSpecification","valueRequired":true,"valueName":"search_term_string"}}],"inLanguage":"es"},{"@type":"Organization","@id":"https:\/\/www.lifenatura.com\/es\/#organization","name":"Lifenatura","url":"https:\/\/www.lifenatura.com\/es\/","logo":{"@type":"ImageObject","inLanguage":"es","@id":"https:\/\/www.lifenatura.com\/es\/#\/schema\/logo\/image\/","url":"https:\/\/www.lifenatura.com\/wp-content\/uploads\/2021\/07\/logo.png","contentUrl":"https:\/\/www.lifenatura.com\/wp-content\/uploads\/2021\/07\/logo.png","width":175,"height":55,"caption":"Lifenatura"},"image":{"@id":"https:\/\/www.lifenatura.com\/es\/#\/schema\/logo\/image\/"},"sameAs":["https:\/\/www.facebook.com\/lifenatura","https:\/\/www.instagram.com\/lifenaturapt\/"],"hasMerchantReturnPolicy":{"@type":"MerchantReturnPolicy","merchantReturnLink":"https:\/\/www.lifenatura.com\/termos-condicoes-lifenatura\/"}}]},"product_price_amount":"18.29","product_price_currency":"EUR","og_availability":"instock","product_availability":"instock","product_retailer_item_id":"5600315097969","product_condition":"new"},"df_price":18.29,"df_sale_price":18.29,"df_regular_price":30.48,"df_image_link":"https:\/\/www.lifenatura.com\/wp-content\/uploads\/2021\/09\/gd_seca_Barriga_edic_a_o_especial_500ml-300x300.jpg","_links":{"self":[{"href":"https:\/\/www.lifenatura.com\/es\/wp-json\/wp\/v2\/product\/40993","targetHints":{"allow":["GET"]}}],"collection":[{"href":"https:\/\/www.lifenatura.com\/es\/wp-json\/wp\/v2\/product"}],"about":[{"href":"https:\/\/www.lifenatura.com\/es\/wp-json\/wp\/v2\/types\/product"}],"wp:featuredmedia":[{"embeddable":true,"href":"https:\/\/www.lifenatura.com\/es\/wp-json\/wp\/v2\/media\/22130"}],"wp:attachment":[{"href":"https:\/\/www.lifenatura.com\/es\/wp-json\/wp\/v2\/media?parent=40993"}],"wp:term":[{"taxonomy":"product_brand","embeddable":true,"href":"https:\/\/www.lifenatura.com\/es\/wp-json\/wp\/v2\/product_brand?post=40993"},{"taxonomy":"product_cat","embeddable":true,"href":"https:\/\/www.lifenatura.com\/es\/wp-json\/wp\/v2\/product_cat?post=40993"},{"taxonomy":"product_tag","embeddable":true,"href":"https:\/\/www.lifenatura.com\/es\/wp-json\/wp\/v2\/product_tag?post=40993"}],"curies":[{"name":"wp","href":"https:\/\/api.w.org\/{rel}","templated":true}]}}