{"id":40978,"date":"2021-09-30T10:49:53","date_gmt":"2021-09-30T10:49:53","guid":{"rendered":"https:\/\/lifenatura.dev.agenciagetdigital.com\/produto\/galletas-com-pepitas-chocolate-200-g-s-gluten-schar\/"},"modified":"2022-08-21T15:21:00","modified_gmt":"2022-08-21T15:21:00","slug":"galletas-com-pepitas-chocolate-200-g-s-gluten-schar","status":"publish","type":"product","link":"https:\/\/www.lifenatura.com\/es\/produto\/galletas-com-pepitas-chocolate-200-g-s-gluten-schar\/","title":{"rendered":"Galletas com pepitas chocolate 200 g &#8211; s\/gl\u00faten &#8211; Schar"},"content":{"rendered":"<p>Galleta sin gluten con chispas de chocolate Las deliciosas galletas con chispas de chocolate est\u00e1n hechas con ingredientes sin gluten. Galletas con chispas de chocolate sin gluten. Una forma de disfrutar el chocolate a cualquier hora del d\u00eda. Sin grasas hidrogenadas y sin colorantes ni conservantes. Galletas con chispas de chocolate sin gluten. PRESENTACI\u00d3N 200g.<\/p>\n","protected":false},"excerpt":{"rendered":"<p>Galleta sin gluten con chispas de chocolate Las deliciosas galletas con chispas de chocolate est\u00e1n hechas con ingredientes sin gluten. Galletas con chispas de chocolate sin gluten. Una forma de disfrutar el chocolate a cualquier hora del d\u00eda. Sin grasas hidrogenadas y sin colorantes ni conservantes. Galletas con chispas de chocolate sin gluten. PRESENTACI\u00d3N 200g. [&#8230;]<\/p>\n<p><a class=\"btn btn-secondary understrap-read-more-link\" href=\"https:\/\/www.lifenatura.com\/es\/produto\/galletas-com-pepitas-chocolate-200-g-s-gluten-schar\/\">Leer m\u00e1s&#8230;<span class=\"screen-reader-text\"> from Galletas com pepitas chocolate 200 g &#8211; s\/gl\u00faten &#8211; Schar<\/span><\/a><\/p>\n","protected":false},"featured_media":22115,"template":"","meta":{"_acf_changed":false},"product_brand":[8364],"product_cat":[7064,7079,7074],"product_tag":[],"class_list":{"0":"post-40978","1":"product","2":"type-product","3":"status-publish","4":"has-post-thumbnail","6":"product_brand-schar","7":"product_cat-alimentacion-sana","8":"product_cat-galletas","9":"product_cat-productos-alimenticios","11":"first","12":"instock","13":"shipping-taxable","14":"purchasable","15":"product-type-simple","16":"add-to-wishlist-before_image"},"acf":[],"yoast_head":"<!-- This site is optimized with the Yoast SEO Premium plugin v27.1 (Yoast SEO v27.5) - https:\/\/yoast.com\/product\/yoast-seo-premium-wordpress\/ -->\n<title>Galletas com pepitas chocolate 200 g - s\/gl\u00faten - Schar<\/title>\n<meta name=\"description\" content=\"Crujientes, con el toque justo de dulzura, te acompa\u00f1ar\u00e1n en cualquier momento del d\u00eda.\" \/>\n<meta name=\"robots\" content=\"index, follow, max-snippet:-1, max-image-preview:large, max-video-preview:-1\" \/>\n<link rel=\"canonical\" href=\"https:\/\/www.lifenatura.com\/es\/produto\/galletas-com-pepitas-chocolate-200-g-s-gluten-schar\/\" \/>\n<meta property=\"og:locale\" content=\"es_ES\" \/>\n<meta property=\"og:type\" content=\"article\" \/>\n<meta property=\"og:title\" content=\"Galletas com pepitas chocolate 200 g - s\/gl\u00faten - Schar - Na Lifenatura ao Melhor Pre\u00e7o | Envio 48h\" \/>\n<meta property=\"og:description\" content=\"Compre Galletas com pepitas chocolate 200 g - s\/gl\u00faten - Schar com envio r\u00e1pido. Entrega em 48h e portes gr\u00e1tis em compras &gt;35\u20ac. Aproveite j\u00e1 na Lifenatura\" \/>\n<meta property=\"og:url\" content=\"https:\/\/www.lifenatura.com\/es\/produto\/galletas-com-pepitas-chocolate-200-g-s-gluten-schar\/\" \/>\n<meta property=\"og:site_name\" content=\"Lifenatura\" \/>\n<meta property=\"article:publisher\" content=\"https:\/\/www.facebook.com\/lifenatura\" \/>\n<meta property=\"article:modified_time\" content=\"2022-08-21T15:21:00+00:00\" \/>\n<meta property=\"og:image\" content=\"https:\/\/www.lifenatura.com\/wp-content\/uploads\/2021\/09\/gd_bolachas-pepitas-chocolates-schar.jpg\" \/>\n\t<meta property=\"og:image:width\" content=\"1000\" \/>\n\t<meta property=\"og:image:height\" content=\"1000\" \/>\n\t<meta property=\"og:image:type\" content=\"image\/jpeg\" \/>\n<meta name=\"twitter:card\" content=\"summary_large_image\" \/>\n<meta name=\"twitter:label1\" content=\"Precio\" \/>\n\t<meta name=\"twitter:data1\" content=\"2,97&nbsp;&euro;\" \/>\n\t<meta name=\"twitter:label2\" content=\"Disponibilidad\" \/>\n\t<meta name=\"twitter:data2\" content=\"Disponible\" \/>\n<script type=\"application\/ld+json\" class=\"yoast-schema-graph\">{\"@context\":\"https:\\\/\\\/schema.org\",\"@graph\":[{\"@type\":\"WebPage\",\"@id\":\"https:\\\/\\\/www.lifenatura.com\\\/es\\\/produto\\\/galletas-com-pepitas-chocolate-200-g-s-gluten-schar\\\/\",\"url\":\"https:\\\/\\\/www.lifenatura.com\\\/es\\\/produto\\\/galletas-com-pepitas-chocolate-200-g-s-gluten-schar\\\/\",\"name\":\"Galletas com pepitas chocolate 200 g - s\\\/gl\u00faten - Schar\",\"isPartOf\":{\"@id\":\"https:\\\/\\\/www.lifenatura.com\\\/es\\\/#website\"},\"primaryImageOfPage\":{\"@id\":\"https:\\\/\\\/www.lifenatura.com\\\/es\\\/produto\\\/galletas-com-pepitas-chocolate-200-g-s-gluten-schar\\\/#primaryimage\"},\"image\":{\"@id\":\"https:\\\/\\\/www.lifenatura.com\\\/es\\\/produto\\\/galletas-com-pepitas-chocolate-200-g-s-gluten-schar\\\/#primaryimage\"},\"thumbnailUrl\":\"https:\\\/\\\/www.lifenatura.com\\\/wp-content\\\/uploads\\\/2021\\\/09\\\/gd_bolachas-pepitas-chocolates-schar.jpg\",\"datePublished\":\"2021-09-30T10:49:53+00:00\",\"dateModified\":\"2022-08-21T15:21:00+00:00\",\"description\":\"Crujientes, con el toque justo de dulzura, te acompa\u00f1ar\u00e1n en cualquier momento del d\u00eda.\",\"breadcrumb\":{\"@id\":\"https:\\\/\\\/www.lifenatura.com\\\/es\\\/produto\\\/galletas-com-pepitas-chocolate-200-g-s-gluten-schar\\\/#breadcrumb\"},\"inLanguage\":\"es\",\"potentialAction\":[{\"@type\":\"ReadAction\",\"target\":[\"https:\\\/\\\/www.lifenatura.com\\\/es\\\/produto\\\/galletas-com-pepitas-chocolate-200-g-s-gluten-schar\\\/\"]}]},{\"@type\":\"ImageObject\",\"inLanguage\":\"es\",\"@id\":\"https:\\\/\\\/www.lifenatura.com\\\/es\\\/produto\\\/galletas-com-pepitas-chocolate-200-g-s-gluten-schar\\\/#primaryimage\",\"url\":\"https:\\\/\\\/www.lifenatura.com\\\/wp-content\\\/uploads\\\/2021\\\/09\\\/gd_bolachas-pepitas-chocolates-schar.jpg\",\"contentUrl\":\"https:\\\/\\\/www.lifenatura.com\\\/wp-content\\\/uploads\\\/2021\\\/09\\\/gd_bolachas-pepitas-chocolates-schar.jpg\",\"width\":1000,\"height\":1000,\"caption\":\"Galletas com pepitas chocolate 200 g - s\\\/gl\u00faten - Schar\"},{\"@type\":\"BreadcrumbList\",\"@id\":\"https:\\\/\\\/www.lifenatura.com\\\/es\\\/produto\\\/galletas-com-pepitas-chocolate-200-g-s-gluten-schar\\\/#breadcrumb\",\"itemListElement\":[{\"@type\":\"ListItem\",\"position\":1,\"name\":\"In\u00edcio\",\"item\":\"https:\\\/\\\/www.lifenatura.com\\\/es\\\/\"},{\"@type\":\"ListItem\",\"position\":2,\"name\":\"Todos los Productos\",\"item\":\"https:\\\/\\\/www.lifenatura.com\\\/es\\\/tienda\\\/\"},{\"@type\":\"ListItem\",\"position\":3,\"name\":\"Galletas com pepitas chocolate 200 g &#8211; s\\\/gl\u00faten &#8211; Schar\"}]},{\"@type\":\"WebSite\",\"@id\":\"https:\\\/\\\/www.lifenatura.com\\\/es\\\/#website\",\"url\":\"https:\\\/\\\/www.lifenatura.com\\\/es\\\/\",\"name\":\"Lifenatura\",\"description\":\"A Lifenatura \u00e9 uma loja de produtos naturais, cosm\u00e9tica natural e alimenta\u00e7\u00e3o Biol\u00f3gica.\",\"publisher\":{\"@id\":\"https:\\\/\\\/www.lifenatura.com\\\/es\\\/#organization\"},\"potentialAction\":[{\"@type\":\"SearchAction\",\"target\":{\"@type\":\"EntryPoint\",\"urlTemplate\":\"https:\\\/\\\/www.lifenatura.com\\\/es\\\/?s={search_term_string}\"},\"query-input\":{\"@type\":\"PropertyValueSpecification\",\"valueRequired\":true,\"valueName\":\"search_term_string\"}}],\"inLanguage\":\"es\"},{\"@type\":\"Organization\",\"@id\":\"https:\\\/\\\/www.lifenatura.com\\\/es\\\/#organization\",\"name\":\"Lifenatura\",\"url\":\"https:\\\/\\\/www.lifenatura.com\\\/es\\\/\",\"logo\":{\"@type\":\"ImageObject\",\"inLanguage\":\"es\",\"@id\":\"https:\\\/\\\/www.lifenatura.com\\\/es\\\/#\\\/schema\\\/logo\\\/image\\\/\",\"url\":\"https:\\\/\\\/www.lifenatura.com\\\/wp-content\\\/uploads\\\/2021\\\/07\\\/logo.png\",\"contentUrl\":\"https:\\\/\\\/www.lifenatura.com\\\/wp-content\\\/uploads\\\/2021\\\/07\\\/logo.png\",\"width\":175,\"height\":55,\"caption\":\"Lifenatura\"},\"image\":{\"@id\":\"https:\\\/\\\/www.lifenatura.com\\\/es\\\/#\\\/schema\\\/logo\\\/image\\\/\"},\"sameAs\":[\"https:\\\/\\\/www.facebook.com\\\/lifenatura\",\"https:\\\/\\\/www.instagram.com\\\/lifenaturapt\\\/\"],\"hasMerchantReturnPolicy\":{\"@type\":\"MerchantReturnPolicy\",\"merchantReturnLink\":\"https:\\\/\\\/www.lifenatura.com\\\/termos-condicoes-lifenatura\\\/\"}}]}<\/script>\n<meta property=\"product:price:amount\" content=\"2.97\" \/>\n<meta property=\"product:price:currency\" content=\"EUR\" \/>\n<meta property=\"og:availability\" content=\"instock\" \/>\n<meta property=\"product:availability\" content=\"instock\" \/>\n<meta property=\"product:retailer_item_id\" content=\"8008698005491\" \/>\n<meta property=\"product:condition\" content=\"new\" \/>\n<!-- \/ Yoast SEO Premium plugin. -->","yoast_head_json":{"title":"Galletas com pepitas chocolate 200 g - s\/gl\u00faten - Schar","description":"Crujientes, con el toque justo de dulzura, te acompa\u00f1ar\u00e1n en cualquier momento del d\u00eda.","robots":{"index":"index","follow":"follow","max-snippet":"max-snippet:-1","max-image-preview":"max-image-preview:large","max-video-preview":"max-video-preview:-1"},"canonical":"https:\/\/www.lifenatura.com\/es\/produto\/galletas-com-pepitas-chocolate-200-g-s-gluten-schar\/","og_locale":"es_ES","og_type":"article","og_title":"Galletas com pepitas chocolate 200 g - s\/gl\u00faten - Schar - Na Lifenatura ao Melhor Pre\u00e7o | Envio 48h","og_description":"Compre Galletas com pepitas chocolate 200 g - s\/gl\u00faten - Schar com envio r\u00e1pido. Entrega em 48h e portes gr\u00e1tis em compras >35\u20ac. Aproveite j\u00e1 na Lifenatura","og_url":"https:\/\/www.lifenatura.com\/es\/produto\/galletas-com-pepitas-chocolate-200-g-s-gluten-schar\/","og_site_name":"Lifenatura","article_publisher":"https:\/\/www.facebook.com\/lifenatura","article_modified_time":"2022-08-21T15:21:00+00:00","og_image":[{"width":1000,"height":1000,"url":"https:\/\/www.lifenatura.com\/wp-content\/uploads\/2021\/09\/gd_bolachas-pepitas-chocolates-schar.jpg","type":"image\/jpeg"}],"twitter_card":"summary_large_image","twitter_misc":{"Precio":"2,97&nbsp;&euro;","Disponibilidad":"Disponible"},"schema":{"@context":"https:\/\/schema.org","@graph":[{"@type":"WebPage","@id":"https:\/\/www.lifenatura.com\/es\/produto\/galletas-com-pepitas-chocolate-200-g-s-gluten-schar\/","url":"https:\/\/www.lifenatura.com\/es\/produto\/galletas-com-pepitas-chocolate-200-g-s-gluten-schar\/","name":"Galletas com pepitas chocolate 200 g - s\/gl\u00faten - Schar","isPartOf":{"@id":"https:\/\/www.lifenatura.com\/es\/#website"},"primaryImageOfPage":{"@id":"https:\/\/www.lifenatura.com\/es\/produto\/galletas-com-pepitas-chocolate-200-g-s-gluten-schar\/#primaryimage"},"image":{"@id":"https:\/\/www.lifenatura.com\/es\/produto\/galletas-com-pepitas-chocolate-200-g-s-gluten-schar\/#primaryimage"},"thumbnailUrl":"https:\/\/www.lifenatura.com\/wp-content\/uploads\/2021\/09\/gd_bolachas-pepitas-chocolates-schar.jpg","datePublished":"2021-09-30T10:49:53+00:00","dateModified":"2022-08-21T15:21:00+00:00","description":"Crujientes, con el toque justo de dulzura, te acompa\u00f1ar\u00e1n en cualquier momento del d\u00eda.","breadcrumb":{"@id":"https:\/\/www.lifenatura.com\/es\/produto\/galletas-com-pepitas-chocolate-200-g-s-gluten-schar\/#breadcrumb"},"inLanguage":"es","potentialAction":[{"@type":"ReadAction","target":["https:\/\/www.lifenatura.com\/es\/produto\/galletas-com-pepitas-chocolate-200-g-s-gluten-schar\/"]}]},{"@type":"ImageObject","inLanguage":"es","@id":"https:\/\/www.lifenatura.com\/es\/produto\/galletas-com-pepitas-chocolate-200-g-s-gluten-schar\/#primaryimage","url":"https:\/\/www.lifenatura.com\/wp-content\/uploads\/2021\/09\/gd_bolachas-pepitas-chocolates-schar.jpg","contentUrl":"https:\/\/www.lifenatura.com\/wp-content\/uploads\/2021\/09\/gd_bolachas-pepitas-chocolates-schar.jpg","width":1000,"height":1000,"caption":"Galletas com pepitas chocolate 200 g - s\/gl\u00faten - Schar"},{"@type":"BreadcrumbList","@id":"https:\/\/www.lifenatura.com\/es\/produto\/galletas-com-pepitas-chocolate-200-g-s-gluten-schar\/#breadcrumb","itemListElement":[{"@type":"ListItem","position":1,"name":"In\u00edcio","item":"https:\/\/www.lifenatura.com\/es\/"},{"@type":"ListItem","position":2,"name":"Todos los Productos","item":"https:\/\/www.lifenatura.com\/es\/tienda\/"},{"@type":"ListItem","position":3,"name":"Galletas com pepitas chocolate 200 g &#8211; s\/gl\u00faten &#8211; Schar"}]},{"@type":"WebSite","@id":"https:\/\/www.lifenatura.com\/es\/#website","url":"https:\/\/www.lifenatura.com\/es\/","name":"Lifenatura","description":"A Lifenatura \u00e9 uma loja de produtos naturais, cosm\u00e9tica natural e alimenta\u00e7\u00e3o Biol\u00f3gica.","publisher":{"@id":"https:\/\/www.lifenatura.com\/es\/#organization"},"potentialAction":[{"@type":"SearchAction","target":{"@type":"EntryPoint","urlTemplate":"https:\/\/www.lifenatura.com\/es\/?s={search_term_string}"},"query-input":{"@type":"PropertyValueSpecification","valueRequired":true,"valueName":"search_term_string"}}],"inLanguage":"es"},{"@type":"Organization","@id":"https:\/\/www.lifenatura.com\/es\/#organization","name":"Lifenatura","url":"https:\/\/www.lifenatura.com\/es\/","logo":{"@type":"ImageObject","inLanguage":"es","@id":"https:\/\/www.lifenatura.com\/es\/#\/schema\/logo\/image\/","url":"https:\/\/www.lifenatura.com\/wp-content\/uploads\/2021\/07\/logo.png","contentUrl":"https:\/\/www.lifenatura.com\/wp-content\/uploads\/2021\/07\/logo.png","width":175,"height":55,"caption":"Lifenatura"},"image":{"@id":"https:\/\/www.lifenatura.com\/es\/#\/schema\/logo\/image\/"},"sameAs":["https:\/\/www.facebook.com\/lifenatura","https:\/\/www.instagram.com\/lifenaturapt\/"],"hasMerchantReturnPolicy":{"@type":"MerchantReturnPolicy","merchantReturnLink":"https:\/\/www.lifenatura.com\/termos-condicoes-lifenatura\/"}}]},"product_price_amount":"2.97","product_price_currency":"EUR","og_availability":"instock","product_availability":"instock","product_retailer_item_id":"8008698005491","product_condition":"new"},"df_price":2.97,"df_sale_price":"","df_regular_price":2.97,"df_image_link":"https:\/\/www.lifenatura.com\/wp-content\/uploads\/2021\/09\/gd_bolachas-pepitas-chocolates-schar-300x300.jpg","_links":{"self":[{"href":"https:\/\/www.lifenatura.com\/es\/wp-json\/wp\/v2\/product\/40978","targetHints":{"allow":["GET"]}}],"collection":[{"href":"https:\/\/www.lifenatura.com\/es\/wp-json\/wp\/v2\/product"}],"about":[{"href":"https:\/\/www.lifenatura.com\/es\/wp-json\/wp\/v2\/types\/product"}],"wp:featuredmedia":[{"embeddable":true,"href":"https:\/\/www.lifenatura.com\/es\/wp-json\/wp\/v2\/media\/22115"}],"wp:attachment":[{"href":"https:\/\/www.lifenatura.com\/es\/wp-json\/wp\/v2\/media?parent=40978"}],"wp:term":[{"taxonomy":"product_brand","embeddable":true,"href":"https:\/\/www.lifenatura.com\/es\/wp-json\/wp\/v2\/product_brand?post=40978"},{"taxonomy":"product_cat","embeddable":true,"href":"https:\/\/www.lifenatura.com\/es\/wp-json\/wp\/v2\/product_cat?post=40978"},{"taxonomy":"product_tag","embeddable":true,"href":"https:\/\/www.lifenatura.com\/es\/wp-json\/wp\/v2\/product_tag?post=40978"}],"curies":[{"name":"wp","href":"https:\/\/api.w.org\/{rel}","templated":true}]}}