{"id":40961,"date":"2021-09-30T10:49:34","date_gmt":"2021-09-30T10:49:34","guid":{"rendered":"https:\/\/lifenatura.dev.agenciagetdigital.com\/produto\/galletas-artesanales-avena-150-g-cookie-sanas-santiveri\/"},"modified":"2022-08-21T15:20:49","modified_gmt":"2022-08-21T15:20:49","slug":"galletas-artesanales-avena-150-g-cookie-sanas-santiveri","status":"publish","type":"product","link":"https:\/\/www.lifenatura.com\/es\/produto\/galletas-artesanales-avena-150-g-cookie-sanas-santiveri\/","title":{"rendered":"Galletas Artesanales Avena 150 g &#8211; Cookie Sanas Santiveri"},"content":{"rendered":"<p>Galletas Saludables de Avena Las Cooki Sanas de Santiveri son galletas de avena integrales y son adecuadas para el desayuno o la merienda del mediod\u00eda. Estas galletas no tienen az\u00facares a\u00f1adidos, ya que contienen az\u00facares presentes de forma natural, sin lactosa ni derivados l\u00e1cteos. Estas galletas no tienen huevo en su constituci\u00f3n, est\u00e1n fortificadas con \u00e1cido f\u00f3lico y tienen un alto contenido de fibra. PRESENTACI\u00d3N 150g.<\/p>\n","protected":false},"excerpt":{"rendered":"<p>Galletas Saludables de Avena Las Cooki Sanas de Santiveri son galletas de avena integrales y son adecuadas para el desayuno o la merienda del mediod\u00eda. Estas galletas no tienen az\u00facares a\u00f1adidos, ya que contienen az\u00facares presentes de forma natural, sin lactosa ni derivados l\u00e1cteos. Estas galletas no tienen huevo en su constituci\u00f3n, est\u00e1n fortificadas con [&#8230;]<\/p>\n<p><a class=\"btn btn-secondary understrap-read-more-link\" href=\"https:\/\/www.lifenatura.com\/es\/produto\/galletas-artesanales-avena-150-g-cookie-sanas-santiveri\/\">Leer m\u00e1s&#8230;<span class=\"screen-reader-text\"> from Galletas Artesanales Avena 150 g &#8211; Cookie Sanas Santiveri<\/span><\/a><\/p>\n","protected":false},"featured_media":118671,"template":"","meta":{"_acf_changed":false},"product_brand":[8379],"product_cat":[7064,7079,7074],"product_tag":[],"class_list":{"0":"post-40961","1":"product","2":"type-product","3":"status-publish","4":"has-post-thumbnail","6":"product_brand-santiveri","7":"product_cat-alimentacion-sana","8":"product_cat-galletas","9":"product_cat-productos-alimenticios","11":"first","12":"outofstock","13":"shipping-taxable","14":"purchasable","15":"product-type-simple","16":"add-to-wishlist-before_image"},"acf":[],"yoast_head":"<!-- This site is optimized with the Yoast SEO Premium plugin v27.1 (Yoast SEO v27.5) - https:\/\/yoast.com\/product\/yoast-seo-premium-wordpress\/ -->\n<title>Galletas Artesanales Avena 150 g - Cookie Sanas Santiveri<\/title>\n<meta name=\"description\" content=\"Las Cooki Sanas de Santiveri son galletas de avena integrales y son adecuadas para el desayuno o la merienda del mediod\u00eda.\" \/>\n<meta name=\"robots\" content=\"index, follow, max-snippet:-1, max-image-preview:large, max-video-preview:-1\" \/>\n<link rel=\"canonical\" href=\"https:\/\/www.lifenatura.com\/es\/produto\/galletas-artesanales-avena-150-g-cookie-sanas-santiveri\/\" \/>\n<meta property=\"og:locale\" content=\"es_ES\" \/>\n<meta property=\"og:type\" content=\"article\" \/>\n<meta property=\"og:title\" content=\"Galletas Artesanales Avena 150 g - Cookie Sanas Santiveri - Na Lifenatura ao Melhor Pre\u00e7o | Envio 48h\" \/>\n<meta property=\"og:description\" content=\"Compre Galletas Artesanales Avena 150 g - Cookie Sanas Santiveri com envio r\u00e1pido. Entrega em 48h e portes gr\u00e1tis em compras &gt;35\u20ac. Aproveite j\u00e1 na Lifenatura\" \/>\n<meta property=\"og:url\" content=\"https:\/\/www.lifenatura.com\/es\/produto\/galletas-artesanales-avena-150-g-cookie-sanas-santiveri\/\" \/>\n<meta property=\"og:site_name\" content=\"Lifenatura\" \/>\n<meta property=\"article:publisher\" content=\"https:\/\/www.facebook.com\/lifenatura\" \/>\n<meta property=\"article:modified_time\" content=\"2022-08-21T15:20:49+00:00\" \/>\n<meta property=\"og:image\" content=\"https:\/\/www.lifenatura.com\/wp-content\/uploads\/2025\/10\/cooki-sana-aveia-santiveri.jpg\" \/>\n\t<meta property=\"og:image:width\" content=\"1000\" \/>\n\t<meta property=\"og:image:height\" content=\"1000\" \/>\n\t<meta property=\"og:image:type\" content=\"image\/jpeg\" \/>\n<meta name=\"twitter:card\" content=\"summary_large_image\" \/>\n<meta name=\"twitter:label1\" content=\"Precio\" \/>\n\t<meta name=\"twitter:data1\" content=\"2,82&nbsp;&euro;\" \/>\n\t<meta name=\"twitter:label2\" content=\"Disponibilidad\" \/>\n\t<meta name=\"twitter:data2\" content=\"Sin existencias\" \/>\n<script type=\"application\/ld+json\" class=\"yoast-schema-graph\">{\"@context\":\"https:\\\/\\\/schema.org\",\"@graph\":[{\"@type\":\"WebPage\",\"@id\":\"https:\\\/\\\/www.lifenatura.com\\\/es\\\/produto\\\/galletas-artesanales-avena-150-g-cookie-sanas-santiveri\\\/\",\"url\":\"https:\\\/\\\/www.lifenatura.com\\\/es\\\/produto\\\/galletas-artesanales-avena-150-g-cookie-sanas-santiveri\\\/\",\"name\":\"Galletas Artesanales Avena 150 g - Cookie Sanas Santiveri\",\"isPartOf\":{\"@id\":\"https:\\\/\\\/www.lifenatura.com\\\/es\\\/#website\"},\"primaryImageOfPage\":{\"@id\":\"https:\\\/\\\/www.lifenatura.com\\\/es\\\/produto\\\/galletas-artesanales-avena-150-g-cookie-sanas-santiveri\\\/#primaryimage\"},\"image\":{\"@id\":\"https:\\\/\\\/www.lifenatura.com\\\/es\\\/produto\\\/galletas-artesanales-avena-150-g-cookie-sanas-santiveri\\\/#primaryimage\"},\"thumbnailUrl\":\"https:\\\/\\\/www.lifenatura.com\\\/wp-content\\\/uploads\\\/2025\\\/10\\\/cooki-sana-aveia-santiveri.jpg\",\"datePublished\":\"2021-09-30T10:49:34+00:00\",\"dateModified\":\"2022-08-21T15:20:49+00:00\",\"description\":\"Las Cooki Sanas de Santiveri son galletas de avena integrales y son adecuadas para el desayuno o la merienda del mediod\u00eda.\",\"breadcrumb\":{\"@id\":\"https:\\\/\\\/www.lifenatura.com\\\/es\\\/produto\\\/galletas-artesanales-avena-150-g-cookie-sanas-santiveri\\\/#breadcrumb\"},\"inLanguage\":\"es\",\"potentialAction\":[{\"@type\":\"ReadAction\",\"target\":[\"https:\\\/\\\/www.lifenatura.com\\\/es\\\/produto\\\/galletas-artesanales-avena-150-g-cookie-sanas-santiveri\\\/\"]}]},{\"@type\":\"ImageObject\",\"inLanguage\":\"es\",\"@id\":\"https:\\\/\\\/www.lifenatura.com\\\/es\\\/produto\\\/galletas-artesanales-avena-150-g-cookie-sanas-santiveri\\\/#primaryimage\",\"url\":\"https:\\\/\\\/www.lifenatura.com\\\/wp-content\\\/uploads\\\/2025\\\/10\\\/cooki-sana-aveia-santiveri.jpg\",\"contentUrl\":\"https:\\\/\\\/www.lifenatura.com\\\/wp-content\\\/uploads\\\/2025\\\/10\\\/cooki-sana-aveia-santiveri.jpg\",\"width\":1000,\"height\":1000,\"caption\":\"Cooki sana de aveia da marca santiveri\"},{\"@type\":\"BreadcrumbList\",\"@id\":\"https:\\\/\\\/www.lifenatura.com\\\/es\\\/produto\\\/galletas-artesanales-avena-150-g-cookie-sanas-santiveri\\\/#breadcrumb\",\"itemListElement\":[{\"@type\":\"ListItem\",\"position\":1,\"name\":\"In\u00edcio\",\"item\":\"https:\\\/\\\/www.lifenatura.com\\\/es\\\/\"},{\"@type\":\"ListItem\",\"position\":2,\"name\":\"Todos los Productos\",\"item\":\"https:\\\/\\\/www.lifenatura.com\\\/es\\\/tienda\\\/\"},{\"@type\":\"ListItem\",\"position\":3,\"name\":\"Galletas Artesanales Avena 150 g &#8211; Cookie Sanas Santiveri\"}]},{\"@type\":\"WebSite\",\"@id\":\"https:\\\/\\\/www.lifenatura.com\\\/es\\\/#website\",\"url\":\"https:\\\/\\\/www.lifenatura.com\\\/es\\\/\",\"name\":\"Lifenatura\",\"description\":\"A Lifenatura \u00e9 uma loja de produtos naturais, cosm\u00e9tica natural e alimenta\u00e7\u00e3o Biol\u00f3gica.\",\"publisher\":{\"@id\":\"https:\\\/\\\/www.lifenatura.com\\\/es\\\/#organization\"},\"potentialAction\":[{\"@type\":\"SearchAction\",\"target\":{\"@type\":\"EntryPoint\",\"urlTemplate\":\"https:\\\/\\\/www.lifenatura.com\\\/es\\\/?s={search_term_string}\"},\"query-input\":{\"@type\":\"PropertyValueSpecification\",\"valueRequired\":true,\"valueName\":\"search_term_string\"}}],\"inLanguage\":\"es\"},{\"@type\":\"Organization\",\"@id\":\"https:\\\/\\\/www.lifenatura.com\\\/es\\\/#organization\",\"name\":\"Lifenatura\",\"url\":\"https:\\\/\\\/www.lifenatura.com\\\/es\\\/\",\"logo\":{\"@type\":\"ImageObject\",\"inLanguage\":\"es\",\"@id\":\"https:\\\/\\\/www.lifenatura.com\\\/es\\\/#\\\/schema\\\/logo\\\/image\\\/\",\"url\":\"https:\\\/\\\/www.lifenatura.com\\\/wp-content\\\/uploads\\\/2021\\\/07\\\/logo.png\",\"contentUrl\":\"https:\\\/\\\/www.lifenatura.com\\\/wp-content\\\/uploads\\\/2021\\\/07\\\/logo.png\",\"width\":175,\"height\":55,\"caption\":\"Lifenatura\"},\"image\":{\"@id\":\"https:\\\/\\\/www.lifenatura.com\\\/es\\\/#\\\/schema\\\/logo\\\/image\\\/\"},\"sameAs\":[\"https:\\\/\\\/www.facebook.com\\\/lifenatura\",\"https:\\\/\\\/www.instagram.com\\\/lifenaturapt\\\/\"],\"hasMerchantReturnPolicy\":{\"@type\":\"MerchantReturnPolicy\",\"merchantReturnLink\":\"https:\\\/\\\/www.lifenatura.com\\\/termos-condicoes-lifenatura\\\/\"}}]}<\/script>\n<meta property=\"product:price:amount\" content=\"2.82\" \/>\n<meta property=\"product:price:currency\" content=\"EUR\" \/>\n<meta property=\"og:availability\" content=\"out of stock\" \/>\n<meta property=\"product:availability\" content=\"out of stock\" \/>\n<meta property=\"product:retailer_item_id\" content=\"8412170025806\" \/>\n<meta property=\"product:condition\" content=\"new\" \/>\n<!-- \/ Yoast SEO Premium plugin. -->","yoast_head_json":{"title":"Galletas Artesanales Avena 150 g - Cookie Sanas Santiveri","description":"Las Cooki Sanas de Santiveri son galletas de avena integrales y son adecuadas para el desayuno o la merienda del mediod\u00eda.","robots":{"index":"index","follow":"follow","max-snippet":"max-snippet:-1","max-image-preview":"max-image-preview:large","max-video-preview":"max-video-preview:-1"},"canonical":"https:\/\/www.lifenatura.com\/es\/produto\/galletas-artesanales-avena-150-g-cookie-sanas-santiveri\/","og_locale":"es_ES","og_type":"article","og_title":"Galletas Artesanales Avena 150 g - Cookie Sanas Santiveri - Na Lifenatura ao Melhor Pre\u00e7o | Envio 48h","og_description":"Compre Galletas Artesanales Avena 150 g - Cookie Sanas Santiveri com envio r\u00e1pido. Entrega em 48h e portes gr\u00e1tis em compras >35\u20ac. Aproveite j\u00e1 na Lifenatura","og_url":"https:\/\/www.lifenatura.com\/es\/produto\/galletas-artesanales-avena-150-g-cookie-sanas-santiveri\/","og_site_name":"Lifenatura","article_publisher":"https:\/\/www.facebook.com\/lifenatura","article_modified_time":"2022-08-21T15:20:49+00:00","og_image":[{"width":1000,"height":1000,"url":"https:\/\/www.lifenatura.com\/wp-content\/uploads\/2025\/10\/cooki-sana-aveia-santiveri.jpg","type":"image\/jpeg"}],"twitter_card":"summary_large_image","twitter_misc":{"Precio":"2,82&nbsp;&euro;","Disponibilidad":"Sin existencias"},"schema":{"@context":"https:\/\/schema.org","@graph":[{"@type":"WebPage","@id":"https:\/\/www.lifenatura.com\/es\/produto\/galletas-artesanales-avena-150-g-cookie-sanas-santiveri\/","url":"https:\/\/www.lifenatura.com\/es\/produto\/galletas-artesanales-avena-150-g-cookie-sanas-santiveri\/","name":"Galletas Artesanales Avena 150 g - Cookie Sanas Santiveri","isPartOf":{"@id":"https:\/\/www.lifenatura.com\/es\/#website"},"primaryImageOfPage":{"@id":"https:\/\/www.lifenatura.com\/es\/produto\/galletas-artesanales-avena-150-g-cookie-sanas-santiveri\/#primaryimage"},"image":{"@id":"https:\/\/www.lifenatura.com\/es\/produto\/galletas-artesanales-avena-150-g-cookie-sanas-santiveri\/#primaryimage"},"thumbnailUrl":"https:\/\/www.lifenatura.com\/wp-content\/uploads\/2025\/10\/cooki-sana-aveia-santiveri.jpg","datePublished":"2021-09-30T10:49:34+00:00","dateModified":"2022-08-21T15:20:49+00:00","description":"Las Cooki Sanas de Santiveri son galletas de avena integrales y son adecuadas para el desayuno o la merienda del mediod\u00eda.","breadcrumb":{"@id":"https:\/\/www.lifenatura.com\/es\/produto\/galletas-artesanales-avena-150-g-cookie-sanas-santiveri\/#breadcrumb"},"inLanguage":"es","potentialAction":[{"@type":"ReadAction","target":["https:\/\/www.lifenatura.com\/es\/produto\/galletas-artesanales-avena-150-g-cookie-sanas-santiveri\/"]}]},{"@type":"ImageObject","inLanguage":"es","@id":"https:\/\/www.lifenatura.com\/es\/produto\/galletas-artesanales-avena-150-g-cookie-sanas-santiveri\/#primaryimage","url":"https:\/\/www.lifenatura.com\/wp-content\/uploads\/2025\/10\/cooki-sana-aveia-santiveri.jpg","contentUrl":"https:\/\/www.lifenatura.com\/wp-content\/uploads\/2025\/10\/cooki-sana-aveia-santiveri.jpg","width":1000,"height":1000,"caption":"Cooki sana de aveia da marca santiveri"},{"@type":"BreadcrumbList","@id":"https:\/\/www.lifenatura.com\/es\/produto\/galletas-artesanales-avena-150-g-cookie-sanas-santiveri\/#breadcrumb","itemListElement":[{"@type":"ListItem","position":1,"name":"In\u00edcio","item":"https:\/\/www.lifenatura.com\/es\/"},{"@type":"ListItem","position":2,"name":"Todos los Productos","item":"https:\/\/www.lifenatura.com\/es\/tienda\/"},{"@type":"ListItem","position":3,"name":"Galletas Artesanales Avena 150 g &#8211; Cookie Sanas Santiveri"}]},{"@type":"WebSite","@id":"https:\/\/www.lifenatura.com\/es\/#website","url":"https:\/\/www.lifenatura.com\/es\/","name":"Lifenatura","description":"A Lifenatura \u00e9 uma loja de produtos naturais, cosm\u00e9tica natural e alimenta\u00e7\u00e3o Biol\u00f3gica.","publisher":{"@id":"https:\/\/www.lifenatura.com\/es\/#organization"},"potentialAction":[{"@type":"SearchAction","target":{"@type":"EntryPoint","urlTemplate":"https:\/\/www.lifenatura.com\/es\/?s={search_term_string}"},"query-input":{"@type":"PropertyValueSpecification","valueRequired":true,"valueName":"search_term_string"}}],"inLanguage":"es"},{"@type":"Organization","@id":"https:\/\/www.lifenatura.com\/es\/#organization","name":"Lifenatura","url":"https:\/\/www.lifenatura.com\/es\/","logo":{"@type":"ImageObject","inLanguage":"es","@id":"https:\/\/www.lifenatura.com\/es\/#\/schema\/logo\/image\/","url":"https:\/\/www.lifenatura.com\/wp-content\/uploads\/2021\/07\/logo.png","contentUrl":"https:\/\/www.lifenatura.com\/wp-content\/uploads\/2021\/07\/logo.png","width":175,"height":55,"caption":"Lifenatura"},"image":{"@id":"https:\/\/www.lifenatura.com\/es\/#\/schema\/logo\/image\/"},"sameAs":["https:\/\/www.facebook.com\/lifenatura","https:\/\/www.instagram.com\/lifenaturapt\/"],"hasMerchantReturnPolicy":{"@type":"MerchantReturnPolicy","merchantReturnLink":"https:\/\/www.lifenatura.com\/termos-condicoes-lifenatura\/"}}]},"product_price_amount":"2.82","product_price_currency":"EUR","og_availability":"out of stock","product_availability":"out of stock","product_retailer_item_id":"8412170025806","product_condition":"new"},"df_price":2.82,"df_sale_price":"","df_regular_price":2.82,"df_image_link":"https:\/\/www.lifenatura.com\/wp-content\/uploads\/2025\/10\/cooki-sana-aveia-santiveri-300x300.jpg","_links":{"self":[{"href":"https:\/\/www.lifenatura.com\/es\/wp-json\/wp\/v2\/product\/40961","targetHints":{"allow":["GET"]}}],"collection":[{"href":"https:\/\/www.lifenatura.com\/es\/wp-json\/wp\/v2\/product"}],"about":[{"href":"https:\/\/www.lifenatura.com\/es\/wp-json\/wp\/v2\/types\/product"}],"wp:featuredmedia":[{"embeddable":true,"href":"https:\/\/www.lifenatura.com\/es\/wp-json\/wp\/v2\/media\/118671"}],"wp:attachment":[{"href":"https:\/\/www.lifenatura.com\/es\/wp-json\/wp\/v2\/media?parent=40961"}],"wp:term":[{"taxonomy":"product_brand","embeddable":true,"href":"https:\/\/www.lifenatura.com\/es\/wp-json\/wp\/v2\/product_brand?post=40961"},{"taxonomy":"product_cat","embeddable":true,"href":"https:\/\/www.lifenatura.com\/es\/wp-json\/wp\/v2\/product_cat?post=40961"},{"taxonomy":"product_tag","embeddable":true,"href":"https:\/\/www.lifenatura.com\/es\/wp-json\/wp\/v2\/product_tag?post=40961"}],"curies":[{"name":"wp","href":"https:\/\/api.w.org\/{rel}","templated":true}]}}