{"id":40939,"date":"2021-09-30T10:49:12","date_gmt":"2021-09-30T10:49:12","guid":{"rendered":"https:\/\/lifenatura.dev.agenciagetdigital.com\/produto\/floradix-pack-comprimidos-salus\/"},"modified":"2026-04-21T00:00:49","modified_gmt":"2026-04-21T00:00:49","slug":"floradix-pack-comprimidos-salus","status":"publish","type":"product","link":"https:\/\/www.lifenatura.com\/es\/produto\/floradix-pack-comprimidos-salus\/","title":{"rendered":"Floradix 3&#215;84 comprimidos &#8211; Salus"},"content":{"rendered":"<p>Floradix contiene hierro, vitaminas y \u00e1cido f\u00f3lico Floradix es un complemento alimenticio natural que tiene hierro, vitaminas B1, B2 B6, B12, C, niacina y \u00e1cido f\u00f3lico en su constituci\u00f3n principal, pero tambi\u00e9n contiene extractos de plantas. El hierro contribuye a la reducci\u00f3n del cansancio y la fatiga, pero en general Floradix ayuda a reducir el cansancio y aumenta la energ\u00eda por su composici\u00f3n. Floradix se utiliza principalmente para tratar la anemia. Los comprimidos de Floradix contienen hierro org\u00e1nico (II) procedente del gluconato ferroso, vitaminas B2, B6, B12 y C, que contribuyen a la reducci\u00f3n del cansancio y la fatiga y al metabolismo normal de la producci\u00f3n de energ\u00eda. El hierro contribuye a la formaci\u00f3n normal de gl\u00f3bulos rojos (respaldados por las vitaminas B6 y B12) y a la formaci\u00f3n de hemoglobina. Adem\u00e1s, el folato (\u00e1cido f\u00f3lico) contribuye al crecimiento normal del tejido materno durante el embarazo. La vitamina C aumenta la absorci\u00f3n de hierro. Los comprimidos de Floradix no contienen gluten, lactosa ni fructosa, pero no son aptos para vegetarianos ni veganos. Sin embargo, son adecuados para mujeres, incluidas aquellas que planean quedar embarazadas, mujeres embarazadas, madres lactantes, ni\u00f1os, adolescentes, ancianos, convalecientes, vegetarianos y personas con un estilo de vida activo. PRESENTACI\u00d3N 84 tabletas x 3 BENEFICIOS DEL FLORADIX Complejo vitam\u00ednico m\u00e1s completo con hierro. Ideal para reducir el cansancio y la falta de energ\u00eda. Mejora el rendimiento intelectual y la concentraci\u00f3n. Rica en vitaminas, minerales y antioxidantes<\/p>\n","protected":false},"excerpt":{"rendered":"<p>Floradix contiene hierro, vitaminas y \u00e1cido f\u00f3lico Floradix es un complemento alimenticio natural que tiene hierro, vitaminas B1, B2 B6, B12, C, niacina y \u00e1cido f\u00f3lico en su constituci\u00f3n principal, pero tambi\u00e9n contiene extractos de plantas. El hierro contribuye a la reducci\u00f3n del cansancio y la fatiga, pero en general Floradix ayuda a reducir el [&#8230;]<\/p>\n<p><a class=\"btn btn-secondary understrap-read-more-link\" href=\"https:\/\/www.lifenatura.com\/es\/produto\/floradix-pack-comprimidos-salus\/\">Leer m\u00e1s&#8230;<span class=\"screen-reader-text\"> from Floradix 3&#215;84 comprimidos &#8211; Salus<\/span><\/a><\/p>\n","protected":false},"featured_media":119445,"template":"","meta":{"_acf_changed":false},"product_brand":[8378],"product_cat":[7220,7238,7259,7263,7179],"product_tag":[],"class_list":{"0":"post-40939","1":"product","2":"type-product","3":"status-publish","4":"has-post-thumbnail","6":"product_brand-salus","7":"product_cat-anemia-salud","8":"product_cat-energizante-natural","9":"product_cat-vitaminas-y-minerales","10":"product_cat-packs-de-salud","11":"product_cat-salud","13":"first","14":"instock","15":"sale","16":"shipping-taxable","17":"purchasable","18":"product-type-woosb","19":"add-to-wishlist-before_image"},"acf":[],"yoast_head":"<!-- This site is optimized with the Yoast SEO Premium plugin v27.1 (Yoast SEO v27.5) - https:\/\/yoast.com\/product\/yoast-seo-premium-wordpress\/ -->\n<title>Floradix Pack comprimidos - Salus<\/title>\n<meta name=\"description\" content=\"Floradix es un complemento alimenticio natural que tiene hierro, vitaminas B1, B2 B6, B12, C, niacina y \u00e1cido f\u00f3lico en su constituci\u00f3n principal.\" \/>\n<meta name=\"robots\" content=\"index, follow, max-snippet:-1, max-image-preview:large, max-video-preview:-1\" \/>\n<link rel=\"canonical\" href=\"https:\/\/www.lifenatura.com\/es\/produto\/floradix-pack-comprimidos-salus\/\" \/>\n<meta property=\"og:locale\" content=\"es_ES\" \/>\n<meta property=\"og:type\" content=\"article\" \/>\n<meta property=\"og:title\" content=\"Floradix 3x84 comprimidos - Salus - Na Lifenatura ao Melhor Pre\u00e7o | Envio 48h\" \/>\n<meta property=\"og:description\" content=\"Compre Floradix 3x84 comprimidos - Salus com envio r\u00e1pido. Entrega em 48h e portes gr\u00e1tis em compras &gt;35\u20ac. Aproveite j\u00e1 na Lifenatura\" \/>\n<meta property=\"og:url\" content=\"https:\/\/www.lifenatura.com\/es\/produto\/floradix-pack-comprimidos-salus\/\" \/>\n<meta property=\"og:site_name\" content=\"Lifenatura\" \/>\n<meta property=\"article:publisher\" content=\"https:\/\/www.facebook.com\/lifenatura\" \/>\n<meta property=\"article:modified_time\" content=\"2026-04-21T00:00:49+00:00\" \/>\n<meta property=\"og:image\" content=\"https:\/\/www.lifenatura.com\/wp-content\/uploads\/2025\/10\/floradix-pack-comprimidos-salus.jpg\" \/>\n\t<meta property=\"og:image:width\" content=\"1000\" \/>\n\t<meta property=\"og:image:height\" content=\"1000\" \/>\n\t<meta property=\"og:image:type\" content=\"image\/jpeg\" \/>\n<meta name=\"twitter:card\" content=\"summary_large_image\" \/>\n<meta name=\"twitter:label1\" content=\"Precio\" \/>\n\t<meta name=\"twitter:data1\" content=\"60,39&nbsp;&euro;\" \/>\n\t<meta name=\"twitter:label2\" content=\"Disponibilidad\" \/>\n\t<meta name=\"twitter:data2\" content=\"Disponible\" \/>\n<script type=\"application\/ld+json\" class=\"yoast-schema-graph\">{\"@context\":\"https:\\\/\\\/schema.org\",\"@graph\":[{\"@type\":\"WebPage\",\"@id\":\"https:\\\/\\\/www.lifenatura.com\\\/es\\\/produto\\\/floradix-pack-comprimidos-salus\\\/\",\"url\":\"https:\\\/\\\/www.lifenatura.com\\\/es\\\/produto\\\/floradix-pack-comprimidos-salus\\\/\",\"name\":\"Floradix Pack comprimidos - Salus\",\"isPartOf\":{\"@id\":\"https:\\\/\\\/www.lifenatura.com\\\/es\\\/#website\"},\"primaryImageOfPage\":{\"@id\":\"https:\\\/\\\/www.lifenatura.com\\\/es\\\/produto\\\/floradix-pack-comprimidos-salus\\\/#primaryimage\"},\"image\":{\"@id\":\"https:\\\/\\\/www.lifenatura.com\\\/es\\\/produto\\\/floradix-pack-comprimidos-salus\\\/#primaryimage\"},\"thumbnailUrl\":\"https:\\\/\\\/www.lifenatura.com\\\/wp-content\\\/uploads\\\/2025\\\/10\\\/floradix-pack-comprimidos-salus.jpg\",\"datePublished\":\"2021-09-30T10:49:12+00:00\",\"dateModified\":\"2026-04-21T00:00:49+00:00\",\"description\":\"Floradix es un complemento alimenticio natural que tiene hierro, vitaminas B1, B2 B6, B12, C, niacina y \u00e1cido f\u00f3lico en su constituci\u00f3n principal.\",\"breadcrumb\":{\"@id\":\"https:\\\/\\\/www.lifenatura.com\\\/es\\\/produto\\\/floradix-pack-comprimidos-salus\\\/#breadcrumb\"},\"inLanguage\":\"es\",\"potentialAction\":[{\"@type\":\"ReadAction\",\"target\":[\"https:\\\/\\\/www.lifenatura.com\\\/es\\\/produto\\\/floradix-pack-comprimidos-salus\\\/\"]}]},{\"@type\":\"ImageObject\",\"inLanguage\":\"es\",\"@id\":\"https:\\\/\\\/www.lifenatura.com\\\/es\\\/produto\\\/floradix-pack-comprimidos-salus\\\/#primaryimage\",\"url\":\"https:\\\/\\\/www.lifenatura.com\\\/wp-content\\\/uploads\\\/2025\\\/10\\\/floradix-pack-comprimidos-salus.jpg\",\"contentUrl\":\"https:\\\/\\\/www.lifenatura.com\\\/wp-content\\\/uploads\\\/2025\\\/10\\\/floradix-pack-comprimidos-salus.jpg\",\"width\":1000,\"height\":1000,\"caption\":\"Floradix pack comprimidos da Salus\"},{\"@type\":\"BreadcrumbList\",\"@id\":\"https:\\\/\\\/www.lifenatura.com\\\/es\\\/produto\\\/floradix-pack-comprimidos-salus\\\/#breadcrumb\",\"itemListElement\":[{\"@type\":\"ListItem\",\"position\":1,\"name\":\"In\u00edcio\",\"item\":\"https:\\\/\\\/www.lifenatura.com\\\/es\\\/\"},{\"@type\":\"ListItem\",\"position\":2,\"name\":\"Todos los Productos\",\"item\":\"https:\\\/\\\/www.lifenatura.com\\\/es\\\/tienda\\\/\"},{\"@type\":\"ListItem\",\"position\":3,\"name\":\"Floradix 3&#215;84 comprimidos &#8211; Salus\"}]},{\"@type\":\"WebSite\",\"@id\":\"https:\\\/\\\/www.lifenatura.com\\\/es\\\/#website\",\"url\":\"https:\\\/\\\/www.lifenatura.com\\\/es\\\/\",\"name\":\"Lifenatura\",\"description\":\"A Lifenatura \u00e9 uma loja de produtos naturais, cosm\u00e9tica natural e alimenta\u00e7\u00e3o Biol\u00f3gica.\",\"publisher\":{\"@id\":\"https:\\\/\\\/www.lifenatura.com\\\/es\\\/#organization\"},\"potentialAction\":[{\"@type\":\"SearchAction\",\"target\":{\"@type\":\"EntryPoint\",\"urlTemplate\":\"https:\\\/\\\/www.lifenatura.com\\\/es\\\/?s={search_term_string}\"},\"query-input\":{\"@type\":\"PropertyValueSpecification\",\"valueRequired\":true,\"valueName\":\"search_term_string\"}}],\"inLanguage\":\"es\"},{\"@type\":\"Organization\",\"@id\":\"https:\\\/\\\/www.lifenatura.com\\\/es\\\/#organization\",\"name\":\"Lifenatura\",\"url\":\"https:\\\/\\\/www.lifenatura.com\\\/es\\\/\",\"logo\":{\"@type\":\"ImageObject\",\"inLanguage\":\"es\",\"@id\":\"https:\\\/\\\/www.lifenatura.com\\\/es\\\/#\\\/schema\\\/logo\\\/image\\\/\",\"url\":\"https:\\\/\\\/www.lifenatura.com\\\/wp-content\\\/uploads\\\/2021\\\/07\\\/logo.png\",\"contentUrl\":\"https:\\\/\\\/www.lifenatura.com\\\/wp-content\\\/uploads\\\/2021\\\/07\\\/logo.png\",\"width\":175,\"height\":55,\"caption\":\"Lifenatura\"},\"image\":{\"@id\":\"https:\\\/\\\/www.lifenatura.com\\\/es\\\/#\\\/schema\\\/logo\\\/image\\\/\"},\"sameAs\":[\"https:\\\/\\\/www.facebook.com\\\/lifenatura\",\"https:\\\/\\\/www.instagram.com\\\/lifenaturapt\\\/\"],\"hasMerchantReturnPolicy\":{\"@type\":\"MerchantReturnPolicy\",\"merchantReturnLink\":\"https:\\\/\\\/www.lifenatura.com\\\/termos-condicoes-lifenatura\\\/\"}}]}<\/script>\n<meta property=\"product:price:amount\" content=\"60.39\" \/>\n<meta property=\"product:price:currency\" content=\"EUR\" \/>\n<meta property=\"og:availability\" content=\"instock\" \/>\n<meta property=\"product:availability\" content=\"instock\" \/>\n<meta property=\"product:retailer_item_id\" content=\"40041480590188\" \/>\n<meta property=\"product:condition\" content=\"new\" \/>\n<!-- \/ Yoast SEO Premium plugin. -->","yoast_head_json":{"title":"Floradix Pack comprimidos - Salus","description":"Floradix es un complemento alimenticio natural que tiene hierro, vitaminas B1, B2 B6, B12, C, niacina y \u00e1cido f\u00f3lico en su constituci\u00f3n principal.","robots":{"index":"index","follow":"follow","max-snippet":"max-snippet:-1","max-image-preview":"max-image-preview:large","max-video-preview":"max-video-preview:-1"},"canonical":"https:\/\/www.lifenatura.com\/es\/produto\/floradix-pack-comprimidos-salus\/","og_locale":"es_ES","og_type":"article","og_title":"Floradix 3x84 comprimidos - Salus - Na Lifenatura ao Melhor Pre\u00e7o | Envio 48h","og_description":"Compre Floradix 3x84 comprimidos - Salus com envio r\u00e1pido. Entrega em 48h e portes gr\u00e1tis em compras >35\u20ac. Aproveite j\u00e1 na Lifenatura","og_url":"https:\/\/www.lifenatura.com\/es\/produto\/floradix-pack-comprimidos-salus\/","og_site_name":"Lifenatura","article_publisher":"https:\/\/www.facebook.com\/lifenatura","article_modified_time":"2026-04-21T00:00:49+00:00","og_image":[{"width":1000,"height":1000,"url":"https:\/\/www.lifenatura.com\/wp-content\/uploads\/2025\/10\/floradix-pack-comprimidos-salus.jpg","type":"image\/jpeg"}],"twitter_card":"summary_large_image","twitter_misc":{"Precio":"60,39&nbsp;&euro;","Disponibilidad":"Disponible"},"schema":{"@context":"https:\/\/schema.org","@graph":[{"@type":"WebPage","@id":"https:\/\/www.lifenatura.com\/es\/produto\/floradix-pack-comprimidos-salus\/","url":"https:\/\/www.lifenatura.com\/es\/produto\/floradix-pack-comprimidos-salus\/","name":"Floradix Pack comprimidos - Salus","isPartOf":{"@id":"https:\/\/www.lifenatura.com\/es\/#website"},"primaryImageOfPage":{"@id":"https:\/\/www.lifenatura.com\/es\/produto\/floradix-pack-comprimidos-salus\/#primaryimage"},"image":{"@id":"https:\/\/www.lifenatura.com\/es\/produto\/floradix-pack-comprimidos-salus\/#primaryimage"},"thumbnailUrl":"https:\/\/www.lifenatura.com\/wp-content\/uploads\/2025\/10\/floradix-pack-comprimidos-salus.jpg","datePublished":"2021-09-30T10:49:12+00:00","dateModified":"2026-04-21T00:00:49+00:00","description":"Floradix es un complemento alimenticio natural que tiene hierro, vitaminas B1, B2 B6, B12, C, niacina y \u00e1cido f\u00f3lico en su constituci\u00f3n principal.","breadcrumb":{"@id":"https:\/\/www.lifenatura.com\/es\/produto\/floradix-pack-comprimidos-salus\/#breadcrumb"},"inLanguage":"es","potentialAction":[{"@type":"ReadAction","target":["https:\/\/www.lifenatura.com\/es\/produto\/floradix-pack-comprimidos-salus\/"]}]},{"@type":"ImageObject","inLanguage":"es","@id":"https:\/\/www.lifenatura.com\/es\/produto\/floradix-pack-comprimidos-salus\/#primaryimage","url":"https:\/\/www.lifenatura.com\/wp-content\/uploads\/2025\/10\/floradix-pack-comprimidos-salus.jpg","contentUrl":"https:\/\/www.lifenatura.com\/wp-content\/uploads\/2025\/10\/floradix-pack-comprimidos-salus.jpg","width":1000,"height":1000,"caption":"Floradix pack comprimidos da Salus"},{"@type":"BreadcrumbList","@id":"https:\/\/www.lifenatura.com\/es\/produto\/floradix-pack-comprimidos-salus\/#breadcrumb","itemListElement":[{"@type":"ListItem","position":1,"name":"In\u00edcio","item":"https:\/\/www.lifenatura.com\/es\/"},{"@type":"ListItem","position":2,"name":"Todos los Productos","item":"https:\/\/www.lifenatura.com\/es\/tienda\/"},{"@type":"ListItem","position":3,"name":"Floradix 3&#215;84 comprimidos &#8211; Salus"}]},{"@type":"WebSite","@id":"https:\/\/www.lifenatura.com\/es\/#website","url":"https:\/\/www.lifenatura.com\/es\/","name":"Lifenatura","description":"A Lifenatura \u00e9 uma loja de produtos naturais, cosm\u00e9tica natural e alimenta\u00e7\u00e3o Biol\u00f3gica.","publisher":{"@id":"https:\/\/www.lifenatura.com\/es\/#organization"},"potentialAction":[{"@type":"SearchAction","target":{"@type":"EntryPoint","urlTemplate":"https:\/\/www.lifenatura.com\/es\/?s={search_term_string}"},"query-input":{"@type":"PropertyValueSpecification","valueRequired":true,"valueName":"search_term_string"}}],"inLanguage":"es"},{"@type":"Organization","@id":"https:\/\/www.lifenatura.com\/es\/#organization","name":"Lifenatura","url":"https:\/\/www.lifenatura.com\/es\/","logo":{"@type":"ImageObject","inLanguage":"es","@id":"https:\/\/www.lifenatura.com\/es\/#\/schema\/logo\/image\/","url":"https:\/\/www.lifenatura.com\/wp-content\/uploads\/2021\/07\/logo.png","contentUrl":"https:\/\/www.lifenatura.com\/wp-content\/uploads\/2021\/07\/logo.png","width":175,"height":55,"caption":"Lifenatura"},"image":{"@id":"https:\/\/www.lifenatura.com\/es\/#\/schema\/logo\/image\/"},"sameAs":["https:\/\/www.facebook.com\/lifenatura","https:\/\/www.instagram.com\/lifenaturapt\/"],"hasMerchantReturnPolicy":{"@type":"MerchantReturnPolicy","merchantReturnLink":"https:\/\/www.lifenatura.com\/termos-condicoes-lifenatura\/"}}]},"product_price_amount":"60.39","product_price_currency":"EUR","og_availability":"instock","product_availability":"instock","product_retailer_item_id":"40041480590188","product_condition":"new"},"df_price":60.39,"df_sale_price":60.38,"df_regular_price":101.19,"df_image_link":"https:\/\/www.lifenatura.com\/wp-content\/uploads\/2025\/10\/floradix-pack-comprimidos-salus-300x300.jpg","_links":{"self":[{"href":"https:\/\/www.lifenatura.com\/es\/wp-json\/wp\/v2\/product\/40939","targetHints":{"allow":["GET"]}}],"collection":[{"href":"https:\/\/www.lifenatura.com\/es\/wp-json\/wp\/v2\/product"}],"about":[{"href":"https:\/\/www.lifenatura.com\/es\/wp-json\/wp\/v2\/types\/product"}],"wp:featuredmedia":[{"embeddable":true,"href":"https:\/\/www.lifenatura.com\/es\/wp-json\/wp\/v2\/media\/119445"}],"wp:attachment":[{"href":"https:\/\/www.lifenatura.com\/es\/wp-json\/wp\/v2\/media?parent=40939"}],"wp:term":[{"taxonomy":"product_brand","embeddable":true,"href":"https:\/\/www.lifenatura.com\/es\/wp-json\/wp\/v2\/product_brand?post=40939"},{"taxonomy":"product_cat","embeddable":true,"href":"https:\/\/www.lifenatura.com\/es\/wp-json\/wp\/v2\/product_cat?post=40939"},{"taxonomy":"product_tag","embeddable":true,"href":"https:\/\/www.lifenatura.com\/es\/wp-json\/wp\/v2\/product_tag?post=40939"}],"curies":[{"name":"wp","href":"https:\/\/api.w.org\/{rel}","templated":true}]}}