{"id":40919,"date":"2021-09-30T10:48:51","date_gmt":"2021-09-30T10:48:51","guid":{"rendered":"https:\/\/lifenatura.dev.agenciagetdigital.com\/produto\/alpenkraft-250-ml-salus\/"},"modified":"2022-08-21T15:20:15","modified_gmt":"2022-08-21T15:20:15","slug":"alpenkraft-250-ml-salus","status":"publish","type":"product","link":"https:\/\/www.lifenatura.com\/es\/produto\/alpenkraft-250-ml-salus\/","title":{"rendered":"Alpenkraft 250 ml &#8211; Salus"},"content":{"rendered":"<h2 style=\"text-align: left\"><strong>Adecuado para resfriados y gripe<\/strong><\/h2>\n<p>&nbsp;<\/p>\n<p>Alpenkraft est\u00e1 indicado para la desinfecci\u00f3n de la mucosa de las v\u00edas a\u00e9reas superiores, para estimular el esputo como profil\u00e1ctico contra la tos, los resfriados, el dolor de garganta, la bronquitis y las infecciones de gripe. Alpenkraft es un t\u00f3nico para el sistema respiratorio, a saber, faringe, laringe y bronquios.<\/p>\n<p>Los aceites esenciales que contiene Alpenkraft previenen el desarrollo de g\u00e9rmenes infecciosos en las membranas mucosas sensibles del tracto respiratorio y, por lo tanto, evitan el riesgo de infecci\u00f3n.<\/p>\n<p>Se reducen las posibilidades de tos, resfriados, ronquera, flema, dolor de garganta, bronquitis y gripe. Alpenkraft permite que el tracto respiratorio se limpie al descargar naturalmente las membranas mucosas.<\/p>\n<p>&nbsp;<\/p>\n<p><strong>PRESENTACI\u00d3N<\/strong><\/p>\n<p>250ml.<\/p>\n<p>&nbsp;<\/p>\n","protected":false},"excerpt":{"rendered":"<p>Indicado para la desinfecci\u00f3n de la mucosa de las v\u00edas a\u00e9reas superiores, para estimular el esputo como profil\u00e1ctico contra la tos. [&#8230;]<\/p>\n<p><a class=\"btn btn-secondary understrap-read-more-link\" href=\"https:\/\/www.lifenatura.com\/es\/produto\/alpenkraft-250-ml-salus\/\">Leer m\u00e1s&#8230;<span class=\"screen-reader-text\"> from Alpenkraft 250 ml &#8211; Salus<\/span><\/a><\/p>\n","protected":false},"featured_media":119377,"template":"","meta":{"_acf_changed":false},"product_brand":[8378],"product_cat":[7231,7179],"product_tag":[],"class_list":{"0":"post-40919","1":"product","2":"type-product","3":"status-publish","4":"has-post-thumbnail","6":"product_brand-salus","7":"product_cat-gripe","8":"product_cat-salud","10":"first","11":"instock","12":"shipping-taxable","13":"purchasable","14":"product-type-simple","15":"add-to-wishlist-before_image"},"acf":[],"yoast_head":"<!-- This site is optimized with the Yoast SEO Premium plugin v27.1 (Yoast SEO v27.3) - https:\/\/yoast.com\/product\/yoast-seo-premium-wordpress\/ -->\n<title>Alpenkraft 250 ml - Salus - Lifenatura<\/title>\n<meta name=\"description\" content=\"Indicado para la desinfecci\u00f3n de la mucosa de las v\u00edas a\u00e9reas superiores, para estimular el esputo como profil\u00e1ctico contra la tos.\" \/>\n<meta name=\"robots\" content=\"index, follow, max-snippet:-1, max-image-preview:large, max-video-preview:-1\" \/>\n<link rel=\"canonical\" href=\"https:\/\/www.lifenatura.com\/es\/produto\/alpenkraft-250-ml-salus\/\" \/>\n<meta property=\"og:locale\" content=\"es_ES\" \/>\n<meta property=\"og:type\" content=\"article\" \/>\n<meta property=\"og:title\" content=\"Alpenkraft 250 ml - Salus - Lifenatura\" \/>\n<meta property=\"og:description\" content=\"Compre aqui o seu Alpenkraft 250 ml - Salus e a Lifenatura Online envia em 48 H com Portes Gratis &gt;35\u20ac de Pedido.\" \/>\n<meta property=\"og:url\" content=\"https:\/\/www.lifenatura.com\/es\/produto\/alpenkraft-250-ml-salus\/\" \/>\n<meta property=\"og:site_name\" content=\"Lifenatura\" \/>\n<meta property=\"article:publisher\" content=\"https:\/\/www.facebook.com\/lifenatura\" \/>\n<meta property=\"article:modified_time\" content=\"2022-08-21T15:20:15+00:00\" \/>\n<meta property=\"og:image\" content=\"https:\/\/www.lifenatura.com\/wp-content\/uploads\/2021\/09\/gd_alpenkraft-250ml-salus.jpg\" \/>\n\t<meta property=\"og:image:width\" content=\"1000\" \/>\n\t<meta property=\"og:image:height\" content=\"1000\" \/>\n\t<meta property=\"og:image:type\" content=\"image\/jpeg\" \/>\n<meta name=\"twitter:card\" content=\"summary_large_image\" \/>\n<meta name=\"twitter:label1\" content=\"Precio\" \/>\n\t<meta name=\"twitter:data1\" content=\"19,81&nbsp;&euro;\" \/>\n\t<meta name=\"twitter:label2\" content=\"Disponibilidad\" \/>\n\t<meta name=\"twitter:data2\" content=\"Disponible\" \/>\n<meta property=\"product:price:amount\" content=\"19.81\" \/>\n<meta property=\"product:price:currency\" content=\"EUR\" \/>\n<meta property=\"og:availability\" content=\"instock\" \/>\n<meta property=\"product:availability\" content=\"instock\" \/>\n<meta property=\"product:retailer_item_id\" content=\"4004148047039\" \/>\n<meta property=\"product:condition\" content=\"new\" \/>\n<!-- \/ Yoast SEO Premium plugin. -->","yoast_head_json":{"title":"Alpenkraft 250 ml - Salus - Lifenatura","description":"Indicado para la desinfecci\u00f3n de la mucosa de las v\u00edas a\u00e9reas superiores, para estimular el esputo como profil\u00e1ctico contra la tos.","robots":{"index":"index","follow":"follow","max-snippet":"max-snippet:-1","max-image-preview":"max-image-preview:large","max-video-preview":"max-video-preview:-1"},"canonical":"https:\/\/www.lifenatura.com\/es\/produto\/alpenkraft-250-ml-salus\/","og_locale":"es_ES","og_type":"article","og_title":"Alpenkraft 250 ml - Salus - Lifenatura","og_description":"Compre aqui o seu Alpenkraft 250 ml - Salus e a Lifenatura Online envia em 48 H com Portes Gratis >35\u20ac de Pedido.","og_url":"https:\/\/www.lifenatura.com\/es\/produto\/alpenkraft-250-ml-salus\/","og_site_name":"Lifenatura","article_publisher":"https:\/\/www.facebook.com\/lifenatura","article_modified_time":"2022-08-21T15:20:15+00:00","og_image":[{"width":1000,"height":1000,"url":"https:\/\/www.lifenatura.com\/wp-content\/uploads\/2021\/09\/gd_alpenkraft-250ml-salus.jpg","type":"image\/jpeg"}],"twitter_card":"summary_large_image","twitter_misc":{"Precio":"19,81&nbsp;&euro;","Disponibilidad":"Disponible"},"schema":{"@context":"https:\/\/schema.org","@graph":[{"@type":"WebPage","@id":"https:\/\/www.lifenatura.com\/es\/produto\/alpenkraft-250-ml-salus\/","url":"https:\/\/www.lifenatura.com\/es\/produto\/alpenkraft-250-ml-salus\/","name":"Alpenkraft 250 ml - Salus - Lifenatura","isPartOf":{"@id":"https:\/\/www.lifenatura.com\/es\/#website"},"primaryImageOfPage":{"@id":"https:\/\/www.lifenatura.com\/es\/produto\/alpenkraft-250-ml-salus\/#primaryimage"},"image":{"@id":"https:\/\/www.lifenatura.com\/es\/produto\/alpenkraft-250-ml-salus\/#primaryimage"},"thumbnailUrl":"https:\/\/www.lifenatura.com\/wp-content\/uploads\/2025\/10\/alpenkraft-250ml-salus.jpg","datePublished":"2021-09-30T10:48:51+00:00","dateModified":"2022-08-21T15:20:15+00:00","description":"Indicado para la desinfecci\u00f3n de la mucosa de las v\u00edas a\u00e9reas superiores, para estimular el esputo como profil\u00e1ctico contra la tos.","breadcrumb":{"@id":"https:\/\/www.lifenatura.com\/es\/produto\/alpenkraft-250-ml-salus\/#breadcrumb"},"inLanguage":"es","potentialAction":[{"@type":"ReadAction","target":["https:\/\/www.lifenatura.com\/es\/produto\/alpenkraft-250-ml-salus\/"]}]},{"@type":"ImageObject","inLanguage":"es","@id":"https:\/\/www.lifenatura.com\/es\/produto\/alpenkraft-250-ml-salus\/#primaryimage","url":"https:\/\/www.lifenatura.com\/wp-content\/uploads\/2025\/10\/alpenkraft-250ml-salus.jpg","contentUrl":"https:\/\/www.lifenatura.com\/wp-content\/uploads\/2025\/10\/alpenkraft-250ml-salus.jpg","width":1000,"height":1000,"caption":"alpenkraft 250lml da marca Salus"},{"@type":"BreadcrumbList","@id":"https:\/\/www.lifenatura.com\/es\/produto\/alpenkraft-250-ml-salus\/#breadcrumb","itemListElement":[{"@type":"ListItem","position":1,"name":"In\u00edcio","item":"https:\/\/www.lifenatura.com\/es\/"},{"@type":"ListItem","position":2,"name":"Todos los Productos","item":"https:\/\/www.lifenatura.com\/es\/tienda\/"},{"@type":"ListItem","position":3,"name":"Alpenkraft 250 ml &#8211; Salus"}]},{"@type":"WebSite","@id":"https:\/\/www.lifenatura.com\/es\/#website","url":"https:\/\/www.lifenatura.com\/es\/","name":"Lifenatura","description":"A Lifenatura \u00e9 uma loja de produtos naturais, cosm\u00e9tica natural e alimenta\u00e7\u00e3o Biol\u00f3gica.","publisher":{"@id":"https:\/\/www.lifenatura.com\/es\/#organization"},"potentialAction":[{"@type":"SearchAction","target":{"@type":"EntryPoint","urlTemplate":"https:\/\/www.lifenatura.com\/es\/?s={search_term_string}"},"query-input":{"@type":"PropertyValueSpecification","valueRequired":true,"valueName":"search_term_string"}}],"inLanguage":"es"},{"@type":"Organization","@id":"https:\/\/www.lifenatura.com\/es\/#organization","name":"Lifenatura","url":"https:\/\/www.lifenatura.com\/es\/","logo":{"@type":"ImageObject","inLanguage":"es","@id":"https:\/\/www.lifenatura.com\/es\/#\/schema\/logo\/image\/","url":"https:\/\/www.lifenatura.com\/wp-content\/uploads\/2021\/11\/logo.png","contentUrl":"https:\/\/www.lifenatura.com\/wp-content\/uploads\/2021\/11\/logo.png","width":175,"height":55,"caption":"Lifenatura"},"image":{"@id":"https:\/\/www.lifenatura.com\/es\/#\/schema\/logo\/image\/"},"sameAs":["https:\/\/www.facebook.com\/lifenatura","https:\/\/www.instagram.com\/lifenaturapt\/"]}]},"product_price_amount":"19.81","product_price_currency":"EUR","og_availability":"instock","product_availability":"instock","product_retailer_item_id":"4004148047039","product_condition":"new"},"df_price":19.81,"df_sale_price":"","df_regular_price":19.81,"df_image_link":"https:\/\/www.lifenatura.com\/wp-content\/uploads\/2025\/10\/alpenkraft-250ml-salus-300x300.jpg","_links":{"self":[{"href":"https:\/\/www.lifenatura.com\/es\/wp-json\/wp\/v2\/product\/40919","targetHints":{"allow":["GET"]}}],"collection":[{"href":"https:\/\/www.lifenatura.com\/es\/wp-json\/wp\/v2\/product"}],"about":[{"href":"https:\/\/www.lifenatura.com\/es\/wp-json\/wp\/v2\/types\/product"}],"wp:featuredmedia":[{"embeddable":true,"href":"https:\/\/www.lifenatura.com\/es\/wp-json\/wp\/v2\/media\/119377"}],"wp:attachment":[{"href":"https:\/\/www.lifenatura.com\/es\/wp-json\/wp\/v2\/media?parent=40919"}],"wp:term":[{"taxonomy":"product_brand","embeddable":true,"href":"https:\/\/www.lifenatura.com\/es\/wp-json\/wp\/v2\/product_brand?post=40919"},{"taxonomy":"product_cat","embeddable":true,"href":"https:\/\/www.lifenatura.com\/es\/wp-json\/wp\/v2\/product_cat?post=40919"},{"taxonomy":"product_tag","embeddable":true,"href":"https:\/\/www.lifenatura.com\/es\/wp-json\/wp\/v2\/product_tag?post=40919"}],"curies":[{"name":"wp","href":"https:\/\/api.w.org\/{rel}","templated":true}]}}