{"id":40918,"date":"2021-09-30T10:48:51","date_gmt":"2021-09-30T10:48:51","guid":{"rendered":"https:\/\/lifenatura.dev.agenciagetdigital.com\/produto\/alcachofa-bio-200-ml-salus\/"},"modified":"2022-08-21T15:20:14","modified_gmt":"2022-08-21T15:20:14","slug":"alcachofa-bio-200-ml-salus","status":"publish","type":"product","link":"https:\/\/www.lifenatura.com\/es\/produto\/alcachofa-bio-200-ml-salus\/","title":{"rendered":"Alcachofa Bio 200 ml &#8211; Salus"},"content":{"rendered":"<h2 style=\"text-align: left\"><strong>Zumo de Alcachofa Natural<\/strong><\/h2>\n<p>&nbsp;<\/p>\n<p>El concentrado de alcachofa es un importante complemento alimenticio para la prevenci\u00f3n de la litiasis renal. La alcachofa es una planta originaria del norte de \u00c1frica, que se cultiva en los suelos ricos y arcillosos de la regi\u00f3n mediterr\u00e1nea.<\/p>\n<p>De sus componentes, la canela, los \u00e1cidos arom\u00e1ticos y los flavonoides son responsables de la acci\u00f3n coler\u00e9tica y hepatoprotectora. La alcachofa es ampliamente utilizada en trastornos digestivos, mal funcionamiento de la ves\u00edcula biliar y trastornos hep\u00e1ticos.<\/p>\n<p>Debido a su acci\u00f3n diur\u00e9tica, tambi\u00e9n se usa en situaciones de edema, cistitis, hiperuricemia y como purificador.<\/p>\n<p>&nbsp;<\/p>\n<p><strong>PRESENTACI\u00d3N<\/strong><\/p>\n<p>200ml.<\/p>\n<p>&nbsp;<\/p>\n","protected":false},"excerpt":{"rendered":"<p>El concentrado de alcachofa es un importante complemento alimenticio para la prevenci\u00f3n de la litiasis renal. [&#8230;]<\/p>\n<p><a class=\"btn btn-secondary understrap-read-more-link\" href=\"https:\/\/www.lifenatura.com\/es\/produto\/alcachofa-bio-200-ml-salus\/\">Leer m\u00e1s&#8230;<span class=\"screen-reader-text\"> from Alcachofa Bio 200 ml &#8211; Salus<\/span><\/a><\/p>\n","protected":false},"featured_media":119371,"template":"","meta":{"_acf_changed":false},"product_brand":[8378],"product_cat":[7145,7254,7659,7179],"product_tag":[],"class_list":{"0":"post-40918","1":"product","2":"type-product","3":"status-publish","4":"has-post-thumbnail","6":"product_brand-salus","7":"product_cat-alcachofa","8":"product_cat-higado-vesicula","9":"product_cat-ingrediente-natural-bio","10":"product_cat-salud","12":"first","13":"instock","14":"shipping-taxable","15":"purchasable","16":"product-type-simple","17":"add-to-wishlist-before_image"},"acf":[],"yoast_head":"<!-- This site is optimized with the Yoast SEO Premium plugin v27.1 (Yoast SEO v27.3) - https:\/\/yoast.com\/product\/yoast-seo-premium-wordpress\/ -->\n<title>Alcachofa Bio 200 ml - Salus - Lifenatura<\/title>\n<meta name=\"description\" content=\"El concentrado de alcachofa es un importante complemento alimenticio para la prevenci\u00f3n de la litiasis renal.\" \/>\n<meta name=\"robots\" content=\"index, follow, max-snippet:-1, max-image-preview:large, max-video-preview:-1\" \/>\n<link rel=\"canonical\" href=\"https:\/\/www.lifenatura.com\/es\/produto\/alcachofa-bio-200-ml-salus\/\" \/>\n<meta property=\"og:locale\" content=\"es_ES\" \/>\n<meta property=\"og:type\" content=\"article\" \/>\n<meta property=\"og:title\" content=\"Alcachofa Bio 200 ml - Salus - Lifenatura\" \/>\n<meta property=\"og:description\" content=\"Compre aqui o seu Alcachofa Bio 200 ml - Salus e a Lifenatura Online envia em 48 H com Portes Gratis &gt;35\u20ac de Pedido.\" \/>\n<meta property=\"og:url\" content=\"https:\/\/www.lifenatura.com\/es\/produto\/alcachofa-bio-200-ml-salus\/\" \/>\n<meta property=\"og:site_name\" content=\"Lifenatura\" \/>\n<meta property=\"article:publisher\" content=\"https:\/\/www.facebook.com\/lifenatura\" \/>\n<meta property=\"article:modified_time\" content=\"2022-08-21T15:20:14+00:00\" \/>\n<meta property=\"og:image\" content=\"https:\/\/www.lifenatura.com\/wp-content\/uploads\/2021\/09\/gd_alcachofra-bio-200-ml-salus.jpg\" \/>\n\t<meta property=\"og:image:width\" content=\"1000\" \/>\n\t<meta property=\"og:image:height\" content=\"1000\" \/>\n\t<meta property=\"og:image:type\" content=\"image\/jpeg\" \/>\n<meta name=\"twitter:card\" content=\"summary_large_image\" \/>\n<meta name=\"twitter:label1\" content=\"Precio\" \/>\n\t<meta name=\"twitter:data1\" content=\"13,60&nbsp;&euro;\" \/>\n\t<meta name=\"twitter:label2\" content=\"Disponibilidad\" \/>\n\t<meta name=\"twitter:data2\" content=\"Disponible\" \/>\n<meta property=\"product:price:amount\" content=\"13.60\" \/>\n<meta property=\"product:price:currency\" content=\"EUR\" \/>\n<meta property=\"og:availability\" content=\"instock\" \/>\n<meta property=\"product:availability\" content=\"instock\" \/>\n<meta property=\"product:retailer_item_id\" content=\"4006309024453\" \/>\n<meta property=\"product:condition\" content=\"new\" \/>\n<!-- \/ Yoast SEO Premium plugin. -->","yoast_head_json":{"title":"Alcachofa Bio 200 ml - Salus - Lifenatura","description":"El concentrado de alcachofa es un importante complemento alimenticio para la prevenci\u00f3n de la litiasis renal.","robots":{"index":"index","follow":"follow","max-snippet":"max-snippet:-1","max-image-preview":"max-image-preview:large","max-video-preview":"max-video-preview:-1"},"canonical":"https:\/\/www.lifenatura.com\/es\/produto\/alcachofa-bio-200-ml-salus\/","og_locale":"es_ES","og_type":"article","og_title":"Alcachofa Bio 200 ml - Salus - Lifenatura","og_description":"Compre aqui o seu Alcachofa Bio 200 ml - Salus e a Lifenatura Online envia em 48 H com Portes Gratis >35\u20ac de Pedido.","og_url":"https:\/\/www.lifenatura.com\/es\/produto\/alcachofa-bio-200-ml-salus\/","og_site_name":"Lifenatura","article_publisher":"https:\/\/www.facebook.com\/lifenatura","article_modified_time":"2022-08-21T15:20:14+00:00","og_image":[{"width":1000,"height":1000,"url":"https:\/\/www.lifenatura.com\/wp-content\/uploads\/2021\/09\/gd_alcachofra-bio-200-ml-salus.jpg","type":"image\/jpeg"}],"twitter_card":"summary_large_image","twitter_misc":{"Precio":"13,60&nbsp;&euro;","Disponibilidad":"Disponible"},"schema":{"@context":"https:\/\/schema.org","@graph":[{"@type":"WebPage","@id":"https:\/\/www.lifenatura.com\/es\/produto\/alcachofa-bio-200-ml-salus\/","url":"https:\/\/www.lifenatura.com\/es\/produto\/alcachofa-bio-200-ml-salus\/","name":"Alcachofa Bio 200 ml - Salus - Lifenatura","isPartOf":{"@id":"https:\/\/www.lifenatura.com\/es\/#website"},"primaryImageOfPage":{"@id":"https:\/\/www.lifenatura.com\/es\/produto\/alcachofa-bio-200-ml-salus\/#primaryimage"},"image":{"@id":"https:\/\/www.lifenatura.com\/es\/produto\/alcachofa-bio-200-ml-salus\/#primaryimage"},"thumbnailUrl":"https:\/\/www.lifenatura.com\/wp-content\/uploads\/2025\/10\/alcachofra-sumo-salus.jpg","datePublished":"2021-09-30T10:48:51+00:00","dateModified":"2022-08-21T15:20:14+00:00","description":"El concentrado de alcachofa es un importante complemento alimenticio para la prevenci\u00f3n de la litiasis renal.","breadcrumb":{"@id":"https:\/\/www.lifenatura.com\/es\/produto\/alcachofa-bio-200-ml-salus\/#breadcrumb"},"inLanguage":"es","potentialAction":[{"@type":"ReadAction","target":["https:\/\/www.lifenatura.com\/es\/produto\/alcachofa-bio-200-ml-salus\/"]}]},{"@type":"ImageObject","inLanguage":"es","@id":"https:\/\/www.lifenatura.com\/es\/produto\/alcachofa-bio-200-ml-salus\/#primaryimage","url":"https:\/\/www.lifenatura.com\/wp-content\/uploads\/2025\/10\/alcachofra-sumo-salus.jpg","contentUrl":"https:\/\/www.lifenatura.com\/wp-content\/uploads\/2025\/10\/alcachofra-sumo-salus.jpg","width":1000,"height":1000,"caption":"Sumo de Alcachofra da marca Salus"},{"@type":"BreadcrumbList","@id":"https:\/\/www.lifenatura.com\/es\/produto\/alcachofa-bio-200-ml-salus\/#breadcrumb","itemListElement":[{"@type":"ListItem","position":1,"name":"In\u00edcio","item":"https:\/\/www.lifenatura.com\/es\/"},{"@type":"ListItem","position":2,"name":"Todos los Productos","item":"https:\/\/www.lifenatura.com\/es\/tienda\/"},{"@type":"ListItem","position":3,"name":"Alcachofa Bio 200 ml &#8211; Salus"}]},{"@type":"WebSite","@id":"https:\/\/www.lifenatura.com\/es\/#website","url":"https:\/\/www.lifenatura.com\/es\/","name":"Lifenatura","description":"A Lifenatura \u00e9 uma loja de produtos naturais, cosm\u00e9tica natural e alimenta\u00e7\u00e3o Biol\u00f3gica.","publisher":{"@id":"https:\/\/www.lifenatura.com\/es\/#organization"},"potentialAction":[{"@type":"SearchAction","target":{"@type":"EntryPoint","urlTemplate":"https:\/\/www.lifenatura.com\/es\/?s={search_term_string}"},"query-input":{"@type":"PropertyValueSpecification","valueRequired":true,"valueName":"search_term_string"}}],"inLanguage":"es"},{"@type":"Organization","@id":"https:\/\/www.lifenatura.com\/es\/#organization","name":"Lifenatura","url":"https:\/\/www.lifenatura.com\/es\/","logo":{"@type":"ImageObject","inLanguage":"es","@id":"https:\/\/www.lifenatura.com\/es\/#\/schema\/logo\/image\/","url":"https:\/\/www.lifenatura.com\/wp-content\/uploads\/2021\/11\/logo.png","contentUrl":"https:\/\/www.lifenatura.com\/wp-content\/uploads\/2021\/11\/logo.png","width":175,"height":55,"caption":"Lifenatura"},"image":{"@id":"https:\/\/www.lifenatura.com\/es\/#\/schema\/logo\/image\/"},"sameAs":["https:\/\/www.facebook.com\/lifenatura","https:\/\/www.instagram.com\/lifenaturapt\/"]}]},"product_price_amount":"13.60","product_price_currency":"EUR","og_availability":"instock","product_availability":"instock","product_retailer_item_id":"4006309024453","product_condition":"new"},"df_price":13.6,"df_sale_price":"","df_regular_price":13.6,"df_image_link":"https:\/\/www.lifenatura.com\/wp-content\/uploads\/2025\/10\/alcachofra-sumo-salus-300x300.jpg","_links":{"self":[{"href":"https:\/\/www.lifenatura.com\/es\/wp-json\/wp\/v2\/product\/40918","targetHints":{"allow":["GET"]}}],"collection":[{"href":"https:\/\/www.lifenatura.com\/es\/wp-json\/wp\/v2\/product"}],"about":[{"href":"https:\/\/www.lifenatura.com\/es\/wp-json\/wp\/v2\/types\/product"}],"wp:featuredmedia":[{"embeddable":true,"href":"https:\/\/www.lifenatura.com\/es\/wp-json\/wp\/v2\/media\/119371"}],"wp:attachment":[{"href":"https:\/\/www.lifenatura.com\/es\/wp-json\/wp\/v2\/media?parent=40918"}],"wp:term":[{"taxonomy":"product_brand","embeddable":true,"href":"https:\/\/www.lifenatura.com\/es\/wp-json\/wp\/v2\/product_brand?post=40918"},{"taxonomy":"product_cat","embeddable":true,"href":"https:\/\/www.lifenatura.com\/es\/wp-json\/wp\/v2\/product_cat?post=40918"},{"taxonomy":"product_tag","embeddable":true,"href":"https:\/\/www.lifenatura.com\/es\/wp-json\/wp\/v2\/product_tag?post=40918"}],"curies":[{"name":"wp","href":"https:\/\/api.w.org\/{rel}","templated":true}]}}