{"id":40856,"date":"2021-09-30T10:47:47","date_gmt":"2021-09-30T10:47:47","guid":{"rendered":"https:\/\/lifenatura.dev.agenciagetdigital.com\/produto\/reumadol-forte-60-comprimidos-farmodietica\/"},"modified":"2025-02-02T00:04:10","modified_gmt":"2025-02-02T00:04:10","slug":"reumadol-forte-60-comprimidos-farmodietica","status":"publish","type":"product","link":"https:\/\/www.lifenatura.com\/es\/produto\/reumadol-forte-60-comprimidos-farmodietica\/","title":{"rendered":"Reumadol Forte 60 comprimidos &#8211; Farmodi\u00e9tica"},"content":{"rendered":"<h2><strong>Reumadol Forte con glucosamina y condroitina para el alivio del dolor articular<\/strong><\/h2>\n<p>&nbsp;<\/p>\n<p>Reumadol\u00ae Forte es un complemento alimenticio con una f\u00f3rmula especialmente dise\u00f1ada para promover la salud de los cart\u00edlagos y las articulaciones. Contiene sustancias cuidadosamente seleccionadas como glucosamina, condroitina, metilsulfonilmetano (MSM), col\u00e1geno, \u00e1cido hialur\u00f3nico, silicio, quercetina, un alto contenido en vitamina C y manganeso.<\/p>\n<p>Reumadol Forte es un complemento alimenticio que contiene un complejo de glucosamina de r\u00e1pida absorci\u00f3n, condroitina de r\u00e1pida absorci\u00f3n, metilsulfonilmetano (MSM), col\u00e1geno, \u00e1cido hialur\u00f3nico, silicio, quercetina, vitamina C y manganeso.<\/p>\n<p>Los 3 principales beneficios de Reumadol Forte:<\/p>\n<ul>\n<li><strong>Alivio del dolor articular y muscular:<\/strong> Est\u00e1 formulado para proporcionar un alivio inmediato del dolor asociado a problemas articulares y musculares. Su combinaci\u00f3n de ingredientes activos ayuda a reducir la inflamaci\u00f3n de las articulaciones y los m\u00fasculos, aliviando las molestias y mejorando la movilidad.<\/li>\n<li><strong>Reduce la inflamaci\u00f3n:<\/strong> Los componentes antiinflamatorios de Reumadol Forte ayudan a reducir la inflamaci\u00f3n de las articulaciones, disminuyendo la hinchaz\u00f3n y la rigidez. Esto permite una mayor flexibilidad y comodidad durante las actividades diarias.<\/li>\n<li><strong>Mejora la movilidad articular<\/strong>: Al reducir el dolor y la inflamaci\u00f3n, Reumadol Forte ayuda a mejorar la movilidad articular, permitiendo movimientos m\u00e1s fluidos y sin restricciones. Esto es especialmente beneficioso para las personas que sufren de enfermedades como la artritis reumatoide y la osteoartritis.<\/li>\n<\/ul>\n<p><strong>PRESENTACI\u00d3N<\/strong><\/p>\n<p>60 comprimidos.<\/p>\n<p>&nbsp;<\/p>\n","protected":false},"excerpt":{"rendered":"<p>Suplemento alimenticio que contribuye al funcionamiento normal de los cart\u00edlagos y los huesos. Contiene un complejo de glucosamina de r\u00e1pida absorci\u00f3n. [&#8230;]<\/p>\n<p><a class=\"btn btn-secondary understrap-read-more-link\" href=\"https:\/\/www.lifenatura.com\/es\/produto\/reumadol-forte-60-comprimidos-farmodietica\/\">Leer m\u00e1s&#8230;<span class=\"screen-reader-text\"> from Reumadol Forte 60 comprimidos &#8211; Farmodi\u00e9tica<\/span><\/a><\/p>\n","protected":false},"featured_media":131459,"template":"","meta":{"_acf_changed":false},"product_brand":[8400],"product_cat":[7205,7713,7659,7179],"product_tag":[8699],"class_list":{"0":"post-40856","1":"product","2":"type-product","3":"status-publish","4":"has-post-thumbnail","6":"product_brand-reumadol","7":"product_cat-articulaciones","8":"product_cat-glucosamina-es","9":"product_cat-ingrediente-natural-bio","10":"product_cat-salud","11":"product_tag-farmodietica","13":"first","14":"instock","15":"sale","16":"featured","17":"shipping-taxable","18":"purchasable","19":"product-type-simple","20":"add-to-wishlist-before_image"},"acf":[],"yoast_head":"<!-- This site is optimized with the Yoast SEO Premium plugin v27.1 (Yoast SEO v27.5) - https:\/\/yoast.com\/product\/yoast-seo-premium-wordpress\/ -->\n<title>Reumadol Forte 60 comprimidos - Farmodi\u00e9tica - Na Lifenatura ao Melhor Pre\u00e7o | Envio em 48h<\/title>\n<meta name=\"description\" content=\"Reumadol Forte un complemento alimenticio con una f\u00f3rmula especialmente dise\u00f1ada para favorecer el bienestar del cart\u00edlago y la salud de las articulaciones.\" \/>\n<meta name=\"robots\" content=\"index, follow, max-snippet:-1, max-image-preview:large, max-video-preview:-1\" \/>\n<link rel=\"canonical\" href=\"https:\/\/www.lifenatura.com\/es\/produto\/reumadol-forte-60-comprimidos-farmodietica\/\" \/>\n<meta property=\"og:locale\" content=\"es_ES\" \/>\n<meta property=\"og:type\" content=\"article\" \/>\n<meta property=\"og:title\" content=\"Reumadol Forte 60 comprimidos - Farmodi\u00e9tica - Na Lifenatura ao Melhor Pre\u00e7o | Envio 48h\" \/>\n<meta property=\"og:description\" content=\"Compre Reumadol Forte 60 comprimidos - Farmodi\u00e9tica com envio r\u00e1pido. Entrega em 48h e portes gr\u00e1tis em compras &gt;35\u20ac. Aproveite j\u00e1 na Lifenatura\" \/>\n<meta property=\"og:url\" content=\"https:\/\/www.lifenatura.com\/es\/produto\/reumadol-forte-60-comprimidos-farmodietica\/\" \/>\n<meta property=\"og:site_name\" content=\"Lifenatura\" \/>\n<meta property=\"article:publisher\" content=\"https:\/\/www.facebook.com\/lifenatura\" \/>\n<meta property=\"article:modified_time\" content=\"2025-02-02T00:04:10+00:00\" \/>\n<meta property=\"og:image\" content=\"https:\/\/www.lifenatura.com\/wp-content\/uploads\/2026\/03\/3d-reumadolforte.png\" \/>\n\t<meta property=\"og:image:width\" content=\"2268\" \/>\n\t<meta property=\"og:image:height\" content=\"2268\" \/>\n\t<meta property=\"og:image:type\" content=\"image\/png\" \/>\n<meta name=\"twitter:card\" content=\"summary_large_image\" \/>\n<meta name=\"twitter:label1\" content=\"Precio\" \/>\n\t<meta name=\"twitter:data1\" content=\"26,34&nbsp;&euro;\" \/>\n\t<meta name=\"twitter:label2\" content=\"Disponibilidad\" \/>\n\t<meta name=\"twitter:data2\" content=\"Disponible\" \/>\n<script type=\"application\/ld+json\" class=\"yoast-schema-graph\">{\"@context\":\"https:\\\/\\\/schema.org\",\"@graph\":[{\"@type\":\"WebPage\",\"@id\":\"https:\\\/\\\/www.lifenatura.com\\\/es\\\/produto\\\/reumadol-forte-60-comprimidos-farmodietica\\\/\",\"url\":\"https:\\\/\\\/www.lifenatura.com\\\/es\\\/produto\\\/reumadol-forte-60-comprimidos-farmodietica\\\/\",\"name\":\"Reumadol Forte 60 comprimidos - Farmodi\u00e9tica - Na Lifenatura ao Melhor Pre\u00e7o | Envio em 48h\",\"isPartOf\":{\"@id\":\"https:\\\/\\\/www.lifenatura.com\\\/es\\\/#website\"},\"primaryImageOfPage\":{\"@id\":\"https:\\\/\\\/www.lifenatura.com\\\/es\\\/produto\\\/reumadol-forte-60-comprimidos-farmodietica\\\/#primaryimage\"},\"image\":{\"@id\":\"https:\\\/\\\/www.lifenatura.com\\\/es\\\/produto\\\/reumadol-forte-60-comprimidos-farmodietica\\\/#primaryimage\"},\"thumbnailUrl\":\"https:\\\/\\\/www.lifenatura.com\\\/wp-content\\\/uploads\\\/2026\\\/03\\\/3d-reumadolforte.png\",\"datePublished\":\"2021-09-30T10:47:47+00:00\",\"dateModified\":\"2025-02-02T00:04:10+00:00\",\"description\":\"Reumadol Forte un complemento alimenticio con una f\u00f3rmula especialmente dise\u00f1ada para favorecer el bienestar del cart\u00edlago y la salud de las articulaciones.\",\"breadcrumb\":{\"@id\":\"https:\\\/\\\/www.lifenatura.com\\\/es\\\/produto\\\/reumadol-forte-60-comprimidos-farmodietica\\\/#breadcrumb\"},\"inLanguage\":\"es\",\"potentialAction\":[{\"@type\":\"ReadAction\",\"target\":[\"https:\\\/\\\/www.lifenatura.com\\\/es\\\/produto\\\/reumadol-forte-60-comprimidos-farmodietica\\\/\"]}]},{\"@type\":\"ImageObject\",\"inLanguage\":\"es\",\"@id\":\"https:\\\/\\\/www.lifenatura.com\\\/es\\\/produto\\\/reumadol-forte-60-comprimidos-farmodietica\\\/#primaryimage\",\"url\":\"https:\\\/\\\/www.lifenatura.com\\\/wp-content\\\/uploads\\\/2026\\\/03\\\/3d-reumadolforte.png\",\"contentUrl\":\"https:\\\/\\\/www.lifenatura.com\\\/wp-content\\\/uploads\\\/2026\\\/03\\\/3d-reumadolforte.png\",\"width\":2268,\"height\":2268},{\"@type\":\"BreadcrumbList\",\"@id\":\"https:\\\/\\\/www.lifenatura.com\\\/es\\\/produto\\\/reumadol-forte-60-comprimidos-farmodietica\\\/#breadcrumb\",\"itemListElement\":[{\"@type\":\"ListItem\",\"position\":1,\"name\":\"In\u00edcio\",\"item\":\"https:\\\/\\\/www.lifenatura.com\\\/es\\\/\"},{\"@type\":\"ListItem\",\"position\":2,\"name\":\"Todos los Productos\",\"item\":\"https:\\\/\\\/www.lifenatura.com\\\/es\\\/tienda\\\/\"},{\"@type\":\"ListItem\",\"position\":3,\"name\":\"Reumadol Forte 60 comprimidos &#8211; Farmodi\u00e9tica\"}]},{\"@type\":\"WebSite\",\"@id\":\"https:\\\/\\\/www.lifenatura.com\\\/es\\\/#website\",\"url\":\"https:\\\/\\\/www.lifenatura.com\\\/es\\\/\",\"name\":\"Lifenatura\",\"description\":\"A Lifenatura \u00e9 uma loja de produtos naturais, cosm\u00e9tica natural e alimenta\u00e7\u00e3o Biol\u00f3gica.\",\"publisher\":{\"@id\":\"https:\\\/\\\/www.lifenatura.com\\\/es\\\/#organization\"},\"potentialAction\":[{\"@type\":\"SearchAction\",\"target\":{\"@type\":\"EntryPoint\",\"urlTemplate\":\"https:\\\/\\\/www.lifenatura.com\\\/es\\\/?s={search_term_string}\"},\"query-input\":{\"@type\":\"PropertyValueSpecification\",\"valueRequired\":true,\"valueName\":\"search_term_string\"}}],\"inLanguage\":\"es\"},{\"@type\":\"Organization\",\"@id\":\"https:\\\/\\\/www.lifenatura.com\\\/es\\\/#organization\",\"name\":\"Lifenatura\",\"url\":\"https:\\\/\\\/www.lifenatura.com\\\/es\\\/\",\"logo\":{\"@type\":\"ImageObject\",\"inLanguage\":\"es\",\"@id\":\"https:\\\/\\\/www.lifenatura.com\\\/es\\\/#\\\/schema\\\/logo\\\/image\\\/\",\"url\":\"https:\\\/\\\/www.lifenatura.com\\\/wp-content\\\/uploads\\\/2021\\\/07\\\/logo.png\",\"contentUrl\":\"https:\\\/\\\/www.lifenatura.com\\\/wp-content\\\/uploads\\\/2021\\\/07\\\/logo.png\",\"width\":175,\"height\":55,\"caption\":\"Lifenatura\"},\"image\":{\"@id\":\"https:\\\/\\\/www.lifenatura.com\\\/es\\\/#\\\/schema\\\/logo\\\/image\\\/\"},\"sameAs\":[\"https:\\\/\\\/www.facebook.com\\\/lifenatura\",\"https:\\\/\\\/www.instagram.com\\\/lifenaturapt\\\/\"],\"hasMerchantReturnPolicy\":{\"@type\":\"MerchantReturnPolicy\",\"merchantReturnLink\":\"https:\\\/\\\/www.lifenatura.com\\\/termos-condicoes-lifenatura\\\/\"}}]}<\/script>\n<meta property=\"product:price:amount\" content=\"26.34\" \/>\n<meta property=\"product:price:currency\" content=\"EUR\" \/>\n<meta property=\"og:availability\" content=\"instock\" \/>\n<meta property=\"product:availability\" content=\"instock\" \/>\n<meta property=\"product:retailer_item_id\" content=\"5601653012386\" \/>\n<meta property=\"product:condition\" content=\"new\" \/>\n<!-- \/ Yoast SEO Premium plugin. -->","yoast_head_json":{"title":"Reumadol Forte 60 comprimidos - Farmodi\u00e9tica - Na Lifenatura ao Melhor Pre\u00e7o | Envio em 48h","description":"Reumadol Forte un complemento alimenticio con una f\u00f3rmula especialmente dise\u00f1ada para favorecer el bienestar del cart\u00edlago y la salud de las articulaciones.","robots":{"index":"index","follow":"follow","max-snippet":"max-snippet:-1","max-image-preview":"max-image-preview:large","max-video-preview":"max-video-preview:-1"},"canonical":"https:\/\/www.lifenatura.com\/es\/produto\/reumadol-forte-60-comprimidos-farmodietica\/","og_locale":"es_ES","og_type":"article","og_title":"Reumadol Forte 60 comprimidos - Farmodi\u00e9tica - Na Lifenatura ao Melhor Pre\u00e7o | Envio 48h","og_description":"Compre Reumadol Forte 60 comprimidos - Farmodi\u00e9tica com envio r\u00e1pido. Entrega em 48h e portes gr\u00e1tis em compras >35\u20ac. Aproveite j\u00e1 na Lifenatura","og_url":"https:\/\/www.lifenatura.com\/es\/produto\/reumadol-forte-60-comprimidos-farmodietica\/","og_site_name":"Lifenatura","article_publisher":"https:\/\/www.facebook.com\/lifenatura","article_modified_time":"2025-02-02T00:04:10+00:00","og_image":[{"width":2268,"height":2268,"url":"https:\/\/www.lifenatura.com\/wp-content\/uploads\/2026\/03\/3d-reumadolforte.png","type":"image\/png"}],"twitter_card":"summary_large_image","twitter_misc":{"Precio":"26,34&nbsp;&euro;","Disponibilidad":"Disponible"},"schema":{"@context":"https:\/\/schema.org","@graph":[{"@type":"WebPage","@id":"https:\/\/www.lifenatura.com\/es\/produto\/reumadol-forte-60-comprimidos-farmodietica\/","url":"https:\/\/www.lifenatura.com\/es\/produto\/reumadol-forte-60-comprimidos-farmodietica\/","name":"Reumadol Forte 60 comprimidos - Farmodi\u00e9tica - Na Lifenatura ao Melhor Pre\u00e7o | Envio em 48h","isPartOf":{"@id":"https:\/\/www.lifenatura.com\/es\/#website"},"primaryImageOfPage":{"@id":"https:\/\/www.lifenatura.com\/es\/produto\/reumadol-forte-60-comprimidos-farmodietica\/#primaryimage"},"image":{"@id":"https:\/\/www.lifenatura.com\/es\/produto\/reumadol-forte-60-comprimidos-farmodietica\/#primaryimage"},"thumbnailUrl":"https:\/\/www.lifenatura.com\/wp-content\/uploads\/2026\/03\/3d-reumadolforte.png","datePublished":"2021-09-30T10:47:47+00:00","dateModified":"2025-02-02T00:04:10+00:00","description":"Reumadol Forte un complemento alimenticio con una f\u00f3rmula especialmente dise\u00f1ada para favorecer el bienestar del cart\u00edlago y la salud de las articulaciones.","breadcrumb":{"@id":"https:\/\/www.lifenatura.com\/es\/produto\/reumadol-forte-60-comprimidos-farmodietica\/#breadcrumb"},"inLanguage":"es","potentialAction":[{"@type":"ReadAction","target":["https:\/\/www.lifenatura.com\/es\/produto\/reumadol-forte-60-comprimidos-farmodietica\/"]}]},{"@type":"ImageObject","inLanguage":"es","@id":"https:\/\/www.lifenatura.com\/es\/produto\/reumadol-forte-60-comprimidos-farmodietica\/#primaryimage","url":"https:\/\/www.lifenatura.com\/wp-content\/uploads\/2026\/03\/3d-reumadolforte.png","contentUrl":"https:\/\/www.lifenatura.com\/wp-content\/uploads\/2026\/03\/3d-reumadolforte.png","width":2268,"height":2268},{"@type":"BreadcrumbList","@id":"https:\/\/www.lifenatura.com\/es\/produto\/reumadol-forte-60-comprimidos-farmodietica\/#breadcrumb","itemListElement":[{"@type":"ListItem","position":1,"name":"In\u00edcio","item":"https:\/\/www.lifenatura.com\/es\/"},{"@type":"ListItem","position":2,"name":"Todos los Productos","item":"https:\/\/www.lifenatura.com\/es\/tienda\/"},{"@type":"ListItem","position":3,"name":"Reumadol Forte 60 comprimidos &#8211; Farmodi\u00e9tica"}]},{"@type":"WebSite","@id":"https:\/\/www.lifenatura.com\/es\/#website","url":"https:\/\/www.lifenatura.com\/es\/","name":"Lifenatura","description":"A Lifenatura \u00e9 uma loja de produtos naturais, cosm\u00e9tica natural e alimenta\u00e7\u00e3o Biol\u00f3gica.","publisher":{"@id":"https:\/\/www.lifenatura.com\/es\/#organization"},"potentialAction":[{"@type":"SearchAction","target":{"@type":"EntryPoint","urlTemplate":"https:\/\/www.lifenatura.com\/es\/?s={search_term_string}"},"query-input":{"@type":"PropertyValueSpecification","valueRequired":true,"valueName":"search_term_string"}}],"inLanguage":"es"},{"@type":"Organization","@id":"https:\/\/www.lifenatura.com\/es\/#organization","name":"Lifenatura","url":"https:\/\/www.lifenatura.com\/es\/","logo":{"@type":"ImageObject","inLanguage":"es","@id":"https:\/\/www.lifenatura.com\/es\/#\/schema\/logo\/image\/","url":"https:\/\/www.lifenatura.com\/wp-content\/uploads\/2021\/07\/logo.png","contentUrl":"https:\/\/www.lifenatura.com\/wp-content\/uploads\/2021\/07\/logo.png","width":175,"height":55,"caption":"Lifenatura"},"image":{"@id":"https:\/\/www.lifenatura.com\/es\/#\/schema\/logo\/image\/"},"sameAs":["https:\/\/www.facebook.com\/lifenatura","https:\/\/www.instagram.com\/lifenaturapt\/"],"hasMerchantReturnPolicy":{"@type":"MerchantReturnPolicy","merchantReturnLink":"https:\/\/www.lifenatura.com\/termos-condicoes-lifenatura\/"}}]},"product_price_amount":"26.34","product_price_currency":"EUR","og_availability":"instock","product_availability":"instock","product_retailer_item_id":"5601653012386","product_condition":"new"},"df_price":26.34,"df_sale_price":26.34,"df_regular_price":47.89,"df_image_link":"https:\/\/www.lifenatura.com\/wp-content\/uploads\/2026\/03\/3d-reumadolforte-300x300.png","_links":{"self":[{"href":"https:\/\/www.lifenatura.com\/es\/wp-json\/wp\/v2\/product\/40856","targetHints":{"allow":["GET"]}}],"collection":[{"href":"https:\/\/www.lifenatura.com\/es\/wp-json\/wp\/v2\/product"}],"about":[{"href":"https:\/\/www.lifenatura.com\/es\/wp-json\/wp\/v2\/types\/product"}],"wp:featuredmedia":[{"embeddable":true,"href":"https:\/\/www.lifenatura.com\/es\/wp-json\/wp\/v2\/media\/131459"}],"wp:attachment":[{"href":"https:\/\/www.lifenatura.com\/es\/wp-json\/wp\/v2\/media?parent=40856"}],"wp:term":[{"taxonomy":"product_brand","embeddable":true,"href":"https:\/\/www.lifenatura.com\/es\/wp-json\/wp\/v2\/product_brand?post=40856"},{"taxonomy":"product_cat","embeddable":true,"href":"https:\/\/www.lifenatura.com\/es\/wp-json\/wp\/v2\/product_cat?post=40856"},{"taxonomy":"product_tag","embeddable":true,"href":"https:\/\/www.lifenatura.com\/es\/wp-json\/wp\/v2\/product_tag?post=40856"}],"curies":[{"name":"wp","href":"https:\/\/api.w.org\/{rel}","templated":true}]}}