{"id":40816,"date":"2021-09-30T10:47:09","date_gmt":"2021-09-30T10:47:09","guid":{"rendered":"https:\/\/lifenatura.dev.agenciagetdigital.com\/produto\/liposomal-methyl-b-complex-50-ml-quicksilver-scientific\/"},"modified":"2026-03-30T00:11:02","modified_gmt":"2026-03-30T00:11:02","slug":"liposomal-methyl-b-complex-50-ml-quicksilver-scientific","status":"publish","type":"product","link":"https:\/\/www.lifenatura.com\/es\/produto\/liposomal-methyl-b-complex-50-ml-quicksilver-scientific\/","title":{"rendered":"Methyl B-Complex Liposomal 50 ml &#8211; Quicksilver Scientific"},"content":{"rendered":"<h2><strong>Methyl-B Complex Liposomal: Energ\u00eda y vitalidad con una absorci\u00f3n optimizada<\/strong><\/h2>\n<p>&nbsp;<\/p>\n<p>Methyl-B Complex Liposomal de QuickSilver es un complemento alimenticio avanzado que proporciona un complejo completo de vitaminas B en formas metiladas, garantizando una mejor absorci\u00f3n y utilizaci\u00f3n por el organismo.<\/p>\n<p>Gracias a la tecnolog\u00eda liposomal, este suplemento ofrece una biodisponibilidad superior, permitiendo que las vitaminas entren r\u00e1pidamente en el torrente sangu\u00edneo para apoyar el metabolismo energ\u00e9tico, la funci\u00f3n cerebral y el bienestar general.<\/p>\n<p><strong>Principales beneficios:<\/strong><\/p>\n<ul>\n<li><strong>Apoyo al metabolismo energ\u00e9tico:<\/strong> Las vitaminas B ayudan a convertir los alimentos en energ\u00eda, reduciendo el cansancio y la fatiga.<\/li>\n<li><strong>Salud del sistema nervioso:<\/strong> Contribuye al buen funcionamiento del sistema nervioso, favoreciendo el equilibrio mental y emocional.<\/li>\n<li><strong>Funci\u00f3n cognitiva:<\/strong> Favorece la memoria, la concentraci\u00f3n y la claridad mental.<\/li>\n<li><strong>Absorci\u00f3n r\u00e1pida y eficaz:<\/strong> La tecnolog\u00eda liposomal permite una mejor asimilaci\u00f3n de los nutrientes, maximizando los beneficios.<\/li>\n<li><strong>Equilibrio hormonal:<\/strong> Las vitaminas B6, B9 (\u00e1cido f\u00f3lico) y B12 ayudan a regular la actividad hormonal y la formaci\u00f3n de gl\u00f3bulos rojos.<\/li>\n<\/ul>\n<p><strong>Adecuado para:<\/strong><\/p>\n<p>Personas con altos niveles de estr\u00e9s o fatiga cr\u00f3nica.<br \/>\nPersonas con mayores necesidades de vitaminas del grupo B, como deportistas, vegetarianos y veganos.<br \/>\nCualquiera que desee mejorar la funci\u00f3n cognitiva y el equilibrio emocional.<br \/>\nIdeal para complementar una dieta equilibrada y un estilo de vida activo.<\/p>\n<p>Methyl B-Complex contiene Vitaminas (B-1, B-2, B-5, B-6) junto con Folato (Metilfolato) y Vitamina B-12 (Metilcobalamina) en formas bioactivas, lo que asegura una alta absorci\u00f3n y retenci\u00f3n de estas vitaminas en los tejidos.<\/p>\n<p>Tambi\u00e9n contiene cardo mariano y trimetilglicina, importantes para el buen funcionamiento del h\u00edgado, favoreciendo la regeneraci\u00f3n, protecci\u00f3n y desintoxicaci\u00f3n de las c\u00e9lulas hep\u00e1ticas. Indicado para personas que tienen dificultad en asimilar el \u00e1cido f\u00f3lico y es ideal para aumentar la energ\u00eda, combatir problemas del sistema nervioso, proteger el sistema cardiovascular, reducir el colesterol y fortalecer el sistema inmunol\u00f3gico.<\/p>\n<p><strong>PRESENTACI\u00d3N<\/strong><\/p>\n<p>50ml<\/p>\n<p>&nbsp;<\/p>\n","protected":false},"excerpt":{"rendered":"<p>Methyl-B Complex Liposomal QuickSilver apoya el metabolismo energ\u00e9tico, la funci\u00f3n cerebral y el sistema nervioso con vitaminas del grupo B altamente absorbibles. [&#8230;]<\/p>\n<p><a class=\"btn btn-secondary understrap-read-more-link\" href=\"https:\/\/www.lifenatura.com\/es\/produto\/liposomal-methyl-b-complex-50-ml-quicksilver-scientific\/\">Leer m\u00e1s&#8230;<span class=\"screen-reader-text\"> from Methyl B-Complex Liposomal 50 ml &#8211; Quicksilver Scientific<\/span><\/a><\/p>\n","protected":false},"featured_media":106907,"template":"","meta":{"_acf_changed":false},"product_brand":[8575],"product_cat":[7179,7883,7952],"product_tag":[],"class_list":{"0":"post-40816","1":"product","2":"type-product","3":"status-publish","4":"has-post-thumbnail","6":"product_brand-quicksilver-scientific","7":"product_cat-salud","8":"product_cat-suplementos-alimenticios","9":"product_cat-vitamina-b-es","11":"first","12":"instock","13":"sale","14":"shipping-taxable","15":"purchasable","16":"product-type-simple","17":"add-to-wishlist-before_image"},"acf":[],"yoast_head":"<!-- This site is optimized with the Yoast SEO Premium plugin v27.1 (Yoast SEO v27.5) - https:\/\/yoast.com\/product\/yoast-seo-premium-wordpress\/ -->\n<title>Methyl B-Complex Liposomal Quicksilver Scientific - Lifenatura<\/title>\n<meta name=\"description\" content=\"Methyl-B Complex Liposomal apoya el metabolismo energ\u00e9tico, la funci\u00f3n cerebral y el sistema nervioso con vitaminas del grupo B altamente absorbibles.\" \/>\n<meta name=\"robots\" content=\"index, follow, max-snippet:-1, max-image-preview:large, max-video-preview:-1\" \/>\n<link rel=\"canonical\" href=\"https:\/\/www.lifenatura.com\/es\/produto\/liposomal-methyl-b-complex-50-ml-quicksilver-scientific\/\" \/>\n<meta property=\"og:locale\" content=\"es_ES\" \/>\n<meta property=\"og:type\" content=\"article\" \/>\n<meta property=\"og:title\" content=\"Methyl B-Complex Liposomal 50 ml - Quicksilver Scientific - Na Lifenatura ao Melhor Pre\u00e7o | Envio 48h\" \/>\n<meta property=\"og:description\" content=\"Compre Methyl B-Complex Liposomal 50 ml - Quicksilver Scientific com envio r\u00e1pido. Entrega em 48h e portes gr\u00e1tis em compras &gt;35\u20ac. Aproveite j\u00e1 na Lifenatura\" \/>\n<meta property=\"og:url\" content=\"https:\/\/www.lifenatura.com\/es\/produto\/liposomal-methyl-b-complex-50-ml-quicksilver-scientific\/\" \/>\n<meta property=\"og:site_name\" content=\"Lifenatura\" \/>\n<meta property=\"article:publisher\" content=\"https:\/\/www.facebook.com\/lifenatura\" \/>\n<meta property=\"article:modified_time\" content=\"2026-03-30T00:11:02+00:00\" \/>\n<meta property=\"og:image\" content=\"https:\/\/www.lifenatura.com\/wp-content\/uploads\/2021\/09\/methyl-b-complex-lipossomal-quicksilver.jpg\" \/>\n\t<meta property=\"og:image:width\" content=\"1000\" \/>\n\t<meta property=\"og:image:height\" content=\"1000\" \/>\n\t<meta property=\"og:image:type\" content=\"image\/jpeg\" \/>\n<meta name=\"twitter:card\" content=\"summary_large_image\" \/>\n<meta name=\"twitter:label1\" content=\"Precio\" \/>\n\t<meta name=\"twitter:data1\" content=\"70,44&nbsp;&euro;\" \/>\n\t<meta name=\"twitter:label2\" content=\"Disponibilidad\" \/>\n\t<meta name=\"twitter:data2\" content=\"Disponible\" \/>\n<script type=\"application\/ld+json\" class=\"yoast-schema-graph\">{\"@context\":\"https:\\\/\\\/schema.org\",\"@graph\":[{\"@type\":\"WebPage\",\"@id\":\"https:\\\/\\\/www.lifenatura.com\\\/es\\\/produto\\\/liposomal-methyl-b-complex-50-ml-quicksilver-scientific\\\/\",\"url\":\"https:\\\/\\\/www.lifenatura.com\\\/es\\\/produto\\\/liposomal-methyl-b-complex-50-ml-quicksilver-scientific\\\/\",\"name\":\"Methyl B-Complex Liposomal Quicksilver Scientific - Lifenatura\",\"isPartOf\":{\"@id\":\"https:\\\/\\\/www.lifenatura.com\\\/es\\\/#website\"},\"primaryImageOfPage\":{\"@id\":\"https:\\\/\\\/www.lifenatura.com\\\/es\\\/produto\\\/liposomal-methyl-b-complex-50-ml-quicksilver-scientific\\\/#primaryimage\"},\"image\":{\"@id\":\"https:\\\/\\\/www.lifenatura.com\\\/es\\\/produto\\\/liposomal-methyl-b-complex-50-ml-quicksilver-scientific\\\/#primaryimage\"},\"thumbnailUrl\":\"https:\\\/\\\/www.lifenatura.com\\\/wp-content\\\/uploads\\\/2021\\\/09\\\/methyl-b-complex-lipossomal-quicksilver.jpg\",\"datePublished\":\"2021-09-30T10:47:09+00:00\",\"dateModified\":\"2026-03-30T00:11:02+00:00\",\"description\":\"Methyl-B Complex Liposomal apoya el metabolismo energ\u00e9tico, la funci\u00f3n cerebral y el sistema nervioso con vitaminas del grupo B altamente absorbibles.\",\"breadcrumb\":{\"@id\":\"https:\\\/\\\/www.lifenatura.com\\\/es\\\/produto\\\/liposomal-methyl-b-complex-50-ml-quicksilver-scientific\\\/#breadcrumb\"},\"inLanguage\":\"es\",\"potentialAction\":[{\"@type\":\"ReadAction\",\"target\":[\"https:\\\/\\\/www.lifenatura.com\\\/es\\\/produto\\\/liposomal-methyl-b-complex-50-ml-quicksilver-scientific\\\/\"]}]},{\"@type\":\"ImageObject\",\"inLanguage\":\"es\",\"@id\":\"https:\\\/\\\/www.lifenatura.com\\\/es\\\/produto\\\/liposomal-methyl-b-complex-50-ml-quicksilver-scientific\\\/#primaryimage\",\"url\":\"https:\\\/\\\/www.lifenatura.com\\\/wp-content\\\/uploads\\\/2021\\\/09\\\/methyl-b-complex-lipossomal-quicksilver.jpg\",\"contentUrl\":\"https:\\\/\\\/www.lifenatura.com\\\/wp-content\\\/uploads\\\/2021\\\/09\\\/methyl-b-complex-lipossomal-quicksilver.jpg\",\"width\":1000,\"height\":1000,\"caption\":\"Methyl B Complex da marca Quicksilver\"},{\"@type\":\"BreadcrumbList\",\"@id\":\"https:\\\/\\\/www.lifenatura.com\\\/es\\\/produto\\\/liposomal-methyl-b-complex-50-ml-quicksilver-scientific\\\/#breadcrumb\",\"itemListElement\":[{\"@type\":\"ListItem\",\"position\":1,\"name\":\"In\u00edcio\",\"item\":\"https:\\\/\\\/www.lifenatura.com\\\/es\\\/\"},{\"@type\":\"ListItem\",\"position\":2,\"name\":\"Todos los Productos\",\"item\":\"https:\\\/\\\/www.lifenatura.com\\\/es\\\/tienda\\\/\"},{\"@type\":\"ListItem\",\"position\":3,\"name\":\"Methyl B-Complex Liposomal 50 ml &#8211; Quicksilver Scientific\"}]},{\"@type\":\"WebSite\",\"@id\":\"https:\\\/\\\/www.lifenatura.com\\\/es\\\/#website\",\"url\":\"https:\\\/\\\/www.lifenatura.com\\\/es\\\/\",\"name\":\"Lifenatura\",\"description\":\"A Lifenatura \u00e9 uma loja de produtos naturais, cosm\u00e9tica natural e alimenta\u00e7\u00e3o Biol\u00f3gica.\",\"publisher\":{\"@id\":\"https:\\\/\\\/www.lifenatura.com\\\/es\\\/#organization\"},\"potentialAction\":[{\"@type\":\"SearchAction\",\"target\":{\"@type\":\"EntryPoint\",\"urlTemplate\":\"https:\\\/\\\/www.lifenatura.com\\\/es\\\/?s={search_term_string}\"},\"query-input\":{\"@type\":\"PropertyValueSpecification\",\"valueRequired\":true,\"valueName\":\"search_term_string\"}}],\"inLanguage\":\"es\"},{\"@type\":\"Organization\",\"@id\":\"https:\\\/\\\/www.lifenatura.com\\\/es\\\/#organization\",\"name\":\"Lifenatura\",\"url\":\"https:\\\/\\\/www.lifenatura.com\\\/es\\\/\",\"logo\":{\"@type\":\"ImageObject\",\"inLanguage\":\"es\",\"@id\":\"https:\\\/\\\/www.lifenatura.com\\\/es\\\/#\\\/schema\\\/logo\\\/image\\\/\",\"url\":\"https:\\\/\\\/www.lifenatura.com\\\/wp-content\\\/uploads\\\/2021\\\/07\\\/logo.png\",\"contentUrl\":\"https:\\\/\\\/www.lifenatura.com\\\/wp-content\\\/uploads\\\/2021\\\/07\\\/logo.png\",\"width\":175,\"height\":55,\"caption\":\"Lifenatura\"},\"image\":{\"@id\":\"https:\\\/\\\/www.lifenatura.com\\\/es\\\/#\\\/schema\\\/logo\\\/image\\\/\"},\"sameAs\":[\"https:\\\/\\\/www.facebook.com\\\/lifenatura\",\"https:\\\/\\\/www.instagram.com\\\/lifenaturapt\\\/\"],\"hasMerchantReturnPolicy\":{\"@type\":\"MerchantReturnPolicy\",\"merchantReturnLink\":\"https:\\\/\\\/www.lifenatura.com\\\/termos-condicoes-lifenatura\\\/\"}}]}<\/script>\n<meta property=\"product:price:amount\" content=\"70.44\" \/>\n<meta property=\"product:price:currency\" content=\"EUR\" \/>\n<meta property=\"og:availability\" content=\"instock\" \/>\n<meta property=\"product:availability\" content=\"instock\" \/>\n<meta property=\"product:retailer_item_id\" content=\"653341620804\" \/>\n<meta property=\"product:condition\" content=\"new\" \/>\n<!-- \/ Yoast SEO Premium plugin. -->","yoast_head_json":{"title":"Methyl B-Complex Liposomal Quicksilver Scientific - Lifenatura","description":"Methyl-B Complex Liposomal apoya el metabolismo energ\u00e9tico, la funci\u00f3n cerebral y el sistema nervioso con vitaminas del grupo B altamente absorbibles.","robots":{"index":"index","follow":"follow","max-snippet":"max-snippet:-1","max-image-preview":"max-image-preview:large","max-video-preview":"max-video-preview:-1"},"canonical":"https:\/\/www.lifenatura.com\/es\/produto\/liposomal-methyl-b-complex-50-ml-quicksilver-scientific\/","og_locale":"es_ES","og_type":"article","og_title":"Methyl B-Complex Liposomal 50 ml - Quicksilver Scientific - Na Lifenatura ao Melhor Pre\u00e7o | Envio 48h","og_description":"Compre Methyl B-Complex Liposomal 50 ml - Quicksilver Scientific com envio r\u00e1pido. Entrega em 48h e portes gr\u00e1tis em compras >35\u20ac. Aproveite j\u00e1 na Lifenatura","og_url":"https:\/\/www.lifenatura.com\/es\/produto\/liposomal-methyl-b-complex-50-ml-quicksilver-scientific\/","og_site_name":"Lifenatura","article_publisher":"https:\/\/www.facebook.com\/lifenatura","article_modified_time":"2026-03-30T00:11:02+00:00","og_image":[{"width":1000,"height":1000,"url":"https:\/\/www.lifenatura.com\/wp-content\/uploads\/2021\/09\/methyl-b-complex-lipossomal-quicksilver.jpg","type":"image\/jpeg"}],"twitter_card":"summary_large_image","twitter_misc":{"Precio":"70,44&nbsp;&euro;","Disponibilidad":"Disponible"},"schema":{"@context":"https:\/\/schema.org","@graph":[{"@type":"WebPage","@id":"https:\/\/www.lifenatura.com\/es\/produto\/liposomal-methyl-b-complex-50-ml-quicksilver-scientific\/","url":"https:\/\/www.lifenatura.com\/es\/produto\/liposomal-methyl-b-complex-50-ml-quicksilver-scientific\/","name":"Methyl B-Complex Liposomal Quicksilver Scientific - Lifenatura","isPartOf":{"@id":"https:\/\/www.lifenatura.com\/es\/#website"},"primaryImageOfPage":{"@id":"https:\/\/www.lifenatura.com\/es\/produto\/liposomal-methyl-b-complex-50-ml-quicksilver-scientific\/#primaryimage"},"image":{"@id":"https:\/\/www.lifenatura.com\/es\/produto\/liposomal-methyl-b-complex-50-ml-quicksilver-scientific\/#primaryimage"},"thumbnailUrl":"https:\/\/www.lifenatura.com\/wp-content\/uploads\/2021\/09\/methyl-b-complex-lipossomal-quicksilver.jpg","datePublished":"2021-09-30T10:47:09+00:00","dateModified":"2026-03-30T00:11:02+00:00","description":"Methyl-B Complex Liposomal apoya el metabolismo energ\u00e9tico, la funci\u00f3n cerebral y el sistema nervioso con vitaminas del grupo B altamente absorbibles.","breadcrumb":{"@id":"https:\/\/www.lifenatura.com\/es\/produto\/liposomal-methyl-b-complex-50-ml-quicksilver-scientific\/#breadcrumb"},"inLanguage":"es","potentialAction":[{"@type":"ReadAction","target":["https:\/\/www.lifenatura.com\/es\/produto\/liposomal-methyl-b-complex-50-ml-quicksilver-scientific\/"]}]},{"@type":"ImageObject","inLanguage":"es","@id":"https:\/\/www.lifenatura.com\/es\/produto\/liposomal-methyl-b-complex-50-ml-quicksilver-scientific\/#primaryimage","url":"https:\/\/www.lifenatura.com\/wp-content\/uploads\/2021\/09\/methyl-b-complex-lipossomal-quicksilver.jpg","contentUrl":"https:\/\/www.lifenatura.com\/wp-content\/uploads\/2021\/09\/methyl-b-complex-lipossomal-quicksilver.jpg","width":1000,"height":1000,"caption":"Methyl B Complex da marca Quicksilver"},{"@type":"BreadcrumbList","@id":"https:\/\/www.lifenatura.com\/es\/produto\/liposomal-methyl-b-complex-50-ml-quicksilver-scientific\/#breadcrumb","itemListElement":[{"@type":"ListItem","position":1,"name":"In\u00edcio","item":"https:\/\/www.lifenatura.com\/es\/"},{"@type":"ListItem","position":2,"name":"Todos los Productos","item":"https:\/\/www.lifenatura.com\/es\/tienda\/"},{"@type":"ListItem","position":3,"name":"Methyl B-Complex Liposomal 50 ml &#8211; Quicksilver Scientific"}]},{"@type":"WebSite","@id":"https:\/\/www.lifenatura.com\/es\/#website","url":"https:\/\/www.lifenatura.com\/es\/","name":"Lifenatura","description":"A Lifenatura \u00e9 uma loja de produtos naturais, cosm\u00e9tica natural e alimenta\u00e7\u00e3o Biol\u00f3gica.","publisher":{"@id":"https:\/\/www.lifenatura.com\/es\/#organization"},"potentialAction":[{"@type":"SearchAction","target":{"@type":"EntryPoint","urlTemplate":"https:\/\/www.lifenatura.com\/es\/?s={search_term_string}"},"query-input":{"@type":"PropertyValueSpecification","valueRequired":true,"valueName":"search_term_string"}}],"inLanguage":"es"},{"@type":"Organization","@id":"https:\/\/www.lifenatura.com\/es\/#organization","name":"Lifenatura","url":"https:\/\/www.lifenatura.com\/es\/","logo":{"@type":"ImageObject","inLanguage":"es","@id":"https:\/\/www.lifenatura.com\/es\/#\/schema\/logo\/image\/","url":"https:\/\/www.lifenatura.com\/wp-content\/uploads\/2021\/07\/logo.png","contentUrl":"https:\/\/www.lifenatura.com\/wp-content\/uploads\/2021\/07\/logo.png","width":175,"height":55,"caption":"Lifenatura"},"image":{"@id":"https:\/\/www.lifenatura.com\/es\/#\/schema\/logo\/image\/"},"sameAs":["https:\/\/www.facebook.com\/lifenatura","https:\/\/www.instagram.com\/lifenaturapt\/"],"hasMerchantReturnPolicy":{"@type":"MerchantReturnPolicy","merchantReturnLink":"https:\/\/www.lifenatura.com\/termos-condicoes-lifenatura\/"}}]},"product_price_amount":"70.44","product_price_currency":"EUR","og_availability":"instock","product_availability":"instock","product_retailer_item_id":"653341620804","product_condition":"new"},"df_price":70.44,"df_sale_price":70.44,"df_regular_price":82.88,"df_image_link":"https:\/\/www.lifenatura.com\/wp-content\/uploads\/2021\/09\/methyl-b-complex-lipossomal-quicksilver-300x300.jpg","_links":{"self":[{"href":"https:\/\/www.lifenatura.com\/es\/wp-json\/wp\/v2\/product\/40816","targetHints":{"allow":["GET"]}}],"collection":[{"href":"https:\/\/www.lifenatura.com\/es\/wp-json\/wp\/v2\/product"}],"about":[{"href":"https:\/\/www.lifenatura.com\/es\/wp-json\/wp\/v2\/types\/product"}],"wp:featuredmedia":[{"embeddable":true,"href":"https:\/\/www.lifenatura.com\/es\/wp-json\/wp\/v2\/media\/106907"}],"wp:attachment":[{"href":"https:\/\/www.lifenatura.com\/es\/wp-json\/wp\/v2\/media?parent=40816"}],"wp:term":[{"taxonomy":"product_brand","embeddable":true,"href":"https:\/\/www.lifenatura.com\/es\/wp-json\/wp\/v2\/product_brand?post=40816"},{"taxonomy":"product_cat","embeddable":true,"href":"https:\/\/www.lifenatura.com\/es\/wp-json\/wp\/v2\/product_cat?post=40816"},{"taxonomy":"product_tag","embeddable":true,"href":"https:\/\/www.lifenatura.com\/es\/wp-json\/wp\/v2\/product_tag?post=40816"}],"curies":[{"name":"wp","href":"https:\/\/api.w.org\/{rel}","templated":true}]}}