{"id":40815,"date":"2021-09-30T10:47:09","date_gmt":"2021-09-30T10:47:09","guid":{"rendered":"https:\/\/lifenatura.dev.agenciagetdigital.com\/produto\/liposomal-vitamina-c-120-ml-quicksilver-scientific\/"},"modified":"2026-03-30T00:11:02","modified_gmt":"2026-03-30T00:11:02","slug":"liposomal-vitamina-c-120-ml-quicksilver-scientific","status":"publish","type":"product","link":"https:\/\/www.lifenatura.com\/es\/produto\/liposomal-vitamina-c-120-ml-quicksilver-scientific\/","title":{"rendered":"Vitamina C Liposomal 120 ml &#8211; Quicksilver Scientific"},"content":{"rendered":"<h2 style=\"text-align: left;\"><strong>Vitamina C Liposomal: Refuerzo inmunitario de m\u00e1xima absorci\u00f3n<\/strong><\/h2>\n<p>&nbsp;<\/p>\n<p>La Vitamina C Liposomal de QuickSilver es un complemento alimenticio innovador que ofrece una forma altamente biodisponible de vitamina C gracias a la tecnolog\u00eda liposomal. Esta tecnolog\u00eda permite una absorci\u00f3n m\u00e1s r\u00e1pida y eficaz, garantizando que la vitamina C llegue a las c\u00e9lulas donde m\u00e1s se necesita.<\/p>\n<p>Esencial para el sistema inmunitario, esta vitamina tambi\u00e9n desempe\u00f1a un papel crucial en la protecci\u00f3n contra el estr\u00e9s oxidativo, la producci\u00f3n de col\u00e1geno y el aumento de energ\u00eda.<\/p>\n<p><strong>Principales beneficios:<\/strong><\/p>\n<ul>\n<li><strong>Refuerza el sistema inmunitario:<\/strong> Ayuda a reforzar las defensas naturales del organismo, favoreciendo la resistencia a las infecciones.<\/li>\n<li><strong>Poder antioxidante:<\/strong> Protege las c\u00e9lulas contra el estr\u00e9s oxidativo, previniendo el envejecimiento prematuro.<\/li>\n<li><strong>Favorece la producci\u00f3n de col\u00e1geno:<\/strong> esencial para la salud de la piel, los huesos, los dientes, los cart\u00edlagos y los vasos sangu\u00edneos.<\/li>\n<li><strong>Absorci\u00f3n superior:<\/strong> La tecnolog\u00eda liposomal garantiza una mejor absorci\u00f3n y eficacia en comparaci\u00f3n con la vitamina C tradicional.<\/li>\n<li><strong>Reducci\u00f3n de la fatiga:<\/strong> Contribuye al metabolismo energ\u00e9tico normal, ayudando a combatir el cansancio y la fatiga.<\/li>\n<\/ul>\n<p><strong>Indicado para:<\/strong><\/p>\n<p>Personas que deseen reforzar su sistema inmunitario, especialmente en \u00e9pocas de mayor vulnerabilidad.<br \/>\nPersonas con carencias de vitamina C o que buscan un apoyo antioxidante.<br \/>\nQuienes deseen mejorar la salud de la piel y fomentar la producci\u00f3n natural de col\u00e1geno.<br \/>\nIdeal para complementar un estilo de vida activo y saludable.<\/p>\n<p>La vitamina C tiene un alto potencial antioxidante, protegiendo las estructuras org\u00e1nicas contra los da\u00f1os causados por los radicales libres. Tambi\u00e9n est\u00e1 indicada para proteger el sistema cardiovascular, evitando el dep\u00f3sito de l\u00edpidos oxidados en las arterias, ayudando a prevenir la aterosclerosis.<\/p>\n<p>Tambi\u00e9n es indicado para el sistema inmunol\u00f3gico, pues aumenta la funci\u00f3n de los gl\u00f3bulos blancos, la producci\u00f3n de Interfer\u00f3n (mediador proteico que defiende las c\u00e9lulas contra agentes pat\u00f3genos), as\u00ed como la producci\u00f3n de anticuerpos.<\/p>\n<p><strong>PRESENTACI\u00d3N<\/strong><\/p>\n<p>120ml<\/p>\n<p>&nbsp;<\/p>\n","protected":false},"excerpt":{"rendered":"<p>La Vitamina C Liposomal QuickSilver refuerza el sistema inmunitario, protege contra el estr\u00e9s oxidativo y favorece la producci\u00f3n de col\u00e1geno con una absorci\u00f3n optimizada. [&#8230;]<\/p>\n<p><a class=\"btn btn-secondary understrap-read-more-link\" href=\"https:\/\/www.lifenatura.com\/es\/produto\/liposomal-vitamina-c-120-ml-quicksilver-scientific\/\">Leer m\u00e1s&#8230;<span class=\"screen-reader-text\"> from Vitamina C Liposomal 120 ml &#8211; Quicksilver Scientific<\/span><\/a><\/p>\n","protected":false},"featured_media":106911,"template":"","meta":{"_acf_changed":false},"product_brand":[8575],"product_cat":[7236,7211,7179,7883,7260],"product_tag":[],"class_list":{"0":"post-40815","1":"product","2":"type-product","3":"status-publish","4":"has-post-thumbnail","6":"product_brand-quicksilver-scientific","7":"product_cat-antioxidantes-salud","8":"product_cat-reforza-la-inmunidad-salud","9":"product_cat-salud","10":"product_cat-suplementos-alimenticios","11":"product_cat-vitamina-c-salud","13":"first","14":"instock","15":"sale","16":"shipping-taxable","17":"purchasable","18":"product-type-simple","19":"add-to-wishlist-before_image"},"acf":[],"yoast_head":"<!-- This site is optimized with the Yoast SEO Premium plugin v27.1 (Yoast SEO v27.5) - https:\/\/yoast.com\/product\/yoast-seo-premium-wordpress\/ -->\n<title>Vitamina C Liposomal 120 ml - Quicksilver Scientific - Na Lifenatura ao Melhor Pre\u00e7o | Envio em 48h<\/title>\n<meta name=\"description\" content=\"Vitamina C Liposomal refuerza el sistema inmunitario, protege contra el estr\u00e9s oxidativo y favorece la producci\u00f3n de col\u00e1geno con una absorci\u00f3n optimizada.\" \/>\n<meta name=\"robots\" content=\"index, follow, max-snippet:-1, max-image-preview:large, max-video-preview:-1\" \/>\n<link rel=\"canonical\" href=\"https:\/\/www.lifenatura.com\/es\/produto\/liposomal-vitamina-c-120-ml-quicksilver-scientific\/\" \/>\n<meta property=\"og:locale\" content=\"es_ES\" \/>\n<meta property=\"og:type\" content=\"article\" \/>\n<meta property=\"og:title\" content=\"Vitamina C Liposomal 120 ml - Quicksilver Scientific - Na Lifenatura ao Melhor Pre\u00e7o | Envio 48h\" \/>\n<meta property=\"og:description\" content=\"Compre Vitamina C Liposomal 120 ml - Quicksilver Scientific com envio r\u00e1pido. Entrega em 48h e portes gr\u00e1tis em compras &gt;35\u20ac. Aproveite j\u00e1 na Lifenatura\" \/>\n<meta property=\"og:url\" content=\"https:\/\/www.lifenatura.com\/es\/produto\/liposomal-vitamina-c-120-ml-quicksilver-scientific\/\" \/>\n<meta property=\"og:site_name\" content=\"Lifenatura\" \/>\n<meta property=\"article:publisher\" content=\"https:\/\/www.facebook.com\/lifenatura\" \/>\n<meta property=\"article:modified_time\" content=\"2026-03-30T00:11:02+00:00\" \/>\n<meta property=\"og:image\" content=\"https:\/\/www.lifenatura.com\/wp-content\/uploads\/2021\/09\/vitamina-c-lipossomal-quicksilver.jpg\" \/>\n\t<meta property=\"og:image:width\" content=\"1000\" \/>\n\t<meta property=\"og:image:height\" content=\"1000\" \/>\n\t<meta property=\"og:image:type\" content=\"image\/jpeg\" \/>\n<meta name=\"twitter:card\" content=\"summary_large_image\" \/>\n<meta name=\"twitter:label1\" content=\"Precio\" \/>\n\t<meta name=\"twitter:data1\" content=\"54,88&nbsp;&euro;\" \/>\n\t<meta name=\"twitter:label2\" content=\"Disponibilidad\" \/>\n\t<meta name=\"twitter:data2\" content=\"Disponible\" \/>\n<script type=\"application\/ld+json\" class=\"yoast-schema-graph\">{\"@context\":\"https:\\\/\\\/schema.org\",\"@graph\":[{\"@type\":\"WebPage\",\"@id\":\"https:\\\/\\\/www.lifenatura.com\\\/es\\\/produto\\\/liposomal-vitamina-c-120-ml-quicksilver-scientific\\\/\",\"url\":\"https:\\\/\\\/www.lifenatura.com\\\/es\\\/produto\\\/liposomal-vitamina-c-120-ml-quicksilver-scientific\\\/\",\"name\":\"Vitamina C Liposomal 120 ml - Quicksilver Scientific - Na Lifenatura ao Melhor Pre\u00e7o | Envio em 48h\",\"isPartOf\":{\"@id\":\"https:\\\/\\\/www.lifenatura.com\\\/es\\\/#website\"},\"primaryImageOfPage\":{\"@id\":\"https:\\\/\\\/www.lifenatura.com\\\/es\\\/produto\\\/liposomal-vitamina-c-120-ml-quicksilver-scientific\\\/#primaryimage\"},\"image\":{\"@id\":\"https:\\\/\\\/www.lifenatura.com\\\/es\\\/produto\\\/liposomal-vitamina-c-120-ml-quicksilver-scientific\\\/#primaryimage\"},\"thumbnailUrl\":\"https:\\\/\\\/www.lifenatura.com\\\/wp-content\\\/uploads\\\/2021\\\/09\\\/vitamina-c-lipossomal-quicksilver.jpg\",\"datePublished\":\"2021-09-30T10:47:09+00:00\",\"dateModified\":\"2026-03-30T00:11:02+00:00\",\"description\":\"Vitamina C Liposomal refuerza el sistema inmunitario, protege contra el estr\u00e9s oxidativo y favorece la producci\u00f3n de col\u00e1geno con una absorci\u00f3n optimizada.\",\"breadcrumb\":{\"@id\":\"https:\\\/\\\/www.lifenatura.com\\\/es\\\/produto\\\/liposomal-vitamina-c-120-ml-quicksilver-scientific\\\/#breadcrumb\"},\"inLanguage\":\"es\",\"potentialAction\":[{\"@type\":\"ReadAction\",\"target\":[\"https:\\\/\\\/www.lifenatura.com\\\/es\\\/produto\\\/liposomal-vitamina-c-120-ml-quicksilver-scientific\\\/\"]}]},{\"@type\":\"ImageObject\",\"inLanguage\":\"es\",\"@id\":\"https:\\\/\\\/www.lifenatura.com\\\/es\\\/produto\\\/liposomal-vitamina-c-120-ml-quicksilver-scientific\\\/#primaryimage\",\"url\":\"https:\\\/\\\/www.lifenatura.com\\\/wp-content\\\/uploads\\\/2021\\\/09\\\/vitamina-c-lipossomal-quicksilver.jpg\",\"contentUrl\":\"https:\\\/\\\/www.lifenatura.com\\\/wp-content\\\/uploads\\\/2021\\\/09\\\/vitamina-c-lipossomal-quicksilver.jpg\",\"width\":1000,\"height\":1000,\"caption\":\"Vitamina C Lipossomal da marca Quicksilver\"},{\"@type\":\"BreadcrumbList\",\"@id\":\"https:\\\/\\\/www.lifenatura.com\\\/es\\\/produto\\\/liposomal-vitamina-c-120-ml-quicksilver-scientific\\\/#breadcrumb\",\"itemListElement\":[{\"@type\":\"ListItem\",\"position\":1,\"name\":\"In\u00edcio\",\"item\":\"https:\\\/\\\/www.lifenatura.com\\\/es\\\/\"},{\"@type\":\"ListItem\",\"position\":2,\"name\":\"Todos los Productos\",\"item\":\"https:\\\/\\\/www.lifenatura.com\\\/es\\\/tienda\\\/\"},{\"@type\":\"ListItem\",\"position\":3,\"name\":\"Vitamina C Liposomal 120 ml &#8211; Quicksilver Scientific\"}]},{\"@type\":\"WebSite\",\"@id\":\"https:\\\/\\\/www.lifenatura.com\\\/es\\\/#website\",\"url\":\"https:\\\/\\\/www.lifenatura.com\\\/es\\\/\",\"name\":\"Lifenatura\",\"description\":\"A Lifenatura \u00e9 uma loja de produtos naturais, cosm\u00e9tica natural e alimenta\u00e7\u00e3o Biol\u00f3gica.\",\"publisher\":{\"@id\":\"https:\\\/\\\/www.lifenatura.com\\\/es\\\/#organization\"},\"potentialAction\":[{\"@type\":\"SearchAction\",\"target\":{\"@type\":\"EntryPoint\",\"urlTemplate\":\"https:\\\/\\\/www.lifenatura.com\\\/es\\\/?s={search_term_string}\"},\"query-input\":{\"@type\":\"PropertyValueSpecification\",\"valueRequired\":true,\"valueName\":\"search_term_string\"}}],\"inLanguage\":\"es\"},{\"@type\":\"Organization\",\"@id\":\"https:\\\/\\\/www.lifenatura.com\\\/es\\\/#organization\",\"name\":\"Lifenatura\",\"url\":\"https:\\\/\\\/www.lifenatura.com\\\/es\\\/\",\"logo\":{\"@type\":\"ImageObject\",\"inLanguage\":\"es\",\"@id\":\"https:\\\/\\\/www.lifenatura.com\\\/es\\\/#\\\/schema\\\/logo\\\/image\\\/\",\"url\":\"https:\\\/\\\/www.lifenatura.com\\\/wp-content\\\/uploads\\\/2021\\\/07\\\/logo.png\",\"contentUrl\":\"https:\\\/\\\/www.lifenatura.com\\\/wp-content\\\/uploads\\\/2021\\\/07\\\/logo.png\",\"width\":175,\"height\":55,\"caption\":\"Lifenatura\"},\"image\":{\"@id\":\"https:\\\/\\\/www.lifenatura.com\\\/es\\\/#\\\/schema\\\/logo\\\/image\\\/\"},\"sameAs\":[\"https:\\\/\\\/www.facebook.com\\\/lifenatura\",\"https:\\\/\\\/www.instagram.com\\\/lifenaturapt\\\/\"],\"hasMerchantReturnPolicy\":{\"@type\":\"MerchantReturnPolicy\",\"merchantReturnLink\":\"https:\\\/\\\/www.lifenatura.com\\\/termos-condicoes-lifenatura\\\/\"}}]}<\/script>\n<meta property=\"product:price:amount\" content=\"54.88\" \/>\n<meta property=\"product:price:currency\" content=\"EUR\" \/>\n<meta property=\"og:availability\" content=\"instock\" \/>\n<meta property=\"product:availability\" content=\"instock\" \/>\n<meta property=\"product:retailer_item_id\" content=\"653341621108\" \/>\n<meta property=\"product:condition\" content=\"new\" \/>\n<!-- \/ Yoast SEO Premium plugin. -->","yoast_head_json":{"title":"Vitamina C Liposomal 120 ml - Quicksilver Scientific - Na Lifenatura ao Melhor Pre\u00e7o | Envio em 48h","description":"Vitamina C Liposomal refuerza el sistema inmunitario, protege contra el estr\u00e9s oxidativo y favorece la producci\u00f3n de col\u00e1geno con una absorci\u00f3n optimizada.","robots":{"index":"index","follow":"follow","max-snippet":"max-snippet:-1","max-image-preview":"max-image-preview:large","max-video-preview":"max-video-preview:-1"},"canonical":"https:\/\/www.lifenatura.com\/es\/produto\/liposomal-vitamina-c-120-ml-quicksilver-scientific\/","og_locale":"es_ES","og_type":"article","og_title":"Vitamina C Liposomal 120 ml - Quicksilver Scientific - Na Lifenatura ao Melhor Pre\u00e7o | Envio 48h","og_description":"Compre Vitamina C Liposomal 120 ml - Quicksilver Scientific com envio r\u00e1pido. Entrega em 48h e portes gr\u00e1tis em compras >35\u20ac. Aproveite j\u00e1 na Lifenatura","og_url":"https:\/\/www.lifenatura.com\/es\/produto\/liposomal-vitamina-c-120-ml-quicksilver-scientific\/","og_site_name":"Lifenatura","article_publisher":"https:\/\/www.facebook.com\/lifenatura","article_modified_time":"2026-03-30T00:11:02+00:00","og_image":[{"width":1000,"height":1000,"url":"https:\/\/www.lifenatura.com\/wp-content\/uploads\/2021\/09\/vitamina-c-lipossomal-quicksilver.jpg","type":"image\/jpeg"}],"twitter_card":"summary_large_image","twitter_misc":{"Precio":"54,88&nbsp;&euro;","Disponibilidad":"Disponible"},"schema":{"@context":"https:\/\/schema.org","@graph":[{"@type":"WebPage","@id":"https:\/\/www.lifenatura.com\/es\/produto\/liposomal-vitamina-c-120-ml-quicksilver-scientific\/","url":"https:\/\/www.lifenatura.com\/es\/produto\/liposomal-vitamina-c-120-ml-quicksilver-scientific\/","name":"Vitamina C Liposomal 120 ml - Quicksilver Scientific - Na Lifenatura ao Melhor Pre\u00e7o | Envio em 48h","isPartOf":{"@id":"https:\/\/www.lifenatura.com\/es\/#website"},"primaryImageOfPage":{"@id":"https:\/\/www.lifenatura.com\/es\/produto\/liposomal-vitamina-c-120-ml-quicksilver-scientific\/#primaryimage"},"image":{"@id":"https:\/\/www.lifenatura.com\/es\/produto\/liposomal-vitamina-c-120-ml-quicksilver-scientific\/#primaryimage"},"thumbnailUrl":"https:\/\/www.lifenatura.com\/wp-content\/uploads\/2021\/09\/vitamina-c-lipossomal-quicksilver.jpg","datePublished":"2021-09-30T10:47:09+00:00","dateModified":"2026-03-30T00:11:02+00:00","description":"Vitamina C Liposomal refuerza el sistema inmunitario, protege contra el estr\u00e9s oxidativo y favorece la producci\u00f3n de col\u00e1geno con una absorci\u00f3n optimizada.","breadcrumb":{"@id":"https:\/\/www.lifenatura.com\/es\/produto\/liposomal-vitamina-c-120-ml-quicksilver-scientific\/#breadcrumb"},"inLanguage":"es","potentialAction":[{"@type":"ReadAction","target":["https:\/\/www.lifenatura.com\/es\/produto\/liposomal-vitamina-c-120-ml-quicksilver-scientific\/"]}]},{"@type":"ImageObject","inLanguage":"es","@id":"https:\/\/www.lifenatura.com\/es\/produto\/liposomal-vitamina-c-120-ml-quicksilver-scientific\/#primaryimage","url":"https:\/\/www.lifenatura.com\/wp-content\/uploads\/2021\/09\/vitamina-c-lipossomal-quicksilver.jpg","contentUrl":"https:\/\/www.lifenatura.com\/wp-content\/uploads\/2021\/09\/vitamina-c-lipossomal-quicksilver.jpg","width":1000,"height":1000,"caption":"Vitamina C Lipossomal da marca Quicksilver"},{"@type":"BreadcrumbList","@id":"https:\/\/www.lifenatura.com\/es\/produto\/liposomal-vitamina-c-120-ml-quicksilver-scientific\/#breadcrumb","itemListElement":[{"@type":"ListItem","position":1,"name":"In\u00edcio","item":"https:\/\/www.lifenatura.com\/es\/"},{"@type":"ListItem","position":2,"name":"Todos los Productos","item":"https:\/\/www.lifenatura.com\/es\/tienda\/"},{"@type":"ListItem","position":3,"name":"Vitamina C Liposomal 120 ml &#8211; Quicksilver Scientific"}]},{"@type":"WebSite","@id":"https:\/\/www.lifenatura.com\/es\/#website","url":"https:\/\/www.lifenatura.com\/es\/","name":"Lifenatura","description":"A Lifenatura \u00e9 uma loja de produtos naturais, cosm\u00e9tica natural e alimenta\u00e7\u00e3o Biol\u00f3gica.","publisher":{"@id":"https:\/\/www.lifenatura.com\/es\/#organization"},"potentialAction":[{"@type":"SearchAction","target":{"@type":"EntryPoint","urlTemplate":"https:\/\/www.lifenatura.com\/es\/?s={search_term_string}"},"query-input":{"@type":"PropertyValueSpecification","valueRequired":true,"valueName":"search_term_string"}}],"inLanguage":"es"},{"@type":"Organization","@id":"https:\/\/www.lifenatura.com\/es\/#organization","name":"Lifenatura","url":"https:\/\/www.lifenatura.com\/es\/","logo":{"@type":"ImageObject","inLanguage":"es","@id":"https:\/\/www.lifenatura.com\/es\/#\/schema\/logo\/image\/","url":"https:\/\/www.lifenatura.com\/wp-content\/uploads\/2021\/07\/logo.png","contentUrl":"https:\/\/www.lifenatura.com\/wp-content\/uploads\/2021\/07\/logo.png","width":175,"height":55,"caption":"Lifenatura"},"image":{"@id":"https:\/\/www.lifenatura.com\/es\/#\/schema\/logo\/image\/"},"sameAs":["https:\/\/www.facebook.com\/lifenatura","https:\/\/www.instagram.com\/lifenaturapt\/"],"hasMerchantReturnPolicy":{"@type":"MerchantReturnPolicy","merchantReturnLink":"https:\/\/www.lifenatura.com\/termos-condicoes-lifenatura\/"}}]},"product_price_amount":"54.88","product_price_currency":"EUR","og_availability":"instock","product_availability":"instock","product_retailer_item_id":"653341621108","product_condition":"new"},"df_price":54.88,"df_sale_price":54.88,"df_regular_price":64.57,"df_image_link":"https:\/\/www.lifenatura.com\/wp-content\/uploads\/2021\/09\/vitamina-c-lipossomal-quicksilver-300x300.jpg","_links":{"self":[{"href":"https:\/\/www.lifenatura.com\/es\/wp-json\/wp\/v2\/product\/40815","targetHints":{"allow":["GET"]}}],"collection":[{"href":"https:\/\/www.lifenatura.com\/es\/wp-json\/wp\/v2\/product"}],"about":[{"href":"https:\/\/www.lifenatura.com\/es\/wp-json\/wp\/v2\/types\/product"}],"wp:featuredmedia":[{"embeddable":true,"href":"https:\/\/www.lifenatura.com\/es\/wp-json\/wp\/v2\/media\/106911"}],"wp:attachment":[{"href":"https:\/\/www.lifenatura.com\/es\/wp-json\/wp\/v2\/media?parent=40815"}],"wp:term":[{"taxonomy":"product_brand","embeddable":true,"href":"https:\/\/www.lifenatura.com\/es\/wp-json\/wp\/v2\/product_brand?post=40815"},{"taxonomy":"product_cat","embeddable":true,"href":"https:\/\/www.lifenatura.com\/es\/wp-json\/wp\/v2\/product_cat?post=40815"},{"taxonomy":"product_tag","embeddable":true,"href":"https:\/\/www.lifenatura.com\/es\/wp-json\/wp\/v2\/product_tag?post=40815"}],"curies":[{"name":"wp","href":"https:\/\/api.w.org\/{rel}","templated":true}]}}