{"id":40810,"date":"2021-09-30T10:47:09","date_gmt":"2021-09-30T10:47:09","guid":{"rendered":"https:\/\/lifenatura.dev.agenciagetdigital.com\/produto\/liposomal-gaba-com-l-teanina-50-ml-quicksilver-scientific\/"},"modified":"2025-02-06T17:36:04","modified_gmt":"2025-02-06T17:36:04","slug":"liposomal-gaba-com-l-teanina-50-ml-quicksilver-scientific","status":"publish","type":"product","link":"https:\/\/www.lifenatura.com\/es\/produto\/liposomal-gaba-com-l-teanina-50-ml-quicksilver-scientific\/","title":{"rendered":"Gaba com L-Teanina Liposomal 50 ml &#8211; Quicksilver Scientific"},"content":{"rendered":"<h2 style=\"text-align: left;\"><strong>GABA con L-Teanina Liposomal: Equilibrio y Tranquilidad para Mente y Cuerpo<\/strong><\/h2>\n<p>&nbsp;<\/p>\n<p>GABA con L-Teanina Liposomal de QuickSilver es un complemento alimenticio avanzado dise\u00f1ado para favorecer el equilibrio emocional, reducir el estr\u00e9s y promover una sensaci\u00f3n de relajaci\u00f3n sin causar somnolencia.<\/p>\n<p>Gracias a la tecnolog\u00eda liposomal, este producto ofrece una absorci\u00f3n r\u00e1pida y eficaz de sus principios activos, garantizando efectos m\u00e1s r\u00e1pidos y duraderos. La combinaci\u00f3n de GABA (\u00e1cido gamma-aminobut\u00edrico) con L-teanina, un amino\u00e1cido presente en el t\u00e9 verde, act\u00faa de forma sin\u00e9rgica para calmar la mente, mejorar la concentraci\u00f3n y reducir la ansiedad de forma natural.<\/p>\n<p><strong>Principales beneficios:<\/strong><\/p>\n<ul>\n<li><strong>Reducci\u00f3n del estr\u00e9s y la ansiedad:<\/strong> el GABA ayuda a regular la actividad cerebral, promoviendo una sensaci\u00f3n de calma y bienestar.<\/li>\n<li><strong>Mejora de la concentraci\u00f3n y la claridad mental:<\/strong> la L-teanina contribuye a un estado de relajaci\u00f3n sin afectar a la concentraci\u00f3n, ideal para momentos de mayor exigencia mental.<\/li>\n<li><strong>Absorci\u00f3n r\u00e1pida y eficaz:<\/strong> La tecnolog\u00eda liposomal permite una biodisponibilidad superior, garantizando efectos m\u00e1s r\u00e1pidos.<\/li>\n<li><strong>Equilibrio emocional:<\/strong> Favorece el equilibrio del estado de \u00e1nimo y la resistencia al estr\u00e9s diario.<\/li>\n<li><strong>F\u00e1cil de usar:<\/strong> Pr\u00e1ctica soluci\u00f3n l\u00edquida de r\u00e1pida absorci\u00f3n, ideal para incluir en la rutina diaria.<\/li>\n<\/ul>\n<p><strong>Indicado para:<\/strong><\/p>\n<p>Personas que sufren estr\u00e9s, ansiedad o tensi\u00f3n mental.<br \/>\nPersonas que buscan mejorar la concentraci\u00f3n y la claridad mental en situaciones de presi\u00f3n.<br \/>\nCualquiera que desee un suplemento natural para favorecer el equilibrio emocional sin causar somnolencia.<br \/>\nIdeal para profesionales, estudiantes y personas con rutinas exigentes.<\/p>\n<p>La Gaba es un neurotransmisor inhibidor del Sistema Nervioso Central, que inhibe la transmisi\u00f3n de los impulsos nerviosos, especialmente en situaciones de nerviosismo, ayudando a calmar los estados de excitaci\u00f3n. La Gaba desempe\u00f1a un papel importante en la calidad del sue\u00f1o, lo que ayuda a reducir la irritabilidad, la ansiedad e incluso la depresi\u00f3n, mejorando las capacidades cognitivas y favoreciendo la concentraci\u00f3n. E<\/p>\n<p>ste suplemento tambi\u00e9n contiene L-Teanina, un amino\u00e1cido que parece tener la capacidad de atravesar la barrera hematoencef\u00e1lica, favoreciendo la formaci\u00f3n de GABA e influyendo en los niveles de otros neurotransmisores como la Dopamina y la Serotonina, ambos importantes para la relajaci\u00f3n y la estabilizaci\u00f3n del estado de \u00e1nimo.<\/p>\n<p>Promueve una acci\u00f3n relajante y tranquilizante sin efecto sedante.<\/p>\n<p><strong>PRESENTACI\u00d3N<\/strong><\/p>\n<p>50ml<\/p>\n<p>&nbsp;<\/p>\n","protected":false},"excerpt":{"rendered":"<p>GABA con L-Teanina Liposomal QuickSilver favorece la relajaci\u00f3n y la concentraci\u00f3n mental, reduciendo el estr\u00e9s y la ansiedad con una absorci\u00f3n r\u00e1pida y eficaz. [&#8230;]<\/p>\n<p><a class=\"btn btn-secondary understrap-read-more-link\" href=\"https:\/\/www.lifenatura.com\/es\/produto\/liposomal-gaba-com-l-teanina-50-ml-quicksilver-scientific\/\">Leer m\u00e1s&#8230;<span class=\"screen-reader-text\"> from Gaba com L-Teanina Liposomal 50 ml &#8211; Quicksilver Scientific<\/span><\/a><\/p>\n","protected":false},"featured_media":106879,"template":"","meta":{"_acf_changed":false},"product_brand":[8575],"product_cat":[7213,7179],"product_tag":[],"class_list":{"0":"post-40810","1":"product","2":"type-product","3":"status-publish","4":"has-post-thumbnail","6":"product_brand-quicksilver-scientific","7":"product_cat-ansiedad-y-depresion","8":"product_cat-salud","10":"first","11":"instock","12":"shipping-taxable","13":"purchasable","14":"product-type-simple","15":"add-to-wishlist-before_image"},"acf":[],"yoast_head":"<!-- This site is optimized with the Yoast SEO Premium plugin v27.1 (Yoast SEO v27.5) - https:\/\/yoast.com\/product\/yoast-seo-premium-wordpress\/ -->\n<title>Gaba e L-Teanina Liposomal Quicksilver - Lifenatura<\/title>\n<meta name=\"description\" content=\"GABA con L-Teanina Liposomal QuickSilver favorece la relajaci\u00f3n y la concentraci\u00f3n mental, reduciendo el estr\u00e9s y la ansiedad con una absorci\u00f3n r\u00e1pida.\" \/>\n<meta name=\"robots\" content=\"index, follow, max-snippet:-1, max-image-preview:large, max-video-preview:-1\" \/>\n<link rel=\"canonical\" href=\"https:\/\/www.lifenatura.com\/es\/produto\/liposomal-gaba-com-l-teanina-50-ml-quicksilver-scientific\/\" \/>\n<meta property=\"og:locale\" content=\"es_ES\" \/>\n<meta property=\"og:type\" content=\"article\" \/>\n<meta property=\"og:title\" content=\"Gaba com L-Teanina Liposomal 50 ml - Quicksilver Scientific - Na Lifenatura ao Melhor Pre\u00e7o | Envio 48h\" \/>\n<meta property=\"og:description\" content=\"Compre Gaba com L-Teanina Liposomal 50 ml - Quicksilver Scientific com envio r\u00e1pido. Entrega em 48h e portes gr\u00e1tis em compras &gt;35\u20ac. Aproveite j\u00e1 na Lifenatura\" \/>\n<meta property=\"og:url\" content=\"https:\/\/www.lifenatura.com\/es\/produto\/liposomal-gaba-com-l-teanina-50-ml-quicksilver-scientific\/\" \/>\n<meta property=\"og:site_name\" content=\"Lifenatura\" \/>\n<meta property=\"article:publisher\" content=\"https:\/\/www.facebook.com\/lifenatura\" \/>\n<meta property=\"article:modified_time\" content=\"2025-02-06T17:36:04+00:00\" \/>\n<meta property=\"og:image\" content=\"https:\/\/www.lifenatura.com\/wp-content\/uploads\/2021\/09\/gaba-l-teanina-quicksilver.jpg\" \/>\n\t<meta property=\"og:image:width\" content=\"1000\" \/>\n\t<meta property=\"og:image:height\" content=\"1000\" \/>\n\t<meta property=\"og:image:type\" content=\"image\/jpeg\" \/>\n<meta name=\"twitter:card\" content=\"summary_large_image\" \/>\n<meta name=\"twitter:label1\" content=\"Precio\" \/>\n\t<meta name=\"twitter:data1\" content=\"42,16&nbsp;&euro;\" \/>\n\t<meta name=\"twitter:label2\" content=\"Disponibilidad\" \/>\n\t<meta name=\"twitter:data2\" content=\"Disponible\" \/>\n<script type=\"application\/ld+json\" class=\"yoast-schema-graph\">{\"@context\":\"https:\\\/\\\/schema.org\",\"@graph\":[{\"@type\":\"WebPage\",\"@id\":\"https:\\\/\\\/www.lifenatura.com\\\/es\\\/produto\\\/liposomal-gaba-com-l-teanina-50-ml-quicksilver-scientific\\\/\",\"url\":\"https:\\\/\\\/www.lifenatura.com\\\/es\\\/produto\\\/liposomal-gaba-com-l-teanina-50-ml-quicksilver-scientific\\\/\",\"name\":\"Gaba e L-Teanina Liposomal Quicksilver - Lifenatura\",\"isPartOf\":{\"@id\":\"https:\\\/\\\/www.lifenatura.com\\\/es\\\/#website\"},\"primaryImageOfPage\":{\"@id\":\"https:\\\/\\\/www.lifenatura.com\\\/es\\\/produto\\\/liposomal-gaba-com-l-teanina-50-ml-quicksilver-scientific\\\/#primaryimage\"},\"image\":{\"@id\":\"https:\\\/\\\/www.lifenatura.com\\\/es\\\/produto\\\/liposomal-gaba-com-l-teanina-50-ml-quicksilver-scientific\\\/#primaryimage\"},\"thumbnailUrl\":\"https:\\\/\\\/www.lifenatura.com\\\/wp-content\\\/uploads\\\/2021\\\/09\\\/gaba-l-teanina-quicksilver.jpg\",\"datePublished\":\"2021-09-30T10:47:09+00:00\",\"dateModified\":\"2025-02-06T17:36:04+00:00\",\"description\":\"GABA con L-Teanina Liposomal QuickSilver favorece la relajaci\u00f3n y la concentraci\u00f3n mental, reduciendo el estr\u00e9s y la ansiedad con una absorci\u00f3n r\u00e1pida.\",\"breadcrumb\":{\"@id\":\"https:\\\/\\\/www.lifenatura.com\\\/es\\\/produto\\\/liposomal-gaba-com-l-teanina-50-ml-quicksilver-scientific\\\/#breadcrumb\"},\"inLanguage\":\"es\",\"potentialAction\":[{\"@type\":\"ReadAction\",\"target\":[\"https:\\\/\\\/www.lifenatura.com\\\/es\\\/produto\\\/liposomal-gaba-com-l-teanina-50-ml-quicksilver-scientific\\\/\"]}]},{\"@type\":\"ImageObject\",\"inLanguage\":\"es\",\"@id\":\"https:\\\/\\\/www.lifenatura.com\\\/es\\\/produto\\\/liposomal-gaba-com-l-teanina-50-ml-quicksilver-scientific\\\/#primaryimage\",\"url\":\"https:\\\/\\\/www.lifenatura.com\\\/wp-content\\\/uploads\\\/2021\\\/09\\\/gaba-l-teanina-quicksilver.jpg\",\"contentUrl\":\"https:\\\/\\\/www.lifenatura.com\\\/wp-content\\\/uploads\\\/2021\\\/09\\\/gaba-l-teanina-quicksilver.jpg\",\"width\":1000,\"height\":1000,\"caption\":\"Gaba e L-Teanina da marca Quicksilver\"},{\"@type\":\"BreadcrumbList\",\"@id\":\"https:\\\/\\\/www.lifenatura.com\\\/es\\\/produto\\\/liposomal-gaba-com-l-teanina-50-ml-quicksilver-scientific\\\/#breadcrumb\",\"itemListElement\":[{\"@type\":\"ListItem\",\"position\":1,\"name\":\"In\u00edcio\",\"item\":\"https:\\\/\\\/www.lifenatura.com\\\/es\\\/\"},{\"@type\":\"ListItem\",\"position\":2,\"name\":\"Todos los Productos\",\"item\":\"https:\\\/\\\/www.lifenatura.com\\\/es\\\/tienda\\\/\"},{\"@type\":\"ListItem\",\"position\":3,\"name\":\"Gaba com L-Teanina Liposomal 50 ml &#8211; Quicksilver Scientific\"}]},{\"@type\":\"WebSite\",\"@id\":\"https:\\\/\\\/www.lifenatura.com\\\/es\\\/#website\",\"url\":\"https:\\\/\\\/www.lifenatura.com\\\/es\\\/\",\"name\":\"Lifenatura\",\"description\":\"A Lifenatura \u00e9 uma loja de produtos naturais, cosm\u00e9tica natural e alimenta\u00e7\u00e3o Biol\u00f3gica.\",\"publisher\":{\"@id\":\"https:\\\/\\\/www.lifenatura.com\\\/es\\\/#organization\"},\"potentialAction\":[{\"@type\":\"SearchAction\",\"target\":{\"@type\":\"EntryPoint\",\"urlTemplate\":\"https:\\\/\\\/www.lifenatura.com\\\/es\\\/?s={search_term_string}\"},\"query-input\":{\"@type\":\"PropertyValueSpecification\",\"valueRequired\":true,\"valueName\":\"search_term_string\"}}],\"inLanguage\":\"es\"},{\"@type\":\"Organization\",\"@id\":\"https:\\\/\\\/www.lifenatura.com\\\/es\\\/#organization\",\"name\":\"Lifenatura\",\"url\":\"https:\\\/\\\/www.lifenatura.com\\\/es\\\/\",\"logo\":{\"@type\":\"ImageObject\",\"inLanguage\":\"es\",\"@id\":\"https:\\\/\\\/www.lifenatura.com\\\/es\\\/#\\\/schema\\\/logo\\\/image\\\/\",\"url\":\"https:\\\/\\\/www.lifenatura.com\\\/wp-content\\\/uploads\\\/2021\\\/07\\\/logo.png\",\"contentUrl\":\"https:\\\/\\\/www.lifenatura.com\\\/wp-content\\\/uploads\\\/2021\\\/07\\\/logo.png\",\"width\":175,\"height\":55,\"caption\":\"Lifenatura\"},\"image\":{\"@id\":\"https:\\\/\\\/www.lifenatura.com\\\/es\\\/#\\\/schema\\\/logo\\\/image\\\/\"},\"sameAs\":[\"https:\\\/\\\/www.facebook.com\\\/lifenatura\",\"https:\\\/\\\/www.instagram.com\\\/lifenaturapt\\\/\"],\"hasMerchantReturnPolicy\":{\"@type\":\"MerchantReturnPolicy\",\"merchantReturnLink\":\"https:\\\/\\\/www.lifenatura.com\\\/termos-condicoes-lifenatura\\\/\"}}]}<\/script>\n<meta property=\"product:price:amount\" content=\"42.16\" \/>\n<meta property=\"product:price:currency\" content=\"EUR\" \/>\n<meta property=\"og:availability\" content=\"instock\" \/>\n<meta property=\"product:availability\" content=\"instock\" \/>\n<meta property=\"product:retailer_item_id\" content=\"0653341620002\" \/>\n<meta property=\"product:condition\" content=\"new\" \/>\n<!-- \/ Yoast SEO Premium plugin. -->","yoast_head_json":{"title":"Gaba e L-Teanina Liposomal Quicksilver - Lifenatura","description":"GABA con L-Teanina Liposomal QuickSilver favorece la relajaci\u00f3n y la concentraci\u00f3n mental, reduciendo el estr\u00e9s y la ansiedad con una absorci\u00f3n r\u00e1pida.","robots":{"index":"index","follow":"follow","max-snippet":"max-snippet:-1","max-image-preview":"max-image-preview:large","max-video-preview":"max-video-preview:-1"},"canonical":"https:\/\/www.lifenatura.com\/es\/produto\/liposomal-gaba-com-l-teanina-50-ml-quicksilver-scientific\/","og_locale":"es_ES","og_type":"article","og_title":"Gaba com L-Teanina Liposomal 50 ml - Quicksilver Scientific - Na Lifenatura ao Melhor Pre\u00e7o | Envio 48h","og_description":"Compre Gaba com L-Teanina Liposomal 50 ml - Quicksilver Scientific com envio r\u00e1pido. Entrega em 48h e portes gr\u00e1tis em compras >35\u20ac. Aproveite j\u00e1 na Lifenatura","og_url":"https:\/\/www.lifenatura.com\/es\/produto\/liposomal-gaba-com-l-teanina-50-ml-quicksilver-scientific\/","og_site_name":"Lifenatura","article_publisher":"https:\/\/www.facebook.com\/lifenatura","article_modified_time":"2025-02-06T17:36:04+00:00","og_image":[{"width":1000,"height":1000,"url":"https:\/\/www.lifenatura.com\/wp-content\/uploads\/2021\/09\/gaba-l-teanina-quicksilver.jpg","type":"image\/jpeg"}],"twitter_card":"summary_large_image","twitter_misc":{"Precio":"42,16&nbsp;&euro;","Disponibilidad":"Disponible"},"schema":{"@context":"https:\/\/schema.org","@graph":[{"@type":"WebPage","@id":"https:\/\/www.lifenatura.com\/es\/produto\/liposomal-gaba-com-l-teanina-50-ml-quicksilver-scientific\/","url":"https:\/\/www.lifenatura.com\/es\/produto\/liposomal-gaba-com-l-teanina-50-ml-quicksilver-scientific\/","name":"Gaba e L-Teanina Liposomal Quicksilver - Lifenatura","isPartOf":{"@id":"https:\/\/www.lifenatura.com\/es\/#website"},"primaryImageOfPage":{"@id":"https:\/\/www.lifenatura.com\/es\/produto\/liposomal-gaba-com-l-teanina-50-ml-quicksilver-scientific\/#primaryimage"},"image":{"@id":"https:\/\/www.lifenatura.com\/es\/produto\/liposomal-gaba-com-l-teanina-50-ml-quicksilver-scientific\/#primaryimage"},"thumbnailUrl":"https:\/\/www.lifenatura.com\/wp-content\/uploads\/2021\/09\/gaba-l-teanina-quicksilver.jpg","datePublished":"2021-09-30T10:47:09+00:00","dateModified":"2025-02-06T17:36:04+00:00","description":"GABA con L-Teanina Liposomal QuickSilver favorece la relajaci\u00f3n y la concentraci\u00f3n mental, reduciendo el estr\u00e9s y la ansiedad con una absorci\u00f3n r\u00e1pida.","breadcrumb":{"@id":"https:\/\/www.lifenatura.com\/es\/produto\/liposomal-gaba-com-l-teanina-50-ml-quicksilver-scientific\/#breadcrumb"},"inLanguage":"es","potentialAction":[{"@type":"ReadAction","target":["https:\/\/www.lifenatura.com\/es\/produto\/liposomal-gaba-com-l-teanina-50-ml-quicksilver-scientific\/"]}]},{"@type":"ImageObject","inLanguage":"es","@id":"https:\/\/www.lifenatura.com\/es\/produto\/liposomal-gaba-com-l-teanina-50-ml-quicksilver-scientific\/#primaryimage","url":"https:\/\/www.lifenatura.com\/wp-content\/uploads\/2021\/09\/gaba-l-teanina-quicksilver.jpg","contentUrl":"https:\/\/www.lifenatura.com\/wp-content\/uploads\/2021\/09\/gaba-l-teanina-quicksilver.jpg","width":1000,"height":1000,"caption":"Gaba e L-Teanina da marca Quicksilver"},{"@type":"BreadcrumbList","@id":"https:\/\/www.lifenatura.com\/es\/produto\/liposomal-gaba-com-l-teanina-50-ml-quicksilver-scientific\/#breadcrumb","itemListElement":[{"@type":"ListItem","position":1,"name":"In\u00edcio","item":"https:\/\/www.lifenatura.com\/es\/"},{"@type":"ListItem","position":2,"name":"Todos los Productos","item":"https:\/\/www.lifenatura.com\/es\/tienda\/"},{"@type":"ListItem","position":3,"name":"Gaba com L-Teanina Liposomal 50 ml &#8211; Quicksilver Scientific"}]},{"@type":"WebSite","@id":"https:\/\/www.lifenatura.com\/es\/#website","url":"https:\/\/www.lifenatura.com\/es\/","name":"Lifenatura","description":"A Lifenatura \u00e9 uma loja de produtos naturais, cosm\u00e9tica natural e alimenta\u00e7\u00e3o Biol\u00f3gica.","publisher":{"@id":"https:\/\/www.lifenatura.com\/es\/#organization"},"potentialAction":[{"@type":"SearchAction","target":{"@type":"EntryPoint","urlTemplate":"https:\/\/www.lifenatura.com\/es\/?s={search_term_string}"},"query-input":{"@type":"PropertyValueSpecification","valueRequired":true,"valueName":"search_term_string"}}],"inLanguage":"es"},{"@type":"Organization","@id":"https:\/\/www.lifenatura.com\/es\/#organization","name":"Lifenatura","url":"https:\/\/www.lifenatura.com\/es\/","logo":{"@type":"ImageObject","inLanguage":"es","@id":"https:\/\/www.lifenatura.com\/es\/#\/schema\/logo\/image\/","url":"https:\/\/www.lifenatura.com\/wp-content\/uploads\/2021\/07\/logo.png","contentUrl":"https:\/\/www.lifenatura.com\/wp-content\/uploads\/2021\/07\/logo.png","width":175,"height":55,"caption":"Lifenatura"},"image":{"@id":"https:\/\/www.lifenatura.com\/es\/#\/schema\/logo\/image\/"},"sameAs":["https:\/\/www.facebook.com\/lifenatura","https:\/\/www.instagram.com\/lifenaturapt\/"],"hasMerchantReturnPolicy":{"@type":"MerchantReturnPolicy","merchantReturnLink":"https:\/\/www.lifenatura.com\/termos-condicoes-lifenatura\/"}}]},"product_price_amount":"42.16","product_price_currency":"EUR","og_availability":"instock","product_availability":"instock","product_retailer_item_id":"0653341620002","product_condition":"new"},"df_price":42.16,"df_sale_price":"","df_regular_price":42.16,"df_image_link":"https:\/\/www.lifenatura.com\/wp-content\/uploads\/2021\/09\/gaba-l-teanina-quicksilver-300x300.jpg","_links":{"self":[{"href":"https:\/\/www.lifenatura.com\/es\/wp-json\/wp\/v2\/product\/40810","targetHints":{"allow":["GET"]}}],"collection":[{"href":"https:\/\/www.lifenatura.com\/es\/wp-json\/wp\/v2\/product"}],"about":[{"href":"https:\/\/www.lifenatura.com\/es\/wp-json\/wp\/v2\/types\/product"}],"wp:featuredmedia":[{"embeddable":true,"href":"https:\/\/www.lifenatura.com\/es\/wp-json\/wp\/v2\/media\/106879"}],"wp:attachment":[{"href":"https:\/\/www.lifenatura.com\/es\/wp-json\/wp\/v2\/media?parent=40810"}],"wp:term":[{"taxonomy":"product_brand","embeddable":true,"href":"https:\/\/www.lifenatura.com\/es\/wp-json\/wp\/v2\/product_brand?post=40810"},{"taxonomy":"product_cat","embeddable":true,"href":"https:\/\/www.lifenatura.com\/es\/wp-json\/wp\/v2\/product_cat?post=40810"},{"taxonomy":"product_tag","embeddable":true,"href":"https:\/\/www.lifenatura.com\/es\/wp-json\/wp\/v2\/product_tag?post=40810"}],"curies":[{"name":"wp","href":"https:\/\/api.w.org\/{rel}","templated":true}]}}