{"id":40809,"date":"2021-09-30T10:47:09","date_gmt":"2021-09-30T10:47:09","guid":{"rendered":"https:\/\/lifenatura.dev.agenciagetdigital.com\/produto\/nanoemulsified-cardo-mariano-50-ml-quicksilver-scientific\/"},"modified":"2026-03-30T00:11:02","modified_gmt":"2026-03-30T00:11:02","slug":"nanoemulsified-cardo-mariano-50-ml-quicksilver-scientific","status":"publish","type":"product","link":"https:\/\/www.lifenatura.com\/es\/produto\/nanoemulsified-cardo-mariano-50-ml-quicksilver-scientific\/","title":{"rendered":"Cardo Mariano Liposomal 50 ml &#8211; Quicksilver Scientific"},"content":{"rendered":"<h2 style=\"text-align: left;\"><strong>Cardo Mariano Liposomal: Protecci\u00f3n Hep\u00e1tica con Absorci\u00f3n Superior<\/strong><\/h2>\n<p>&nbsp;<\/p>\n<p>El Cardo Mariano Liposomal de QuickSilver es un complemento alimenticio avanzado formulado para favorecer la salud del h\u00edgado y promover la desintoxicaci\u00f3n del organismo. Gracias a la tecnolog\u00eda liposomal, este suplemento ofrece una absorci\u00f3n r\u00e1pida y eficaz de sus ingredientes activos, especialmente la silimarina, el compuesto bioactivo del cardo mariano conocido por sus propiedades hepatoprotectoras.<\/p>\n<p>Ideal para quienes desean proteger el h\u00edgado, mejorar la funci\u00f3n digestiva y favorecer los procesos naturales de desintoxicaci\u00f3n.<\/p>\n<p><strong>Principales beneficios:<\/strong><\/p>\n<ul>\n<li><strong>Protecci\u00f3n del h\u00edgado:<\/strong> Ayuda a proteger las c\u00e9lulas hep\u00e1ticas de los da\u00f1os causados por las toxinas, el alcohol y los medicamentos.<br \/>\n<strong>Favorece la desintoxicaci\u00f3n:<\/strong> Estimula la regeneraci\u00f3n del h\u00edgado y favorece la eliminaci\u00f3n de sustancias nocivas del organismo.<br \/>\n<strong>Mejora la funci\u00f3n digestiva:<\/strong> Contribuye al buen funcionamiento del sistema digestivo, facilitando la digesti\u00f3n de las grasas.<br \/>\n<strong>Acci\u00f3n antioxidante:<\/strong> la silimarina act\u00faa como antioxidante, protegiendo las c\u00e9lulas del estr\u00e9s oxidativo.<br \/>\n<strong>Absorci\u00f3n optimizada:<\/strong> La tecnolog\u00eda liposomal garantiza una biodisponibilidad superior, con efectos m\u00e1s r\u00e1pidos y eficaces.<\/li>\n<\/ul>\n<p><strong>Indicado para:<\/strong><\/p>\n<p>Personas que deseen proteger el h\u00edgado y apoyar su funci\u00f3n, especialmente despu\u00e9s de una ingesta excesiva de alimentos o alcohol.<br \/>\nPersonas en proceso de desintoxicaci\u00f3n o que necesiten apoyo hep\u00e1tico.<br \/>\nCualquier persona que desee mejorar la digesti\u00f3n de las grasas y reducir las molestias digestivas.<br \/>\nIdeal para complementar un estilo de vida sano y equilibrado.<\/p>\n<p>F\u00f3rmula natural a base de Cardo Mariano, planta cuyas semillas son ricas en silimarina, sustancia activa que ejerce una acci\u00f3n directa sobre el h\u00edgado, protegi\u00e9ndolo y ayudando a su regeneraci\u00f3n.<\/p>\n<p>Act\u00faa sobre el aparato digestivo y tiene acci\u00f3n colagoga, que es la liberaci\u00f3n de bilis en el Duodeno. Aumenta la producci\u00f3n de glutati\u00f3n, importante para la desintoxicaci\u00f3n del organismo. Normalmente se utiliza como apoyo en el tratamiento de enfermedades inflamatorias del h\u00edgado, como cirrosis, intoxicaciones e indigesti\u00f3n.<\/p>\n<p><strong>PRESENTACI\u00d3N<\/strong><\/p>\n<p>50 ml<\/p>\n<p>&nbsp;<\/p>\n","protected":false},"excerpt":{"rendered":"<p>Cardo Mariano, que es una planta cuyas semillas son ricas en silimarina, una sustancia activa que ejerce una acci\u00f3n directa sobre el h\u00edgado. [&#8230;]<\/p>\n<p><a class=\"btn btn-secondary understrap-read-more-link\" href=\"https:\/\/www.lifenatura.com\/es\/produto\/nanoemulsified-cardo-mariano-50-ml-quicksilver-scientific\/\">Leer m\u00e1s&#8230;<span class=\"screen-reader-text\"> from Cardo Mariano Liposomal 50 ml &#8211; Quicksilver Scientific<\/span><\/a><\/p>\n","protected":false},"featured_media":106914,"template":"","meta":{"_acf_changed":false},"product_brand":[8575],"product_cat":[7677,7254,7659,7179],"product_tag":[],"class_list":{"0":"post-40809","1":"product","2":"type-product","3":"status-publish","4":"has-post-thumbnail","6":"product_brand-quicksilver-scientific","7":"product_cat-cardo-mariano-bio","8":"product_cat-higado-vesicula","9":"product_cat-ingrediente-natural-bio","10":"product_cat-salud","12":"first","13":"instock","14":"sale","15":"shipping-taxable","16":"purchasable","17":"product-type-simple","18":"add-to-wishlist-before_image"},"acf":[],"yoast_head":"<!-- This site is optimized with the Yoast SEO Premium plugin v27.1 (Yoast SEO v27.5) - https:\/\/yoast.com\/product\/yoast-seo-premium-wordpress\/ -->\n<title>Cardo Mariano Liposomal Quicksilver Scientific - Lifenatura<\/title>\n<meta name=\"description\" content=\"Cardo Mariano, que es una planta cuyas semillas son ricas en silimarina, una sustancia activa que ejerce una acci\u00f3n directa sobre el h\u00edgado.\" \/>\n<meta name=\"robots\" content=\"index, follow, max-snippet:-1, max-image-preview:large, max-video-preview:-1\" \/>\n<link rel=\"canonical\" href=\"https:\/\/www.lifenatura.com\/es\/produto\/nanoemulsified-cardo-mariano-50-ml-quicksilver-scientific\/\" \/>\n<meta property=\"og:locale\" content=\"es_ES\" \/>\n<meta property=\"og:type\" content=\"article\" \/>\n<meta property=\"og:title\" content=\"Cardo Mariano Liposomal 50 ml - Quicksilver Scientific - Na Lifenatura ao Melhor Pre\u00e7o | Envio 48h\" \/>\n<meta property=\"og:description\" content=\"Compre Cardo Mariano Liposomal 50 ml - Quicksilver Scientific com envio r\u00e1pido. Entrega em 48h e portes gr\u00e1tis em compras &gt;35\u20ac. Aproveite j\u00e1 na Lifenatura\" \/>\n<meta property=\"og:url\" content=\"https:\/\/www.lifenatura.com\/es\/produto\/nanoemulsified-cardo-mariano-50-ml-quicksilver-scientific\/\" \/>\n<meta property=\"og:site_name\" content=\"Lifenatura\" \/>\n<meta property=\"article:publisher\" content=\"https:\/\/www.facebook.com\/lifenatura\" \/>\n<meta property=\"article:modified_time\" content=\"2026-03-30T00:11:02+00:00\" \/>\n<meta property=\"og:image\" content=\"https:\/\/www.lifenatura.com\/wp-content\/uploads\/2021\/09\/cardo-mariano-lipossomal-quicksilver.jpg\" \/>\n\t<meta property=\"og:image:width\" content=\"1000\" \/>\n\t<meta property=\"og:image:height\" content=\"1000\" \/>\n\t<meta property=\"og:image:type\" content=\"image\/jpeg\" \/>\n<meta name=\"twitter:card\" content=\"summary_large_image\" \/>\n<meta name=\"twitter:label1\" content=\"Precio\" \/>\n\t<meta name=\"twitter:data1\" content=\"64,88&nbsp;&euro;\" \/>\n\t<meta name=\"twitter:label2\" content=\"Disponibilidad\" \/>\n\t<meta name=\"twitter:data2\" content=\"Disponible\" \/>\n<script type=\"application\/ld+json\" class=\"yoast-schema-graph\">{\"@context\":\"https:\\\/\\\/schema.org\",\"@graph\":[{\"@type\":\"WebPage\",\"@id\":\"https:\\\/\\\/www.lifenatura.com\\\/es\\\/produto\\\/nanoemulsified-cardo-mariano-50-ml-quicksilver-scientific\\\/\",\"url\":\"https:\\\/\\\/www.lifenatura.com\\\/es\\\/produto\\\/nanoemulsified-cardo-mariano-50-ml-quicksilver-scientific\\\/\",\"name\":\"Cardo Mariano Liposomal Quicksilver Scientific - Lifenatura\",\"isPartOf\":{\"@id\":\"https:\\\/\\\/www.lifenatura.com\\\/es\\\/#website\"},\"primaryImageOfPage\":{\"@id\":\"https:\\\/\\\/www.lifenatura.com\\\/es\\\/produto\\\/nanoemulsified-cardo-mariano-50-ml-quicksilver-scientific\\\/#primaryimage\"},\"image\":{\"@id\":\"https:\\\/\\\/www.lifenatura.com\\\/es\\\/produto\\\/nanoemulsified-cardo-mariano-50-ml-quicksilver-scientific\\\/#primaryimage\"},\"thumbnailUrl\":\"https:\\\/\\\/www.lifenatura.com\\\/wp-content\\\/uploads\\\/2021\\\/09\\\/cardo-mariano-lipossomal-quicksilver.jpg\",\"datePublished\":\"2021-09-30T10:47:09+00:00\",\"dateModified\":\"2026-03-30T00:11:02+00:00\",\"description\":\"Cardo Mariano, que es una planta cuyas semillas son ricas en silimarina, una sustancia activa que ejerce una acci\u00f3n directa sobre el h\u00edgado.\",\"breadcrumb\":{\"@id\":\"https:\\\/\\\/www.lifenatura.com\\\/es\\\/produto\\\/nanoemulsified-cardo-mariano-50-ml-quicksilver-scientific\\\/#breadcrumb\"},\"inLanguage\":\"es\",\"potentialAction\":[{\"@type\":\"ReadAction\",\"target\":[\"https:\\\/\\\/www.lifenatura.com\\\/es\\\/produto\\\/nanoemulsified-cardo-mariano-50-ml-quicksilver-scientific\\\/\"]}]},{\"@type\":\"ImageObject\",\"inLanguage\":\"es\",\"@id\":\"https:\\\/\\\/www.lifenatura.com\\\/es\\\/produto\\\/nanoemulsified-cardo-mariano-50-ml-quicksilver-scientific\\\/#primaryimage\",\"url\":\"https:\\\/\\\/www.lifenatura.com\\\/wp-content\\\/uploads\\\/2021\\\/09\\\/cardo-mariano-lipossomal-quicksilver.jpg\",\"contentUrl\":\"https:\\\/\\\/www.lifenatura.com\\\/wp-content\\\/uploads\\\/2021\\\/09\\\/cardo-mariano-lipossomal-quicksilver.jpg\",\"width\":1000,\"height\":1000,\"caption\":\"Cardo Mariano Lipossomal da marca Quicksilver\"},{\"@type\":\"BreadcrumbList\",\"@id\":\"https:\\\/\\\/www.lifenatura.com\\\/es\\\/produto\\\/nanoemulsified-cardo-mariano-50-ml-quicksilver-scientific\\\/#breadcrumb\",\"itemListElement\":[{\"@type\":\"ListItem\",\"position\":1,\"name\":\"In\u00edcio\",\"item\":\"https:\\\/\\\/www.lifenatura.com\\\/es\\\/\"},{\"@type\":\"ListItem\",\"position\":2,\"name\":\"Todos los Productos\",\"item\":\"https:\\\/\\\/www.lifenatura.com\\\/es\\\/tienda\\\/\"},{\"@type\":\"ListItem\",\"position\":3,\"name\":\"Cardo Mariano Liposomal 50 ml &#8211; Quicksilver Scientific\"}]},{\"@type\":\"WebSite\",\"@id\":\"https:\\\/\\\/www.lifenatura.com\\\/es\\\/#website\",\"url\":\"https:\\\/\\\/www.lifenatura.com\\\/es\\\/\",\"name\":\"Lifenatura\",\"description\":\"A Lifenatura \u00e9 uma loja de produtos naturais, cosm\u00e9tica natural e alimenta\u00e7\u00e3o Biol\u00f3gica.\",\"publisher\":{\"@id\":\"https:\\\/\\\/www.lifenatura.com\\\/es\\\/#organization\"},\"potentialAction\":[{\"@type\":\"SearchAction\",\"target\":{\"@type\":\"EntryPoint\",\"urlTemplate\":\"https:\\\/\\\/www.lifenatura.com\\\/es\\\/?s={search_term_string}\"},\"query-input\":{\"@type\":\"PropertyValueSpecification\",\"valueRequired\":true,\"valueName\":\"search_term_string\"}}],\"inLanguage\":\"es\"},{\"@type\":\"Organization\",\"@id\":\"https:\\\/\\\/www.lifenatura.com\\\/es\\\/#organization\",\"name\":\"Lifenatura\",\"url\":\"https:\\\/\\\/www.lifenatura.com\\\/es\\\/\",\"logo\":{\"@type\":\"ImageObject\",\"inLanguage\":\"es\",\"@id\":\"https:\\\/\\\/www.lifenatura.com\\\/es\\\/#\\\/schema\\\/logo\\\/image\\\/\",\"url\":\"https:\\\/\\\/www.lifenatura.com\\\/wp-content\\\/uploads\\\/2021\\\/07\\\/logo.png\",\"contentUrl\":\"https:\\\/\\\/www.lifenatura.com\\\/wp-content\\\/uploads\\\/2021\\\/07\\\/logo.png\",\"width\":175,\"height\":55,\"caption\":\"Lifenatura\"},\"image\":{\"@id\":\"https:\\\/\\\/www.lifenatura.com\\\/es\\\/#\\\/schema\\\/logo\\\/image\\\/\"},\"sameAs\":[\"https:\\\/\\\/www.facebook.com\\\/lifenatura\",\"https:\\\/\\\/www.instagram.com\\\/lifenaturapt\\\/\"],\"hasMerchantReturnPolicy\":{\"@type\":\"MerchantReturnPolicy\",\"merchantReturnLink\":\"https:\\\/\\\/www.lifenatura.com\\\/termos-condicoes-lifenatura\\\/\"}}]}<\/script>\n<meta property=\"product:price:amount\" content=\"64.88\" \/>\n<meta property=\"product:price:currency\" content=\"EUR\" \/>\n<meta property=\"og:availability\" content=\"instock\" \/>\n<meta property=\"product:availability\" content=\"instock\" \/>\n<meta property=\"product:retailer_item_id\" content=\"752830988880\" \/>\n<meta property=\"product:condition\" content=\"new\" \/>\n<!-- \/ Yoast SEO Premium plugin. -->","yoast_head_json":{"title":"Cardo Mariano Liposomal Quicksilver Scientific - Lifenatura","description":"Cardo Mariano, que es una planta cuyas semillas son ricas en silimarina, una sustancia activa que ejerce una acci\u00f3n directa sobre el h\u00edgado.","robots":{"index":"index","follow":"follow","max-snippet":"max-snippet:-1","max-image-preview":"max-image-preview:large","max-video-preview":"max-video-preview:-1"},"canonical":"https:\/\/www.lifenatura.com\/es\/produto\/nanoemulsified-cardo-mariano-50-ml-quicksilver-scientific\/","og_locale":"es_ES","og_type":"article","og_title":"Cardo Mariano Liposomal 50 ml - Quicksilver Scientific - Na Lifenatura ao Melhor Pre\u00e7o | Envio 48h","og_description":"Compre Cardo Mariano Liposomal 50 ml - Quicksilver Scientific com envio r\u00e1pido. Entrega em 48h e portes gr\u00e1tis em compras >35\u20ac. Aproveite j\u00e1 na Lifenatura","og_url":"https:\/\/www.lifenatura.com\/es\/produto\/nanoemulsified-cardo-mariano-50-ml-quicksilver-scientific\/","og_site_name":"Lifenatura","article_publisher":"https:\/\/www.facebook.com\/lifenatura","article_modified_time":"2026-03-30T00:11:02+00:00","og_image":[{"width":1000,"height":1000,"url":"https:\/\/www.lifenatura.com\/wp-content\/uploads\/2021\/09\/cardo-mariano-lipossomal-quicksilver.jpg","type":"image\/jpeg"}],"twitter_card":"summary_large_image","twitter_misc":{"Precio":"64,88&nbsp;&euro;","Disponibilidad":"Disponible"},"schema":{"@context":"https:\/\/schema.org","@graph":[{"@type":"WebPage","@id":"https:\/\/www.lifenatura.com\/es\/produto\/nanoemulsified-cardo-mariano-50-ml-quicksilver-scientific\/","url":"https:\/\/www.lifenatura.com\/es\/produto\/nanoemulsified-cardo-mariano-50-ml-quicksilver-scientific\/","name":"Cardo Mariano Liposomal Quicksilver Scientific - Lifenatura","isPartOf":{"@id":"https:\/\/www.lifenatura.com\/es\/#website"},"primaryImageOfPage":{"@id":"https:\/\/www.lifenatura.com\/es\/produto\/nanoemulsified-cardo-mariano-50-ml-quicksilver-scientific\/#primaryimage"},"image":{"@id":"https:\/\/www.lifenatura.com\/es\/produto\/nanoemulsified-cardo-mariano-50-ml-quicksilver-scientific\/#primaryimage"},"thumbnailUrl":"https:\/\/www.lifenatura.com\/wp-content\/uploads\/2021\/09\/cardo-mariano-lipossomal-quicksilver.jpg","datePublished":"2021-09-30T10:47:09+00:00","dateModified":"2026-03-30T00:11:02+00:00","description":"Cardo Mariano, que es una planta cuyas semillas son ricas en silimarina, una sustancia activa que ejerce una acci\u00f3n directa sobre el h\u00edgado.","breadcrumb":{"@id":"https:\/\/www.lifenatura.com\/es\/produto\/nanoemulsified-cardo-mariano-50-ml-quicksilver-scientific\/#breadcrumb"},"inLanguage":"es","potentialAction":[{"@type":"ReadAction","target":["https:\/\/www.lifenatura.com\/es\/produto\/nanoemulsified-cardo-mariano-50-ml-quicksilver-scientific\/"]}]},{"@type":"ImageObject","inLanguage":"es","@id":"https:\/\/www.lifenatura.com\/es\/produto\/nanoemulsified-cardo-mariano-50-ml-quicksilver-scientific\/#primaryimage","url":"https:\/\/www.lifenatura.com\/wp-content\/uploads\/2021\/09\/cardo-mariano-lipossomal-quicksilver.jpg","contentUrl":"https:\/\/www.lifenatura.com\/wp-content\/uploads\/2021\/09\/cardo-mariano-lipossomal-quicksilver.jpg","width":1000,"height":1000,"caption":"Cardo Mariano Lipossomal da marca Quicksilver"},{"@type":"BreadcrumbList","@id":"https:\/\/www.lifenatura.com\/es\/produto\/nanoemulsified-cardo-mariano-50-ml-quicksilver-scientific\/#breadcrumb","itemListElement":[{"@type":"ListItem","position":1,"name":"In\u00edcio","item":"https:\/\/www.lifenatura.com\/es\/"},{"@type":"ListItem","position":2,"name":"Todos los Productos","item":"https:\/\/www.lifenatura.com\/es\/tienda\/"},{"@type":"ListItem","position":3,"name":"Cardo Mariano Liposomal 50 ml &#8211; Quicksilver Scientific"}]},{"@type":"WebSite","@id":"https:\/\/www.lifenatura.com\/es\/#website","url":"https:\/\/www.lifenatura.com\/es\/","name":"Lifenatura","description":"A Lifenatura \u00e9 uma loja de produtos naturais, cosm\u00e9tica natural e alimenta\u00e7\u00e3o Biol\u00f3gica.","publisher":{"@id":"https:\/\/www.lifenatura.com\/es\/#organization"},"potentialAction":[{"@type":"SearchAction","target":{"@type":"EntryPoint","urlTemplate":"https:\/\/www.lifenatura.com\/es\/?s={search_term_string}"},"query-input":{"@type":"PropertyValueSpecification","valueRequired":true,"valueName":"search_term_string"}}],"inLanguage":"es"},{"@type":"Organization","@id":"https:\/\/www.lifenatura.com\/es\/#organization","name":"Lifenatura","url":"https:\/\/www.lifenatura.com\/es\/","logo":{"@type":"ImageObject","inLanguage":"es","@id":"https:\/\/www.lifenatura.com\/es\/#\/schema\/logo\/image\/","url":"https:\/\/www.lifenatura.com\/wp-content\/uploads\/2021\/07\/logo.png","contentUrl":"https:\/\/www.lifenatura.com\/wp-content\/uploads\/2021\/07\/logo.png","width":175,"height":55,"caption":"Lifenatura"},"image":{"@id":"https:\/\/www.lifenatura.com\/es\/#\/schema\/logo\/image\/"},"sameAs":["https:\/\/www.facebook.com\/lifenatura","https:\/\/www.instagram.com\/lifenaturapt\/"],"hasMerchantReturnPolicy":{"@type":"MerchantReturnPolicy","merchantReturnLink":"https:\/\/www.lifenatura.com\/termos-condicoes-lifenatura\/"}}]},"product_price_amount":"64.88","product_price_currency":"EUR","og_availability":"instock","product_availability":"instock","product_retailer_item_id":"752830988880","product_condition":"new"},"df_price":64.88,"df_sale_price":64.88,"df_regular_price":76.33,"df_image_link":"https:\/\/www.lifenatura.com\/wp-content\/uploads\/2021\/09\/cardo-mariano-lipossomal-quicksilver-300x300.jpg","_links":{"self":[{"href":"https:\/\/www.lifenatura.com\/es\/wp-json\/wp\/v2\/product\/40809","targetHints":{"allow":["GET"]}}],"collection":[{"href":"https:\/\/www.lifenatura.com\/es\/wp-json\/wp\/v2\/product"}],"about":[{"href":"https:\/\/www.lifenatura.com\/es\/wp-json\/wp\/v2\/types\/product"}],"wp:featuredmedia":[{"embeddable":true,"href":"https:\/\/www.lifenatura.com\/es\/wp-json\/wp\/v2\/media\/106914"}],"wp:attachment":[{"href":"https:\/\/www.lifenatura.com\/es\/wp-json\/wp\/v2\/media?parent=40809"}],"wp:term":[{"taxonomy":"product_brand","embeddable":true,"href":"https:\/\/www.lifenatura.com\/es\/wp-json\/wp\/v2\/product_brand?post=40809"},{"taxonomy":"product_cat","embeddable":true,"href":"https:\/\/www.lifenatura.com\/es\/wp-json\/wp\/v2\/product_cat?post=40809"},{"taxonomy":"product_tag","embeddable":true,"href":"https:\/\/www.lifenatura.com\/es\/wp-json\/wp\/v2\/product_tag?post=40809"}],"curies":[{"name":"wp","href":"https:\/\/api.w.org\/{rel}","templated":true}]}}