{"id":40802,"date":"2021-09-30T10:46:48","date_gmt":"2021-09-30T10:46:48","guid":{"rendered":"https:\/\/lifenatura.dev.agenciagetdigital.com\/produto\/ubiquinol-qu10-30-comprimidos-quest\/"},"modified":"2022-08-21T15:18:44","modified_gmt":"2022-08-21T15:18:44","slug":"ubiquinol-qu10-30-comprimidos-quest","status":"publish","type":"product","link":"https:\/\/www.lifenatura.com\/es\/produto\/ubiquinol-qu10-30-comprimidos-quest\/","title":{"rendered":"Ubiquinol Qu10 30 comprimidos &#8211; Quest"},"content":{"rendered":"<p>Antioxidante Ubiquinol Qu10 se encuentra naturalmente en las c\u00e9lulas del cuerpo, particularmente en las mitocondrias, el organismo involucrado en la producci\u00f3n de energ\u00eda celular. Sinergisticamente asociado contiene 10 mg de vitamina B6. Esta vitamina contribuye al metabolismo normal que produce energ\u00eda y reduce el cansancio y la fatiga. PRESENTACI\u00d3N 30 Tabletas.<\/p>\n","protected":false},"excerpt":{"rendered":"<p>Antioxidante Ubiquinol Qu10 se encuentra naturalmente en las c\u00e9lulas del cuerpo, particularmente en las mitocondrias, el organismo involucrado en la producci\u00f3n de energ\u00eda celular. Sinergisticamente asociado contiene 10 mg de vitamina B6. Esta vitamina contribuye al metabolismo normal que produce energ\u00eda y reduce el cansancio y la fatiga. PRESENTACI\u00d3N 30 Tabletas. [&#8230;]<\/p>\n<p><a class=\"btn btn-secondary understrap-read-more-link\" href=\"https:\/\/www.lifenatura.com\/es\/produto\/ubiquinol-qu10-30-comprimidos-quest\/\">Leer m\u00e1s&#8230;<span class=\"screen-reader-text\"> from Ubiquinol Qu10 30 comprimidos &#8211; Quest<\/span><\/a><\/p>\n","protected":false},"featured_media":21973,"template":"","meta":{"_acf_changed":false},"product_brand":[8403],"product_cat":[7236,7179],"product_tag":[],"class_list":{"0":"post-40802","1":"product","2":"type-product","3":"status-publish","4":"has-post-thumbnail","6":"product_brand-quest","7":"product_cat-antioxidantes-salud","8":"product_cat-salud","10":"first","11":"outofstock","12":"sale","13":"featured","14":"shipping-taxable","15":"purchasable","16":"product-type-simple","17":"add-to-wishlist-before_image"},"acf":[],"yoast_head":"<!-- This site is optimized with the Yoast SEO Premium plugin v27.1 (Yoast SEO v27.5) - https:\/\/yoast.com\/product\/yoast-seo-premium-wordpress\/ -->\n<title>Ubiquinol Qu10 30 comprimidos - Quest - Na Lifenatura ao Melhor Pre\u00e7o | Envio em 48h<\/title>\n<meta name=\"description\" content=\"Ubiquinol Qu10 es un antioxidante indicado para la reducci\u00f3n del cansancio, la fatiga y el apoyo de la funci\u00f3n inmunol\u00f3gica.\" \/>\n<meta name=\"robots\" content=\"index, follow, max-snippet:-1, max-image-preview:large, max-video-preview:-1\" \/>\n<link rel=\"canonical\" href=\"https:\/\/www.lifenatura.com\/es\/produto\/ubiquinol-qu10-30-comprimidos-quest\/\" \/>\n<meta property=\"og:locale\" content=\"es_ES\" \/>\n<meta property=\"og:type\" content=\"article\" \/>\n<meta property=\"og:title\" content=\"Ubiquinol Qu10 30 comprimidos - Quest - Na Lifenatura ao Melhor Pre\u00e7o | Envio 48h\" \/>\n<meta property=\"og:description\" content=\"Compre Ubiquinol Qu10 30 comprimidos - Quest com envio r\u00e1pido. Entrega em 48h e portes gr\u00e1tis em compras &gt;35\u20ac. Aproveite j\u00e1 na Lifenatura\" \/>\n<meta property=\"og:url\" content=\"https:\/\/www.lifenatura.com\/es\/produto\/ubiquinol-qu10-30-comprimidos-quest\/\" \/>\n<meta property=\"og:site_name\" content=\"Lifenatura\" \/>\n<meta property=\"article:publisher\" content=\"https:\/\/www.facebook.com\/lifenatura\" \/>\n<meta property=\"article:modified_time\" content=\"2022-08-21T15:18:44+00:00\" \/>\n<meta property=\"og:image\" content=\"https:\/\/www.lifenatura.com\/wp-content\/uploads\/2021\/09\/gd_ubiquinol-q10-30-comprimidos-quest.jpg\" \/>\n\t<meta property=\"og:image:width\" content=\"1000\" \/>\n\t<meta property=\"og:image:height\" content=\"1000\" \/>\n\t<meta property=\"og:image:type\" content=\"image\/jpeg\" \/>\n<meta name=\"twitter:card\" content=\"summary_large_image\" \/>\n<meta name=\"twitter:label1\" content=\"Precio\" \/>\n\t<meta name=\"twitter:data1\" content=\"39,56&nbsp;&euro;\" \/>\n\t<meta name=\"twitter:label2\" content=\"Disponibilidad\" \/>\n\t<meta name=\"twitter:data2\" content=\"Sin existencias\" \/>\n<script type=\"application\/ld+json\" class=\"yoast-schema-graph\">{\"@context\":\"https:\\\/\\\/schema.org\",\"@graph\":[{\"@type\":\"WebPage\",\"@id\":\"https:\\\/\\\/www.lifenatura.com\\\/es\\\/produto\\\/ubiquinol-qu10-30-comprimidos-quest\\\/\",\"url\":\"https:\\\/\\\/www.lifenatura.com\\\/es\\\/produto\\\/ubiquinol-qu10-30-comprimidos-quest\\\/\",\"name\":\"Ubiquinol Qu10 30 comprimidos - Quest - Na Lifenatura ao Melhor Pre\u00e7o | Envio em 48h\",\"isPartOf\":{\"@id\":\"https:\\\/\\\/www.lifenatura.com\\\/es\\\/#website\"},\"primaryImageOfPage\":{\"@id\":\"https:\\\/\\\/www.lifenatura.com\\\/es\\\/produto\\\/ubiquinol-qu10-30-comprimidos-quest\\\/#primaryimage\"},\"image\":{\"@id\":\"https:\\\/\\\/www.lifenatura.com\\\/es\\\/produto\\\/ubiquinol-qu10-30-comprimidos-quest\\\/#primaryimage\"},\"thumbnailUrl\":\"https:\\\/\\\/www.lifenatura.com\\\/wp-content\\\/uploads\\\/2021\\\/09\\\/gd_ubiquinol-q10-30-comprimidos-quest.jpg\",\"datePublished\":\"2021-09-30T10:46:48+00:00\",\"dateModified\":\"2022-08-21T15:18:44+00:00\",\"description\":\"Ubiquinol Qu10 es un antioxidante indicado para la reducci\u00f3n del cansancio, la fatiga y el apoyo de la funci\u00f3n inmunol\u00f3gica.\",\"breadcrumb\":{\"@id\":\"https:\\\/\\\/www.lifenatura.com\\\/es\\\/produto\\\/ubiquinol-qu10-30-comprimidos-quest\\\/#breadcrumb\"},\"inLanguage\":\"es\",\"potentialAction\":[{\"@type\":\"ReadAction\",\"target\":[\"https:\\\/\\\/www.lifenatura.com\\\/es\\\/produto\\\/ubiquinol-qu10-30-comprimidos-quest\\\/\"]}]},{\"@type\":\"ImageObject\",\"inLanguage\":\"es\",\"@id\":\"https:\\\/\\\/www.lifenatura.com\\\/es\\\/produto\\\/ubiquinol-qu10-30-comprimidos-quest\\\/#primaryimage\",\"url\":\"https:\\\/\\\/www.lifenatura.com\\\/wp-content\\\/uploads\\\/2021\\\/09\\\/gd_ubiquinol-q10-30-comprimidos-quest.jpg\",\"contentUrl\":\"https:\\\/\\\/www.lifenatura.com\\\/wp-content\\\/uploads\\\/2021\\\/09\\\/gd_ubiquinol-q10-30-comprimidos-quest.jpg\",\"width\":1000,\"height\":1000,\"caption\":\"Ubiquinol Qu10 30 comprimidos - Quest\"},{\"@type\":\"BreadcrumbList\",\"@id\":\"https:\\\/\\\/www.lifenatura.com\\\/es\\\/produto\\\/ubiquinol-qu10-30-comprimidos-quest\\\/#breadcrumb\",\"itemListElement\":[{\"@type\":\"ListItem\",\"position\":1,\"name\":\"In\u00edcio\",\"item\":\"https:\\\/\\\/www.lifenatura.com\\\/es\\\/\"},{\"@type\":\"ListItem\",\"position\":2,\"name\":\"Todos los Productos\",\"item\":\"https:\\\/\\\/www.lifenatura.com\\\/es\\\/tienda\\\/\"},{\"@type\":\"ListItem\",\"position\":3,\"name\":\"Ubiquinol Qu10 30 comprimidos &#8211; Quest\"}]},{\"@type\":\"WebSite\",\"@id\":\"https:\\\/\\\/www.lifenatura.com\\\/es\\\/#website\",\"url\":\"https:\\\/\\\/www.lifenatura.com\\\/es\\\/\",\"name\":\"Lifenatura\",\"description\":\"A Lifenatura \u00e9 uma loja de produtos naturais, cosm\u00e9tica natural e alimenta\u00e7\u00e3o Biol\u00f3gica.\",\"publisher\":{\"@id\":\"https:\\\/\\\/www.lifenatura.com\\\/es\\\/#organization\"},\"potentialAction\":[{\"@type\":\"SearchAction\",\"target\":{\"@type\":\"EntryPoint\",\"urlTemplate\":\"https:\\\/\\\/www.lifenatura.com\\\/es\\\/?s={search_term_string}\"},\"query-input\":{\"@type\":\"PropertyValueSpecification\",\"valueRequired\":true,\"valueName\":\"search_term_string\"}}],\"inLanguage\":\"es\"},{\"@type\":\"Organization\",\"@id\":\"https:\\\/\\\/www.lifenatura.com\\\/es\\\/#organization\",\"name\":\"Lifenatura\",\"url\":\"https:\\\/\\\/www.lifenatura.com\\\/es\\\/\",\"logo\":{\"@type\":\"ImageObject\",\"inLanguage\":\"es\",\"@id\":\"https:\\\/\\\/www.lifenatura.com\\\/es\\\/#\\\/schema\\\/logo\\\/image\\\/\",\"url\":\"https:\\\/\\\/www.lifenatura.com\\\/wp-content\\\/uploads\\\/2021\\\/07\\\/logo.png\",\"contentUrl\":\"https:\\\/\\\/www.lifenatura.com\\\/wp-content\\\/uploads\\\/2021\\\/07\\\/logo.png\",\"width\":175,\"height\":55,\"caption\":\"Lifenatura\"},\"image\":{\"@id\":\"https:\\\/\\\/www.lifenatura.com\\\/es\\\/#\\\/schema\\\/logo\\\/image\\\/\"},\"sameAs\":[\"https:\\\/\\\/www.facebook.com\\\/lifenatura\",\"https:\\\/\\\/www.instagram.com\\\/lifenaturapt\\\/\"],\"hasMerchantReturnPolicy\":{\"@type\":\"MerchantReturnPolicy\",\"merchantReturnLink\":\"https:\\\/\\\/www.lifenatura.com\\\/termos-condicoes-lifenatura\\\/\"}}]}<\/script>\n<meta property=\"product:price:amount\" content=\"39.56\" \/>\n<meta property=\"product:price:currency\" content=\"EUR\" \/>\n<meta property=\"og:availability\" content=\"out of stock\" \/>\n<meta property=\"product:availability\" content=\"out of stock\" \/>\n<meta property=\"product:retailer_item_id\" content=\"5022339713012\" \/>\n<meta property=\"product:condition\" content=\"new\" \/>\n<!-- \/ Yoast SEO Premium plugin. -->","yoast_head_json":{"title":"Ubiquinol Qu10 30 comprimidos - Quest - Na Lifenatura ao Melhor Pre\u00e7o | Envio em 48h","description":"Ubiquinol Qu10 es un antioxidante indicado para la reducci\u00f3n del cansancio, la fatiga y el apoyo de la funci\u00f3n inmunol\u00f3gica.","robots":{"index":"index","follow":"follow","max-snippet":"max-snippet:-1","max-image-preview":"max-image-preview:large","max-video-preview":"max-video-preview:-1"},"canonical":"https:\/\/www.lifenatura.com\/es\/produto\/ubiquinol-qu10-30-comprimidos-quest\/","og_locale":"es_ES","og_type":"article","og_title":"Ubiquinol Qu10 30 comprimidos - Quest - Na Lifenatura ao Melhor Pre\u00e7o | Envio 48h","og_description":"Compre Ubiquinol Qu10 30 comprimidos - Quest com envio r\u00e1pido. Entrega em 48h e portes gr\u00e1tis em compras >35\u20ac. Aproveite j\u00e1 na Lifenatura","og_url":"https:\/\/www.lifenatura.com\/es\/produto\/ubiquinol-qu10-30-comprimidos-quest\/","og_site_name":"Lifenatura","article_publisher":"https:\/\/www.facebook.com\/lifenatura","article_modified_time":"2022-08-21T15:18:44+00:00","og_image":[{"width":1000,"height":1000,"url":"https:\/\/www.lifenatura.com\/wp-content\/uploads\/2021\/09\/gd_ubiquinol-q10-30-comprimidos-quest.jpg","type":"image\/jpeg"}],"twitter_card":"summary_large_image","twitter_misc":{"Precio":"39,56&nbsp;&euro;","Disponibilidad":"Sin existencias"},"schema":{"@context":"https:\/\/schema.org","@graph":[{"@type":"WebPage","@id":"https:\/\/www.lifenatura.com\/es\/produto\/ubiquinol-qu10-30-comprimidos-quest\/","url":"https:\/\/www.lifenatura.com\/es\/produto\/ubiquinol-qu10-30-comprimidos-quest\/","name":"Ubiquinol Qu10 30 comprimidos - Quest - Na Lifenatura ao Melhor Pre\u00e7o | Envio em 48h","isPartOf":{"@id":"https:\/\/www.lifenatura.com\/es\/#website"},"primaryImageOfPage":{"@id":"https:\/\/www.lifenatura.com\/es\/produto\/ubiquinol-qu10-30-comprimidos-quest\/#primaryimage"},"image":{"@id":"https:\/\/www.lifenatura.com\/es\/produto\/ubiquinol-qu10-30-comprimidos-quest\/#primaryimage"},"thumbnailUrl":"https:\/\/www.lifenatura.com\/wp-content\/uploads\/2021\/09\/gd_ubiquinol-q10-30-comprimidos-quest.jpg","datePublished":"2021-09-30T10:46:48+00:00","dateModified":"2022-08-21T15:18:44+00:00","description":"Ubiquinol Qu10 es un antioxidante indicado para la reducci\u00f3n del cansancio, la fatiga y el apoyo de la funci\u00f3n inmunol\u00f3gica.","breadcrumb":{"@id":"https:\/\/www.lifenatura.com\/es\/produto\/ubiquinol-qu10-30-comprimidos-quest\/#breadcrumb"},"inLanguage":"es","potentialAction":[{"@type":"ReadAction","target":["https:\/\/www.lifenatura.com\/es\/produto\/ubiquinol-qu10-30-comprimidos-quest\/"]}]},{"@type":"ImageObject","inLanguage":"es","@id":"https:\/\/www.lifenatura.com\/es\/produto\/ubiquinol-qu10-30-comprimidos-quest\/#primaryimage","url":"https:\/\/www.lifenatura.com\/wp-content\/uploads\/2021\/09\/gd_ubiquinol-q10-30-comprimidos-quest.jpg","contentUrl":"https:\/\/www.lifenatura.com\/wp-content\/uploads\/2021\/09\/gd_ubiquinol-q10-30-comprimidos-quest.jpg","width":1000,"height":1000,"caption":"Ubiquinol Qu10 30 comprimidos - Quest"},{"@type":"BreadcrumbList","@id":"https:\/\/www.lifenatura.com\/es\/produto\/ubiquinol-qu10-30-comprimidos-quest\/#breadcrumb","itemListElement":[{"@type":"ListItem","position":1,"name":"In\u00edcio","item":"https:\/\/www.lifenatura.com\/es\/"},{"@type":"ListItem","position":2,"name":"Todos los Productos","item":"https:\/\/www.lifenatura.com\/es\/tienda\/"},{"@type":"ListItem","position":3,"name":"Ubiquinol Qu10 30 comprimidos &#8211; Quest"}]},{"@type":"WebSite","@id":"https:\/\/www.lifenatura.com\/es\/#website","url":"https:\/\/www.lifenatura.com\/es\/","name":"Lifenatura","description":"A Lifenatura \u00e9 uma loja de produtos naturais, cosm\u00e9tica natural e alimenta\u00e7\u00e3o Biol\u00f3gica.","publisher":{"@id":"https:\/\/www.lifenatura.com\/es\/#organization"},"potentialAction":[{"@type":"SearchAction","target":{"@type":"EntryPoint","urlTemplate":"https:\/\/www.lifenatura.com\/es\/?s={search_term_string}"},"query-input":{"@type":"PropertyValueSpecification","valueRequired":true,"valueName":"search_term_string"}}],"inLanguage":"es"},{"@type":"Organization","@id":"https:\/\/www.lifenatura.com\/es\/#organization","name":"Lifenatura","url":"https:\/\/www.lifenatura.com\/es\/","logo":{"@type":"ImageObject","inLanguage":"es","@id":"https:\/\/www.lifenatura.com\/es\/#\/schema\/logo\/image\/","url":"https:\/\/www.lifenatura.com\/wp-content\/uploads\/2021\/07\/logo.png","contentUrl":"https:\/\/www.lifenatura.com\/wp-content\/uploads\/2021\/07\/logo.png","width":175,"height":55,"caption":"Lifenatura"},"image":{"@id":"https:\/\/www.lifenatura.com\/es\/#\/schema\/logo\/image\/"},"sameAs":["https:\/\/www.facebook.com\/lifenatura","https:\/\/www.instagram.com\/lifenaturapt\/"],"hasMerchantReturnPolicy":{"@type":"MerchantReturnPolicy","merchantReturnLink":"https:\/\/www.lifenatura.com\/termos-condicoes-lifenatura\/"}}]},"product_price_amount":"39.56","product_price_currency":"EUR","og_availability":"out of stock","product_availability":"out of stock","product_retailer_item_id":"5022339713012","product_condition":"new"},"df_price":39.56,"df_sale_price":39.56,"df_regular_price":49.45,"df_image_link":"https:\/\/www.lifenatura.com\/wp-content\/uploads\/2021\/09\/gd_ubiquinol-q10-30-comprimidos-quest-300x300.jpg","_links":{"self":[{"href":"https:\/\/www.lifenatura.com\/es\/wp-json\/wp\/v2\/product\/40802","targetHints":{"allow":["GET"]}}],"collection":[{"href":"https:\/\/www.lifenatura.com\/es\/wp-json\/wp\/v2\/product"}],"about":[{"href":"https:\/\/www.lifenatura.com\/es\/wp-json\/wp\/v2\/types\/product"}],"wp:featuredmedia":[{"embeddable":true,"href":"https:\/\/www.lifenatura.com\/es\/wp-json\/wp\/v2\/media\/21973"}],"wp:attachment":[{"href":"https:\/\/www.lifenatura.com\/es\/wp-json\/wp\/v2\/media?parent=40802"}],"wp:term":[{"taxonomy":"product_brand","embeddable":true,"href":"https:\/\/www.lifenatura.com\/es\/wp-json\/wp\/v2\/product_brand?post=40802"},{"taxonomy":"product_cat","embeddable":true,"href":"https:\/\/www.lifenatura.com\/es\/wp-json\/wp\/v2\/product_cat?post=40802"},{"taxonomy":"product_tag","embeddable":true,"href":"https:\/\/www.lifenatura.com\/es\/wp-json\/wp\/v2\/product_tag?post=40802"}],"curies":[{"name":"wp","href":"https:\/\/api.w.org\/{rel}","templated":true}]}}